{"id":20486,"date":"2023-12-29T20:13:14","date_gmt":"2023-12-29T12:13:14","guid":{"rendered":"http:\/\/stone-phoenix.com\/product\/granite-kerbstone-driveway-paving-slab-stone"},"modified":"2024-04-05T09:36:39","modified_gmt":"2024-04-05T01:36:39","slug":"granite-kerbstone-driveway-paving-slab-stone","status":"publish","type":"product","link":"https:\/\/stone-phoenix.com\/fr\/produit\/granite-kerbstone-driveway-paving-slab-stone","title":{"rendered":"Granit bordure d'all\u00e9e dalle de pavage pierre"},"content":{"rendered":"<div id=\"tab-description\" class=\"woocommerce-Tabs-panel woocommerce-Tabs-panel--description panel entry-content wc-tab\" role=\"tabpanel\" aria-labelledby=\"tab-title-description\">\n<div id=\"ali-anchor-AliPostDhMb-6q8vw\" class=\"mceSectionContainer\" style=\"padding-top: 8px;\" data-section=\"AliPostDhMb-6q8vw\" data-section-title=\"Product Description\">\n<h2 style=\"text-align: center;\">Granit bordure d'all\u00e9e dalle de pavage pierre<\/h2>\n<p>La pierre de bordure en granit est un produit en pierre naturelle haut de gamme qui pr\u00e9sente une texture originale, une forte r\u00e9sistance structurelle et de bonnes performances. Elle peut \u00eatre utilis\u00e9e pour tous les am\u00e9nagements paysagers domestiques et de jardin, pour la d\u00e9coration int\u00e9rieure et ext\u00e9rieure. La pierre de bordure en granit est une finition d\u00e9corative qui compl\u00e8te n'importe quelle all\u00e9e ou sentier. La pierre de bordure en granit est un choix populaire de mat\u00e9riaux pour la construction de bordures, de murs et d'autres \u00e9l\u00e9ments ext\u00e9rieurs au sol.<\/p>\n<p>La pierre de bordure en granit est une pierre naturelle extraite dans le sud de l'Inde. Le mot \"kerbstone\" est d\u00e9riv\u00e9 du vieux mot anglais \"curbstone\" qui signifie \"bord de pierre\". Le nom est utilis\u00e9 indiff\u00e9remment \u00e0 des fins d\u00e9coratives et fonctionnelles, mais il n'y a pas vraiment de diff\u00e9rence entre les deux \u00e9l\u00e9ments.Vous faites construire une all\u00e9e ou un patio ? Vous devez commander les bordures pour cr\u00e9er votre trottoir.<\/p>\n<p>Elles peuvent \u00eatre fabriqu\u00e9es \u00e0 partir d'un large \u00e9ventail de mat\u00e9riaux et de styles. Le granit est l'un des choix les plus populaires pour ces pi\u00e8ces r\u00e9sistantes, mais d'autres pierres naturelles telles que le gr\u00e8s, le calcaire, l'ardoise et le quartzite sont \u00e9galement des options tr\u00e8s pris\u00e9es. Nos bordures en granit sont taill\u00e9es dans des blocs extraits dans le monde entier.<\/p>\n<p>Si vous \u00eates \u00e0 la recherche de dalles de pavage pour all\u00e9es et que la pierre de bordure en granit est un excellent choix, nous sommes heureux d'\u00eatre votre partenaire.La pierre de bordure en granit est un type de pierre d\u00e9corative qui est utilis\u00e9e de diff\u00e9rentes mani\u00e8res. Elle peut \u00eatre utilis\u00e9e comme dalle de trottoir, d'all\u00e9e ou de jardin. Sa couleur et sa texture en font un compl\u00e9ment tr\u00e8s polyvalent pour votre maison.<\/p>\n<div id=\"ali-title-AliPostDhMb-6q8vw\" style=\"padding: 8px 0; border-bottom: 1px solid #ddd;\"><span style=\"background-color: #ddd; color: #333; font-weight: bold; padding: 8px 10px; line-height: 12px;\">Description du produit<\/span><\/div>\n<div style=\"padding: 10px 0;\">\n<table class=\"aliDataTable\" style=\"color: #000000; font-family: Arial; font-size: 12px; font-style: normal; font-weight: 400; background-color: #ffffff; width: 698px; height: 226px; border: 1px solid #b3b3b3;\">\n<tbody>\n<tr>\n<td style=\"border: 1px solid #707070; width: 159.663px;\"><strong><span style=\"font-family: arial, helvetica, sans-serif; font-size: 14px;\">Nom du produit :<\/span><\/strong><\/td>\n<td style=\"border: 1px solid #707070; width: 553.337px;\"><span style=\"font-family: arial, helvetica, sans-serif; font-size: 14px;\">G654 Granite Kerbstone<\/span><\/td>\n<\/tr>\n<tr>\n<td style=\"border: 1px solid #707070; width: 159.663px;\"><strong><span style=\"font-family: arial, helvetica, sans-serif; font-size: 14px;\">Mat\u00e9riau :<\/span><\/strong><\/td>\n<td style=\"border: 1px solid #707070; width: 553.337px;\"><span style=\"font-size: 14px;\">Granit<\/span><\/td>\n<\/tr>\n<tr>\n<td style=\"border: 1px solid #707070; width: 159.663px;\"><strong><span style=\"font-family: arial, helvetica, sans-serif; font-size: 14px;\">Couleur :<\/span><\/strong><\/td>\n<td style=\"border: 1px solid #707070; width: 553.337px;\"><span style=\"font-family: arial, helvetica, sans-serif; font-size: 14px;\">Blanc, noir, jaune, rouge, rose, gris, brun, bleu, vert, etc.<\/span><\/td>\n<\/tr>\n<tr>\n<td style=\"border: 1px solid #707070; width: 159.663px;\" rowspan=\"3\"><strong><span style=\"font-family: arial, helvetica, sans-serif; font-size: 14px;\">Taille :<\/span><\/strong><\/td>\n<td style=\"border: 1px solid #707070; width: 553.337px;\"><span style=\"text-decoration: underline;\"><span style=\"font-size: 14px;\">Carreaux disponibles <\/span><\/span><br \/>\n<span style=\"font-size: 14px;\">12\u2019x12\u2033,24\u2019x24\u2033,12\u2019x24\u2033,etc <\/span><span style=\"font-size: 14px;\">300x300mm,300x600mm,400x400mm,600x600mm,etc<\/span><\/td>\n<\/tr>\n<tr>\n<td style=\"border: 1px solid #707070; width: 553.337px;\"><span style=\"text-decoration: underline;\"><span style=\"font-size: 14px;\">Dalles disponibles <\/span><\/span><\/p>\n<p><span style=\"font-size: 14px;\">180cmUpx60UP,180cmUpx65cmUP,180cmUpx70cmUP,etc<\/span><br \/>\n<span style=\"font-size: 14px;\">240cmUpx120cmUP,etc<\/span><\/td>\n<\/tr>\n<tr>\n<td style=\"border: 1px solid #707070; width: 553.337px;\"><span style=\"font-family: arial, helvetica, sans-serif; font-size: 14px;\">Des sp\u00e9cifications personnalis\u00e9es sont disponibles<\/span><\/td>\n<\/tr>\n<tr>\n<td style=\"border: 1px solid #707070; width: 159.663px;\"><strong><span style=\"font-family: arial, helvetica, sans-serif; font-size: 14px;\">Tol\u00e9rance d'\u00e9paisseur :<\/span><\/strong><\/td>\n<td style=\"border: 1px solid #707070; width: 553.337px;\"><span style=\"font-family: arial, helvetica, sans-serif; font-size: 14px;\">\u00b10,05mm, \u00b11mm, \u00b11,5mm, \u00b12mm, selon les exigences de qualit\u00e9 du client<\/span><\/td>\n<\/tr>\n<tr>\n<td style=\"border: 1px solid #707070; width: 159.663px;\"><strong><span style=\"font-family: arial, helvetica, sans-serif; font-size: 14px;\">Surface :<\/span><\/strong><\/td>\n<td style=\"border: 1px solid #707070; width: 553.337px;\"><span style=\"font-family: arial, helvetica, sans-serif; font-size: 14px;\">P<\/span><span style=\"font-size: 14px;\">ol\u00e9, adouci, flamm\u00e9, sabl\u00e9, bouchard\u00e9, fendu naturel, flamm\u00e9 et bross\u00e9, etc.<\/span><\/td>\n<\/tr>\n<tr>\n<td style=\"border: 1px solid #707070; width: 159.663px;\"><strong><span style=\"font-family: arial, helvetica, sans-serif; font-size: 14px;\">Emballage :<\/span><\/strong><\/td>\n<td style=\"border: 1px solid #707070; width: 553.337px;\"><span style=\"font-size: 14px;\">Palettes en bois en \u00e9tat de navigabilit\u00e9, fardeaux en bois et caisses en bois<\/span><\/td>\n<\/tr>\n<tr>\n<td style=\"border: 1px solid #707070; width: 159.663px;\"><strong><span style=\"font-family: arial, helvetica, sans-serif; font-size: 14px;\">Application :<\/span><\/strong><\/td>\n<td style=\"border: 1px solid #707070; width: 553.337px;\"><span style=\"font-family: arial, helvetica, sans-serif; font-size: 14px;\">Sol, mur, motif, comptoir, d\u00e9coration int\u00e9rieure et ext\u00e9rieure<\/span><\/td>\n<\/tr>\n<tr>\n<td style=\"border: 1px solid #707070; width: 159.663px;\"><strong><span style=\"font-family: arial, helvetica, sans-serif; font-size: 14px;\">D\u00e9lai de livraison :<\/span><\/strong><\/td>\n<td style=\"border: 1px solid #707070; width: 553.337px;\"><span style=\"font-size: 14px;\">15-20 jours pour l'enregistrement<\/span><span style=\"font-family: arial, helvetica, sans-serif; font-size: 14px;\">tailles lar<\/span><\/td>\n<\/tr>\n<tr>\n<td style=\"border: 1px solid #707070; width: 159.663px;\"><strong><span style=\"font-family: arial, helvetica, sans-serif; font-size: 14px;\">Certificat :<\/span><\/strong><\/td>\n<td style=\"border: 1px solid #707070; width: 553.337px;\"><span style=\"font-family: arial, helvetica, sans-serif; font-size: 14px;\">CE, SGS<\/span><\/td>\n<\/tr>\n<tr>\n<td style=\"border: 1px solid #707070; width: 159.663px;\"><strong><span style=\"font-family: arial, helvetica, sans-serif; font-size: 14px;\">Conditions de paiement :<\/span><\/strong><\/td>\n<td style=\"border: 1px solid #707070; width: 553.337px;\"><span style=\"font-size: 14px;\">T\/T, L\/C, D<span style=\"color: #000000; font-family: Verdana, Arial, Helvetica, sans-serif; font-size: 14px; font-style: normal; font-weight: 400; background-color: #ffffff; float: none;\">\/<\/span>P<\/span><\/td>\n<\/tr>\n<tr>\n<td style=\"border: 1px solid #707070; width: 159.663px;\"><strong><span style=\"font-family: arial, helvetica, sans-serif; font-size: 14px;\">Avantage :<\/span><\/strong><\/td>\n<td style=\"border: 1px solid #707070; width: 553.337px;\"><span style=\"font-family: arial, helvetica, sans-serif; font-size: 14px;\">1) Service unique pour la pierre ;<\/span><\/p>\n<p><span style=\"font-family: arial, helvetica, sans-serif; font-size: 14px;\">2) poss\u00e8dent 3 carri\u00e8res et 9 usines ;<\/span><\/p>\n<p><span style=\"font-family: arial, helvetica, sans-serif; font-size: 14px;\">3) Des supports technologiques de pointe.<\/span><\/td>\n<\/tr>\n<tr>\n<td style=\"border: 1px solid #707070; width: 159.663px;\"><strong><span style=\"font-family: arial, helvetica, sans-serif; font-size: 14px;\">Assurance de la qualit\u00e9 et de la livraison :\u00a0<\/span><\/strong><\/td>\n<td style=\"border: 1px solid #707070; width: 553.337px;\"><span style=\"font-size: 14px;\">Tout au long du processus de production, du choix des mat\u00e9riaux \u00e0 l'emballage en passant par la fabrication, notre service de contr\u00f4le de la qualit\u00e9 contr\u00f4le rigoureusement chaque pi\u00e8ce et chaque processus afin de garantir le respect des normes de qualit\u00e9 et le respect des d\u00e9lais de livraison.<\/span><\/td>\n<\/tr>\n<\/tbody>\n<\/table>\n<p><img loading=\"lazy\" decoding=\"async\" class=\"alignnone size-full wp-image-27333\" src=\"http:\/\/stone-phoenix.com\/wp-content\/uploads\/2023\/12\/Granite-kerbstone-driveway-paving-slab-stone-8.jpg\" alt=\"\" width=\"1395\" height=\"1038\" srcset=\"https:\/\/stone-phoenix.com\/wp-content\/uploads\/2023\/12\/Granite-kerbstone-driveway-paving-slab-stone-8.jpg 1395w, https:\/\/stone-phoenix.com\/wp-content\/uploads\/2023\/12\/Granite-kerbstone-driveway-paving-slab-stone-8-300x223.jpg 300w, https:\/\/stone-phoenix.com\/wp-content\/uploads\/2023\/12\/Granite-kerbstone-driveway-paving-slab-stone-8-1024x762.jpg 1024w, https:\/\/stone-phoenix.com\/wp-content\/uploads\/2023\/12\/Granite-kerbstone-driveway-paving-slab-stone-8-768x571.jpg 768w, https:\/\/stone-phoenix.com\/wp-content\/uploads\/2023\/12\/Granite-kerbstone-driveway-paving-slab-stone-8-16x12.jpg 16w, https:\/\/stone-phoenix.com\/wp-content\/uploads\/2023\/12\/Granite-kerbstone-driveway-paving-slab-stone-8-600x446.jpg 600w, https:\/\/stone-phoenix.com\/wp-content\/uploads\/2023\/12\/Granite-kerbstone-driveway-paving-slab-stone-8-150x112.jpg 150w\" sizes=\"(max-width: 1395px) 100vw, 1395px\" \/><img loading=\"lazy\" decoding=\"async\" class=\"alignnone size-full wp-image-27334\" src=\"http:\/\/stone-phoenix.com\/wp-content\/uploads\/2023\/12\/Granite-kerbstone-driveway-paving-slab-stone-12.jpg\" alt=\"\" width=\"1381\" height=\"805\" srcset=\"https:\/\/stone-phoenix.com\/wp-content\/uploads\/2023\/12\/Granite-kerbstone-driveway-paving-slab-stone-12.jpg 1381w, https:\/\/stone-phoenix.com\/wp-content\/uploads\/2023\/12\/Granite-kerbstone-driveway-paving-slab-stone-12-300x175.jpg 300w, https:\/\/stone-phoenix.com\/wp-content\/uploads\/2023\/12\/Granite-kerbstone-driveway-paving-slab-stone-12-1024x597.jpg 1024w, https:\/\/stone-phoenix.com\/wp-content\/uploads\/2023\/12\/Granite-kerbstone-driveway-paving-slab-stone-12-768x448.jpg 768w, https:\/\/stone-phoenix.com\/wp-content\/uploads\/2023\/12\/Granite-kerbstone-driveway-paving-slab-stone-12-18x10.jpg 18w, https:\/\/stone-phoenix.com\/wp-content\/uploads\/2023\/12\/Granite-kerbstone-driveway-paving-slab-stone-12-600x350.jpg 600w, https:\/\/stone-phoenix.com\/wp-content\/uploads\/2023\/12\/Granite-kerbstone-driveway-paving-slab-stone-12-150x87.jpg 150w\" sizes=\"(max-width: 1381px) 100vw, 1381px\" \/><img loading=\"lazy\" decoding=\"async\" class=\"alignnone size-full wp-image-27335\" src=\"http:\/\/stone-phoenix.com\/wp-content\/uploads\/2023\/12\/Granite-kerbstone-driveway-paving-slab-stone-13.jpg\" alt=\"\" width=\"1395\" height=\"715\" srcset=\"https:\/\/stone-phoenix.com\/wp-content\/uploads\/2023\/12\/Granite-kerbstone-driveway-paving-slab-stone-13.jpg 1395w, https:\/\/stone-phoenix.com\/wp-content\/uploads\/2023\/12\/Granite-kerbstone-driveway-paving-slab-stone-13-300x154.jpg 300w, https:\/\/stone-phoenix.com\/wp-content\/uploads\/2023\/12\/Granite-kerbstone-driveway-paving-slab-stone-13-1024x525.jpg 1024w, https:\/\/stone-phoenix.com\/wp-content\/uploads\/2023\/12\/Granite-kerbstone-driveway-paving-slab-stone-13-768x394.jpg 768w, https:\/\/stone-phoenix.com\/wp-content\/uploads\/2023\/12\/Granite-kerbstone-driveway-paving-slab-stone-13-18x9.jpg 18w, https:\/\/stone-phoenix.com\/wp-content\/uploads\/2023\/12\/Granite-kerbstone-driveway-paving-slab-stone-13-600x308.jpg 600w, https:\/\/stone-phoenix.com\/wp-content\/uploads\/2023\/12\/Granite-kerbstone-driveway-paving-slab-stone-13-150x77.jpg 150w\" sizes=\"(max-width: 1395px) 100vw, 1395px\" \/><img loading=\"lazy\" decoding=\"async\" class=\"alignnone size-full wp-image-27336\" src=\"http:\/\/stone-phoenix.com\/wp-content\/uploads\/2023\/12\/Granite-kerbstone-driveway-paving-slab-stone-14.jpg\" alt=\"\" width=\"1393\" height=\"1032\" srcset=\"https:\/\/stone-phoenix.com\/wp-content\/uploads\/2023\/12\/Granite-kerbstone-driveway-paving-slab-stone-14.jpg 1393w, https:\/\/stone-phoenix.com\/wp-content\/uploads\/2023\/12\/Granite-kerbstone-driveway-paving-slab-stone-14-300x222.jpg 300w, https:\/\/stone-phoenix.com\/wp-content\/uploads\/2023\/12\/Granite-kerbstone-driveway-paving-slab-stone-14-1024x759.jpg 1024w, https:\/\/stone-phoenix.com\/wp-content\/uploads\/2023\/12\/Granite-kerbstone-driveway-paving-slab-stone-14-768x569.jpg 768w, https:\/\/stone-phoenix.com\/wp-content\/uploads\/2023\/12\/Granite-kerbstone-driveway-paving-slab-stone-14-16x12.jpg 16w, https:\/\/stone-phoenix.com\/wp-content\/uploads\/2023\/12\/Granite-kerbstone-driveway-paving-slab-stone-14-600x445.jpg 600w, https:\/\/stone-phoenix.com\/wp-content\/uploads\/2023\/12\/Granite-kerbstone-driveway-paving-slab-stone-14-150x111.jpg 150w\" sizes=\"(max-width: 1393px) 100vw, 1393px\" \/><img loading=\"lazy\" decoding=\"async\" class=\"alignnone size-full wp-image-27337\" src=\"http:\/\/stone-phoenix.com\/wp-content\/uploads\/2023\/12\/Granite-kerbstone-driveway-paving-slab-stone-15.jpg\" alt=\"\" width=\"1401\" height=\"897\" srcset=\"https:\/\/stone-phoenix.com\/wp-content\/uploads\/2023\/12\/Granite-kerbstone-driveway-paving-slab-stone-15.jpg 1401w, https:\/\/stone-phoenix.com\/wp-content\/uploads\/2023\/12\/Granite-kerbstone-driveway-paving-slab-stone-15-300x192.jpg 300w, https:\/\/stone-phoenix.com\/wp-content\/uploads\/2023\/12\/Granite-kerbstone-driveway-paving-slab-stone-15-1024x656.jpg 1024w, https:\/\/stone-phoenix.com\/wp-content\/uploads\/2023\/12\/Granite-kerbstone-driveway-paving-slab-stone-15-768x492.jpg 768w, https:\/\/stone-phoenix.com\/wp-content\/uploads\/2023\/12\/Granite-kerbstone-driveway-paving-slab-stone-15-18x12.jpg 18w, https:\/\/stone-phoenix.com\/wp-content\/uploads\/2023\/12\/Granite-kerbstone-driveway-paving-slab-stone-15-600x384.jpg 600w, https:\/\/stone-phoenix.com\/wp-content\/uploads\/2023\/12\/Granite-kerbstone-driveway-paving-slab-stone-15-150x96.jpg 150w\" sizes=\"(max-width: 1401px) 100vw, 1401px\" \/><\/p>\n<p><strong><a href=\"https:\/\/longtopstone.com\/product-category\/chinese-granite\/\">VOIR PLUS&gt;&gt;&gt;<\/a>\u00a0<\/strong><\/p>\n<\/div>\n<\/div>\n<\/div>","protected":false},"excerpt":{"rendered":"<p>Granite kerbstone driveway paving slab stone Granite kerbstone is a high-end natural stone product with an original texture, a strong<\/p>","protected":false},"featured_media":20487,"template":"","meta":[],"product_cat":[112],"product_tag":[],"_links":{"self":[{"href":"https:\/\/stone-phoenix.com\/fr\/wp-json\/wp\/v2\/product\/20486"}],"collection":[{"href":"https:\/\/stone-phoenix.com\/fr\/wp-json\/wp\/v2\/product"}],"about":[{"href":"https:\/\/stone-phoenix.com\/fr\/wp-json\/wp\/v2\/types\/product"}],"wp:featuredmedia":[{"embeddable":true,"href":"https:\/\/stone-phoenix.com\/fr\/wp-json\/wp\/v2\/media\/20487"}],"wp:attachment":[{"href":"https:\/\/stone-phoenix.com\/fr\/wp-json\/wp\/v2\/media?parent=20486"}],"wp:term":[{"taxonomy":"product_cat","embeddable":true,"href":"https:\/\/stone-phoenix.com\/fr\/wp-json\/wp\/v2\/product_cat?post=20486"},{"taxonomy":"product_tag","embeddable":true,"href":"https:\/\/stone-phoenix.com\/fr\/wp-json\/wp\/v2\/product_tag?post=20486"}],"curies":[{"name":"wp","href":"https:\/\/api.w.org\/{rel}","templated":true}]}}