{"id":20497,"date":"2023-12-29T20:13:36","date_gmt":"2023-12-29T12:13:36","guid":{"rendered":"http:\/\/stone-phoenix.com\/product\/chinese-gray-granite-manufacturer-dark-grey-granite-g654"},"modified":"2024-04-05T09:13:53","modified_gmt":"2024-04-05T01:13:53","slug":"chinese-gray-granite-manufacturer-dark-grey-granite-g654","status":"publish","type":"product","link":"https:\/\/stone-phoenix.com\/fr\/produit\/chinese-gray-granite-manufacturer-dark-grey-granite-g654","title":{"rendered":"Fabricant de granit gris chinois | Granit gris fonc\u00e9 G654"},"content":{"rendered":"<div id=\"tab-description\" class=\"woocommerce-Tabs-panel woocommerce-Tabs-panel--description panel entry-content wc-tab\" role=\"tabpanel\" aria-labelledby=\"tab-title-description\">\n<h2><span style=\"font-size: 18pt;\">Fabricant de granit gris chinois | Granit gris fonc\u00e9 G654<\/span><\/h2>\n<p>Le G654, \u00e9galement connu sous le nom de granit gris fonc\u00e9 ou granit gris chinois, est une pierre naturelle tr\u00e8s recherch\u00e9e fournie par des usines de granit chinoises r\u00e9put\u00e9es. R\u00e9put\u00e9 pour sa riche couleur gris fonc\u00e9, le G654 pr\u00e9sente une texture \u00e0 grain fin avec des variations subtiles, ce qui lui conf\u00e8re un attrait intemporel et sophistiqu\u00e9.<\/p>\n<p>Ce granit de qualit\u00e9 sup\u00e9rieure est largement utilis\u00e9 dans diverses applications, notamment pour les comptoirs, les sols, les rev\u00eatements muraux et les pav\u00e9s d'ext\u00e9rieur. Sa couleur et sa texture distinctives en font un choix populaire pour les styles de conception contemporains et traditionnels, ajoutant une touche d'\u00e9l\u00e9gance et de sophistication \u00e0 n'importe quel espace.<\/p>\n<p>L'un des principaux avantages de la pierre G654 est sa durabilit\u00e9 exceptionnelle. Il s'agit d'une pierre dense et dure qui r\u00e9siste \u00e0 la chaleur, aux rayures, aux taches et \u00e0 l'usure, ce qui la rend id\u00e9ale pour les zones tr\u00e8s fr\u00e9quent\u00e9es dans les environnements r\u00e9sidentiels et commerciaux. Ses propri\u00e9t\u00e9s de r\u00e9sistance aux intemp\u00e9ries la rendent \u00e9galement adapt\u00e9e aux applications ext\u00e9rieures, o\u00f9 elle peut r\u00e9sister aux \u00e9l\u00e9ments sans perdre sa beaut\u00e9 naturelle.<\/p>\n<p>Outre sa durabilit\u00e9, le G654 ne n\u00e9cessite qu'un entretien minimal, ce qui en fait un choix pratique pour les espaces tr\u00e8s fr\u00e9quent\u00e9s. Avec un scellement et un nettoyage r\u00e9guliers, il peut conserver son aspect lustr\u00e9 pendant des ann\u00e9es, ce qui en fait une solution rentable et durable pour votre projet.<\/p>\n<p>En tant qu'usine de granit chinoise r\u00e9put\u00e9e, nous sommes fiers de notre engagement en faveur de la qualit\u00e9. Notre granit G654 est soigneusement s\u00e9lectionn\u00e9, trait\u00e9 et inspect\u00e9 pour r\u00e9pondre \u00e0 des normes de qualit\u00e9 strictes, garantissant ainsi \u00e0 nos clients un produit de qualit\u00e9 sup\u00e9rieure qui d\u00e9passe leurs attentes.<\/p>\n<p>En conclusion, le G654, ou granit gris fonc\u00e9, est un choix de premier ordre pour les clients exigeants qui recherchent une pierre naturelle durable, polyvalente et intemporelle. Avec sa couleur riche, sa texture \u00e0 grain fin et ses performances exceptionnelles, le G654 est le choix id\u00e9al pour une large gamme d'applications. Faites confiance \u00e0 notre usine de granit chinoise r\u00e9put\u00e9e pour vous fournir le granit G654 de la plus haute qualit\u00e9 pour votre prochain projet.<\/p>\n<table style=\"height: 383px;\" width=\"1361\">\n<tbody>\n<tr>\n<td width=\"121\">Mat\u00e9riau<\/td>\n<td width=\"125\">Couleur primaire<\/td>\n<td width=\"193\">Produit<\/td>\n<td width=\"231\">Taille (cm)<\/td>\n<td width=\"156\">Finition<\/td>\n<td width=\"72\">Densit\u00e9<br \/>\n(g\/cm3)<\/td>\n<td width=\"116\">Absorption de l'eau<br \/>\n(%)<\/td>\n<\/tr>\n<tr>\n<td>G654 Granit<\/td>\n<td>Gris fonc\u00e9<\/td>\n<td width=\"193\">Dalle<br \/>\nCarrelage<br \/>\nEscalier<br \/>\nPav\u00e9s<br \/>\nKerbstone<br \/>\nAppui de fen\u00eatre<br \/>\nComptoir<br \/>\nEtc<\/td>\n<td width=\"231\">240up x120up x2\/3\/5\/6<br \/>\n240up x70up x2\/3\/5\/6<br \/>\n60\u00d730\/60\u00d71\/1.5\/2\/3<br \/>\n100-160x34x3<br \/>\n100-160x15x2<br \/>\nLongueurx20x8<br \/>\nLongueurx25x10<br \/>\n10x10x5<br \/>\n10x20x5<br \/>\nEtc<\/td>\n<td width=\"156\">Poli<br \/>\nHonor\u00e9<br \/>\nFlamm\u00e9<br \/>\nFlamm\u00e9 et bross\u00e9<br \/>\nBushhamerred<br \/>\nSablage<br \/>\nEtc<\/td>\n<td>2.8<\/td>\n<td>0.15<\/td>\n<\/tr>\n<\/tbody>\n<\/table>\n<p><img loading=\"lazy\" decoding=\"async\" class=\"alignnone size-full wp-image-20499\" src=\"http:\/\/stone-phoenix.com\/wp-content\/uploads\/2023\/12\/1703880817.jpg\" width=\"927\" height=\"600\" srcset=\"https:\/\/stone-phoenix.com\/wp-content\/uploads\/2023\/12\/1703880817.jpg 927w, https:\/\/stone-phoenix.com\/wp-content\/uploads\/2023\/12\/1703880817-300x194.jpg 300w, https:\/\/stone-phoenix.com\/wp-content\/uploads\/2023\/12\/1703880817-768x497.jpg 768w, https:\/\/stone-phoenix.com\/wp-content\/uploads\/2023\/12\/1703880817-18x12.jpg 18w, https:\/\/stone-phoenix.com\/wp-content\/uploads\/2023\/12\/1703880817-600x388.jpg 600w, https:\/\/stone-phoenix.com\/wp-content\/uploads\/2023\/12\/1703880817-150x97.jpg 150w\" sizes=\"(max-width: 927px) 100vw, 927px\" \/><\/p>\n<h2>Couleurs de pierre similaires<\/h2>\n<table>\n<tbody>\n<tr>\n<td style=\"text-align: center;\">\n<figure id=\"attachment_5326\" class=\"wp-caption alignnone\" style=\"width: 300px;\" aria-describedby=\"caption-attachment-5326\"><img loading=\"lazy\" decoding=\"async\" class=\"alignnone size-full wp-image-20500\" src=\"http:\/\/stone-phoenix.com\/wp-content\/uploads\/2023\/12\/1703880818.jpg\" width=\"300\" height=\"300\" srcset=\"https:\/\/stone-phoenix.com\/wp-content\/uploads\/2023\/12\/1703880818.jpg 300w, https:\/\/stone-phoenix.com\/wp-content\/uploads\/2023\/12\/1703880818-150x150.jpg 150w, https:\/\/stone-phoenix.com\/wp-content\/uploads\/2023\/12\/1703880818-12x12.jpg 12w\" sizes=\"(max-width: 300px) 100vw, 300px\" \/><\/figure>\n<p>G654 HN<\/td>\n<td style=\"text-align: center;\">\n<figure id=\"attachment_5327\" class=\"wp-caption alignnone\" style=\"width: 300px;\" aria-describedby=\"caption-attachment-5327\"><img loading=\"lazy\" decoding=\"async\" class=\"alignnone size-full wp-image-20501\" src=\"http:\/\/stone-phoenix.com\/wp-content\/uploads\/2023\/12\/1703880818-1.jpg\" width=\"300\" height=\"300\" srcset=\"https:\/\/stone-phoenix.com\/wp-content\/uploads\/2023\/12\/1703880818-1.jpg 300w, https:\/\/stone-phoenix.com\/wp-content\/uploads\/2023\/12\/1703880818-1-150x150.jpg 150w, https:\/\/stone-phoenix.com\/wp-content\/uploads\/2023\/12\/1703880818-1-12x12.jpg 12w\" sizes=\"(max-width: 300px) 100vw, 300px\" \/><\/figure>\n<p>G654 QZ<\/td>\n<td>\n<figure id=\"attachment_5328\" class=\"wp-caption aligncenter\" style=\"width: 300px;\" aria-describedby=\"caption-attachment-5328\"><img loading=\"lazy\" decoding=\"async\" class=\"alignnone size-full wp-image-20502\" src=\"http:\/\/stone-phoenix.com\/wp-content\/uploads\/2023\/12\/1703880819.jpg\" width=\"300\" height=\"300\" srcset=\"https:\/\/stone-phoenix.com\/wp-content\/uploads\/2023\/12\/1703880819.jpg 300w, https:\/\/stone-phoenix.com\/wp-content\/uploads\/2023\/12\/1703880819-150x150.jpg 150w, https:\/\/stone-phoenix.com\/wp-content\/uploads\/2023\/12\/1703880819-12x12.jpg 12w\" sizes=\"(max-width: 300px) 100vw, 300px\" \/><\/figure>\n<p>G654 SD<\/td>\n<\/tr>\n<\/tbody>\n<\/table>\n<div class=\"mceTemp\"><\/div>\n<div class=\"mceTemp\"><\/div>\n<div class=\"mceTemp\"><\/div>\n<div class=\"mceTemp\"><\/div>\n<div class=\"mceTemp\"><\/div>\n<div class=\"mceTemp\"><\/div>\n<\/div>","protected":false},"excerpt":{"rendered":"<p>Chinese Gray Granite Manufacturer | Dark Grey Granite G654 Chinese gray granite manufacturer.G654, also known as Dark Grey Granite or<\/p>","protected":false},"featured_media":20498,"template":"","meta":[],"product_cat":[112],"product_tag":[],"_links":{"self":[{"href":"https:\/\/stone-phoenix.com\/fr\/wp-json\/wp\/v2\/product\/20497"}],"collection":[{"href":"https:\/\/stone-phoenix.com\/fr\/wp-json\/wp\/v2\/product"}],"about":[{"href":"https:\/\/stone-phoenix.com\/fr\/wp-json\/wp\/v2\/types\/product"}],"wp:featuredmedia":[{"embeddable":true,"href":"https:\/\/stone-phoenix.com\/fr\/wp-json\/wp\/v2\/media\/20498"}],"wp:attachment":[{"href":"https:\/\/stone-phoenix.com\/fr\/wp-json\/wp\/v2\/media?parent=20497"}],"wp:term":[{"taxonomy":"product_cat","embeddable":true,"href":"https:\/\/stone-phoenix.com\/fr\/wp-json\/wp\/v2\/product_cat?post=20497"},{"taxonomy":"product_tag","embeddable":true,"href":"https:\/\/stone-phoenix.com\/fr\/wp-json\/wp\/v2\/product_tag?post=20497"}],"curies":[{"name":"wp","href":"https:\/\/api.w.org\/{rel}","templated":true}]}}