{"id":20503,"date":"2023-12-29T20:13:44","date_gmt":"2023-12-29T12:13:44","guid":{"rendered":"http:\/\/stone-phoenix.com\/product\/driveway-cobble-stone-granite-pavers-granite"},"modified":"2024-04-05T09:01:16","modified_gmt":"2024-04-05T01:01:16","slug":"driveway-cobble-stone-granite-pavers-granite","status":"publish","type":"product","link":"https:\/\/stone-phoenix.com\/fr\/produit\/driveway-cobble-stone-granite-pavers-granite","title":{"rendered":"Chauss\u00e9e Pav\u00e9s de granit Pav\u00e9s de granit"},"content":{"rendered":"<div id=\"tab-description\" class=\"woocommerce-Tabs-panel woocommerce-Tabs-panel--description panel entry-content wc-tab\" role=\"tabpanel\" aria-labelledby=\"tab-title-description\">\n<h2>pav\u00e9 d'all\u00e9e<\/h2>\n<p>Les pav\u00e9s d'all\u00e9e sont des mat\u00e9riaux de pavage g\u00e9n\u00e9ralement constitu\u00e9s de pierres naturelles, telles que le granit, le calcaire ou le basalte. Les pav\u00e9s sont de petites pierres arrondies dont le diam\u00e8tre est g\u00e9n\u00e9ralement inf\u00e9rieur \u00e0 10 cm et dont la surface est rugueuse et irr\u00e9guli\u00e8re. Ils sont souvent utilis\u00e9s pour cr\u00e9er un charme rustique et ancien dans les all\u00e9es et les patios.<\/p>\n<p>L'un des avantages de l'utilisation de pav\u00e9s pour une all\u00e9e est sa durabilit\u00e9. Le pav\u00e9 est un mat\u00e9riau tr\u00e8s dur et dense, ce qui le rend r\u00e9sistant \u00e0 l'usure, m\u00eame en cas de trafic automobile intense. Elle peut \u00e9galement r\u00e9sister \u00e0 des conditions m\u00e9t\u00e9orologiques extr\u00eames, telles que des temp\u00e9ratures glaciales et de fortes pluies, sans se fissurer ni se briser.<\/p>\n<p>Outre sa durabilit\u00e9, le pav\u00e9 est \u00e9galement un choix visuellement attrayant pour une all\u00e9e. La beaut\u00e9 naturelle des pierres ajoute une touche unique et attrayante \u00e0 tout paysage. Les all\u00e9es en pav\u00e9s sont disponibles dans une grande vari\u00e9t\u00e9 de couleurs, de tailles et de formes, ce qui permet de personnaliser l'aspect de l'all\u00e9e en fonction du style personnel du propri\u00e9taire.<\/p>\n<p>L'installation d'une all\u00e9e en pav\u00e9s n\u00e9cessite une planification et une pr\u00e9paration minutieuses. La zone doit \u00eatre correctement nivel\u00e9e et compact\u00e9e afin de garantir une fondation stable pour les pierres. Les pav\u00e9s eux-m\u00eames doivent \u00eatre soigneusement pos\u00e9s selon un sch\u00e9ma sp\u00e9cifique afin de garantir un bon drainage et d'\u00e9viter l'\u00e9rosion. Il est \u00e9galement important d'utiliser un adh\u00e9sif de haute qualit\u00e9 pour fixer les pierres en place et \u00e9viter qu'elles ne se d\u00e9placent ou ne se tassent au fil du temps.<\/p>\n<p>Bien que les all\u00e9es en pav\u00e9s soient un choix magnifique et durable, elles n\u00e9cessitent un certain entretien pour conserver leur aspect optimal. La surface rugueuse des pav\u00e9s peut se salir et se d\u00e9colorer avec le temps, et un nettoyage r\u00e9gulier est donc n\u00e9cessaire pour pr\u00e9server leur apparence. En outre, il peut \u00eatre n\u00e9cessaire de remplir les joints entre les pierres avec du sable ou du coulis pour emp\u00eacher les mauvaises herbes de pousser et pour que la surface reste lisse.<\/p>\n<p>Dans l'ensemble, une all\u00e9e en pav\u00e9s est un ajout unique et attrayant \u00e0 toute maison. Bien qu'elle n\u00e9cessite un certain entretien, la durabilit\u00e9 et la beaut\u00e9 naturelle des pierres en font un investissement rentable pour tout propri\u00e9taire.<\/p>\n<div id=\"ali-anchor-AliPostDhMb-10ic2\" style=\"padding-top: 8px;\" data-section=\"AliPostDhMb-10ic2\" data-section-title=\"Product Description\">\n<div id=\"ali-title-AliPostDhMb-10ic2\" style=\"padding: 8px 0; border-bottom: 1px solid #ddd;\"><span style=\"background-color: #ddd; color: #333; font-weight: bold; padding: 8px 10px; line-height: 12px;\">Description du produit<\/span><\/div>\n<div style=\"padding: 10px 0;\">\n<table class=\"aliDataTable\" style=\"color: #000000; font-family: Arial; font-size: 12px; font-style: normal; font-weight: 400; background-color: #ffffff; width: 750px; height: 226px; border: 1px solid #b3b3b3;\">\n<tbody>\n<tr style=\"height: 42px;\">\n<td style=\"border: 1px solid #b3b3b3; width: 162px; height: 42px;\"><strong><span style=\"font-family: arial, helvetica, sans-serif; font-size: 14px;\">Nom du produit :<\/span><\/strong><\/td>\n<td style=\"border: 1px solid #b3b3b3; width: 595.066px; height: 42px;\"><span style=\"font-family: arial, helvetica, sans-serif; font-size: 14px;\">Divers pav\u00e9s en granit<\/span><\/td>\n<\/tr>\n<tr style=\"height: 21px;\">\n<td style=\"border: 1px solid #b3b3b3; width: 162px; height: 21px;\"><strong><span style=\"font-family: arial, helvetica, sans-serif; font-size: 14px;\">Mat\u00e9riau :<\/span><\/strong><\/td>\n<td style=\"border: 1px solid #b3b3b3; width: 595.066px; height: 21px;\"><span style=\"font-family: arial, helvetica, sans-serif; font-size: 14px;\">Granit G562, granit G603, granit G654, granit G682, etc.<\/span><\/td>\n<\/tr>\n<tr style=\"height: 44px;\">\n<td style=\"border: 1px solid #b3b3b3; width: 162px; height: 65px;\" rowspan=\"2\">\n<p style=\"margin: 0px; padding: 0px;\"><strong><span style=\"font-family: arial, helvetica, sans-serif; font-size: 14px;\">Taille :<\/span><\/strong><\/p>\n<\/td>\n<td style=\"border: 1px solid #b3b3b3; width: 595.066px; height: 44px;\"><span style=\"font-size: 14px;\">Tailles<\/span><br \/>\n<span style=\"font-size: 14px;\">5X5X5CM,8X8X8CM,9X9X9CM,10X10X10CM,10x10x5cm,<\/span><\/p>\n<p><span style=\"font-size: 14px;\">10x20x5cm,9.5\u00d79.5x4CM,19.5\u00d719.5x4CM,22X11X5CM,<\/span><\/p>\n<p><span style=\"font-size: 14px;\">16.5X11.5X5CM,19.7X19.7X8CM,14.5X14.5X8CM,16X16X16CM,<\/span><\/p>\n<p><span style=\"font-size: 14px;\">22X16X16CM,27x18x9cm,18x18x9cm,18x18x18CM <\/span><\/p>\n<p><span style=\"font-size: 14px;\">ou sur mesure<\/span><\/td>\n<\/tr>\n<tr style=\"height: 21px;\">\n<td style=\"border: 1px solid #b3b3b3; width: 595.066px; height: 21px;\"><span style=\"font-family: arial, helvetica, sans-serif; font-size: 14px;\">Des sp\u00e9cifications personnalis\u00e9es sont disponibles<\/span><\/td>\n<\/tr>\n<tr style=\"height: 42px;\">\n<td style=\"border: 1px solid #b3b3b3; width: 162px; height: 42px;\"><strong><span style=\"font-family: arial, helvetica, sans-serif; font-size: 14px;\">Tol\u00e9rance d'\u00e9paisseur :<\/span><\/strong><\/td>\n<td style=\"border: 1px solid #b3b3b3; width: 595.066px; height: 42px;\"><span style=\"font-size: 14px; font-family: arial, helvetica, sans-serif;\">\u00b11mm, \u00b11,5mm, \u00b12mm, selon les exigences de qualit\u00e9 du client<\/span><\/td>\n<\/tr>\n<tr style=\"height: 126px;\">\n<td style=\"border: 1px solid #b3b3b3; width: 162px; height: 126px;\">\n<p style=\"margin: 0px; padding: 0px;\"><strong><span style=\"font-family: arial, helvetica, sans-serif; font-size: 14px;\">Surface :<\/span><\/strong><\/p>\n<\/td>\n<td style=\"border: 1px solid #b3b3b3; width: 595.066px; height: 126px;\"><span style=\"font-size: 14px;\">Finition<\/span><br \/>\n<span style=\"font-size: 14px;\">a. Fente naturelle sur tous les c\u00f4t\u00e9s<\/span><br \/>\n<span style=\"font-size: 14px;\">b. Toutes les faces sont sci\u00e9es<\/span><br \/>\n<span style=\"font-size: 14px;\">c. 5 c\u00f4t\u00e9s coup\u00e9s \u00e0 la scie, surface fendue naturellement<\/span><br \/>\n<span style=\"font-size: 14px;\">d. 5 faces coup\u00e9es \u00e0 la scie, surface flamm\u00e9e<\/span><br \/>\n<span style=\"font-size: 14px;\">e. 4 c\u00f4t\u00e9s coup\u00e9s \u00e0 la scie, fendu naturel en haut, tambourin\u00e9, dos en maille\u00a0<\/span><\/td>\n<\/tr>\n<tr style=\"height: 21px;\">\n<td style=\"border: 1px solid #b3b3b3; width: 162px; height: 21px;\"><strong><span style=\"font-family: arial, helvetica, sans-serif; font-size: 14px;\">Emballage :<\/span><\/strong><\/td>\n<td style=\"border: 1px solid #b3b3b3; width: 595.066px; height: 21px;\"><span style=\"font-family: arial, helvetica, sans-serif; font-size: 14px;\">Fardeaux et caisses en bois en \u00e9tat de navigabilit\u00e9<\/span><\/td>\n<\/tr>\n<tr style=\"height: 21px;\">\n<td style=\"border: 1px solid #b3b3b3; width: 162px; height: 21px;\"><strong><span style=\"font-family: arial, helvetica, sans-serif; font-size: 14px;\">Application :<\/span><\/strong><\/td>\n<td style=\"border: 1px solid #b3b3b3; width: 595.066px; height: 21px;\"><span style=\"font-family: arial, helvetica, sans-serif; font-size: 14px;\">Largement utilis\u00e9 pour la d\u00e9coration int\u00e9rieure et ext\u00e9rieure<\/span><\/td>\n<\/tr>\n<tr style=\"height: 42px;\">\n<td style=\"border: 1px solid #b3b3b3; width: 162px; height: 42px;\"><strong><span style=\"font-family: arial, helvetica, sans-serif; font-size: 14px;\">D\u00e9lai de livraison :<\/span><\/strong><\/td>\n<td style=\"border: 1px solid #b3b3b3; width: 595.066px; height: 42px;\"><span style=\"font-family: arial, helvetica, sans-serif; font-size: 14px;\">15-20 jours pour les tailles normales<\/span><\/td>\n<\/tr>\n<tr style=\"height: 21px;\">\n<td style=\"border: 1px solid #b3b3b3; width: 162px; height: 21px;\">\n<p style=\"margin: 0px; padding: 0px;\"><strong><span style=\"font-family: arial, helvetica, sans-serif; font-size: 14px;\">Certificat :<\/span><\/strong><\/p>\n<\/td>\n<td style=\"border: 1px solid #b3b3b3; width: 595.066px; height: 21px;\"><span style=\"font-family: arial, helvetica, sans-serif; font-size: 14px;\">CE, SGS<\/span><\/td>\n<\/tr>\n<tr style=\"height: 42px;\">\n<td style=\"border: 1px solid #b3b3b3; width: 162px; height: 42px;\">\n<p style=\"margin: 0px; padding: 0px;\"><strong><span style=\"font-family: arial, helvetica, sans-serif; font-size: 14px;\">Conditions de paiement :<\/span><\/strong><\/p>\n<\/td>\n<td style=\"border: 1px solid #b3b3b3; width: 595.066px; height: 42px;\"><span style=\"font-family: arial, helvetica, sans-serif; font-size: 14px;\">T\/T, L\/C, D\/P<\/span><\/td>\n<\/tr>\n<tr style=\"height: 63px;\">\n<td style=\"border: 1px solid #b3b3b3; width: 162px; height: 63px;\"><strong><span style=\"font-family: arial, helvetica, sans-serif; font-size: 14px;\">Avantage :<\/span><\/strong><\/td>\n<td style=\"border: 1px solid #b3b3b3; width: 595.066px; height: 63px;\">\n<p style=\"margin: 0px; padding: 0px;\"><span style=\"font-family: arial, helvetica, sans-serif; font-size: 14px;\">1) Service unique pour la pierre ;<\/span><\/p>\n<p style=\"margin: 0px; padding: 0px;\"><span style=\"font-family: arial, helvetica, sans-serif; font-size: 14px;\">2) Poss\u00e9der 3 carri\u00e8res et 9 usines ;<\/span><\/p>\n<p style=\"margin: 0px; padding: 0px;\"><span style=\"font-family: arial, helvetica, sans-serif; font-size: 14px;\">3) Soutien \u00e0 la conception et \u00e0 la technologie.<\/span><\/p>\n<\/td>\n<\/tr>\n<tr style=\"height: 84px;\">\n<td style=\"border: 1px solid #b3b3b3; width: 162px; height: 84px;\"><strong><span style=\"font-family: arial, helvetica, sans-serif; font-size: 14px;\">Assurance de la qualit\u00e9 et de la livraison :\u00a0<\/span><\/strong><\/td>\n<td style=\"border: 1px solid #b3b3b3; width: 595.066px; height: 84px;\">\n<p style=\"margin: 0px; padding: 0px;\"><span style=\"font-family: arial, helvetica, sans-serif; font-size: 14px;\">Tout au long du processus de production, du choix des mat\u00e9riaux \u00e0 l'emballage en passant par la fabrication, notre service de contr\u00f4le de la qualit\u00e9 contr\u00f4le rigoureusement chaque pi\u00e8ce et chaque processus afin de garantir le respect des normes de qualit\u00e9 et le respect des d\u00e9lais de livraison.<\/span><\/p>\n<\/td>\n<\/tr>\n<\/tbody>\n<\/table>\n<p><img loading=\"lazy\" decoding=\"async\" class=\"alignnone size-full wp-image-27319\" src=\"http:\/\/stone-phoenix.com\/wp-content\/uploads\/2023\/12\/Driveway-Cobble-Stone-Granite-Pavers-Granite-6.jpg\" alt=\"\" width=\"1081\" height=\"910\" srcset=\"https:\/\/stone-phoenix.com\/wp-content\/uploads\/2023\/12\/Driveway-Cobble-Stone-Granite-Pavers-Granite-6.jpg 1081w, https:\/\/stone-phoenix.com\/wp-content\/uploads\/2023\/12\/Driveway-Cobble-Stone-Granite-Pavers-Granite-6-300x253.jpg 300w, https:\/\/stone-phoenix.com\/wp-content\/uploads\/2023\/12\/Driveway-Cobble-Stone-Granite-Pavers-Granite-6-1024x862.jpg 1024w, https:\/\/stone-phoenix.com\/wp-content\/uploads\/2023\/12\/Driveway-Cobble-Stone-Granite-Pavers-Granite-6-768x647.jpg 768w, https:\/\/stone-phoenix.com\/wp-content\/uploads\/2023\/12\/Driveway-Cobble-Stone-Granite-Pavers-Granite-6-14x12.jpg 14w, https:\/\/stone-phoenix.com\/wp-content\/uploads\/2023\/12\/Driveway-Cobble-Stone-Granite-Pavers-Granite-6-600x505.jpg 600w, https:\/\/stone-phoenix.com\/wp-content\/uploads\/2023\/12\/Driveway-Cobble-Stone-Granite-Pavers-Granite-6-150x126.jpg 150w\" sizes=\"(max-width: 1081px) 100vw, 1081px\" \/><img loading=\"lazy\" decoding=\"async\" class=\"alignnone size-full wp-image-27320\" src=\"http:\/\/stone-phoenix.com\/wp-content\/uploads\/2023\/12\/Driveway-Cobble-Stone-Granite-Pavers-Granite-7.jpg\" alt=\"\" width=\"1069\" height=\"640\" srcset=\"https:\/\/stone-phoenix.com\/wp-content\/uploads\/2023\/12\/Driveway-Cobble-Stone-Granite-Pavers-Granite-7.jpg 1069w, https:\/\/stone-phoenix.com\/wp-content\/uploads\/2023\/12\/Driveway-Cobble-Stone-Granite-Pavers-Granite-7-300x180.jpg 300w, https:\/\/stone-phoenix.com\/wp-content\/uploads\/2023\/12\/Driveway-Cobble-Stone-Granite-Pavers-Granite-7-1024x613.jpg 1024w, https:\/\/stone-phoenix.com\/wp-content\/uploads\/2023\/12\/Driveway-Cobble-Stone-Granite-Pavers-Granite-7-768x460.jpg 768w, https:\/\/stone-phoenix.com\/wp-content\/uploads\/2023\/12\/Driveway-Cobble-Stone-Granite-Pavers-Granite-7-18x12.jpg 18w, https:\/\/stone-phoenix.com\/wp-content\/uploads\/2023\/12\/Driveway-Cobble-Stone-Granite-Pavers-Granite-7-600x359.jpg 600w, https:\/\/stone-phoenix.com\/wp-content\/uploads\/2023\/12\/Driveway-Cobble-Stone-Granite-Pavers-Granite-7-150x90.jpg 150w\" sizes=\"(max-width: 1069px) 100vw, 1069px\" \/><img loading=\"lazy\" decoding=\"async\" class=\"alignnone size-full wp-image-27321\" src=\"http:\/\/stone-phoenix.com\/wp-content\/uploads\/2023\/12\/Driveway-Cobble-Stone-Granite-Pavers-Granite-5.jpg\" alt=\"\" width=\"964\" height=\"844\" srcset=\"https:\/\/stone-phoenix.com\/wp-content\/uploads\/2023\/12\/Driveway-Cobble-Stone-Granite-Pavers-Granite-5.jpg 964w, https:\/\/stone-phoenix.com\/wp-content\/uploads\/2023\/12\/Driveway-Cobble-Stone-Granite-Pavers-Granite-5-300x263.jpg 300w, https:\/\/stone-phoenix.com\/wp-content\/uploads\/2023\/12\/Driveway-Cobble-Stone-Granite-Pavers-Granite-5-768x672.jpg 768w, https:\/\/stone-phoenix.com\/wp-content\/uploads\/2023\/12\/Driveway-Cobble-Stone-Granite-Pavers-Granite-5-14x12.jpg 14w, https:\/\/stone-phoenix.com\/wp-content\/uploads\/2023\/12\/Driveway-Cobble-Stone-Granite-Pavers-Granite-5-600x525.jpg 600w, https:\/\/stone-phoenix.com\/wp-content\/uploads\/2023\/12\/Driveway-Cobble-Stone-Granite-Pavers-Granite-5-150x131.jpg 150w\" sizes=\"(max-width: 964px) 100vw, 964px\" \/><\/p>\n<\/div>\n<\/div>\n<\/div>","protected":false},"excerpt":{"rendered":"<p>driveway cobble stone driveway cobble stone is a type of paving material that is typically made of natural stone, such<\/p>","protected":false},"featured_media":27314,"template":"","meta":[],"product_cat":[112],"product_tag":[],"_links":{"self":[{"href":"https:\/\/stone-phoenix.com\/fr\/wp-json\/wp\/v2\/product\/20503"}],"collection":[{"href":"https:\/\/stone-phoenix.com\/fr\/wp-json\/wp\/v2\/product"}],"about":[{"href":"https:\/\/stone-phoenix.com\/fr\/wp-json\/wp\/v2\/types\/product"}],"wp:featuredmedia":[{"embeddable":true,"href":"https:\/\/stone-phoenix.com\/fr\/wp-json\/wp\/v2\/media\/27314"}],"wp:attachment":[{"href":"https:\/\/stone-phoenix.com\/fr\/wp-json\/wp\/v2\/media?parent=20503"}],"wp:term":[{"taxonomy":"product_cat","embeddable":true,"href":"https:\/\/stone-phoenix.com\/fr\/wp-json\/wp\/v2\/product_cat?post=20503"},{"taxonomy":"product_tag","embeddable":true,"href":"https:\/\/stone-phoenix.com\/fr\/wp-json\/wp\/v2\/product_tag?post=20503"}],"curies":[{"name":"wp","href":"https:\/\/api.w.org\/{rel}","templated":true}]}}