{"id":20509,"date":"2023-12-29T20:13:55","date_gmt":"2023-12-29T12:13:55","guid":{"rendered":"http:\/\/stone-phoenix.com\/product\/stone-driveway-paving-black-cobblestone-paver"},"modified":"2024-04-04T23:21:28","modified_gmt":"2024-04-04T15:21:28","slug":"stone-driveway-paving-black-cobblestone-paver","status":"publish","type":"product","link":"https:\/\/stone-phoenix.com\/fr\/produit\/stone-driveway-paving-black-cobblestone-paver","title":{"rendered":"pavage d'all\u00e9e en pierre pav\u00e9 noir"},"content":{"rendered":"<div id=\"tab-description\" class=\"woocommerce-Tabs-panel woocommerce-Tabs-panel--description panel entry-content wc-tab\" role=\"tabpanel\" aria-labelledby=\"tab-title-description\">\n<div id=\"ali-anchor-AliPostDhMb-10ic2\" style=\"padding-top: 8px;\" data-section=\"AliPostDhMb-10ic2\" data-section-title=\"Product Description\">\n<h2>pavage d'all\u00e9e en pierre pav\u00e9 noir<\/h2>\n<div>Le pavage d'all\u00e9es en pierre est l'un des meilleurs moyens d'am\u00e9liorer la s\u00e9curit\u00e9 de votre propri\u00e9t\u00e9, tout en cr\u00e9ant un bel aspect attrayant qui ne manquera pas de laisser une impression sur tous ceux qui entrent et sortent de votre maison.Bienvenue dans le monde du pavage d'all\u00e9es en pierre !<\/div>\n<div>Nos mat\u00e9riaux en pierre et en roche offrent une durabilit\u00e9 et une long\u00e9vit\u00e9 \u00e9lev\u00e9es. La beaut\u00e9 naturelle de votre mat\u00e9riau ne sera mise en valeur que par votre cr\u00e9ativit\u00e9, votre imagination et vos comp\u00e9tences. Une all\u00e9e est la premi\u00e8re impression de votre maison, alors faites en sorte qu'elle soit magnifique.<\/div>\n<div>Le pavage en pierre de qualit\u00e9 professionnelle est sp\u00e9cialement con\u00e7u pour r\u00e9sister aux \u00e9l\u00e9ments et pour avoir une belle apparence, quelle que soit la fa\u00e7on dont vous vous y approchez. Notre \u00e9quipe d'artisans exp\u00e9riment\u00e9s peut cr\u00e9er de magnifiques patios, all\u00e9es, voies d'acc\u00e8s et m\u00eame des chemins autour des piscines.<\/div>\n<div>Votre all\u00e9e est la premi\u00e8re impression de votre propri\u00e9t\u00e9, il est donc important qu'elle soit r\u00e9ussie. Du pavage traditionnel au b\u00e9ton coul\u00e9 contemporain, nous pouvons vous aider \u00e0 trouver la meilleure solution pour votre budget et vos besoins.<\/div>\n<div id=\"ali-title-AliPostDhMb-10ic2\" style=\"padding: 8px 0; border-bottom: 1px solid #ddd;\"><span style=\"background-color: #ddd; color: #333; font-weight: bold; padding: 8px 10px; line-height: 12px;\">Description du produit<\/span><\/div>\n<div style=\"padding: 10px 0;\">\n<table class=\"aliDataTable\" style=\"color: #000000; font-family: Arial; font-size: 12px; font-style: normal; font-weight: 400; background-color: #ffffff; width: 750px; height: 226px; border: 1px solid #b3b3b3;\">\n<tbody>\n<tr style=\"height: 42px;\">\n<td style=\"border: 1px solid #b3b3b3; width: 162px; height: 42px;\"><strong><span style=\"font-family: arial, helvetica, sans-serif; font-size: 14px;\">Nom du produit :<\/span><\/strong><\/td>\n<td style=\"border: 1px solid #b3b3b3; width: 595.066px; height: 42px;\"><span style=\"font-family: arial, helvetica, sans-serif; font-size: 14px;\">Pav\u00e9 de granit noir<\/span><\/td>\n<\/tr>\n<tr style=\"height: 21px;\">\n<td style=\"border: 1px solid #b3b3b3; width: 162px; height: 21px;\"><strong><span style=\"font-family: arial, helvetica, sans-serif; font-size: 14px;\">Mat\u00e9riau :<\/span><\/strong><\/td>\n<td style=\"border: 1px solid #b3b3b3; width: 595.066px; height: 21px;\"><span style=\"font-family: arial, helvetica, sans-serif;\"><span style=\"font-size: 14px;\">granit\u00a0<\/span><\/span><\/td>\n<\/tr>\n<tr style=\"height: 44px;\">\n<td style=\"border: 1px solid #b3b3b3; width: 162px; height: 65px;\" rowspan=\"2\">\n<p style=\"margin: 0px; padding: 0px;\"><strong><span style=\"font-family: arial, helvetica, sans-serif; font-size: 14px;\">Taille :<\/span><\/strong><\/p>\n<\/td>\n<td style=\"border: 1px solid #b3b3b3; width: 595.066px; height: 44px;\"><span style=\"font-size: 14px;\">Tailles<\/span><br \/>\n<span style=\"font-size: 14px;\">5X5X5CM,8X8X8CM,9X9X9CM,10X10X10CM,10x10x5cm,<\/span><span style=\"font-size: 14px;\">10x20x5cm,9.5\u00d79.5x4CM,19.5\u00d719.5x4CM,22X11X5CM,<\/span><\/p>\n<p><span style=\"font-size: 14px;\">16.5X11.5X5CM,19.7X19.7X8CM,14.5X14.5X8CM,16X16X16CM,<\/span><\/p>\n<p><span style=\"font-size: 14px;\">22X16X16CM,27x18x9cm,18x18x9cm,18x18x18CM <\/span><\/p>\n<p><span style=\"font-size: 14px;\">ou sur mesure<\/span><\/td>\n<\/tr>\n<tr style=\"height: 21px;\">\n<td style=\"border: 1px solid #b3b3b3; width: 595.066px; height: 21px;\"><span style=\"font-family: arial, helvetica, sans-serif; font-size: 14px;\">Des sp\u00e9cifications personnalis\u00e9es sont disponibles<\/span><\/td>\n<\/tr>\n<tr style=\"height: 42px;\">\n<td style=\"border: 1px solid #b3b3b3; width: 162px; height: 42px;\"><strong><span style=\"font-family: arial, helvetica, sans-serif; font-size: 14px;\">Tol\u00e9rance d'\u00e9paisseur :<\/span><\/strong><\/td>\n<td style=\"border: 1px solid #b3b3b3; width: 595.066px; height: 42px;\"><span style=\"font-size: 14px; font-family: arial, helvetica, sans-serif;\">\u00b11mm, \u00b11,5mm, \u00b12mm, selon les exigences de qualit\u00e9 du client<\/span><\/td>\n<\/tr>\n<tr style=\"height: 126px;\">\n<td style=\"border: 1px solid #b3b3b3; width: 162px; height: 126px;\">\n<p style=\"margin: 0px; padding: 0px;\"><strong><span style=\"font-family: arial, helvetica, sans-serif; font-size: 14px;\">Surface :<\/span><\/strong><\/p>\n<\/td>\n<td style=\"border: 1px solid #b3b3b3; width: 595.066px; height: 126px;\"><span style=\"font-size: 14px;\">Finition<\/span><br \/>\n<span style=\"font-size: 14px;\">a. Fente naturelle sur tous les c\u00f4t\u00e9s<\/span><br \/>\n<span style=\"font-size: 14px;\">b. Toutes les faces sont sci\u00e9es<\/span><br \/>\n<span style=\"font-size: 14px;\">c. 5 c\u00f4t\u00e9s coup\u00e9s \u00e0 la scie, surface fendue naturellement<\/span><br \/>\n<span style=\"font-size: 14px;\">d. 5 faces coup\u00e9es \u00e0 la scie, surface flamm\u00e9e<\/span><br \/>\n<span style=\"font-size: 14px;\">e. 4 c\u00f4t\u00e9s coup\u00e9s \u00e0 la scie, fendu naturel en haut, tambourin\u00e9, dos en maille\u00a0<\/span><\/td>\n<\/tr>\n<tr style=\"height: 21px;\">\n<td style=\"border: 1px solid #b3b3b3; width: 162px; height: 21px;\"><strong><span style=\"font-family: arial, helvetica, sans-serif; font-size: 14px;\">Emballage :<\/span><\/strong><\/td>\n<td style=\"border: 1px solid #b3b3b3; width: 595.066px; height: 21px;\"><span style=\"font-family: arial, helvetica, sans-serif; font-size: 14px;\">Fardeaux et caisses en bois en \u00e9tat de navigabilit\u00e9<\/span><\/td>\n<\/tr>\n<tr style=\"height: 21px;\">\n<td style=\"border: 1px solid #b3b3b3; width: 162px; height: 21px;\"><strong><span style=\"font-family: arial, helvetica, sans-serif; font-size: 14px;\">Application :<\/span><\/strong><\/td>\n<td style=\"border: 1px solid #b3b3b3; width: 595.066px; height: 21px;\"><span style=\"font-family: arial, helvetica, sans-serif; font-size: 14px;\">Largement utilis\u00e9 pour la d\u00e9coration int\u00e9rieure et ext\u00e9rieure<\/span><\/td>\n<\/tr>\n<tr style=\"height: 42px;\">\n<td style=\"border: 1px solid #b3b3b3; width: 162px; height: 42px;\"><strong><span style=\"font-family: arial, helvetica, sans-serif; font-size: 14px;\">D\u00e9lai de livraison :<\/span><\/strong><\/td>\n<td style=\"border: 1px solid #b3b3b3; width: 595.066px; height: 42px;\"><span style=\"font-family: arial, helvetica, sans-serif; font-size: 14px;\">15-20 jours pour les tailles normales<\/span><\/td>\n<\/tr>\n<tr style=\"height: 21px;\">\n<td style=\"border: 1px solid #b3b3b3; width: 162px; height: 21px;\">\n<p style=\"margin: 0px; padding: 0px;\"><strong><span style=\"font-family: arial, helvetica, sans-serif; font-size: 14px;\">Certificat :<\/span><\/strong><\/p>\n<\/td>\n<td style=\"border: 1px solid #b3b3b3; width: 595.066px; height: 21px;\"><span style=\"font-family: arial, helvetica, sans-serif; font-size: 14px;\">CE, SGS<\/span><\/td>\n<\/tr>\n<tr style=\"height: 42px;\">\n<td style=\"border: 1px solid #b3b3b3; width: 162px; height: 42px;\">\n<p style=\"margin: 0px; padding: 0px;\"><strong><span style=\"font-family: arial, helvetica, sans-serif; font-size: 14px;\">Conditions de paiement :<\/span><\/strong><\/p>\n<\/td>\n<td style=\"border: 1px solid #b3b3b3; width: 595.066px; height: 42px;\"><span style=\"font-family: arial, helvetica, sans-serif; font-size: 14px;\">T\/T, L\/C, D\/P<\/span><\/td>\n<\/tr>\n<tr style=\"height: 63px;\">\n<td style=\"border: 1px solid #b3b3b3; width: 162px; height: 63px;\"><strong><span style=\"font-family: arial, helvetica, sans-serif; font-size: 14px;\">Avantage :<\/span><\/strong><\/td>\n<td style=\"border: 1px solid #b3b3b3; width: 595.066px; height: 63px;\">\n<p style=\"margin: 0px; padding: 0px;\"><span style=\"font-family: arial, helvetica, sans-serif; font-size: 14px;\">1) Service unique pour la pierre ;<\/span><\/p>\n<p style=\"margin: 0px; padding: 0px;\"><span style=\"font-family: arial, helvetica, sans-serif; font-size: 14px;\">2) Poss\u00e9der 3 carri\u00e8res et 9 usines ;<\/span><\/p>\n<p style=\"margin: 0px; padding: 0px;\"><span style=\"font-family: arial, helvetica, sans-serif; font-size: 14px;\">3) Soutien \u00e0 la conception et \u00e0 la technologie.<\/span><\/p>\n<\/td>\n<\/tr>\n<tr style=\"height: 84px;\">\n<td style=\"border: 1px solid #b3b3b3; width: 162px; height: 84px;\"><strong><span style=\"font-family: arial, helvetica, sans-serif; font-size: 14px;\">Assurance de la qualit\u00e9 et de la livraison :\u00a0<\/span><\/strong><\/td>\n<td style=\"border: 1px solid #b3b3b3; width: 595.066px; height: 84px;\">\n<p style=\"margin: 0px; padding: 0px;\"><span style=\"font-family: arial, helvetica, sans-serif; font-size: 14px;\">Tout au long du processus de production, du choix des mat\u00e9riaux \u00e0 l'emballage en passant par la fabrication, notre service de contr\u00f4le de la qualit\u00e9 contr\u00f4le rigoureusement chaque pi\u00e8ce et chaque processus afin de garantir le respect des normes de qualit\u00e9 et le respect des d\u00e9lais de livraison.<\/span><\/p>\n<\/td>\n<\/tr>\n<\/tbody>\n<\/table>\n<p><img loading=\"lazy\" decoding=\"async\" class=\"alignnone  wp-image-27312\" src=\"http:\/\/stone-phoenix.com\/wp-content\/uploads\/2023\/12\/stone-driveway-paving-black-cobblestone-paver-5.jpg\" alt=\"\" width=\"831\" height=\"825\" srcset=\"https:\/\/stone-phoenix.com\/wp-content\/uploads\/2023\/12\/stone-driveway-paving-black-cobblestone-paver-5.jpg 778w, https:\/\/stone-phoenix.com\/wp-content\/uploads\/2023\/12\/stone-driveway-paving-black-cobblestone-paver-5-300x298.jpg 300w, https:\/\/stone-phoenix.com\/wp-content\/uploads\/2023\/12\/stone-driveway-paving-black-cobblestone-paver-5-150x149.jpg 150w, https:\/\/stone-phoenix.com\/wp-content\/uploads\/2023\/12\/stone-driveway-paving-black-cobblestone-paver-5-768x762.jpg 768w, https:\/\/stone-phoenix.com\/wp-content\/uploads\/2023\/12\/stone-driveway-paving-black-cobblestone-paver-5-12x12.jpg 12w, https:\/\/stone-phoenix.com\/wp-content\/uploads\/2023\/12\/stone-driveway-paving-black-cobblestone-paver-5-600x595.jpg 600w\" sizes=\"(max-width: 831px) 100vw, 831px\" \/><img loading=\"lazy\" decoding=\"async\" class=\"alignnone size-full wp-image-27313\" src=\"http:\/\/stone-phoenix.com\/wp-content\/uploads\/2023\/12\/stone-driveway-paving-black-cobblestone-paver-6.jpg\" alt=\"\" width=\"829\" height=\"1051\" srcset=\"https:\/\/stone-phoenix.com\/wp-content\/uploads\/2023\/12\/stone-driveway-paving-black-cobblestone-paver-6.jpg 829w, https:\/\/stone-phoenix.com\/wp-content\/uploads\/2023\/12\/stone-driveway-paving-black-cobblestone-paver-6-237x300.jpg 237w, https:\/\/stone-phoenix.com\/wp-content\/uploads\/2023\/12\/stone-driveway-paving-black-cobblestone-paver-6-808x1024.jpg 808w, https:\/\/stone-phoenix.com\/wp-content\/uploads\/2023\/12\/stone-driveway-paving-black-cobblestone-paver-6-768x974.jpg 768w, https:\/\/stone-phoenix.com\/wp-content\/uploads\/2023\/12\/stone-driveway-paving-black-cobblestone-paver-6-9x12.jpg 9w, https:\/\/stone-phoenix.com\/wp-content\/uploads\/2023\/12\/stone-driveway-paving-black-cobblestone-paver-6-600x761.jpg 600w, https:\/\/stone-phoenix.com\/wp-content\/uploads\/2023\/12\/stone-driveway-paving-black-cobblestone-paver-6-150x190.jpg 150w\" sizes=\"(max-width: 829px) 100vw, 829px\" \/><\/p>\n<\/div>\n<\/div>\n<\/div>","protected":false},"excerpt":{"rendered":"<p>stone driveway paving black cobblestone paver stone driveway paving is one of the best ways to enhance the security of<\/p>","protected":false},"featured_media":20510,"template":"","meta":[],"product_cat":[112],"product_tag":[],"_links":{"self":[{"href":"https:\/\/stone-phoenix.com\/fr\/wp-json\/wp\/v2\/product\/20509"}],"collection":[{"href":"https:\/\/stone-phoenix.com\/fr\/wp-json\/wp\/v2\/product"}],"about":[{"href":"https:\/\/stone-phoenix.com\/fr\/wp-json\/wp\/v2\/types\/product"}],"wp:featuredmedia":[{"embeddable":true,"href":"https:\/\/stone-phoenix.com\/fr\/wp-json\/wp\/v2\/media\/20510"}],"wp:attachment":[{"href":"https:\/\/stone-phoenix.com\/fr\/wp-json\/wp\/v2\/media?parent=20509"}],"wp:term":[{"taxonomy":"product_cat","embeddable":true,"href":"https:\/\/stone-phoenix.com\/fr\/wp-json\/wp\/v2\/product_cat?post=20509"},{"taxonomy":"product_tag","embeddable":true,"href":"https:\/\/stone-phoenix.com\/fr\/wp-json\/wp\/v2\/product_tag?post=20509"}],"curies":[{"name":"wp","href":"https:\/\/api.w.org\/{rel}","templated":true}]}}