{"id":20513,"date":"2023-12-29T20:14:05","date_gmt":"2023-12-29T12:14:05","guid":{"rendered":"http:\/\/stone-phoenix.com\/product\/exterior-limestone-wall-cladding-beige-granite-facade"},"modified":"2024-04-04T23:16:02","modified_gmt":"2024-04-04T15:16:02","slug":"exterior-limestone-wall-cladding-beige-granite-facade","status":"publish","type":"product","link":"https:\/\/stone-phoenix.com\/fr\/produit\/exterior-limestone-wall-cladding-beige-granite-facade","title":{"rendered":"Rev\u00eatement mural ext\u00e9rieur en pierre calcaire Fa\u00e7ade en granit beige"},"content":{"rendered":"<div id=\"tab-description\" class=\"woocommerce-Tabs-panel woocommerce-Tabs-panel--description panel entry-content wc-tab\" role=\"tabpanel\" aria-labelledby=\"tab-title-description\">\n<h2>rev\u00eatement mural ext\u00e9rieur en pierre calcaire<\/h2>\n<p>Le rev\u00eatement mural ext\u00e9rieur en pierre calcaire est un moyen simple et \u00e9conomique d'ajouter fonctionnalit\u00e9 et beaut\u00e9 \u00e0 votre maison. Vous pouvez l'utiliser pour l'ext\u00e9rieur de votre maison, ainsi que pour des applications commerciales telles que les restaurants, les centres commerciaux et les immeubles de bureaux.<\/p>\n<p>Le rev\u00eatement mural ext\u00e9rieur en pierre calcaire est un mat\u00e9riau tr\u00e8s populaire pour les projets de rev\u00eatement mural ext\u00e9rieur. Elles sont fabriqu\u00e9es \u00e0 partir de roches s\u00e9dimentaires calcaires telles que le calcaire, la dolomie et le marbre provenant de la terre.<\/p>\n<p>Nous sommes sp\u00e9cialis\u00e9s dans la production et l'exportation de diff\u00e9rents types de carreaux et de dalles pour murs ext\u00e9rieurs et int\u00e9rieurs, y compris les rev\u00eatements muraux en pierre naturelle, les carreaux muraux en mosa\u00efque de pierre, les panneaux muraux en marbre pour salles de bains, etc.<\/p>\n<p>La v\u00e9ritable force de la pierre naturelle r\u00e9side dans sa durabilit\u00e9, sa valeur esth\u00e9tique et, surtout, son toucher.<\/p>\n<p>La texture rugueuse de la pierre offre un attrait visuel s\u00e9duisant pour une vari\u00e9t\u00e9 d'applications allant des h\u00f4tels haut de gamme aux restaurants et aux spas.LimeStone est con\u00e7u pour \u00eatre un mat\u00e9riau tr\u00e8s durable avec de nombreuses caract\u00e9ristiques de la pierre naturelle.<\/p>\n<div id=\"ali-anchor-AliPostDhMb-6q8vw\" style=\"padding-top: 8px;\" data-section=\"AliPostDhMb-6q8vw\" data-section-title=\"Product Description\">\n<div id=\"ali-title-AliPostDhMb-6q8vw\" style=\"padding: 8px 0; border-bottom: 1px solid #ddd;\"><span style=\"background-color: #ddd; color: #333; font-weight: bold; padding: 8px 10px; line-height: 12px;\">Description du produit<\/span><\/div>\n<div style=\"padding: 10px 0;\">\n<table class=\"aliDataTable\" style=\"color: #000000; font-family: Arial; font-size: 12px; font-style: normal; font-weight: 400; background-color: #ffffff; width: 698px; height: 226px; border: 1px solid #b3b3b3;\">\n<tbody>\n<tr>\n<td style=\"border: 1px solid #707070; width: 159.663px;\"><strong><span style=\"font-family: arial, helvetica, sans-serif; font-size: 14px;\">Nom du produit :<\/span><\/strong><\/td>\n<td style=\"border: 1px solid #707070; width: 553.337px;\">rev\u00eatement mural<\/td>\n<\/tr>\n<tr>\n<td style=\"border: 1px solid #707070; width: 159.663px;\"><strong><span style=\"font-family: arial, helvetica, sans-serif; font-size: 14px;\">Mat\u00e9riau :<\/span><\/strong><\/td>\n<td style=\"border: 1px solid #707070; width: 553.337px;\">Divers granits ou calcaires, etc.<\/td>\n<\/tr>\n<tr>\n<td style=\"border: 1px solid #707070; width: 159.663px;\"><strong><span style=\"font-family: arial, helvetica, sans-serif; font-size: 14px;\">Couleur :<\/span><\/strong><\/td>\n<td style=\"border: 1px solid #707070; width: 553.337px;\"><span style=\"font-family: arial, helvetica, sans-serif;\"><span style=\"font-size: 14px;\">Blanc, gris, vert, noir, rose, rouge, etc.<\/span><\/span><\/td>\n<\/tr>\n<tr>\n<td style=\"border: 1px solid #707070; width: 159.663px;\" rowspan=\"3\"><strong><span style=\"font-family: arial, helvetica, sans-serif; font-size: 14px;\">Taille :<\/span><\/strong><\/td>\n<td style=\"border: 1px solid #707070; width: 553.337px;\"><span style=\"text-decoration: underline;\"><span style=\"font-size: 14px;\">Carreaux disponibles <\/span><\/span><br \/>\n<span style=\"font-size: 14px;\">12\u2019x12\u2033,24\u2019x24\u2033,12\u2019x24\u2033,etc <\/span><span style=\"font-size: 14px;\">300x300mm,300x600mm,400x400mm,600x600mm,etc<\/span><\/td>\n<\/tr>\n<tr>\n<td style=\"border: 1px solid #707070; width: 553.337px;\"><span style=\"text-decoration: underline;\"><span style=\"font-size: 14px;\">Dalles disponibles <\/span><\/span><\/p>\n<p><span style=\"font-size: 14px;\">180cmUpx60UP,180cmUpx65cmUP,180cmUpx70cmUP,etc<\/span><br \/>\n<span style=\"font-size: 14px;\">240cmUpx120cmUP,etc<\/span><\/td>\n<\/tr>\n<tr>\n<td style=\"border: 1px solid #707070; width: 553.337px;\"><span style=\"font-family: arial, helvetica, sans-serif; font-size: 14px;\">Des sp\u00e9cifications personnalis\u00e9es sont disponibles<\/span><\/td>\n<\/tr>\n<tr>\n<td style=\"border: 1px solid #707070; width: 159.663px;\"><strong><span style=\"font-family: arial, helvetica, sans-serif; font-size: 14px;\">Tol\u00e9rance d'\u00e9paisseur :<\/span><\/strong><\/td>\n<td style=\"border: 1px solid #707070; width: 553.337px;\"><span style=\"font-family: arial, helvetica, sans-serif; font-size: 14px;\">\u00b10,05mm, \u00b11mm, \u00b11,5mm, \u00b12mm, selon les exigences de qualit\u00e9 du client<\/span><\/td>\n<\/tr>\n<tr>\n<td style=\"border: 1px solid #707070; width: 159.663px;\"><strong><span style=\"font-family: arial, helvetica, sans-serif; font-size: 14px;\">Surface :<\/span><\/strong><\/td>\n<td style=\"border: 1px solid #707070; width: 553.337px;\"><span style=\"font-family: arial, helvetica, sans-serif; font-size: 14px;\">P<\/span><span style=\"font-size: 14px;\">ol\u00e9, adouci, flamm\u00e9, sabl\u00e9, bouchard\u00e9, fendu naturel, flamm\u00e9 et bross\u00e9, etc.<\/span><\/td>\n<\/tr>\n<tr>\n<td style=\"border: 1px solid #707070; width: 159.663px;\"><strong><span style=\"font-family: arial, helvetica, sans-serif; font-size: 14px;\">Emballage :<\/span><\/strong><\/td>\n<td style=\"border: 1px solid #707070; width: 553.337px;\"><span style=\"font-size: 14px;\">Palettes en bois en \u00e9tat de navigabilit\u00e9, fardeaux en bois et caisses en bois<\/span><\/td>\n<\/tr>\n<tr>\n<td style=\"border: 1px solid #707070; width: 159.663px;\"><strong><span style=\"font-family: arial, helvetica, sans-serif; font-size: 14px;\">Application :<\/span><\/strong><\/td>\n<td style=\"border: 1px solid #707070; width: 553.337px;\"><span style=\"font-family: arial, helvetica, sans-serif; font-size: 14px;\">Sol, mur, motif, comptoir, d\u00e9coration int\u00e9rieure et ext\u00e9rieure<\/span><\/td>\n<\/tr>\n<tr>\n<td style=\"border: 1px solid #707070; width: 159.663px;\"><strong><span style=\"font-family: arial, helvetica, sans-serif; font-size: 14px;\">D\u00e9lai de livraison :<\/span><\/strong><\/td>\n<td style=\"border: 1px solid #707070; width: 553.337px;\"><span style=\"font-size: 14px;\">15-20 jours pour l'enregistrement<\/span><span style=\"font-family: arial, helvetica, sans-serif; font-size: 14px;\">tailles lar<\/span><\/td>\n<\/tr>\n<tr>\n<td style=\"border: 1px solid #707070; width: 159.663px;\"><strong><span style=\"font-family: arial, helvetica, sans-serif; font-size: 14px;\">Certificat :<\/span><\/strong><\/td>\n<td style=\"border: 1px solid #707070; width: 553.337px;\"><span style=\"font-family: arial, helvetica, sans-serif; font-size: 14px;\">CE, SGS<\/span><\/td>\n<\/tr>\n<tr>\n<td style=\"border: 1px solid #707070; width: 159.663px;\"><strong><span style=\"font-family: arial, helvetica, sans-serif; font-size: 14px;\">Conditions de paiement :<\/span><\/strong><\/td>\n<td style=\"border: 1px solid #707070; width: 553.337px;\"><span style=\"font-size: 14px;\">T\/T, L\/C, D<span style=\"color: #000000; font-family: Verdana, Arial, Helvetica, sans-serif; font-size: 14px; font-style: normal; font-weight: 400; background-color: #ffffff; float: none;\">\/<\/span>P<\/span><\/td>\n<\/tr>\n<tr>\n<td style=\"border: 1px solid #707070; width: 159.663px;\"><strong><span style=\"font-family: arial, helvetica, sans-serif; font-size: 14px;\">Avantage :<\/span><\/strong><\/td>\n<td style=\"border: 1px solid #707070; width: 553.337px;\"><span style=\"font-family: arial, helvetica, sans-serif; font-size: 14px;\">1) Service unique pour la pierre ;<\/span><\/p>\n<p><span style=\"font-family: arial, helvetica, sans-serif; font-size: 14px;\">2) poss\u00e8dent 3 carri\u00e8res et 9 usines ;<\/span><\/p>\n<p><span style=\"font-family: arial, helvetica, sans-serif; font-size: 14px;\">3) Des supports technologiques de pointe.<\/span><\/td>\n<\/tr>\n<tr>\n<td style=\"border: 1px solid #707070; width: 159.663px;\"><strong><span style=\"font-family: arial, helvetica, sans-serif; font-size: 14px;\">Assurance de la qualit\u00e9 et de la livraison :\u00a0<\/span><\/strong><\/td>\n<td style=\"border: 1px solid #707070; width: 553.337px;\"><span style=\"font-size: 14px;\">Tout au long du processus de production, du choix des mat\u00e9riaux \u00e0 l'emballage en passant par la fabrication, notre service de contr\u00f4le de la qualit\u00e9 contr\u00f4le rigoureusement chaque pi\u00e8ce et chaque processus afin de garantir le respect des normes de qualit\u00e9 et le respect des d\u00e9lais de livraison.<\/span><\/td>\n<\/tr>\n<\/tbody>\n<\/table>\n<p><img loading=\"lazy\" decoding=\"async\" class=\"alignnone size-full wp-image-27304\" src=\"http:\/\/stone-phoenix.com\/wp-content\/uploads\/2023\/12\/Exterior-Limestone-Wall-Cladding-Beige-Granite-Facade-5.jpg\" alt=\"\" width=\"1320\" height=\"1183\" srcset=\"https:\/\/stone-phoenix.com\/wp-content\/uploads\/2023\/12\/Exterior-Limestone-Wall-Cladding-Beige-Granite-Facade-5.jpg 1320w, https:\/\/stone-phoenix.com\/wp-content\/uploads\/2023\/12\/Exterior-Limestone-Wall-Cladding-Beige-Granite-Facade-5-300x269.jpg 300w, https:\/\/stone-phoenix.com\/wp-content\/uploads\/2023\/12\/Exterior-Limestone-Wall-Cladding-Beige-Granite-Facade-5-1024x918.jpg 1024w, https:\/\/stone-phoenix.com\/wp-content\/uploads\/2023\/12\/Exterior-Limestone-Wall-Cladding-Beige-Granite-Facade-5-768x688.jpg 768w, https:\/\/stone-phoenix.com\/wp-content\/uploads\/2023\/12\/Exterior-Limestone-Wall-Cladding-Beige-Granite-Facade-5-13x12.jpg 13w, https:\/\/stone-phoenix.com\/wp-content\/uploads\/2023\/12\/Exterior-Limestone-Wall-Cladding-Beige-Granite-Facade-5-600x538.jpg 600w, https:\/\/stone-phoenix.com\/wp-content\/uploads\/2023\/12\/Exterior-Limestone-Wall-Cladding-Beige-Granite-Facade-5-150x134.jpg 150w\" sizes=\"(max-width: 1320px) 100vw, 1320px\" \/><img loading=\"lazy\" decoding=\"async\" class=\"alignnone size-full wp-image-27305\" src=\"http:\/\/stone-phoenix.com\/wp-content\/uploads\/2023\/12\/Exterior-Limestone-Wall-Cladding-Beige-Granite-Facade-6.jpg\" alt=\"\" width=\"1326\" height=\"1209\" srcset=\"https:\/\/stone-phoenix.com\/wp-content\/uploads\/2023\/12\/Exterior-Limestone-Wall-Cladding-Beige-Granite-Facade-6.jpg 1326w, https:\/\/stone-phoenix.com\/wp-content\/uploads\/2023\/12\/Exterior-Limestone-Wall-Cladding-Beige-Granite-Facade-6-300x274.jpg 300w, https:\/\/stone-phoenix.com\/wp-content\/uploads\/2023\/12\/Exterior-Limestone-Wall-Cladding-Beige-Granite-Facade-6-1024x934.jpg 1024w, https:\/\/stone-phoenix.com\/wp-content\/uploads\/2023\/12\/Exterior-Limestone-Wall-Cladding-Beige-Granite-Facade-6-768x700.jpg 768w, https:\/\/stone-phoenix.com\/wp-content\/uploads\/2023\/12\/Exterior-Limestone-Wall-Cladding-Beige-Granite-Facade-6-13x12.jpg 13w, https:\/\/stone-phoenix.com\/wp-content\/uploads\/2023\/12\/Exterior-Limestone-Wall-Cladding-Beige-Granite-Facade-6-600x547.jpg 600w, https:\/\/stone-phoenix.com\/wp-content\/uploads\/2023\/12\/Exterior-Limestone-Wall-Cladding-Beige-Granite-Facade-6-150x137.jpg 150w\" sizes=\"(max-width: 1326px) 100vw, 1326px\" \/><img loading=\"lazy\" decoding=\"async\" class=\"alignnone size-full wp-image-27306\" src=\"http:\/\/stone-phoenix.com\/wp-content\/uploads\/2023\/12\/Exterior-Limestone-Wall-Cladding-Beige-Granite-Facade-7.jpg\" alt=\"\" width=\"1333\" height=\"973\" srcset=\"https:\/\/stone-phoenix.com\/wp-content\/uploads\/2023\/12\/Exterior-Limestone-Wall-Cladding-Beige-Granite-Facade-7.jpg 1333w, https:\/\/stone-phoenix.com\/wp-content\/uploads\/2023\/12\/Exterior-Limestone-Wall-Cladding-Beige-Granite-Facade-7-300x219.jpg 300w, https:\/\/stone-phoenix.com\/wp-content\/uploads\/2023\/12\/Exterior-Limestone-Wall-Cladding-Beige-Granite-Facade-7-1024x747.jpg 1024w, https:\/\/stone-phoenix.com\/wp-content\/uploads\/2023\/12\/Exterior-Limestone-Wall-Cladding-Beige-Granite-Facade-7-768x561.jpg 768w, https:\/\/stone-phoenix.com\/wp-content\/uploads\/2023\/12\/Exterior-Limestone-Wall-Cladding-Beige-Granite-Facade-7-16x12.jpg 16w, https:\/\/stone-phoenix.com\/wp-content\/uploads\/2023\/12\/Exterior-Limestone-Wall-Cladding-Beige-Granite-Facade-7-600x438.jpg 600w, https:\/\/stone-phoenix.com\/wp-content\/uploads\/2023\/12\/Exterior-Limestone-Wall-Cladding-Beige-Granite-Facade-7-150x109.jpg 150w\" sizes=\"(max-width: 1333px) 100vw, 1333px\" \/><img loading=\"lazy\" decoding=\"async\" class=\"alignnone size-full wp-image-27307\" src=\"http:\/\/stone-phoenix.com\/wp-content\/uploads\/2023\/12\/Exterior-Limestone-Wall-Cladding-Beige-Granite-Facade-8.jpg\" alt=\"\" width=\"1330\" height=\"1222\" srcset=\"https:\/\/stone-phoenix.com\/wp-content\/uploads\/2023\/12\/Exterior-Limestone-Wall-Cladding-Beige-Granite-Facade-8.jpg 1330w, https:\/\/stone-phoenix.com\/wp-content\/uploads\/2023\/12\/Exterior-Limestone-Wall-Cladding-Beige-Granite-Facade-8-300x276.jpg 300w, https:\/\/stone-phoenix.com\/wp-content\/uploads\/2023\/12\/Exterior-Limestone-Wall-Cladding-Beige-Granite-Facade-8-1024x941.jpg 1024w, https:\/\/stone-phoenix.com\/wp-content\/uploads\/2023\/12\/Exterior-Limestone-Wall-Cladding-Beige-Granite-Facade-8-768x706.jpg 768w, https:\/\/stone-phoenix.com\/wp-content\/uploads\/2023\/12\/Exterior-Limestone-Wall-Cladding-Beige-Granite-Facade-8-13x12.jpg 13w, https:\/\/stone-phoenix.com\/wp-content\/uploads\/2023\/12\/Exterior-Limestone-Wall-Cladding-Beige-Granite-Facade-8-600x551.jpg 600w, https:\/\/stone-phoenix.com\/wp-content\/uploads\/2023\/12\/Exterior-Limestone-Wall-Cladding-Beige-Granite-Facade-8-150x138.jpg 150w\" sizes=\"(max-width: 1330px) 100vw, 1330px\" \/><\/p>\n<\/div>\n<\/div>\n<div id=\"ali-anchor-AliPostDhMb-dzch4\" style=\"padding-top: 8px;\" data-section=\"AliPostDhMb-dzch4\" data-section-title=\"FAQ\">\n<div style=\"padding: 10px 0;\">\n<p><a target=\"_blank\" rel=\"noopener\"><span style=\"font-size: 16px;\"><img loading=\"lazy\" decoding=\"async\" class=\"alignnone size-full wp-image-20519\" src=\"http:\/\/stone-phoenix.com\/wp-content\/uploads\/2023\/12\/1703880851.jpg\" width=\"750\" height=\"153\" srcset=\"https:\/\/stone-phoenix.com\/wp-content\/uploads\/2023\/12\/1703880851.jpg 750w, https:\/\/stone-phoenix.com\/wp-content\/uploads\/2023\/12\/1703880851-300x61.jpg 300w, https:\/\/stone-phoenix.com\/wp-content\/uploads\/2023\/12\/1703880851-18x4.jpg 18w, https:\/\/stone-phoenix.com\/wp-content\/uploads\/2023\/12\/1703880851-600x122.jpg 600w, https:\/\/stone-phoenix.com\/wp-content\/uploads\/2023\/12\/1703880851-150x31.jpg 150w\" sizes=\"(max-width: 750px) 100vw, 750px\" \/><\/span><\/a><\/p>\n<\/div>\n<\/div>\n<\/div>","protected":false},"excerpt":{"rendered":"<p>exterior limestone wall cladding Exterior limestone wall cladding is an easy, cost-effective way to add functionality and beauty to your<\/p>","protected":false},"featured_media":27299,"template":"","meta":[],"product_cat":[112],"product_tag":[],"_links":{"self":[{"href":"https:\/\/stone-phoenix.com\/fr\/wp-json\/wp\/v2\/product\/20513"}],"collection":[{"href":"https:\/\/stone-phoenix.com\/fr\/wp-json\/wp\/v2\/product"}],"about":[{"href":"https:\/\/stone-phoenix.com\/fr\/wp-json\/wp\/v2\/types\/product"}],"wp:featuredmedia":[{"embeddable":true,"href":"https:\/\/stone-phoenix.com\/fr\/wp-json\/wp\/v2\/media\/27299"}],"wp:attachment":[{"href":"https:\/\/stone-phoenix.com\/fr\/wp-json\/wp\/v2\/media?parent=20513"}],"wp:term":[{"taxonomy":"product_cat","embeddable":true,"href":"https:\/\/stone-phoenix.com\/fr\/wp-json\/wp\/v2\/product_cat?post=20513"},{"taxonomy":"product_tag","embeddable":true,"href":"https:\/\/stone-phoenix.com\/fr\/wp-json\/wp\/v2\/product_tag?post=20513"}],"curies":[{"name":"wp","href":"https:\/\/api.w.org\/{rel}","templated":true}]}}