{"id":20520,"date":"2023-12-29T20:14:18","date_gmt":"2023-12-29T12:14:18","guid":{"rendered":"http:\/\/stone-phoenix.com\/product\/exterior-wall-cladding-factory-price-natural"},"modified":"2024-04-04T23:07:04","modified_gmt":"2024-04-04T15:07:04","slug":"exterior-wall-cladding-factory-price-natural","status":"publish","type":"product","link":"https:\/\/stone-phoenix.com\/fr\/produit\/exterior-wall-cladding-factory-price-natural","title":{"rendered":"Rev\u00eatement mural ext\u00e9rieur Prix d'usine Naturel"},"content":{"rendered":"<div id=\"tab-description\" class=\"woocommerce-Tabs-panel woocommerce-Tabs-panel--description panel entry-content wc-tab\" role=\"tabpanel\" aria-labelledby=\"tab-title-description\">\n<h2>Prix d'usine rev\u00eatement mural ext\u00e9rieur en pierre naturelle pierre de granit pour projet<\/h2>\n<p>Le bardage ext\u00e9rieur d\u00e9signe l'application d'une couche de mat\u00e9riau sur le mur structurel d'un b\u00e2timent afin de le prot\u00e9ger des intemp\u00e9ries et de lui donner une finition attrayante. Cette couche de mat\u00e9riau est g\u00e9n\u00e9ralement constitu\u00e9e de bois, de vinyle, de m\u00e9tal, de pierre, de brique ou d'une combinaison de ces mat\u00e9riaux.<\/p>\n<p>Le bardage ext\u00e9rieur ne se contente pas d'am\u00e9liorer l'aspect esth\u00e9tique d'un b\u00e2timent, il offre \u00e9galement plusieurs avantages fonctionnels. Il agit comme une barri\u00e8re pour prot\u00e9ger le b\u00e2timent des \u00e9l\u00e9ments tels que la pluie, le vent et la neige. Il contribue \u00e9galement \u00e0 am\u00e9liorer l'efficacit\u00e9 \u00e9nerg\u00e9tique en jouant le r\u00f4le d'isolant, en r\u00e9duisant les pertes de chaleur en hiver et les gains de chaleur en \u00e9t\u00e9. En outre, le bardage ext\u00e9rieur peut \u00e9galement am\u00e9liorer la durabilit\u00e9 et la long\u00e9vit\u00e9 de la structure du b\u00e2timent en fournissant une couche suppl\u00e9mentaire de protection contre les intemp\u00e9ries et l'usure.<\/p>\n<p>Lors du choix d'un mat\u00e9riau de rev\u00eatement ext\u00e9rieur, des facteurs tels que le co\u00fbt, l'entretien, la durabilit\u00e9 et la r\u00e9sistance au feu doivent \u00eatre pris en consid\u00e9ration. Certains mat\u00e9riaux, comme le vinyle et le m\u00e9tal, n\u00e9cessitent relativement peu d'entretien et sont rentables, tandis que d'autres, comme la pierre et la brique, sont plus co\u00fbteux mais offrent une durabilit\u00e9 et une r\u00e9sistance au feu accrues.<\/p>\n<p>La pose d'un rev\u00eatement ext\u00e9rieur consiste \u00e0 fixer le mat\u00e9riau \u00e0 l'ext\u00e9rieur du b\u00e2timent, soit directement sur le mur de structure, soit sur une couche d'isolation. La m\u00e9thode de pose la plus courante consiste \u00e0 visser le mat\u00e9riau au mur de structure, bien que certains mat\u00e9riaux puissent \u00eatre coll\u00e9s \u00e0 l'aide d'un adh\u00e9sif ou suspendus \u00e0 une ossature.<\/p>\n<p>Outre ses avantages fonctionnels, le bardage ext\u00e9rieur offre \u00e9galement de nombreuses possibilit\u00e9s de conception. Diff\u00e9rents mat\u00e9riaux et couleurs peuvent \u00eatre combin\u00e9s pour cr\u00e9er des fa\u00e7ades uniques et attrayantes, et le mat\u00e9riau peut \u00eatre coup\u00e9 et fa\u00e7onn\u00e9 pour s'adapter aux fen\u00eatres, aux portes et \u00e0 d'autres \u00e9l\u00e9ments architecturaux.<\/p>\n<p>Dans l'ensemble, le rev\u00eatement ext\u00e9rieur est un aspect important de la construction d'un b\u00e2timent qui offre des avantages \u00e0 la fois fonctionnels et esth\u00e9tiques. En choisissant le bon mat\u00e9riau et en l'installant correctement, le rev\u00eatement ext\u00e9rieur peut am\u00e9liorer l'apparence et les performances d'un b\u00e2timent pendant de nombreuses ann\u00e9es.<\/p>\n<p><img loading=\"lazy\" decoding=\"async\" class=\"alignnone size-full wp-image-20522\" src=\"http:\/\/stone-phoenix.com\/wp-content\/uploads\/2023\/12\/1703880859.jpg\" width=\"750\" height=\"1000\" srcset=\"https:\/\/stone-phoenix.com\/wp-content\/uploads\/2023\/12\/1703880859.jpg 750w, https:\/\/stone-phoenix.com\/wp-content\/uploads\/2023\/12\/1703880859-225x300.jpg 225w, https:\/\/stone-phoenix.com\/wp-content\/uploads\/2023\/12\/1703880859-9x12.jpg 9w, https:\/\/stone-phoenix.com\/wp-content\/uploads\/2023\/12\/1703880859-600x800.jpg 600w, https:\/\/stone-phoenix.com\/wp-content\/uploads\/2023\/12\/1703880859-150x200.jpg 150w\" sizes=\"(max-width: 750px) 100vw, 750px\" \/><img loading=\"lazy\" decoding=\"async\" class=\"alignnone  wp-image-27298\" src=\"http:\/\/stone-phoenix.com\/wp-content\/uploads\/2023\/12\/Exterior-Wall-Cladding-Factory-Price-Natural-1.jpg\" alt=\"\" width=\"973\" height=\"567\" srcset=\"https:\/\/stone-phoenix.com\/wp-content\/uploads\/2023\/12\/Exterior-Wall-Cladding-Factory-Price-Natural-1.jpg 685w, https:\/\/stone-phoenix.com\/wp-content\/uploads\/2023\/12\/Exterior-Wall-Cladding-Factory-Price-Natural-1-300x175.jpg 300w, https:\/\/stone-phoenix.com\/wp-content\/uploads\/2023\/12\/Exterior-Wall-Cladding-Factory-Price-Natural-1-18x10.jpg 18w, https:\/\/stone-phoenix.com\/wp-content\/uploads\/2023\/12\/Exterior-Wall-Cladding-Factory-Price-Natural-1-600x349.jpg 600w, https:\/\/stone-phoenix.com\/wp-content\/uploads\/2023\/12\/Exterior-Wall-Cladding-Factory-Price-Natural-1-150x87.jpg 150w\" sizes=\"(max-width: 973px) 100vw, 973px\" \/><\/p>\n<p><img loading=\"lazy\" decoding=\"async\" class=\"alignnone  wp-image-20523\" src=\"http:\/\/stone-phoenix.com\/wp-content\/uploads\/2023\/12\/1703880860.jpg\" width=\"958\" height=\"1444\" srcset=\"https:\/\/stone-phoenix.com\/wp-content\/uploads\/2023\/12\/1703880860.jpg 849w, https:\/\/stone-phoenix.com\/wp-content\/uploads\/2023\/12\/1703880860-199x300.jpg 199w, https:\/\/stone-phoenix.com\/wp-content\/uploads\/2023\/12\/1703880860-679x1024.jpg 679w, https:\/\/stone-phoenix.com\/wp-content\/uploads\/2023\/12\/1703880860-768x1158.jpg 768w, https:\/\/stone-phoenix.com\/wp-content\/uploads\/2023\/12\/1703880860-8x12.jpg 8w, https:\/\/stone-phoenix.com\/wp-content\/uploads\/2023\/12\/1703880860-600x905.jpg 600w, https:\/\/stone-phoenix.com\/wp-content\/uploads\/2023\/12\/1703880860-150x226.jpg 150w\" sizes=\"(max-width: 958px) 100vw, 958px\" \/><img loading=\"lazy\" decoding=\"async\" class=\"alignnone size-full wp-image-20525\" src=\"http:\/\/stone-phoenix.com\/wp-content\/uploads\/2023\/12\/1703880864.jpg\" width=\"1000\" height=\"1000\" srcset=\"https:\/\/stone-phoenix.com\/wp-content\/uploads\/2023\/12\/1703880864.jpg 1000w, https:\/\/stone-phoenix.com\/wp-content\/uploads\/2023\/12\/1703880864-300x300.jpg 300w, https:\/\/stone-phoenix.com\/wp-content\/uploads\/2023\/12\/1703880864-150x150.jpg 150w, https:\/\/stone-phoenix.com\/wp-content\/uploads\/2023\/12\/1703880864-768x768.jpg 768w, https:\/\/stone-phoenix.com\/wp-content\/uploads\/2023\/12\/1703880864-12x12.jpg 12w, https:\/\/stone-phoenix.com\/wp-content\/uploads\/2023\/12\/1703880864-600x600.jpg 600w\" sizes=\"(max-width: 1000px) 100vw, 1000px\" \/><\/p>\n<div id=\"ali-anchor-AliPostDhMb-qkngg\" style=\"padding-top: 8px;\" data-section=\"AliPostDhMb-qkngg\" data-section-title=\"Product Description\">\n<div id=\"ali-title-AliPostDhMb-qkngg\" style=\"padding: 8px 0; border-bottom: 1px solid #ddd;\"><span style=\"background-color: #ddd; color: #333; font-weight: bold; padding: 8px 10px; line-height: 12px;\">Description du produit<\/span><\/div>\n<div style=\"padding: 10px 0;\">\n<table class=\"aliDataTable\" style=\"color: #000000; font-family: Arial; font-size: 12px; font-style: normal; font-weight: 400; background-color: #ffffff; width: 746.066px; height: 226px; border: 1px solid #b3b3b3;\">\n<tbody>\n<tr style=\"height: 21px;\">\n<td style=\"border: 1px solid #b3b3b3; width: 162px;\"><strong><span style=\"font-family: arial, helvetica, sans-serif; font-size: 14px;\">Mat\u00e9riau :<\/span><\/strong><\/td>\n<td style=\"border: 1px solid #b3b3b3; width: 595.066px;\"><span style=\"font-family: arial, helvetica, sans-serif; font-size: 14px;\">Granit<\/span><\/td>\n<\/tr>\n<tr style=\"height: 21px;\">\n<td style=\"border: 1px solid #b3b3b3; width: 162px;\"><strong><span style=\"font-family: arial, helvetica, sans-serif; font-size: 14px;\">Couleur :<\/span><\/strong><\/td>\n<td style=\"border: 1px solid #b3b3b3; width: 595.066px;\"><span style=\"font-family: arial, helvetica, sans-serif; font-size: 14px;\">Blanc, beige, noir, marron, gris, rouge, vert, bleu, etc.<\/span><\/td>\n<\/tr>\n<tr style=\"height: 21px;\">\n<td style=\"border: 1px solid #b3b3b3; width: 162px;\" rowspan=\"3\"><strong><span style=\"font-family: arial, helvetica, sans-serif; font-size: 14px;\">Taille :<\/span><\/strong><\/td>\n<td style=\"border: 1px solid #b3b3b3; width: 595.066px;\"><span style=\"font-family: arial, helvetica, sans-serif; font-size: 14px;\"><span style=\"text-decoration: underline;\">Carreaux disponibles<\/span> <\/span><br \/>\n<span style=\"font-family: arial, helvetica, sans-serif; font-size: 14px;\">12\u2032 X 12\u2033,24\u2032 X 24\u2033,12\u2032 X 24\u2033,etc 300x300mm,300x600mm,400x400mm,600x600mm,600\u00d71200,800\u00d7800,etc<\/span><\/td>\n<\/tr>\n<tr style=\"height: 21px;\">\n<td style=\"border: 1px solid #b3b3b3; width: 595.066px;\"><span style=\"font-family: arial, helvetica, sans-serif; font-size: 14px;\"><span style=\"text-decoration: underline;\">Grandes dalles disponibles<\/span>\u00a0 \u00a0 \u00a0 \u00a0 \u00a0 \u00a0 \u00a0 \u00a0 \u00a0 \u00a0 \u00a0 \u00a0 \u00a0 \u00a0 \u00a0 \u00a0 \u00a0 \u00a0 \u00a0 \u00a0 \u00a0 \u00a0 \u00a0 \u00a0 \u00a0 \u00a0 \u00a0 \u00a0 \u00a0 \u00a0 \u00a0 \u00a0 \u00a0 \u00a0 \u00a0 \u00a0 \u00a0 \u00a0 \u00a0 \u00a0 \u00a0 \u00a0 \u00a0 \u00a0 \u00a0 \u00a0 \u00a0 \u00a0 \u00a0 \u00a0 \u00a0 \u00a0 \u00a0 240cmUpx120UP<\/span><\/td>\n<\/tr>\n<tr style=\"height: 21px;\">\n<td style=\"border: 1px solid #b3b3b3; width: 595.066px;\"><span style=\"font-family: arial, helvetica, sans-serif; font-size: 14px;\">Des sp\u00e9cifications personnalis\u00e9es sont disponibles<\/span><\/td>\n<\/tr>\n<tr style=\"height: 21px;\">\n<td style=\"border: 1px solid #b3b3b3; width: 162px;\"><strong><span style=\"font-family: arial, helvetica, sans-serif; font-size: 14px;\">Tol\u00e9rance d'\u00e9paisseur :<\/span><\/strong><\/td>\n<td style=\"border: 1px solid #b3b3b3; width: 595.066px;\"><span style=\"font-size: 14px; font-family: arial, helvetica, sans-serif;\">\u00b10,05mm, \u00b11mm, \u00b11,5mm, \u00b12mm, selon les exigences de qualit\u00e9 du client<\/span><\/td>\n<\/tr>\n<tr style=\"height: 21px;\">\n<td style=\"border: 1px solid #b3b3b3; width: 162px;\"><strong><span style=\"font-family: arial, helvetica, sans-serif; font-size: 14px;\">Surface :<\/span><\/strong><\/td>\n<td style=\"border: 1px solid #b3b3b3; width: 595.066px;\"><span style=\"font-size: 14px; font-family: arial, helvetica, sans-serif;\">Poli, adouci, assorti au livre, antique, rainur\u00e9, bross\u00e9, d\u00e9cap\u00e9, sabl\u00e9, jet d'eau, etc.<\/span><\/td>\n<\/tr>\n<tr style=\"height: auto;\">\n<td style=\"border: 1px solid #b3b3b3; width: 162px;\"><strong><span style=\"font-family: arial, helvetica, sans-serif; font-size: 14px;\">Emballage :<\/span><\/strong><\/td>\n<td style=\"border: 1px solid #b3b3b3; width: 595.066px;\"><span style=\"font-family: arial, helvetica, sans-serif; font-size: 14px;\"> Fardeaux et caisses en bois en \u00e9tat de navigabilit\u00e9<\/span><\/td>\n<\/tr>\n<tr style=\"height: 21px;\">\n<td style=\"border: 1px solid #b3b3b3; width: 162px;\"><strong><span style=\"font-family: arial, helvetica, sans-serif; font-size: 14px;\">Application :<\/span><\/strong><\/td>\n<td style=\"border: 1px solid #b3b3b3; width: 595.066px;\"><span style=\"font-family: arial, helvetica, sans-serif; font-size: 14px;\">Mur int\u00e9rieur, sol, plinthe, mur de fond, comptoir, escalier, etc.<\/span><\/td>\n<\/tr>\n<tr style=\"height: 21px;\">\n<td style=\"border: 1px solid #b3b3b3; width: 162px;\"><strong><span style=\"font-family: arial, helvetica, sans-serif; font-size: 14px;\">D\u00e9lai de livraison :<\/span><\/strong><\/td>\n<td style=\"border: 1px solid #b3b3b3; width: 595.066px;\"><span style=\"font-family: arial, helvetica, sans-serif; font-size: 14px;\"> 15-20 jours pour les tailles normales<\/span><\/td>\n<\/tr>\n<tr style=\"height: 21px;\">\n<td style=\"border: 1px solid #b3b3b3; width: 162px;\"><strong><span style=\"font-family: arial, helvetica, sans-serif; font-size: 14px;\">Certificat :<\/span><\/strong><\/td>\n<td style=\"border: 1px solid #b3b3b3; width: 595.066px;\"><span style=\"font-family: arial, helvetica, sans-serif; font-size: 14px;\">CE, SGS<\/span><\/td>\n<\/tr>\n<tr style=\"height: 21px;\">\n<td style=\"border: 1px solid #b3b3b3; width: 162px;\"><strong><span style=\"font-family: arial, helvetica, sans-serif; font-size: 14px;\">Conditions de paiement :<\/span><\/strong><\/td>\n<td style=\"border: 1px solid #b3b3b3; width: 595.066px;\"><span style=\"font-family: arial, helvetica, sans-serif; font-size: 14px;\">T\/T, L\/C, D\/P<\/span><\/td>\n<\/tr>\n<tr style=\"height: 42px;\">\n<td style=\"border: 1px solid #b3b3b3; width: 162px;\"><strong><span style=\"font-family: arial, helvetica, sans-serif; font-size: 14px;\">Avantage :<\/span><\/strong><\/td>\n<td style=\"border: 1px solid #b3b3b3; width: 595.066px;\"><span style=\"font-family: arial, helvetica, sans-serif; font-size: 14px;\">1) Service unique pour la pierre ;<\/span><\/p>\n<p><span style=\"font-family: arial, helvetica, sans-serif; font-size: 14px;\">2) Poss\u00e9der 3 carri\u00e8res et 9 usines ;<\/span><\/p>\n<p><span style=\"font-family: arial, helvetica, sans-serif; font-size: 14px;\">3) Des supports technologiques de pointe.<\/span><\/td>\n<\/tr>\n<tr style=\"height: 42px;\">\n<td style=\"border: 1px solid #b3b3b3; width: 162px;\"><strong><span style=\"font-family: arial, helvetica, sans-serif; font-size: 14px;\">Assurance de la qualit\u00e9 et de la livraison :\u00a0<\/span><\/strong><\/td>\n<td style=\"border: 1px solid #b3b3b3; width: 595.066px;\"><span style=\"font-family: arial, helvetica, sans-serif; font-size: 14px;\">Tout au long du processus de production, du choix des mat\u00e9riaux \u00e0 l'emballage en passant par la fabrication, notre service de contr\u00f4le de la qualit\u00e9 contr\u00f4le rigoureusement chaque pi\u00e8ce et chaque processus afin de garantir le respect des normes de qualit\u00e9 et le respect des d\u00e9lais de livraison.<\/span><\/td>\n<\/tr>\n<\/tbody>\n<\/table>\n<\/div>\n<\/div>\n<div id=\"ali-anchor-AliPostDhMb-ils4t\" style=\"padding-top: 8px;\" data-section=\"AliPostDhMb-ils4t\" data-section-title=\"FAQ\">\n<div style=\"padding: 10px 0;\"><\/div>\n<\/div>\n<\/div>","protected":false},"excerpt":{"rendered":"<p>Factory Price natural stone exterior wall cladding granite stone For project Exterior cladding walls refer to the application of a<\/p>","protected":false},"featured_media":20521,"template":"","meta":[],"product_cat":[112],"product_tag":[],"_links":{"self":[{"href":"https:\/\/stone-phoenix.com\/fr\/wp-json\/wp\/v2\/product\/20520"}],"collection":[{"href":"https:\/\/stone-phoenix.com\/fr\/wp-json\/wp\/v2\/product"}],"about":[{"href":"https:\/\/stone-phoenix.com\/fr\/wp-json\/wp\/v2\/types\/product"}],"wp:featuredmedia":[{"embeddable":true,"href":"https:\/\/stone-phoenix.com\/fr\/wp-json\/wp\/v2\/media\/20521"}],"wp:attachment":[{"href":"https:\/\/stone-phoenix.com\/fr\/wp-json\/wp\/v2\/media?parent=20520"}],"wp:term":[{"taxonomy":"product_cat","embeddable":true,"href":"https:\/\/stone-phoenix.com\/fr\/wp-json\/wp\/v2\/product_cat?post=20520"},{"taxonomy":"product_tag","embeddable":true,"href":"https:\/\/stone-phoenix.com\/fr\/wp-json\/wp\/v2\/product_tag?post=20520"}],"curies":[{"name":"wp","href":"https:\/\/api.w.org\/{rel}","templated":true}]}}