{"id":20535,"date":"2023-12-29T20:14:46","date_gmt":"2023-12-29T12:14:46","guid":{"rendered":"http:\/\/stone-phoenix.com\/product\/exterior-wall-cladding-natural-stone-tiles"},"modified":"2024-04-04T22:49:51","modified_gmt":"2024-04-04T14:49:51","slug":"exterior-wall-cladding-natural-stone-tiles","status":"publish","type":"product","link":"https:\/\/stone-phoenix.com\/fr\/produit\/exterior-wall-cladding-natural-stone-tiles","title":{"rendered":"Rev\u00eatement mural ext\u00e9rieur Dalles en pierre naturelle"},"content":{"rendered":"<div id=\"tab-description\" class=\"woocommerce-Tabs-panel woocommerce-Tabs-panel--description panel entry-content wc-tab\" role=\"tabpanel\" aria-labelledby=\"tab-title-description\">\n<h2>Rev\u00eatement mural ext\u00e9rieur en pierre naturelle carrelage mural panneau mural<\/h2>\n<div class=\"flex-1 overflow-hidden\">\n<div class=\"react-scroll-to-bottom--css-bzdxa-79elbk h-full dark:bg-gray-800\">\n<div class=\"react-scroll-to-bottom--css-bzdxa-1n7m0yu\">\n<div class=\"flex flex-col items-center text-sm h-full dark:bg-gray-800\">\n<div class=\"w-full border-b border-black\/10 dark:border-gray-900\/50 text-gray-800 dark:text-gray-100 group bg-gray-50 dark:bg-[#444654]\">\n<div class=\"text-base gap-6 m-auto md:max-w-2xl lg:max-w-2xl xl:max-w-3xl p-4 md:py-6 flex lg:px-0\">\n<div class=\"relative flex w-full flex-col lg:w-[calc(100%-115px)]\">\n<div class=\"flex flex-col gap-3\">\n<div class=\"min-h-[20px] flex flex-col items-start gap-4 whitespace-pre-wrap\">\n<div class=\"markdown prose break-words dark:prose-invert light\">\n<p>Le rev\u00eatement des murs ext\u00e9rieurs consiste \u00e0 recouvrir les murs ext\u00e9rieurs d'un b\u00e2timent d'une couche de mat\u00e9riau \u00e0 des fins esth\u00e9tiques ou fonctionnelles. Ce rev\u00eatement peut \u00eatre constitu\u00e9 de divers mat\u00e9riaux, notamment la brique, la pierre, le m\u00e9tal, le vinyle et le bois.<\/p>\n<p>Les rev\u00eatements en briques et en pierres sont des choix populaires pour les b\u00e2timents traditionnels ou classiques. Ils sont durables et peuvent ajouter une touche de chaleur et de caract\u00e8re \u00e0 un b\u00e2timent. Cependant, leur installation peut \u00eatre co\u00fbteuse et n\u00e9cessiter beaucoup de travail.<\/p>\n<p>Le bardage m\u00e9tallique, tel que l'aluminium ou l'acier, est une autre option pour les murs ext\u00e9rieurs. Le bardage m\u00e9tallique est solide et durable, et il peut \u00eatre rev\u00eatu d'une grande vari\u00e9t\u00e9 de couleurs et de textures. Il n\u00e9cessite relativement peu d'entretien, mais son installation peut s'av\u00e9rer co\u00fbteuse.<\/p>\n<p>Le rev\u00eatement en vinyle est un choix populaire pour les murs ext\u00e9rieurs parce qu'il est relativement peu co\u00fbteux et facile \u00e0 installer. Il n\u00e9cessite \u00e9galement peu d'entretien et peut \u00eatre rev\u00eatu d'une grande vari\u00e9t\u00e9 de couleurs et de textures. Toutefois, il peut ne pas \u00eatre aussi durable que d'autres mat\u00e9riaux et ne pas avoir le m\u00eame attrait esth\u00e9tique que la brique ou la pierre.<\/p>\n<p>Le bardage en bois est une autre option pour les murs ext\u00e9rieurs, et il peut ajouter de la chaleur et du caract\u00e8re \u00e0 un b\u00e2timent. Il peut \u00eatre rev\u00eatu d'une grande vari\u00e9t\u00e9 de couleurs et de textures et n\u00e9cessite relativement peu d'entretien. Cependant, il peut \u00eatre co\u00fbteux \u00e0 installer et n\u00e9cessiter un entretien plus fr\u00e9quent pour le maintenir en bon \u00e9tat.<\/p>\n<p>Le rev\u00eatement des murs ext\u00e9rieurs est un \u00e9l\u00e9ment important pour tout b\u00e2timent, car il peut avoir une incidence sur l'apparence, la durabilit\u00e9 et l'efficacit\u00e9 \u00e9nerg\u00e9tique du b\u00e2timent. Il est important de choisir un mat\u00e9riau de rev\u00eatement adapt\u00e9 au climat et \u00e0 l'emplacement du b\u00e2timent, ainsi qu'au budget et aux exigences d'entretien du propri\u00e9taire<\/p>\n<\/div>\n<\/div>\n<\/div>\n<\/div>\n<\/div>\n<\/div>\n<\/div>\n<\/div>\n<\/div>\n<\/div>\n<p><img loading=\"lazy\" decoding=\"async\" class=\"alignnone wp-image-20538\" src=\"http:\/\/stone-phoenix.com\/wp-content\/uploads\/2023\/12\/1703880888.jpg\" width=\"1062\" height=\"1062\" srcset=\"https:\/\/stone-phoenix.com\/wp-content\/uploads\/2023\/12\/1703880888.jpg 750w, https:\/\/stone-phoenix.com\/wp-content\/uploads\/2023\/12\/1703880888-300x300.jpg 300w, https:\/\/stone-phoenix.com\/wp-content\/uploads\/2023\/12\/1703880888-150x150.jpg 150w, https:\/\/stone-phoenix.com\/wp-content\/uploads\/2023\/12\/1703880888-12x12.jpg 12w, https:\/\/stone-phoenix.com\/wp-content\/uploads\/2023\/12\/1703880888-600x600.jpg 600w\" sizes=\"(max-width: 1062px) 100vw, 1062px\" \/>\u00a0 \u00a0 \u00a0 \u00a0 \u00a0 \u00a0 \u00a0 <img loading=\"lazy\" decoding=\"async\" class=\"alignnone  wp-image-27290\" src=\"http:\/\/stone-phoenix.com\/wp-content\/uploads\/2023\/12\/Exterior-Wall-Cladding-Natural-Stone-Tiles-3-1.jpg\" alt=\"\" width=\"951\" height=\"549\" srcset=\"https:\/\/stone-phoenix.com\/wp-content\/uploads\/2023\/12\/Exterior-Wall-Cladding-Natural-Stone-Tiles-3-1.jpg 693w, https:\/\/stone-phoenix.com\/wp-content\/uploads\/2023\/12\/Exterior-Wall-Cladding-Natural-Stone-Tiles-3-1-300x173.jpg 300w, https:\/\/stone-phoenix.com\/wp-content\/uploads\/2023\/12\/Exterior-Wall-Cladding-Natural-Stone-Tiles-3-1-18x10.jpg 18w, https:\/\/stone-phoenix.com\/wp-content\/uploads\/2023\/12\/Exterior-Wall-Cladding-Natural-Stone-Tiles-3-1-600x346.jpg 600w, https:\/\/stone-phoenix.com\/wp-content\/uploads\/2023\/12\/Exterior-Wall-Cladding-Natural-Stone-Tiles-3-1-150x87.jpg 150w\" sizes=\"(max-width: 951px) 100vw, 951px\" \/>\u00a0 \u00a0 \u00a0 \u00a0 \u00a0 \u00a0 \u00a0 \u00a0 \u00a0 \u00a0 \u00a0 \u00a0 \u00a0 \u00a0 \u00a0 \u00a0 \u00a0 \u00a0 \u00a0 \u00a0 \u00a0 \u00a0 \u00a0 \u00a0 \u00a0 \u00a0 \u00a0 \u00a0 \u00a0 \u00a0 \u00a0 \u00a0 \u00a0 \u00a0 \u00a0 \u00a0 \u00a0 \u00a0 \u00a0 \u00a0 \u00a0 \u00a0 \u00a0 \u00a0 \u00a0 \u00a0 \u00a0 \u00a0 \u00a0 \u00a0 \u00a0 \u00a0 \u00a0 \u00a0 \u00a0 \u00a0 \u00a0 \u00a0 \u00a0 \u00a0 \u00a0 \u00a0 \u00a0 \u00a0 \u00a0 \u00a0 \u00a0 \u00a0 \u00a0 \u00a0 \u00a0 \u00a0 \u00a0 \u00a0 \u00a0 \u00a0 \u00a0 \u00a0 \u00a0 \u00a0 \u00a0 \u00a0 \u00a0 \u00a0 \u00a0 \u00a0 \u00a0 \u00a0 \u00a0 \u00a0 \u00a0 \u00a0 \u00a0 \u00a0 \u00a0 \u00a0 \u00a0 \u00a0 \u00a0 \u00a0 \u00a0 \u00a0 \u00a0 \u00a0 \u00a0 \u00a0 \u00a0 \u00a0 \u00a0 \u00a0 \u00a0 \u00a0 \u00a0 \u00a0 \u00a0 \u00a0 \u00a0 \u00a0 \u00a0 \u00a0 \u00a0 \u00a0 \u00a0 \u00a0 \u00a0 \u00a0 \u00a0 \u00a0 \u00a0 \u00a0 \u00a0 \u00a0 \u00a0 \u00a0 \u00a0 \u00a0 \u00a0 \u00a0 \u00a0 \u00a0 \u00a0 \u00a0 \u00a0 \u00a0 \u00a0 \u00a0 \u00a0 \u00a0 \u00a0 \u00a0 \u00a0 \u00a0 \u00a0 \u00a0 \u00a0<img loading=\"lazy\" decoding=\"async\" class=\"alignnone size-full wp-image-20539\" src=\"http:\/\/stone-phoenix.com\/wp-content\/uploads\/2023\/12\/1703880889.jpg\" width=\"1000\" height=\"750\" srcset=\"https:\/\/stone-phoenix.com\/wp-content\/uploads\/2023\/12\/1703880889.jpg 1000w, https:\/\/stone-phoenix.com\/wp-content\/uploads\/2023\/12\/1703880889-300x225.jpg 300w, https:\/\/stone-phoenix.com\/wp-content\/uploads\/2023\/12\/1703880889-768x576.jpg 768w, https:\/\/stone-phoenix.com\/wp-content\/uploads\/2023\/12\/1703880889-16x12.jpg 16w, https:\/\/stone-phoenix.com\/wp-content\/uploads\/2023\/12\/1703880889-600x450.jpg 600w, https:\/\/stone-phoenix.com\/wp-content\/uploads\/2023\/12\/1703880889-150x113.jpg 150w\" sizes=\"(max-width: 1000px) 100vw, 1000px\" \/><img loading=\"lazy\" decoding=\"async\" class=\"alignnone wp-image-20540\" src=\"http:\/\/stone-phoenix.com\/wp-content\/uploads\/2023\/12\/1703880891.jpg\" width=\"957\" height=\"1276\" srcset=\"https:\/\/stone-phoenix.com\/wp-content\/uploads\/2023\/12\/1703880891.jpg 750w, https:\/\/stone-phoenix.com\/wp-content\/uploads\/2023\/12\/1703880891-225x300.jpg 225w, https:\/\/stone-phoenix.com\/wp-content\/uploads\/2023\/12\/1703880891-9x12.jpg 9w, https:\/\/stone-phoenix.com\/wp-content\/uploads\/2023\/12\/1703880891-600x800.jpg 600w, https:\/\/stone-phoenix.com\/wp-content\/uploads\/2023\/12\/1703880891-150x200.jpg 150w\" sizes=\"(max-width: 957px) 100vw, 957px\" \/><\/p>\n<div style=\"margin: 0px; padding: 8px 0px; font-style: normal; font-weight: 400; font-size: 15px; line-height: inherit; font-family: Arial,Helvetica; vertical-align: baseline; color: #333333; background-color: #ffffff; border-style: initial initial solid initial;\"><span style=\"margin: 0px; padding: 8px 10px; border: 0px; font-style: inherit; font-weight: bold; font-size: inherit; line-height: 12px; vertical-align: baseline; background-color: #dddddd; color: #333333;\">Description du produit<\/span><\/div>\n<div style=\"margin: 0px; padding: 10px 0px; border: 0px; font-style: normal; font-weight: 400; font-size: 15px; line-height: inherit; font-family: Arial,Helvetica; vertical-align: baseline; color: #333333; background-color: #ffffff;\">\n<table style=\"margin: 0px; padding: 0px; font-style: normal; font-weight: 400; font-size: 12px; line-height: inherit; font-family: Arial; border-collapse: separate; width: 746.066px; color: #000000; background-color: #ffffff; height: 226px; border: 1px solid #b3b3b3;\">\n<tbody>\n<tr style=\"margin: 0px; padding: 0px; font-style: inherit; font-weight: inherit; font-size: 15px; line-height: inherit; height: 21px;\">\n<td style=\"margin: 0px; padding: 0px; font-style: inherit; font-weight: 400; font-size: 15px; line-height: inherit; float: none; border: 1px solid #b3b3b3; width: 162px;\"><strong><span style=\"margin: 0px; padding: 0px; border: 0px; font-style: inherit; font-weight: inherit; font-size: 14px; line-height: 22.5px; font-family: arial, helvetica, sans-serif; vertical-align: baseline;\">Couleur :<\/span><\/strong><\/td>\n<td style=\"margin: 0px; padding: 0px; font-style: inherit; font-weight: 400; font-size: 15px; line-height: inherit; float: none; border: 1px solid #b3b3b3; width: 595.066px;\"><span style=\"margin: 0px; padding: 0px; border: 0px; font-style: inherit; font-weight: inherit; font-size: 14px; line-height: 22.5px; font-family: arial, helvetica, sans-serif; vertical-align: baseline;\">Blanc, beige, noir, marron, gris, rouge, vert, bleu, etc.<\/span><\/td>\n<\/tr>\n<tr style=\"margin: 0px; padding: 0px; font-style: inherit; font-weight: inherit; font-size: 15px; line-height: inherit; height: 21px;\">\n<td style=\"margin: 0px; padding: 0px; font-style: inherit; font-weight: 400; font-size: 15px; line-height: inherit; float: none; border: 1px solid #b3b3b3; width: 162px;\" rowspan=\"3\">\n<p style=\"margin: 0px; padding: 0px; border: 0px; vertical-align: baseline;\"><strong><span style=\"margin: 0px; padding: 0px; border: 0px; font-style: inherit; font-weight: inherit; font-size: 14px; line-height: 22.5px; font-family: arial, helvetica, sans-serif; vertical-align: baseline;\">Taille :<\/span><\/strong><\/p>\n<\/td>\n<td style=\"margin: 0px; padding: 0px; font-style: inherit; font-weight: 400; font-size: 15px; line-height: inherit; float: none; border: 1px solid #b3b3b3; width: 595.066px;\"><span style=\"margin: 0px; padding: 0px; border: 0px; font-style: inherit; font-weight: inherit; font-size: 14px; line-height: 22.5px; font-family: arial, helvetica, sans-serif; vertical-align: baseline;\"><span style=\"margin: 0px; padding: 0px; border: 0px; font-style: inherit; font-weight: inherit; font-size: inherit; line-height: 22.5px; vertical-align: baseline; text-decoration: underline;\">Carreaux disponibles<\/span><\/span><br \/>\n<span style=\"margin: 0px; padding: 0px; border: 0px; font-style: inherit; font-weight: inherit; font-size: 14px; line-height: 22.5px; font-family: arial, helvetica, sans-serif; vertical-align: baseline;\">12\u2032 X 12\u2033,24\u2032 X 24\u2033,12\u2032 X 24\u2033,etc 300x300mm,300x600mm,400x400mm,600x600mm,600\u00d71200,800\u00d7800,etc<\/span><\/td>\n<\/tr>\n<tr style=\"margin: 0px; padding: 0px; font-style: inherit; font-weight: inherit; font-size: 15px; line-height: inherit; height: 21px;\">\n<td style=\"margin: 0px; padding: 0px; font-style: inherit; font-weight: 400; font-size: 15px; line-height: inherit; float: none; border: 1px solid #b3b3b3; width: 595.066px;\"><span style=\"margin: 0px; padding: 0px; border: 0px; font-style: inherit; font-weight: inherit; font-size: 14px; line-height: 22.5px; font-family: arial, helvetica, sans-serif; vertical-align: baseline;\"><span style=\"margin: 0px; padding: 0px; border: 0px; font-style: inherit; font-weight: inherit; font-size: inherit; line-height: 22.5px; vertical-align: baseline; text-decoration: underline;\">Grandes dalles disponibles<\/span>\u00a0 \u00a0 \u00a0 \u00a0 \u00a0 \u00a0 \u00a0 \u00a0 \u00a0 \u00a0 \u00a0 \u00a0 \u00a0 \u00a0 \u00a0 \u00a0 \u00a0 \u00a0 \u00a0 \u00a0 \u00a0 \u00a0 \u00a0 \u00a0 \u00a0 \u00a0 \u00a0 \u00a0 \u00a0 \u00a0 \u00a0 \u00a0 \u00a0 \u00a0 \u00a0 \u00a0 \u00a0 \u00a0 \u00a0 \u00a0 \u00a0 \u00a0 \u00a0 \u00a0 \u00a0 \u00a0 \u00a0 \u00a0 \u00a0 \u00a0 \u00a0 \u00a0 \u00a0 240cmUpx120UP<\/span><\/td>\n<\/tr>\n<tr style=\"margin: 0px; padding: 0px; font-style: inherit; font-weight: inherit; font-size: 15px; line-height: inherit; height: 21px;\">\n<td style=\"margin: 0px; padding: 0px; font-style: inherit; font-weight: 400; font-size: 15px; line-height: inherit; float: none; border: 1px solid #b3b3b3; width: 595.066px;\"><span style=\"margin: 0px; padding: 0px; border: 0px; font-style: inherit; font-weight: inherit; font-size: 14px; line-height: 22.5px; font-family: arial, helvetica, sans-serif; vertical-align: baseline;\">Des sp\u00e9cifications personnalis\u00e9es sont disponibles<\/span><\/td>\n<\/tr>\n<tr style=\"margin: 0px; padding: 0px; font-style: inherit; font-weight: inherit; font-size: 15px; line-height: inherit; height: 21px;\">\n<td style=\"margin: 0px; padding: 0px; font-style: inherit; font-weight: 400; font-size: 15px; line-height: inherit; float: none; border: 1px solid #b3b3b3; width: 162px;\"><strong><span style=\"margin: 0px; padding: 0px; border: 0px; font-style: inherit; font-weight: inherit; font-size: 14px; line-height: 22.5px; font-family: arial, helvetica, sans-serif; vertical-align: baseline;\">Tol\u00e9rance d'\u00e9paisseur :<\/span><\/strong><\/td>\n<td style=\"margin: 0px; padding: 0px; font-style: inherit; font-weight: 400; font-size: 15px; line-height: inherit; float: none; border: 1px solid #b3b3b3; width: 595.066px;\"><span style=\"margin: 0px; padding: 0px; border: 0px; font-style: inherit; font-weight: inherit; font-size: 14px; line-height: 22.5px; font-family: arial, helvetica, sans-serif; vertical-align: baseline;\">\u00b10,05mm, \u00b11mm, \u00b11,5mm, \u00b12mm, selon les exigences de qualit\u00e9 du client<\/span><\/td>\n<\/tr>\n<tr style=\"margin: 0px; padding: 0px; font-style: inherit; font-weight: inherit; font-size: 15px; line-height: inherit; height: 21px;\">\n<td style=\"margin: 0px; padding: 0px; font-style: inherit; font-weight: 400; font-size: 15px; line-height: inherit; float: none; border: 1px solid #b3b3b3; width: 162px;\">\n<p style=\"margin: 0px; padding: 0px; border: 0px; vertical-align: baseline;\"><strong><span style=\"margin: 0px; padding: 0px; border: 0px; font-style: inherit; font-weight: inherit; font-size: 14px; line-height: 22.5px; font-family: arial, helvetica, sans-serif; vertical-align: baseline;\">Surface :<\/span><\/strong><\/p>\n<\/td>\n<td style=\"margin: 0px; padding: 0px; font-style: inherit; font-weight: 400; font-size: 15px; line-height: inherit; float: none; border: 1px solid #b3b3b3; width: 595.066px;\"><span style=\"margin: 0px; padding: 0px; border: 0px; font-style: inherit; font-weight: inherit; font-size: 14px; line-height: 22.5px; font-family: arial, helvetica, sans-serif; vertical-align: baseline;\">Poli, adouci, assorti au livre, antique, rainur\u00e9, bross\u00e9, d\u00e9cap\u00e9, sabl\u00e9, jet d'eau, etc.<\/span><\/td>\n<\/tr>\n<tr style=\"margin: 0px; padding: 0px; font-style: inherit; font-weight: inherit; font-size: 15px; line-height: inherit; height: auto;\">\n<td style=\"margin: 0px; padding: 0px; font-style: inherit; font-weight: 400; font-size: 15px; line-height: inherit; float: none; border: 1px solid #b3b3b3; width: 162px;\"><strong><span style=\"margin: 0px; padding: 0px; border: 0px; font-style: inherit; font-weight: inherit; font-size: 14px; line-height: 22.5px; font-family: arial, helvetica, sans-serif; vertical-align: baseline;\">Emballage :<\/span><\/strong><\/td>\n<td style=\"margin: 0px; padding: 0px; font-style: inherit; font-weight: 400; font-size: 15px; line-height: inherit; float: none; border: 1px solid #b3b3b3; width: 595.066px;\"><span style=\"margin: 0px; padding: 0px; border: 0px; font-style: inherit; font-weight: inherit; font-size: 14px; line-height: 22.5px; font-family: arial, helvetica, sans-serif; vertical-align: baseline;\">Fardeaux et caisses en bois en \u00e9tat de navigabilit\u00e9<\/span><\/td>\n<\/tr>\n<tr style=\"margin: 0px; padding: 0px; font-style: inherit; font-weight: inherit; font-size: 15px; line-height: inherit; height: 21px;\">\n<td style=\"margin: 0px; padding: 0px; font-style: inherit; font-weight: 400; font-size: 15px; line-height: inherit; float: none; border: 1px solid #b3b3b3; width: 162px;\"><strong><span style=\"margin: 0px; padding: 0px; border: 0px; font-style: inherit; font-weight: inherit; font-size: 14px; line-height: 22.5px; font-family: arial, helvetica, sans-serif; vertical-align: baseline;\">Application :<\/span><\/strong><\/td>\n<td style=\"margin: 0px; padding: 0px; font-style: inherit; font-weight: 400; font-size: 15px; line-height: inherit; float: none; border: 1px solid #b3b3b3; width: 595.066px;\"><span style=\"margin: 0px; padding: 0px; border: 0px; font-style: inherit; font-weight: inherit; font-size: 14px; line-height: 22.5px; font-family: arial, helvetica, sans-serif; vertical-align: baseline;\">Mur int\u00e9rieur, sol, plinthe, mur de fond, comptoir, escalier, etc.<\/span><\/td>\n<\/tr>\n<tr style=\"margin: 0px; padding: 0px; font-style: inherit; font-weight: inherit; font-size: 15px; line-height: inherit; height: 21px;\">\n<td style=\"margin: 0px; padding: 0px; font-style: inherit; font-weight: 400; font-size: 15px; line-height: inherit; float: none; border: 1px solid #b3b3b3; width: 162px;\"><strong><span style=\"margin: 0px; padding: 0px; border: 0px; font-style: inherit; font-weight: inherit; font-size: 14px; line-height: 22.5px; font-family: arial, helvetica, sans-serif; vertical-align: baseline;\">D\u00e9lai de livraison :<\/span><\/strong><\/td>\n<td style=\"margin: 0px; padding: 0px; font-style: inherit; font-weight: 400; font-size: 15px; line-height: inherit; float: none; border: 1px solid #b3b3b3; width: 595.066px;\"><span style=\"margin: 0px; padding: 0px; border: 0px; font-style: inherit; font-weight: inherit; font-size: 14px; line-height: 22.5px; font-family: arial, helvetica, sans-serif; vertical-align: baseline;\">15-20 jours pour les tailles normales<\/span><\/td>\n<\/tr>\n<tr style=\"margin: 0px; padding: 0px; font-style: inherit; font-weight: inherit; font-size: 15px; line-height: inherit; height: 21px;\">\n<td style=\"margin: 0px; padding: 0px; font-style: inherit; font-weight: 400; font-size: 15px; line-height: inherit; float: none; border: 1px solid #b3b3b3; width: 162px;\">\n<p style=\"margin: 0px; padding: 0px; border: 0px; vertical-align: baseline;\"><strong><span style=\"margin: 0px; padding: 0px; border: 0px; font-style: inherit; font-weight: inherit; font-size: 14px; line-height: 22.5px; font-family: arial, helvetica, sans-serif; vertical-align: baseline;\">Certificat :<\/span><\/strong><\/p>\n<\/td>\n<td style=\"margin: 0px; padding: 0px; font-style: inherit; font-weight: 400; font-size: 15px; line-height: inherit; float: none; border: 1px solid #b3b3b3; width: 595.066px;\"><span style=\"margin: 0px; padding: 0px; border: 0px; font-style: inherit; font-weight: inherit; font-size: 14px; line-height: 22.5px; font-family: arial, helvetica, sans-serif; vertical-align: baseline;\">CE, SGS<\/span><\/td>\n<\/tr>\n<tr style=\"margin: 0px; padding: 0px; font-style: inherit; font-weight: inherit; font-size: 15px; line-height: inherit; height: 21px;\">\n<td style=\"margin: 0px; padding: 0px; font-style: inherit; font-weight: 400; font-size: 15px; line-height: inherit; float: none; border: 1px solid #b3b3b3; width: 162px;\">\n<p style=\"margin: 0px; padding: 0px; border: 0px; vertical-align: baseline;\"><strong><span style=\"margin: 0px; padding: 0px; border: 0px; font-style: inherit; font-weight: inherit; font-size: 14px; line-height: 22.5px; font-family: arial, helvetica, sans-serif; vertical-align: baseline;\">Conditions de paiement :<\/span><\/strong><\/p>\n<\/td>\n<td style=\"margin: 0px; padding: 0px; font-style: inherit; font-weight: 400; font-size: 15px; line-height: inherit; float: none; border: 1px solid #b3b3b3; width: 595.066px;\"><span style=\"margin: 0px; padding: 0px; border: 0px; font-style: inherit; font-weight: inherit; font-size: 14px; line-height: 22.5px; font-family: arial, helvetica, sans-serif; vertical-align: baseline;\">T\/T, L\/C, D\/P<\/span><\/td>\n<\/tr>\n<tr style=\"margin: 0px; padding: 0px; font-style: inherit; font-weight: inherit; font-size: 15px; line-height: inherit; height: 42px;\">\n<td style=\"margin: 0px; padding: 0px; font-style: inherit; font-weight: 400; font-size: 15px; line-height: inherit; float: none; border: 1px solid #b3b3b3; width: 162px;\"><strong><span style=\"margin: 0px; padding: 0px; border: 0px; font-style: inherit; font-weight: inherit; font-size: 14px; line-height: 22.5px; font-family: arial, helvetica, sans-serif; vertical-align: baseline;\">Avantage :<\/span><\/strong><\/td>\n<td style=\"margin: 0px; padding: 0px; font-style: inherit; font-weight: 400; font-size: 15px; line-height: inherit; float: none; border: 1px solid #b3b3b3; width: 595.066px;\">\n<p style=\"margin: 0px; padding: 0px; border: 0px; vertical-align: baseline;\"><span style=\"margin: 0px; padding: 0px; border: 0px; font-style: inherit; font-weight: inherit; font-size: 14px; line-height: 22.5px; font-family: arial, helvetica, sans-serif; vertical-align: baseline;\">1) Service unique pour la pierre ;<\/span><\/p>\n<p style=\"margin: 0px; padding: 0px; border: 0px; vertical-align: baseline;\"><span style=\"margin: 0px; padding: 0px; border: 0px; font-style: inherit; font-weight: inherit; font-size: 14px; line-height: 22.5px; font-family: arial, helvetica, sans-serif; vertical-align: baseline;\">2) Poss\u00e9der 3 carri\u00e8res et 9 usines ;<\/span><\/p>\n<p style=\"margin: 0px; padding: 0px; border: 0px; vertical-align: baseline;\"><span style=\"margin: 0px; padding: 0px; border: 0px; font-style: inherit; font-weight: inherit; font-size: 14px; line-height: 22.5px; font-family: arial, helvetica, sans-serif; vertical-align: baseline;\">3) Des supports technologiques de pointe.<\/span><\/p>\n<\/td>\n<\/tr>\n<tr style=\"margin: 0px; padding: 0px; font-style: inherit; font-weight: inherit; font-size: 15px; line-height: inherit; height: 42px;\">\n<td style=\"margin: 0px; padding: 0px; font-style: inherit; font-weight: 400; font-size: 15px; line-height: inherit; float: none; border: 1px solid #b3b3b3; width: 162px;\"><strong><span style=\"margin: 0px; padding: 0px; border: 0px; font-style: inherit; font-weight: inherit; font-size: 14px; line-height: 22.5px; font-family: arial, helvetica, sans-serif; vertical-align: baseline;\">Assurance de la qualit\u00e9 et de la livraison :\u00a0<\/span><\/strong><\/td>\n<td style=\"margin: 0px; padding: 0px; font-style: inherit; font-weight: 400; font-size: 15px; line-height: inherit; float: none; border: 1px solid #b3b3b3; width: 595.066px;\">\n<p style=\"margin: 0px; padding: 0px; border: 0px; vertical-align: baseline;\"><span style=\"margin: 0px; padding: 0px; border: 0px; font-style: inherit; font-weight: inherit; font-size: 14px; line-height: 22.5px; font-family: arial, helvetica, sans-serif; vertical-align: baseline;\">Tout au long du processus de production, du choix des mat\u00e9riaux \u00e0 l'emballage en passant par la fabrication, notre service de contr\u00f4le de la qualit\u00e9 contr\u00f4le rigoureusement chaque pi\u00e8ce et chaque processus afin de garantir le respect des normes de qualit\u00e9 et le respect des d\u00e9lais de livraison.<\/span><\/p>\n<\/td>\n<\/tr>\n<\/tbody>\n<\/table>\n<\/div>\n<\/div>","protected":false},"excerpt":{"rendered":"<p>Natural stone exterior wall cladding tiles wall tiles wall panel Exterior wall cladding is the process of covering the exterior<\/p>","protected":false},"featured_media":20536,"template":"","meta":[],"product_cat":[112],"product_tag":[],"_links":{"self":[{"href":"https:\/\/stone-phoenix.com\/fr\/wp-json\/wp\/v2\/product\/20535"}],"collection":[{"href":"https:\/\/stone-phoenix.com\/fr\/wp-json\/wp\/v2\/product"}],"about":[{"href":"https:\/\/stone-phoenix.com\/fr\/wp-json\/wp\/v2\/types\/product"}],"wp:featuredmedia":[{"embeddable":true,"href":"https:\/\/stone-phoenix.com\/fr\/wp-json\/wp\/v2\/media\/20536"}],"wp:attachment":[{"href":"https:\/\/stone-phoenix.com\/fr\/wp-json\/wp\/v2\/media?parent=20535"}],"wp:term":[{"taxonomy":"product_cat","embeddable":true,"href":"https:\/\/stone-phoenix.com\/fr\/wp-json\/wp\/v2\/product_cat?post=20535"},{"taxonomy":"product_tag","embeddable":true,"href":"https:\/\/stone-phoenix.com\/fr\/wp-json\/wp\/v2\/product_tag?post=20535"}],"curies":[{"name":"wp","href":"https:\/\/api.w.org\/{rel}","templated":true}]}}