{"id":20541,"date":"2023-12-29T20:14:57","date_gmt":"2023-12-29T12:14:57","guid":{"rendered":"http:\/\/stone-phoenix.com\/product\/paving-tiles-in-granite-limestone-travertine-patio"},"modified":"2024-04-04T22:28:02","modified_gmt":"2024-04-04T14:28:02","slug":"paving-tiles-in-granite-limestone-travertine-patio","status":"publish","type":"product","link":"https:\/\/stone-phoenix.com\/fr\/produit\/paving-tiles-in-granite-limestone-travertine-patio","title":{"rendered":"Dalles de pavage en granit calcaire travertin patio"},"content":{"rendered":"<div id=\"tab-description\" class=\"woocommerce-Tabs-panel woocommerce-Tabs-panel--description panel entry-content wc-tab\" role=\"tabpanel\" aria-labelledby=\"tab-title-description\">\n<div id=\"ali-anchor-AliPostDhMb-10ic2\" class=\"mceSectionContainer\" style=\"padding-top: 8px;\" data-section=\"AliPostDhMb-10ic2\" data-section-title=\"Product Description\">\n<h2>Dalles de pavage en granit calcaire travertin patio kit pavage<\/h2>\n<p>Nos dalles de granit sont id\u00e9ales pour cr\u00e9er un aspect \u00e9l\u00e9gant et moderne. Les dalles ont une finition polie et des coins arrondis simples, de sorte qu'elles sont suffisamment subtiles pour \u00eatre laiss\u00e9es seules ou peuvent \u00eatre utilis\u00e9es pour cr\u00e9er un \u00e9l\u00e9ment de d\u00e9cor. Elles sont disponibles dans les couleurs les plus belles et les plus vari\u00e9es. La pierre peut \u00eatre utilis\u00e9e pour le pavage, les murs, les comptoirs, les tables et presque tout le reste.<br \/>\nLes dalles de granit sont le choix id\u00e9al pour les maisons, les jardins et les locaux commerciaux. Avec leur aspect luxueux et intemporel, ces dalles sont con\u00e7ues pour embellir n'importe quelle zone de votre maison. Elles peuvent \u00eatre utilis\u00e9es pour remplacer un rev\u00eatement de sol endommag\u00e9 ou pour am\u00e9liorer une cuisine ou une salle de bains v\u00e9tuste.<br \/>\nLes surfaces antid\u00e9rapantes du patio sont id\u00e9ales pour cuisiner, mais aussi pour s'assurer que l'on ne tombe pas. Les dalles de granit peuvent \u00eatre utilis\u00e9es pour les all\u00e9es, les terrasses et les cours qui n\u00e9cessitent un travail de haute qualit\u00e9. Le fait qu'ils aient une finition naturelle et durable signifie que vous n'avez pas \u00e0 vous soucier de l'entretien lorsque vous utilisez ces dalles de pavage.<\/p>\n<div id=\"ali-title-AliPostDhMb-10ic2\" style=\"padding: 8px 0; border-bottom: 1px solid #ddd;\"><span style=\"background-color: #ddd; color: #333; font-weight: bold; padding: 8px 10px; line-height: 12px;\">Description du produit<\/span><span style=\"font-size: 24px;\">\u00a0<\/span><\/div>\n<div style=\"padding: 10px 0;\">\n<table class=\"aliDataTable\" style=\"color: #000000; font-family: Arial; font-size: 12px; font-style: normal; font-weight: 400; background-color: #ffffff; width: 750px; height: 226px; border: 1px solid #b3b3b3;\">\n<tbody>\n<tr style=\"height: 42px;\">\n<td style=\"border: 1px solid #b3b3b3; width: 162px; height: 42px;\"><strong><span style=\"font-family: arial, helvetica, sans-serif; font-size: 14px;\">Nom du produit :<\/span><\/strong><\/td>\n<td style=\"border: 1px solid #b3b3b3; width: 595.066px; height: 42px;\"><span style=\"font-family: arial, helvetica, sans-serif; font-size: 14px;\">Divers pav\u00e9s en marbre, travertin, pierre calcaire<\/span><\/td>\n<\/tr>\n<tr style=\"height: 21px;\">\n<td style=\"border: 1px solid #b3b3b3; width: 162px; height: 21px;\"><strong><span style=\"font-family: arial, helvetica, sans-serif; font-size: 14px;\">Mat\u00e9riau :<\/span><\/strong><\/td>\n<td style=\"border: 1px solid #b3b3b3; width: 595.066px; height: 21px;\"><span style=\"font-family: arial, helvetica, sans-serif; font-size: 14px;\">Granit rose, granit G603, granit G654, granit G682, etc.<\/span><\/td>\n<\/tr>\n<tr style=\"height: 44px;\">\n<td style=\"border: 1px solid #b3b3b3; width: 162px; height: 65px;\" rowspan=\"2\">\n<p style=\"margin: 0px; padding: 0px;\"><strong><span style=\"font-family: arial, helvetica, sans-serif; font-size: 14px;\">Taille :<\/span><\/strong><\/p>\n<\/td>\n<td style=\"border: 1px solid #b3b3b3; width: 595.066px; height: 44px;\"><span style=\"font-size: 14px;\">Tailles<\/span><br \/>\n<span style=\"font-size: 14px;\">5X5X5CM,8X8X8CM,9X9X9CM,10X10X10CM,10x10x5cm,<\/span><span style=\"font-size: 14px;\">10x20x5cm,9.5\u00d79.5x4CM,19.5\u00d719.5x4CM,22X11X5CM,<\/span><\/p>\n<p><span style=\"font-size: 14px;\">16.5X11.5X5CM,19.7X19.7X8CM,14.5X14.5X8CM,16X16X16CM,<\/span><\/p>\n<p><span style=\"font-size: 14px;\">22X16X16CM,27x18x9cm,18x18x9cm,18x18x18CM <\/span><\/p>\n<p><span style=\"font-size: 14px;\">ou sur mesure<\/span><\/td>\n<\/tr>\n<tr style=\"height: 21px;\">\n<td style=\"border: 1px solid #b3b3b3; width: 595.066px; height: 21px;\"><span style=\"font-family: arial, helvetica, sans-serif; font-size: 14px;\">Des sp\u00e9cifications personnalis\u00e9es sont disponibles<\/span><\/td>\n<\/tr>\n<tr style=\"height: 42px;\">\n<td style=\"border: 1px solid #b3b3b3; width: 162px; height: 42px;\"><strong><span style=\"font-family: arial, helvetica, sans-serif; font-size: 14px;\">Tol\u00e9rance d'\u00e9paisseur :<\/span><\/strong><\/td>\n<td style=\"border: 1px solid #b3b3b3; width: 595.066px; height: 42px;\"><span style=\"font-size: 14px; font-family: arial, helvetica, sans-serif;\">\u00b11mm, \u00b11,5mm, \u00b12mm, selon les exigences de qualit\u00e9 du client<\/span><\/td>\n<\/tr>\n<tr style=\"height: 126px;\">\n<td style=\"border: 1px solid #b3b3b3; width: 162px; height: 126px;\">\n<p style=\"margin: 0px; padding: 0px;\"><strong><span style=\"font-family: arial, helvetica, sans-serif; font-size: 14px;\">Surface :<\/span><\/strong><\/p>\n<\/td>\n<td style=\"border: 1px solid #b3b3b3; width: 595.066px; height: 126px;\"><span style=\"font-size: 14px;\">Finition<\/span><br \/>\n<span style=\"font-size: 14px;\">a. Fente naturelle sur tous les c\u00f4t\u00e9s<\/span><br \/>\n<span style=\"font-size: 14px;\">b. Toutes les faces sont sci\u00e9es<\/span><br \/>\n<span style=\"font-size: 14px;\">c. 5 c\u00f4t\u00e9s coup\u00e9s \u00e0 la scie, surface fendue naturellement<\/span><br \/>\n<span style=\"font-size: 14px;\">d. 5 faces coup\u00e9es \u00e0 la scie, surface flamm\u00e9e<\/span><br \/>\n<span style=\"font-size: 14px;\">e. 4 c\u00f4t\u00e9s coup\u00e9s \u00e0 la scie, fendu naturel en haut, tambourin\u00e9, dos en maille\u00a0<\/span><\/td>\n<\/tr>\n<tr style=\"height: 21px;\">\n<td style=\"border: 1px solid #b3b3b3; width: 162px; height: 21px;\"><strong><span style=\"font-family: arial, helvetica, sans-serif; font-size: 14px;\">Emballage :<\/span><\/strong><\/td>\n<td style=\"border: 1px solid #b3b3b3; width: 595.066px; height: 21px;\"><span style=\"font-family: arial, helvetica, sans-serif; font-size: 14px;\">Fardeaux et caisses en bois en \u00e9tat de navigabilit\u00e9<\/span><\/td>\n<\/tr>\n<tr style=\"height: 21px;\">\n<td style=\"border: 1px solid #b3b3b3; width: 162px; height: 21px;\"><strong><span style=\"font-family: arial, helvetica, sans-serif; font-size: 14px;\">Application :<\/span><\/strong><\/td>\n<td style=\"border: 1px solid #b3b3b3; width: 595.066px; height: 21px;\"><span style=\"font-family: arial, helvetica, sans-serif; font-size: 14px;\">Largement utilis\u00e9 pour la d\u00e9coration int\u00e9rieure et ext\u00e9rieure<\/span><\/td>\n<\/tr>\n<tr style=\"height: 42px;\">\n<td style=\"border: 1px solid #b3b3b3; width: 162px; height: 42px;\"><strong><span style=\"font-family: arial, helvetica, sans-serif; font-size: 14px;\">D\u00e9lai de livraison :<\/span><\/strong><\/td>\n<td style=\"border: 1px solid #b3b3b3; width: 595.066px; height: 42px;\"><span style=\"font-family: arial, helvetica, sans-serif; font-size: 14px;\">15-20 jours pour les tailles normales<\/span><\/td>\n<\/tr>\n<tr style=\"height: 21px;\">\n<td style=\"border: 1px solid #b3b3b3; width: 162px; height: 21px;\">\n<p style=\"margin: 0px; padding: 0px;\"><strong><span style=\"font-family: arial, helvetica, sans-serif; font-size: 14px;\">Certificat :<\/span><\/strong><\/p>\n<\/td>\n<td style=\"border: 1px solid #b3b3b3; width: 595.066px; height: 21px;\"><span style=\"font-family: arial, helvetica, sans-serif; font-size: 14px;\">CE, SGS<\/span><\/td>\n<\/tr>\n<tr style=\"height: 42px;\">\n<td style=\"border: 1px solid #b3b3b3; width: 162px; height: 42px;\">\n<p style=\"margin: 0px; padding: 0px;\"><strong><span style=\"font-family: arial, helvetica, sans-serif; font-size: 14px;\">Conditions de paiement :<\/span><\/strong><\/p>\n<\/td>\n<td style=\"border: 1px solid #b3b3b3; width: 595.066px; height: 42px;\"><span style=\"font-family: arial, helvetica, sans-serif; font-size: 14px;\">T\/T, L\/C, D\/P<\/span><\/td>\n<\/tr>\n<tr style=\"height: 63px;\">\n<td style=\"border: 1px solid #b3b3b3; width: 162px; height: 63px;\"><strong><span style=\"font-family: arial, helvetica, sans-serif; font-size: 14px;\">Avantage :<\/span><\/strong><\/td>\n<td style=\"border: 1px solid #b3b3b3; width: 595.066px; height: 63px;\">\n<p style=\"margin: 0px; padding: 0px;\"><span style=\"font-family: arial, helvetica, sans-serif; font-size: 14px;\">1) Service unique pour la pierre ;<\/span><\/p>\n<p style=\"margin: 0px; padding: 0px;\"><span style=\"font-family: arial, helvetica, sans-serif; font-size: 14px;\">2) Poss\u00e9der 3 carri\u00e8res et 9 usines ;<\/span><\/p>\n<p style=\"margin: 0px; padding: 0px;\"><span style=\"font-family: arial, helvetica, sans-serif; font-size: 14px;\">3) Soutien \u00e0 la conception et \u00e0 la technologie.<\/span><\/p>\n<\/td>\n<\/tr>\n<tr style=\"height: 84px;\">\n<td style=\"border: 1px solid #b3b3b3; width: 162px; height: 84px;\"><strong><span style=\"font-family: arial, helvetica, sans-serif; font-size: 14px;\">Assurance de la qualit\u00e9 et de la livraison :\u00a0<\/span><\/strong><\/td>\n<td style=\"border: 1px solid #b3b3b3; width: 595.066px; height: 84px;\">\n<p style=\"margin: 0px; padding: 0px;\"><span style=\"font-family: arial, helvetica, sans-serif; font-size: 14px;\">Tout au long du processus de production, du choix des mat\u00e9riaux \u00e0 l'emballage en passant par la fabrication, notre service de contr\u00f4le de la qualit\u00e9 contr\u00f4le rigoureusement chaque pi\u00e8ce et chaque processus afin de garantir le respect des normes de qualit\u00e9 et le respect des d\u00e9lais de livraison.<\/span><\/p>\n<\/td>\n<\/tr>\n<\/tbody>\n<\/table>\n<p><img loading=\"lazy\" decoding=\"async\" class=\"alignnone size-full wp-image-27283\" src=\"http:\/\/stone-phoenix.com\/wp-content\/uploads\/2023\/12\/Paving-tiles-in-granite-limestone-travertine-patio-5.jpg\" alt=\"\" width=\"1386\" height=\"1036\" srcset=\"https:\/\/stone-phoenix.com\/wp-content\/uploads\/2023\/12\/Paving-tiles-in-granite-limestone-travertine-patio-5.jpg 1386w, https:\/\/stone-phoenix.com\/wp-content\/uploads\/2023\/12\/Paving-tiles-in-granite-limestone-travertine-patio-5-300x224.jpg 300w, https:\/\/stone-phoenix.com\/wp-content\/uploads\/2023\/12\/Paving-tiles-in-granite-limestone-travertine-patio-5-1024x765.jpg 1024w, https:\/\/stone-phoenix.com\/wp-content\/uploads\/2023\/12\/Paving-tiles-in-granite-limestone-travertine-patio-5-768x574.jpg 768w, https:\/\/stone-phoenix.com\/wp-content\/uploads\/2023\/12\/Paving-tiles-in-granite-limestone-travertine-patio-5-16x12.jpg 16w, https:\/\/stone-phoenix.com\/wp-content\/uploads\/2023\/12\/Paving-tiles-in-granite-limestone-travertine-patio-5-600x448.jpg 600w, https:\/\/stone-phoenix.com\/wp-content\/uploads\/2023\/12\/Paving-tiles-in-granite-limestone-travertine-patio-5-150x112.jpg 150w\" sizes=\"(max-width: 1386px) 100vw, 1386px\" \/><img loading=\"lazy\" decoding=\"async\" class=\"alignnone size-full wp-image-27284\" src=\"http:\/\/stone-phoenix.com\/wp-content\/uploads\/2023\/12\/Paving-tiles-in-granite-limestone-travertine-patio-4-1.jpg\" alt=\"\" width=\"1381\" height=\"1000\" srcset=\"https:\/\/stone-phoenix.com\/wp-content\/uploads\/2023\/12\/Paving-tiles-in-granite-limestone-travertine-patio-4-1.jpg 1381w, https:\/\/stone-phoenix.com\/wp-content\/uploads\/2023\/12\/Paving-tiles-in-granite-limestone-travertine-patio-4-1-300x217.jpg 300w, https:\/\/stone-phoenix.com\/wp-content\/uploads\/2023\/12\/Paving-tiles-in-granite-limestone-travertine-patio-4-1-1024x741.jpg 1024w, https:\/\/stone-phoenix.com\/wp-content\/uploads\/2023\/12\/Paving-tiles-in-granite-limestone-travertine-patio-4-1-768x556.jpg 768w, https:\/\/stone-phoenix.com\/wp-content\/uploads\/2023\/12\/Paving-tiles-in-granite-limestone-travertine-patio-4-1-18x12.jpg 18w, https:\/\/stone-phoenix.com\/wp-content\/uploads\/2023\/12\/Paving-tiles-in-granite-limestone-travertine-patio-4-1-600x434.jpg 600w, https:\/\/stone-phoenix.com\/wp-content\/uploads\/2023\/12\/Paving-tiles-in-granite-limestone-travertine-patio-4-1-150x109.jpg 150w\" sizes=\"(max-width: 1381px) 100vw, 1381px\" \/><img loading=\"lazy\" decoding=\"async\" class=\"alignnone size-full wp-image-27285\" src=\"http:\/\/stone-phoenix.com\/wp-content\/uploads\/2023\/12\/Paving-tiles-in-granite-limestone-travertine-patio-6.jpg\" alt=\"\" width=\"1396\" height=\"1240\" srcset=\"https:\/\/stone-phoenix.com\/wp-content\/uploads\/2023\/12\/Paving-tiles-in-granite-limestone-travertine-patio-6.jpg 1396w, https:\/\/stone-phoenix.com\/wp-content\/uploads\/2023\/12\/Paving-tiles-in-granite-limestone-travertine-patio-6-300x266.jpg 300w, https:\/\/stone-phoenix.com\/wp-content\/uploads\/2023\/12\/Paving-tiles-in-granite-limestone-travertine-patio-6-1024x910.jpg 1024w, https:\/\/stone-phoenix.com\/wp-content\/uploads\/2023\/12\/Paving-tiles-in-granite-limestone-travertine-patio-6-768x682.jpg 768w, https:\/\/stone-phoenix.com\/wp-content\/uploads\/2023\/12\/Paving-tiles-in-granite-limestone-travertine-patio-6-14x12.jpg 14w, https:\/\/stone-phoenix.com\/wp-content\/uploads\/2023\/12\/Paving-tiles-in-granite-limestone-travertine-patio-6-600x533.jpg 600w, https:\/\/stone-phoenix.com\/wp-content\/uploads\/2023\/12\/Paving-tiles-in-granite-limestone-travertine-patio-6-150x133.jpg 150w\" sizes=\"(max-width: 1396px) 100vw, 1396px\" \/>&nbsp;<\/p>\n<p><img loading=\"lazy\" decoding=\"async\" class=\"alignnone size-full wp-image-20547\" src=\"http:\/\/stone-phoenix.com\/wp-content\/uploads\/2023\/12\/1703880905.jpg\" width=\"1280\" height=\"853\" srcset=\"https:\/\/stone-phoenix.com\/wp-content\/uploads\/2023\/12\/1703880905.jpg 1280w, https:\/\/stone-phoenix.com\/wp-content\/uploads\/2023\/12\/1703880905-300x200.jpg 300w, https:\/\/stone-phoenix.com\/wp-content\/uploads\/2023\/12\/1703880905-1024x682.jpg 1024w, https:\/\/stone-phoenix.com\/wp-content\/uploads\/2023\/12\/1703880905-768x512.jpg 768w, https:\/\/stone-phoenix.com\/wp-content\/uploads\/2023\/12\/1703880905-18x12.jpg 18w, https:\/\/stone-phoenix.com\/wp-content\/uploads\/2023\/12\/1703880905-600x400.jpg 600w, https:\/\/stone-phoenix.com\/wp-content\/uploads\/2023\/12\/1703880905-150x100.jpg 150w\" sizes=\"(max-width: 1280px) 100vw, 1280px\" \/><\/p>\n<p>&nbsp;<\/p>\n<\/div>\n<\/div>\n<\/div>","protected":false},"excerpt":{"rendered":"<p>Paving tiles in granite limestone travertine patio kit paving Our Paving tiles in granite are ideal for creating an elegant,<\/p>","protected":false},"featured_media":27278,"template":"","meta":[],"product_cat":[112],"product_tag":[],"_links":{"self":[{"href":"https:\/\/stone-phoenix.com\/fr\/wp-json\/wp\/v2\/product\/20541"}],"collection":[{"href":"https:\/\/stone-phoenix.com\/fr\/wp-json\/wp\/v2\/product"}],"about":[{"href":"https:\/\/stone-phoenix.com\/fr\/wp-json\/wp\/v2\/types\/product"}],"wp:featuredmedia":[{"embeddable":true,"href":"https:\/\/stone-phoenix.com\/fr\/wp-json\/wp\/v2\/media\/27278"}],"wp:attachment":[{"href":"https:\/\/stone-phoenix.com\/fr\/wp-json\/wp\/v2\/media?parent=20541"}],"wp:term":[{"taxonomy":"product_cat","embeddable":true,"href":"https:\/\/stone-phoenix.com\/fr\/wp-json\/wp\/v2\/product_cat?post=20541"},{"taxonomy":"product_tag","embeddable":true,"href":"https:\/\/stone-phoenix.com\/fr\/wp-json\/wp\/v2\/product_tag?post=20541"}],"curies":[{"name":"wp","href":"https:\/\/api.w.org\/{rel}","templated":true}]}}