{"id":20549,"date":"2023-12-29T20:15:12","date_gmt":"2023-12-29T12:15:12","guid":{"rendered":"http:\/\/stone-phoenix.com\/product\/french-pattern-paving-tiles-in-granite-limestone"},"modified":"2024-04-04T22:21:42","modified_gmt":"2024-04-04T14:21:42","slug":"french-pattern-paving-tiles-in-granite-limestone","status":"publish","type":"product","link":"https:\/\/stone-phoenix.com\/fr\/produit\/french-pattern-paving-tiles-in-granite-limestone","title":{"rendered":"Dalles de pavage \u00e0 motif fran\u00e7ais en granit calcaire"},"content":{"rendered":"<div id=\"tab-description\" class=\"woocommerce-Tabs-panel woocommerce-Tabs-panel--description panel entry-content wc-tab\" role=\"tabpanel\" aria-labelledby=\"tab-title-description\">\n<div id=\"ali-anchor-AliPostDhMb-10ic2\" class=\"mceSectionContainer\" style=\"padding-top: 8px;\" data-section=\"AliPostDhMb-10ic2\" data-section-title=\"Product Description\">\n<h2>Carreaux de pavage \u00e0 motif fran\u00e7ais en granit, calcaire et travertin<\/h2>\n<p>Cr\u00e9ez une terrasse ou une all\u00e9e \u00e9l\u00e9gante, aussi agr\u00e9able \u00e0 regarder qu'\u00e0 marcher, avec les dalles de pavage \u00e0 motif fran\u00e7ais. La nature embo\u00eetable de ces dalles les rend rapides et faciles \u00e0 installer, et leur conception \u00e0 faible entretien vous permettra de vous concentrer sur d'autres projets d'am\u00e9lioration de la maison.<\/p>\n<p>Les dalles de pavage \u00e0 motif fran\u00e7ais ont un design classique et \u00e9l\u00e9gant. Il s'agit d'un choix intemporel qui donne un aspect totalement nouveau \u00e0 toute zone de pavage. Sa grande durabilit\u00e9 et ses excellentes performances permettront \u00e0 votre espace ext\u00e9rieur de se d\u00e9marquer des autres.<\/p>\n<p>Id\u00e9ales pour toutes les applications horizontales ou verticales, elles sont disponibles dans un certain nombre de tailles et de couleurs. La qualit\u00e9 sup\u00e9rieure de nos pav\u00e9s en fait le choix id\u00e9al pour tout projet.Introduisez un look d'inspiration parisienne dans votre espace ext\u00e9rieur avec notre produit. Ces pav\u00e9s color\u00e9s et authentiques sont parfaits pour les petites surfaces et constituent la toile parfaite pour cr\u00e9er une all\u00e9e qui attire l'attention.<\/p>\n<div><\/div>\n<div id=\"ali-title-AliPostDhMb-10ic2\" style=\"padding: 8px 0; border-bottom: 1px solid #ddd;\"><span style=\"background-color: #ddd; color: #333; font-weight: bold; padding: 8px 10px; line-height: 12px;\">Description du produit<\/span><\/div>\n<div style=\"padding: 10px 0;\">\n<table class=\"aliDataTable\" style=\"color: #000000; font-family: Arial; font-size: 12px; font-style: normal; font-weight: 400; background-color: #ffffff; width: 750px; height: 226px; border: 1px solid #b3b3b3;\">\n<tbody>\n<tr style=\"height: 42px;\">\n<td style=\"border: 1px solid #b3b3b3; width: 162px; height: 42px;\"><strong><span style=\"font-family: arial, helvetica, sans-serif; font-size: 14px;\">Nom du produit :<\/span><\/strong><\/td>\n<td style=\"border: 1px solid #b3b3b3; width: 595.066px; height: 42px;\"><span style=\"font-family: arial, helvetica, sans-serif; font-size: 14px;\">Divers pav\u00e9s en marbre, travertin, pierre calcaire<\/span><\/td>\n<\/tr>\n<tr style=\"height: 21px;\">\n<td style=\"border: 1px solid #b3b3b3; width: 162px; height: 21px;\"><strong><span style=\"font-family: arial, helvetica, sans-serif; font-size: 14px;\">Mat\u00e9riau :<\/span><\/strong><\/td>\n<td style=\"border: 1px solid #b3b3b3; width: 595.066px; height: 21px;\"><span style=\"font-family: arial, helvetica, sans-serif; font-size: 14px;\">Granit rose, granit G603, granit G654, granit G682, etc.<\/span><\/td>\n<\/tr>\n<tr style=\"height: 44px;\">\n<td style=\"border: 1px solid #b3b3b3; width: 162px; height: 65px;\" rowspan=\"2\">\n<p style=\"margin: 0px; padding: 0px;\"><strong><span style=\"font-family: arial, helvetica, sans-serif; font-size: 14px;\">Taille :<\/span><\/strong><\/p>\n<\/td>\n<td style=\"border: 1px solid #b3b3b3; width: 595.066px; height: 44px;\"><span style=\"font-size: 14px;\">Tailles<\/span><br \/>\n<span style=\"font-size: 14px;\">5X5X5CM,8X8X8CM,9X9X9CM,10X10X10CM,10x10x5cm,<\/span><span style=\"font-size: 14px;\">10x20x5cm,9.5\u00d79.5x4CM,19.5\u00d719.5x4CM,22X11X5CM,<\/span><span style=\"font-size: 14px;\">16.5X11.5X5CM,19.7X19.7X8CM,14.5X14.5X8CM,16X16X16CM,<\/span><\/p>\n<p><span style=\"font-size: 14px;\">22X16X16CM,27x18x9cm,18x18x9cm,18x18x18CM <\/span><\/p>\n<p><span style=\"font-size: 14px;\">ou sur mesure<\/span><\/td>\n<\/tr>\n<tr style=\"height: 21px;\">\n<td style=\"border: 1px solid #b3b3b3; width: 595.066px; height: 21px;\"><span style=\"font-family: arial, helvetica, sans-serif; font-size: 14px;\">Des sp\u00e9cifications personnalis\u00e9es sont disponibles<\/span><\/td>\n<\/tr>\n<tr style=\"height: 42px;\">\n<td style=\"border: 1px solid #b3b3b3; width: 162px; height: 42px;\"><strong><span style=\"font-family: arial, helvetica, sans-serif; font-size: 14px;\">Tol\u00e9rance d'\u00e9paisseur :<\/span><\/strong><\/td>\n<td style=\"border: 1px solid #b3b3b3; width: 595.066px; height: 42px;\"><span style=\"font-size: 14px; font-family: arial, helvetica, sans-serif;\">\u00b11mm, \u00b11,5mm, \u00b12mm, selon les exigences de qualit\u00e9 du client<\/span><\/td>\n<\/tr>\n<tr style=\"height: 126px;\">\n<td style=\"border: 1px solid #b3b3b3; width: 162px; height: 126px;\">\n<p style=\"margin: 0px; padding: 0px;\"><strong><span style=\"font-family: arial, helvetica, sans-serif; font-size: 14px;\">Surface :<\/span><\/strong><\/p>\n<\/td>\n<td style=\"border: 1px solid #b3b3b3; width: 595.066px; height: 126px;\"><span style=\"font-size: 14px;\">Finition<\/span><br \/>\n<span style=\"font-size: 14px;\">a. Fente naturelle sur tous les c\u00f4t\u00e9s<\/span><br \/>\n<span style=\"font-size: 14px;\">b. Toutes les faces sont sci\u00e9es<\/span><br \/>\n<span style=\"font-size: 14px;\">c. 5 c\u00f4t\u00e9s coup\u00e9s \u00e0 la scie, surface fendue naturellement<\/span><br \/>\n<span style=\"font-size: 14px;\">d. 5 faces coup\u00e9es \u00e0 la scie, surface flamm\u00e9e<\/span><br \/>\n<span style=\"font-size: 14px;\">e. 4 c\u00f4t\u00e9s coup\u00e9s \u00e0 la scie, fendu naturel en haut, tambourin\u00e9, dos en maille\u00a0<\/span><\/td>\n<\/tr>\n<tr style=\"height: 21px;\">\n<td style=\"border: 1px solid #b3b3b3; width: 162px; height: 21px;\"><strong><span style=\"font-family: arial, helvetica, sans-serif; font-size: 14px;\">Emballage :<\/span><\/strong><\/td>\n<td style=\"border: 1px solid #b3b3b3; width: 595.066px; height: 21px;\"><span style=\"font-family: arial, helvetica, sans-serif; font-size: 14px;\">Fardeaux et caisses en bois en \u00e9tat de navigabilit\u00e9<\/span><\/td>\n<\/tr>\n<tr style=\"height: 21px;\">\n<td style=\"border: 1px solid #b3b3b3; width: 162px; height: 21px;\"><strong><span style=\"font-family: arial, helvetica, sans-serif; font-size: 14px;\">Application :<\/span><\/strong><\/td>\n<td style=\"border: 1px solid #b3b3b3; width: 595.066px; height: 21px;\"><span style=\"font-family: arial, helvetica, sans-serif; font-size: 14px;\">Largement utilis\u00e9 pour la d\u00e9coration int\u00e9rieure et ext\u00e9rieure<\/span><\/td>\n<\/tr>\n<tr style=\"height: 42px;\">\n<td style=\"border: 1px solid #b3b3b3; width: 162px; height: 42px;\"><strong><span style=\"font-family: arial, helvetica, sans-serif; font-size: 14px;\">D\u00e9lai de livraison :<\/span><\/strong><\/td>\n<td style=\"border: 1px solid #b3b3b3; width: 595.066px; height: 42px;\"><span style=\"font-family: arial, helvetica, sans-serif; font-size: 14px;\">15-20 jours pour les tailles normales<\/span><\/td>\n<\/tr>\n<tr style=\"height: 21px;\">\n<td style=\"border: 1px solid #b3b3b3; width: 162px; height: 21px;\">\n<p style=\"margin: 0px; padding: 0px;\"><strong><span style=\"font-family: arial, helvetica, sans-serif; font-size: 14px;\">Certificat :<\/span><\/strong><\/p>\n<\/td>\n<td style=\"border: 1px solid #b3b3b3; width: 595.066px; height: 21px;\"><span style=\"font-family: arial, helvetica, sans-serif; font-size: 14px;\">CE, SGS<\/span><\/td>\n<\/tr>\n<tr style=\"height: 42px;\">\n<td style=\"border: 1px solid #b3b3b3; width: 162px; height: 42px;\">\n<p style=\"margin: 0px; padding: 0px;\"><strong><span style=\"font-family: arial, helvetica, sans-serif; font-size: 14px;\">Conditions de paiement :<\/span><\/strong><\/p>\n<\/td>\n<td style=\"border: 1px solid #b3b3b3; width: 595.066px; height: 42px;\"><span style=\"font-family: arial, helvetica, sans-serif; font-size: 14px;\">T\/T, L\/C, D\/P<\/span><\/td>\n<\/tr>\n<tr style=\"height: 63px;\">\n<td style=\"border: 1px solid #b3b3b3; width: 162px; height: 63px;\"><strong><span style=\"font-family: arial, helvetica, sans-serif; font-size: 14px;\">Avantage :<\/span><\/strong><\/td>\n<td style=\"border: 1px solid #b3b3b3; width: 595.066px; height: 63px;\">\n<p style=\"margin: 0px; padding: 0px;\"><span style=\"font-family: arial, helvetica, sans-serif; font-size: 14px;\">1) Service unique pour la pierre ;<\/span><\/p>\n<p style=\"margin: 0px; padding: 0px;\"><span style=\"font-family: arial, helvetica, sans-serif; font-size: 14px;\">2) Poss\u00e9der 3 carri\u00e8res et 9 usines ;<\/span><\/p>\n<p style=\"margin: 0px; padding: 0px;\"><span style=\"font-family: arial, helvetica, sans-serif; font-size: 14px;\">3) Soutien \u00e0 la conception et \u00e0 la technologie.<\/span><\/p>\n<\/td>\n<\/tr>\n<tr style=\"height: 84px;\">\n<td style=\"border: 1px solid #b3b3b3; width: 162px; height: 84px;\"><strong><span style=\"font-family: arial, helvetica, sans-serif; font-size: 14px;\">Assurance de la qualit\u00e9 et de la livraison :\u00a0<\/span><\/strong><\/td>\n<td style=\"border: 1px solid #b3b3b3; width: 595.066px; height: 84px;\">\n<p style=\"margin: 0px; padding: 0px;\"><span style=\"font-family: arial, helvetica, sans-serif; font-size: 14px;\">Tout au long du processus de production, du choix des mat\u00e9riaux \u00e0 l'emballage en passant par la fabrication, notre service de contr\u00f4le de la qualit\u00e9 contr\u00f4le rigoureusement chaque pi\u00e8ce et chaque processus afin de garantir le respect des normes de qualit\u00e9 et le respect des d\u00e9lais de livraison.<\/span><\/p>\n<\/td>\n<\/tr>\n<\/tbody>\n<\/table>\n<p><img loading=\"lazy\" decoding=\"async\" class=\"alignnone size-full wp-image-27275\" src=\"http:\/\/stone-phoenix.com\/wp-content\/uploads\/2023\/12\/French-Pattern-Paving-tiles-in-granite-limestone-4-1.jpg\" alt=\"\" width=\"1381\" height=\"1000\" srcset=\"https:\/\/stone-phoenix.com\/wp-content\/uploads\/2023\/12\/French-Pattern-Paving-tiles-in-granite-limestone-4-1.jpg 1381w, https:\/\/stone-phoenix.com\/wp-content\/uploads\/2023\/12\/French-Pattern-Paving-tiles-in-granite-limestone-4-1-300x217.jpg 300w, https:\/\/stone-phoenix.com\/wp-content\/uploads\/2023\/12\/French-Pattern-Paving-tiles-in-granite-limestone-4-1-1024x741.jpg 1024w, https:\/\/stone-phoenix.com\/wp-content\/uploads\/2023\/12\/French-Pattern-Paving-tiles-in-granite-limestone-4-1-768x556.jpg 768w, https:\/\/stone-phoenix.com\/wp-content\/uploads\/2023\/12\/French-Pattern-Paving-tiles-in-granite-limestone-4-1-18x12.jpg 18w, https:\/\/stone-phoenix.com\/wp-content\/uploads\/2023\/12\/French-Pattern-Paving-tiles-in-granite-limestone-4-1-600x434.jpg 600w, https:\/\/stone-phoenix.com\/wp-content\/uploads\/2023\/12\/French-Pattern-Paving-tiles-in-granite-limestone-4-1-150x109.jpg 150w\" sizes=\"(max-width: 1381px) 100vw, 1381px\" \/><img loading=\"lazy\" decoding=\"async\" class=\"alignnone size-full wp-image-27276\" src=\"http:\/\/stone-phoenix.com\/wp-content\/uploads\/2023\/12\/French-Pattern-Paving-tiles-in-granite-limestone-5.jpg\" alt=\"\" width=\"1386\" height=\"1036\" srcset=\"https:\/\/stone-phoenix.com\/wp-content\/uploads\/2023\/12\/French-Pattern-Paving-tiles-in-granite-limestone-5.jpg 1386w, https:\/\/stone-phoenix.com\/wp-content\/uploads\/2023\/12\/French-Pattern-Paving-tiles-in-granite-limestone-5-300x224.jpg 300w, https:\/\/stone-phoenix.com\/wp-content\/uploads\/2023\/12\/French-Pattern-Paving-tiles-in-granite-limestone-5-1024x765.jpg 1024w, https:\/\/stone-phoenix.com\/wp-content\/uploads\/2023\/12\/French-Pattern-Paving-tiles-in-granite-limestone-5-768x574.jpg 768w, https:\/\/stone-phoenix.com\/wp-content\/uploads\/2023\/12\/French-Pattern-Paving-tiles-in-granite-limestone-5-16x12.jpg 16w, https:\/\/stone-phoenix.com\/wp-content\/uploads\/2023\/12\/French-Pattern-Paving-tiles-in-granite-limestone-5-600x448.jpg 600w, https:\/\/stone-phoenix.com\/wp-content\/uploads\/2023\/12\/French-Pattern-Paving-tiles-in-granite-limestone-5-150x112.jpg 150w\" sizes=\"(max-width: 1386px) 100vw, 1386px\" \/><img loading=\"lazy\" decoding=\"async\" class=\"alignnone size-full wp-image-27277\" src=\"http:\/\/stone-phoenix.com\/wp-content\/uploads\/2023\/12\/French-Pattern-Paving-tiles-in-granite-limestone-6.jpg\" alt=\"\" width=\"1396\" height=\"1240\" srcset=\"https:\/\/stone-phoenix.com\/wp-content\/uploads\/2023\/12\/French-Pattern-Paving-tiles-in-granite-limestone-6.jpg 1396w, https:\/\/stone-phoenix.com\/wp-content\/uploads\/2023\/12\/French-Pattern-Paving-tiles-in-granite-limestone-6-300x266.jpg 300w, https:\/\/stone-phoenix.com\/wp-content\/uploads\/2023\/12\/French-Pattern-Paving-tiles-in-granite-limestone-6-1024x910.jpg 1024w, https:\/\/stone-phoenix.com\/wp-content\/uploads\/2023\/12\/French-Pattern-Paving-tiles-in-granite-limestone-6-768x682.jpg 768w, https:\/\/stone-phoenix.com\/wp-content\/uploads\/2023\/12\/French-Pattern-Paving-tiles-in-granite-limestone-6-14x12.jpg 14w, https:\/\/stone-phoenix.com\/wp-content\/uploads\/2023\/12\/French-Pattern-Paving-tiles-in-granite-limestone-6-600x533.jpg 600w, https:\/\/stone-phoenix.com\/wp-content\/uploads\/2023\/12\/French-Pattern-Paving-tiles-in-granite-limestone-6-150x133.jpg 150w\" sizes=\"(max-width: 1396px) 100vw, 1396px\" \/><\/p>\n<p><img loading=\"lazy\" decoding=\"async\" class=\"alignnone size-full wp-image-20555\" src=\"http:\/\/stone-phoenix.com\/wp-content\/uploads\/2023\/12\/1703880920.jpg\" width=\"1280\" height=\"853\" srcset=\"https:\/\/stone-phoenix.com\/wp-content\/uploads\/2023\/12\/1703880920.jpg 1280w, https:\/\/stone-phoenix.com\/wp-content\/uploads\/2023\/12\/1703880920-300x200.jpg 300w, https:\/\/stone-phoenix.com\/wp-content\/uploads\/2023\/12\/1703880920-1024x682.jpg 1024w, https:\/\/stone-phoenix.com\/wp-content\/uploads\/2023\/12\/1703880920-768x512.jpg 768w, https:\/\/stone-phoenix.com\/wp-content\/uploads\/2023\/12\/1703880920-18x12.jpg 18w, https:\/\/stone-phoenix.com\/wp-content\/uploads\/2023\/12\/1703880920-600x400.jpg 600w, https:\/\/stone-phoenix.com\/wp-content\/uploads\/2023\/12\/1703880920-150x100.jpg 150w\" sizes=\"(max-width: 1280px) 100vw, 1280px\" \/><\/p>\n<\/div>\n<\/div>\n<div id=\"ali-anchor-AliPostDhMb-dt5kl\" class=\"mceSectionContainer\" style=\"padding-top: 8px;\" data-section=\"AliPostDhMb-dt5kl\" data-section-title=\"FAQ\">\n<div style=\"padding: 10px 0;\"><\/div>\n<\/div>\n<\/div>","protected":false},"excerpt":{"rendered":"<p>French Pattern Paving tiles in granite limestone travertine Create a stylish patio or driveway that\u2019s just as easy on the<\/p>","protected":false},"featured_media":27270,"template":"","meta":[],"product_cat":[112],"product_tag":[],"_links":{"self":[{"href":"https:\/\/stone-phoenix.com\/fr\/wp-json\/wp\/v2\/product\/20549"}],"collection":[{"href":"https:\/\/stone-phoenix.com\/fr\/wp-json\/wp\/v2\/product"}],"about":[{"href":"https:\/\/stone-phoenix.com\/fr\/wp-json\/wp\/v2\/types\/product"}],"wp:featuredmedia":[{"embeddable":true,"href":"https:\/\/stone-phoenix.com\/fr\/wp-json\/wp\/v2\/media\/27270"}],"wp:attachment":[{"href":"https:\/\/stone-phoenix.com\/fr\/wp-json\/wp\/v2\/media?parent=20549"}],"wp:term":[{"taxonomy":"product_cat","embeddable":true,"href":"https:\/\/stone-phoenix.com\/fr\/wp-json\/wp\/v2\/product_cat?post=20549"},{"taxonomy":"product_tag","embeddable":true,"href":"https:\/\/stone-phoenix.com\/fr\/wp-json\/wp\/v2\/product_tag?post=20549"}],"curies":[{"name":"wp","href":"https:\/\/api.w.org\/{rel}","templated":true}]}}