{"id":20563,"date":"2023-12-29T20:15:40","date_gmt":"2023-12-29T12:15:40","guid":{"rendered":"http:\/\/stone-phoenix.com\/product\/stone-paving-slabs-supplier-chinese-maple-red"},"modified":"2024-04-04T21:58:48","modified_gmt":"2024-04-04T13:58:48","slug":"stone-paving-slabs-supplier-chinese-maple-red","status":"publish","type":"product","link":"https:\/\/stone-phoenix.com\/fr\/produit\/stone-paving-slabs-supplier-chinese-maple-red","title":{"rendered":"Fournisseur de dalles de pierre Chinese Maple Red"},"content":{"rendered":"<div id=\"tab-description\" class=\"woocommerce-Tabs-panel woocommerce-Tabs-panel--description panel entry-content wc-tab\" role=\"tabpanel\" aria-labelledby=\"tab-title-description\">\n<h2><span style=\"vertical-align: inherit;\"><span style=\"vertical-align: inherit;\"><span style=\"vertical-align: inherit;\"><span style=\"vertical-align: inherit;\">Dalles de pavage en pierre Fournisseur Chine Fenghong<\/span><\/span><\/span><\/span><\/h2>\n<p><span style=\"vertical-align: inherit;\"><span style=\"vertical-align: inherit;\"><span style=\"vertical-align: inherit;\"><span style=\"vertical-align: inherit;\">Les fournisseurs de dalles de pierre sont des entreprises ou des personnes sp\u00e9cialis\u00e9es dans la production et la vente de dalles de pierre. Ces dalles sont g\u00e9n\u00e9ralement fabriqu\u00e9es \u00e0 partir de pierres naturelles telles que le granit, le marbre, le gr\u00e8s et le calcaire et sont utilis\u00e9es dans diverses applications telles que les pav\u00e9s pour all\u00e9es, les pav\u00e9s pour terrasses et les pav\u00e9s pour trottoirs.<\/span><\/span><\/span><\/span><\/p>\n<p><span style=\"vertical-align: inherit;\"><span style=\"vertical-align: inherit;\"><span style=\"vertical-align: inherit;\"><span style=\"vertical-align: inherit;\">Le processus de production des dalles de pierre consiste \u00e0 extraire la mati\u00e8re premi\u00e8re, \u00e0 la couper et \u00e0 la fa\u00e7onner \u00e0 la taille et \u00e0 l'\u00e9paisseur requises, puis \u00e0 la finir \u00e0 l'aide de diverses techniques telles que le rodage, le sablage ou le tambourinage. Les dalles de pierre finies sont ensuite emball\u00e9es et exp\u00e9di\u00e9es aux clients du fournisseur, qui peuvent \u00eatre des propri\u00e9taires, des entrepreneurs et des paysagistes.<\/span><\/span><\/span><\/span><\/p>\n<p><span style=\"vertical-align: inherit;\"><span style=\"vertical-align: inherit;\"><span style=\"vertical-align: inherit;\"><span style=\"vertical-align: inherit;\">L'un des avantages des dalles de pierre est qu'elles sont tr\u00e8s r\u00e9sistantes et durables, ce qui en fait un choix populaire pour les surfaces ext\u00e9rieures soumises \u00e0 un trafic pi\u00e9tonnier intense et aux intemp\u00e9ries. Les dalles en pierre n\u00e9cessitent \u00e9galement peu d'entretien, car elles n'ont pas besoin d'\u00eatre scell\u00e9es ou de faire l'objet d'un entretien particulier, \u00e0 l'exception d'un nettoyage occasionnel.<\/span><\/span><\/span><\/span><\/p>\n<p><span style=\"vertical-align: inherit;\"><span style=\"vertical-align: inherit;\"><span style=\"vertical-align: inherit;\"><span style=\"vertical-align: inherit;\">Lors du choix d'un fournisseur de dalles de pierre, il est important de prendre en consid\u00e9ration des facteurs tels que la qualit\u00e9 et la vari\u00e9t\u00e9 des mat\u00e9riaux propos\u00e9s, l'exp\u00e9rience et la r\u00e9putation du fournisseur, ainsi que le prix des dalles de pierre. Il peut \u00e9galement \u00eatre int\u00e9ressant de rechercher des fournisseurs qui proposent une grande vari\u00e9t\u00e9 de styles et de couleurs, ainsi que des services de fabrication sur mesure.<\/span><\/span><\/span><\/span><\/p>\n<p><span style=\"vertical-align: inherit;\"><span style=\"vertical-align: inherit;\"><span style=\"vertical-align: inherit;\"><span style=\"vertical-align: inherit;\">Outre l'achat de dalles de pierre, certains fournisseurs peuvent \u00e9galement proposer des services d'installation, ce qui est particuli\u00e8rement utile pour ceux qui ne sont pas familiaris\u00e9s avec le processus de pose des dalles. Il est important de faire des recherches approfondies et de comparer les diff\u00e9rents fournisseurs de dalles de pierre avant de prendre une d\u00e9cision, car la qualit\u00e9 et le prix des mat\u00e9riaux peuvent varier consid\u00e9rablement d'un fournisseur \u00e0 l'autre.<\/span><\/span><\/span><\/span><\/p>\n<\/div>\n<p>&nbsp;<\/p>\n<div id=\"tab-description\" class=\"woocommerce-Tabs-panel woocommerce-Tabs-panel--description panel entry-content wc-tab\" role=\"tabpanel\" aria-labelledby=\"tab-title-description\">\n<div id=\"ali-anchor-AliPostDhMb-10ic2\" style=\"padding-top: 8px;\" data-section=\"AliPostDhMb-10ic2\" data-section-title=\"Product Description\">\n<div id=\"ali-title-AliPostDhMb-10ic2\" style=\"padding: 8px 0; border-bottom: 1px solid #ddd;\"><span style=\"background-color: #ddd; color: #333; font-weight: bold; padding: 8px 10px; line-height: 12px;\"><span style=\"vertical-align: inherit;\"><span style=\"vertical-align: inherit;\"><span style=\"vertical-align: inherit;\"><span style=\"vertical-align: inherit;\">Description du produit<\/span><\/span><\/span><\/span><\/span><\/div>\n<div style=\"padding: 10px 0;\">\n<table class=\"aliDataTable\" style=\"color: #000000; font-family: Arial; font-size: 12px; font-style: normal; font-weight: 400; background-color: #ffffff; border: 1px solid #b3b3b3; width: 100%; height: 590px;\" border=\"1px solid rgb(179, 179, 179)\">\n<tbody>\n<tr style=\"height: 42px;\">\n<td style=\"border: 1px solid #b3b3b3; width: 13.9719%; height: 42px;\"><strong><span style=\"font-family: arial, helvetica, sans-serif; font-size: 14px;\"><span style=\"vertical-align: inherit;\"><span style=\"vertical-align: inherit;\"><span style=\"vertical-align: inherit;\"><span style=\"vertical-align: inherit;\">nom du produit :<\/span><\/span><\/span><\/span><\/span><\/strong><\/td>\n<td style=\"border: 1px solid #b3b3b3; width: 85.5009%; height: 42px;\"><span style=\"font-family: arial, helvetica, sans-serif; font-size: 14px;\"><span style=\"vertical-align: inherit;\"><span style=\"vertical-align: inherit;\"><span style=\"vertical-align: inherit;\"><span style=\"vertical-align: inherit;\">Divers pav\u00e9s en granit<\/span><\/span><\/span><\/span><\/span><\/td>\n<\/tr>\n<tr style=\"height: 21px;\">\n<td style=\"border: 1px solid #b3b3b3; width: 13.9719%; height: 21px;\"><strong><span style=\"font-family: arial, helvetica, sans-serif; font-size: 14px;\"><span style=\"vertical-align: inherit;\"><span style=\"vertical-align: inherit;\"><span style=\"vertical-align: inherit;\"><span style=\"vertical-align: inherit;\">Mat\u00e9riau :<\/span><\/span><\/span><\/span><\/span><\/strong><\/td>\n<td style=\"border: 1px solid #b3b3b3; width: 85.5009%; height: 21px;\"><span style=\"font-family: arial, helvetica, sans-serif; font-size: 14px;\"><span style=\"vertical-align: inherit;\"><span style=\"vertical-align: inherit;\"><span style=\"vertical-align: inherit;\"><span style=\"vertical-align: inherit;\">Granit G562, granit G603, granit G654, granit G682, etc.<\/span><\/span><\/span><\/span><\/span><\/td>\n<\/tr>\n<tr style=\"height: 44px;\">\n<td style=\"border: 1px solid #b3b3b3; width: 13.9719%; height: 65px;\" rowspan=\"2\">\n<p style=\"margin: 0px; padding: 0px;\"><strong><span style=\"font-family: arial, helvetica, sans-serif; font-size: 14px;\"><span style=\"vertical-align: inherit;\"><span style=\"vertical-align: inherit;\"><span style=\"vertical-align: inherit;\"><span style=\"vertical-align: inherit;\">taille :<\/span><\/span><\/span><\/span><\/span><\/strong><\/p>\n<\/td>\n<td style=\"border: 1px solid #b3b3b3; width: 85.5009%; height: 44px;\"><span style=\"font-size: 14px;\"><span style=\"vertical-align: inherit;\"><span style=\"vertical-align: inherit;\"><span style=\"vertical-align: inherit;\"><span style=\"vertical-align: inherit;\">Taille <\/span><\/span><\/span><\/span><\/span><br \/>\n<span style=\"font-size: 14px;\"><span style=\"vertical-align: inherit;\"><span style=\"vertical-align: inherit;\"><span style=\"vertical-align: inherit;\"><span style=\"vertical-align: inherit;\">5X5X5CM, 8X8X8CM, 9X9X9CM, 10X10X10CM, 10x10x5cm, 10x20x5cm, <\/span><\/span><\/span><\/span><\/span><span style=\"font-size: 14px;\"><span style=\"vertical-align: inherit;\"><span style=\"vertical-align: inherit;\"><span style=\"vertical-align: inherit;\"><span style=\"vertical-align: inherit;\">9.5\u00d79.5x4CM, 19.5\u00d719.5x4CM, 22X11X5CM, <\/span><\/span><\/span><\/span><\/span><span style=\"font-size: 14px;\"><span style=\"vertical-align: inherit;\"><span style=\"vertical-align: inherit;\"><span style=\"vertical-align: inherit;\"><span style=\"vertical-align: inherit;\">16.5X11.5X5CM, 19.7X19.7X8CM, 14.5X14.5X8cm , <\/span><\/span><\/span><\/span><\/span><span style=\"font-size: 14px;\"><span style=\"vertical-align: inherit;\"><span style=\"vertical-align: inherit;\"><span style=\"vertical-align: inherit;\"><span style=\"vertical-align: inherit;\">16X16X16CM, 22X16X16CM,27x18x9cm,18x18x9cm,18x18x18CM <\/span><\/span><\/span><\/span><\/span><span style=\"font-size: 14px;\"><span style=\"vertical-align: inherit;\"><span style=\"vertical-align: inherit;\"><span style=\"vertical-align: inherit;\"><span style=\"vertical-align: inherit;\">ou sur mesure<\/span><\/span><\/span><\/span><\/span><\/td>\n<\/tr>\n<tr style=\"height: 21px;\">\n<td style=\"border: 1px solid #b3b3b3; width: 85.5009%; height: 21px;\"><span style=\"font-family: arial, helvetica, sans-serif; font-size: 14px;\"><span style=\"vertical-align: inherit;\"><span style=\"vertical-align: inherit;\"><span style=\"vertical-align: inherit;\"><span style=\"vertical-align: inherit;\">Sp\u00e9cifications personnalisables<\/span><\/span><\/span><\/span><\/span><\/td>\n<\/tr>\n<tr style=\"height: 42px;\">\n<td style=\"border: 1px solid #b3b3b3; width: 13.9719%; height: 42px;\"><strong><span style=\"font-family: arial, helvetica, sans-serif; font-size: 14px;\"><span style=\"vertical-align: inherit;\"><span style=\"vertical-align: inherit;\"><span style=\"vertical-align: inherit;\"><span style=\"vertical-align: inherit;\">Tol\u00e9rance d'\u00e9paisseur :<\/span><\/span><\/span><\/span><\/span><\/strong><\/td>\n<td style=\"border: 1px solid #b3b3b3; width: 85.5009%; height: 42px;\"><span style=\"font-size: 14px; font-family: arial, helvetica, sans-serif;\"><span style=\"vertical-align: inherit;\"><span style=\"vertical-align: inherit;\"><span style=\"vertical-align: inherit;\"><span style=\"vertical-align: inherit;\">\u00b11mm, \u00b11,5mm, \u00b12mm, selon les exigences de qualit\u00e9 du client<\/span><\/span><\/span><\/span><\/span><\/td>\n<\/tr>\n<tr style=\"height: 126px;\">\n<td style=\"border: 1px solid #b3b3b3; width: 13.9719%; height: 126px;\">\n<p style=\"margin: 0px; padding: 0px;\"><strong><span style=\"font-family: arial, helvetica, sans-serif; font-size: 14px;\"><span style=\"vertical-align: inherit;\"><span style=\"vertical-align: inherit;\"><span style=\"vertical-align: inherit;\"><span style=\"vertical-align: inherit;\">surface :<\/span><\/span><\/span><\/span><\/span><\/strong><\/p>\n<\/td>\n<td style=\"border: 1px solid #b3b3b3; width: 85.5009%; height: 126px;\"><span style=\"font-size: 14px;\"><span style=\"vertical-align: inherit;\"><span style=\"vertical-align: inherit;\"><span style=\"vertical-align: inherit;\"><span style=\"vertical-align: inherit;\">Finition <\/span><\/span><\/span><\/span><\/span><br \/>\n<span style=\"font-size: 14px;\"><span style=\"vertical-align: inherit;\"><span style=\"vertical-align: inherit;\"><span style=\"vertical-align: inherit;\"><span style=\"vertical-align: inherit;\">a. Tous les c\u00f4t\u00e9s se fendent naturellement <\/span><\/span><\/span><\/span><\/span><br \/>\n<span style=\"font-size: 14px;\"><span style=\"vertical-align: inherit;\"><span style=\"vertical-align: inherit;\"><span style=\"vertical-align: inherit;\"><span style=\"vertical-align: inherit;\">B. Tous les c\u00f4t\u00e9s seront sci\u00e9s <\/span><\/span><\/span><\/span><\/span><br \/>\n<span style=\"font-size: 14px;\"><span style=\"vertical-align: inherit;\"><span style=\"vertical-align: inherit;\"><span style=\"vertical-align: inherit;\"><span style=\"vertical-align: inherit;\">C. 5 c\u00f4t\u00e9s seront sci\u00e9s et la surface se fendra naturellement <\/span><\/span><\/span><\/span><\/span><br \/>\n<span style=\"font-size: 14px;\"><span style=\"vertical-align: inherit;\"><span style=\"vertical-align: inherit;\"><span style=\"vertical-align: inherit;\"><span style=\"vertical-align: inherit;\">d. 5. Sciage en surface et br\u00fblage en surface <\/span><\/span><\/span><\/span><\/span><br \/>\n<span style=\"font-size: 14px;\"><span style=\"vertical-align: inherit;\"><span style=\"vertical-align: inherit;\"><span style=\"vertical-align: inherit;\"><span style=\"vertical-align: inherit;\">e. Sci\u00e9 sur 4 c\u00f4t\u00e9s, fendu naturellement au sommet, culbut\u00e9, r\u00e9engrillag\u00e9\u00a0<\/span><\/span><\/span><\/span><\/span><\/td>\n<\/tr>\n<tr style=\"height: 21px;\">\n<td style=\"border: 1px solid #b3b3b3; width: 13.9719%; height: 21px;\"><strong><span style=\"font-family: arial, helvetica, sans-serif; font-size: 14px;\"><span style=\"vertical-align: inherit;\"><span style=\"vertical-align: inherit;\"><span style=\"vertical-align: inherit;\"><span style=\"vertical-align: inherit;\">Paquet :<\/span><\/span><\/span><\/span><\/span><\/strong><\/td>\n<td style=\"border: 1px solid #b3b3b3; width: 85.5009%; height: 21px;\"><span style=\"font-family: arial, helvetica, sans-serif; font-size: 14px;\"><span style=\"vertical-align: inherit;\"><span style=\"vertical-align: inherit;\"><span style=\"vertical-align: inherit;\"><span style=\"vertical-align: inherit;\">Fardeaux et caisses en bois en \u00e9tat de navigabilit\u00e9<\/span><\/span><\/span><\/span><\/span><\/td>\n<\/tr>\n<tr style=\"height: 21px;\">\n<td style=\"border: 1px solid #b3b3b3; width: 13.9719%; height: 21px;\"><strong><span style=\"font-family: arial, helvetica, sans-serif; font-size: 14px;\"><span style=\"vertical-align: inherit;\"><span style=\"vertical-align: inherit;\"><span style=\"vertical-align: inherit;\"><span style=\"vertical-align: inherit;\">l'application :<\/span><\/span><\/span><\/span><\/span><\/strong><\/td>\n<td style=\"border: 1px solid #b3b3b3; width: 85.5009%; height: 21px;\"><span style=\"font-family: arial, helvetica, sans-serif; font-size: 14px;\"><span style=\"vertical-align: inherit;\"><span style=\"vertical-align: inherit;\"><span style=\"vertical-align: inherit;\"><span style=\"vertical-align: inherit;\">Largement utilis\u00e9 pour la d\u00e9coration int\u00e9rieure et ext\u00e9rieure<\/span><\/span><\/span><\/span><\/span><\/td>\n<\/tr>\n<tr style=\"height: 42px;\">\n<td style=\"border: 1px solid #b3b3b3; width: 13.9719%; height: 42px;\"><strong><span style=\"font-family: arial, helvetica, sans-serif; font-size: 14px;\"><span style=\"vertical-align: inherit;\"><span style=\"vertical-align: inherit;\"><span style=\"vertical-align: inherit;\"><span style=\"vertical-align: inherit;\">d\u00e9lai de livraison :<\/span><\/span><\/span><\/span><\/span><\/strong><\/td>\n<td style=\"border: 1px solid #b3b3b3; width: 85.5009%; height: 42px;\"><span style=\"font-family: arial, helvetica, sans-serif; font-size: 14px;\"><span style=\"vertical-align: inherit;\"><span style=\"vertical-align: inherit;\"><span style=\"vertical-align: inherit;\"><span style=\"vertical-align: inherit;\">La taille normale prend 15-20 jours<\/span><\/span><\/span><\/span><\/span><\/td>\n<\/tr>\n<tr style=\"height: 21px;\">\n<td style=\"border: 1px solid #b3b3b3; width: 13.9719%; height: 21px;\">\n<p style=\"margin: 0px; padding: 0px;\"><strong><span style=\"font-family: arial, helvetica, sans-serif; font-size: 14px;\"><span style=\"vertical-align: inherit;\"><span style=\"vertical-align: inherit;\"><span style=\"vertical-align: inherit;\"><span style=\"vertical-align: inherit;\">Certificat :<\/span><\/span><\/span><\/span><\/span><\/strong><\/p>\n<\/td>\n<td style=\"border: 1px solid #b3b3b3; width: 85.5009%; height: 21px;\"><span style=\"font-family: arial, helvetica, sans-serif; font-size: 14px;\"><span style=\"vertical-align: inherit;\"><span style=\"vertical-align: inherit;\"><span style=\"vertical-align: inherit;\"><span style=\"vertical-align: inherit;\">CE, Singapour<\/span><\/span><\/span><\/span><\/span><\/td>\n<\/tr>\n<tr style=\"height: 42px;\">\n<td style=\"border: 1px solid #b3b3b3; width: 13.9719%; height: 42px;\">\n<p style=\"margin: 0px; padding: 0px;\"><strong><span style=\"font-family: arial, helvetica, sans-serif; font-size: 14px;\"><span style=\"vertical-align: inherit;\"><span style=\"vertical-align: inherit;\"><span style=\"vertical-align: inherit;\"><span style=\"vertical-align: inherit;\">les conditions de paiement :<\/span><\/span><\/span><\/span><\/span><\/strong><\/p>\n<\/td>\n<td style=\"border: 1px solid #b3b3b3; width: 85.5009%; height: 42px;\"><span style=\"font-family: arial, helvetica, sans-serif; font-size: 14px;\"><span style=\"vertical-align: inherit;\"><span style=\"vertical-align: inherit;\"><span style=\"vertical-align: inherit;\"><span style=\"vertical-align: inherit;\">Virement bancaire, lettre de cr\u00e9dit, D\/P<\/span><\/span><\/span><\/span><\/span><\/td>\n<\/tr>\n<tr style=\"height: 63px;\">\n<td style=\"border: 1px solid #b3b3b3; width: 13.9719%; height: 63px;\"><strong><span style=\"font-family: arial, helvetica, sans-serif; font-size: 14px;\"><span style=\"vertical-align: inherit;\"><span style=\"vertical-align: inherit;\"><span style=\"vertical-align: inherit;\"><span style=\"vertical-align: inherit;\">Avantage :<\/span><\/span><\/span><\/span><\/span><\/strong><\/td>\n<td style=\"border: 1px solid #b3b3b3; width: 85.5009%; height: 63px;\">\n<p style=\"margin: 0px; padding: 0px;\"><span style=\"font-family: arial, helvetica, sans-serif; font-size: 14px;\"><span style=\"vertical-align: inherit;\"><span style=\"vertical-align: inherit;\"><span style=\"vertical-align: inherit;\"><span style=\"vertical-align: inherit;\">1) Un service unique pour la pierre ;<\/span><\/span><\/span><\/span><\/span><\/p>\n<p style=\"margin: 0px; padding: 0px;\"><span style=\"font-family: arial, helvetica, sans-serif; font-size: 14px;\"><span style=\"vertical-align: inherit;\"><span style=\"vertical-align: inherit;\"><span style=\"vertical-align: inherit;\"><span style=\"vertical-align: inherit;\">2) Poss\u00e8de 3 carri\u00e8res et 9 usines ;<\/span><\/span><\/span><\/span><\/span><\/p>\n<p style=\"margin: 0px; padding: 0px;\"><span style=\"font-family: arial, helvetica, sans-serif; font-size: 14px;\"><span style=\"vertical-align: inherit;\"><span style=\"vertical-align: inherit;\"><span style=\"vertical-align: inherit;\"><span style=\"vertical-align: inherit;\">3) Conception et assistance technique.<\/span><\/span><\/span><\/span><\/span><\/p>\n<\/td>\n<\/tr>\n<tr style=\"height: 84px;\">\n<td style=\"border: 1px solid #b3b3b3; width: 13.9719%; height: 84px;\"><strong><span style=\"font-family: arial, helvetica, sans-serif; font-size: 14px;\"><span style=\"vertical-align: inherit;\"><span style=\"vertical-align: inherit;\"><span style=\"vertical-align: inherit;\"><span style=\"vertical-align: inherit;\">Garantie de qualit\u00e9 et de livraison :\u00a0<\/span><\/span><\/span><\/span><\/span><\/strong><\/td>\n<td style=\"border: 1px solid #b3b3b3; width: 85.5009%; height: 84px;\">\n<p style=\"margin: 0px; padding: 0px;\"><span style=\"font-family: arial, helvetica, sans-serif; font-size: 14px;\"><span style=\"vertical-align: inherit;\"><span style=\"vertical-align: inherit;\"><span style=\"vertical-align: inherit;\"><span style=\"vertical-align: inherit;\">Tout au long du processus de production, de la s\u00e9lection des mat\u00e9riaux \u00e0 l'emballage, en passant par la fabrication, notre service de contr\u00f4le de la qualit\u00e9 contr\u00f4le rigoureusement chaque pi\u00e8ce et chaque processus afin de garantir le respect des normes de qualit\u00e9 et le respect des d\u00e9lais de livraison.<\/span><\/span><\/span><\/span><\/span><\/p>\n<\/td>\n<\/tr>\n<\/tbody>\n<\/table>\n<p><img loading=\"lazy\" decoding=\"async\" class=\"alignnone wp-image-27259\" src=\"http:\/\/stone-phoenix.com\/wp-content\/uploads\/2023\/12\/Stone-Paving-Slabs-Supplier-Chinese-Maple-Red-5.jpg\" alt=\"\" width=\"693\" height=\"391\" srcset=\"https:\/\/stone-phoenix.com\/wp-content\/uploads\/2023\/12\/Stone-Paving-Slabs-Supplier-Chinese-Maple-Red-5.jpg 688w, https:\/\/stone-phoenix.com\/wp-content\/uploads\/2023\/12\/Stone-Paving-Slabs-Supplier-Chinese-Maple-Red-5-300x169.jpg 300w, https:\/\/stone-phoenix.com\/wp-content\/uploads\/2023\/12\/Stone-Paving-Slabs-Supplier-Chinese-Maple-Red-5-18x10.jpg 18w, https:\/\/stone-phoenix.com\/wp-content\/uploads\/2023\/12\/Stone-Paving-Slabs-Supplier-Chinese-Maple-Red-5-600x338.jpg 600w, https:\/\/stone-phoenix.com\/wp-content\/uploads\/2023\/12\/Stone-Paving-Slabs-Supplier-Chinese-Maple-Red-5-150x85.jpg 150w\" sizes=\"(max-width: 693px) 100vw, 693px\" \/><img loading=\"lazy\" decoding=\"async\" class=\"alignnone wp-image-27260\" src=\"http:\/\/stone-phoenix.com\/wp-content\/uploads\/2023\/12\/Stone-Paving-Slabs-Supplier-Chinese-Maple-Red-7.jpg\" alt=\"\" width=\"692\" height=\"594\" srcset=\"https:\/\/stone-phoenix.com\/wp-content\/uploads\/2023\/12\/Stone-Paving-Slabs-Supplier-Chinese-Maple-Red-7.jpg 444w, https:\/\/stone-phoenix.com\/wp-content\/uploads\/2023\/12\/Stone-Paving-Slabs-Supplier-Chinese-Maple-Red-7-300x257.jpg 300w, https:\/\/stone-phoenix.com\/wp-content\/uploads\/2023\/12\/Stone-Paving-Slabs-Supplier-Chinese-Maple-Red-7-14x12.jpg 14w, https:\/\/stone-phoenix.com\/wp-content\/uploads\/2023\/12\/Stone-Paving-Slabs-Supplier-Chinese-Maple-Red-7-150x129.jpg 150w\" sizes=\"(max-width: 692px) 100vw, 692px\" \/><img loading=\"lazy\" decoding=\"async\" class=\"alignnone size-full wp-image-27254\" src=\"http:\/\/stone-phoenix.com\/wp-content\/uploads\/2023\/12\/Stone-Paving-Slabs-Supplier-Chinese-Maple-Red-1.jpg\" alt=\"\" width=\"694\" height=\"702\" srcset=\"https:\/\/stone-phoenix.com\/wp-content\/uploads\/2023\/12\/Stone-Paving-Slabs-Supplier-Chinese-Maple-Red-1.jpg 694w, https:\/\/stone-phoenix.com\/wp-content\/uploads\/2023\/12\/Stone-Paving-Slabs-Supplier-Chinese-Maple-Red-1-297x300.jpg 297w, https:\/\/stone-phoenix.com\/wp-content\/uploads\/2023\/12\/Stone-Paving-Slabs-Supplier-Chinese-Maple-Red-1-12x12.jpg 12w, https:\/\/stone-phoenix.com\/wp-content\/uploads\/2023\/12\/Stone-Paving-Slabs-Supplier-Chinese-Maple-Red-1-600x607.jpg 600w, https:\/\/stone-phoenix.com\/wp-content\/uploads\/2023\/12\/Stone-Paving-Slabs-Supplier-Chinese-Maple-Red-1-150x152.jpg 150w\" sizes=\"(max-width: 694px) 100vw, 694px\" \/><img loading=\"lazy\" decoding=\"async\" class=\"alignnone wp-image-27262\" src=\"http:\/\/stone-phoenix.com\/wp-content\/uploads\/2023\/12\/Stone-Paving-Slabs-Supplier-Chinese-Maple-Red-2-1.jpg\" alt=\"\" width=\"694\" height=\"1222\" srcset=\"https:\/\/stone-phoenix.com\/wp-content\/uploads\/2023\/12\/Stone-Paving-Slabs-Supplier-Chinese-Maple-Red-2-1.jpg 672w, https:\/\/stone-phoenix.com\/wp-content\/uploads\/2023\/12\/Stone-Paving-Slabs-Supplier-Chinese-Maple-Red-2-1-170x300.jpg 170w, https:\/\/stone-phoenix.com\/wp-content\/uploads\/2023\/12\/Stone-Paving-Slabs-Supplier-Chinese-Maple-Red-2-1-582x1024.jpg 582w, https:\/\/stone-phoenix.com\/wp-content\/uploads\/2023\/12\/Stone-Paving-Slabs-Supplier-Chinese-Maple-Red-2-1-7x12.jpg 7w, https:\/\/stone-phoenix.com\/wp-content\/uploads\/2023\/12\/Stone-Paving-Slabs-Supplier-Chinese-Maple-Red-2-1-600x1056.jpg 600w, https:\/\/stone-phoenix.com\/wp-content\/uploads\/2023\/12\/Stone-Paving-Slabs-Supplier-Chinese-Maple-Red-2-1-150x264.jpg 150w\" sizes=\"(max-width: 694px) 100vw, 694px\" \/><\/p>\n<\/div>\n<\/div>\n<\/div>","protected":false},"excerpt":{"rendered":"<p>Stone Paving Slabs Supplier China Fenghong Stone paving slab suppliers refer to companies or individuals that specialize in the production<\/p>","protected":false},"featured_media":27254,"template":"","meta":[],"product_cat":[112],"product_tag":[],"_links":{"self":[{"href":"https:\/\/stone-phoenix.com\/fr\/wp-json\/wp\/v2\/product\/20563"}],"collection":[{"href":"https:\/\/stone-phoenix.com\/fr\/wp-json\/wp\/v2\/product"}],"about":[{"href":"https:\/\/stone-phoenix.com\/fr\/wp-json\/wp\/v2\/types\/product"}],"wp:featuredmedia":[{"embeddable":true,"href":"https:\/\/stone-phoenix.com\/fr\/wp-json\/wp\/v2\/media\/27254"}],"wp:attachment":[{"href":"https:\/\/stone-phoenix.com\/fr\/wp-json\/wp\/v2\/media?parent=20563"}],"wp:term":[{"taxonomy":"product_cat","embeddable":true,"href":"https:\/\/stone-phoenix.com\/fr\/wp-json\/wp\/v2\/product_cat?post=20563"},{"taxonomy":"product_tag","embeddable":true,"href":"https:\/\/stone-phoenix.com\/fr\/wp-json\/wp\/v2\/product_tag?post=20563"}],"curies":[{"name":"wp","href":"https:\/\/api.w.org\/{rel}","templated":true}]}}