{"id":20569,"date":"2023-12-29T20:15:53","date_gmt":"2023-12-29T12:15:53","guid":{"rendered":"http:\/\/stone-phoenix.com\/product\/the-granite-company-g341-granite-border"},"modified":"2024-04-03T21:40:07","modified_gmt":"2024-04-03T13:40:07","slug":"the-granite-company-g341-granite-border","status":"publish","type":"product","link":"https:\/\/stone-phoenix.com\/fr\/produit\/the-granite-company-g341-granite-border","title":{"rendered":"the granite company granite border"},"content":{"rendered":"<div id=\"tab-description\" class=\"woocommerce-Tabs-panel woocommerce-Tabs-panel--description panel entry-content wc-tab\" role=\"tabpanel\" aria-labelledby=\"tab-title-description\">\n<div id=\"ali-anchor-AliPostDhMb-6q8vw\" class=\"mceSectionContainer\" style=\"padding-top: 8px;\" data-section=\"AliPostDhMb-6q8vw\" data-section-title=\"Product Description\">\n<h2>the granite company granite border curbstone kerbst alternative cheap paving stone grey granite slab<\/h2>\n<p>nous sommes la soci\u00e9t\u00e9 granite. Nous coupons, polissons et installons des surfaces de marbre, de granit et de quartz. Nous offrons \u00e9galement des estimations gratuites sur place pour tout projet de comptoir que vous pourriez vouloir faire.Nous sommes situ\u00e9s \u00e0 l'entreprise de granit. Nous proposons une grande vari\u00e9t\u00e9 de dalles de granit, de marbre et de quartz dans de nombreuses couleurs, formes et tailles.<\/p>\n<p>Venez visiter notre salle d'exposition o\u00f9 vous pourrez voir les \u00e9chantillons en personne ou consulter notre galerie pour vous faire une id\u00e9e de ce \u00e0 quoi le granit pourrait ressembler dans votre maison.The granite company est votre guichet unique pour tous vos besoins en mati\u00e8re de pierre. Nous offrons une s\u00e9lection \u00e9tonnante de granit, de marbre et de dalles dans une large gamme de couleurs, de finitions et de textures pour vous assurer de trouver exactement ce que vous recherchez.<\/p>\n<p>Cette entreprise de granit est l'un des principaux distributeurs de mat\u00e9riaux en pierre naturelle et est reconnue pour la qualit\u00e9 de ses produits et de ses services. Que vous construisiez une nouvelle maison personnalis\u00e9e ou que vous fassiez simplement des travaux de r\u00e9novation, cette entreprise peut vous fournir ce dont vous avez besoin quand vous en avez besoin.<\/p>\n<p>Chez The Granite Company, vous pouvez vous attendre non seulement \u00e0 une large s\u00e9lection de granit de haute qualit\u00e9 pour vos projets de r\u00e9novation de cuisine et de salle de bains, mais aussi \u00e0 un service exceptionnel, \u00e0 des services de conception prim\u00e9s, \u00e0 des prix comp\u00e9titifs et bien plus encore !<\/p>\n<div id=\"ali-title-AliPostDhMb-6q8vw\" style=\"padding: 8px 0; border-bottom: 1px solid #ddd;\"><span style=\"background-color: #ddd; color: #333; font-weight: bold; padding: 8px 10px; line-height: 12px;\">Description du produit<\/span><\/div>\n<div style=\"padding: 10px 0;\">\n<table class=\"aliDataTable\" style=\"color: #000000; font-family: Arial; font-size: 12px; font-style: normal; font-weight: 400; background-color: #ffffff; width: 698px; height: 226px; border: 1px solid #b3b3b3;\">\n<tbody>\n<tr>\n<td style=\"border: 1px solid #707070; width: 159.663px;\"><strong><span style=\"font-family: arial, helvetica, sans-serif; font-size: 14px;\">Nom du produit :<\/span><\/strong><\/td>\n<td style=\"border: 1px solid #707070; width: 553.337px;\">\u00a0alternative au granit pav\u00e9 bon march\u00e9 dalle de granit<\/td>\n<\/tr>\n<tr>\n<td style=\"border: 1px solid #707070; width: 159.663px;\"><strong><span style=\"font-family: arial, helvetica, sans-serif; font-size: 14px;\">Mat\u00e9riau :<\/span><\/strong><\/td>\n<td style=\"border: 1px solid #707070; width: 553.337px;\"><span style=\"font-size: 14px;\">Granit<\/span><\/td>\n<\/tr>\n<tr>\n<td style=\"border: 1px solid #707070; width: 159.663px;\"><strong><span style=\"font-family: arial, helvetica, sans-serif; font-size: 14px;\">Couleur :<\/span><\/strong><\/td>\n<td style=\"border: 1px solid #707070; width: 553.337px;\"><span style=\"font-family: arial, helvetica, sans-serif; font-size: 14px;\">Blanc, noir, jaune, rouge, rose, gris, brun, bleu, vert, etc.<\/span><\/td>\n<\/tr>\n<tr>\n<td style=\"border: 1px solid #707070; width: 159.663px;\" rowspan=\"3\"><strong><span style=\"font-family: arial, helvetica, sans-serif; font-size: 14px;\">Taille :<\/span><\/strong><\/td>\n<td style=\"border: 1px solid #707070; width: 553.337px;\"><span style=\"text-decoration: underline;\"><span style=\"font-size: 14px;\">Carreaux disponibles <\/span><\/span><br \/>\n<span style=\"font-size: 14px;\">12\u2019x12\u2033,24\u2019x24\u2033,12\u2019x24\u2033,etc <\/span><span style=\"font-size: 14px;\">300x300mm,300x600mm,400x400mm,600x600mm,etc<\/span><\/td>\n<\/tr>\n<tr>\n<td style=\"border: 1px solid #707070; width: 553.337px;\"><span style=\"text-decoration: underline;\"><span style=\"font-size: 14px;\">Dalles disponibles<\/span><\/span><\/p>\n<p><span style=\"font-size: 14px;\">180cmUpx60UP,180cmUpx65cmUP,180cmUpx70cmUP,etc<\/span><br \/>\n<span style=\"font-size: 14px;\">240cmUpx120cmUP,etc<\/span><\/td>\n<\/tr>\n<tr>\n<td style=\"border: 1px solid #707070; width: 553.337px;\"><span style=\"font-family: arial, helvetica, sans-serif; font-size: 14px;\">Des sp\u00e9cifications personnalis\u00e9es sont disponibles<\/span><\/td>\n<\/tr>\n<tr>\n<td style=\"border: 1px solid #707070; width: 159.663px;\"><strong><span style=\"font-family: arial, helvetica, sans-serif; font-size: 14px;\">Tol\u00e9rance d'\u00e9paisseur :<\/span><\/strong><\/td>\n<td style=\"border: 1px solid #707070; width: 553.337px;\"><span style=\"font-family: arial, helvetica, sans-serif; font-size: 14px;\">\u00b10,05mm, \u00b11mm, \u00b11,5mm, \u00b12mm, selon les exigences de qualit\u00e9 du client<\/span><\/td>\n<\/tr>\n<tr>\n<td style=\"border: 1px solid #707070; width: 159.663px;\"><strong><span style=\"font-family: arial, helvetica, sans-serif; font-size: 14px;\">Surface :<\/span><\/strong><\/td>\n<td style=\"border: 1px solid #707070; width: 553.337px;\"><span style=\"font-family: arial, helvetica, sans-serif; font-size: 14px;\">P<\/span><span style=\"font-size: 14px;\">ol\u00e9, adouci, flamm\u00e9, sabl\u00e9, bouchard\u00e9, fendu naturel, flamm\u00e9 et bross\u00e9, etc.<\/span><\/td>\n<\/tr>\n<tr>\n<td style=\"border: 1px solid #707070; width: 159.663px;\"><strong><span style=\"font-family: arial, helvetica, sans-serif; font-size: 14px;\">Emballage :<\/span><\/strong><\/td>\n<td style=\"border: 1px solid #707070; width: 553.337px;\"><span style=\"font-size: 14px;\">Palettes en bois en \u00e9tat de navigabilit\u00e9, fardeaux en bois et caisses en bois<\/span><\/td>\n<\/tr>\n<tr>\n<td style=\"border: 1px solid #707070; width: 159.663px;\"><strong><span style=\"font-family: arial, helvetica, sans-serif; font-size: 14px;\">Application :<\/span><\/strong><\/td>\n<td style=\"border: 1px solid #707070; width: 553.337px;\"><span style=\"font-family: arial, helvetica, sans-serif; font-size: 14px;\">Sol, mur, motif, comptoir, d\u00e9coration int\u00e9rieure et ext\u00e9rieure<\/span><\/td>\n<\/tr>\n<tr>\n<td style=\"border: 1px solid #707070; width: 159.663px;\"><strong><span style=\"font-family: arial, helvetica, sans-serif; font-size: 14px;\">D\u00e9lai de livraison :<\/span><\/strong><\/td>\n<td style=\"border: 1px solid #707070; width: 553.337px;\"><span style=\"font-size: 14px;\">15-20 jours pour l'enregistrement<\/span><span style=\"font-family: arial, helvetica, sans-serif; font-size: 14px;\">tailles lar<\/span><\/td>\n<\/tr>\n<tr>\n<td style=\"border: 1px solid #707070; width: 159.663px;\"><strong><span style=\"font-family: arial, helvetica, sans-serif; font-size: 14px;\">Certificat :<\/span><\/strong><\/td>\n<td style=\"border: 1px solid #707070; width: 553.337px;\"><span style=\"font-family: arial, helvetica, sans-serif; font-size: 14px;\">CE, SGS<\/span><\/td>\n<\/tr>\n<tr>\n<td style=\"border: 1px solid #707070; width: 159.663px;\"><strong><span style=\"font-family: arial, helvetica, sans-serif; font-size: 14px;\">Conditions de paiement :<\/span><\/strong><\/td>\n<td style=\"border: 1px solid #707070; width: 553.337px;\"><span style=\"font-size: 14px;\">T\/T, L\/C, D<span style=\"color: #000000; font-family: Verdana, Arial, Helvetica, sans-serif; font-size: 14px; font-style: normal; font-weight: 400; background-color: #ffffff; float: none;\">\/<\/span>P<\/span><\/td>\n<\/tr>\n<tr>\n<td style=\"border: 1px solid #707070; width: 159.663px;\"><strong><span style=\"font-family: arial, helvetica, sans-serif; font-size: 14px;\">Avantage :<\/span><\/strong><\/td>\n<td style=\"border: 1px solid #707070; width: 553.337px;\"><span style=\"font-family: arial, helvetica, sans-serif; font-size: 14px;\">1) Service unique pour la pierre ;<\/span><\/p>\n<p><span style=\"font-family: arial, helvetica, sans-serif; font-size: 14px;\">2) poss\u00e8dent 3 carri\u00e8res et 9 usines ;<\/span><\/p>\n<p><span style=\"font-family: arial, helvetica, sans-serif; font-size: 14px;\">3) Des supports technologiques de pointe.<\/span><\/td>\n<\/tr>\n<tr>\n<td style=\"border: 1px solid #707070; width: 159.663px;\"><strong><span style=\"font-family: arial, helvetica, sans-serif; font-size: 14px;\">Assurance de la qualit\u00e9 et de la livraison :\u00a0<\/span><\/strong><\/td>\n<td style=\"border: 1px solid #707070; width: 553.337px;\"><span style=\"font-size: 14px;\">Tout au long du processus de production, du choix des mat\u00e9riaux \u00e0 l'emballage en passant par la fabrication, notre service de contr\u00f4le de la qualit\u00e9 contr\u00f4le rigoureusement chaque pi\u00e8ce et chaque processus afin de garantir le respect des normes de qualit\u00e9 et le respect des d\u00e9lais de livraison.<\/span><\/td>\n<\/tr>\n<\/tbody>\n<\/table>\n<p><img loading=\"lazy\" decoding=\"async\" class=\"alignnone  wp-image-27253\" src=\"http:\/\/stone-phoenix.com\/wp-content\/uploads\/2023\/12\/the-granite-company-granite-border-3-1.jpg\" alt=\"\" width=\"835\" height=\"839\" srcset=\"https:\/\/stone-phoenix.com\/wp-content\/uploads\/2023\/12\/the-granite-company-granite-border-3-1.jpg 694w, https:\/\/stone-phoenix.com\/wp-content\/uploads\/2023\/12\/the-granite-company-granite-border-3-1-300x300.jpg 300w, https:\/\/stone-phoenix.com\/wp-content\/uploads\/2023\/12\/the-granite-company-granite-border-3-1-150x151.jpg 150w, https:\/\/stone-phoenix.com\/wp-content\/uploads\/2023\/12\/the-granite-company-granite-border-3-1-12x12.jpg 12w, https:\/\/stone-phoenix.com\/wp-content\/uploads\/2023\/12\/the-granite-company-granite-border-3-1-600x603.jpg 600w\" sizes=\"(max-width: 835px) 100vw, 835px\" \/><\/p>\n<p><img loading=\"lazy\" decoding=\"async\" class=\"alignnone  wp-image-27249\" src=\"http:\/\/stone-phoenix.com\/wp-content\/uploads\/2023\/12\/the-granite-company-granite-border-1-1.jpg\" alt=\"\" width=\"835\" height=\"824\" srcset=\"https:\/\/stone-phoenix.com\/wp-content\/uploads\/2023\/12\/the-granite-company-granite-border-1-1.jpg 694w, https:\/\/stone-phoenix.com\/wp-content\/uploads\/2023\/12\/the-granite-company-granite-border-1-1-300x296.jpg 300w, https:\/\/stone-phoenix.com\/wp-content\/uploads\/2023\/12\/the-granite-company-granite-border-1-1-12x12.jpg 12w, https:\/\/stone-phoenix.com\/wp-content\/uploads\/2023\/12\/the-granite-company-granite-border-1-1-600x592.jpg 600w, https:\/\/stone-phoenix.com\/wp-content\/uploads\/2023\/12\/the-granite-company-granite-border-1-1-150x148.jpg 150w\" sizes=\"(max-width: 835px) 100vw, 835px\" \/><img loading=\"lazy\" decoding=\"async\" class=\"alignnone  wp-image-27251\" src=\"http:\/\/stone-phoenix.com\/wp-content\/uploads\/2023\/12\/the-granite-company-granite-border-5.jpg\" alt=\"\" width=\"838\" height=\"812\" srcset=\"https:\/\/stone-phoenix.com\/wp-content\/uploads\/2023\/12\/the-granite-company-granite-border-5.jpg 684w, https:\/\/stone-phoenix.com\/wp-content\/uploads\/2023\/12\/the-granite-company-granite-border-5-300x291.jpg 300w, https:\/\/stone-phoenix.com\/wp-content\/uploads\/2023\/12\/the-granite-company-granite-border-5-12x12.jpg 12w, https:\/\/stone-phoenix.com\/wp-content\/uploads\/2023\/12\/the-granite-company-granite-border-5-600x582.jpg 600w, https:\/\/stone-phoenix.com\/wp-content\/uploads\/2023\/12\/the-granite-company-granite-border-5-150x145.jpg 150w\" sizes=\"(max-width: 838px) 100vw, 838px\" \/><img loading=\"lazy\" decoding=\"async\" class=\"alignnone size-full wp-image-27252\" src=\"http:\/\/stone-phoenix.com\/wp-content\/uploads\/2023\/12\/the-granite-company-granite-border-7-1.jpg\" alt=\"\" width=\"837\" height=\"921\" srcset=\"https:\/\/stone-phoenix.com\/wp-content\/uploads\/2023\/12\/the-granite-company-granite-border-7-1.jpg 837w, https:\/\/stone-phoenix.com\/wp-content\/uploads\/2023\/12\/the-granite-company-granite-border-7-1-273x300.jpg 273w, https:\/\/stone-phoenix.com\/wp-content\/uploads\/2023\/12\/the-granite-company-granite-border-7-1-768x845.jpg 768w, https:\/\/stone-phoenix.com\/wp-content\/uploads\/2023\/12\/the-granite-company-granite-border-7-1-11x12.jpg 11w, https:\/\/stone-phoenix.com\/wp-content\/uploads\/2023\/12\/the-granite-company-granite-border-7-1-600x660.jpg 600w, https:\/\/stone-phoenix.com\/wp-content\/uploads\/2023\/12\/the-granite-company-granite-border-7-1-150x165.jpg 150w\" sizes=\"(max-width: 837px) 100vw, 837px\" \/><\/p>\n<\/div>\n<\/div>\n<div id=\"ali-anchor-AliPostDhMb-dzch4\" class=\"mceSectionContainer\" style=\"padding-top: 8px;\" data-section=\"AliPostDhMb-dzch4\" data-section-title=\"FAQ\">\n<div style=\"padding: 10px 0;\">\n<p><a target=\"_blank\" rel=\"noopener noreferrer\"><span style=\"font-size: 16px;\"><img loading=\"lazy\" decoding=\"async\" class=\"alignnone size-full wp-image-20574\" src=\"http:\/\/stone-phoenix.com\/wp-content\/uploads\/2023\/12\/1703880956-1.jpg\" width=\"750\" height=\"153\" srcset=\"https:\/\/stone-phoenix.com\/wp-content\/uploads\/2023\/12\/1703880956-1.jpg 750w, https:\/\/stone-phoenix.com\/wp-content\/uploads\/2023\/12\/1703880956-1-300x61.jpg 300w, https:\/\/stone-phoenix.com\/wp-content\/uploads\/2023\/12\/1703880956-1-18x4.jpg 18w, https:\/\/stone-phoenix.com\/wp-content\/uploads\/2023\/12\/1703880956-1-600x122.jpg 600w, https:\/\/stone-phoenix.com\/wp-content\/uploads\/2023\/12\/1703880956-1-150x31.jpg 150w\" sizes=\"(max-width: 750px) 100vw, 750px\" \/><\/span><\/a><\/p>\n<\/div>\n<\/div>\n<\/div>","protected":false},"excerpt":{"rendered":"<p>the granite company\u00a0 granite border curbstone kerb alternative cheap paving stone grey granite slab we are the granite company. We<\/p>","protected":false},"featured_media":27245,"template":"","meta":[],"product_cat":[112],"product_tag":[],"_links":{"self":[{"href":"https:\/\/stone-phoenix.com\/fr\/wp-json\/wp\/v2\/product\/20569"}],"collection":[{"href":"https:\/\/stone-phoenix.com\/fr\/wp-json\/wp\/v2\/product"}],"about":[{"href":"https:\/\/stone-phoenix.com\/fr\/wp-json\/wp\/v2\/types\/product"}],"wp:featuredmedia":[{"embeddable":true,"href":"https:\/\/stone-phoenix.com\/fr\/wp-json\/wp\/v2\/media\/27245"}],"wp:attachment":[{"href":"https:\/\/stone-phoenix.com\/fr\/wp-json\/wp\/v2\/media?parent=20569"}],"wp:term":[{"taxonomy":"product_cat","embeddable":true,"href":"https:\/\/stone-phoenix.com\/fr\/wp-json\/wp\/v2\/product_cat?post=20569"},{"taxonomy":"product_tag","embeddable":true,"href":"https:\/\/stone-phoenix.com\/fr\/wp-json\/wp\/v2\/product_tag?post=20569"}],"curies":[{"name":"wp","href":"https:\/\/api.w.org\/{rel}","templated":true}]}}