{"id":20575,"date":"2023-12-29T20:16:03","date_gmt":"2023-12-29T12:16:03","guid":{"rendered":"http:\/\/stone-phoenix.com\/product\/granite-manufacturer-and-supplier-cheap-polished"},"modified":"2024-04-03T21:23:08","modified_gmt":"2024-04-03T13:23:08","slug":"granite-manufacturer-and-supplier-cheap-polished","status":"publish","type":"product","link":"https:\/\/stone-phoenix.com\/fr\/produit\/granite-manufacturer-and-supplier-cheap-polished","title":{"rendered":"granit fabricant et fournisseur de granit poli bon march\u00e9"},"content":{"rendered":"<div id=\"tab-description\" class=\"woocommerce-Tabs-panel woocommerce-Tabs-panel--description panel entry-content wc-tab\" role=\"tabpanel\" aria-labelledby=\"tab-title-description\">\n<div id=\"ali-anchor-AliPostDhMb-6q8vw\" style=\"padding-top: 8px;\" data-section=\"AliPostDhMb-6q8vw\" data-section-title=\"Product Description\">\n<div>\n<div class=\"w-full border-b border-black\/10 dark:border-gray-900\/50 text-gray-800 dark:text-gray-100 group bg-gray-50 dark:bg-[#444654]\">\n<div class=\"text-base gap-4 md:gap-6 m-auto md:max-w-2xl lg:max-w-2xl xl:max-w-3xl p-4 md:py-6 flex lg:px-0\">\n<div class=\"relative flex w-[calc(100%-50px)] md:flex-col lg:w-[calc(100%-115px)]\">\n<div class=\"flex flex-grow flex-col gap-3\">\n<div class=\"min-h-[20px] flex flex-col items-start gap-4 whitespace-pre-wrap\">\n<div class=\"markdown prose w-full break-words dark:prose-invert light\">\n<h2>granit fabricant et fournisseur de granit poli bon march\u00e9<\/h2>\n<p>Fabricant et fournisseur de granit ,le granit est un choix populaire pour une vari\u00e9t\u00e9 d'applications en raison de sa durabilit\u00e9, de sa polyvalence et de sa beaut\u00e9 naturelle. Il s'agit d'un type de pierre naturelle compos\u00e9e d'une combinaison de quartz, de feldspath et de mica, qui lui conf\u00e8rent ses couleurs et ses motifs caract\u00e9ristiques.<\/p>\n<p>Lorsqu'il s'agit de trouver un fabricant et un fournisseur de granit, il est important de choisir une entreprise r\u00e9put\u00e9e et fiable. Recherchez un fabricant et un fournisseur qui a fait ses preuves en fournissant des produits de haute qualit\u00e9 et un excellent service \u00e0 la client\u00e8le. Vous pouvez lire des critiques et demander des recommandations \u00e0 vos amis, \u00e0 votre famille ou \u00e0 des professionnels du secteur pour trouver un fabricant et un fournisseur en qui vous pouvez avoir confiance.<\/p>\n<p>Un autre facteur important \u00e0 prendre en compte lors du choix d'un fabricant et d'un fournisseur de granit est la gamme de produits et de services qu'il propose. Vous voudrez trouver une entreprise qui dispose d'une large s\u00e9lection de granits de tailles, de styles et de couleurs diff\u00e9rents. Recherchez un fabricant et un fournisseur qui propose des options de personnalisation, telles que le traitement des bords et la finition, pour vous aider \u00e0 cr\u00e9er l'aspect que vous souhaitez. Vous pouvez \u00e9galement rechercher une entreprise qui propose des services d'installation, car l'installation du granit peut \u00eatre un processus complexe et fastidieux.<\/p>\n<p>Il convient \u00e9galement de tenir compte du co\u00fbt du granit et du rapport qualit\u00e9-prix global lors du choix d'un fabricant et d'un fournisseur. Le prix du granit peut varier consid\u00e9rablement en fonction de facteurs tels que le type de pierre, la taille et l'\u00e9paisseur des dalles ou des carreaux, et la finition. Recherchez un fabricant et un fournisseur qui propose des prix comp\u00e9titifs et tenez compte du co\u00fbt \u00e0 long terme de l'entretien de la pierre. Vous pouvez \u00e9galement rechercher un fabricant et un fournisseur qui propose des options de financement ou des remises pour les commandes en gros.<\/p>\n<p>En conclusion, il est essentiel de trouver un fabricant et un fournisseur de granit fiable et r\u00e9put\u00e9 pour s'assurer d'obtenir des produits et des services de haute qualit\u00e9 qui r\u00e9pondent \u00e0 vos besoins et \u00e0 votre budget. Recherchez une entreprise qui propose une large gamme de produits et de services, des prix comp\u00e9titifs et qui a fait ses preuves en mati\u00e8re de satisfaction de la client\u00e8le.<\/p>\n<\/div>\n<\/div>\n<\/div>\n<div class=\"text-gray-400 flex self-end lg:self-center justify-center mt-2 gap-4 lg:gap-1 lg:absolute lg:top-0 lg:translate-x-full lg:right-0 lg:mt-0 lg:pl-2 visible\"><\/div>\n<\/div>\n<\/div>\n<\/div>\n<\/div>\n<div id=\"ali-title-AliPostDhMb-6q8vw\" style=\"padding: 8px 0; border-bottom: 1px solid #ddd;\"><span style=\"background-color: #ddd; color: #333; font-weight: bold; padding: 8px 10px; line-height: 12px;\">Description du produit<\/span><\/div>\n<div style=\"padding: 10px 0;\">\n<table class=\"aliDataTable\" style=\"color: #000000; font-family: Arial; font-size: 12px; font-style: normal; font-weight: 400; background-color: #ffffff; width: 698px; height: 226px; border: 1px solid #b3b3b3;\">\n<tbody>\n<tr>\n<td style=\"border: 1px solid #707070; width: 159.663px;\"><strong><span style=\"font-family: arial, helvetica, sans-serif; font-size: 14px;\">Nom du produit :<\/span><\/strong><\/td>\n<td style=\"border: 1px solid #707070; width: 553.337px;\">Granit blanc G602<\/td>\n<\/tr>\n<tr>\n<td style=\"border: 1px solid #707070; width: 159.663px;\"><strong><span style=\"font-family: arial, helvetica, sans-serif; font-size: 14px;\">Mat\u00e9riau :<\/span><\/strong><\/td>\n<td style=\"border: 1px solid #707070; width: 553.337px;\"><span style=\"font-size: 14px;\">Granit G602<\/span><\/td>\n<\/tr>\n<tr>\n<td style=\"border: 1px solid #707070; width: 159.663px;\"><strong><span style=\"font-family: arial, helvetica, sans-serif; font-size: 14px;\">Couleur :<\/span><\/strong><\/td>\n<td style=\"border: 1px solid #707070; width: 553.337px;\"><span style=\"font-family: arial, helvetica, sans-serif; font-size: 14px;\">Blanc, noir, jaune, rouge, rose, gris, brun, bleu, vert, etc.<\/span><\/td>\n<\/tr>\n<tr>\n<td style=\"border: 1px solid #707070; width: 159.663px;\" rowspan=\"3\"><strong><span style=\"font-family: arial, helvetica, sans-serif; font-size: 14px;\">Taille :<\/span><\/strong><\/td>\n<td style=\"border: 1px solid #707070; width: 553.337px;\"><span style=\"text-decoration: underline;\"><span style=\"font-size: 14px;\">Carreaux disponibles <\/span><\/span><br \/>\n<span style=\"font-size: 14px;\">12\u2019x12\u2033,24\u2019x24\u2033,12\u2019x24\u2033,etc <\/span><span style=\"font-size: 14px;\">300x300mm,300x600mm,400x400mm,600x600mm,etc<\/span><\/td>\n<\/tr>\n<tr>\n<td style=\"border: 1px solid #707070; width: 553.337px;\"><span style=\"text-decoration: underline;\"><span style=\"font-size: 14px;\">Dalles disponibles <\/span><\/span><\/p>\n<p><span style=\"font-size: 14px;\">180cmUpx60UP,180cmUpx65cmUP,180cmUpx70cmUP,etc<\/span><br \/>\n<span style=\"font-size: 14px;\">240cmUpx120cmUP,etc<\/span><\/td>\n<\/tr>\n<tr>\n<td style=\"border: 1px solid #707070; width: 553.337px;\"><span style=\"font-family: arial, helvetica, sans-serif; font-size: 14px;\">Des sp\u00e9cifications personnalis\u00e9es sont disponibles<\/span><\/td>\n<\/tr>\n<tr>\n<td style=\"border: 1px solid #707070; width: 159.663px;\"><strong><span style=\"font-family: arial, helvetica, sans-serif; font-size: 14px;\">Tol\u00e9rance d'\u00e9paisseur :<\/span><\/strong><\/td>\n<td style=\"border: 1px solid #707070; width: 553.337px;\"><span style=\"font-family: arial, helvetica, sans-serif; font-size: 14px;\">\u00b10,05mm, \u00b11mm, \u00b11,5mm, \u00b12mm, selon les exigences de qualit\u00e9 du client<\/span><\/td>\n<\/tr>\n<tr>\n<td style=\"border: 1px solid #707070; width: 159.663px;\"><strong><span style=\"font-family: arial, helvetica, sans-serif; font-size: 14px;\">Surface :<\/span><\/strong><\/td>\n<td style=\"border: 1px solid #707070; width: 553.337px;\"><span style=\"font-family: arial, helvetica, sans-serif; font-size: 14px;\">P<\/span><span style=\"font-size: 14px;\">ol\u00e9, adouci, flamm\u00e9, sabl\u00e9, bouchard\u00e9, fendu naturel, flamm\u00e9 et bross\u00e9, etc.<\/span><\/td>\n<\/tr>\n<tr>\n<td style=\"border: 1px solid #707070; width: 159.663px;\"><strong><span style=\"font-family: arial, helvetica, sans-serif; font-size: 14px;\">Emballage :<\/span><\/strong><\/td>\n<td style=\"border: 1px solid #707070; width: 553.337px;\"><span style=\"font-size: 14px;\">Palettes en bois en \u00e9tat de navigabilit\u00e9, fardeaux en bois et caisses en bois<\/span><\/td>\n<\/tr>\n<tr>\n<td style=\"border: 1px solid #707070; width: 159.663px;\"><strong><span style=\"font-family: arial, helvetica, sans-serif; font-size: 14px;\">Application :<\/span><\/strong><\/td>\n<td style=\"border: 1px solid #707070; width: 553.337px;\"><span style=\"font-family: arial, helvetica, sans-serif; font-size: 14px;\">Sol, mur, motif, comptoir, d\u00e9coration int\u00e9rieure et ext\u00e9rieure<\/span><\/td>\n<\/tr>\n<tr>\n<td style=\"border: 1px solid #707070; width: 159.663px;\"><strong><span style=\"font-family: arial, helvetica, sans-serif; font-size: 14px;\">D\u00e9lai de livraison :<\/span><\/strong><\/td>\n<td style=\"border: 1px solid #707070; width: 553.337px;\"><span style=\"font-size: 14px;\">15-20 jours pour l'enregistrement<\/span><span style=\"font-family: arial, helvetica, sans-serif; font-size: 14px;\">tailles lar<\/span><\/td>\n<\/tr>\n<tr>\n<td style=\"border: 1px solid #707070; width: 159.663px;\"><strong><span style=\"font-family: arial, helvetica, sans-serif; font-size: 14px;\">Certificat :<\/span><\/strong><\/td>\n<td style=\"border: 1px solid #707070; width: 553.337px;\"><span style=\"font-family: arial, helvetica, sans-serif; font-size: 14px;\">CE, SGS<\/span><\/td>\n<\/tr>\n<tr>\n<td style=\"border: 1px solid #707070; width: 159.663px;\"><strong><span style=\"font-family: arial, helvetica, sans-serif; font-size: 14px;\">Conditions de paiement :<\/span><\/strong><\/td>\n<td style=\"border: 1px solid #707070; width: 553.337px;\"><span style=\"font-size: 14px;\">T\/T, L\/C, D<span style=\"color: #000000; font-family: Verdana, Arial, Helvetica, sans-serif; font-size: 14px; font-style: normal; font-weight: 400; background-color: #ffffff; float: none;\">\/<\/span>P<\/span><\/td>\n<\/tr>\n<tr>\n<td style=\"border: 1px solid #707070; width: 159.663px;\"><strong><span style=\"font-family: arial, helvetica, sans-serif; font-size: 14px;\">Avantage :<\/span><\/strong><\/td>\n<td style=\"border: 1px solid #707070; width: 553.337px;\"><span style=\"font-family: arial, helvetica, sans-serif; font-size: 14px;\">1) Service unique pour la pierre ;<\/span><\/p>\n<p><span style=\"font-family: arial, helvetica, sans-serif; font-size: 14px;\">2) poss\u00e8dent 3 carri\u00e8res et 9 usines ;<\/span><\/p>\n<p><span style=\"font-family: arial, helvetica, sans-serif; font-size: 14px;\">3) Des supports technologiques de pointe.<\/span><\/td>\n<\/tr>\n<tr>\n<td style=\"border: 1px solid #707070; width: 159.663px;\"><strong><span style=\"font-family: arial, helvetica, sans-serif; font-size: 14px;\">Assurance de la qualit\u00e9 et de la livraison :\u00a0<\/span><\/strong><\/td>\n<td style=\"border: 1px solid #707070; width: 553.337px;\"><span style=\"font-size: 14px;\">Tout au long du processus de production, du choix des mat\u00e9riaux \u00e0 l'emballage en passant par la fabrication, notre service de contr\u00f4le de la qualit\u00e9 contr\u00f4le rigoureusement chaque pi\u00e8ce et chaque processus afin de garantir le respect des normes de qualit\u00e9 et le respect des d\u00e9lais de livraison.<\/span><\/td>\n<\/tr>\n<\/tbody>\n<\/table>\n<p><img loading=\"lazy\" decoding=\"async\" class=\"alignnone  wp-image-27240\" src=\"http:\/\/stone-phoenix.com\/wp-content\/uploads\/2023\/12\/granite-manufacturer-and-supplier-cheap-polished-6-2.jpg\" alt=\"\" width=\"891\" height=\"1315\" srcset=\"https:\/\/stone-phoenix.com\/wp-content\/uploads\/2023\/12\/granite-manufacturer-and-supplier-cheap-polished-6-2.jpg 523w, https:\/\/stone-phoenix.com\/wp-content\/uploads\/2023\/12\/granite-manufacturer-and-supplier-cheap-polished-6-2-203x300.jpg 203w, https:\/\/stone-phoenix.com\/wp-content\/uploads\/2023\/12\/granite-manufacturer-and-supplier-cheap-polished-6-2-8x12.jpg 8w, https:\/\/stone-phoenix.com\/wp-content\/uploads\/2023\/12\/granite-manufacturer-and-supplier-cheap-polished-6-2-150x221.jpg 150w\" sizes=\"(max-width: 891px) 100vw, 891px\" \/><img loading=\"lazy\" decoding=\"async\" class=\"alignnone  wp-image-27241\" src=\"http:\/\/stone-phoenix.com\/wp-content\/uploads\/2023\/12\/granite-manufacturer-and-supplier-cheap-polished.jpg\" alt=\"\" width=\"896\" height=\"716\" srcset=\"https:\/\/stone-phoenix.com\/wp-content\/uploads\/2023\/12\/granite-manufacturer-and-supplier-cheap-polished.jpg 703w, https:\/\/stone-phoenix.com\/wp-content\/uploads\/2023\/12\/granite-manufacturer-and-supplier-cheap-polished-300x240.jpg 300w, https:\/\/stone-phoenix.com\/wp-content\/uploads\/2023\/12\/granite-manufacturer-and-supplier-cheap-polished-15x12.jpg 15w, https:\/\/stone-phoenix.com\/wp-content\/uploads\/2023\/12\/granite-manufacturer-and-supplier-cheap-polished-600x480.jpg 600w, https:\/\/stone-phoenix.com\/wp-content\/uploads\/2023\/12\/granite-manufacturer-and-supplier-cheap-polished-150x120.jpg 150w\" sizes=\"(max-width: 896px) 100vw, 896px\" \/><img loading=\"lazy\" decoding=\"async\" class=\"alignnone  wp-image-27242\" src=\"http:\/\/stone-phoenix.com\/wp-content\/uploads\/2023\/12\/granite-manufacturer-and-supplier-cheap-polished-7-1.jpg\" alt=\"\" width=\"897\" height=\"889\" srcset=\"https:\/\/stone-phoenix.com\/wp-content\/uploads\/2023\/12\/granite-manufacturer-and-supplier-cheap-polished-7-1.jpg 861w, https:\/\/stone-phoenix.com\/wp-content\/uploads\/2023\/12\/granite-manufacturer-and-supplier-cheap-polished-7-1-300x297.jpg 300w, https:\/\/stone-phoenix.com\/wp-content\/uploads\/2023\/12\/granite-manufacturer-and-supplier-cheap-polished-7-1-150x149.jpg 150w, https:\/\/stone-phoenix.com\/wp-content\/uploads\/2023\/12\/granite-manufacturer-and-supplier-cheap-polished-7-1-768x761.jpg 768w, https:\/\/stone-phoenix.com\/wp-content\/uploads\/2023\/12\/granite-manufacturer-and-supplier-cheap-polished-7-1-12x12.jpg 12w, https:\/\/stone-phoenix.com\/wp-content\/uploads\/2023\/12\/granite-manufacturer-and-supplier-cheap-polished-7-1-600x594.jpg 600w\" sizes=\"(max-width: 897px) 100vw, 897px\" \/><img loading=\"lazy\" decoding=\"async\" class=\"alignnone size-full wp-image-27243\" src=\"http:\/\/stone-phoenix.com\/wp-content\/uploads\/2023\/12\/granite-manufacturer-and-supplier-cheap-polished-5.jpg\" alt=\"\" width=\"895\" height=\"667\" srcset=\"https:\/\/stone-phoenix.com\/wp-content\/uploads\/2023\/12\/granite-manufacturer-and-supplier-cheap-polished-5.jpg 895w, https:\/\/stone-phoenix.com\/wp-content\/uploads\/2023\/12\/granite-manufacturer-and-supplier-cheap-polished-5-300x224.jpg 300w, https:\/\/stone-phoenix.com\/wp-content\/uploads\/2023\/12\/granite-manufacturer-and-supplier-cheap-polished-5-768x572.jpg 768w, https:\/\/stone-phoenix.com\/wp-content\/uploads\/2023\/12\/granite-manufacturer-and-supplier-cheap-polished-5-16x12.jpg 16w, https:\/\/stone-phoenix.com\/wp-content\/uploads\/2023\/12\/granite-manufacturer-and-supplier-cheap-polished-5-600x447.jpg 600w, https:\/\/stone-phoenix.com\/wp-content\/uploads\/2023\/12\/granite-manufacturer-and-supplier-cheap-polished-5-150x112.jpg 150w\" sizes=\"(max-width: 895px) 100vw, 895px\" \/><\/p>\n<\/div>\n<\/div>\n<\/div>","protected":false},"excerpt":{"rendered":"<p>granite manufacturer and supplier cheap polished Granite manufacturer and supplier ,granite is a popular choice for a variety of applications<\/p>","protected":false},"featured_media":27236,"template":"","meta":[],"product_cat":[112],"product_tag":[],"_links":{"self":[{"href":"https:\/\/stone-phoenix.com\/fr\/wp-json\/wp\/v2\/product\/20575"}],"collection":[{"href":"https:\/\/stone-phoenix.com\/fr\/wp-json\/wp\/v2\/product"}],"about":[{"href":"https:\/\/stone-phoenix.com\/fr\/wp-json\/wp\/v2\/types\/product"}],"wp:featuredmedia":[{"embeddable":true,"href":"https:\/\/stone-phoenix.com\/fr\/wp-json\/wp\/v2\/media\/27236"}],"wp:attachment":[{"href":"https:\/\/stone-phoenix.com\/fr\/wp-json\/wp\/v2\/media?parent=20575"}],"wp:term":[{"taxonomy":"product_cat","embeddable":true,"href":"https:\/\/stone-phoenix.com\/fr\/wp-json\/wp\/v2\/product_cat?post=20575"},{"taxonomy":"product_tag","embeddable":true,"href":"https:\/\/stone-phoenix.com\/fr\/wp-json\/wp\/v2\/product_tag?post=20575"}],"curies":[{"name":"wp","href":"https:\/\/api.w.org\/{rel}","templated":true}]}}