{"id":20592,"date":"2023-12-29T20:16:32","date_gmt":"2023-12-29T12:16:32","guid":{"rendered":"http:\/\/stone-phoenix.com\/product\/granite-tiles-price-g603-cheapest-granite-tiles"},"modified":"2024-04-03T20:56:41","modified_gmt":"2024-04-03T12:56:41","slug":"granite-tiles-price-g603-cheapest-granite-tiles","status":"publish","type":"product","link":"https:\/\/stone-phoenix.com\/fr\/produit\/granite-tiles-price-g603-cheapest-granite-tiles","title":{"rendered":"prix des carreaux de granit G603 carreaux de granit les moins chers"},"content":{"rendered":"<div id=\"tab-description\" class=\"woocommerce-Tabs-panel woocommerce-Tabs-panel--description panel entry-content wc-tab\" role=\"tabpanel\" aria-labelledby=\"tab-title-description\">\n<div id=\"ali-anchor-AliPostDhMb-6q8vw\" style=\"padding-top: 8px;\" data-section=\"AliPostDhMb-6q8vw\" data-section-title=\"Product Description\">\n<h2 style=\"text-align: center;\">Prix des carreaux de granit G603 60\u00d760 carreaux de granit les moins chers<\/h2>\n<p>Les carreaux de granit sont un choix populaire pour les propri\u00e9taires en raison de leur beaut\u00e9 naturelle et de leur durabilit\u00e9. Nos produits sont une bonne affaire qui offre une valeur comparable \u00e0 celle des marques plus ch\u00e8res. Il pr\u00e9sente un aspect classique, avec une finition lisse qui r\u00e9siste aux rayures et aux taches. Ce mat\u00e9riau est parfait pour de nombreuses zones de votre maison, y compris les dosserets de cuisine et les vanit\u00e9s de salle de bains.<\/p>\n<p>Le granit est un mat\u00e9riau durable qui convient aux applications r\u00e9sidentielles et commerciales int\u00e9rieures et ext\u00e9rieures. Il est solide et dur, et sa couleur durera des ann\u00e9es. Les produits sont con\u00e7us dans diff\u00e9rentes formes, tailles et couleurs pour donner le meilleur aspect \u00e0 votre int\u00e9rieur. Nos produits sont un excellent choix si vous \u00eates \u00e0 la recherche d'un rev\u00eatement mural ou d'un sol en pierre naturelle avec une durabilit\u00e9 \u00e0 long terme et une bonne isolation thermique et phonique.<\/p>\n<p>Les carreaux de granit sont un choix \u00e9l\u00e9gant, styl\u00e9 et durable pour tout type de cuisine. Ils sont r\u00e9sistants aux taches et faciles \u00e0 nettoyer, ce qui en fait le choix id\u00e9al pour le rev\u00eatement de sol de votre cuisine. Sur notre site web, vous pouvez trouver une large gamme de carreaux de pierre de haute qualit\u00e9 \u00e0 des prix abordables qui sont garantis pour r\u00e9pondre \u00e0 vos go\u00fbts et \u00e0 vos besoins.<\/p>\n<p>Ils sont tr\u00e8s r\u00e9sistants aux taches et aux imperfections. Nos produits conviennent aussi bien \u00e0 l'int\u00e9rieur qu'\u00e0 l'ext\u00e9rieur, gr\u00e2ce \u00e0 leurs propri\u00e9t\u00e9s de r\u00e9sistance aux intemp\u00e9ries. Ils conviennent aux cuisines et aux salles de bains, ainsi qu'aux patios, aux pergolas et aux v\u00e9randas. Les dalles en pierre naturelle peuvent \u00eatre utilis\u00e9es dans n'importe quelle zone d'une maison o\u00f9 vous souhaitez une surface durable qui durera toute la vie.elles sont id\u00e9ales pour les arri\u00e8re-cours, les patios, les porches et bien plus encore.<\/p>\n<p>Nos produits sont disponibles dans une grande vari\u00e9t\u00e9 de couleurs, de textures et de finitions. Nos produits sont disponibles dans une grande vari\u00e9t\u00e9 de couleurs, de textures et de finitions. Ils sont magnifiques seuls ou associ\u00e9s \u00e0 d'autres pierres naturelles pour ajouter de la dimension \u00e0 n'importe quelle surface.<\/p>\n<div id=\"ali-title-AliPostDhMb-6q8vw\" style=\"padding: 8px 0; border-bottom: 1px solid #ddd;\"><span style=\"background-color: #ddd; color: #333; font-weight: bold; padding: 8px 10px; line-height: 12px;\">Description du produit<\/span><\/div>\n<div style=\"padding: 10px 0;\">\n<table class=\"aliDataTable\" style=\"color: #000000; font-family: Arial; font-size: 12px; font-style: normal; font-weight: 400; background-color: #ffffff; width: 698px; height: 226px; border: 1px solid #b3b3b3;\">\n<tbody>\n<tr>\n<td style=\"border: 1px solid #707070; width: 159.663px;\"><strong><span style=\"font-family: arial, helvetica, sans-serif; font-size: 14px;\">Nom du produit :<\/span><\/strong><\/td>\n<td style=\"border: 1px solid #707070; width: 553.337px;\">G603 carreaux de granit prix philippines 60\u00d760<\/td>\n<\/tr>\n<tr>\n<td style=\"border: 1px solid #707070; width: 159.663px;\"><strong><span style=\"font-family: arial, helvetica, sans-serif; font-size: 14px;\">Mat\u00e9riau :<\/span><\/strong><\/td>\n<td style=\"border: 1px solid #707070; width: 553.337px;\"><span style=\"font-size: 14px;\">Granit<\/span><\/td>\n<\/tr>\n<tr>\n<td style=\"border: 1px solid #707070; width: 159.663px;\"><strong><span style=\"font-family: arial, helvetica, sans-serif; font-size: 14px;\">Couleur :<\/span><\/strong><\/td>\n<td style=\"border: 1px solid #707070; width: 553.337px;\"><span style=\"font-family: arial, helvetica, sans-serif; font-size: 14px;\">Blanc, noir, jaune, rouge, rose, gris, brun, bleu, vert, etc.<\/span><\/td>\n<\/tr>\n<tr>\n<td style=\"border: 1px solid #707070; width: 159.663px;\" rowspan=\"3\"><strong><span style=\"font-family: arial, helvetica, sans-serif; font-size: 14px;\">Taille :<\/span><\/strong><\/td>\n<td style=\"border: 1px solid #707070; width: 553.337px;\"><span style=\"text-decoration: underline;\"><span style=\"font-size: 14px;\">Carreaux disponibles <\/span><\/span><br \/>\n<span style=\"font-size: 14px;\">12\u2019x12\u2033,24\u2019x24\u2033,12\u2019x24\u2033,etc <\/span><span style=\"font-size: 14px;\">300x300mm,300x600mm,400x400mm,600x600mm,etc<\/span><\/td>\n<\/tr>\n<tr>\n<td style=\"border: 1px solid #707070; width: 553.337px;\"><span style=\"text-decoration: underline;\"><span style=\"font-size: 14px;\">Dalles disponibles <\/span><\/span><\/p>\n<p><span style=\"font-size: 14px;\">180cmUpx60UP,180cmUpx65cmUP,180cmUpx70cmUP,etc<\/span><br \/>\n<span style=\"font-size: 14px;\">240cmUpx120cmUP,etc<\/span><\/td>\n<\/tr>\n<tr>\n<td style=\"border: 1px solid #707070; width: 553.337px;\"><span style=\"font-family: arial, helvetica, sans-serif; font-size: 14px;\">Des sp\u00e9cifications personnalis\u00e9es sont disponibles<\/span><\/td>\n<\/tr>\n<tr>\n<td style=\"border: 1px solid #707070; width: 159.663px;\"><strong><span style=\"font-family: arial, helvetica, sans-serif; font-size: 14px;\">Tol\u00e9rance d'\u00e9paisseur :<\/span><\/strong><\/td>\n<td style=\"border: 1px solid #707070; width: 553.337px;\"><span style=\"font-family: arial, helvetica, sans-serif; font-size: 14px;\">\u00b10,05mm, \u00b11mm, \u00b11,5mm, \u00b12mm, selon les exigences de qualit\u00e9 du client<\/span><\/td>\n<\/tr>\n<tr>\n<td style=\"border: 1px solid #707070; width: 159.663px;\"><strong><span style=\"font-family: arial, helvetica, sans-serif; font-size: 14px;\">Surface :<\/span><\/strong><\/td>\n<td style=\"border: 1px solid #707070; width: 553.337px;\"><span style=\"font-family: arial, helvetica, sans-serif; font-size: 14px;\">P<\/span><span style=\"font-size: 14px;\">ol\u00e9, adouci, flamm\u00e9, sabl\u00e9, bouchard\u00e9, fendu naturel, flamm\u00e9 et bross\u00e9, etc.<\/span><\/td>\n<\/tr>\n<tr>\n<td style=\"border: 1px solid #707070; width: 159.663px;\"><strong><span style=\"font-family: arial, helvetica, sans-serif; font-size: 14px;\">Emballage :<\/span><\/strong><\/td>\n<td style=\"border: 1px solid #707070; width: 553.337px;\"><span style=\"font-size: 14px;\">Palettes en bois en \u00e9tat de navigabilit\u00e9, fardeaux en bois et caisses en bois<\/span><\/td>\n<\/tr>\n<tr>\n<td style=\"border: 1px solid #707070; width: 159.663px;\"><strong><span style=\"font-family: arial, helvetica, sans-serif; font-size: 14px;\">Application :<\/span><\/strong><\/td>\n<td style=\"border: 1px solid #707070; width: 553.337px;\"><span style=\"font-family: arial, helvetica, sans-serif; font-size: 14px;\">Sol, mur, motif, comptoir, d\u00e9coration int\u00e9rieure et ext\u00e9rieure<\/span><\/td>\n<\/tr>\n<tr>\n<td style=\"border: 1px solid #707070; width: 159.663px;\"><strong><span style=\"font-family: arial, helvetica, sans-serif; font-size: 14px;\">D\u00e9lai de livraison :<\/span><\/strong><\/td>\n<td style=\"border: 1px solid #707070; width: 553.337px;\"><span style=\"font-size: 14px;\">15-20 jours pour l'enregistrement<\/span><span style=\"font-family: arial, helvetica, sans-serif; font-size: 14px;\">tailles lar<\/span><\/td>\n<\/tr>\n<tr>\n<td style=\"border: 1px solid #707070; width: 159.663px;\"><strong><span style=\"font-family: arial, helvetica, sans-serif; font-size: 14px;\">Certificat :<\/span><\/strong><\/td>\n<td style=\"border: 1px solid #707070; width: 553.337px;\"><span style=\"font-family: arial, helvetica, sans-serif; font-size: 14px;\">CE, SGS<\/span><\/td>\n<\/tr>\n<tr>\n<td style=\"border: 1px solid #707070; width: 159.663px;\"><strong><span style=\"font-family: arial, helvetica, sans-serif; font-size: 14px;\">Conditions de paiement :<\/span><\/strong><\/td>\n<td style=\"border: 1px solid #707070; width: 553.337px;\"><span style=\"font-size: 14px;\">T\/T, L\/C, D<span style=\"color: #000000; font-family: Verdana, Arial, Helvetica, sans-serif; font-size: 14px; font-style: normal; font-weight: 400; background-color: #ffffff; float: none;\">\/<\/span>P<\/span><\/td>\n<\/tr>\n<tr>\n<td style=\"border: 1px solid #707070; width: 159.663px;\"><strong><span style=\"font-family: arial, helvetica, sans-serif; font-size: 14px;\">Avantage :<\/span><\/strong><\/td>\n<td style=\"border: 1px solid #707070; width: 553.337px;\"><span style=\"font-family: arial, helvetica, sans-serif; font-size: 14px;\">1) Service unique pour la pierre ;<\/span><\/p>\n<p><span style=\"font-family: arial, helvetica, sans-serif; font-size: 14px;\">2) poss\u00e8dent 3 carri\u00e8res et 9 usines ;<\/span><\/p>\n<p><span style=\"font-family: arial, helvetica, sans-serif; font-size: 14px;\">3) Des supports technologiques de pointe.<\/span><\/td>\n<\/tr>\n<tr>\n<td style=\"border: 1px solid #707070; width: 159.663px;\"><strong><span style=\"font-family: arial, helvetica, sans-serif; font-size: 14px;\">Assurance de la qualit\u00e9 et de la livraison :\u00a0<\/span><\/strong><\/td>\n<td style=\"border: 1px solid #707070; width: 553.337px;\"><span style=\"font-size: 14px;\">Tout au long du processus de production, du choix des mat\u00e9riaux \u00e0 l'emballage en passant par la fabrication, notre service de contr\u00f4le de la qualit\u00e9 contr\u00f4le rigoureusement chaque pi\u00e8ce et chaque processus afin de garantir le respect des normes de qualit\u00e9 et le respect des d\u00e9lais de livraison.<\/span><\/td>\n<\/tr>\n<\/tbody>\n<\/table>\n<p><img loading=\"lazy\" decoding=\"async\" class=\"alignnone size-full wp-image-27214\" src=\"http:\/\/stone-phoenix.com\/wp-content\/uploads\/2023\/12\/granite-tiles-price-G603-cheapest-granite-tiles-4-1.jpg\" alt=\"\" width=\"1119\" height=\"832\" srcset=\"https:\/\/stone-phoenix.com\/wp-content\/uploads\/2023\/12\/granite-tiles-price-G603-cheapest-granite-tiles-4-1.jpg 1119w, https:\/\/stone-phoenix.com\/wp-content\/uploads\/2023\/12\/granite-tiles-price-G603-cheapest-granite-tiles-4-1-300x223.jpg 300w, https:\/\/stone-phoenix.com\/wp-content\/uploads\/2023\/12\/granite-tiles-price-G603-cheapest-granite-tiles-4-1-1024x761.jpg 1024w, https:\/\/stone-phoenix.com\/wp-content\/uploads\/2023\/12\/granite-tiles-price-G603-cheapest-granite-tiles-4-1-768x571.jpg 768w, https:\/\/stone-phoenix.com\/wp-content\/uploads\/2023\/12\/granite-tiles-price-G603-cheapest-granite-tiles-4-1-16x12.jpg 16w, https:\/\/stone-phoenix.com\/wp-content\/uploads\/2023\/12\/granite-tiles-price-G603-cheapest-granite-tiles-4-1-600x446.jpg 600w, https:\/\/stone-phoenix.com\/wp-content\/uploads\/2023\/12\/granite-tiles-price-G603-cheapest-granite-tiles-4-1-150x112.jpg 150w\" sizes=\"(max-width: 1119px) 100vw, 1119px\" \/><img loading=\"lazy\" decoding=\"async\" class=\"alignnone  wp-image-27215\" src=\"http:\/\/stone-phoenix.com\/wp-content\/uploads\/2023\/12\/granite-tiles-price-G603-cheapest-granite-tiles-5.jpg\" alt=\"\" width=\"954\" height=\"1003\" srcset=\"https:\/\/stone-phoenix.com\/wp-content\/uploads\/2023\/12\/granite-tiles-price-G603-cheapest-granite-tiles-5.jpg 837w, https:\/\/stone-phoenix.com\/wp-content\/uploads\/2023\/12\/granite-tiles-price-G603-cheapest-granite-tiles-5-285x300.jpg 285w, https:\/\/stone-phoenix.com\/wp-content\/uploads\/2023\/12\/granite-tiles-price-G603-cheapest-granite-tiles-5-768x807.jpg 768w, https:\/\/stone-phoenix.com\/wp-content\/uploads\/2023\/12\/granite-tiles-price-G603-cheapest-granite-tiles-5-11x12.jpg 11w, https:\/\/stone-phoenix.com\/wp-content\/uploads\/2023\/12\/granite-tiles-price-G603-cheapest-granite-tiles-5-600x631.jpg 600w, https:\/\/stone-phoenix.com\/wp-content\/uploads\/2023\/12\/granite-tiles-price-G603-cheapest-granite-tiles-5-150x158.jpg 150w\" sizes=\"(max-width: 954px) 100vw, 954px\" \/><img loading=\"lazy\" decoding=\"async\" class=\"alignnone size-full wp-image-27216\" src=\"http:\/\/stone-phoenix.com\/wp-content\/uploads\/2023\/12\/granite-tiles-price-G603-cheapest-granite-tiles-6.jpg\" alt=\"\" width=\"1111\" height=\"628\" srcset=\"https:\/\/stone-phoenix.com\/wp-content\/uploads\/2023\/12\/granite-tiles-price-G603-cheapest-granite-tiles-6.jpg 1111w, https:\/\/stone-phoenix.com\/wp-content\/uploads\/2023\/12\/granite-tiles-price-G603-cheapest-granite-tiles-6-300x170.jpg 300w, https:\/\/stone-phoenix.com\/wp-content\/uploads\/2023\/12\/granite-tiles-price-G603-cheapest-granite-tiles-6-1024x579.jpg 1024w, https:\/\/stone-phoenix.com\/wp-content\/uploads\/2023\/12\/granite-tiles-price-G603-cheapest-granite-tiles-6-768x434.jpg 768w, https:\/\/stone-phoenix.com\/wp-content\/uploads\/2023\/12\/granite-tiles-price-G603-cheapest-granite-tiles-6-18x10.jpg 18w, https:\/\/stone-phoenix.com\/wp-content\/uploads\/2023\/12\/granite-tiles-price-G603-cheapest-granite-tiles-6-600x339.jpg 600w, https:\/\/stone-phoenix.com\/wp-content\/uploads\/2023\/12\/granite-tiles-price-G603-cheapest-granite-tiles-6-150x85.jpg 150w\" sizes=\"(max-width: 1111px) 100vw, 1111px\" \/><\/p>\n<\/div>\n<\/div>\n<\/div>","protected":false},"excerpt":{"rendered":"<p>granite tiles price G603 60\u00d760 cheapest granite tiles Granite tiles are a popular choice for homeowners because of their natural<\/p>","protected":false},"featured_media":27209,"template":"","meta":[],"product_cat":[112],"product_tag":[],"_links":{"self":[{"href":"https:\/\/stone-phoenix.com\/fr\/wp-json\/wp\/v2\/product\/20592"}],"collection":[{"href":"https:\/\/stone-phoenix.com\/fr\/wp-json\/wp\/v2\/product"}],"about":[{"href":"https:\/\/stone-phoenix.com\/fr\/wp-json\/wp\/v2\/types\/product"}],"wp:featuredmedia":[{"embeddable":true,"href":"https:\/\/stone-phoenix.com\/fr\/wp-json\/wp\/v2\/media\/27209"}],"wp:attachment":[{"href":"https:\/\/stone-phoenix.com\/fr\/wp-json\/wp\/v2\/media?parent=20592"}],"wp:term":[{"taxonomy":"product_cat","embeddable":true,"href":"https:\/\/stone-phoenix.com\/fr\/wp-json\/wp\/v2\/product_cat?post=20592"},{"taxonomy":"product_tag","embeddable":true,"href":"https:\/\/stone-phoenix.com\/fr\/wp-json\/wp\/v2\/product_tag?post=20592"}],"curies":[{"name":"wp","href":"https:\/\/api.w.org\/{rel}","templated":true}]}}