{"id":20609,"date":"2023-12-29T20:17:05","date_gmt":"2023-12-29T12:17:05","guid":{"rendered":"http:\/\/stone-phoenix.com\/product\/g654-granite-paving-quarry-directly-sale"},"modified":"2024-04-03T20:30:09","modified_gmt":"2024-04-03T12:30:09","slug":"g654-granite-paving-quarry-directly-sale","status":"publish","type":"product","link":"https:\/\/stone-phoenix.com\/fr\/produit\/g654-granite-paving-quarry-directly-sale","title":{"rendered":"G654 Granite Paving Quarry Directly Sale"},"content":{"rendered":"<div id=\"tab-description\" class=\"woocommerce-Tabs-panel woocommerce-Tabs-panel--description panel entry-content wc-tab\" role=\"tabpanel\" aria-labelledby=\"tab-title-description\">\n<h2>Pav\u00e9 en granit G654 Carri\u00e8re vente directe de pav\u00e9s en granit gris \u00e0 bon prix<\/h2>\n<div id=\"ali-anchor-AliPostDhMb-10ic2\" class=\"mceSectionContainer\" style=\"padding-top: 8px;\" data-section=\"AliPostDhMb-10ic2\" data-section-title=\"Product Description\">\n<div id=\"ali-title-AliPostDhMb-10ic2\" style=\"padding: 8px 0; border-bottom: 1px solid #ddd;\"><span style=\"background-color: #ddd; color: #333; font-weight: bold; padding: 8px 10px; line-height: 12px;\">Description du produit<\/span><\/div>\n<div style=\"padding: 10px 0;\">\n<table class=\"aliDataTable\" style=\"color: #000000; font-family: Arial; font-size: 12px; font-style: normal; font-weight: 400; background-color: #ffffff; width: 750px; height: 226px; border: 1px solid #b3b3b3;\">\n<tbody>\n<tr style=\"height: 42px;\">\n<td style=\"border: 1px solid #b3b3b3; width: 162px; height: 42px;\"><strong><span style=\"font-family: arial, helvetica, sans-serif; font-size: 14px;\">Nom du produit :<\/span><\/strong><\/td>\n<td style=\"border: 1px solid #b3b3b3; width: 595.066px; height: 42px;\">Carri\u00e8re en vente directe G654 pav\u00e9 de granit gris \u00e0 bon prix<\/td>\n<\/tr>\n<tr style=\"height: 21px;\">\n<td style=\"border: 1px solid #b3b3b3; width: 162px; height: 21px;\"><strong><span style=\"font-family: arial, helvetica, sans-serif; font-size: 14px;\">Mat\u00e9riau :<\/span><\/strong><\/td>\n<td style=\"border: 1px solid #b3b3b3; width: 595.066px; height: 21px;\"><span style=\"font-family: arial, helvetica, sans-serif; font-size: 14px;\">Granit G562, granit G603, granit G654, granit G682, etc.<\/span><\/td>\n<\/tr>\n<tr style=\"height: 44px;\">\n<td style=\"border: 1px solid #b3b3b3; width: 162px; height: 65px;\" rowspan=\"2\">\n<p style=\"margin: 0px; padding: 0px;\"><strong><span style=\"font-family: arial, helvetica, sans-serif; font-size: 14px;\">Taille :<\/span><\/strong><\/p>\n<\/td>\n<td style=\"border: 1px solid #b3b3b3; width: 595.066px; height: 44px;\"><span style=\"font-size: 14px;\">Tailles<\/span><br \/>\n<span style=\"font-size: 14px;\">5X5X5CM,8X8X8CM,9X9X9CM,10X10X10CM,10x10x5cm,<\/span><span style=\"font-size: 14px;\">10x20x5cm,9.5\u00d79.5x4CM,19.5\u00d719.5x4CM,22X11X5CM,<\/span><span style=\"font-size: 14px;\">16.5X11.5X5CM,19.7X19.7X8CM,14.5X14.5X8CM,16X16X16CM,<\/span><\/p>\n<p><span style=\"font-size: 14px;\">22X16X16CM,27x18x9cm,18x18x9cm,18x18x18CM <\/span><\/p>\n<p><span style=\"font-size: 14px;\">ou sur mesure<\/span><\/td>\n<\/tr>\n<tr style=\"height: 21px;\">\n<td style=\"border: 1px solid #b3b3b3; width: 595.066px; height: 21px;\"><span style=\"font-family: arial, helvetica, sans-serif; font-size: 14px;\">Des sp\u00e9cifications personnalis\u00e9es sont disponibles<\/span><\/td>\n<\/tr>\n<tr style=\"height: 42px;\">\n<td style=\"border: 1px solid #b3b3b3; width: 162px; height: 42px;\"><strong><span style=\"font-family: arial, helvetica, sans-serif; font-size: 14px;\">Tol\u00e9rance d'\u00e9paisseur :<\/span><\/strong><\/td>\n<td style=\"border: 1px solid #b3b3b3; width: 595.066px; height: 42px;\"><span style=\"font-size: 14px; font-family: arial, helvetica, sans-serif;\">\u00b11mm, \u00b11,5mm, \u00b12mm, selon les exigences de qualit\u00e9 du client<\/span><\/td>\n<\/tr>\n<tr style=\"height: 126px;\">\n<td style=\"border: 1px solid #b3b3b3; width: 162px; height: 126px;\">\n<p style=\"margin: 0px; padding: 0px;\"><strong><span style=\"font-family: arial, helvetica, sans-serif; font-size: 14px;\">Surface :<\/span><\/strong><\/p>\n<\/td>\n<td style=\"border: 1px solid #b3b3b3; width: 595.066px; height: 126px;\"><span style=\"font-size: 14px;\">Finition<\/span><br \/>\n<span style=\"font-size: 14px;\">a. Fente naturelle sur tous les c\u00f4t\u00e9s<\/span><br \/>\n<span style=\"font-size: 14px;\">b. Toutes les faces sont sci\u00e9es<\/span><br \/>\n<span style=\"font-size: 14px;\">c. 5 c\u00f4t\u00e9s coup\u00e9s \u00e0 la scie, surface fendue naturellement<\/span><br \/>\n<span style=\"font-size: 14px;\">d. 5 faces coup\u00e9es \u00e0 la scie, surface flamm\u00e9e<\/span><br \/>\n<span style=\"font-size: 14px;\">e. 4 c\u00f4t\u00e9s coup\u00e9s \u00e0 la scie, fendu naturel en haut, tambourin\u00e9, dos en maille\u00a0<\/span><\/td>\n<\/tr>\n<tr style=\"height: 21px;\">\n<td style=\"border: 1px solid #b3b3b3; width: 162px; height: 21px;\"><strong><span style=\"font-family: arial, helvetica, sans-serif; font-size: 14px;\">Emballage :<\/span><\/strong><\/td>\n<td style=\"border: 1px solid #b3b3b3; width: 595.066px; height: 21px;\"><span style=\"font-family: arial, helvetica, sans-serif; font-size: 14px;\">Fardeaux et caisses en bois en \u00e9tat de navigabilit\u00e9<\/span><\/td>\n<\/tr>\n<tr style=\"height: 21px;\">\n<td style=\"border: 1px solid #b3b3b3; width: 162px; height: 21px;\"><strong><span style=\"font-family: arial, helvetica, sans-serif; font-size: 14px;\">Application :<\/span><\/strong><\/td>\n<td style=\"border: 1px solid #b3b3b3; width: 595.066px; height: 21px;\"><span style=\"font-family: arial, helvetica, sans-serif; font-size: 14px;\">Largement utilis\u00e9 pour la d\u00e9coration int\u00e9rieure et ext\u00e9rieure<\/span><\/td>\n<\/tr>\n<tr style=\"height: 42px;\">\n<td style=\"border: 1px solid #b3b3b3; width: 162px; height: 42px;\"><strong><span style=\"font-family: arial, helvetica, sans-serif; font-size: 14px;\">D\u00e9lai de livraison :<\/span><\/strong><\/td>\n<td style=\"border: 1px solid #b3b3b3; width: 595.066px; height: 42px;\"><span style=\"font-family: arial, helvetica, sans-serif; font-size: 14px;\">15-20 jours pour les tailles normales<\/span><\/td>\n<\/tr>\n<tr style=\"height: 19px;\">\n<td style=\"border: 1px solid #b3b3b3; width: 162px; height: 19px;\">\n<p style=\"margin: 0px; padding: 0px;\"><strong><span style=\"font-family: arial, helvetica, sans-serif; font-size: 14px;\">Certificat :<\/span><\/strong><\/p>\n<\/td>\n<td style=\"border: 1px solid #b3b3b3; width: 595.066px; height: 19px;\"><span style=\"font-family: arial, helvetica, sans-serif; font-size: 14px;\">CE, SGS<\/span><\/td>\n<\/tr>\n<tr style=\"height: 42px;\">\n<td style=\"border: 1px solid #b3b3b3; width: 162px; height: 42px;\">\n<p style=\"margin: 0px; padding: 0px;\"><strong><span style=\"font-family: arial, helvetica, sans-serif; font-size: 14px;\">Conditions de paiement :<\/span><\/strong><\/p>\n<\/td>\n<td style=\"border: 1px solid #b3b3b3; width: 595.066px; height: 42px;\"><span style=\"font-family: arial, helvetica, sans-serif; font-size: 14px;\">T\/T, L\/C, D\/P<\/span><\/td>\n<\/tr>\n<tr style=\"height: 63px;\">\n<td style=\"border: 1px solid #b3b3b3; width: 162px; height: 63px;\"><strong><span style=\"font-family: arial, helvetica, sans-serif; font-size: 14px;\">Avantage :<\/span><\/strong><\/td>\n<td style=\"border: 1px solid #b3b3b3; width: 595.066px; height: 63px;\">\n<p style=\"margin: 0px; padding: 0px;\"><span style=\"font-family: arial, helvetica, sans-serif; font-size: 14px;\">1) Service unique pour la pierre ;<\/span><\/p>\n<p style=\"margin: 0px; padding: 0px;\"><span style=\"font-family: arial, helvetica, sans-serif; font-size: 14px;\">2) Poss\u00e9der 3 carri\u00e8res et 9 usines ;<\/span><\/p>\n<p style=\"margin: 0px; padding: 0px;\"><span style=\"font-family: arial, helvetica, sans-serif; font-size: 14px;\">3) Soutien \u00e0 la conception et \u00e0 la technologie.<\/span><\/p>\n<\/td>\n<\/tr>\n<tr style=\"height: 84px;\">\n<td style=\"border: 1px solid #b3b3b3; width: 162px; height: 84px;\"><strong><span style=\"font-family: arial, helvetica, sans-serif; font-size: 14px;\">Assurance de la qualit\u00e9 et de la livraison :\u00a0<\/span><\/strong><\/td>\n<td style=\"border: 1px solid #b3b3b3; width: 595.066px; height: 84px;\">\n<p style=\"margin: 0px; padding: 0px;\"><span style=\"font-family: arial, helvetica, sans-serif; font-size: 14px;\">Tout au long du processus de production, du choix des mat\u00e9riaux \u00e0 l'emballage en passant par la fabrication, notre service de contr\u00f4le de la qualit\u00e9 contr\u00f4le rigoureusement chaque pi\u00e8ce et chaque processus afin de garantir le respect des normes de qualit\u00e9 et le respect des d\u00e9lais de livraison.<\/span><\/p>\n<\/td>\n<\/tr>\n<\/tbody>\n<\/table>\n<p>Le pavage en granit G654 est un mat\u00e9riau de pavage populaire et durable, largement utilis\u00e9 dans les projets d'am\u00e9nagement paysager r\u00e9sidentiels et commerciaux. Ce type de granit est extrait dans la province de Fujian en Chine et est connu pour sa couleur grise uniforme et sa texture \u00e0 grain fin.<\/p>\n<p>Le pavage en granit G654 est un mat\u00e9riau polyvalent qui peut \u00eatre utilis\u00e9 dans une grande vari\u00e9t\u00e9 d'applications. Il est couramment utilis\u00e9 pour les all\u00e9es ext\u00e9rieures, les patios, les voies d'acc\u00e8s et les terrasses de piscine. La durabilit\u00e9 et la r\u00e9sistance du granit G654 en font un choix id\u00e9al pour les zones tr\u00e8s fr\u00e9quent\u00e9es qui n\u00e9cessitent une solution de pavage durable et n\u00e9cessitant peu d'entretien.<\/p>\n<p>Outre sa durabilit\u00e9, Tt est \u00e9galement tr\u00e8s attrayant sur le plan visuel. La couleur grise uniforme de la pierre lui conf\u00e8re un aspect classique et intemporel qui s'harmonise avec n'importe quel am\u00e9nagement paysager. Sa texture \u00e0 grain fin ajoute \u00e9galement un int\u00e9r\u00eat visuel subtil qui peut am\u00e9liorer l'esth\u00e9tique g\u00e9n\u00e9rale d'un espace.<\/p>\n<p>Le pavage en granit G654 est facile \u00e0 installer et \u00e0 entretenir. Sa composition dense le rend r\u00e9sistant \u00e0 l'absorption d'eau, ce qui signifie qu'il est moins susceptible de se fissurer ou de se briser en raison des cycles de gel et de d\u00e9gel. Il est \u00e9galement r\u00e9sistant aux taches et aux rayures, ce qui en fait un excellent choix pour les espaces ext\u00e9rieurs susceptibles d'\u00eatre expos\u00e9s \u00e0 des \u00e9claboussures ou \u00e0 un trafic pi\u00e9tonnier intense.<\/p>\n<p>Dans l'ensemble, le pavage en granit G654 est un mat\u00e9riau polyvalent et durable qui offre \u00e0 la fois fonctionnalit\u00e9 et attrait esth\u00e9tique. Sa r\u00e9sistance, sa durabilit\u00e9 et ses exigences en mati\u00e8re d'entretien en font un excellent choix pour tout projet d'am\u00e9nagement paysager n\u00e9cessitant une solution de pavage fiable et durable.<\/p>\n<p><img loading=\"lazy\" decoding=\"async\" class=\"alignnone  wp-image-20611\" src=\"http:\/\/stone-phoenix.com\/wp-content\/uploads\/2023\/12\/1703881027.jpg\" width=\"968\" height=\"968\" srcset=\"https:\/\/stone-phoenix.com\/wp-content\/uploads\/2023\/12\/1703881027.jpg 1080w, https:\/\/stone-phoenix.com\/wp-content\/uploads\/2023\/12\/1703881027-300x300.jpg 300w, https:\/\/stone-phoenix.com\/wp-content\/uploads\/2023\/12\/1703881027-1024x1024.jpg 1024w, https:\/\/stone-phoenix.com\/wp-content\/uploads\/2023\/12\/1703881027-150x150.jpg 150w, https:\/\/stone-phoenix.com\/wp-content\/uploads\/2023\/12\/1703881027-768x768.jpg 768w, https:\/\/stone-phoenix.com\/wp-content\/uploads\/2023\/12\/1703881027-12x12.jpg 12w, https:\/\/stone-phoenix.com\/wp-content\/uploads\/2023\/12\/1703881027-600x600.jpg 600w\" sizes=\"(max-width: 968px) 100vw, 968px\" \/><img loading=\"lazy\" decoding=\"async\" class=\"alignnone wp-image-27198\" src=\"http:\/\/stone-phoenix.com\/wp-content\/uploads\/2023\/12\/G654-Granite-Paving-Quarry-Directly-Sale-3.jpg\" alt=\"\" width=\"880\" height=\"1386\" srcset=\"https:\/\/stone-phoenix.com\/wp-content\/uploads\/2023\/12\/G654-Granite-Paving-Quarry-Directly-Sale-3.jpg 694w, https:\/\/stone-phoenix.com\/wp-content\/uploads\/2023\/12\/G654-Granite-Paving-Quarry-Directly-Sale-3-190x300.jpg 190w, https:\/\/stone-phoenix.com\/wp-content\/uploads\/2023\/12\/G654-Granite-Paving-Quarry-Directly-Sale-3-650x1024.jpg 650w, https:\/\/stone-phoenix.com\/wp-content\/uploads\/2023\/12\/G654-Granite-Paving-Quarry-Directly-Sale-3-8x12.jpg 8w, https:\/\/stone-phoenix.com\/wp-content\/uploads\/2023\/12\/G654-Granite-Paving-Quarry-Directly-Sale-3-600x945.jpg 600w, https:\/\/stone-phoenix.com\/wp-content\/uploads\/2023\/12\/G654-Granite-Paving-Quarry-Directly-Sale-3-150x236.jpg 150w\" sizes=\"(max-width: 880px) 100vw, 880px\" \/><img loading=\"lazy\" decoding=\"async\" class=\"alignnone wp-image-27199\" src=\"http:\/\/stone-phoenix.com\/wp-content\/uploads\/2023\/12\/G654-Granite-Paving-Quarry-Directly-Sale-5.jpg\" alt=\"\" width=\"884\" height=\"1316\" srcset=\"https:\/\/stone-phoenix.com\/wp-content\/uploads\/2023\/12\/G654-Granite-Paving-Quarry-Directly-Sale-5.jpg 690w, https:\/\/stone-phoenix.com\/wp-content\/uploads\/2023\/12\/G654-Granite-Paving-Quarry-Directly-Sale-5-202x300.jpg 202w, https:\/\/stone-phoenix.com\/wp-content\/uploads\/2023\/12\/G654-Granite-Paving-Quarry-Directly-Sale-5-688x1024.jpg 688w, https:\/\/stone-phoenix.com\/wp-content\/uploads\/2023\/12\/G654-Granite-Paving-Quarry-Directly-Sale-5-8x12.jpg 8w, https:\/\/stone-phoenix.com\/wp-content\/uploads\/2023\/12\/G654-Granite-Paving-Quarry-Directly-Sale-5-600x893.jpg 600w, https:\/\/stone-phoenix.com\/wp-content\/uploads\/2023\/12\/G654-Granite-Paving-Quarry-Directly-Sale-5-150x223.jpg 150w\" sizes=\"(max-width: 884px) 100vw, 884px\" \/><\/p>\n<p><a href=\"https:\/\/longtopstone.com\/product-category\/chinese-granite\/\">voir plus&gt;&gt;&gt;<\/a><\/p>\n<\/div>\n<\/div>\n<\/div>","protected":false},"excerpt":{"rendered":"<p>G654 granite paving Quarry directly sale grey granite paving stone with good price Product Description Product name: Quarry directly sale<\/p>","protected":false},"featured_media":20610,"template":"","meta":[],"product_cat":[112],"product_tag":[],"_links":{"self":[{"href":"https:\/\/stone-phoenix.com\/fr\/wp-json\/wp\/v2\/product\/20609"}],"collection":[{"href":"https:\/\/stone-phoenix.com\/fr\/wp-json\/wp\/v2\/product"}],"about":[{"href":"https:\/\/stone-phoenix.com\/fr\/wp-json\/wp\/v2\/types\/product"}],"wp:featuredmedia":[{"embeddable":true,"href":"https:\/\/stone-phoenix.com\/fr\/wp-json\/wp\/v2\/media\/20610"}],"wp:attachment":[{"href":"https:\/\/stone-phoenix.com\/fr\/wp-json\/wp\/v2\/media?parent=20609"}],"wp:term":[{"taxonomy":"product_cat","embeddable":true,"href":"https:\/\/stone-phoenix.com\/fr\/wp-json\/wp\/v2\/product_cat?post=20609"},{"taxonomy":"product_tag","embeddable":true,"href":"https:\/\/stone-phoenix.com\/fr\/wp-json\/wp\/v2\/product_tag?post=20609"}],"curies":[{"name":"wp","href":"https:\/\/api.w.org\/{rel}","templated":true}]}}