{"id":20612,"date":"2023-12-29T20:17:13","date_gmt":"2023-12-29T12:17:13","guid":{"rendered":"http:\/\/stone-phoenix.com\/product\/g654-leather-finishing-granite-finish-china-longtops"},"modified":"2024-04-03T20:38:56","modified_gmt":"2024-04-03T12:38:56","slug":"g654-leather-finishing-granite-finish-china-longtops","status":"publish","type":"product","link":"https:\/\/stone-phoenix.com\/fr\/produit\/g654-leather-finishing-granite-finish-china-longtops","title":{"rendered":"G654 Leather Finishing Granite Finish China Longtops"},"content":{"rendered":"<div id=\"tab-description\" class=\"woocommerce-Tabs-panel woocommerce-Tabs-panel--description panel entry-content wc-tab\" role=\"tabpanel\" aria-labelledby=\"tab-title-description\">\n<div id=\"ali-anchor-AliPostDhMb-6q8vw\" style=\"padding-top: 8px;\" data-section=\"AliPostDhMb-6q8vw\" data-section-title=\"Product Description\">\n<h3 style=\"text-align: center;\">G654 Leather Finishing Granite Finish China Longtops<\/h3>\n<p>Le granit de finition du cuir G654 est largement utilis\u00e9 dans l'ensemble de l'industrie des produits en cuir et des chaussures. Il est disponible en trois duret\u00e9s diff\u00e9rentes, ce qui permet de r\u00e9pondre aux diff\u00e9rentes exigences des clients. <a href=\"https:\/\/longtopstone.com\/product\/g654-leather-finishing-granite-finish-china-longtops\/\">G654 finition du cuir en granit<\/a> est un type de granit aux couleurs vari\u00e9es, tr\u00e8s populaire dans le monde.<\/p>\n<p>Ce type de granit a une caract\u00e9ristique : sa couleur est durable. Ainsi, lorsque vous achetez ce granit G654 finition cuir, vous pouvez l'utiliser pendant plus de 20 ans sans aucun probl\u00e8me et vous n'aurez pas besoin de le changer. C'est une pierre populaire en raison de sa beaut\u00e9 classique, de sa durabilit\u00e9 et de sa facilit\u00e9 d'entretien.<\/p>\n<p>Il est disponible en trois couleurs : gris, orange et beige. Vous pouvez choisir celle qui vous pla\u00eet le plus. Le G654 est un granit qui convient \u00e0 la plupart des applications, y compris les carreaux, les comptoirs et les rev\u00eatements de sol. Il a un aspect poli et peut \u00eatre utilis\u00e9 dans des projets r\u00e9sidentiels et commerciaux.<\/p>\n<p>Un granit de finition cuir \u00e0 grain fin avec une surface facile \u00e0 nettoyer, le gr\u00e8s n'a pas de grain visuel. Le G654 peut \u00eatre poli et peut \u00eatre utilis\u00e9 pour les comptoirs, les dosserets et les rev\u00eatements de sol.<\/p>\n<div><\/div>\n<div id=\"ali-title-AliPostDhMb-6q8vw\" style=\"padding: 8px 0; border-bottom: 1px solid #ddd;\"><span style=\"background-color: #ddd; color: #333; font-weight: bold; padding: 8px 10px; line-height: 12px;\">Description du produit<\/span><\/div>\n<div style=\"padding: 10px 0;\">\n<table class=\"aliDataTable\" style=\"color: #000000; font-family: Arial; font-size: 12px; font-style: normal; font-weight: 400; background-color: #ffffff; width: 698px; height: 226px; border: 1px solid #b3b3b3;\">\n<tbody>\n<tr>\n<td style=\"border: 1px solid #707070; width: 159.663px;\"><strong><span style=\"font-family: arial, helvetica, sans-serif; font-size: 14px;\">Nom du produit :<\/span><\/strong><\/td>\n<td style=\"border: 1px solid #707070; width: 553.337px;\">Prix du granit noir Galaxy chinois \u00e0 vendre<\/td>\n<\/tr>\n<tr>\n<td style=\"border: 1px solid #707070; width: 159.663px;\"><strong><span style=\"font-family: arial, helvetica, sans-serif; font-size: 14px;\">Mat\u00e9riau :<\/span><\/strong><\/td>\n<td style=\"border: 1px solid #707070; width: 553.337px;\"><span style=\"font-size: 14px;\">Granit<\/span><\/td>\n<\/tr>\n<tr>\n<td style=\"border: 1px solid #707070; width: 159.663px;\"><strong><span style=\"font-family: arial, helvetica, sans-serif; font-size: 14px;\">Couleur :<\/span><\/strong><\/td>\n<td style=\"border: 1px solid #707070; width: 553.337px;\"><span style=\"font-family: arial, helvetica, sans-serif; font-size: 14px;\">Blanc, noir, jaune, rouge, rose, gris, brun, bleu, vert, etc.<\/span><\/td>\n<\/tr>\n<tr>\n<td style=\"border: 1px solid #707070; width: 159.663px;\" rowspan=\"3\"><strong><span style=\"font-family: arial, helvetica, sans-serif; font-size: 14px;\">Taille :<\/span><\/strong><\/td>\n<td style=\"border: 1px solid #707070; width: 553.337px;\"><span style=\"text-decoration: underline;\"><span style=\"font-size: 14px;\">Carreaux disponibles <\/span><\/span><br \/>\n<span style=\"font-size: 14px;\">12\u2019x12\u2033,24\u2019x24\u2033,12\u2019x24\u2033,etc <\/span><span style=\"font-size: 14px;\">300x300mm,300x600mm,400x400mm,600x600mm,etc<\/span><\/td>\n<\/tr>\n<tr>\n<td style=\"border: 1px solid #707070; width: 553.337px;\"><span style=\"text-decoration: underline;\"><span style=\"font-size: 14px;\">Dalles disponibles <\/span><\/span><\/p>\n<p><span style=\"font-size: 14px;\">180cmUpx60UP,180cmUpx65cmUP,180cmUpx70cmUP,etc<\/span><br \/>\n<span style=\"font-size: 14px;\">240cmUpx120cmUP,etc<\/span><\/td>\n<\/tr>\n<tr>\n<td style=\"border: 1px solid #707070; width: 553.337px;\"><span style=\"font-family: arial, helvetica, sans-serif; font-size: 14px;\">Des sp\u00e9cifications personnalis\u00e9es sont disponibles<\/span><\/td>\n<\/tr>\n<tr>\n<td style=\"border: 1px solid #707070; width: 159.663px;\"><strong><span style=\"font-family: arial, helvetica, sans-serif; font-size: 14px;\">Tol\u00e9rance d'\u00e9paisseur :<\/span><\/strong><\/td>\n<td style=\"border: 1px solid #707070; width: 553.337px;\"><span style=\"font-family: arial, helvetica, sans-serif; font-size: 14px;\">\u00b10,05mm, \u00b11mm, \u00b11,5mm, \u00b12mm, selon les exigences de qualit\u00e9 du client<\/span><\/td>\n<\/tr>\n<tr>\n<td style=\"border: 1px solid #707070; width: 159.663px;\"><strong><span style=\"font-family: arial, helvetica, sans-serif; font-size: 14px;\">Surface :<\/span><\/strong><\/td>\n<td style=\"border: 1px solid #707070; width: 553.337px;\"><span style=\"font-family: arial, helvetica, sans-serif; font-size: 14px;\">P<\/span><span style=\"font-size: 14px;\">ol\u00e9, adouci, flamm\u00e9, sabl\u00e9, bouchard\u00e9, fendu naturel, flamm\u00e9 et bross\u00e9, etc.<\/span><\/td>\n<\/tr>\n<tr>\n<td style=\"border: 1px solid #707070; width: 159.663px;\"><strong><span style=\"font-family: arial, helvetica, sans-serif; font-size: 14px;\">Emballage :<\/span><\/strong><\/td>\n<td style=\"border: 1px solid #707070; width: 553.337px;\"><span style=\"font-size: 14px;\">Palettes en bois en \u00e9tat de navigabilit\u00e9, fardeaux en bois et caisses en bois<\/span><\/td>\n<\/tr>\n<tr>\n<td style=\"border: 1px solid #707070; width: 159.663px;\"><strong><span style=\"font-family: arial, helvetica, sans-serif; font-size: 14px;\">Application :<\/span><\/strong><\/td>\n<td style=\"border: 1px solid #707070; width: 553.337px;\"><span style=\"font-family: arial, helvetica, sans-serif; font-size: 14px;\">Sol, mur, motif, comptoir, d\u00e9coration int\u00e9rieure et ext\u00e9rieure<\/span><\/td>\n<\/tr>\n<tr>\n<td style=\"border: 1px solid #707070; width: 159.663px;\"><strong><span style=\"font-family: arial, helvetica, sans-serif; font-size: 14px;\">D\u00e9lai de livraison :<\/span><\/strong><\/td>\n<td style=\"border: 1px solid #707070; width: 553.337px;\"><span style=\"font-size: 14px;\">15-20 jours pour l'enregistrement<\/span><span style=\"font-family: arial, helvetica, sans-serif; font-size: 14px;\">tailles lar<\/span><\/td>\n<\/tr>\n<tr>\n<td style=\"border: 1px solid #707070; width: 159.663px;\"><strong><span style=\"font-family: arial, helvetica, sans-serif; font-size: 14px;\">Certificat :<\/span><\/strong><\/td>\n<td style=\"border: 1px solid #707070; width: 553.337px;\"><span style=\"font-family: arial, helvetica, sans-serif; font-size: 14px;\">CE, SGS<\/span><\/td>\n<\/tr>\n<tr>\n<td style=\"border: 1px solid #707070; width: 159.663px;\"><strong><span style=\"font-family: arial, helvetica, sans-serif; font-size: 14px;\">Conditions de paiement :<\/span><\/strong><\/td>\n<td style=\"border: 1px solid #707070; width: 553.337px;\"><span style=\"font-size: 14px;\">T\/T, L\/C, D<span style=\"color: #000000; font-family: Verdana, Arial, Helvetica, sans-serif; font-size: 14px; font-style: normal; font-weight: 400; background-color: #ffffff; float: none;\">\/<\/span>P<\/span><\/td>\n<\/tr>\n<tr>\n<td style=\"border: 1px solid #707070; width: 159.663px;\"><strong><span style=\"font-family: arial, helvetica, sans-serif; font-size: 14px;\">Avantage :<\/span><\/strong><\/td>\n<td style=\"border: 1px solid #707070; width: 553.337px;\"><span style=\"font-family: arial, helvetica, sans-serif; font-size: 14px;\">1) Service unique pour la pierre ;<\/span><\/p>\n<p><span style=\"font-family: arial, helvetica, sans-serif; font-size: 14px;\">2) poss\u00e8dent 3 carri\u00e8res et 9 usines ;<\/span><\/p>\n<p><span style=\"font-family: arial, helvetica, sans-serif; font-size: 14px;\">3) Des supports technologiques de pointe.<\/span><\/td>\n<\/tr>\n<tr>\n<td style=\"border: 1px solid #707070; width: 159.663px;\"><strong><span style=\"font-family: arial, helvetica, sans-serif; font-size: 14px;\">Assurance de la qualit\u00e9 et de la livraison :\u00a0<\/span><\/strong><\/td>\n<td style=\"border: 1px solid #707070; width: 553.337px;\"><span style=\"font-size: 14px;\">Tout au long du processus de production, du choix des mat\u00e9riaux \u00e0 l'emballage en passant par la fabrication, notre service de contr\u00f4le de la qualit\u00e9 contr\u00f4le rigoureusement chaque pi\u00e8ce et chaque processus afin de garantir le respect des normes de qualit\u00e9 et le respect des d\u00e9lais de livraison.<\/span><\/td>\n<\/tr>\n<\/tbody>\n<\/table>\n<\/div>\n<div style=\"padding: 10px 0px; text-align: center;\">\n<p><img loading=\"lazy\" decoding=\"async\" class=\"alignnone size-full wp-image-27192\" src=\"http:\/\/stone-phoenix.com\/wp-content\/uploads\/2023\/12\/G654-Leather-Finishing-Granite-Finish-China-Longtops-4.jpg\" alt=\"\" width=\"1117\" height=\"834\" srcset=\"https:\/\/stone-phoenix.com\/wp-content\/uploads\/2023\/12\/G654-Leather-Finishing-Granite-Finish-China-Longtops-4.jpg 1117w, https:\/\/stone-phoenix.com\/wp-content\/uploads\/2023\/12\/G654-Leather-Finishing-Granite-Finish-China-Longtops-4-300x224.jpg 300w, https:\/\/stone-phoenix.com\/wp-content\/uploads\/2023\/12\/G654-Leather-Finishing-Granite-Finish-China-Longtops-4-1024x765.jpg 1024w, https:\/\/stone-phoenix.com\/wp-content\/uploads\/2023\/12\/G654-Leather-Finishing-Granite-Finish-China-Longtops-4-768x573.jpg 768w, https:\/\/stone-phoenix.com\/wp-content\/uploads\/2023\/12\/G654-Leather-Finishing-Granite-Finish-China-Longtops-4-16x12.jpg 16w, https:\/\/stone-phoenix.com\/wp-content\/uploads\/2023\/12\/G654-Leather-Finishing-Granite-Finish-China-Longtops-4-600x448.jpg 600w, https:\/\/stone-phoenix.com\/wp-content\/uploads\/2023\/12\/G654-Leather-Finishing-Granite-Finish-China-Longtops-4-150x112.jpg 150w\" sizes=\"(max-width: 1117px) 100vw, 1117px\" \/><img loading=\"lazy\" decoding=\"async\" class=\"alignnone  wp-image-27193\" src=\"http:\/\/stone-phoenix.com\/wp-content\/uploads\/2023\/12\/G654-Leather-Finishing-Granite-Finish-China-Longtops-5.jpg\" alt=\"\" width=\"946\" height=\"1299\" srcset=\"https:\/\/stone-phoenix.com\/wp-content\/uploads\/2023\/12\/G654-Leather-Finishing-Granite-Finish-China-Longtops-5.jpg 813w, https:\/\/stone-phoenix.com\/wp-content\/uploads\/2023\/12\/G654-Leather-Finishing-Granite-Finish-China-Longtops-5-218x300.jpg 218w, https:\/\/stone-phoenix.com\/wp-content\/uploads\/2023\/12\/G654-Leather-Finishing-Granite-Finish-China-Longtops-5-745x1024.jpg 745w, https:\/\/stone-phoenix.com\/wp-content\/uploads\/2023\/12\/G654-Leather-Finishing-Granite-Finish-China-Longtops-5-768x1055.jpg 768w, https:\/\/stone-phoenix.com\/wp-content\/uploads\/2023\/12\/G654-Leather-Finishing-Granite-Finish-China-Longtops-5-9x12.jpg 9w, https:\/\/stone-phoenix.com\/wp-content\/uploads\/2023\/12\/G654-Leather-Finishing-Granite-Finish-China-Longtops-5-600x824.jpg 600w, https:\/\/stone-phoenix.com\/wp-content\/uploads\/2023\/12\/G654-Leather-Finishing-Granite-Finish-China-Longtops-5-150x206.jpg 150w\" sizes=\"(max-width: 946px) 100vw, 946px\" \/><img loading=\"lazy\" decoding=\"async\" class=\"alignnone size-full wp-image-27194\" src=\"http:\/\/stone-phoenix.com\/wp-content\/uploads\/2023\/12\/G654-Leather-Finishing-Granite-Finish-China-Longtops-6.jpg\" alt=\"\" width=\"1101\" height=\"820\" srcset=\"https:\/\/stone-phoenix.com\/wp-content\/uploads\/2023\/12\/G654-Leather-Finishing-Granite-Finish-China-Longtops-6.jpg 1101w, https:\/\/stone-phoenix.com\/wp-content\/uploads\/2023\/12\/G654-Leather-Finishing-Granite-Finish-China-Longtops-6-300x223.jpg 300w, https:\/\/stone-phoenix.com\/wp-content\/uploads\/2023\/12\/G654-Leather-Finishing-Granite-Finish-China-Longtops-6-1024x763.jpg 1024w, https:\/\/stone-phoenix.com\/wp-content\/uploads\/2023\/12\/G654-Leather-Finishing-Granite-Finish-China-Longtops-6-768x572.jpg 768w, https:\/\/stone-phoenix.com\/wp-content\/uploads\/2023\/12\/G654-Leather-Finishing-Granite-Finish-China-Longtops-6-16x12.jpg 16w, https:\/\/stone-phoenix.com\/wp-content\/uploads\/2023\/12\/G654-Leather-Finishing-Granite-Finish-China-Longtops-6-600x447.jpg 600w, https:\/\/stone-phoenix.com\/wp-content\/uploads\/2023\/12\/G654-Leather-Finishing-Granite-Finish-China-Longtops-6-150x112.jpg 150w\" sizes=\"(max-width: 1101px) 100vw, 1101px\" \/><\/p>\n<\/div>\n<\/div>\n<div id=\"ali-anchor-AliPostDhMb-et37r\" style=\"padding-top: 8px;\" data-section=\"AliPostDhMb-et37r\" data-section-title=\"Related Products\">\n<div id=\"ali-title-AliPostDhMb-et37r\" style=\"padding: 8px 0; border-bottom: 1px solid #ddd;\"><span style=\"background-color: #ddd; color: #333; font-weight: bold; padding: 8px 10px; line-height: 12px;\">Produits apparent\u00e9s<\/span><\/div>\n<div style=\"padding: 10px 0;\">\n<p><img loading=\"lazy\" decoding=\"async\" class=\"alignnone size-full wp-image-20617\" src=\"http:\/\/stone-phoenix.com\/wp-content\/uploads\/2023\/12\/1703881036-1.jpg\" width=\"750\" height=\"740\" srcset=\"https:\/\/stone-phoenix.com\/wp-content\/uploads\/2023\/12\/1703881036-1.jpg 750w, https:\/\/stone-phoenix.com\/wp-content\/uploads\/2023\/12\/1703881036-1-300x296.jpg 300w, https:\/\/stone-phoenix.com\/wp-content\/uploads\/2023\/12\/1703881036-1-12x12.jpg 12w, https:\/\/stone-phoenix.com\/wp-content\/uploads\/2023\/12\/1703881036-1-600x592.jpg 600w, https:\/\/stone-phoenix.com\/wp-content\/uploads\/2023\/12\/1703881036-1-150x148.jpg 150w\" sizes=\"(max-width: 750px) 100vw, 750px\" \/><\/p>\n<map name=\"jop2h1l5\">\n<area coords=\"18,102,243,366\" shape=\"rect\" href=\"https:\/\/longtops.en.alibaba.com\/productgrouplist-807675097\/Black_Granite.html?spm=a2700.icbuShop.prup15aafb.11.a4a272f40etI8h\" target=\"_blank\" \/>\n<area coords=\"292,670,451,709\" shape=\"rect\" href=\"https:\/\/longtops.en.alibaba.com\/productgrouplist-805261574\/Exterior_Material.html?spm=a2700.icbuShop.prup15aafb.10.12fd68a3ZyZLkI\" target=\"_blank\" \/>\n<area coords=\"262,102,484,364\" shape=\"rect\" href=\"https:\/\/longtops.en.alibaba.com\/productgrouplist-807563941\/Gray_Granite.html?spm=a2700.icbuShop.prup15aafb.12.26317e8dbAEuPx\" target=\"_blank\" \/>\n<area coords=\"501,102,722,364\" shape=\"rect\" href=\"https:\/\/longtops.en.alibaba.com\/productgrouplist-807662909\/Red_Granite.html?spm=a2700.icbuShop.prup15aafb.13.289b7fe9NtK0mJ\" target=\"_blank\" \/>\n<area coords=\"18,380,244,645\" shape=\"rect\" href=\"https:\/\/longtops.en.alibaba.com\/productgrouplist-807764019\/White_Granite.html?spm=a2700.icbuShop.prup15aafb.14.55a25be7gyXDX9\" target=\"_blank\" \/>\n<area coords=\"262,378,487,644\" shape=\"rect\" href=\"https:\/\/longtops.en.alibaba.com\/productgrouplist-807686129\/Yellow_Granite.html?spm=a2700.icbuShop.prup15aafb.15.18f9685bZz6eQG\" target=\"_blank\" \/>\n<area coords=\"499,379,724,643\" shape=\"rect\" href=\"https:\/\/longtops.en.alibaba.com\/productgrouplist-807563940\/Basalt.html?spm=a2700.icbuShop.prup15aafb.18.1bf65307SNOSim\" target=\"_blank\" \/><\/map>\n<p><img loading=\"lazy\" decoding=\"async\" class=\"alignnone size-full wp-image-20618\" src=\"http:\/\/stone-phoenix.com\/wp-content\/uploads\/2023\/12\/1703881037.jpg\" width=\"750\" height=\"451\" srcset=\"https:\/\/stone-phoenix.com\/wp-content\/uploads\/2023\/12\/1703881037.jpg 750w, https:\/\/stone-phoenix.com\/wp-content\/uploads\/2023\/12\/1703881037-300x180.jpg 300w, https:\/\/stone-phoenix.com\/wp-content\/uploads\/2023\/12\/1703881037-18x12.jpg 18w, https:\/\/stone-phoenix.com\/wp-content\/uploads\/2023\/12\/1703881037-600x361.jpg 600w, https:\/\/stone-phoenix.com\/wp-content\/uploads\/2023\/12\/1703881037-150x90.jpg 150w\" sizes=\"(max-width: 750px) 100vw, 750px\" \/><\/p>\n<map name=\"jop1vy1l\">\n<area coords=\"11,143,187,403\" shape=\"rect\" href=\"https:\/\/longtops.en.alibaba.com\/productgrouplist-805281181\/Interior_Material.html?spm=a2700.icbuShop.prup15aafb.1.102c72f4r9xS94\" target=\"_blank\" \/>\n<area coords=\"194,142,373,405\" shape=\"rect\" href=\"https:\/\/longtops.en.alibaba.com\/productgrouplist-805261574\/Exterior_Material.html?spm=a2700.icbuShop.prup15aafb.10.1bd566f5fx5hr8\" target=\"_blank\" \/>\n<area coords=\"378,142,557,404\" shape=\"rect\" href=\"https:\/\/longtops.en.alibaba.com\/productgrouplist-805343849\/Customized_Material.html?spm=a2700.icbuShop.prup15aafb.21.424e71fe2JWtea\" target=\"_blank\" \/>\n<area coords=\"562,140,739,403\" shape=\"rect\" href=\"https:\/\/longtops.en.alibaba.com\/productgrouplist-807693332\/Design_and_Technology.html?spm=a2700.icbuShop.prup15aafb.29.5bf342c4ATPm7j\" target=\"_blank\" \/><\/map>\n<\/div>\n<\/div>\n<div id=\"ali-anchor-AliPostDhMb-18yiw\" style=\"padding-top: 8px;\" data-section=\"AliPostDhMb-18yiw\" data-section-title=\"Project Display\">\n<div id=\"ali-title-AliPostDhMb-18yiw\" style=\"padding: 8px 0; border-bottom: 1px solid #ddd;\"><span style=\"background-color: #ddd; color: #333; font-weight: bold; padding: 8px 10px; line-height: 12px;\">Affichage du projet<\/span><\/div>\n<div style=\"padding: 10px 0;\">\n<p><img loading=\"lazy\" decoding=\"async\" class=\"alignnone size-full wp-image-20619\" src=\"http:\/\/stone-phoenix.com\/wp-content\/uploads\/2023\/12\/1703881038.jpg\" width=\"750\" height=\"772\" srcset=\"https:\/\/stone-phoenix.com\/wp-content\/uploads\/2023\/12\/1703881038.jpg 750w, https:\/\/stone-phoenix.com\/wp-content\/uploads\/2023\/12\/1703881038-291x300.jpg 291w, https:\/\/stone-phoenix.com\/wp-content\/uploads\/2023\/12\/1703881038-12x12.jpg 12w, https:\/\/stone-phoenix.com\/wp-content\/uploads\/2023\/12\/1703881038-600x618.jpg 600w, https:\/\/stone-phoenix.com\/wp-content\/uploads\/2023\/12\/1703881038-150x154.jpg 150w\" sizes=\"(max-width: 750px) 100vw, 750px\" \/><\/p>\n<\/div>\n<\/div>\n<div id=\"ali-anchor-AliPostDhMb-anyxu\" style=\"padding-top: 8px;\" data-section=\"AliPostDhMb-anyxu\" data-section-title=\"Company Information\">\n<div id=\"ali-title-AliPostDhMb-anyxu\" style=\"padding: 8px 0; border-bottom: 1px solid #ddd;\"><span style=\"background-color: #ddd; color: #333; font-weight: bold; padding: 8px 10px; line-height: 12px;\">Informations sur l'entreprise<\/span><\/div>\n<div style=\"padding: 10px 0;\">\n<p>&nbsp;<\/p>\n<\/div>\n<\/div>\n<div id=\"ali-anchor-AliPostDhMb-r25f9\" style=\"padding-top: 8px;\" data-section=\"AliPostDhMb-r25f9\" data-section-title=\"Advantages\">\n<div id=\"ali-title-AliPostDhMb-r25f9\" style=\"padding: 8px 0; border-bottom: 1px solid #ddd;\"><span style=\"background-color: #ddd; color: #333; font-weight: bold; padding: 8px 10px; line-height: 12px;\">Avantages<\/span><\/div>\n<div style=\"padding: 10px 0;\">\n<p><img loading=\"lazy\" decoding=\"async\" class=\"alignnone size-full wp-image-20621\" src=\"http:\/\/stone-phoenix.com\/wp-content\/uploads\/2023\/12\/1703881039.jpg\" width=\"750\" height=\"1242\" srcset=\"https:\/\/stone-phoenix.com\/wp-content\/uploads\/2023\/12\/1703881039.jpg 750w, https:\/\/stone-phoenix.com\/wp-content\/uploads\/2023\/12\/1703881039-181x300.jpg 181w, https:\/\/stone-phoenix.com\/wp-content\/uploads\/2023\/12\/1703881039-618x1024.jpg 618w, https:\/\/stone-phoenix.com\/wp-content\/uploads\/2023\/12\/1703881039-7x12.jpg 7w, https:\/\/stone-phoenix.com\/wp-content\/uploads\/2023\/12\/1703881039-600x994.jpg 600w, https:\/\/stone-phoenix.com\/wp-content\/uploads\/2023\/12\/1703881039-150x248.jpg 150w\" sizes=\"(max-width: 750px) 100vw, 750px\" \/><\/p>\n<map name=\"jorwd5m6\"><img loading=\"lazy\" decoding=\"async\" class=\"alignnone size-full wp-image-20623\" src=\"http:\/\/stone-phoenix.com\/wp-content\/uploads\/2023\/12\/1703881041.jpg\" width=\"750\" height=\"1090\" srcset=\"https:\/\/stone-phoenix.com\/wp-content\/uploads\/2023\/12\/1703881041.jpg 750w, https:\/\/stone-phoenix.com\/wp-content\/uploads\/2023\/12\/1703881041-206x300.jpg 206w, https:\/\/stone-phoenix.com\/wp-content\/uploads\/2023\/12\/1703881041-705x1024.jpg 705w, https:\/\/stone-phoenix.com\/wp-content\/uploads\/2023\/12\/1703881041-8x12.jpg 8w, https:\/\/stone-phoenix.com\/wp-content\/uploads\/2023\/12\/1703881041-600x872.jpg 600w, https:\/\/stone-phoenix.com\/wp-content\/uploads\/2023\/12\/1703881041-150x218.jpg 150w\" sizes=\"(max-width: 750px) 100vw, 750px\" \/><img loading=\"lazy\" decoding=\"async\" class=\"alignnone size-full wp-image-20624\" src=\"http:\/\/stone-phoenix.com\/wp-content\/uploads\/2023\/12\/1703881042.jpg\" width=\"750\" height=\"978\" srcset=\"https:\/\/stone-phoenix.com\/wp-content\/uploads\/2023\/12\/1703881042.jpg 750w, https:\/\/stone-phoenix.com\/wp-content\/uploads\/2023\/12\/1703881042-230x300.jpg 230w, https:\/\/stone-phoenix.com\/wp-content\/uploads\/2023\/12\/1703881042-9x12.jpg 9w, https:\/\/stone-phoenix.com\/wp-content\/uploads\/2023\/12\/1703881042-600x782.jpg 600w, https:\/\/stone-phoenix.com\/wp-content\/uploads\/2023\/12\/1703881042-150x196.jpg 150w\" sizes=\"(max-width: 750px) 100vw, 750px\" \/><\/map>\n<\/div>\n<\/div>\n<div id=\"ali-anchor-AliPostDhMb-dzch4\" style=\"padding-top: 8px;\" data-section=\"AliPostDhMb-dzch4\" data-section-title=\"FAQ\">\n<div id=\"ali-title-AliPostDhMb-dzch4\" style=\"padding: 8px 0; border-bottom: 1px solid #ddd;\"><span style=\"background-color: #ddd; color: #333; font-weight: bold; padding: 8px 10px; line-height: 12px;\">FAQ<\/span><\/div>\n<div style=\"padding: 10px 0;\">\n<p><img loading=\"lazy\" decoding=\"async\" class=\"alignnone size-full wp-image-20626\" src=\"http:\/\/stone-phoenix.com\/wp-content\/uploads\/2023\/12\/1703881043-1.jpg\" width=\"750\" height=\"932\" srcset=\"https:\/\/stone-phoenix.com\/wp-content\/uploads\/2023\/12\/1703881043-1.jpg 750w, https:\/\/stone-phoenix.com\/wp-content\/uploads\/2023\/12\/1703881043-1-241x300.jpg 241w, https:\/\/stone-phoenix.com\/wp-content\/uploads\/2023\/12\/1703881043-1-10x12.jpg 10w, https:\/\/stone-phoenix.com\/wp-content\/uploads\/2023\/12\/1703881043-1-600x746.jpg 600w, https:\/\/stone-phoenix.com\/wp-content\/uploads\/2023\/12\/1703881043-1-150x186.jpg 150w\" sizes=\"(max-width: 750px) 100vw, 750px\" \/><\/p>\n<p><a target=\"_blank\" rel=\"noopener\"><span style=\"font-size: 16px;\"><img loading=\"lazy\" decoding=\"async\" class=\"alignnone size-full wp-image-20627\" src=\"http:\/\/stone-phoenix.com\/wp-content\/uploads\/2023\/12\/1703881044.jpg\" width=\"750\" height=\"153\" srcset=\"https:\/\/stone-phoenix.com\/wp-content\/uploads\/2023\/12\/1703881044.jpg 750w, https:\/\/stone-phoenix.com\/wp-content\/uploads\/2023\/12\/1703881044-300x61.jpg 300w, https:\/\/stone-phoenix.com\/wp-content\/uploads\/2023\/12\/1703881044-18x4.jpg 18w, https:\/\/stone-phoenix.com\/wp-content\/uploads\/2023\/12\/1703881044-600x122.jpg 600w, https:\/\/stone-phoenix.com\/wp-content\/uploads\/2023\/12\/1703881044-150x31.jpg 150w\" sizes=\"(max-width: 750px) 100vw, 750px\" \/><\/span><\/a><\/p>\n<\/div>\n<\/div>\n<\/div>","protected":false},"excerpt":{"rendered":"<p>G654 Leather Finishing Granite Finish China Longtops G654 leather finishing granite is widely used in the whole industry of leather<\/p>","protected":false},"featured_media":27189,"template":"","meta":[],"product_cat":[112],"product_tag":[],"_links":{"self":[{"href":"https:\/\/stone-phoenix.com\/fr\/wp-json\/wp\/v2\/product\/20612"}],"collection":[{"href":"https:\/\/stone-phoenix.com\/fr\/wp-json\/wp\/v2\/product"}],"about":[{"href":"https:\/\/stone-phoenix.com\/fr\/wp-json\/wp\/v2\/types\/product"}],"wp:featuredmedia":[{"embeddable":true,"href":"https:\/\/stone-phoenix.com\/fr\/wp-json\/wp\/v2\/media\/27189"}],"wp:attachment":[{"href":"https:\/\/stone-phoenix.com\/fr\/wp-json\/wp\/v2\/media?parent=20612"}],"wp:term":[{"taxonomy":"product_cat","embeddable":true,"href":"https:\/\/stone-phoenix.com\/fr\/wp-json\/wp\/v2\/product_cat?post=20612"},{"taxonomy":"product_tag","embeddable":true,"href":"https:\/\/stone-phoenix.com\/fr\/wp-json\/wp\/v2\/product_tag?post=20612"}],"curies":[{"name":"wp","href":"https:\/\/api.w.org\/{rel}","templated":true}]}}