{"id":20628,"date":"2023-12-29T20:17:31","date_gmt":"2023-12-29T12:17:31","guid":{"rendered":"http:\/\/stone-phoenix.com\/product\/black-granite-supplier-g655-granite-china-light"},"modified":"2024-04-03T20:15:21","modified_gmt":"2024-04-03T12:15:21","slug":"black-granite-supplier-g655-granite-china-light","status":"publish","type":"product","link":"https:\/\/stone-phoenix.com\/fr\/produit\/black-granite-supplier-g655-granite-china-light","title":{"rendered":"fournisseur de granit noir G655 Granit China Light"},"content":{"rendered":"<div id=\"tab-description\" class=\"woocommerce-Tabs-panel woocommerce-Tabs-panel--description panel entry-content wc-tab\" role=\"tabpanel\" aria-labelledby=\"tab-title-description\">\n<p>Le fournisseur de granit noir est un mat\u00e9riau de construction populaire et polyvalent qui est largement utilis\u00e9 pour une vari\u00e9t\u00e9 de projets de construction, y compris les comptoirs, les rev\u00eatements de sol et les murs. Un fournisseur de granit noir est une entreprise sp\u00e9cialis\u00e9e dans la fourniture de granit noir aux clients du secteur de la construction.<\/p>\n<p>L'un des avantages de travailler avec un fournisseur de granit noir est l'acc\u00e8s \u00e0 une large s\u00e9lection de produits en granit noir de haute qualit\u00e9. Ces fournisseurs s'approvisionnent g\u00e9n\u00e9ralement dans diff\u00e9rents pays du monde, ce qui leur permet d'offrir une gamme de styles, de textures et de couleurs pour r\u00e9pondre aux besoins de leurs clients. Ils disposent \u00e9galement de l'exp\u00e9rience et de l'expertise n\u00e9cessaires pour aider les clients \u00e0 choisir le type de granit noir qui convient \u00e0 leurs besoins sp\u00e9cifiques et pour r\u00e9pondre \u00e0 toutes les questions qu'ils peuvent se poser.<\/p>\n<p>Un autre avantage de travailler avec un fournisseur de granit noir est qu'il peut offrir \u00e0 ses clients une gamme de services, y compris la conception et l'installation. Certains fournisseurs de granit noir disposent d'\u00e9quipes de conception internes qui peuvent aider les clients \u00e0 visualiser le produit fini et formuler des recommandations sur la meilleure utilisation du mat\u00e9riau. En outre, ces fournisseurs peuvent disposer d'\u00e9quipes d'installation exp\u00e9riment\u00e9es qui peuvent s'assurer que le granit est install\u00e9 correctement et que le produit fini a une belle apparence et fonctionne comme pr\u00e9vu.<\/p>\n<p>Le granit noir est connu pour sa durabilit\u00e9 et sa r\u00e9sistance aux rayures et autres types d'usure. Lorsqu'il est correctement entretenu, le granit noir peut durer de nombreuses ann\u00e9es et continuer \u00e0 avoir fi\u00e8re allure, ce qui en fait un excellent investissement pour tout projet de construction. Un fournisseur de granit noir peut fournir des informations sur la mani\u00e8re d'entretenir correctement le granit, ce qui peut contribuer \u00e0 prolonger sa dur\u00e9e de vie et \u00e0 pr\u00e9server sa beaut\u00e9.<\/p>\n<p>Lors de la s\u00e9lection d'un fournisseur de granit noir, il est important de tenir compte de sa r\u00e9putation et de son exp\u00e9rience. Recherchez un fournisseur qui a de solides ant\u00e9c\u00e9dents en mati\u00e8re de produits de haute qualit\u00e9 et d'excellent service \u00e0 la client\u00e8le. Il est \u00e9galement important de tenir compte du co\u00fbt du granit et des services suppl\u00e9mentaires que le fournisseur peut offrir, tels que la conception et l'installation.<\/p>\n<p>En conclusion, le granit noir est un mat\u00e9riau de construction polyvalent et attrayant, largement utilis\u00e9 dans les projets de construction. Travailler avec un fournisseur de granit noir peut offrir toute une s\u00e9rie d'avantages, notamment l'acc\u00e8s \u00e0 une large s\u00e9lection de produits de haute qualit\u00e9, des services de conception et d'installation, et des conseils d'experts sur l'entretien et la maintenance du granit. Lors de la s\u00e9lection d'un fournisseur de granit noir, il est important de tenir compte de sa r\u00e9putation, de son exp\u00e9rience et de son co\u00fbt.<\/p>\n<p><img loading=\"lazy\" decoding=\"async\" class=\"alignnone  wp-image-20630\" src=\"http:\/\/stone-phoenix.com\/wp-content\/uploads\/2023\/12\/1703881052.jpg\" width=\"961\" height=\"1281\" srcset=\"https:\/\/stone-phoenix.com\/wp-content\/uploads\/2023\/12\/1703881052.jpg 750w, https:\/\/stone-phoenix.com\/wp-content\/uploads\/2023\/12\/1703881052-225x300.jpg 225w, https:\/\/stone-phoenix.com\/wp-content\/uploads\/2023\/12\/1703881052-9x12.jpg 9w, https:\/\/stone-phoenix.com\/wp-content\/uploads\/2023\/12\/1703881052-600x800.jpg 600w, https:\/\/stone-phoenix.com\/wp-content\/uploads\/2023\/12\/1703881052-150x200.jpg 150w\" sizes=\"(max-width: 961px) 100vw, 961px\" \/><img loading=\"lazy\" decoding=\"async\" class=\"alignnone size-full wp-image-20631\" src=\"http:\/\/stone-phoenix.com\/wp-content\/uploads\/2023\/12\/1703881053.jpg\" width=\"1000\" height=\"750\" srcset=\"https:\/\/stone-phoenix.com\/wp-content\/uploads\/2023\/12\/1703881053.jpg 1000w, https:\/\/stone-phoenix.com\/wp-content\/uploads\/2023\/12\/1703881053-300x225.jpg 300w, https:\/\/stone-phoenix.com\/wp-content\/uploads\/2023\/12\/1703881053-768x576.jpg 768w, https:\/\/stone-phoenix.com\/wp-content\/uploads\/2023\/12\/1703881053-16x12.jpg 16w, https:\/\/stone-phoenix.com\/wp-content\/uploads\/2023\/12\/1703881053-600x450.jpg 600w, https:\/\/stone-phoenix.com\/wp-content\/uploads\/2023\/12\/1703881053-150x113.jpg 150w\" sizes=\"(max-width: 1000px) 100vw, 1000px\" \/><img loading=\"lazy\" decoding=\"async\" class=\"alignnone size-full wp-image-20632\" src=\"http:\/\/stone-phoenix.com\/wp-content\/uploads\/2023\/12\/1703881055.jpg\" width=\"1000\" height=\"750\" srcset=\"https:\/\/stone-phoenix.com\/wp-content\/uploads\/2023\/12\/1703881055.jpg 1000w, https:\/\/stone-phoenix.com\/wp-content\/uploads\/2023\/12\/1703881055-300x225.jpg 300w, https:\/\/stone-phoenix.com\/wp-content\/uploads\/2023\/12\/1703881055-768x576.jpg 768w, https:\/\/stone-phoenix.com\/wp-content\/uploads\/2023\/12\/1703881055-16x12.jpg 16w, https:\/\/stone-phoenix.com\/wp-content\/uploads\/2023\/12\/1703881055-600x450.jpg 600w, https:\/\/stone-phoenix.com\/wp-content\/uploads\/2023\/12\/1703881055-150x113.jpg 150w\" sizes=\"(max-width: 1000px) 100vw, 1000px\" \/><img loading=\"lazy\" decoding=\"async\" class=\"alignnone  wp-image-20633\" src=\"http:\/\/stone-phoenix.com\/wp-content\/uploads\/2023\/12\/1703881056.jpg\" width=\"954\" height=\"1272\" srcset=\"https:\/\/stone-phoenix.com\/wp-content\/uploads\/2023\/12\/1703881056.jpg 750w, https:\/\/stone-phoenix.com\/wp-content\/uploads\/2023\/12\/1703881056-225x300.jpg 225w, https:\/\/stone-phoenix.com\/wp-content\/uploads\/2023\/12\/1703881056-9x12.jpg 9w, https:\/\/stone-phoenix.com\/wp-content\/uploads\/2023\/12\/1703881056-600x800.jpg 600w, https:\/\/stone-phoenix.com\/wp-content\/uploads\/2023\/12\/1703881056-150x200.jpg 150w\" sizes=\"(max-width: 954px) 100vw, 954px\" \/><\/p>\n<div id=\"ali-anchor-AliPostDhMb-6q8vw\" style=\"padding-top: 8px;\" data-section=\"AliPostDhMb-6q8vw\" data-section-title=\"Product Description\">\n<div id=\"ali-title-AliPostDhMb-6q8vw\" style=\"padding: 8px 0; border-bottom: 1px solid #ddd;\"><span style=\"background-color: #ddd; color: #333; font-weight: bold; padding: 8px 10px; line-height: 12px;\">Description du produit<\/span><\/div>\n<div style=\"padding: 10px 0;\">\n<table class=\"aliDataTable\" style=\"color: #000000; font-family: Arial; font-size: 12px; font-style: normal; font-weight: 400; background-color: #ffffff; width: 698px; height: 226px; border: 1px solid #b3b3b3;\">\n<tbody>\n<tr>\n<td style=\"border: 1px solid #707070; width: 159.663px;\"><strong><span style=\"font-family: arial, helvetica, sans-serif; font-size: 14px;\">Mat\u00e9riau :<\/span><\/strong><\/td>\n<td style=\"border: 1px solid #707070; width: 553.337px;\"><span style=\"font-size: 14px;\">Granit<\/span><\/td>\n<\/tr>\n<tr>\n<td style=\"border: 1px solid #707070; width: 159.663px;\"><strong><span style=\"font-family: arial, helvetica, sans-serif; font-size: 14px;\">Couleur :<\/span><\/strong><\/td>\n<td style=\"border: 1px solid #707070; width: 553.337px;\"><span style=\"font-family: arial, helvetica, sans-serif; font-size: 14px;\">Blanc, noir, jaune, rouge, rose, gris, brun, bleu, vert, etc.<\/span><\/td>\n<\/tr>\n<tr>\n<td style=\"border: 1px solid #707070; width: 159.663px;\" rowspan=\"3\"><strong><span style=\"font-family: arial, helvetica, sans-serif; font-size: 14px;\">Taille :<\/span><\/strong><\/td>\n<td style=\"border: 1px solid #707070; width: 553.337px;\"><span style=\"text-decoration: underline;\"><span style=\"font-size: 14px;\">Carreaux disponibles <\/span><\/span><br \/>\n<span style=\"font-size: 14px;\">12\u2019x12\u2033,24\u2019x24\u2033,12\u2019x24\u2033,etc <\/span><span style=\"font-size: 14px;\">300x300mm,300x600mm,400x400mm,600x600mm,etc<\/span><\/td>\n<\/tr>\n<tr>\n<td style=\"border: 1px solid #707070; width: 553.337px;\"><span style=\"text-decoration: underline;\"><span style=\"font-size: 14px;\">Dalles disponibles <\/span><\/span><\/p>\n<p><span style=\"font-size: 14px;\">180cmUpx60UP,180cmUpx65cmUP,180cmUpx70cmUP,etc<\/span><br \/>\n<span style=\"font-size: 14px;\">240cmUpx120cmUP,etc<\/span><\/td>\n<\/tr>\n<tr>\n<td style=\"border: 1px solid #707070; width: 553.337px;\"><span style=\"font-family: arial, helvetica, sans-serif; font-size: 14px;\">Des sp\u00e9cifications personnalis\u00e9es sont disponibles<\/span><\/td>\n<\/tr>\n<tr>\n<td style=\"border: 1px solid #707070; width: 159.663px;\"><strong><span style=\"font-family: arial, helvetica, sans-serif; font-size: 14px;\">Tol\u00e9rance d'\u00e9paisseur :<\/span><\/strong><\/td>\n<td style=\"border: 1px solid #707070; width: 553.337px;\"><span style=\"font-family: arial, helvetica, sans-serif; font-size: 14px;\">\u00b10,05mm, \u00b11mm, \u00b11,5mm, \u00b12mm, selon les exigences de qualit\u00e9 du client<\/span><\/td>\n<\/tr>\n<tr>\n<td style=\"border: 1px solid #707070; width: 159.663px;\"><strong><span style=\"font-family: arial, helvetica, sans-serif; font-size: 14px;\">Surface :<\/span><\/strong><\/td>\n<td style=\"border: 1px solid #707070; width: 553.337px;\"><span style=\"font-family: arial, helvetica, sans-serif; font-size: 14px;\">P<\/span><span style=\"font-size: 14px;\">ol\u00e9, adouci, flamm\u00e9, sabl\u00e9, bouchard\u00e9, fendu naturel, flamm\u00e9 et bross\u00e9, etc.<\/span><\/td>\n<\/tr>\n<tr>\n<td style=\"border: 1px solid #707070; width: 159.663px;\"><strong><span style=\"font-family: arial, helvetica, sans-serif; font-size: 14px;\">Emballage :<\/span><\/strong><\/td>\n<td style=\"border: 1px solid #707070; width: 553.337px;\"><span style=\"font-size: 14px;\">Palettes en bois en \u00e9tat de navigabilit\u00e9, fardeaux en bois et caisses en bois<\/span><\/td>\n<\/tr>\n<tr>\n<td style=\"border: 1px solid #707070; width: 159.663px;\"><strong><span style=\"font-family: arial, helvetica, sans-serif; font-size: 14px;\">Application :<\/span><\/strong><\/td>\n<td style=\"border: 1px solid #707070; width: 553.337px;\"><span style=\"font-family: arial, helvetica, sans-serif; font-size: 14px;\">Sol, mur, motif, comptoir, d\u00e9coration int\u00e9rieure et ext\u00e9rieure<\/span><\/td>\n<\/tr>\n<tr>\n<td style=\"border: 1px solid #707070; width: 159.663px;\"><strong><span style=\"font-family: arial, helvetica, sans-serif; font-size: 14px;\">D\u00e9lai de livraison :<\/span><\/strong><\/td>\n<td style=\"border: 1px solid #707070; width: 553.337px;\"><span style=\"font-size: 14px;\">15-20 jours pour l'enregistrement<\/span><span style=\"font-family: arial, helvetica, sans-serif; font-size: 14px;\">tailles lar<\/span><\/td>\n<\/tr>\n<tr>\n<td style=\"border: 1px solid #707070; width: 159.663px;\"><strong><span style=\"font-family: arial, helvetica, sans-serif; font-size: 14px;\">Certificat :<\/span><\/strong><\/td>\n<td style=\"border: 1px solid #707070; width: 553.337px;\"><span style=\"font-family: arial, helvetica, sans-serif; font-size: 14px;\">CE, SGS<\/span><\/td>\n<\/tr>\n<tr>\n<td style=\"border: 1px solid #707070; width: 159.663px;\"><strong><span style=\"font-family: arial, helvetica, sans-serif; font-size: 14px;\">Conditions de paiement :<\/span><\/strong><\/td>\n<td style=\"border: 1px solid #707070; width: 553.337px;\"><span style=\"font-size: 14px;\">T\/T, L\/C, D<span style=\"color: #000000; font-family: Verdana, Arial, Helvetica, sans-serif; font-size: 14px; font-style: normal; font-weight: 400; background-color: #ffffff; float: none;\">\/<\/span>P<\/span><\/td>\n<\/tr>\n<tr>\n<td style=\"border: 1px solid #707070; width: 159.663px;\"><strong><span style=\"font-family: arial, helvetica, sans-serif; font-size: 14px;\">Avantage :<\/span><\/strong><\/td>\n<td style=\"border: 1px solid #707070; width: 553.337px;\"><span style=\"font-family: arial, helvetica, sans-serif; font-size: 14px;\">1) Service unique pour la pierre ;<\/span><\/p>\n<p><span style=\"font-family: arial, helvetica, sans-serif; font-size: 14px;\">2) poss\u00e8dent 3 carri\u00e8res et 9 usines ;<\/span><\/p>\n<p><span style=\"font-family: arial, helvetica, sans-serif; font-size: 14px;\">3) Des supports technologiques de pointe.<\/span><\/td>\n<\/tr>\n<tr>\n<td style=\"border: 1px solid #707070; width: 159.663px;\"><strong><span style=\"font-family: arial, helvetica, sans-serif; font-size: 14px;\">Assurance de la qualit\u00e9 et de la livraison :\u00a0<\/span><\/strong><\/td>\n<td style=\"border: 1px solid #707070; width: 553.337px;\"><span style=\"font-size: 14px;\">Tout au long du processus de production, du choix des mat\u00e9riaux \u00e0 l'emballage en passant par la fabrication, notre service de contr\u00f4le de la qualit\u00e9 contr\u00f4le rigoureusement chaque pi\u00e8ce et chaque processus afin de garantir le respect des normes de qualit\u00e9 et le respect des d\u00e9lais de livraison.<\/span><\/td>\n<\/tr>\n<\/tbody>\n<\/table>\n<\/div>\n<\/div>\n<div id=\"ali-anchor-AliPostDhMb-dzch4\" style=\"padding-top: 8px;\" data-section=\"AliPostDhMb-dzch4\" data-section-title=\"FAQ\">\n<div style=\"padding: 10px 0;\"><\/div>\n<\/div>\n<\/div>","protected":false},"excerpt":{"rendered":"<p>Black granite supplier is a popular and versatile building material that is widely used for a variety of construction projects,<\/p>","protected":false},"featured_media":27184,"template":"","meta":[],"product_cat":[112],"product_tag":[],"_links":{"self":[{"href":"https:\/\/stone-phoenix.com\/fr\/wp-json\/wp\/v2\/product\/20628"}],"collection":[{"href":"https:\/\/stone-phoenix.com\/fr\/wp-json\/wp\/v2\/product"}],"about":[{"href":"https:\/\/stone-phoenix.com\/fr\/wp-json\/wp\/v2\/types\/product"}],"wp:featuredmedia":[{"embeddable":true,"href":"https:\/\/stone-phoenix.com\/fr\/wp-json\/wp\/v2\/media\/27184"}],"wp:attachment":[{"href":"https:\/\/stone-phoenix.com\/fr\/wp-json\/wp\/v2\/media?parent=20628"}],"wp:term":[{"taxonomy":"product_cat","embeddable":true,"href":"https:\/\/stone-phoenix.com\/fr\/wp-json\/wp\/v2\/product_cat?post=20628"},{"taxonomy":"product_tag","embeddable":true,"href":"https:\/\/stone-phoenix.com\/fr\/wp-json\/wp\/v2\/product_tag?post=20628"}],"curies":[{"name":"wp","href":"https:\/\/api.w.org\/{rel}","templated":true}]}}