{"id":20634,"date":"2023-12-29T20:17:42","date_gmt":"2023-12-29T12:17:42","guid":{"rendered":"http:\/\/stone-phoenix.com\/product\/misty-yellow-granite-stone-for-outdoor-wall-paving"},"modified":"2024-04-03T20:08:46","modified_gmt":"2024-04-03T12:08:46","slug":"misty-yellow-granite-stone-for-outdoor-wall-paving","status":"publish","type":"product","link":"https:\/\/stone-phoenix.com\/fr\/produit\/misty-yellow-granite-stone-for-outdoor-wall-paving","title":{"rendered":"Granit jaune brumeux pour le pavage des murs ext\u00e9rieurs"},"content":{"rendered":"<div id=\"tab-description\" class=\"woocommerce-Tabs-panel woocommerce-Tabs-panel--description panel entry-content wc-tab\" role=\"tabpanel\" aria-labelledby=\"tab-title-description\">\n<div id=\"ali-anchor-AliPostDhMb-6q8vw\" style=\"padding-top: 8px;\" data-section=\"AliPostDhMb-6q8vw\" data-section-title=\"Product Description\">\n<h2 style=\"text-align: center;\">Granit jaune brumeux pour le pavage des murs ext\u00e9rieurs<\/h2>\n<p>Le granit jaune brumeux est d'une belle couleur jaun\u00e2tre et d'une texture fine. Il est durable et facile \u00e0 entretenir, ce qui en fait le choix id\u00e9al pour les comptoirs de cuisine, les vanit\u00e9s de salle de bain et les surfaces ext\u00e9rieures comme les chemin\u00e9es et les barbecues.Misty Yellow Granite est un granit jaune dor\u00e9 avec des nuances de beige et de marron. C'est un choix \u00e9l\u00e9gant pour votre cuisine si vous cherchez une inspiration qui pr\u00e9sente un m\u00e9lange unique d'\u00e9l\u00e9gance et de sophistication.<\/p>\n<p>Le granit Misty Yellow se caract\u00e9rise par une couleur chaude allant du gris au rose, avec des marbrures et des veines subtiles dans la pierre. Cette couleur peut donner \u00e0 votre espace une ambiance rustique et terreuse. La couleur va d'un jaune champagne p\u00e2le \u00e0 une couleur taupe chaude qui s'harmonise avec les boiseries.<\/p>\n<p>Elle pr\u00e9sente une fissure naturelle, mais pas de fissure. Il s'agit d'une sorte de roche m\u00e9tamorphique de contact, form\u00e9e \u00e0 partir de roches ign\u00e9es mafiques en pr\u00e9sence d'eau, dont la temp\u00e9rature doit \u00eatre d'au moins 700 degr\u00e9s Celsius ou plus. Les dalles pr\u00e9sentent des nuances de gris, de blanc et de jaune. Parfaites pour les d\u00e9cors naturels et contemporains.<\/p>\n<div id=\"ali-title-AliPostDhMb-6q8vw\" style=\"padding: 8px 0; border-bottom: 1px solid #ddd;\"><span style=\"background-color: #ddd; color: #333; font-weight: bold; padding: 8px 10px; line-height: 12px;\">Description du produit<\/span><\/div>\n<div style=\"padding: 10px 0;\">\n<table class=\"aliDataTable\" style=\"color: #000000; font-family: Arial; font-size: 12px; font-style: normal; font-weight: 400; background-color: #ffffff; width: 698px; height: 226px; border: 1px solid #b3b3b3;\">\n<tbody>\n<tr>\n<td style=\"border: 1px solid #707070; width: 159.663px;\"><strong><span style=\"font-family: arial, helvetica, sans-serif; font-size: 14px;\">Nom du produit :<\/span><\/strong><\/td>\n<td style=\"border: 1px solid #707070; width: 553.337px;\"><span style=\"font-family: arial, helvetica, sans-serif; font-size: 14px;\">Granit divers<\/span><\/td>\n<\/tr>\n<tr>\n<td style=\"border: 1px solid #707070; width: 159.663px;\"><strong><span style=\"font-family: arial, helvetica, sans-serif; font-size: 14px;\">Mat\u00e9riau :<\/span><\/strong><\/td>\n<td style=\"border: 1px solid #707070; width: 553.337px;\"><span style=\"font-size: 14px;\">Granit<\/span><\/td>\n<\/tr>\n<tr>\n<td style=\"border: 1px solid #707070; width: 159.663px;\"><strong><span style=\"font-family: arial, helvetica, sans-serif; font-size: 14px;\">Couleur :<\/span><\/strong><\/td>\n<td style=\"border: 1px solid #707070; width: 553.337px;\"><span style=\"font-family: arial, helvetica, sans-serif; font-size: 14px;\">Blanc, noir, jaune, rouge, rose, gris, brun, bleu, vert, etc.<\/span><\/td>\n<\/tr>\n<tr>\n<td style=\"border: 1px solid #707070; width: 159.663px;\" rowspan=\"3\"><strong><span style=\"font-family: arial, helvetica, sans-serif; font-size: 14px;\">Taille :<\/span><\/strong><\/td>\n<td style=\"border: 1px solid #707070; width: 553.337px;\"><span style=\"text-decoration: underline;\"><span style=\"font-size: 14px;\">Carreaux disponibles <\/span><\/span><br \/>\n<span style=\"font-size: 14px;\">12\u2019x12\u2033,24\u2019x24\u2033,12\u2019x24\u2033,etc <\/span><span style=\"font-size: 14px;\">300x300mm,300x600mm,400x400mm,600x600mm,etc<\/span><\/td>\n<\/tr>\n<tr>\n<td style=\"border: 1px solid #707070; width: 553.337px;\"><span style=\"text-decoration: underline;\"><span style=\"font-size: 14px;\">Dalles disponibles <\/span><\/span><\/p>\n<p><span style=\"font-size: 14px;\">180cmUpx60UP,180cmUpx65cmUP,180cmUpx70cmUP,etc<\/span><br \/>\n<span style=\"font-size: 14px;\">240cmUpx120cmUP,etc<\/span><\/td>\n<\/tr>\n<tr>\n<td style=\"border: 1px solid #707070; width: 553.337px;\"><span style=\"font-family: arial, helvetica, sans-serif; font-size: 14px;\">Des sp\u00e9cifications personnalis\u00e9es sont disponibles<\/span><\/td>\n<\/tr>\n<tr>\n<td style=\"border: 1px solid #707070; width: 159.663px;\"><strong><span style=\"font-family: arial, helvetica, sans-serif; font-size: 14px;\">Tol\u00e9rance d'\u00e9paisseur :<\/span><\/strong><\/td>\n<td style=\"border: 1px solid #707070; width: 553.337px;\"><span style=\"font-family: arial, helvetica, sans-serif; font-size: 14px;\">\u00b10,05mm, \u00b11mm, \u00b11,5mm, \u00b12mm, selon les exigences de qualit\u00e9 du client<\/span><\/td>\n<\/tr>\n<tr>\n<td style=\"border: 1px solid #707070; width: 159.663px;\"><strong><span style=\"font-family: arial, helvetica, sans-serif; font-size: 14px;\">Surface :<\/span><\/strong><\/td>\n<td style=\"border: 1px solid #707070; width: 553.337px;\"><span style=\"font-family: arial, helvetica, sans-serif; font-size: 14px;\">P<\/span><span style=\"font-size: 14px;\">ol\u00e9, adouci, flamm\u00e9, sabl\u00e9, bouchard\u00e9, fendu naturel, flamm\u00e9 et bross\u00e9, etc.<\/span><\/td>\n<\/tr>\n<tr>\n<td style=\"border: 1px solid #707070; width: 159.663px;\"><strong><span style=\"font-family: arial, helvetica, sans-serif; font-size: 14px;\">Emballage :<\/span><\/strong><\/td>\n<td style=\"border: 1px solid #707070; width: 553.337px;\"><span style=\"font-size: 14px;\">Palettes en bois en \u00e9tat de navigabilit\u00e9, fardeaux en bois et caisses en bois<\/span><\/td>\n<\/tr>\n<tr>\n<td style=\"border: 1px solid #707070; width: 159.663px;\"><strong><span style=\"font-family: arial, helvetica, sans-serif; font-size: 14px;\">Application :<\/span><\/strong><\/td>\n<td style=\"border: 1px solid #707070; width: 553.337px;\"><span style=\"font-family: arial, helvetica, sans-serif; font-size: 14px;\">Sol, mur, motif, comptoir, d\u00e9coration int\u00e9rieure et ext\u00e9rieure<\/span><\/td>\n<\/tr>\n<tr>\n<td style=\"border: 1px solid #707070; width: 159.663px;\"><strong><span style=\"font-family: arial, helvetica, sans-serif; font-size: 14px;\">D\u00e9lai de livraison :<\/span><\/strong><\/td>\n<td style=\"border: 1px solid #707070; width: 553.337px;\"><span style=\"font-size: 14px;\">15-20 jours pour l'enregistrement<\/span><span style=\"font-family: arial, helvetica, sans-serif; font-size: 14px;\">tailles lar<\/span><\/td>\n<\/tr>\n<tr>\n<td style=\"border: 1px solid #707070; width: 159.663px;\"><strong><span style=\"font-family: arial, helvetica, sans-serif; font-size: 14px;\">Certificat :<\/span><\/strong><\/td>\n<td style=\"border: 1px solid #707070; width: 553.337px;\"><span style=\"font-family: arial, helvetica, sans-serif; font-size: 14px;\">CE, SGS<\/span><\/td>\n<\/tr>\n<tr>\n<td style=\"border: 1px solid #707070; width: 159.663px;\"><strong><span style=\"font-family: arial, helvetica, sans-serif; font-size: 14px;\">Conditions de paiement :<\/span><\/strong><\/td>\n<td style=\"border: 1px solid #707070; width: 553.337px;\"><span style=\"font-size: 14px;\">T\/T, L\/C, D<span style=\"color: #000000; font-family: Verdana, Arial, Helvetica, sans-serif; font-size: 14px; font-style: normal; font-weight: 400; background-color: #ffffff; float: none;\">\/<\/span>P<\/span><\/td>\n<\/tr>\n<tr>\n<td style=\"border: 1px solid #707070; width: 159.663px;\"><strong><span style=\"font-family: arial, helvetica, sans-serif; font-size: 14px;\">Avantage :<\/span><\/strong><\/td>\n<td style=\"border: 1px solid #707070; width: 553.337px;\"><span style=\"font-family: arial, helvetica, sans-serif; font-size: 14px;\">1) Service unique pour la pierre ;<\/span><\/p>\n<p><span style=\"font-family: arial, helvetica, sans-serif; font-size: 14px;\">2) poss\u00e8dent 3 carri\u00e8res et 9 usines ;<\/span><\/p>\n<p><span style=\"font-family: arial, helvetica, sans-serif; font-size: 14px;\">3) Des supports technologiques de pointe.<\/span><\/td>\n<\/tr>\n<tr>\n<td style=\"border: 1px solid #707070; width: 159.663px;\"><strong><span style=\"font-family: arial, helvetica, sans-serif; font-size: 14px;\">Assurance de la qualit\u00e9 et de la livraison :\u00a0<\/span><\/strong><\/td>\n<td style=\"border: 1px solid #707070; width: 553.337px;\"><span style=\"font-size: 14px;\">Tout au long du processus de production, du choix des mat\u00e9riaux \u00e0 l'emballage en passant par la fabrication, notre service de contr\u00f4le de la qualit\u00e9 contr\u00f4le rigoureusement chaque pi\u00e8ce et chaque processus afin de garantir le respect des normes de qualit\u00e9 et le respect des d\u00e9lais de livraison.<\/span><\/td>\n<\/tr>\n<\/tbody>\n<\/table>\n<p><img loading=\"lazy\" decoding=\"async\" class=\"alignnone  wp-image-27181\" src=\"http:\/\/stone-phoenix.com\/wp-content\/uploads\/2023\/12\/Misty-Yellow-Granite-stone-for-outdoor-wall-paving-2.jpg\" alt=\"\" width=\"955\" height=\"1135\" srcset=\"https:\/\/stone-phoenix.com\/wp-content\/uploads\/2023\/12\/Misty-Yellow-Granite-stone-for-outdoor-wall-paving-2.jpg 520w, https:\/\/stone-phoenix.com\/wp-content\/uploads\/2023\/12\/Misty-Yellow-Granite-stone-for-outdoor-wall-paving-2-252x300.jpg 252w, https:\/\/stone-phoenix.com\/wp-content\/uploads\/2023\/12\/Misty-Yellow-Granite-stone-for-outdoor-wall-paving-2-10x12.jpg 10w, https:\/\/stone-phoenix.com\/wp-content\/uploads\/2023\/12\/Misty-Yellow-Granite-stone-for-outdoor-wall-paving-2-150x178.jpg 150w\" sizes=\"(max-width: 955px) 100vw, 955px\" \/><img loading=\"lazy\" decoding=\"async\" class=\"alignnone size-full wp-image-27182\" src=\"http:\/\/stone-phoenix.com\/wp-content\/uploads\/2023\/12\/Misty-Yellow-Granite-stone-for-outdoor-wall-paving-5-scaled.jpg\" alt=\"\" width=\"1151\" height=\"2560\" srcset=\"https:\/\/stone-phoenix.com\/wp-content\/uploads\/2023\/12\/Misty-Yellow-Granite-stone-for-outdoor-wall-paving-5-scaled.jpg 1151w, https:\/\/stone-phoenix.com\/wp-content\/uploads\/2023\/12\/Misty-Yellow-Granite-stone-for-outdoor-wall-paving-5-135x300.jpg 135w, https:\/\/stone-phoenix.com\/wp-content\/uploads\/2023\/12\/Misty-Yellow-Granite-stone-for-outdoor-wall-paving-5-461x1024.jpg 461w, https:\/\/stone-phoenix.com\/wp-content\/uploads\/2023\/12\/Misty-Yellow-Granite-stone-for-outdoor-wall-paving-5-768x1708.jpg 768w, https:\/\/stone-phoenix.com\/wp-content\/uploads\/2023\/12\/Misty-Yellow-Granite-stone-for-outdoor-wall-paving-5-691x1536.jpg 691w, https:\/\/stone-phoenix.com\/wp-content\/uploads\/2023\/12\/Misty-Yellow-Granite-stone-for-outdoor-wall-paving-5-921x2048.jpg 921w, https:\/\/stone-phoenix.com\/wp-content\/uploads\/2023\/12\/Misty-Yellow-Granite-stone-for-outdoor-wall-paving-5-5x12.jpg 5w, https:\/\/stone-phoenix.com\/wp-content\/uploads\/2023\/12\/Misty-Yellow-Granite-stone-for-outdoor-wall-paving-5-600x1334.jpg 600w, https:\/\/stone-phoenix.com\/wp-content\/uploads\/2023\/12\/Misty-Yellow-Granite-stone-for-outdoor-wall-paving-5-150x334.jpg 150w\" sizes=\"(max-width: 1151px) 100vw, 1151px\" \/><img loading=\"lazy\" decoding=\"async\" class=\"alignnone size-full wp-image-27177\" src=\"http:\/\/stone-phoenix.com\/wp-content\/uploads\/2023\/12\/Misty-Yellow-Granite-stone-for-outdoor-wall-paving-4.jpg\" alt=\"\" width=\"1122\" height=\"1289\" srcset=\"https:\/\/stone-phoenix.com\/wp-content\/uploads\/2023\/12\/Misty-Yellow-Granite-stone-for-outdoor-wall-paving-4.jpg 1122w, https:\/\/stone-phoenix.com\/wp-content\/uploads\/2023\/12\/Misty-Yellow-Granite-stone-for-outdoor-wall-paving-4-261x300.jpg 261w, https:\/\/stone-phoenix.com\/wp-content\/uploads\/2023\/12\/Misty-Yellow-Granite-stone-for-outdoor-wall-paving-4-891x1024.jpg 891w, https:\/\/stone-phoenix.com\/wp-content\/uploads\/2023\/12\/Misty-Yellow-Granite-stone-for-outdoor-wall-paving-4-768x882.jpg 768w, https:\/\/stone-phoenix.com\/wp-content\/uploads\/2023\/12\/Misty-Yellow-Granite-stone-for-outdoor-wall-paving-4-10x12.jpg 10w, https:\/\/stone-phoenix.com\/wp-content\/uploads\/2023\/12\/Misty-Yellow-Granite-stone-for-outdoor-wall-paving-4-600x689.jpg 600w, https:\/\/stone-phoenix.com\/wp-content\/uploads\/2023\/12\/Misty-Yellow-Granite-stone-for-outdoor-wall-paving-4-150x172.jpg 150w\" sizes=\"(max-width: 1122px) 100vw, 1122px\" \/><\/p>\n<\/div>\n<\/div>\n<\/div>","protected":false},"excerpt":{"rendered":"<p>Misty Yellow Granite stone for outdoor wall paving Misty Yellow Granite is a beautiful yellowish color with a fine texture.<\/p>","protected":false},"featured_media":27176,"template":"","meta":[],"product_cat":[112],"product_tag":[],"_links":{"self":[{"href":"https:\/\/stone-phoenix.com\/fr\/wp-json\/wp\/v2\/product\/20634"}],"collection":[{"href":"https:\/\/stone-phoenix.com\/fr\/wp-json\/wp\/v2\/product"}],"about":[{"href":"https:\/\/stone-phoenix.com\/fr\/wp-json\/wp\/v2\/types\/product"}],"wp:featuredmedia":[{"embeddable":true,"href":"https:\/\/stone-phoenix.com\/fr\/wp-json\/wp\/v2\/media\/27176"}],"wp:attachment":[{"href":"https:\/\/stone-phoenix.com\/fr\/wp-json\/wp\/v2\/media?parent=20634"}],"wp:term":[{"taxonomy":"product_cat","embeddable":true,"href":"https:\/\/stone-phoenix.com\/fr\/wp-json\/wp\/v2\/product_cat?post=20634"},{"taxonomy":"product_tag","embeddable":true,"href":"https:\/\/stone-phoenix.com\/fr\/wp-json\/wp\/v2\/product_tag?post=20634"}],"curies":[{"name":"wp","href":"https:\/\/api.w.org\/{rel}","templated":true}]}}