{"id":20640,"date":"2023-12-29T20:17:52","date_gmt":"2023-12-29T12:17:52","guid":{"rendered":"http:\/\/stone-phoenix.com\/product\/garden-slabs-paving-slabs-paving-stone"},"modified":"2024-04-03T20:00:32","modified_gmt":"2024-04-03T12:00:32","slug":"garden-slabs-paving-slabs-paving-stone","status":"publish","type":"product","link":"https:\/\/stone-phoenix.com\/fr\/produit\/garden-slabs-paving-slabs-paving-stone","title":{"rendered":"Dalles de jardin dalles de pavage dalles de pavage"},"content":{"rendered":"<div id=\"tab-description\" class=\"woocommerce-Tabs-panel woocommerce-Tabs-panel--description panel entry-content wc-tab\" role=\"tabpanel\" aria-labelledby=\"tab-title-description\">\n<h2>Dalles de jardin pav\u00e9s pav\u00e9s<\/h2>\n<p>Avec nos dalles de jardin, vous pouvez cr\u00e9er votre propre terrasse en b\u00e9ton. Cr\u00e9ez un chemin dans votre jardin ou utilisez-le comme alternative pour vous asseoir ou simplement poser une table. Les dalles de jardin sont faciles \u00e0 installer et peu co\u00fbteuses. De belles dalles de jardin pour vos murs et vos sols. Il existe une vaste gamme de couleurs et de styles uniques de dalles de jardin pour tous les budgets.<br \/>\nNotre gamme de dalles de jardin est disponible dans une grande vari\u00e9t\u00e9 de formes et de tailles. Nous les stockons tous dans nos magasins ou vous pouvez les commander directement gr\u00e2ce \u00e0 un syst\u00e8me de commande facile \u00e0 utiliser sur notre site Internet.<br \/>\nNous utilisons un gr\u00e8s r\u00e9sistant et de haute qualit\u00e9, id\u00e9al pour les jardins contemporains et traditionnels. Disponibles en plusieurs tailles, ces dalles sont tr\u00e8s faciles \u00e0 poser et peuvent \u00eatre utilis\u00e9es pour ajouter une touche d\u00e9corative \u00e0 votre jardin ou \u00e0 vos terrasses.<br \/>\nQue vous souhaitiez assortir votre d\u00e9coration ext\u00e9rieure ou moderniser votre jardin existant, il existe un sentier en pierre parfait pour vous. Les pav\u00e9s peuvent \u00eatre utilis\u00e9s pour cr\u00e9er des bordures dans les jardins, les sentiers et les terrasses. Les pav\u00e9s de rocaille sont pos\u00e9s directement sur le sol, ce qui signifie qu'aucun remblayage n'est n\u00e9cessaire pour garantir la solidit\u00e9 et la s\u00e9curit\u00e9 de votre chemin.<\/p>\n<div id=\"ali-anchor-AliPostDhMb-10ic2\" class=\"mceSectionContainer\" style=\"padding-top: 8px;\" data-section=\"AliPostDhMb-10ic2\" data-section-title=\"Product Description\">\n<div id=\"ali-title-AliPostDhMb-10ic2\" style=\"padding: 8px 0; border-bottom: 1px solid #ddd;\"><span style=\"background-color: #ddd; color: #333; font-weight: bold; padding: 8px 10px; line-height: 12px;\">Description du produit<\/span><\/div>\n<div style=\"padding: 10px 0;\">\n<table class=\"aliDataTable\" style=\"color: #000000; font-family: Arial; font-size: 12px; font-style: normal; font-weight: 400; background-color: #ffffff; width: 750px; height: 226px; border: 1px solid #b3b3b3;\">\n<tbody>\n<tr style=\"height: 42px;\">\n<td style=\"border: 1px solid #b3b3b3; width: 162px; height: 42px;\"><strong><span style=\"font-family: arial, helvetica, sans-serif; font-size: 14px;\">Nom du produit :<\/span><\/strong><\/td>\n<td style=\"border: 1px solid #b3b3b3; width: 595.066px; height: 42px;\"><span style=\"font-family: arial, helvetica, sans-serif; font-size: 14px;\">Divers pav\u00e9s en granit<\/span><\/td>\n<\/tr>\n<tr style=\"height: 21px;\">\n<td style=\"border: 1px solid #b3b3b3; width: 162px; height: 21px;\"><strong><span style=\"font-family: arial, helvetica, sans-serif; font-size: 14px;\">Mat\u00e9riau :<\/span><\/strong><\/td>\n<td style=\"border: 1px solid #b3b3b3; width: 595.066px; height: 21px;\"><span style=\"font-family: arial, helvetica, sans-serif; font-size: 14px;\">Granit G562, granit G603, granit G654, granit G682, etc.<\/span><\/td>\n<\/tr>\n<tr style=\"height: 44px;\">\n<td style=\"border: 1px solid #b3b3b3; width: 162px; height: 65px;\" rowspan=\"2\">\n<p style=\"margin: 0px; padding: 0px;\"><strong><span style=\"font-family: arial, helvetica, sans-serif; font-size: 14px;\">Taille :<\/span><\/strong><\/p>\n<\/td>\n<td style=\"border: 1px solid #b3b3b3; width: 595.066px; height: 44px;\"><span style=\"font-size: 14px;\">Tailles<\/span><br \/>\n<span style=\"font-size: 14px;\">5X5X5CM,8X8X8CM,9X9X9CM,10X10X10CM,10x10x5cm,<\/span><span style=\"font-size: 14px;\">10x20x5cm,9.5\u00d79.5x4CM,19.5\u00d719.5x4CM,22X11X5CM,<\/span><\/p>\n<p><span style=\"font-size: 14px;\">16.5X11.5X5CM,19.7X19.7X8CM,14.5X14.5X8CM,16X16X16CM,<\/span><\/p>\n<p><span style=\"font-size: 14px;\">22X16X16CM,27x18x9cm,18x18x9cm,18x18x18CM <\/span><\/p>\n<p><span style=\"font-size: 14px;\">ou sur mesure<\/span><\/td>\n<\/tr>\n<tr style=\"height: 21px;\">\n<td style=\"border: 1px solid #b3b3b3; width: 595.066px; height: 21px;\"><span style=\"font-family: arial, helvetica, sans-serif; font-size: 14px;\">Des sp\u00e9cifications personnalis\u00e9es sont disponibles<\/span><\/td>\n<\/tr>\n<tr style=\"height: 42px;\">\n<td style=\"border: 1px solid #b3b3b3; width: 162px; height: 42px;\"><strong><span style=\"font-family: arial, helvetica, sans-serif; font-size: 14px;\">Tol\u00e9rance d'\u00e9paisseur :<\/span><\/strong><\/td>\n<td style=\"border: 1px solid #b3b3b3; width: 595.066px; height: 42px;\"><span style=\"font-size: 14px; font-family: arial, helvetica, sans-serif;\">\u00b11mm, \u00b11,5mm, \u00b12mm, selon les exigences de qualit\u00e9 du client<\/span><\/td>\n<\/tr>\n<tr style=\"height: 126px;\">\n<td style=\"border: 1px solid #b3b3b3; width: 162px; height: 126px;\">\n<p style=\"margin: 0px; padding: 0px;\"><strong><span style=\"font-family: arial, helvetica, sans-serif; font-size: 14px;\">Surface :<\/span><\/strong><\/p>\n<\/td>\n<td style=\"border: 1px solid #b3b3b3; width: 595.066px; height: 126px;\"><span style=\"font-size: 14px;\">Finition<\/span><br \/>\n<span style=\"font-size: 14px;\">a. Fente naturelle sur tous les c\u00f4t\u00e9s<\/span><br \/>\n<span style=\"font-size: 14px;\">b. Toutes les faces sont sci\u00e9es<\/span><br \/>\n<span style=\"font-size: 14px;\">c. 5 c\u00f4t\u00e9s coup\u00e9s \u00e0 la scie, surface fendue naturellement<\/span><br \/>\n<span style=\"font-size: 14px;\">d. 5 faces coup\u00e9es \u00e0 la scie, surface flamm\u00e9e<\/span><br \/>\n<span style=\"font-size: 14px;\">e. 4 c\u00f4t\u00e9s coup\u00e9s \u00e0 la scie, fendu naturel en haut, tambourin\u00e9, dos en maille\u00a0<\/span><\/td>\n<\/tr>\n<tr style=\"height: 21px;\">\n<td style=\"border: 1px solid #b3b3b3; width: 162px; height: 21px;\"><strong><span style=\"font-family: arial, helvetica, sans-serif; font-size: 14px;\">Emballage :<\/span><\/strong><\/td>\n<td style=\"border: 1px solid #b3b3b3; width: 595.066px; height: 21px;\"><span style=\"font-family: arial, helvetica, sans-serif; font-size: 14px;\">Fardeaux et caisses en bois en \u00e9tat de navigabilit\u00e9<\/span><\/td>\n<\/tr>\n<tr style=\"height: 21px;\">\n<td style=\"border: 1px solid #b3b3b3; width: 162px; height: 21px;\"><strong><span style=\"font-family: arial, helvetica, sans-serif; font-size: 14px;\">Application :<\/span><\/strong><\/td>\n<td style=\"border: 1px solid #b3b3b3; width: 595.066px; height: 21px;\"><span style=\"font-family: arial, helvetica, sans-serif; font-size: 14px;\">Largement utilis\u00e9 pour la d\u00e9coration int\u00e9rieure et ext\u00e9rieure<\/span><\/td>\n<\/tr>\n<tr style=\"height: 42px;\">\n<td style=\"border: 1px solid #b3b3b3; width: 162px; height: 42px;\"><strong><span style=\"font-family: arial, helvetica, sans-serif; font-size: 14px;\">D\u00e9lai de livraison :<\/span><\/strong><\/td>\n<td style=\"border: 1px solid #b3b3b3; width: 595.066px; height: 42px;\"><span style=\"font-family: arial, helvetica, sans-serif; font-size: 14px;\">15-20 jours pour les tailles normales<\/span><\/td>\n<\/tr>\n<tr style=\"height: 21px;\">\n<td style=\"border: 1px solid #b3b3b3; width: 162px; height: 21px;\">\n<p style=\"margin: 0px; padding: 0px;\"><strong><span style=\"font-family: arial, helvetica, sans-serif; font-size: 14px;\">Certificat :<\/span><\/strong><\/p>\n<\/td>\n<td style=\"border: 1px solid #b3b3b3; width: 595.066px; height: 21px;\"><span style=\"font-family: arial, helvetica, sans-serif; font-size: 14px;\">CE, SGS<\/span><\/td>\n<\/tr>\n<tr style=\"height: 42px;\">\n<td style=\"border: 1px solid #b3b3b3; width: 162px; height: 42px;\">\n<p style=\"margin: 0px; padding: 0px;\"><strong><span style=\"font-family: arial, helvetica, sans-serif; font-size: 14px;\">Conditions de paiement :<\/span><\/strong><\/p>\n<\/td>\n<td style=\"border: 1px solid #b3b3b3; width: 595.066px; height: 42px;\"><span style=\"font-family: arial, helvetica, sans-serif; font-size: 14px;\">T\/T, L\/C, D\/P<\/span><\/td>\n<\/tr>\n<tr style=\"height: 63px;\">\n<td style=\"border: 1px solid #b3b3b3; width: 162px; height: 63px;\"><strong><span style=\"font-family: arial, helvetica, sans-serif; font-size: 14px;\">Avantage :<\/span><\/strong><\/td>\n<td style=\"border: 1px solid #b3b3b3; width: 595.066px; height: 63px;\">\n<p style=\"margin: 0px; padding: 0px;\"><span style=\"font-family: arial, helvetica, sans-serif; font-size: 14px;\">1) Service unique pour la pierre ;<\/span><\/p>\n<p style=\"margin: 0px; padding: 0px;\"><span style=\"font-family: arial, helvetica, sans-serif; font-size: 14px;\">2) Poss\u00e9der 3 carri\u00e8res et 9 usines ;<\/span><\/p>\n<p style=\"margin: 0px; padding: 0px;\"><span style=\"font-family: arial, helvetica, sans-serif; font-size: 14px;\">3) Soutien \u00e0 la conception et \u00e0 la technologie.<\/span><\/p>\n<\/td>\n<\/tr>\n<tr style=\"height: 84px;\">\n<td style=\"border: 1px solid #b3b3b3; width: 162px; height: 84px;\"><strong><span style=\"font-family: arial, helvetica, sans-serif; font-size: 14px;\">Assurance de la qualit\u00e9 et de la livraison :\u00a0<\/span><\/strong><\/td>\n<td style=\"border: 1px solid #b3b3b3; width: 595.066px; height: 84px;\">\n<p style=\"margin: 0px; padding: 0px;\"><span style=\"font-family: arial, helvetica, sans-serif; font-size: 14px;\">Tout au long du processus de production, du choix des mat\u00e9riaux \u00e0 l'emballage en passant par la fabrication, notre service de contr\u00f4le de la qualit\u00e9 contr\u00f4le rigoureusement chaque pi\u00e8ce et chaque processus afin de garantir le respect des normes de qualit\u00e9 et le respect des d\u00e9lais de livraison.<\/span><\/p>\n<\/td>\n<\/tr>\n<\/tbody>\n<\/table>\n<p><img loading=\"lazy\" decoding=\"async\" class=\"alignnone wp-image-27173\" src=\"http:\/\/stone-phoenix.com\/wp-content\/uploads\/2023\/12\/Garden-slabs-paving-slabs-paving-stone-8.jpg\" alt=\"\" width=\"701\" height=\"520\" srcset=\"https:\/\/stone-phoenix.com\/wp-content\/uploads\/2023\/12\/Garden-slabs-paving-slabs-paving-stone-8.jpg 1081w, https:\/\/stone-phoenix.com\/wp-content\/uploads\/2023\/12\/Garden-slabs-paving-slabs-paving-stone-8-300x223.jpg 300w, https:\/\/stone-phoenix.com\/wp-content\/uploads\/2023\/12\/Garden-slabs-paving-slabs-paving-stone-8-1024x760.jpg 1024w, https:\/\/stone-phoenix.com\/wp-content\/uploads\/2023\/12\/Garden-slabs-paving-slabs-paving-stone-8-768x570.jpg 768w, https:\/\/stone-phoenix.com\/wp-content\/uploads\/2023\/12\/Garden-slabs-paving-slabs-paving-stone-8-16x12.jpg 16w, https:\/\/stone-phoenix.com\/wp-content\/uploads\/2023\/12\/Garden-slabs-paving-slabs-paving-stone-8-600x445.jpg 600w, https:\/\/stone-phoenix.com\/wp-content\/uploads\/2023\/12\/Garden-slabs-paving-slabs-paving-stone-8-150x111.jpg 150w\" sizes=\"(max-width: 701px) 100vw, 701px\" \/><img loading=\"lazy\" decoding=\"async\" class=\"alignnone wp-image-27174\" src=\"http:\/\/stone-phoenix.com\/wp-content\/uploads\/2023\/12\/Garden-slabs-paving-slabs-paving-stone-7.jpg\" alt=\"\" width=\"699\" height=\"577\" srcset=\"https:\/\/stone-phoenix.com\/wp-content\/uploads\/2023\/12\/Garden-slabs-paving-slabs-paving-stone-7.jpg 871w, https:\/\/stone-phoenix.com\/wp-content\/uploads\/2023\/12\/Garden-slabs-paving-slabs-paving-stone-7-300x247.jpg 300w, https:\/\/stone-phoenix.com\/wp-content\/uploads\/2023\/12\/Garden-slabs-paving-slabs-paving-stone-7-768x633.jpg 768w, https:\/\/stone-phoenix.com\/wp-content\/uploads\/2023\/12\/Garden-slabs-paving-slabs-paving-stone-7-15x12.jpg 15w, https:\/\/stone-phoenix.com\/wp-content\/uploads\/2023\/12\/Garden-slabs-paving-slabs-paving-stone-7-600x495.jpg 600w, https:\/\/stone-phoenix.com\/wp-content\/uploads\/2023\/12\/Garden-slabs-paving-slabs-paving-stone-7-150x124.jpg 150w\" sizes=\"(max-width: 699px) 100vw, 699px\" \/><img loading=\"lazy\" decoding=\"async\" class=\"alignnone size-full wp-image-27170\" src=\"http:\/\/stone-phoenix.com\/wp-content\/uploads\/2023\/12\/Garden-slabs-paving-slabs-paving-stone-4.jpg\" alt=\"\" width=\"700\" height=\"1117\" srcset=\"https:\/\/stone-phoenix.com\/wp-content\/uploads\/2023\/12\/Garden-slabs-paving-slabs-paving-stone-4.jpg 700w, https:\/\/stone-phoenix.com\/wp-content\/uploads\/2023\/12\/Garden-slabs-paving-slabs-paving-stone-4-188x300.jpg 188w, https:\/\/stone-phoenix.com\/wp-content\/uploads\/2023\/12\/Garden-slabs-paving-slabs-paving-stone-4-642x1024.jpg 642w, https:\/\/stone-phoenix.com\/wp-content\/uploads\/2023\/12\/Garden-slabs-paving-slabs-paving-stone-4-8x12.jpg 8w, https:\/\/stone-phoenix.com\/wp-content\/uploads\/2023\/12\/Garden-slabs-paving-slabs-paving-stone-4-600x957.jpg 600w, https:\/\/stone-phoenix.com\/wp-content\/uploads\/2023\/12\/Garden-slabs-paving-slabs-paving-stone-4-150x239.jpg 150w\" sizes=\"(max-width: 700px) 100vw, 700px\" \/><img loading=\"lazy\" decoding=\"async\" class=\"alignnone wp-image-27175\" src=\"http:\/\/stone-phoenix.com\/wp-content\/uploads\/2023\/12\/Garden-slabs-paving-slabs-paving-stone-5.jpg\" alt=\"\" width=\"695\" height=\"387\" srcset=\"https:\/\/stone-phoenix.com\/wp-content\/uploads\/2023\/12\/Garden-slabs-paving-slabs-paving-stone-5.jpg 691w, https:\/\/stone-phoenix.com\/wp-content\/uploads\/2023\/12\/Garden-slabs-paving-slabs-paving-stone-5-300x167.jpg 300w, https:\/\/stone-phoenix.com\/wp-content\/uploads\/2023\/12\/Garden-slabs-paving-slabs-paving-stone-5-18x10.jpg 18w, https:\/\/stone-phoenix.com\/wp-content\/uploads\/2023\/12\/Garden-slabs-paving-slabs-paving-stone-5-600x334.jpg 600w, https:\/\/stone-phoenix.com\/wp-content\/uploads\/2023\/12\/Garden-slabs-paving-slabs-paving-stone-5-150x84.jpg 150w\" sizes=\"(max-width: 695px) 100vw, 695px\" \/><\/p>\n<\/div>\n<\/div>\n<\/div>","protected":false},"excerpt":{"rendered":"<p>Garden slabs paving paving stone With our garden slabs paving you can make your own concrete patio. Create a path<\/p>","protected":false},"featured_media":27167,"template":"","meta":[],"product_cat":[112],"product_tag":[],"_links":{"self":[{"href":"https:\/\/stone-phoenix.com\/fr\/wp-json\/wp\/v2\/product\/20640"}],"collection":[{"href":"https:\/\/stone-phoenix.com\/fr\/wp-json\/wp\/v2\/product"}],"about":[{"href":"https:\/\/stone-phoenix.com\/fr\/wp-json\/wp\/v2\/types\/product"}],"wp:featuredmedia":[{"embeddable":true,"href":"https:\/\/stone-phoenix.com\/fr\/wp-json\/wp\/v2\/media\/27167"}],"wp:attachment":[{"href":"https:\/\/stone-phoenix.com\/fr\/wp-json\/wp\/v2\/media?parent=20640"}],"wp:term":[{"taxonomy":"product_cat","embeddable":true,"href":"https:\/\/stone-phoenix.com\/fr\/wp-json\/wp\/v2\/product_cat?post=20640"},{"taxonomy":"product_tag","embeddable":true,"href":"https:\/\/stone-phoenix.com\/fr\/wp-json\/wp\/v2\/product_tag?post=20640"}],"curies":[{"name":"wp","href":"https:\/\/api.w.org\/{rel}","templated":true}]}}