{"id":20644,"date":"2023-12-29T20:18:00","date_gmt":"2023-12-29T12:18:00","guid":{"rendered":"http:\/\/stone-phoenix.com\/product\/bainbrook-brown-granite-golden-dark-royal"},"modified":"2024-04-03T19:46:17","modified_gmt":"2024-04-03T11:46:17","slug":"bainbrook-brown-granite-golden-dark-royal","status":"publish","type":"product","link":"https:\/\/stone-phoenix.com\/fr\/produit\/bainbrook-brown-granite-golden-dark-royal","title":{"rendered":"bainbrook brown granite golden dark royal"},"content":{"rendered":"<div id=\"tab-description\" class=\"woocommerce-Tabs-panel woocommerce-Tabs-panel--description panel entry-content wc-tab\" role=\"tabpanel\" aria-labelledby=\"tab-title-description\">\n<div id=\"ali-anchor-AliPostDhMb-6q8vw\" style=\"padding-top: 8px;\" data-section=\"AliPostDhMb-6q8vw\" data-section-title=\"Product Description\">\n<h2 style=\"text-align: center;\">bainbrook brown granite golden dark royal<\/h2>\n<p>Le granit brun bainbrook est une pierre belle et \u00e9l\u00e9gante, parfaite pour toute maison. Le grain du mat\u00e9riau est caract\u00e9ristique, avec un motif ondul\u00e9 qui offre une gamme de nuances allant du brun fonc\u00e9 \u00e0 une teinte plus claire de brun. Ces surfaces sont tr\u00e8s faciles \u00e0 nettoyer, ce qui en fait le choix id\u00e9al pour les cuisines familiales et les zones tr\u00e8s fr\u00e9quent\u00e9es. Elles n\u00e9cessitent peu d'entretien, car elles sont r\u00e9sistantes aux rayures, aux taches et \u00e0 la d\u00e9coloration.<\/p>\n<p>Le produit est disponible dans une grande vari\u00e9t\u00e9 de dimensions et d'\u00e9paisseurs, ce qui en fait un excellent choix pour les comptoirs, les sols, les rev\u00eatements muraux et bien plus encore. Il est recommand\u00e9 pour les applications r\u00e9sidentielles au-dessus des zones de pr\u00e9paration des aliments et dans les environnements humides.Bainbrook est un granit de couleur brune qui va du brun moyen au brun fonc\u00e9 avec une pointe de vert. Il pr\u00e9sente un poli moyen \u00e0 \u00e9lev\u00e9. Cette pierre est isol\u00e9e du froid et stable, ce qui la rend extr\u00eamement durable.Bainbrook est un granit \u00e9l\u00e9gant et de haute qualit\u00e9 avec une couleur cannelle chaude qui ajoute de la sophistication \u00e0 votre espace.<\/p>\n<p>Ses tons bruns dor\u00e9s s'accorderont avec vos plus beaux meubles, apportant une touche haut de gamme \u00e0 votre espace ext\u00e9rieur ou aux plans de travail de votre cuisine.Vous pouvez appr\u00e9cier cette pierre chaude et \u00e9l\u00e9gante avec un riche motif de veines brunes, gris moyen et noires. Le Bainbrook est un choix naturel pour les cuisines et les salles de bains traditionnelles et contemporaines - la profondeur de la couleur a un effet calmant et reposant. Il est connu pour sa composition riche et son aspect \u00e9l\u00e9gant, il a une texture lisse et peut \u00eatre utilis\u00e9 dans les cuisines, les salles de bains, les plans de travail et les sols.<\/p>\n<p>Ses tons naturels de terre donnent un aspect chaleureux et magnifique \u00e0 votre cuisine ou \u00e0 votre salle de bains. Les granits sont faciles \u00e0 nettoyer, durables et garantis \u00e0 vie!Le granit brun bainbrook est un granit riche, de couleur chocolat. Il a un aspect terreux et est \u00e0 la fois \u00e9l\u00e9gant et moderne, parfait pour tout type de style de maison. Ce magnifique granit est \u00e0 la fois sombre et riche en couleur avec des rainures pures qui cr\u00e9ent un flux naturel.<\/p>\n<div id=\"ali-title-AliPostDhMb-6q8vw\" style=\"padding: 8px 0; border-bottom: 1px solid #ddd;\"><span style=\"background-color: #ddd; color: #333; font-weight: bold; padding: 8px 10px; line-height: 12px;\">Description du produit<\/span><\/div>\n<div style=\"padding: 10px 0;\">\n<table class=\"aliDataTable\" style=\"color: #000000; font-family: Arial; font-size: 12px; font-style: normal; font-weight: 400; background-color: #ffffff; width: 698px; height: 226px; border: 1px solid #b3b3b3;\">\n<tbody>\n<tr>\n<td style=\"border: 1px solid #707070; width: 159.663px;\"><strong><span style=\"font-family: arial, helvetica, sans-serif; font-size: 14px;\">Nom du produit :<\/span><\/strong><\/td>\n<td style=\"border: 1px solid #707070; width: 553.337px;\"><span style=\"font-family: arial, helvetica, sans-serif; font-size: 14px;\">Granit divers<\/span><\/td>\n<\/tr>\n<tr>\n<td style=\"border: 1px solid #707070; width: 159.663px;\"><strong><span style=\"font-family: arial, helvetica, sans-serif; font-size: 14px;\">Mat\u00e9riau :<\/span><\/strong><\/td>\n<td style=\"border: 1px solid #707070; width: 553.337px;\"><span style=\"font-size: 14px;\">Granit<\/span><\/td>\n<\/tr>\n<tr>\n<td style=\"border: 1px solid #707070; width: 159.663px;\"><strong><span style=\"font-family: arial, helvetica, sans-serif; font-size: 14px;\">Couleur :<\/span><\/strong><\/td>\n<td style=\"border: 1px solid #707070; width: 553.337px;\"><span style=\"font-family: arial, helvetica, sans-serif; font-size: 14px;\">Blanc, noir, jaune, rouge, rose, gris, brun, bleu, vert, etc.<\/span><\/td>\n<\/tr>\n<tr>\n<td style=\"border: 1px solid #707070; width: 159.663px;\" rowspan=\"3\"><strong><span style=\"font-family: arial, helvetica, sans-serif; font-size: 14px;\">Taille :<\/span><\/strong><\/td>\n<td style=\"border: 1px solid #707070; width: 553.337px;\"><span style=\"text-decoration: underline;\"><span style=\"font-size: 14px;\">Carreaux disponibles <\/span><\/span><br \/>\n<span style=\"font-size: 14px;\">12\u2019x12\u2033,24\u2019x24\u2033,12\u2019x24\u2033,etc <\/span><span style=\"font-size: 14px;\">300x300mm,300x600mm,400x400mm,600x600mm,etc<\/span><\/td>\n<\/tr>\n<tr>\n<td style=\"border: 1px solid #707070; width: 553.337px;\"><span style=\"text-decoration: underline;\"><span style=\"font-size: 14px;\">Dalles disponibles <\/span><\/span><\/p>\n<p><span style=\"font-size: 14px;\">180cmUpx60UP,180cmUpx65cmUP,180cmUpx70cmUP,etc<\/span><br \/>\n<span style=\"font-size: 14px;\">240cmUpx120cmUP,etc<\/span><\/td>\n<\/tr>\n<tr>\n<td style=\"border: 1px solid #707070; width: 553.337px;\"><span style=\"font-family: arial, helvetica, sans-serif; font-size: 14px;\">Des sp\u00e9cifications personnalis\u00e9es sont disponibles<\/span><\/td>\n<\/tr>\n<tr>\n<td style=\"border: 1px solid #707070; width: 159.663px;\"><strong><span style=\"font-family: arial, helvetica, sans-serif; font-size: 14px;\">Tol\u00e9rance d'\u00e9paisseur :<\/span><\/strong><\/td>\n<td style=\"border: 1px solid #707070; width: 553.337px;\"><span style=\"font-family: arial, helvetica, sans-serif; font-size: 14px;\">\u00b10,05mm, \u00b11mm, \u00b11,5mm, \u00b12mm, selon les exigences de qualit\u00e9 du client<\/span><\/td>\n<\/tr>\n<tr>\n<td style=\"border: 1px solid #707070; width: 159.663px;\"><strong><span style=\"font-family: arial, helvetica, sans-serif; font-size: 14px;\">Surface :<\/span><\/strong><\/td>\n<td style=\"border: 1px solid #707070; width: 553.337px;\"><span style=\"font-family: arial, helvetica, sans-serif; font-size: 14px;\">P<\/span><span style=\"font-size: 14px;\">ol\u00e9, adouci, flamm\u00e9, sabl\u00e9, bouchard\u00e9, fendu naturel, flamm\u00e9 et bross\u00e9, etc.<\/span><\/td>\n<\/tr>\n<tr>\n<td style=\"border: 1px solid #707070; width: 159.663px;\"><strong><span style=\"font-family: arial, helvetica, sans-serif; font-size: 14px;\">Emballage :<\/span><\/strong><\/td>\n<td style=\"border: 1px solid #707070; width: 553.337px;\"><span style=\"font-size: 14px;\">Palettes en bois en \u00e9tat de navigabilit\u00e9, fardeaux en bois et caisses en bois<\/span><\/td>\n<\/tr>\n<tr>\n<td style=\"border: 1px solid #707070; width: 159.663px;\"><strong><span style=\"font-family: arial, helvetica, sans-serif; font-size: 14px;\">Application :<\/span><\/strong><\/td>\n<td style=\"border: 1px solid #707070; width: 553.337px;\"><span style=\"font-family: arial, helvetica, sans-serif; font-size: 14px;\">Sol, mur, motif, comptoir, d\u00e9coration int\u00e9rieure et ext\u00e9rieure<\/span><\/td>\n<\/tr>\n<tr>\n<td style=\"border: 1px solid #707070; width: 159.663px;\"><strong><span style=\"font-family: arial, helvetica, sans-serif; font-size: 14px;\">D\u00e9lai de livraison :<\/span><\/strong><\/td>\n<td style=\"border: 1px solid #707070; width: 553.337px;\"><span style=\"font-size: 14px;\">15-20 jours pour l'enregistrement<\/span><span style=\"font-family: arial, helvetica, sans-serif; font-size: 14px;\">tailles lar<\/span><\/td>\n<\/tr>\n<tr>\n<td style=\"border: 1px solid #707070; width: 159.663px;\"><strong><span style=\"font-family: arial, helvetica, sans-serif; font-size: 14px;\">Certificat :<\/span><\/strong><\/td>\n<td style=\"border: 1px solid #707070; width: 553.337px;\"><span style=\"font-family: arial, helvetica, sans-serif; font-size: 14px;\">CE, SGS<\/span><\/td>\n<\/tr>\n<tr>\n<td style=\"border: 1px solid #707070; width: 159.663px;\"><strong><span style=\"font-family: arial, helvetica, sans-serif; font-size: 14px;\">Conditions de paiement :<\/span><\/strong><\/td>\n<td style=\"border: 1px solid #707070; width: 553.337px;\"><span style=\"font-size: 14px;\">T\/T, L\/C, D<span style=\"color: #000000; font-family: Verdana, Arial, Helvetica, sans-serif; font-size: 14px; font-style: normal; font-weight: 400; background-color: #ffffff; float: none;\">\/<\/span>P<\/span><\/td>\n<\/tr>\n<tr>\n<td style=\"border: 1px solid #707070; width: 159.663px;\"><strong><span style=\"font-family: arial, helvetica, sans-serif; font-size: 14px;\">Avantage :<\/span><\/strong><\/td>\n<td style=\"border: 1px solid #707070; width: 553.337px;\"><span style=\"font-family: arial, helvetica, sans-serif; font-size: 14px;\">1) Service unique pour la pierre ;<\/span><\/p>\n<p><span style=\"font-family: arial, helvetica, sans-serif; font-size: 14px;\">2) poss\u00e8dent 3 carri\u00e8res et 9 usines ;<\/span><\/p>\n<p><span style=\"font-family: arial, helvetica, sans-serif; font-size: 14px;\">3) Des supports technologiques de pointe.<\/span><\/td>\n<\/tr>\n<tr>\n<td style=\"border: 1px solid #707070; width: 159.663px;\"><strong><span style=\"font-family: arial, helvetica, sans-serif; font-size: 14px;\">Assurance de la qualit\u00e9 et de la livraison :\u00a0<\/span><\/strong><\/td>\n<td style=\"border: 1px solid #707070; width: 553.337px;\"><span style=\"font-size: 14px;\">Tout au long du processus de production, du choix des mat\u00e9riaux \u00e0 l'emballage en passant par la fabrication, notre service de contr\u00f4le de la qualit\u00e9 contr\u00f4le rigoureusement chaque pi\u00e8ce et chaque processus afin de garantir le respect des normes de qualit\u00e9 et le respect des d\u00e9lais de livraison.<\/span><\/td>\n<\/tr>\n<\/tbody>\n<\/table>\n<p><img loading=\"lazy\" decoding=\"async\" class=\"alignnone size-full wp-image-27164\" src=\"http:\/\/stone-phoenix.com\/wp-content\/uploads\/2023\/12\/bainbrook-brown-granite-golden-dark-royal-2.jpg\" alt=\"\" width=\"697\" height=\"472\" srcset=\"https:\/\/stone-phoenix.com\/wp-content\/uploads\/2023\/12\/bainbrook-brown-granite-golden-dark-royal-2.jpg 697w, https:\/\/stone-phoenix.com\/wp-content\/uploads\/2023\/12\/bainbrook-brown-granite-golden-dark-royal-2-300x203.jpg 300w, https:\/\/stone-phoenix.com\/wp-content\/uploads\/2023\/12\/bainbrook-brown-granite-golden-dark-royal-2-18x12.jpg 18w, https:\/\/stone-phoenix.com\/wp-content\/uploads\/2023\/12\/bainbrook-brown-granite-golden-dark-royal-2-600x406.jpg 600w, https:\/\/stone-phoenix.com\/wp-content\/uploads\/2023\/12\/bainbrook-brown-granite-golden-dark-royal-2-150x102.jpg 150w\" sizes=\"(max-width: 697px) 100vw, 697px\" \/><img loading=\"lazy\" decoding=\"async\" class=\"alignnone  wp-image-27165\" src=\"http:\/\/stone-phoenix.com\/wp-content\/uploads\/2023\/12\/bainbrook-brown-granite-golden-dark-royal-3.jpg\" alt=\"\" width=\"699\" height=\"521\" srcset=\"https:\/\/stone-phoenix.com\/wp-content\/uploads\/2023\/12\/bainbrook-brown-granite-golden-dark-royal-3.jpg 694w, https:\/\/stone-phoenix.com\/wp-content\/uploads\/2023\/12\/bainbrook-brown-granite-golden-dark-royal-3-300x223.jpg 300w, https:\/\/stone-phoenix.com\/wp-content\/uploads\/2023\/12\/bainbrook-brown-granite-golden-dark-royal-3-16x12.jpg 16w, https:\/\/stone-phoenix.com\/wp-content\/uploads\/2023\/12\/bainbrook-brown-granite-golden-dark-royal-3-600x447.jpg 600w, https:\/\/stone-phoenix.com\/wp-content\/uploads\/2023\/12\/bainbrook-brown-granite-golden-dark-royal-3-150x112.jpg 150w\" sizes=\"(max-width: 699px) 100vw, 699px\" \/><\/p>\n<\/div>\n<\/div>\n<\/div>","protected":false},"excerpt":{"rendered":"<p>bainbrook brown granite golden dark royal bainbrook brown granite is a beautiful and elegant stone, perfect for any home. The<\/p>","protected":false},"featured_media":27163,"template":"","meta":[],"product_cat":[112],"product_tag":[],"_links":{"self":[{"href":"https:\/\/stone-phoenix.com\/fr\/wp-json\/wp\/v2\/product\/20644"}],"collection":[{"href":"https:\/\/stone-phoenix.com\/fr\/wp-json\/wp\/v2\/product"}],"about":[{"href":"https:\/\/stone-phoenix.com\/fr\/wp-json\/wp\/v2\/types\/product"}],"wp:featuredmedia":[{"embeddable":true,"href":"https:\/\/stone-phoenix.com\/fr\/wp-json\/wp\/v2\/media\/27163"}],"wp:attachment":[{"href":"https:\/\/stone-phoenix.com\/fr\/wp-json\/wp\/v2\/media?parent=20644"}],"wp:term":[{"taxonomy":"product_cat","embeddable":true,"href":"https:\/\/stone-phoenix.com\/fr\/wp-json\/wp\/v2\/product_cat?post=20644"},{"taxonomy":"product_tag","embeddable":true,"href":"https:\/\/stone-phoenix.com\/fr\/wp-json\/wp\/v2\/product_tag?post=20644"}],"curies":[{"name":"wp","href":"https:\/\/api.w.org\/{rel}","templated":true}]}}