{"id":20662,"date":"2023-12-29T20:18:33","date_gmt":"2023-12-29T12:18:33","guid":{"rendered":"http:\/\/stone-phoenix.com\/product\/granite-cladding-wall-design-facade"},"modified":"2024-04-02T23:51:45","modified_gmt":"2024-04-02T15:51:45","slug":"granite-cladding-wall-design-facade","status":"publish","type":"product","link":"https:\/\/stone-phoenix.com\/fr\/produit\/granite-cladding-wall-design-facade","title":{"rendered":"Granite Cladding Wall Design Facade"},"content":{"rendered":"<div id=\"tab-description\" class=\"woocommerce-Tabs-panel woocommerce-Tabs-panel--description panel entry-content wc-tab\" role=\"tabpanel\" aria-labelledby=\"tab-title-description\">\n<h2>Granite Cladding Wall Design Facade<\/h2>\n<p>Le bardage en granit est une technique de construction dans laquelle de fines couches de granit sont fix\u00e9es \u00e0 l'ext\u00e9rieur d'un b\u00e2timent pour fournir une finition d\u00e9corative ou pour prot\u00e9ger la structure sous-jacente des \u00e9l\u00e9ments. Cette technique est utilis\u00e9e depuis des si\u00e8cles dans la construction et pr\u00e9sente un certain nombre d'avantages.<\/p>\n<p>L'un des principaux avantages du rev\u00eatement en granit est sa durabilit\u00e9. Le granit est une pierre tr\u00e8s dure et dense qui r\u00e9siste aux intemp\u00e9ries et \u00e0 l'usure, ce qui en fait un choix id\u00e9al pour le bardage. Il peut r\u00e9sister \u00e0 des temp\u00e9ratures extr\u00eames, \u00e0 des vents violents et \u00e0 d'autres facteurs environnementaux susceptibles d'endommager d'autres mat\u00e9riaux de construction. Il peut \u00e9galement contribuer \u00e0 prot\u00e9ger la structure d'un b\u00e2timent contre les infiltrations d'eau, ce qui permet d'\u00e9viter les d\u00e9g\u00e2ts des eaux et la formation de moisissures.<\/p>\n<p>Un autre avantage du granit est son attrait esth\u00e9tique. Le granit est une pierre naturelle qui se d\u00e9cline dans une grande vari\u00e9t\u00e9 de couleurs et de motifs, ce qui en fait un choix populaire pour le rev\u00eatement en raison de sa polyvalence et de sa beaut\u00e9. Les rev\u00eatements en granit peuvent conf\u00e9rer un aspect sophistiqu\u00e9 et intemporel \u00e0 n'importe quel b\u00e2timent, et ils peuvent \u00eatre utilis\u00e9s pour cr\u00e9er une vari\u00e9t\u00e9 de styles de conception, du traditionnel au moderne.<\/p>\n<p>Le rev\u00eatement en granit peut \u00e9galement \u00eatre utilis\u00e9 pour am\u00e9liorer l'efficacit\u00e9 \u00e9nerg\u00e9tique d'un b\u00e2timent. En tant qu'isolant naturel, le granit peut contribuer \u00e0 garder un b\u00e2timent chaud en hiver et frais en \u00e9t\u00e9, r\u00e9duisant ainsi les besoins en chauffage et en climatisation. Cela permet de r\u00e9aliser des \u00e9conomies d'\u00e9nergie et d'offrir un environnement de vie ou de travail plus confortable.<\/p>\n<p>Il y a quelques consid\u00e9rations \u00e0 prendre en compte lors de son utilisation. L'un d'eux est le poids de la pierre, car le granit peut \u00eatre assez lourd. Cela peut n\u00e9cessiter un soutien structurel suppl\u00e9mentaire dans le b\u00e2timent pour s'assurer qu'il peut supporter le poids du rev\u00eatement. <span style=\"background-color: #e1bee7;\">Il <\/span>n\u00e9cessite \u00e9galement un entretien r\u00e9gulier, notamment un nettoyage et un scellement, afin de lui conserver son aspect optimal et de le prot\u00e9ger contre les dommages.<\/p>\n<p>Dans l'ensemble, le rev\u00eatement en granit est un choix populaire pour les b\u00e2timents en raison de sa durabilit\u00e9, de son attrait esth\u00e9tique et de son efficacit\u00e9 \u00e9nerg\u00e9tique. Il peut ajouter de la valeur \u00e0 un b\u00e2timent et en am\u00e9liorer l'apparence, ce qui en fait un investissement int\u00e9ressant pour tout projet de construction.<\/p>\n<div id=\"ali-anchor-AliPostDhMb-6q8vw\" style=\"padding-top: 8px;\" data-section=\"AliPostDhMb-6q8vw\" data-section-title=\"Product Description\">\n<div id=\"ali-title-AliPostDhMb-6q8vw\" style=\"padding: 8px 0; border-bottom: 1px solid #ddd;\"><span style=\"background-color: #ddd; color: #333; font-weight: bold; padding: 8px 10px; line-height: 12px;\">Description du produit<\/span><\/div>\n<div style=\"padding: 10px 0;\">\n<table class=\"aliDataTable\" style=\"color: #000000; font-family: Arial; font-size: 12px; font-style: normal; font-weight: 400; background-color: #ffffff; width: 698px; height: 226px; border: 1px solid #b3b3b3;\">\n<tbody>\n<tr>\n<td style=\"border: 1px solid #707070; width: 159.663px;\"><strong><span style=\"font-family: arial, helvetica, sans-serif; font-size: 14px;\">Nom du produit :<\/span><\/strong><\/td>\n<td style=\"border: 1px solid #707070; width: 553.337px;\">Fa\u00e7ade en granit<\/td>\n<\/tr>\n<tr>\n<td style=\"border: 1px solid #707070; width: 159.663px;\"><strong><span style=\"font-family: arial, helvetica, sans-serif; font-size: 14px;\">Mat\u00e9riau :<\/span><\/strong><\/td>\n<td style=\"border: 1px solid #707070; width: 553.337px;\">Divers granites<\/td>\n<\/tr>\n<tr>\n<td style=\"border: 1px solid #707070; width: 159.663px;\"><strong><span style=\"font-family: arial, helvetica, sans-serif; font-size: 14px;\">Couleur :<\/span><\/strong><\/td>\n<td style=\"border: 1px solid #707070; width: 553.337px;\"><span style=\"font-family: arial, helvetica, sans-serif;\"><span style=\"font-size: 14px;\">Blanc, gris, vert, noir, rose, rouge, etc.<\/span><\/span><\/td>\n<\/tr>\n<tr>\n<td style=\"border: 1px solid #707070; width: 159.663px;\" rowspan=\"3\"><strong><span style=\"font-family: arial, helvetica, sans-serif; font-size: 14px;\">Taille :<\/span><\/strong><\/td>\n<td style=\"border: 1px solid #707070; width: 553.337px;\"><span style=\"text-decoration: underline;\"><span style=\"font-size: 14px;\">Carreaux disponibles <\/span><\/span><br \/>\n<span style=\"font-size: 14px;\">12\u2019x12\u2033,24\u2019x24\u2033,12\u2019x24\u2033,etc <\/span><\/p>\n<p><span style=\"font-size: 14px;\">300x300mm,300x600mm,400x400mm,600x600mm,etc<\/span><\/td>\n<\/tr>\n<tr>\n<td style=\"border: 1px solid #707070; width: 553.337px;\"><span style=\"text-decoration: underline;\"><span style=\"font-size: 14px;\">Dalles disponibles <\/span><\/span><\/p>\n<p><span style=\"font-size: 14px;\">180cmUpx60UP,180cmUpx65cmUP,180cmUpx70cmUP,etc<\/span><br \/>\n<span style=\"font-size: 14px;\">240cmUpx120cmUP,etc<\/span><\/td>\n<\/tr>\n<tr>\n<td style=\"border: 1px solid #707070; width: 553.337px;\"><span style=\"font-family: arial, helvetica, sans-serif; font-size: 14px;\">Des sp\u00e9cifications personnalis\u00e9es sont disponibles<\/span><\/td>\n<\/tr>\n<tr>\n<td style=\"border: 1px solid #707070; width: 159.663px;\"><strong><span style=\"font-family: arial, helvetica, sans-serif; font-size: 14px;\">Tol\u00e9rance d'\u00e9paisseur :<\/span><\/strong><\/td>\n<td style=\"border: 1px solid #707070; width: 553.337px;\"><span style=\"font-family: arial, helvetica, sans-serif; font-size: 14px;\">\u00b10,05mm, \u00b11mm, \u00b11,5mm, \u00b12mm, selon les exigences de qualit\u00e9 du client<\/span><\/td>\n<\/tr>\n<tr>\n<td style=\"border: 1px solid #707070; width: 159.663px;\"><strong><span style=\"font-family: arial, helvetica, sans-serif; font-size: 14px;\">Surface :<\/span><\/strong><\/td>\n<td style=\"border: 1px solid #707070; width: 553.337px;\"><span style=\"font-family: arial, helvetica, sans-serif; font-size: 14px;\">P<\/span><span style=\"font-size: 14px;\">ol\u00e9, adouci, flamm\u00e9, sabl\u00e9, bouchard\u00e9, fendu naturel, flamm\u00e9 et bross\u00e9, etc.<\/span><\/td>\n<\/tr>\n<tr>\n<td style=\"border: 1px solid #707070; width: 159.663px;\"><strong><span style=\"font-family: arial, helvetica, sans-serif; font-size: 14px;\">Emballage :<\/span><\/strong><\/td>\n<td style=\"border: 1px solid #707070; width: 553.337px;\"><span style=\"font-size: 14px;\">Palettes en bois en \u00e9tat de navigabilit\u00e9, fardeaux en bois et caisses en bois<\/span><\/td>\n<\/tr>\n<tr>\n<td style=\"border: 1px solid #707070; width: 159.663px;\"><strong><span style=\"font-family: arial, helvetica, sans-serif; font-size: 14px;\">Application :<\/span><\/strong><\/td>\n<td style=\"border: 1px solid #707070; width: 553.337px;\"><span style=\"font-family: arial, helvetica, sans-serif; font-size: 14px;\">Sol, mur, motif, comptoir, d\u00e9coration int\u00e9rieure et ext\u00e9rieure<\/span><\/td>\n<\/tr>\n<tr>\n<td style=\"border: 1px solid #707070; width: 159.663px;\"><strong><span style=\"font-family: arial, helvetica, sans-serif; font-size: 14px;\">D\u00e9lai de livraison :<\/span><\/strong><\/td>\n<td style=\"border: 1px solid #707070; width: 553.337px;\"><span style=\"font-size: 14px;\">15-20 jours pour l'enregistrement<\/span><span style=\"font-family: arial, helvetica, sans-serif; font-size: 14px;\">tailles lar<\/span><\/td>\n<\/tr>\n<tr>\n<td style=\"border: 1px solid #707070; width: 159.663px;\"><strong><span style=\"font-family: arial, helvetica, sans-serif; font-size: 14px;\">Certificat :<\/span><\/strong><\/td>\n<td style=\"border: 1px solid #707070; width: 553.337px;\"><span style=\"font-family: arial, helvetica, sans-serif; font-size: 14px;\">CE, SGS<\/span><\/td>\n<\/tr>\n<tr>\n<td style=\"border: 1px solid #707070; width: 159.663px;\"><strong><span style=\"font-family: arial, helvetica, sans-serif; font-size: 14px;\">Conditions de paiement :<\/span><\/strong><\/td>\n<td style=\"border: 1px solid #707070; width: 553.337px;\"><span style=\"font-size: 14px;\">T\/T, L\/C, D<span style=\"color: #000000; font-family: Verdana, Arial, Helvetica, sans-serif; font-size: 14px; font-style: normal; font-weight: 400; background-color: #ffffff; float: none;\">\/<\/span>P<\/span><\/td>\n<\/tr>\n<tr>\n<td style=\"border: 1px solid #707070; width: 159.663px;\"><strong><span style=\"font-family: arial, helvetica, sans-serif; font-size: 14px;\">Avantage :<\/span><\/strong><\/td>\n<td style=\"border: 1px solid #707070; width: 553.337px;\"><span style=\"font-family: arial, helvetica, sans-serif; font-size: 14px;\">1) Service unique pour la pierre ;<\/span><\/p>\n<p><span style=\"font-family: arial, helvetica, sans-serif; font-size: 14px;\">2) poss\u00e8dent 3 carri\u00e8res et 9 usines ;<\/span><\/p>\n<p><span style=\"font-family: arial, helvetica, sans-serif; font-size: 14px;\">3) Des supports technologiques de pointe.<\/span><\/td>\n<\/tr>\n<tr>\n<td style=\"border: 1px solid #707070; width: 159.663px;\"><strong><span style=\"font-family: arial, helvetica, sans-serif; font-size: 14px;\">Assurance de la qualit\u00e9 et de la livraison :\u00a0<\/span><\/strong><\/td>\n<td style=\"border: 1px solid #707070; width: 553.337px;\"><span style=\"font-size: 14px;\">Tout au long du processus de production, du choix des mat\u00e9riaux \u00e0 l'emballage en passant par la fabrication, notre service de contr\u00f4le de la qualit\u00e9 contr\u00f4le rigoureusement chaque pi\u00e8ce et chaque processus afin de garantir le respect des normes de qualit\u00e9 et le respect des d\u00e9lais de livraison.<\/span><\/td>\n<\/tr>\n<\/tbody>\n<\/table>\n<p><img loading=\"lazy\" decoding=\"async\" class=\"alignnone size-full wp-image-27138\" src=\"http:\/\/stone-phoenix.com\/wp-content\/uploads\/2023\/12\/Granite-Cladding-Wall-Design-Facade-4-1.jpg\" alt=\"\" width=\"1198\" height=\"1210\" srcset=\"https:\/\/stone-phoenix.com\/wp-content\/uploads\/2023\/12\/Granite-Cladding-Wall-Design-Facade-4-1.jpg 1198w, https:\/\/stone-phoenix.com\/wp-content\/uploads\/2023\/12\/Granite-Cladding-Wall-Design-Facade-4-1-297x300.jpg 297w, https:\/\/stone-phoenix.com\/wp-content\/uploads\/2023\/12\/Granite-Cladding-Wall-Design-Facade-4-1-1014x1024.jpg 1014w, https:\/\/stone-phoenix.com\/wp-content\/uploads\/2023\/12\/Granite-Cladding-Wall-Design-Facade-4-1-768x776.jpg 768w, https:\/\/stone-phoenix.com\/wp-content\/uploads\/2023\/12\/Granite-Cladding-Wall-Design-Facade-4-1-12x12.jpg 12w, https:\/\/stone-phoenix.com\/wp-content\/uploads\/2023\/12\/Granite-Cladding-Wall-Design-Facade-4-1-600x606.jpg 600w, https:\/\/stone-phoenix.com\/wp-content\/uploads\/2023\/12\/Granite-Cladding-Wall-Design-Facade-4-1-150x152.jpg 150w\" sizes=\"(max-width: 1198px) 100vw, 1198px\" \/><img loading=\"lazy\" decoding=\"async\" class=\"alignnone size-full wp-image-27139\" src=\"http:\/\/stone-phoenix.com\/wp-content\/uploads\/2023\/12\/Granite-Cladding-Wall-Design-Facade-5.jpg\" alt=\"\" width=\"1300\" height=\"1236\" srcset=\"https:\/\/stone-phoenix.com\/wp-content\/uploads\/2023\/12\/Granite-Cladding-Wall-Design-Facade-5.jpg 1300w, https:\/\/stone-phoenix.com\/wp-content\/uploads\/2023\/12\/Granite-Cladding-Wall-Design-Facade-5-300x285.jpg 300w, https:\/\/stone-phoenix.com\/wp-content\/uploads\/2023\/12\/Granite-Cladding-Wall-Design-Facade-5-1024x974.jpg 1024w, https:\/\/stone-phoenix.com\/wp-content\/uploads\/2023\/12\/Granite-Cladding-Wall-Design-Facade-5-768x730.jpg 768w, https:\/\/stone-phoenix.com\/wp-content\/uploads\/2023\/12\/Granite-Cladding-Wall-Design-Facade-5-13x12.jpg 13w, https:\/\/stone-phoenix.com\/wp-content\/uploads\/2023\/12\/Granite-Cladding-Wall-Design-Facade-5-600x570.jpg 600w, https:\/\/stone-phoenix.com\/wp-content\/uploads\/2023\/12\/Granite-Cladding-Wall-Design-Facade-5-150x143.jpg 150w\" sizes=\"(max-width: 1300px) 100vw, 1300px\" \/><img loading=\"lazy\" decoding=\"async\" class=\"alignnone size-full wp-image-27140\" src=\"http:\/\/stone-phoenix.com\/wp-content\/uploads\/2023\/12\/Granite-Cladding-Wall-Design-Facade-6.jpg\" alt=\"\" width=\"1309\" height=\"951\" srcset=\"https:\/\/stone-phoenix.com\/wp-content\/uploads\/2023\/12\/Granite-Cladding-Wall-Design-Facade-6.jpg 1309w, https:\/\/stone-phoenix.com\/wp-content\/uploads\/2023\/12\/Granite-Cladding-Wall-Design-Facade-6-300x218.jpg 300w, https:\/\/stone-phoenix.com\/wp-content\/uploads\/2023\/12\/Granite-Cladding-Wall-Design-Facade-6-1024x744.jpg 1024w, https:\/\/stone-phoenix.com\/wp-content\/uploads\/2023\/12\/Granite-Cladding-Wall-Design-Facade-6-768x558.jpg 768w, https:\/\/stone-phoenix.com\/wp-content\/uploads\/2023\/12\/Granite-Cladding-Wall-Design-Facade-6-18x12.jpg 18w, https:\/\/stone-phoenix.com\/wp-content\/uploads\/2023\/12\/Granite-Cladding-Wall-Design-Facade-6-600x436.jpg 600w, https:\/\/stone-phoenix.com\/wp-content\/uploads\/2023\/12\/Granite-Cladding-Wall-Design-Facade-6-150x109.jpg 150w\" sizes=\"(max-width: 1309px) 100vw, 1309px\" \/><img loading=\"lazy\" decoding=\"async\" class=\"alignnone size-full wp-image-27141\" src=\"http:\/\/stone-phoenix.com\/wp-content\/uploads\/2023\/12\/Granite-Cladding-Wall-Design-Facade-7.jpg\" alt=\"\" width=\"1318\" height=\"1135\" srcset=\"https:\/\/stone-phoenix.com\/wp-content\/uploads\/2023\/12\/Granite-Cladding-Wall-Design-Facade-7.jpg 1318w, https:\/\/stone-phoenix.com\/wp-content\/uploads\/2023\/12\/Granite-Cladding-Wall-Design-Facade-7-300x258.jpg 300w, https:\/\/stone-phoenix.com\/wp-content\/uploads\/2023\/12\/Granite-Cladding-Wall-Design-Facade-7-1024x882.jpg 1024w, https:\/\/stone-phoenix.com\/wp-content\/uploads\/2023\/12\/Granite-Cladding-Wall-Design-Facade-7-768x661.jpg 768w, https:\/\/stone-phoenix.com\/wp-content\/uploads\/2023\/12\/Granite-Cladding-Wall-Design-Facade-7-14x12.jpg 14w, https:\/\/stone-phoenix.com\/wp-content\/uploads\/2023\/12\/Granite-Cladding-Wall-Design-Facade-7-600x517.jpg 600w, https:\/\/stone-phoenix.com\/wp-content\/uploads\/2023\/12\/Granite-Cladding-Wall-Design-Facade-7-150x129.jpg 150w\" sizes=\"(max-width: 1318px) 100vw, 1318px\" \/><\/p>\n<\/div>\n<\/div>\n<\/div>","protected":false},"excerpt":{"rendered":"<p>Granite Cladding Wall Design Facade Granite cladding is a building technique in which thin layers of granite are attached to<\/p>","protected":false},"featured_media":27133,"template":"","meta":[],"product_cat":[112],"product_tag":[],"_links":{"self":[{"href":"https:\/\/stone-phoenix.com\/fr\/wp-json\/wp\/v2\/product\/20662"}],"collection":[{"href":"https:\/\/stone-phoenix.com\/fr\/wp-json\/wp\/v2\/product"}],"about":[{"href":"https:\/\/stone-phoenix.com\/fr\/wp-json\/wp\/v2\/types\/product"}],"wp:featuredmedia":[{"embeddable":true,"href":"https:\/\/stone-phoenix.com\/fr\/wp-json\/wp\/v2\/media\/27133"}],"wp:attachment":[{"href":"https:\/\/stone-phoenix.com\/fr\/wp-json\/wp\/v2\/media?parent=20662"}],"wp:term":[{"taxonomy":"product_cat","embeddable":true,"href":"https:\/\/stone-phoenix.com\/fr\/wp-json\/wp\/v2\/product_cat?post=20662"},{"taxonomy":"product_tag","embeddable":true,"href":"https:\/\/stone-phoenix.com\/fr\/wp-json\/wp\/v2\/product_tag?post=20662"}],"curies":[{"name":"wp","href":"https:\/\/api.w.org\/{rel}","templated":true}]}}