{"id":20672,"date":"2023-12-29T20:18:54","date_gmt":"2023-12-29T12:18:54","guid":{"rendered":"http:\/\/stone-phoenix.com\/product\/granite-floor-tiles-wall-cladding-flooring"},"modified":"2024-04-02T23:38:02","modified_gmt":"2024-04-02T15:38:02","slug":"granite-floor-tiles-wall-cladding-flooring","status":"publish","type":"product","link":"https:\/\/stone-phoenix.com\/fr\/produit\/granite-floor-tiles-wall-cladding-flooring","title":{"rendered":"Carreaux de sol en granit Rev\u00eatement de mur Rev\u00eatement de sol"},"content":{"rendered":"<div id=\"tab-description\" class=\"woocommerce-Tabs-panel woocommerce-Tabs-panel--description panel entry-content wc-tab\" role=\"tabpanel\" aria-labelledby=\"tab-title-description\">\n<h2>carreaux de sol en granit rev\u00eatement mural rev\u00eatement de sol G603<\/h2>\n<p>Les dalles de sol en granit sont une option de rev\u00eatement de sol populaire pour les maisons et les b\u00e2timents commerciaux. Le granit est une pierre naturelle connue pour sa durabilit\u00e9 et sa r\u00e9sistance \u00e0 l'usure, ce qui en fait un choix id\u00e9al pour les rev\u00eatements de sol. Outre sa durabilit\u00e9, les dalles de sol en granit sont \u00e9galement esth\u00e9tiques, avec une gamme de couleurs et de motifs parmi lesquels choisir.<\/p>\n<p>Les carreaux de sol en granit sont disponibles dans une grande vari\u00e9t\u00e9 de tailles et de finitions, ce qui permet de trouver facilement l'accord parfait avec n'importe quel style de d\u00e9coration int\u00e9rieure. Des dalles polies, parfaites pour cr\u00e9er un look sophistiqu\u00e9, aux dalles en granit adouci, qui offrent un aspect plus naturel et rustique, il y a une option de dalle de sol en granit qui convient \u00e0 tous les styles de conception et \u00e0 toutes les pr\u00e9f\u00e9rences.<\/p>\n<p>En termes de durabilit\u00e9, ils n'ont rien \u00e0 envier aux autres. Ils r\u00e9sistent aux rayures, aux taches et aux fissures, ce qui en fait un choix id\u00e9al pour les zones tr\u00e8s fr\u00e9quent\u00e9es telles que les cuisines et les entr\u00e9es. En outre, ils sont faciles \u00e0 nettoyer et \u00e0 entretenir, puisqu'il suffit de passer r\u00e9guli\u00e8rement la serpilli\u00e8re ou le balai pour qu'ils conservent leur \u00e9clat.<\/p>\n<p>Lors du choix des carreaux de sol en granit, il est important de tenir compte de la couleur et du motif qui s'harmoniseront le mieux avec la conception g\u00e9n\u00e9rale de l'espace. Les carreaux de sol en granit plus fonc\u00e9s, comme le noir ou le gris fonc\u00e9, sont appr\u00e9ci\u00e9s pour leur aspect intemporel, tandis que les couleurs plus claires, comme le beige ou le gris clair, sont id\u00e9ales pour cr\u00e9er une ambiance plus lumineuse et plus ouverte.<\/p>\n<p>En ce qui concerne la pose, elle peut \u00eatre effectu\u00e9e par des installateurs professionnels ou par des bricoleurs ayant une certaine exp\u00e9rience. Le processus d'installation est simple, mais il est important de mesurer la surface avec pr\u00e9cision et de choisir la bonne taille et le bon type de carreaux pour garantir une bonne adaptation. En outre, il convient d'utiliser la colle et le mortier de jointoiement ad\u00e9quats pour garantir une installation s\u00fbre et durable.<\/p>\n<p>En conclusion, les carreaux de sol en granit constituent un rev\u00eatement de sol populaire et durable pour les habitations et les b\u00e2timents commerciaux. Avec une gamme de couleurs et de finitions parmi lesquelles choisir, ils peuvent \u00eatre utilis\u00e9s pour cr\u00e9er une vari\u00e9t\u00e9 de styles de conception et d'esth\u00e9tique. Ils sont \u00e9galement faciles \u00e0 nettoyer et \u00e0 entretenir, ce qui en fait une option peu contraignante pour les maisons et les entreprises tr\u00e8s occup\u00e9es. Lors du choix des carreaux de sol en granit, il est important de tenir compte de la couleur, du motif et de la conception g\u00e9n\u00e9rale de l'espace, ainsi que de la taille et du type de carreaux qui conviendront le mieux \u00e0 la zone.<\/p>\n<p><img loading=\"lazy\" decoding=\"async\" class=\"alignnone size-full wp-image-27125\" src=\"http:\/\/stone-phoenix.com\/wp-content\/uploads\/2023\/12\/Granite-Floor-Tiles-Wall-Cladding-Flooring-7.jpg\" alt=\"\" width=\"1281\" height=\"1285\" srcset=\"https:\/\/stone-phoenix.com\/wp-content\/uploads\/2023\/12\/Granite-Floor-Tiles-Wall-Cladding-Flooring-7.jpg 1281w, https:\/\/stone-phoenix.com\/wp-content\/uploads\/2023\/12\/Granite-Floor-Tiles-Wall-Cladding-Flooring-7-300x300.jpg 300w, https:\/\/stone-phoenix.com\/wp-content\/uploads\/2023\/12\/Granite-Floor-Tiles-Wall-Cladding-Flooring-7-1021x1024.jpg 1021w, https:\/\/stone-phoenix.com\/wp-content\/uploads\/2023\/12\/Granite-Floor-Tiles-Wall-Cladding-Flooring-7-150x150.jpg 150w, https:\/\/stone-phoenix.com\/wp-content\/uploads\/2023\/12\/Granite-Floor-Tiles-Wall-Cladding-Flooring-7-768x770.jpg 768w, https:\/\/stone-phoenix.com\/wp-content\/uploads\/2023\/12\/Granite-Floor-Tiles-Wall-Cladding-Flooring-7-12x12.jpg 12w, https:\/\/stone-phoenix.com\/wp-content\/uploads\/2023\/12\/Granite-Floor-Tiles-Wall-Cladding-Flooring-7-600x602.jpg 600w\" sizes=\"(max-width: 1281px) 100vw, 1281px\" \/><img loading=\"lazy\" decoding=\"async\" class=\"alignnone size-full wp-image-27126\" src=\"http:\/\/stone-phoenix.com\/wp-content\/uploads\/2023\/12\/Granite-Floor-Tiles-Wall-Cladding-Flooring-8.jpg\" alt=\"\" width=\"1057\" height=\"1060\" srcset=\"https:\/\/stone-phoenix.com\/wp-content\/uploads\/2023\/12\/Granite-Floor-Tiles-Wall-Cladding-Flooring-8.jpg 1057w, https:\/\/stone-phoenix.com\/wp-content\/uploads\/2023\/12\/Granite-Floor-Tiles-Wall-Cladding-Flooring-8-300x300.jpg 300w, https:\/\/stone-phoenix.com\/wp-content\/uploads\/2023\/12\/Granite-Floor-Tiles-Wall-Cladding-Flooring-8-1021x1024.jpg 1021w, https:\/\/stone-phoenix.com\/wp-content\/uploads\/2023\/12\/Granite-Floor-Tiles-Wall-Cladding-Flooring-8-150x150.jpg 150w, https:\/\/stone-phoenix.com\/wp-content\/uploads\/2023\/12\/Granite-Floor-Tiles-Wall-Cladding-Flooring-8-768x770.jpg 768w, https:\/\/stone-phoenix.com\/wp-content\/uploads\/2023\/12\/Granite-Floor-Tiles-Wall-Cladding-Flooring-8-12x12.jpg 12w, https:\/\/stone-phoenix.com\/wp-content\/uploads\/2023\/12\/Granite-Floor-Tiles-Wall-Cladding-Flooring-8-600x602.jpg 600w\" sizes=\"(max-width: 1057px) 100vw, 1057px\" \/><img loading=\"lazy\" decoding=\"async\" class=\"alignnone size-full wp-image-27127\" src=\"http:\/\/stone-phoenix.com\/wp-content\/uploads\/2023\/12\/Granite-Floor-Tiles-Wall-Cladding-Flooring-9.jpg\" alt=\"\" width=\"1378\" height=\"1282\" srcset=\"https:\/\/stone-phoenix.com\/wp-content\/uploads\/2023\/12\/Granite-Floor-Tiles-Wall-Cladding-Flooring-9.jpg 1378w, https:\/\/stone-phoenix.com\/wp-content\/uploads\/2023\/12\/Granite-Floor-Tiles-Wall-Cladding-Flooring-9-300x279.jpg 300w, https:\/\/stone-phoenix.com\/wp-content\/uploads\/2023\/12\/Granite-Floor-Tiles-Wall-Cladding-Flooring-9-1024x953.jpg 1024w, https:\/\/stone-phoenix.com\/wp-content\/uploads\/2023\/12\/Granite-Floor-Tiles-Wall-Cladding-Flooring-9-768x714.jpg 768w, https:\/\/stone-phoenix.com\/wp-content\/uploads\/2023\/12\/Granite-Floor-Tiles-Wall-Cladding-Flooring-9-13x12.jpg 13w, https:\/\/stone-phoenix.com\/wp-content\/uploads\/2023\/12\/Granite-Floor-Tiles-Wall-Cladding-Flooring-9-600x558.jpg 600w, https:\/\/stone-phoenix.com\/wp-content\/uploads\/2023\/12\/Granite-Floor-Tiles-Wall-Cladding-Flooring-9-150x140.jpg 150w\" sizes=\"(max-width: 1378px) 100vw, 1378px\" \/><\/p>\n<p>&nbsp;<\/p>\n<p>&nbsp;<\/p>\n<p>&nbsp;<\/p>\n<div id=\"ali-anchor-AliPostDhMb-6q8vw\" style=\"padding-top: 8px;\" data-section=\"AliPostDhMb-6q8vw\" data-section-title=\"Product Description\">\n<div id=\"ali-title-AliPostDhMb-6q8vw\" style=\"padding: 8px 0; border-bottom: 1px solid #ddd;\"><span style=\"background-color: #ddd; color: #333; font-weight: bold; padding: 8px 10px; line-height: 12px;\">Description du produit<\/span><\/div>\n<div style=\"padding: 10px 0;\">\n<table class=\"aliDataTable\" style=\"color: #000000; font-family: Arial; font-size: 12px; font-style: normal; font-weight: 400; background-color: #ffffff; width: 698px; height: 226px; border: 1px solid #b3b3b3;\">\n<tbody>\n<tr>\n<td style=\"border: 1px solid #707070; width: 159.663px;\"><strong><span style=\"font-family: arial, helvetica, sans-serif; font-size: 14px;\">Nom du produit :<\/span><\/strong><\/td>\n<td style=\"border: 1px solid #707070; width: 553.337px;\">Pierre naturelle bon march\u00e9 Granit vert chinois Prix de gros<\/td>\n<\/tr>\n<tr>\n<td style=\"border: 1px solid #707070; width: 159.663px;\"><strong><span style=\"font-family: arial, helvetica, sans-serif; font-size: 14px;\">Mat\u00e9riau :<\/span><\/strong><\/td>\n<td style=\"border: 1px solid #707070; width: 553.337px;\"><span style=\"font-size: 14px;\">Granit<\/span><\/td>\n<\/tr>\n<tr>\n<td style=\"border: 1px solid #707070; width: 159.663px;\"><strong><span style=\"font-family: arial, helvetica, sans-serif; font-size: 14px;\">Couleur :<\/span><\/strong><\/td>\n<td style=\"border: 1px solid #707070; width: 553.337px;\"><span style=\"font-family: arial, helvetica, sans-serif; font-size: 14px;\">Blanc, noir, jaune, rouge, rose, gris, brun, bleu, vert, etc.<\/span><\/td>\n<\/tr>\n<tr>\n<td style=\"border: 1px solid #707070; width: 159.663px;\" rowspan=\"3\"><strong><span style=\"font-family: arial, helvetica, sans-serif; font-size: 14px;\">Taille :<\/span><\/strong><\/td>\n<td style=\"border: 1px solid #707070; width: 553.337px;\"><span style=\"text-decoration: underline;\"><span style=\"font-size: 14px;\">Carreaux disponibles <\/span><\/span><br \/>\n<span style=\"font-size: 14px;\">12\u2019x12\u2033,24\u2019x24\u2033,12\u2019x24\u2033,etc <\/span><span style=\"font-size: 14px;\">300x300mm,300x600mm,400x400mm,600x600mm,etc<\/span><\/td>\n<\/tr>\n<tr>\n<td style=\"border: 1px solid #707070; width: 553.337px;\"><span style=\"text-decoration: underline;\"><span style=\"font-size: 14px;\">Dalles disponibles <\/span><\/span><\/p>\n<p><span style=\"font-size: 14px;\">180cmUpx60UP,180cmUpx65cmUP,180cmUpx70cmUP,etc<\/span><br \/>\n<span style=\"font-size: 14px;\">240cmUpx120cmUP,etc<\/span><\/td>\n<\/tr>\n<tr>\n<td style=\"border: 1px solid #707070; width: 553.337px;\"><span style=\"font-family: arial, helvetica, sans-serif; font-size: 14px;\">Des sp\u00e9cifications personnalis\u00e9es sont disponibles<\/span><\/td>\n<\/tr>\n<tr>\n<td style=\"border: 1px solid #707070; width: 159.663px;\"><strong><span style=\"font-family: arial, helvetica, sans-serif; font-size: 14px;\">Tol\u00e9rance d'\u00e9paisseur :<\/span><\/strong><\/td>\n<td style=\"border: 1px solid #707070; width: 553.337px;\"><span style=\"font-family: arial, helvetica, sans-serif; font-size: 14px;\">\u00b10,05mm, \u00b11mm, \u00b11,5mm, \u00b12mm, selon les exigences de qualit\u00e9 du client<\/span><\/td>\n<\/tr>\n<tr>\n<td style=\"border: 1px solid #707070; width: 159.663px;\"><strong><span style=\"font-family: arial, helvetica, sans-serif; font-size: 14px;\">Surface :<\/span><\/strong><\/td>\n<td style=\"border: 1px solid #707070; width: 553.337px;\"><span style=\"font-family: arial, helvetica, sans-serif; font-size: 14px;\">P<\/span><span style=\"font-size: 14px;\">ol\u00e9, adouci, flamm\u00e9, sabl\u00e9, bouchard\u00e9, fendu naturel, flamm\u00e9 et bross\u00e9, etc.<\/span><\/td>\n<\/tr>\n<tr>\n<td style=\"border: 1px solid #707070; width: 159.663px;\"><strong><span style=\"font-family: arial, helvetica, sans-serif; font-size: 14px;\">Emballage :<\/span><\/strong><\/td>\n<td style=\"border: 1px solid #707070; width: 553.337px;\"><span style=\"font-size: 14px;\">Palettes en bois en \u00e9tat de navigabilit\u00e9, fardeaux en bois et caisses en bois<\/span><\/td>\n<\/tr>\n<tr>\n<td style=\"border: 1px solid #707070; width: 159.663px;\"><strong><span style=\"font-family: arial, helvetica, sans-serif; font-size: 14px;\">Application :<\/span><\/strong><\/td>\n<td style=\"border: 1px solid #707070; width: 553.337px;\"><span style=\"font-family: arial, helvetica, sans-serif; font-size: 14px;\">Sol, mur, motif, comptoir, d\u00e9coration int\u00e9rieure et ext\u00e9rieure<\/span><\/td>\n<\/tr>\n<tr>\n<td style=\"border: 1px solid #707070; width: 159.663px;\"><strong><span style=\"font-family: arial, helvetica, sans-serif; font-size: 14px;\">D\u00e9lai de livraison :<\/span><\/strong><\/td>\n<td style=\"border: 1px solid #707070; width: 553.337px;\"><span style=\"font-size: 14px;\">15-20 jours pour l'enregistrement<\/span><span style=\"font-family: arial, helvetica, sans-serif; font-size: 14px;\">tailles lar<\/span><\/td>\n<\/tr>\n<tr>\n<td style=\"border: 1px solid #707070; width: 159.663px;\"><strong><span style=\"font-family: arial, helvetica, sans-serif; font-size: 14px;\">Certificat :<\/span><\/strong><\/td>\n<td style=\"border: 1px solid #707070; width: 553.337px;\"><span style=\"font-family: arial, helvetica, sans-serif; font-size: 14px;\">CE, SGS<\/span><\/td>\n<\/tr>\n<tr>\n<td style=\"border: 1px solid #707070; width: 159.663px;\"><strong><span style=\"font-family: arial, helvetica, sans-serif; font-size: 14px;\">Conditions de paiement :<\/span><\/strong><\/td>\n<td style=\"border: 1px solid #707070; width: 553.337px;\"><span style=\"font-size: 14px;\">T\/T, L\/C, D<span style=\"color: #000000; font-family: Verdana, Arial, Helvetica, sans-serif; font-size: 14px; font-style: normal; font-weight: 400; background-color: #ffffff; float: none;\">\/<\/span>P<\/span><\/td>\n<\/tr>\n<tr>\n<td style=\"border: 1px solid #707070; width: 159.663px;\"><strong><span style=\"font-family: arial, helvetica, sans-serif; font-size: 14px;\">Avantage :<\/span><\/strong><\/td>\n<td style=\"border: 1px solid #707070; width: 553.337px;\"><span style=\"font-family: arial, helvetica, sans-serif; font-size: 14px;\">1) Service unique pour la pierre ;<\/span><\/p>\n<p><span style=\"font-family: arial, helvetica, sans-serif; font-size: 14px;\">2) poss\u00e8dent 3 carri\u00e8res et 9 usines ;<\/span><\/p>\n<p><span style=\"font-family: arial, helvetica, sans-serif; font-size: 14px;\">3) Des supports technologiques de pointe.<\/span><\/td>\n<\/tr>\n<tr>\n<td style=\"border: 1px solid #707070; width: 159.663px;\"><strong><span style=\"font-family: arial, helvetica, sans-serif; font-size: 14px;\">Assurance de la qualit\u00e9 et de la livraison :\u00a0<\/span><\/strong><\/td>\n<td style=\"border: 1px solid #707070; width: 553.337px;\"><span style=\"font-size: 14px;\">Tout au long du processus de production, du choix des mat\u00e9riaux \u00e0 l'emballage en passant par la fabrication, notre service de contr\u00f4le de la qualit\u00e9 contr\u00f4le rigoureusement chaque pi\u00e8ce et chaque processus afin de garantir le respect des normes de qualit\u00e9 et le respect des d\u00e9lais de livraison.<\/span><\/td>\n<\/tr>\n<\/tbody>\n<\/table>\n<\/div>\n<\/div>\n<\/div>","protected":false},"excerpt":{"rendered":"<p>granite floor tiles wall Cladding Flooring G603 Granite floor tiles are a popular flooring option for homes and commercial buildings<\/p>","protected":false},"featured_media":27120,"template":"","meta":[],"product_cat":[112],"product_tag":[],"_links":{"self":[{"href":"https:\/\/stone-phoenix.com\/fr\/wp-json\/wp\/v2\/product\/20672"}],"collection":[{"href":"https:\/\/stone-phoenix.com\/fr\/wp-json\/wp\/v2\/product"}],"about":[{"href":"https:\/\/stone-phoenix.com\/fr\/wp-json\/wp\/v2\/types\/product"}],"wp:featuredmedia":[{"embeddable":true,"href":"https:\/\/stone-phoenix.com\/fr\/wp-json\/wp\/v2\/media\/27120"}],"wp:attachment":[{"href":"https:\/\/stone-phoenix.com\/fr\/wp-json\/wp\/v2\/media?parent=20672"}],"wp:term":[{"taxonomy":"product_cat","embeddable":true,"href":"https:\/\/stone-phoenix.com\/fr\/wp-json\/wp\/v2\/product_cat?post=20672"},{"taxonomy":"product_tag","embeddable":true,"href":"https:\/\/stone-phoenix.com\/fr\/wp-json\/wp\/v2\/product_tag?post=20672"}],"curies":[{"name":"wp","href":"https:\/\/api.w.org\/{rel}","templated":true}]}}