{"id":20684,"date":"2023-12-29T20:19:18","date_gmt":"2023-12-29T12:19:18","guid":{"rendered":"http:\/\/stone-phoenix.com\/product\/granite-slabs-supplier-granite-g602-1cm-tiles"},"modified":"2024-04-02T23:19:44","modified_gmt":"2024-04-02T15:19:44","slug":"granite-slabs-supplier-granite-g602-1cm-tiles","status":"publish","type":"product","link":"https:\/\/stone-phoenix.com\/fr\/produit\/granite-slabs-supplier-granite-g602-1cm-tiles","title":{"rendered":"Granite Slabs Supplier Granite G602 1cm Tiles"},"content":{"rendered":"<div id=\"tab-description\" class=\"woocommerce-Tabs-panel woocommerce-Tabs-panel--description panel entry-content wc-tab\" role=\"tabpanel\" aria-labelledby=\"tab-title-description\">\n<h2>Fournisseur de dalles de granit G602 1cm g602 granite tiles<\/h2>\n<p>Un fournisseur de dalles de granit est une entreprise sp\u00e9cialis\u00e9e dans la distribution et la vente de dalles de granit destin\u00e9es \u00e0 \u00eatre utilis\u00e9es dans des projets de construction, de r\u00e9novation et de d\u00e9coration int\u00e9rieure. Le granit est un mat\u00e9riau de construction populaire en raison de sa durabilit\u00e9, de sa r\u00e9sistance et de son attrait esth\u00e9tique, ce qui en fait un choix populaire pour les plans de travail, les rev\u00eatements de sol et les rev\u00eatements muraux.<\/p>\n<p>Lors de la s\u00e9lection d'un fournisseur de dalles de granit, il est important de tenir compte de facteurs tels que la qualit\u00e9 du produit, le prix et le service \u00e0 la client\u00e8le. Un fournisseur r\u00e9put\u00e9 doit proposer une large gamme de dalles de granit de haute qualit\u00e9, dans des couleurs, des motifs et des finitions vari\u00e9s, afin de r\u00e9pondre aux besoins et aux pr\u00e9f\u00e9rences des diff\u00e9rents clients. Il doit \u00e9galement proposer des prix comp\u00e9titifs afin que les clients en aient pour leur argent.<\/p>\n<p>En outre, un bon fournisseur de dalles de granit doit disposer d'une \u00e9quipe de repr\u00e9sentants commerciaux comp\u00e9tents et exp\u00e9riment\u00e9s qui peuvent aider les clients \u00e0 s\u00e9lectionner les produits, fournir une assistance technique et r\u00e9pondre \u00e0 toutes les questions qui peuvent se poser au cours du processus d'achat. Il doit \u00e9galement proposer des options de livraison pratiques afin de garantir que les dalles de granit arrivent chez le client en temps voulu et en toute s\u00e9curit\u00e9.<\/p>\n<p>Lors de l'achat de dalles de granit, il est important de garder \u00e0 l'esprit que la couleur, le motif et la finition du mat\u00e9riau peuvent varier d'une dalle \u00e0 l'autre, m\u00eame au sein d'un m\u00eame envoi. Un bon fournisseur mettra en place un syst\u00e8me permettant aux clients de s\u00e9lectionner et d'approuver les dalles qu'ils souhaitent acheter, afin de s'assurer que le produit final r\u00e9pond \u00e0 leurs attentes.<\/p>\n<p>Enfin, il est important de choisir un fournisseur de dalles de granit qui offre une garantie sur ses produits et se porte garant de la qualit\u00e9 de son travail. Une bonne garantie prot\u00e9gera le client contre tout d\u00e9faut de mat\u00e9riau ou de fabrication, ce qui lui donnera une certaine tranquillit\u00e9 d'esprit et lui permettra d'obtenir la meilleure valeur possible pour son investissement.<\/p>\n<p>En conclusion, un fournisseur de dalles de granit fiable et digne de confiance peut jouer un r\u00f4le crucial dans la r\u00e9ussite d'un projet de construction, de r\u00e9novation ou d'am\u00e9nagement int\u00e9rieur. Avec le bon fournisseur, les clients peuvent b\u00e9n\u00e9ficier de produits en granit de haute qualit\u00e9, d'un service client\u00e8le exceptionnel et de prix comp\u00e9titifs, ce qui leur permet de s'assurer que leur projet est achev\u00e9 dans les d\u00e9lais, dans le respect du budget et \u00e0 leur satisfaction.<\/p>\n<div id=\"ali-anchor-AliPostDhMb-10ic2\" class=\"mceSectionContainer\" style=\"padding-top: 8px;\" data-section=\"AliPostDhMb-10ic2\" data-section-title=\"Product Description\">\n<div id=\"ali-title-AliPostDhMb-10ic2\" style=\"padding: 8px 0; border-bottom: 1px solid #ddd;\"><span style=\"background-color: #ddd; color: #333; font-weight: bold; padding: 8px 10px; line-height: 12px;\">Description du produit<\/span><\/div>\n<div style=\"padding: 10px 0;\">\n<table class=\"aliDataTable\" style=\"color: #000000; font-family: Arial; font-size: 12px; font-style: normal; font-weight: 400; background-color: #ffffff; width: 750px; height: 226px; border: 1px solid #b3b3b3;\">\n<tbody>\n<tr style=\"height: 42px;\">\n<td style=\"border: 1px solid #b3b3b3; width: 162px; height: 42px;\"><strong><span style=\"font-family: arial, helvetica, sans-serif; font-size: 14px;\">Nom du produit :<\/span><\/strong><\/td>\n<td style=\"border: 1px solid #b3b3b3; width: 595.066px; height: 42px;\">Granit G602 1cm g602 granit tiles<\/td>\n<\/tr>\n<tr style=\"height: 21px;\">\n<td style=\"border: 1px solid #b3b3b3; width: 162px; height: 21px;\"><strong><span style=\"font-family: arial, helvetica, sans-serif; font-size: 14px;\">Mat\u00e9riau :<\/span><\/strong><\/td>\n<td style=\"border: 1px solid #b3b3b3; width: 595.066px; height: 21px;\"><span style=\"font-family: arial, helvetica, sans-serif; font-size: 14px;\">Granit G562, granit G603, granit G654, granit G682, etc.<\/span><\/td>\n<\/tr>\n<tr style=\"height: 44px;\">\n<td style=\"border: 1px solid #b3b3b3; width: 162px; height: 65px;\" rowspan=\"2\">\n<p style=\"margin: 0px; padding: 0px;\"><strong><span style=\"font-family: arial, helvetica, sans-serif; font-size: 14px;\">Taille :<\/span><\/strong><\/p>\n<\/td>\n<td style=\"border: 1px solid #b3b3b3; width: 595.066px; height: 44px;\"><span style=\"font-size: 14px;\">Tailles<\/span><br \/>\n<span style=\"font-size: 14px;\">5X5X5CM,8X8X8CM,9X9X9CM,10X10X10CM,10x10x5cm,<\/span><span style=\"font-size: 14px;\">10x20x5cm,9.5\u00d79.5x4CM,19.5\u00d719.5x4CM,22X11X5CM,<\/span><span style=\"font-size: 14px;\">16.5X11.5X5CM,19.7X19.7X8CM,14.5X14.5X8CM,16X16X16CM,<\/span><span style=\"font-size: 14px;\">22X16X16CM,27x18x9cm,18x18x9cm,18x18x18CM <\/span><span style=\"font-size: 14px;\">ou sur mesure<\/span><\/td>\n<\/tr>\n<tr style=\"height: 21px;\">\n<td style=\"border: 1px solid #b3b3b3; width: 595.066px; height: 21px;\"><span style=\"font-family: arial, helvetica, sans-serif; font-size: 14px;\">Des sp\u00e9cifications personnalis\u00e9es sont disponibles<\/span><\/td>\n<\/tr>\n<tr style=\"height: 42px;\">\n<td style=\"border: 1px solid #b3b3b3; width: 162px; height: 42px;\"><strong><span style=\"font-family: arial, helvetica, sans-serif; font-size: 14px;\">Tol\u00e9rance d'\u00e9paisseur :<\/span><\/strong><\/td>\n<td style=\"border: 1px solid #b3b3b3; width: 595.066px; height: 42px;\"><span style=\"font-size: 14px; font-family: arial, helvetica, sans-serif;\">\u00b11mm, \u00b11,5mm, \u00b12mm, selon les exigences de qualit\u00e9 du client<\/span><\/td>\n<\/tr>\n<tr style=\"height: 126px;\">\n<td style=\"border: 1px solid #b3b3b3; width: 162px; height: 126px;\">\n<p style=\"margin: 0px; padding: 0px;\"><strong><span style=\"font-family: arial, helvetica, sans-serif; font-size: 14px;\">Surface :<\/span><\/strong><\/p>\n<\/td>\n<td style=\"border: 1px solid #b3b3b3; width: 595.066px; height: 126px;\"><span style=\"font-size: 14px;\">Finition<\/span><br \/>\n<span style=\"font-size: 14px;\">a. Fente naturelle sur tous les c\u00f4t\u00e9s<\/span><br \/>\n<span style=\"font-size: 14px;\">b. Toutes les faces sont sci\u00e9es<\/span><br \/>\n<span style=\"font-size: 14px;\">c. 5 c\u00f4t\u00e9s coup\u00e9s \u00e0 la scie, surface fendue naturellement<\/span><br \/>\n<span style=\"font-size: 14px;\">d. 5 faces coup\u00e9es \u00e0 la scie, surface flamm\u00e9e<\/span><br \/>\n<span style=\"font-size: 14px;\">e. 4 c\u00f4t\u00e9s coup\u00e9s \u00e0 la scie, fendu naturel en haut, tambourin\u00e9, dos en maille\u00a0<\/span><\/td>\n<\/tr>\n<tr style=\"height: 21px;\">\n<td style=\"border: 1px solid #b3b3b3; width: 162px; height: 21px;\"><strong><span style=\"font-family: arial, helvetica, sans-serif; font-size: 14px;\">Emballage :<\/span><\/strong><\/td>\n<td style=\"border: 1px solid #b3b3b3; width: 595.066px; height: 21px;\"><span style=\"font-family: arial, helvetica, sans-serif; font-size: 14px;\">Fardeaux et caisses en bois en \u00e9tat de navigabilit\u00e9<\/span><\/td>\n<\/tr>\n<tr style=\"height: 21px;\">\n<td style=\"border: 1px solid #b3b3b3; width: 162px; height: 21px;\"><strong><span style=\"font-family: arial, helvetica, sans-serif; font-size: 14px;\">Application :<\/span><\/strong><\/td>\n<td style=\"border: 1px solid #b3b3b3; width: 595.066px; height: 21px;\"><span style=\"font-family: arial, helvetica, sans-serif; font-size: 14px;\">Largement utilis\u00e9 pour la d\u00e9coration int\u00e9rieure et ext\u00e9rieure<\/span><\/td>\n<\/tr>\n<tr style=\"height: 42px;\">\n<td style=\"border: 1px solid #b3b3b3; width: 162px; height: 42px;\"><strong><span style=\"font-family: arial, helvetica, sans-serif; font-size: 14px;\">D\u00e9lai de livraison :<\/span><\/strong><\/td>\n<td style=\"border: 1px solid #b3b3b3; width: 595.066px; height: 42px;\"><span style=\"font-family: arial, helvetica, sans-serif; font-size: 14px;\">15-20 jours pour les tailles normales<\/span><\/td>\n<\/tr>\n<tr style=\"height: 21px;\">\n<td style=\"border: 1px solid #b3b3b3; width: 162px; height: 21px;\">\n<p style=\"margin: 0px; padding: 0px;\"><strong><span style=\"font-family: arial, helvetica, sans-serif; font-size: 14px;\">Certificat :<\/span><\/strong><\/p>\n<\/td>\n<td style=\"border: 1px solid #b3b3b3; width: 595.066px; height: 21px;\"><span style=\"font-family: arial, helvetica, sans-serif; font-size: 14px;\">CE, SGS<\/span><\/td>\n<\/tr>\n<tr style=\"height: 42px;\">\n<td style=\"border: 1px solid #b3b3b3; width: 162px; height: 42px;\">\n<p style=\"margin: 0px; padding: 0px;\"><strong><span style=\"font-family: arial, helvetica, sans-serif; font-size: 14px;\">Conditions de paiement :<\/span><\/strong><\/p>\n<\/td>\n<td style=\"border: 1px solid #b3b3b3; width: 595.066px; height: 42px;\"><span style=\"font-family: arial, helvetica, sans-serif; font-size: 14px;\">T\/T, L\/C, D\/P<\/span><\/td>\n<\/tr>\n<tr style=\"height: 63px;\">\n<td style=\"border: 1px solid #b3b3b3; width: 162px; height: 63px;\"><strong><span style=\"font-family: arial, helvetica, sans-serif; font-size: 14px;\">Avantage :<\/span><\/strong><\/td>\n<td style=\"border: 1px solid #b3b3b3; width: 595.066px; height: 63px;\">\n<p style=\"margin: 0px; padding: 0px;\"><span style=\"font-family: arial, helvetica, sans-serif; font-size: 14px;\">1) Service unique pour la pierre ;<\/span><\/p>\n<p style=\"margin: 0px; padding: 0px;\"><span style=\"font-family: arial, helvetica, sans-serif; font-size: 14px;\">2) Poss\u00e9der 3 carri\u00e8res et 9 usines ;<\/span><\/p>\n<p style=\"margin: 0px; padding: 0px;\"><span style=\"font-family: arial, helvetica, sans-serif; font-size: 14px;\">3) Soutien \u00e0 la conception et \u00e0 la technologie.<\/span><\/p>\n<\/td>\n<\/tr>\n<tr style=\"height: 84px;\">\n<td style=\"border: 1px solid #b3b3b3; width: 162px; height: 84px;\"><strong><span style=\"font-family: arial, helvetica, sans-serif; font-size: 14px;\">Assurance de la qualit\u00e9 et de la livraison :\u00a0<\/span><\/strong><\/td>\n<td style=\"border: 1px solid #b3b3b3; width: 595.066px; height: 84px;\">\n<p style=\"margin: 0px; padding: 0px;\"><span style=\"font-family: arial, helvetica, sans-serif; font-size: 14px;\">Tout au long du processus de production, du choix des mat\u00e9riaux \u00e0 l'emballage en passant par la fabrication, notre service de contr\u00f4le de la qualit\u00e9 contr\u00f4le rigoureusement chaque pi\u00e8ce et chaque processus afin de garantir le respect des normes de qualit\u00e9 et le respect des d\u00e9lais de livraison.<\/span><\/p>\n<\/td>\n<\/tr>\n<\/tbody>\n<\/table>\n<p><img loading=\"lazy\" decoding=\"async\" class=\"alignnone  wp-image-20686\" src=\"http:\/\/stone-phoenix.com\/wp-content\/uploads\/2023\/12\/1703881159.jpg\" width=\"953\" height=\"536\" srcset=\"https:\/\/stone-phoenix.com\/wp-content\/uploads\/2023\/12\/1703881159.jpg 800w, https:\/\/stone-phoenix.com\/wp-content\/uploads\/2023\/12\/1703881159-300x169.jpg 300w, https:\/\/stone-phoenix.com\/wp-content\/uploads\/2023\/12\/1703881159-768x432.jpg 768w, https:\/\/stone-phoenix.com\/wp-content\/uploads\/2023\/12\/1703881159-18x10.jpg 18w, https:\/\/stone-phoenix.com\/wp-content\/uploads\/2023\/12\/1703881159-600x338.jpg 600w, https:\/\/stone-phoenix.com\/wp-content\/uploads\/2023\/12\/1703881159-150x84.jpg 150w\" sizes=\"(max-width: 953px) 100vw, 953px\" \/><img loading=\"lazy\" decoding=\"async\" class=\"alignnone size-full wp-image-20687\" src=\"http:\/\/stone-phoenix.com\/wp-content\/uploads\/2023\/12\/1703881160.png\" width=\"1000\" height=\"1000\" srcset=\"https:\/\/stone-phoenix.com\/wp-content\/uploads\/2023\/12\/1703881160.png 1000w, https:\/\/stone-phoenix.com\/wp-content\/uploads\/2023\/12\/1703881160-300x300.png 300w, https:\/\/stone-phoenix.com\/wp-content\/uploads\/2023\/12\/1703881160-150x150.png 150w, https:\/\/stone-phoenix.com\/wp-content\/uploads\/2023\/12\/1703881160-768x768.png 768w, https:\/\/stone-phoenix.com\/wp-content\/uploads\/2023\/12\/1703881160-12x12.png 12w, https:\/\/stone-phoenix.com\/wp-content\/uploads\/2023\/12\/1703881160-600x600.png 600w\" sizes=\"(max-width: 1000px) 100vw, 1000px\" \/><img loading=\"lazy\" decoding=\"async\" class=\"alignnone  wp-image-20688\" src=\"http:\/\/stone-phoenix.com\/wp-content\/uploads\/2023\/12\/1703881162.png\" width=\"956\" height=\"956\" srcset=\"https:\/\/stone-phoenix.com\/wp-content\/uploads\/2023\/12\/1703881162.png 700w, https:\/\/stone-phoenix.com\/wp-content\/uploads\/2023\/12\/1703881162-300x300.png 300w, https:\/\/stone-phoenix.com\/wp-content\/uploads\/2023\/12\/1703881162-150x150.png 150w, https:\/\/stone-phoenix.com\/wp-content\/uploads\/2023\/12\/1703881162-12x12.png 12w, https:\/\/stone-phoenix.com\/wp-content\/uploads\/2023\/12\/1703881162-600x600.png 600w\" sizes=\"(max-width: 956px) 100vw, 956px\" \/><img loading=\"lazy\" decoding=\"async\" class=\"alignnone  wp-image-20689\" src=\"http:\/\/stone-phoenix.com\/wp-content\/uploads\/2023\/12\/1703881164.jpg\" width=\"955\" height=\"955\" srcset=\"https:\/\/stone-phoenix.com\/wp-content\/uploads\/2023\/12\/1703881164.jpg 750w, https:\/\/stone-phoenix.com\/wp-content\/uploads\/2023\/12\/1703881164-300x300.jpg 300w, https:\/\/stone-phoenix.com\/wp-content\/uploads\/2023\/12\/1703881164-150x150.jpg 150w, https:\/\/stone-phoenix.com\/wp-content\/uploads\/2023\/12\/1703881164-12x12.jpg 12w, https:\/\/stone-phoenix.com\/wp-content\/uploads\/2023\/12\/1703881164-600x600.jpg 600w\" sizes=\"(max-width: 955px) 100vw, 955px\" \/><\/p>\n<\/div>\n<\/div>\n<\/div>","protected":false},"excerpt":{"rendered":"<p>Granite Slabs Supplier G602 1cm g602 granite tiles A granite slab supplier is a company that specializes in the distribution<\/p>","protected":false},"featured_media":20685,"template":"","meta":[],"product_cat":[112],"product_tag":[],"_links":{"self":[{"href":"https:\/\/stone-phoenix.com\/fr\/wp-json\/wp\/v2\/product\/20684"}],"collection":[{"href":"https:\/\/stone-phoenix.com\/fr\/wp-json\/wp\/v2\/product"}],"about":[{"href":"https:\/\/stone-phoenix.com\/fr\/wp-json\/wp\/v2\/types\/product"}],"wp:featuredmedia":[{"embeddable":true,"href":"https:\/\/stone-phoenix.com\/fr\/wp-json\/wp\/v2\/media\/20685"}],"wp:attachment":[{"href":"https:\/\/stone-phoenix.com\/fr\/wp-json\/wp\/v2\/media?parent=20684"}],"wp:term":[{"taxonomy":"product_cat","embeddable":true,"href":"https:\/\/stone-phoenix.com\/fr\/wp-json\/wp\/v2\/product_cat?post=20684"},{"taxonomy":"product_tag","embeddable":true,"href":"https:\/\/stone-phoenix.com\/fr\/wp-json\/wp\/v2\/product_tag?post=20684"}],"curies":[{"name":"wp","href":"https:\/\/api.w.org\/{rel}","templated":true}]}}