{"id":20690,"date":"2023-12-29T20:19:29","date_gmt":"2023-12-29T12:19:29","guid":{"rendered":"http:\/\/stone-phoenix.com\/product\/granite-counter-top-supplier-g603-chinese-cheap-light"},"modified":"2023-12-29T20:19:30","modified_gmt":"2023-12-29T12:19:30","slug":"granite-counter-top-supplier-g603-chinese-cheap-light","status":"publish","type":"product","link":"https:\/\/stone-phoenix.com\/fr\/produit\/granite-counter-top-supplier-g603-chinese-cheap-light","title":{"rendered":"Comptoir de granit fournisseur G603 Chinois pas cher L\u00e9ger"},"content":{"rendered":"<div class=\"woocommerce-Tabs-panel woocommerce-Tabs-panel--description panel entry-content wc-tab\" id=\"tab-description\" role=\"tabpanel\" aria-labelledby=\"tab-title-description\">\n<div id=\"ali-anchor-AliPostDhMb-6q8vw\" class=\"mceSectionContainer\" style=\"padding-top: 8px;\" data-section=\"AliPostDhMb-6q8vw\" data-section-title=\"Product Description\">\n<div>\n<p>Les fournisseurs de plans de travail en granit sont devenus un choix populaire pour les propri\u00e9taires et les concepteurs, car ils offrent une surface durable et \u00e9l\u00e9gante qui ajoute de la valeur \u00e0 n'importe quelle cuisine ou salle de bains. En cons\u00e9quence, la demande de plans de travail en granit a augment\u00e9, ce qui a conduit \u00e0 un nombre croissant de fournisseurs proposant ce produit.<\/p>\n<p>Lorsque vous cherchez un fournisseur de comptoirs en granit, il est important d'en trouver un qui propose des mat\u00e9riaux de haute qualit\u00e9 et un savoir-faire exp\u00e9riment\u00e9. Un fournisseur fiable disposera d'une large s\u00e9lection de dalles de granit de diff\u00e9rentes couleurs et de diff\u00e9rents motifs, ce qui permettra aux clients de trouver l'assortiment parfait pour leur maison. Il doit \u00e9galement disposer d'une \u00e9quipe de fabricants et d'installateurs exp\u00e9riment\u00e9s qui peuvent s'assurer que le plan de travail en granit est correctement coup\u00e9, poli et install\u00e9 pour une finition impeccable.<\/p>\n<p>Il est \u00e9galement important de choisir un fournisseur qui jouit d'une bonne r\u00e9putation et qui a fait ses preuves en mati\u00e8re de fourniture de produits et de services de haute qualit\u00e9. Cela peut \u00eatre d\u00e9termin\u00e9 par les avis des clients, les r\u00e9f\u00e9rences et les recommandations de bouche-\u00e0-oreille.<\/p>\n<p>Un fournisseur de comptoirs en granit digne de confiance doit \u00e9galement offrir une garantie sur ses produits et services, afin que les clients aient l'esprit tranquille en sachant qu'ils investissent dans un produit durable et p\u00e9renne. Il doit \u00e9galement faire preuve de transparence quant au co\u00fbt de ses produits et services, en fournissant aux clients un devis d\u00e9taill\u00e9 afin qu'ils puissent prendre une d\u00e9cision en toute connaissance de cause.<\/p>\n<p>En outre, un fournisseur r\u00e9put\u00e9 doit \u00eatre au fait des derni\u00e8res tendances et innovations du secteur, ce qui lui permet d'offrir \u00e0 ses clients les plans de travail en granit les plus r\u00e9cents et les plus performants. Il doit \u00e9galement \u00eatre \u00e9quip\u00e9 pour traiter les demandes personnalis\u00e9es et les projets sp\u00e9ciaux, afin de garantir que les clients obtiennent exactement l'aspect et la fonctionnalit\u00e9 qu'ils souhaitent.<\/p>\n<p>En conclusion, le choix d'un fournisseur de comptoirs en granit fiable et digne de confiance est une \u00e9tape importante pour s'assurer de recevoir un produit de haute qualit\u00e9 qui r\u00e9pond \u00e0 vos besoins et d\u00e9passe vos attentes. Prenez le temps de rechercher et de comparer diff\u00e9rents fournisseurs, et choisissez celui qui offre la bonne combinaison de qualit\u00e9, de prix et de service \u00e0 la client\u00e8le.<\/p>\n<\/div>\n<div id=\"ali-title-AliPostDhMb-6q8vw\" style=\"padding: 8px 0; border-bottom: 1px solid #ddd;\"><span style=\"background-color: #ddd; color: #333; font-weight: bold; padding: 8px 10px; line-height: 12px;\">Description du produit<\/span><\/div>\n<div style=\"padding: 10px 0;\">\n<table class=\"aliDataTable\" style=\"color: #000000; font-family: Arial; font-size: 12px; font-style: normal; font-weight: 400; background-color: #ffffff; width: 698px; height: 226px; border: 1px solid #b3b3b3;\">\n<tbody>\n<\/tbody>\n<tbody>\n<tr>\n<td style=\"border: 1px solid #707070; width: 159.663px;\"><strong><span style=\"font-family: arial, helvetica, sans-serif; font-size: 14px;\">Nom du produit :<\/span><\/strong><\/td>\n<td style=\"border: 1px solid #707070; width: 553.337px;\"><span style=\"font-size: 14px;\">Granit chinois bon march\u00e9 granit gris clair g603 prix direct usine\u00a0<\/span><\/td>\n<\/tr>\n<tr>\n<td style=\"border: 1px solid #707070; width: 159.663px;\"><strong><span style=\"font-family: arial, helvetica, sans-serif; font-size: 14px;\">Mat\u00e9riau :<\/span><\/strong><\/td>\n<td style=\"border: 1px solid #707070; width: 553.337px;\"><span style=\"font-size: 14px;\">Granit g603<\/span><\/td>\n<\/tr>\n<tr>\n<td style=\"border: 1px solid #707070; width: 159.663px;\"><strong><span style=\"font-family: arial, helvetica, sans-serif; font-size: 14px;\">Couleur :<\/span><\/strong><\/td>\n<td style=\"border: 1px solid #707070; width: 553.337px;\"><span style=\"font-family: arial, helvetica, sans-serif; font-size: 14px;\">Gris<\/span><\/td>\n<\/tr>\n<tr>\n<td style=\"border: 1px solid #707070; width: 159.663px;\" rowspan=\"3\"><strong><span style=\"font-family: arial, helvetica, sans-serif; font-size: 14px;\">Taille :<\/span><\/strong><\/td>\n<td style=\"border: 1px solid #707070; width: 553.337px;\"><span style=\"text-decoration: underline;\"><span style=\"font-size: 14px;\">Carreaux disponibles <\/span><\/span><br \/>\n<span style=\"font-size: 14px;\">12\u2019x12\u2033,24\u2019x24\u2033,12\u2019x24\u2033,etc <\/span><span style=\"font-size: 14px;\">300x300mm,300x600mm,400x400mm,600x600mm,600x1200etc<\/span><\/td>\n<\/tr>\n<tr>\n<td style=\"border: 1px solid #707070; width: 553.337px;\"><span style=\"text-decoration: underline;\"><span style=\"font-size: 14px;\">Dalles disponibles <\/span><\/span><\/p>\n<p><span style=\"font-size: 14px;\">180cmUpx60UP,180cmUpx65cmUP,180cmUpx70cmUP,etc<\/span><br \/>\n<span style=\"font-size: 14px;\">240cmUpx120cmUP,etc<\/span><\/p>\n<\/td>\n<\/tr>\n<tr>\n<td style=\"border: 1px solid #707070; width: 553.337px;\"><span style=\"font-family: arial, helvetica, sans-serif; font-size: 14px;\">Des sp\u00e9cifications personnalis\u00e9es sont disponibles<\/span><\/td>\n<\/tr>\n<tr>\n<td style=\"border: 1px solid #707070; width: 159.663px;\"><strong><span style=\"font-family: arial, helvetica, sans-serif; font-size: 14px;\">Tol\u00e9rance d'\u00e9paisseur :<\/span><\/strong><\/td>\n<td style=\"border: 1px solid #707070; width: 553.337px;\"><span style=\"font-family: arial, helvetica, sans-serif; font-size: 14px;\">\u00b10,05mm, \u00b11mm, \u00b11,5mm, \u00b12mm, selon les exigences de qualit\u00e9 du client<\/span><\/td>\n<\/tr>\n<tr>\n<td style=\"border: 1px solid #707070; width: 159.663px;\"><strong><span style=\"font-family: arial, helvetica, sans-serif; font-size: 14px;\">Surface :<\/span><\/strong><\/td>\n<td style=\"border: 1px solid #707070; width: 553.337px;\"><span style=\"font-family: arial, helvetica, sans-serif; font-size: 14px;\">P<\/span><span style=\"font-size: 14px;\">ol\u00e9, adouci, flamm\u00e9, sabl\u00e9, bouchard\u00e9, fendu naturel, flamm\u00e9 et bross\u00e9, etc.<\/span><\/td>\n<\/tr>\n<tr>\n<td style=\"border: 1px solid #707070; width: 159.663px;\"><strong><span style=\"font-family: arial, helvetica, sans-serif; font-size: 14px;\">Emballage :<\/span><\/strong><\/td>\n<td style=\"border: 1px solid #707070; width: 553.337px;\"><span style=\"font-size: 14px;\">Palettes en bois en \u00e9tat de navigabilit\u00e9, fardeaux en bois et caisses en bois<\/span><\/td>\n<\/tr>\n<tr>\n<td style=\"border: 1px solid #707070; width: 159.663px;\"><strong><span style=\"font-family: arial, helvetica, sans-serif; font-size: 14px;\">Application :<\/span><\/strong><\/td>\n<td style=\"border: 1px solid #707070; width: 553.337px;\"><span style=\"font-family: arial, helvetica, sans-serif; font-size: 14px;\">Sol, mur, motif, comptoir, d\u00e9coration int\u00e9rieure et ext\u00e9rieure<\/span><\/td>\n<\/tr>\n<tr>\n<td style=\"border: 1px solid #707070; width: 159.663px;\"><strong><span style=\"font-family: arial, helvetica, sans-serif; font-size: 14px;\">D\u00e9lai de livraison :<\/span><\/strong><\/td>\n<td style=\"border: 1px solid #707070; width: 553.337px;\"><span style=\"font-size: 14px;\">7-15 jours pour l'enregistrement<\/span><span style=\"font-family: arial, helvetica, sans-serif; font-size: 14px;\">tailles lar<\/span><\/td>\n<\/tr>\n<tr>\n<td style=\"border: 1px solid #707070; width: 159.663px;\"><strong><span style=\"font-family: arial, helvetica, sans-serif; font-size: 14px;\">Certificat :<\/span><\/strong><\/td>\n<td style=\"border: 1px solid #707070; width: 553.337px;\"><span style=\"font-family: arial, helvetica, sans-serif; font-size: 14px;\">CE, SGS<\/span><\/td>\n<\/tr>\n<tr>\n<td style=\"border: 1px solid #707070; width: 159.663px;\"><strong><span style=\"font-family: arial, helvetica, sans-serif; font-size: 14px;\">Conditions de paiement :<\/span><\/strong><\/td>\n<td style=\"border: 1px solid #707070; width: 553.337px;\"><span style=\"font-size: 14px;\">T\/T, L\/C, D<span style=\"color: #000000; font-family: Verdana, Arial, Helvetica, sans-serif; font-size: 14px; font-style: normal; font-weight: 400; background-color: #ffffff; float: none;\">\/<\/span>P<\/span><\/td>\n<\/tr>\n<tr>\n<td style=\"border: 1px solid #707070; width: 159.663px;\"><strong><span style=\"font-family: arial, helvetica, sans-serif; font-size: 14px;\">Avantage :<\/span><\/strong><\/td>\n<td style=\"border: 1px solid #707070; width: 553.337px;\"><span style=\"font-family: arial, helvetica, sans-serif; font-size: 14px;\">1) Service unique pour la pierre ;<\/span><\/p>\n<p><span style=\"font-family: arial, helvetica, sans-serif; font-size: 14px;\">2) poss\u00e8dent 3 carri\u00e8res et 9 usines ;<\/span><\/p>\n<p><span style=\"font-family: arial, helvetica, sans-serif; font-size: 14px;\">3) Une \u00e9quipe technique professionnelle peut vous aider \u00e0 r\u00e9aliser des dessins d'atelier et des dessins d\u00e9taill\u00e9s.<\/span><\/p>\n<\/td>\n<\/tr>\n<tr>\n<td style=\"border: 1px solid #707070; width: 159.663px;\"><strong><span style=\"font-family: arial, helvetica, sans-serif; font-size: 14px;\">Assurance de la qualit\u00e9 et de la livraison :\u00a0<\/span><\/strong><\/td>\n<td style=\"border: 1px solid #707070; width: 553.337px;\"><span style=\"font-size: 14px;\">Tout au long du processus de production, du choix des mat\u00e9riaux \u00e0 l'emballage en passant par la fabrication, notre service de contr\u00f4le de la qualit\u00e9 contr\u00f4le rigoureusement chaque pi\u00e8ce et chaque processus afin de garantir le respect des normes de qualit\u00e9 et le respect des d\u00e9lais de livraison.<\/span><\/td>\n<\/tr>\n<\/tbody>\n<\/table>\n<p><img loading=\"lazy\" decoding=\"async\" class=\"alignnone size-full wp-image-20692\" src=\"http:\/\/stone-phoenix.com\/wp-content\/uploads\/2023\/12\/1703881171.png\" width=\"700\" height=\"700\" srcset=\"https:\/\/stone-phoenix.com\/wp-content\/uploads\/2023\/12\/1703881171.png 700w, https:\/\/stone-phoenix.com\/wp-content\/uploads\/2023\/12\/1703881171-300x300.png 300w, https:\/\/stone-phoenix.com\/wp-content\/uploads\/2023\/12\/1703881171-150x150.png 150w, https:\/\/stone-phoenix.com\/wp-content\/uploads\/2023\/12\/1703881171-12x12.png 12w, https:\/\/stone-phoenix.com\/wp-content\/uploads\/2023\/12\/1703881171-600x600.png 600w\" sizes=\"(max-width: 700px) 100vw, 700px\" \/><\/p>\n<\/div>\n<div style=\"padding: 10px 0;\"><img loading=\"lazy\" decoding=\"async\" class=\"alignnone size-full wp-image-20693\" src=\"http:\/\/stone-phoenix.com\/wp-content\/uploads\/2023\/12\/1703881172.jpg\" width=\"544\" height=\"960\" srcset=\"https:\/\/stone-phoenix.com\/wp-content\/uploads\/2023\/12\/1703881172.jpg 544w, https:\/\/stone-phoenix.com\/wp-content\/uploads\/2023\/12\/1703881172-170x300.jpg 170w, https:\/\/stone-phoenix.com\/wp-content\/uploads\/2023\/12\/1703881172-7x12.jpg 7w, https:\/\/stone-phoenix.com\/wp-content\/uploads\/2023\/12\/1703881172-150x265.jpg 150w\" sizes=\"(max-width: 544px) 100vw, 544px\" \/><\/div>\n<div style=\"padding: 10px 0;\"><img loading=\"lazy\" decoding=\"async\" class=\"alignnone size-full wp-image-20694\" src=\"http:\/\/stone-phoenix.com\/wp-content\/uploads\/2023\/12\/1703881173.jpg\" width=\"1280\" height=\"960\" srcset=\"https:\/\/stone-phoenix.com\/wp-content\/uploads\/2023\/12\/1703881173.jpg 1280w, https:\/\/stone-phoenix.com\/wp-content\/uploads\/2023\/12\/1703881173-300x225.jpg 300w, https:\/\/stone-phoenix.com\/wp-content\/uploads\/2023\/12\/1703881173-1024x768.jpg 1024w, https:\/\/stone-phoenix.com\/wp-content\/uploads\/2023\/12\/1703881173-768x576.jpg 768w, https:\/\/stone-phoenix.com\/wp-content\/uploads\/2023\/12\/1703881173-16x12.jpg 16w, https:\/\/stone-phoenix.com\/wp-content\/uploads\/2023\/12\/1703881173-600x450.jpg 600w, https:\/\/stone-phoenix.com\/wp-content\/uploads\/2023\/12\/1703881173-150x113.jpg 150w\" sizes=\"(max-width: 1280px) 100vw, 1280px\" \/><\/div>\n<div style=\"padding: 10px 0;\"><img loading=\"lazy\" decoding=\"async\" class=\"alignnone size-full wp-image-20695\" src=\"http:\/\/stone-phoenix.com\/wp-content\/uploads\/2023\/12\/1703881175.jpg\" width=\"1024\" height=\"768\" srcset=\"https:\/\/stone-phoenix.com\/wp-content\/uploads\/2023\/12\/1703881175.jpg 1024w, https:\/\/stone-phoenix.com\/wp-content\/uploads\/2023\/12\/1703881175-300x225.jpg 300w, https:\/\/stone-phoenix.com\/wp-content\/uploads\/2023\/12\/1703881175-768x576.jpg 768w, https:\/\/stone-phoenix.com\/wp-content\/uploads\/2023\/12\/1703881175-16x12.jpg 16w, https:\/\/stone-phoenix.com\/wp-content\/uploads\/2023\/12\/1703881175-600x450.jpg 600w, https:\/\/stone-phoenix.com\/wp-content\/uploads\/2023\/12\/1703881175-150x113.jpg 150w\" sizes=\"(max-width: 1024px) 100vw, 1024px\" \/><\/div>\n<\/div><\/div>","protected":false},"excerpt":{"rendered":"<p>Granite counter top supplier have become a popular choice for homeowners and designers alike, offering a durable and stylish surface<\/p>","protected":false},"featured_media":20691,"template":"","meta":[],"product_cat":[112],"product_tag":[],"_links":{"self":[{"href":"https:\/\/stone-phoenix.com\/fr\/wp-json\/wp\/v2\/product\/20690"}],"collection":[{"href":"https:\/\/stone-phoenix.com\/fr\/wp-json\/wp\/v2\/product"}],"about":[{"href":"https:\/\/stone-phoenix.com\/fr\/wp-json\/wp\/v2\/types\/product"}],"wp:featuredmedia":[{"embeddable":true,"href":"https:\/\/stone-phoenix.com\/fr\/wp-json\/wp\/v2\/media\/20691"}],"wp:attachment":[{"href":"https:\/\/stone-phoenix.com\/fr\/wp-json\/wp\/v2\/media?parent=20690"}],"wp:term":[{"taxonomy":"product_cat","embeddable":true,"href":"https:\/\/stone-phoenix.com\/fr\/wp-json\/wp\/v2\/product_cat?post=20690"},{"taxonomy":"product_tag","embeddable":true,"href":"https:\/\/stone-phoenix.com\/fr\/wp-json\/wp\/v2\/product_tag?post=20690"}],"curies":[{"name":"wp","href":"https:\/\/api.w.org\/{rel}","templated":true}]}}