{"id":20719,"date":"2023-12-29T20:20:23","date_gmt":"2023-12-29T12:20:23","guid":{"rendered":"http:\/\/stone-phoenix.com\/product\/granite-paving-driveway-paving-stone-granite-block"},"modified":"2024-04-02T19:19:10","modified_gmt":"2024-04-02T11:19:10","slug":"granite-paving-driveway-paving-stone-granite-block","status":"publish","type":"product","link":"https:\/\/stone-phoenix.com\/fr\/produit\/granite-paving-driveway-paving-stone-granite-block","title":{"rendered":"Pav\u00e9s en granit pav\u00e9s d'all\u00e9es pav\u00e9s en granit"},"content":{"rendered":"<div id=\"tab-description\" class=\"woocommerce-Tabs-panel woocommerce-Tabs-panel--description panel entry-content wc-tab\" role=\"tabpanel\" aria-labelledby=\"tab-title-description\">\n<h2>Pav\u00e9s en granit pav\u00e9s d'all\u00e9es pav\u00e9s en granit<\/h2>\n<p>Le pavage en granit est un mat\u00e9riau de surface attrayant et durable, parfait pour les all\u00e9es formelles et informelles. La pierre est disponible dans une grande vari\u00e9t\u00e9 de couleurs et de motifs, ce qui vous permet d'adapter l'am\u00e9nagement de votre cour \u00e0 vos pr\u00e9f\u00e9rences.<\/p>\n<p>Granite Paving Blocks est nomm\u00e9 d'apr\u00e8s le mat\u00e9riau de nos pav\u00e9s en granit. Nos pav\u00e9s sont fabriqu\u00e9s avec des pierres de la plus haute qualit\u00e9, ce qui les rend extr\u00eamement durables et id\u00e9aux pour toute application n\u00e9cessitant une pierre r\u00e9sistante.<\/p>\n<p>Les pav\u00e9s en granit peuvent \u00eatre utilis\u00e9s comme bordures d'all\u00e9es de jardin et comme dalles de patio\/chemins en remplacement d'all\u00e9es en b\u00e9ton ou en macadamLe pav\u00e9 en granit est le nom donn\u00e9 \u00e0 notre mat\u00e9riau pierreux. Le granit est une pierre naturelle compos\u00e9e de divers min\u00e9raux qui lui conf\u00e8rent ses propri\u00e9t\u00e9s.<\/p>\n<p>Le granit est r\u00e9put\u00e9 pour sa remarquable durabilit\u00e9, ce qui le rend tr\u00e8s populaire dans de nombreux domaines de la construction. Nos all\u00e9es fabriqu\u00e9es \u00e0 la main, \u00e0 partir de blocs de granit naturel, sont le compl\u00e9ment parfait de votre maison.<\/p>\n<p>Ce produit convient \u00e0 de nombreuses applications ext\u00e9rieures, notamment les routes, les sentiers et les all\u00e9es. La couleur naturelle du granit lui permet de se fondre dans n'importe quel am\u00e9nagement paysager, quelle que soit la mani\u00e8re dont vous choisissez de l'utiliser.<\/p>\n<div id=\"ali-anchor-AliPostDhMb-6q8vw\" class=\"mceSectionContainer\" style=\"padding-top: 8px;\" data-section=\"AliPostDhMb-6q8vw\" data-section-title=\"Product Description\">\n<div id=\"ali-title-AliPostDhMb-6q8vw\" style=\"padding: 8px 0; border-bottom: 1px solid #ddd;\"><span style=\"background-color: #ddd; color: #333; font-weight: bold; padding: 8px 10px; line-height: 12px;\">Description du produit<\/span><\/div>\n<div style=\"padding: 10px 0;\">\n<table class=\"aliDataTable\" style=\"color: #000000; font-family: Arial; font-size: 12px; font-style: normal; font-weight: 400; background-color: #ffffff; width: 698px; height: 226px; border: 1px solid #b3b3b3;\">\n<tbody>\n<tr>\n<td style=\"border: 1px solid #707070; width: 159.663px;\"><strong><span style=\"font-family: arial, helvetica, sans-serif; font-size: 14px;\">Nom du produit :<\/span><\/strong><\/td>\n<td style=\"border: 1px solid #707070; width: 553.337px;\">NOUVEAU GRANIT G654<\/td>\n<\/tr>\n<tr>\n<td style=\"border: 1px solid #707070; width: 159.663px;\"><strong><span style=\"font-family: arial, helvetica, sans-serif; font-size: 14px;\">Mat\u00e9riau :<\/span><\/strong><\/td>\n<td style=\"border: 1px solid #707070; width: 553.337px;\"><span style=\"font-size: 14px;\">Granit<\/span><\/td>\n<\/tr>\n<tr>\n<td style=\"border: 1px solid #707070; width: 159.663px;\"><strong><span style=\"font-family: arial, helvetica, sans-serif; font-size: 14px;\">Couleur :<\/span><\/strong><\/td>\n<td style=\"border: 1px solid #707070; width: 553.337px;\"><span style=\"font-family: arial, helvetica, sans-serif; font-size: 14px;\">Blanc, noir, jaune, rouge, rose, gris, brun, bleu, vert, etc.<\/span><\/td>\n<\/tr>\n<tr>\n<td style=\"border: 1px solid #707070; width: 159.663px;\" rowspan=\"3\"><strong><span style=\"font-family: arial, helvetica, sans-serif; font-size: 14px;\">Taille :<\/span><\/strong><\/td>\n<td style=\"border: 1px solid #707070; width: 553.337px;\"><span style=\"text-decoration: underline;\"><span style=\"font-size: 14px;\">Carreaux disponibles <\/span><\/span><br \/>\n<span style=\"font-size: 14px;\">12\u2019x12\u2033,24\u2019x24\u2033,12\u2019x24\u2033,etc <\/span><\/p>\n<p><span style=\"font-size: 14px;\">300x300mm,300x600mm,400x400mm,600x600mm,etc<\/span><\/td>\n<\/tr>\n<tr>\n<td style=\"border: 1px solid #707070; width: 553.337px;\"><span style=\"text-decoration: underline;\"><span style=\"font-size: 14px;\">Dalles disponibles <\/span><\/span><\/p>\n<p><span style=\"font-size: 14px;\">180cmUpx60UP,180cmUpx65cmUP,180cmUpx70cmUP,etc<\/span><br \/>\n<span style=\"font-size: 14px;\">240cmUpx120cmUP,etc<\/span><\/td>\n<\/tr>\n<tr>\n<td style=\"border: 1px solid #707070; width: 553.337px;\"><span style=\"font-family: arial, helvetica, sans-serif; font-size: 14px;\">Des sp\u00e9cifications personnalis\u00e9es sont disponibles<\/span><\/td>\n<\/tr>\n<tr>\n<td style=\"border: 1px solid #707070; width: 159.663px;\"><strong><span style=\"font-family: arial, helvetica, sans-serif; font-size: 14px;\">Tol\u00e9rance d'\u00e9paisseur :<\/span><\/strong><\/td>\n<td style=\"border: 1px solid #707070; width: 553.337px;\"><span style=\"font-family: arial, helvetica, sans-serif; font-size: 14px;\">\u00b10,05mm, \u00b11mm, \u00b11,5mm, \u00b12mm, selon les exigences de qualit\u00e9 du client<\/span><\/td>\n<\/tr>\n<tr>\n<td style=\"border: 1px solid #707070; width: 159.663px;\"><strong><span style=\"font-family: arial, helvetica, sans-serif; font-size: 14px;\">Surface :<\/span><\/strong><\/td>\n<td style=\"border: 1px solid #707070; width: 553.337px;\"><span style=\"font-family: arial, helvetica, sans-serif; font-size: 14px;\">P<\/span><span style=\"font-size: 14px;\">ol\u00e9, adouci, flamm\u00e9, sabl\u00e9, bouchard\u00e9, fendu naturel, flamm\u00e9 et bross\u00e9, etc.<\/span><\/td>\n<\/tr>\n<tr>\n<td style=\"border: 1px solid #707070; width: 159.663px;\"><strong><span style=\"font-family: arial, helvetica, sans-serif; font-size: 14px;\">Emballage :<\/span><\/strong><\/td>\n<td style=\"border: 1px solid #707070; width: 553.337px;\"><span style=\"font-size: 14px;\">Palettes en bois en \u00e9tat de navigabilit\u00e9, fardeaux en bois et caisses en bois<\/span><\/td>\n<\/tr>\n<tr>\n<td style=\"border: 1px solid #707070; width: 159.663px;\"><strong><span style=\"font-family: arial, helvetica, sans-serif; font-size: 14px;\">Application :<\/span><\/strong><\/td>\n<td style=\"border: 1px solid #707070; width: 553.337px;\"><span style=\"font-family: arial, helvetica, sans-serif; font-size: 14px;\">Sol, mur, motif, comptoir, d\u00e9coration int\u00e9rieure et ext\u00e9rieure<\/span><\/td>\n<\/tr>\n<tr>\n<td style=\"border: 1px solid #707070; width: 159.663px;\"><strong><span style=\"font-family: arial, helvetica, sans-serif; font-size: 14px;\">D\u00e9lai de livraison :<\/span><\/strong><\/td>\n<td style=\"border: 1px solid #707070; width: 553.337px;\"><span style=\"font-size: 14px;\">15-20 jours pour l'enregistrement<\/span><span style=\"font-family: arial, helvetica, sans-serif; font-size: 14px;\">tailles lar<\/span><\/td>\n<\/tr>\n<tr>\n<td style=\"border: 1px solid #707070; width: 159.663px;\"><strong><span style=\"font-family: arial, helvetica, sans-serif; font-size: 14px;\">Certificat :<\/span><\/strong><\/td>\n<td style=\"border: 1px solid #707070; width: 553.337px;\"><span style=\"font-family: arial, helvetica, sans-serif; font-size: 14px;\">CE, SGS<\/span><\/td>\n<\/tr>\n<tr>\n<td style=\"border: 1px solid #707070; width: 159.663px;\"><strong><span style=\"font-family: arial, helvetica, sans-serif; font-size: 14px;\">Conditions de paiement :<\/span><\/strong><\/td>\n<td style=\"border: 1px solid #707070; width: 553.337px;\"><span style=\"font-size: 14px;\">T\/T, L\/C, D<span style=\"color: #000000; font-family: Verdana, Arial, Helvetica, sans-serif; font-size: 14px; font-style: normal; font-weight: 400; background-color: #ffffff; float: none;\">\/<\/span>P<\/span><\/td>\n<\/tr>\n<tr>\n<td style=\"border: 1px solid #707070; width: 159.663px;\"><strong><span style=\"font-family: arial, helvetica, sans-serif; font-size: 14px;\">Avantage :<\/span><\/strong><\/td>\n<td style=\"border: 1px solid #707070; width: 553.337px;\"><span style=\"font-family: arial, helvetica, sans-serif; font-size: 14px;\">1) Service unique pour la pierre ;<\/span><\/p>\n<p><span style=\"font-family: arial, helvetica, sans-serif; font-size: 14px;\">2) poss\u00e8dent 3 carri\u00e8res et 9 usines ;<\/span><\/p>\n<p><span style=\"font-family: arial, helvetica, sans-serif; font-size: 14px;\">3) Des supports technologiques de pointe.<\/span><\/td>\n<\/tr>\n<tr>\n<td style=\"border: 1px solid #707070; width: 159.663px;\"><strong><span style=\"font-family: arial, helvetica, sans-serif; font-size: 14px;\">Assurance de la qualit\u00e9 et de la livraison :\u00a0<\/span><\/strong><\/td>\n<td style=\"border: 1px solid #707070; width: 553.337px;\"><span style=\"font-size: 14px;\">Tout au long du processus de production, du choix des mat\u00e9riaux \u00e0 l'emballage en passant par la fabrication, notre service de contr\u00f4le de la qualit\u00e9 contr\u00f4le rigoureusement chaque pi\u00e8ce et chaque processus afin de garantir le respect des normes de qualit\u00e9 et le respect des d\u00e9lais de livraison.<\/span><\/td>\n<\/tr>\n<\/tbody>\n<\/table>\n<p><img loading=\"lazy\" decoding=\"async\" class=\"alignnone size-full wp-image-20721\" src=\"http:\/\/stone-phoenix.com\/wp-content\/uploads\/2023\/12\/1703881224.jpg\" width=\"1280\" height=\"960\" srcset=\"https:\/\/stone-phoenix.com\/wp-content\/uploads\/2023\/12\/1703881224.jpg 1280w, https:\/\/stone-phoenix.com\/wp-content\/uploads\/2023\/12\/1703881224-300x225.jpg 300w, https:\/\/stone-phoenix.com\/wp-content\/uploads\/2023\/12\/1703881224-1024x768.jpg 1024w, https:\/\/stone-phoenix.com\/wp-content\/uploads\/2023\/12\/1703881224-768x576.jpg 768w, https:\/\/stone-phoenix.com\/wp-content\/uploads\/2023\/12\/1703881224-16x12.jpg 16w, https:\/\/stone-phoenix.com\/wp-content\/uploads\/2023\/12\/1703881224-600x450.jpg 600w, https:\/\/stone-phoenix.com\/wp-content\/uploads\/2023\/12\/1703881224-150x113.jpg 150w\" sizes=\"(max-width: 1280px) 100vw, 1280px\" \/><br \/>\n<img loading=\"lazy\" decoding=\"async\" class=\"alignnone  wp-image-20722\" src=\"http:\/\/stone-phoenix.com\/wp-content\/uploads\/2023\/12\/1703881226.jpg\" width=\"955\" height=\"1273\" srcset=\"https:\/\/stone-phoenix.com\/wp-content\/uploads\/2023\/12\/1703881226.jpg 750w, https:\/\/stone-phoenix.com\/wp-content\/uploads\/2023\/12\/1703881226-225x300.jpg 225w, https:\/\/stone-phoenix.com\/wp-content\/uploads\/2023\/12\/1703881226-9x12.jpg 9w, https:\/\/stone-phoenix.com\/wp-content\/uploads\/2023\/12\/1703881226-600x800.jpg 600w, https:\/\/stone-phoenix.com\/wp-content\/uploads\/2023\/12\/1703881226-150x200.jpg 150w\" sizes=\"(max-width: 955px) 100vw, 955px\" \/><\/p>\n<p><img loading=\"lazy\" decoding=\"async\" class=\"alignnone size-full wp-image-20724\" src=\"http:\/\/stone-phoenix.com\/wp-content\/uploads\/2023\/12\/1703881229.jpg\" width=\"1280\" height=\"853\" srcset=\"https:\/\/stone-phoenix.com\/wp-content\/uploads\/2023\/12\/1703881229.jpg 1280w, https:\/\/stone-phoenix.com\/wp-content\/uploads\/2023\/12\/1703881229-300x200.jpg 300w, https:\/\/stone-phoenix.com\/wp-content\/uploads\/2023\/12\/1703881229-1024x682.jpg 1024w, https:\/\/stone-phoenix.com\/wp-content\/uploads\/2023\/12\/1703881229-768x512.jpg 768w, https:\/\/stone-phoenix.com\/wp-content\/uploads\/2023\/12\/1703881229-18x12.jpg 18w, https:\/\/stone-phoenix.com\/wp-content\/uploads\/2023\/12\/1703881229-600x400.jpg 600w, https:\/\/stone-phoenix.com\/wp-content\/uploads\/2023\/12\/1703881229-150x100.jpg 150w\" sizes=\"(max-width: 1280px) 100vw, 1280px\" \/><\/p>\n<\/div>\n<\/div>\n<div id=\"ali-anchor-AliPostDhMb-dzch4\" class=\"mceSectionContainer\" style=\"padding-top: 8px;\" data-section=\"AliPostDhMb-dzch4\" data-section-title=\"FAQ\">\n<div style=\"padding: 10px 0;\">\n<p><a target=\"_blank\" rel=\"noopener noreferrer\"><span style=\"font-size: 16px;\"><img loading=\"lazy\" decoding=\"async\" class=\"alignnone size-full wp-image-20725\" src=\"http:\/\/stone-phoenix.com\/wp-content\/uploads\/2023\/12\/1703881230.jpg\" width=\"750\" height=\"153\" srcset=\"https:\/\/stone-phoenix.com\/wp-content\/uploads\/2023\/12\/1703881230.jpg 750w, https:\/\/stone-phoenix.com\/wp-content\/uploads\/2023\/12\/1703881230-300x61.jpg 300w, https:\/\/stone-phoenix.com\/wp-content\/uploads\/2023\/12\/1703881230-18x4.jpg 18w, https:\/\/stone-phoenix.com\/wp-content\/uploads\/2023\/12\/1703881230-600x122.jpg 600w, https:\/\/stone-phoenix.com\/wp-content\/uploads\/2023\/12\/1703881230-150x31.jpg 150w\" sizes=\"(max-width: 750px) 100vw, 750px\" \/><\/span><\/a><\/p>\n<\/div>\n<\/div>\n<\/div>","protected":false},"excerpt":{"rendered":"<p>Granite paving driveway paving stone granite block Granite paving is an attractive and durable surface material, perfect for formal and<\/p>","protected":false},"featured_media":20720,"template":"","meta":[],"product_cat":[112],"product_tag":[],"_links":{"self":[{"href":"https:\/\/stone-phoenix.com\/fr\/wp-json\/wp\/v2\/product\/20719"}],"collection":[{"href":"https:\/\/stone-phoenix.com\/fr\/wp-json\/wp\/v2\/product"}],"about":[{"href":"https:\/\/stone-phoenix.com\/fr\/wp-json\/wp\/v2\/types\/product"}],"wp:featuredmedia":[{"embeddable":true,"href":"https:\/\/stone-phoenix.com\/fr\/wp-json\/wp\/v2\/media\/20720"}],"wp:attachment":[{"href":"https:\/\/stone-phoenix.com\/fr\/wp-json\/wp\/v2\/media?parent=20719"}],"wp:term":[{"taxonomy":"product_cat","embeddable":true,"href":"https:\/\/stone-phoenix.com\/fr\/wp-json\/wp\/v2\/product_cat?post=20719"},{"taxonomy":"product_tag","embeddable":true,"href":"https:\/\/stone-phoenix.com\/fr\/wp-json\/wp\/v2\/product_tag?post=20719"}],"curies":[{"name":"wp","href":"https:\/\/api.w.org\/{rel}","templated":true}]}}