{"id":20726,"date":"2023-12-29T20:20:35","date_gmt":"2023-12-29T12:20:35","guid":{"rendered":"http:\/\/stone-phoenix.com\/product\/granite-paving-stone-driveway-stairs-polished-flamed"},"modified":"2024-04-02T19:09:15","modified_gmt":"2024-04-02T11:09:15","slug":"granite-paving-stone-driveway-stairs-polished-flamed","status":"publish","type":"product","link":"https:\/\/stone-phoenix.com\/fr\/produit\/granite-paving-stone-driveway-stairs-polished-flamed","title":{"rendered":"Granit Dallage Escalier d'entr\u00e9e Poli Flamm\u00e9"},"content":{"rendered":"<div id=\"tab-description\" class=\"woocommerce-Tabs-panel woocommerce-Tabs-panel--description panel entry-content wc-tab\" role=\"tabpanel\" aria-labelledby=\"tab-title-description\">\n<h2>Granit Pav\u00e9 d'all\u00e9e phonenix power stone Escaliers int\u00e9rieurs et ext\u00e9rieurs Polis Flamm\u00e9s<\/h2>\n<p>Les all\u00e9es en pav\u00e9s de granit sont l'alternative parfaite aux all\u00e9es en b\u00e9ton et en asphalte. Nos produits constituent une alternative durable, esth\u00e9tique et \u00e9conomique aux autres mat\u00e9riaux de pavage. Le pavage en granit est une pierre naturelle qui a \u00e9t\u00e9 expos\u00e9e \u00e0 la chaleur, ce qui lui conf\u00e8re une caract\u00e9ristique unique que l'on ne retrouve pas dans d'autres pierres.<br \/>\nCette surface tr\u00e8s durable et sans entretien vous rendra fier pendant des ann\u00e9es. Notre produit est un excellent moyen d'ajouter de la valeur \u00e0 votre maison. Diff\u00e9rentes tailles et textures sont disponibles, ce qui vous permet de personnaliser votre look.<br \/>\nL'all\u00e9e en pav\u00e9s est le meilleur mat\u00e9riau de pavage de la vie moderne, il est populaire et largement utilis\u00e9 dans divers endroits. En plus d'un style solide, les pav\u00e9s sont \u00e9galement choisis par de nombreuses personnes en raison de leur co\u00fbt \u00e9lev\u00e9.Les pav\u00e9s en granit sont une pierre naturelle durable et magnifique. Les pav\u00e9s en granit sont une pierre naturelle durable et belle. Comme ils sont faits de pav\u00e9s en granit, vous pouvez les utiliser sur votre all\u00e9e et d'autres surfaces ext\u00e9rieures pour produire un look unique.<\/p>\n<div id=\"ali-anchor-AliPostDhMb-10ic2\" style=\"padding-top: 8px;\" data-section=\"AliPostDhMb-10ic2\" data-section-title=\"Product Description\">\n<div id=\"ali-title-AliPostDhMb-10ic2\" style=\"padding: 8px 0; border-bottom: 1px solid #ddd;\"><span style=\"background-color: #ddd; color: #333; font-weight: bold; padding: 8px 10px; line-height: 12px;\">Description du produit<\/span><\/div>\n<div style=\"padding: 10px 0;\">\n<table class=\"aliDataTable\" style=\"color: #000000; font-family: Arial; font-size: 12px; font-style: normal; font-weight: 400; background-color: #ffffff; width: 750px; height: 226px; border: 1px solid #b3b3b3;\">\n<tbody>\n<tr style=\"height: 42px;\">\n<td style=\"border: 1px solid #b3b3b3; width: 162px; height: 42px;\"><strong><span style=\"font-family: arial, helvetica, sans-serif; font-size: 14px;\">Nom du produit :<\/span><\/strong><\/td>\n<td style=\"border: 1px solid #b3b3b3; width: 595.066px; height: 42px;\"><span style=\"font-family: arial, helvetica, sans-serif; font-size: 14px;\">Divers pav\u00e9s en granit<\/span><\/td>\n<\/tr>\n<tr style=\"height: 21px;\">\n<td style=\"border: 1px solid #b3b3b3; width: 162px; height: 21px;\"><strong><span style=\"font-family: arial, helvetica, sans-serif; font-size: 14px;\">Mat\u00e9riau :<\/span><\/strong><\/td>\n<td style=\"border: 1px solid #b3b3b3; width: 595.066px; height: 21px;\"><span style=\"font-family: arial, helvetica, sans-serif; font-size: 14px;\">Granit G562, granit G603, granit G654, granit G682, etc.<\/span><\/td>\n<\/tr>\n<tr style=\"height: 44px;\">\n<td style=\"border: 1px solid #b3b3b3; width: 162px; height: 65px;\" rowspan=\"2\">\n<p style=\"margin: 0px; padding: 0px;\"><strong><span style=\"font-family: arial, helvetica, sans-serif; font-size: 14px;\">Taille :<\/span><\/strong><\/p>\n<\/td>\n<td style=\"border: 1px solid #b3b3b3; width: 595.066px; height: 44px;\"><span style=\"font-size: 14px;\">Tailles<\/span><br \/>\n<span style=\"font-size: 14px;\">5X5X5CM,8X8X8CM,9X9X9CM,10X10X10CM,10x10x5cm,<\/span><span style=\"font-size: 14px;\">10x20x5cm,9.5\u00d79.5x4CM,19.5\u00d719.5x4CM,22X11X5CM,<\/span><span style=\"font-size: 14px;\">16.5X11.5X5CM,19.7X19.7X8CM,14.5X14.5X8CM,16X16X16CM,<\/span><\/p>\n<p><span style=\"font-size: 14px;\">22X16X16CM,27x18x9cm,18x18x9cm,18x18x18CM <\/span><\/p>\n<p><span style=\"font-size: 14px;\">ou sur mesure<\/span><\/td>\n<\/tr>\n<tr style=\"height: 21px;\">\n<td style=\"border: 1px solid #b3b3b3; width: 595.066px; height: 21px;\"><span style=\"font-family: arial, helvetica, sans-serif; font-size: 14px;\">Des sp\u00e9cifications personnalis\u00e9es sont disponibles<\/span><\/td>\n<\/tr>\n<tr style=\"height: 42px;\">\n<td style=\"border: 1px solid #b3b3b3; width: 162px; height: 42px;\"><strong><span style=\"font-family: arial, helvetica, sans-serif; font-size: 14px;\">Tol\u00e9rance d'\u00e9paisseur :<\/span><\/strong><\/td>\n<td style=\"border: 1px solid #b3b3b3; width: 595.066px; height: 42px;\"><span style=\"font-size: 14px; font-family: arial, helvetica, sans-serif;\">\u00b11mm, \u00b11,5mm, \u00b12mm, selon les exigences de qualit\u00e9 du client<\/span><\/td>\n<\/tr>\n<tr style=\"height: 126px;\">\n<td style=\"border: 1px solid #b3b3b3; width: 162px; height: 126px;\">\n<p style=\"margin: 0px; padding: 0px;\"><strong><span style=\"font-family: arial, helvetica, sans-serif; font-size: 14px;\">Surface :<\/span><\/strong><\/p>\n<\/td>\n<td style=\"border: 1px solid #b3b3b3; width: 595.066px; height: 126px;\"><span style=\"font-size: 14px;\">Finition<\/span><br \/>\n<span style=\"font-size: 14px;\">a. Fente naturelle sur tous les c\u00f4t\u00e9s<\/span><br \/>\n<span style=\"font-size: 14px;\">b. Toutes les faces sont sci\u00e9es<\/span><br \/>\n<span style=\"font-size: 14px;\">c. 5 c\u00f4t\u00e9s coup\u00e9s \u00e0 la scie, surface fendue naturellement<\/span><br \/>\n<span style=\"font-size: 14px;\">d. 5 faces coup\u00e9es \u00e0 la scie, surface flamm\u00e9e<\/span><br \/>\n<span style=\"font-size: 14px;\">e. 4 c\u00f4t\u00e9s coup\u00e9s \u00e0 la scie, fendu naturel en haut, tambourin\u00e9, dos en maille\u00a0<\/span><\/td>\n<\/tr>\n<tr style=\"height: 21px;\">\n<td style=\"border: 1px solid #b3b3b3; width: 162px; height: 21px;\"><strong><span style=\"font-family: arial, helvetica, sans-serif; font-size: 14px;\">Emballage :<\/span><\/strong><\/td>\n<td style=\"border: 1px solid #b3b3b3; width: 595.066px; height: 21px;\"><span style=\"font-family: arial, helvetica, sans-serif; font-size: 14px;\">Fardeaux et caisses en bois en \u00e9tat de navigabilit\u00e9<\/span><\/td>\n<\/tr>\n<tr style=\"height: 21px;\">\n<td style=\"border: 1px solid #b3b3b3; width: 162px; height: 21px;\"><strong><span style=\"font-family: arial, helvetica, sans-serif; font-size: 14px;\">Application :<\/span><\/strong><\/td>\n<td style=\"border: 1px solid #b3b3b3; width: 595.066px; height: 21px;\"><span style=\"font-family: arial, helvetica, sans-serif; font-size: 14px;\">Largement utilis\u00e9 pour la d\u00e9coration int\u00e9rieure et ext\u00e9rieure<\/span><\/td>\n<\/tr>\n<tr style=\"height: 42px;\">\n<td style=\"border: 1px solid #b3b3b3; width: 162px; height: 42px;\"><strong><span style=\"font-family: arial, helvetica, sans-serif; font-size: 14px;\">D\u00e9lai de livraison :<\/span><\/strong><\/td>\n<td style=\"border: 1px solid #b3b3b3; width: 595.066px; height: 42px;\"><span style=\"font-family: arial, helvetica, sans-serif; font-size: 14px;\">15-20 jours pour les tailles normales<\/span><\/td>\n<\/tr>\n<tr style=\"height: 21px;\">\n<td style=\"border: 1px solid #b3b3b3; width: 162px; height: 21px;\">\n<p style=\"margin: 0px; padding: 0px;\"><strong><span style=\"font-family: arial, helvetica, sans-serif; font-size: 14px;\">Certificat :<\/span><\/strong><\/p>\n<\/td>\n<td style=\"border: 1px solid #b3b3b3; width: 595.066px; height: 21px;\"><span style=\"font-family: arial, helvetica, sans-serif; font-size: 14px;\">CE, SGS<\/span><\/td>\n<\/tr>\n<tr style=\"height: 42px;\">\n<td style=\"border: 1px solid #b3b3b3; width: 162px; height: 42px;\">\n<p style=\"margin: 0px; padding: 0px;\"><strong><span style=\"font-family: arial, helvetica, sans-serif; font-size: 14px;\">Conditions de paiement :<\/span><\/strong><\/p>\n<\/td>\n<td style=\"border: 1px solid #b3b3b3; width: 595.066px; height: 42px;\"><span style=\"font-family: arial, helvetica, sans-serif; font-size: 14px;\">T\/T, L\/C, D\/P<\/span><\/td>\n<\/tr>\n<tr style=\"height: 63px;\">\n<td style=\"border: 1px solid #b3b3b3; width: 162px; height: 63px;\"><strong><span style=\"font-family: arial, helvetica, sans-serif; font-size: 14px;\">Avantage :<\/span><\/strong><\/td>\n<td style=\"border: 1px solid #b3b3b3; width: 595.066px; height: 63px;\">\n<p style=\"margin: 0px; padding: 0px;\"><span style=\"font-family: arial, helvetica, sans-serif; font-size: 14px;\">1) Service unique pour la pierre ;<\/span><\/p>\n<p style=\"margin: 0px; padding: 0px;\"><span style=\"font-family: arial, helvetica, sans-serif; font-size: 14px;\">2) Poss\u00e9der 3 carri\u00e8res et 9 usines ;<\/span><\/p>\n<p style=\"margin: 0px; padding: 0px;\"><span style=\"font-family: arial, helvetica, sans-serif; font-size: 14px;\">3) Soutien \u00e0 la conception et \u00e0 la technologie.<\/span><\/p>\n<\/td>\n<\/tr>\n<tr style=\"height: 84px;\">\n<td style=\"border: 1px solid #b3b3b3; width: 162px; height: 84px;\"><strong><span style=\"font-family: arial, helvetica, sans-serif; font-size: 14px;\">Assurance de la qualit\u00e9 et de la livraison :\u00a0<\/span><\/strong><\/td>\n<td style=\"border: 1px solid #b3b3b3; width: 595.066px; height: 84px;\">\n<p style=\"margin: 0px; padding: 0px;\"><span style=\"font-family: arial, helvetica, sans-serif; font-size: 14px;\">Tout au long du processus de production, du choix des mat\u00e9riaux \u00e0 l'emballage en passant par la fabrication, notre service de contr\u00f4le de la qualit\u00e9 contr\u00f4le rigoureusement chaque pi\u00e8ce et chaque processus afin de garantir le respect des normes de qualit\u00e9 et le respect des d\u00e9lais de livraison.<\/span><\/p>\n<\/td>\n<\/tr>\n<\/tbody>\n<\/table>\n<p>&nbsp;<\/p>\n<p><img loading=\"lazy\" decoding=\"async\" class=\"alignnone size-full wp-image-27065\" src=\"http:\/\/stone-phoenix.com\/wp-content\/uploads\/2023\/12\/Granite-Paving-Stone-Driveway-Stairs-Polished-Flamed-6.jpg\" alt=\"\" width=\"1078\" height=\"910\" srcset=\"https:\/\/stone-phoenix.com\/wp-content\/uploads\/2023\/12\/Granite-Paving-Stone-Driveway-Stairs-Polished-Flamed-6.jpg 1078w, https:\/\/stone-phoenix.com\/wp-content\/uploads\/2023\/12\/Granite-Paving-Stone-Driveway-Stairs-Polished-Flamed-6-300x253.jpg 300w, https:\/\/stone-phoenix.com\/wp-content\/uploads\/2023\/12\/Granite-Paving-Stone-Driveway-Stairs-Polished-Flamed-6-1024x864.jpg 1024w, https:\/\/stone-phoenix.com\/wp-content\/uploads\/2023\/12\/Granite-Paving-Stone-Driveway-Stairs-Polished-Flamed-6-768x648.jpg 768w, https:\/\/stone-phoenix.com\/wp-content\/uploads\/2023\/12\/Granite-Paving-Stone-Driveway-Stairs-Polished-Flamed-6-14x12.jpg 14w, https:\/\/stone-phoenix.com\/wp-content\/uploads\/2023\/12\/Granite-Paving-Stone-Driveway-Stairs-Polished-Flamed-6-600x506.jpg 600w, https:\/\/stone-phoenix.com\/wp-content\/uploads\/2023\/12\/Granite-Paving-Stone-Driveway-Stairs-Polished-Flamed-6-150x127.jpg 150w\" sizes=\"(max-width: 1078px) 100vw, 1078px\" \/><img loading=\"lazy\" decoding=\"async\" class=\"alignnone size-full wp-image-27066\" src=\"http:\/\/stone-phoenix.com\/wp-content\/uploads\/2023\/12\/Granite-Paving-Stone-Driveway-Stairs-Polished-Flamed-7.jpg\" alt=\"\" width=\"1102\" height=\"921\" srcset=\"https:\/\/stone-phoenix.com\/wp-content\/uploads\/2023\/12\/Granite-Paving-Stone-Driveway-Stairs-Polished-Flamed-7.jpg 1102w, https:\/\/stone-phoenix.com\/wp-content\/uploads\/2023\/12\/Granite-Paving-Stone-Driveway-Stairs-Polished-Flamed-7-300x251.jpg 300w, https:\/\/stone-phoenix.com\/wp-content\/uploads\/2023\/12\/Granite-Paving-Stone-Driveway-Stairs-Polished-Flamed-7-1024x856.jpg 1024w, https:\/\/stone-phoenix.com\/wp-content\/uploads\/2023\/12\/Granite-Paving-Stone-Driveway-Stairs-Polished-Flamed-7-768x642.jpg 768w, https:\/\/stone-phoenix.com\/wp-content\/uploads\/2023\/12\/Granite-Paving-Stone-Driveway-Stairs-Polished-Flamed-7-14x12.jpg 14w, https:\/\/stone-phoenix.com\/wp-content\/uploads\/2023\/12\/Granite-Paving-Stone-Driveway-Stairs-Polished-Flamed-7-600x501.jpg 600w, https:\/\/stone-phoenix.com\/wp-content\/uploads\/2023\/12\/Granite-Paving-Stone-Driveway-Stairs-Polished-Flamed-7-150x125.jpg 150w\" sizes=\"(max-width: 1102px) 100vw, 1102px\" \/><\/p>\n<p>&nbsp;<\/p>\n<p>&nbsp;<\/p>\n<p>&nbsp;<\/p>\n<\/div>\n<\/div>\n<\/div>","protected":false},"excerpt":{"rendered":"<p>Granite Paving Stone Driveway phonenix power stone Indoor and Outdoor Stairs Polished Flamed granite paving stone driveway is the perfect<\/p>","protected":false},"featured_media":27060,"template":"","meta":[],"product_cat":[112],"product_tag":[],"_links":{"self":[{"href":"https:\/\/stone-phoenix.com\/fr\/wp-json\/wp\/v2\/product\/20726"}],"collection":[{"href":"https:\/\/stone-phoenix.com\/fr\/wp-json\/wp\/v2\/product"}],"about":[{"href":"https:\/\/stone-phoenix.com\/fr\/wp-json\/wp\/v2\/types\/product"}],"wp:featuredmedia":[{"embeddable":true,"href":"https:\/\/stone-phoenix.com\/fr\/wp-json\/wp\/v2\/media\/27060"}],"wp:attachment":[{"href":"https:\/\/stone-phoenix.com\/fr\/wp-json\/wp\/v2\/media?parent=20726"}],"wp:term":[{"taxonomy":"product_cat","embeddable":true,"href":"https:\/\/stone-phoenix.com\/fr\/wp-json\/wp\/v2\/product_cat?post=20726"},{"taxonomy":"product_tag","embeddable":true,"href":"https:\/\/stone-phoenix.com\/fr\/wp-json\/wp\/v2\/product_tag?post=20726"}],"curies":[{"name":"wp","href":"https:\/\/api.w.org\/{rel}","templated":true}]}}