{"id":20732,"date":"2023-12-29T20:20:43","date_gmt":"2023-12-29T12:20:43","guid":{"rendered":"http:\/\/stone-phoenix.com\/product\/granite-pool-coping-stone-g654-natural-stone"},"modified":"2024-04-02T18:48:50","modified_gmt":"2024-04-02T10:48:50","slug":"granite-pool-coping-stone-g654-natural-stone","status":"publish","type":"product","link":"https:\/\/stone-phoenix.com\/fr\/produit\/granite-pool-coping-stone-g654-natural-stone","title":{"rendered":"Margelle de piscine en granit G654 pierre naturelle"},"content":{"rendered":"<div id=\"tab-description\" class=\"woocommerce-Tabs-panel woocommerce-Tabs-panel--description panel entry-content wc-tab\" role=\"tabpanel\" aria-labelledby=\"tab-title-description\">\n<div id=\"ali-anchor-AliPostDhMb-6q8vw\" class=\"mceSectionContainer\" style=\"padding-top: 8px;\" data-section=\"AliPostDhMb-6q8vw\" data-section-title=\"Product Description\">\n<h2 style=\"text-align: center;\">Margelle de piscine en granit G654 pierre naturelle pav\u00e9 d'all\u00e9e pav\u00e9 dalle pierre<\/h2>\n<p>Les margelles de piscine en granit sont le meilleur choix pour votre piscine. Les margelles de piscine en granit sont solides et durables, ce qui en fait la solution id\u00e9ale pour ceux qui ont besoin d'une belle margelle de haute qualit\u00e9. C'est un produit naturel, donc chaque pi\u00e8ce est unique et peut pr\u00e9senter des variations de couleur, de texture, de motif et de veinage.<\/p>\n<p>Ces margelles rondes en b\u00e9ton sont id\u00e9ales pour obtenir un aspect naturel et compl\u00e9teront n'importe quel type de projet de piscine ou de spa. Nos margelles de piscine sont disponibles en finition lisse ou flamm\u00e9e ; veuillez consulter notre page d'ajout de texture pour plus d'informations sur les options de texture. Elles peuvent \u00eatre utilis\u00e9es pour cr\u00e9er le bord de votre piscine ou de votre spa afin que l'eau s'\u00e9coule en douceur autour d'eux sans risque de blessure.<\/p>\n<p>Les margelles de piscine en granit sont un excellent moyen de terminer votre piscine et de la faire ressembler \u00e0 une extension naturelle de votre patio ou de votre terrasse. Ces produits sont \u00e0 la fois durables et \u00e9l\u00e9gants, et ils sont disponibles en diff\u00e9rentes couleurs qui s'harmonisent avec n'importe quel espace ext\u00e9rieur. Visitez notre boutique en ligne pour acheter des margelles de piscine assorties et cr\u00e9er les marches parfaites dans votre jardin.<\/p>\n<div id=\"ali-title-AliPostDhMb-6q8vw\" style=\"padding: 8px 0; border-bottom: 1px solid #ddd;\"><span style=\"background-color: #ddd; color: #333; font-weight: bold; padding: 8px 10px; line-height: 12px;\">Description du produit<\/span><\/div>\n<div style=\"padding: 10px 0;\">\n<table class=\"aliDataTable\" style=\"color: #000000; font-family: Arial; font-size: 12px; font-style: normal; font-weight: 400; background-color: #ffffff; width: 698px; height: 226px; border: 1px solid #b3b3b3;\">\n<tbody>\n<tr>\n<td style=\"border: 1px solid #707070; width: 159.663px;\"><strong><span style=\"font-family: arial, helvetica, sans-serif; font-size: 14px;\">Nom du produit :<\/span><\/strong><\/td>\n<td style=\"border: 1px solid #707070; width: 553.337px;\"><span style=\"font-family: arial, helvetica, sans-serif; font-size: 14px;\">G654 Marge de granit pour piscine<\/span><\/td>\n<\/tr>\n<tr>\n<td style=\"border: 1px solid #707070; width: 159.663px;\"><strong><span style=\"font-family: arial, helvetica, sans-serif; font-size: 14px;\">Mat\u00e9riau :<\/span><\/strong><\/td>\n<td style=\"border: 1px solid #707070; width: 553.337px;\"><span style=\"font-size: 14px;\">Granit<\/span><\/td>\n<\/tr>\n<tr>\n<td style=\"border: 1px solid #707070; width: 159.663px;\"><strong><span style=\"font-family: arial, helvetica, sans-serif; font-size: 14px;\">Couleur :<\/span><\/strong><\/td>\n<td style=\"border: 1px solid #707070; width: 553.337px;\"><span style=\"font-family: arial, helvetica, sans-serif; font-size: 14px;\">Blanc, noir, jaune, rouge, rose, gris, brun, bleu, vert, etc.<\/span><\/td>\n<\/tr>\n<tr>\n<td style=\"border: 1px solid #707070; width: 159.663px;\" rowspan=\"3\"><strong><span style=\"font-family: arial, helvetica, sans-serif; font-size: 14px;\">Taille :<\/span><\/strong><\/td>\n<td style=\"border: 1px solid #707070; width: 553.337px;\"><span style=\"text-decoration: underline;\"><span style=\"font-size: 14px;\">Carreaux disponibles <\/span><\/span><br \/>\n<span style=\"font-size: 14px;\">12\u2019x12\u2033,24\u2019x24\u2033,12\u2019x24\u2033,etc <\/span><span style=\"font-size: 14px;\">300x300mm,300x600mm,400x400mm,600x600mm,etc<\/span><\/td>\n<\/tr>\n<tr>\n<td style=\"border: 1px solid #707070; width: 553.337px;\"><span style=\"text-decoration: underline;\"><span style=\"font-size: 14px;\">Dalles disponibles <\/span><\/span><\/p>\n<p><span style=\"font-size: 14px;\">180cmUpx60UP,180cmUpx65cmUP,180cmUpx70cmUP,etc<\/span><br \/>\n<span style=\"font-size: 14px;\">240cmUpx120cmUP,etc<\/span><\/td>\n<\/tr>\n<tr>\n<td style=\"border: 1px solid #707070; width: 553.337px;\"><span style=\"font-family: arial, helvetica, sans-serif; font-size: 14px;\">Des sp\u00e9cifications personnalis\u00e9es sont disponibles<\/span><\/td>\n<\/tr>\n<tr>\n<td style=\"border: 1px solid #707070; width: 159.663px;\"><strong><span style=\"font-family: arial, helvetica, sans-serif; font-size: 14px;\">Tol\u00e9rance d'\u00e9paisseur :<\/span><\/strong><\/td>\n<td style=\"border: 1px solid #707070; width: 553.337px;\"><span style=\"font-family: arial, helvetica, sans-serif; font-size: 14px;\">\u00b10,05mm, \u00b11mm, \u00b11,5mm, \u00b12mm, selon les exigences de qualit\u00e9 du client<\/span><\/td>\n<\/tr>\n<tr>\n<td style=\"border: 1px solid #707070; width: 159.663px;\"><strong><span style=\"font-family: arial, helvetica, sans-serif; font-size: 14px;\">Surface :<\/span><\/strong><\/td>\n<td style=\"border: 1px solid #707070; width: 553.337px;\"><span style=\"font-family: arial, helvetica, sans-serif; font-size: 14px;\">P<\/span><span style=\"font-size: 14px;\">ol\u00e9, adouci, flamm\u00e9, sabl\u00e9, bouchard\u00e9, fendu naturel, flamm\u00e9 et bross\u00e9, etc.<\/span><\/td>\n<\/tr>\n<tr>\n<td style=\"border: 1px solid #707070; width: 159.663px;\"><strong><span style=\"font-family: arial, helvetica, sans-serif; font-size: 14px;\">Emballage :<\/span><\/strong><\/td>\n<td style=\"border: 1px solid #707070; width: 553.337px;\"><span style=\"font-size: 14px;\">Palettes en bois en \u00e9tat de navigabilit\u00e9, fardeaux en bois et caisses en bois<\/span><\/td>\n<\/tr>\n<tr>\n<td style=\"border: 1px solid #707070; width: 159.663px;\"><strong><span style=\"font-family: arial, helvetica, sans-serif; font-size: 14px;\">Application :<\/span><\/strong><\/td>\n<td style=\"border: 1px solid #707070; width: 553.337px;\"><span style=\"font-family: arial, helvetica, sans-serif; font-size: 14px;\">Sol, mur, motif, comptoir, d\u00e9coration int\u00e9rieure et ext\u00e9rieure<\/span><\/td>\n<\/tr>\n<tr>\n<td style=\"border: 1px solid #707070; width: 159.663px;\"><strong><span style=\"font-family: arial, helvetica, sans-serif; font-size: 14px;\">D\u00e9lai de livraison :<\/span><\/strong><\/td>\n<td style=\"border: 1px solid #707070; width: 553.337px;\"><span style=\"font-size: 14px;\">15-20 jours pour l'enregistrement<\/span><span style=\"font-family: arial, helvetica, sans-serif; font-size: 14px;\">tailles lar<\/span><\/td>\n<\/tr>\n<tr>\n<td style=\"border: 1px solid #707070; width: 159.663px;\"><strong><span style=\"font-family: arial, helvetica, sans-serif; font-size: 14px;\">Certificat :<\/span><\/strong><\/td>\n<td style=\"border: 1px solid #707070; width: 553.337px;\"><span style=\"font-family: arial, helvetica, sans-serif; font-size: 14px;\">CE, SGS<\/span><\/td>\n<\/tr>\n<tr>\n<td style=\"border: 1px solid #707070; width: 159.663px;\"><strong><span style=\"font-family: arial, helvetica, sans-serif; font-size: 14px;\">Conditions de paiement :<\/span><\/strong><\/td>\n<td style=\"border: 1px solid #707070; width: 553.337px;\"><span style=\"font-size: 14px;\">T\/T, L\/C, D<span style=\"color: #000000; font-family: Verdana, Arial, Helvetica, sans-serif; font-size: 14px; font-style: normal; font-weight: 400; background-color: #ffffff; float: none;\">\/<\/span>P<\/span><\/td>\n<\/tr>\n<tr>\n<td style=\"border: 1px solid #707070; width: 159.663px;\"><strong><span style=\"font-family: arial, helvetica, sans-serif; font-size: 14px;\">Avantage :<\/span><\/strong><\/td>\n<td style=\"border: 1px solid #707070; width: 553.337px;\"><span style=\"font-family: arial, helvetica, sans-serif; font-size: 14px;\">1) Service unique pour la pierre ;<\/span><\/p>\n<p><span style=\"font-family: arial, helvetica, sans-serif; font-size: 14px;\">2) poss\u00e8dent 3 carri\u00e8res et 9 usines ;<\/span><\/p>\n<p><span style=\"font-family: arial, helvetica, sans-serif; font-size: 14px;\">3) Des supports technologiques de pointe.<\/span><\/td>\n<\/tr>\n<tr>\n<td style=\"border: 1px solid #707070; width: 159.663px;\"><strong><span style=\"font-family: arial, helvetica, sans-serif; font-size: 14px;\">Assurance de la qualit\u00e9 et de la livraison :\u00a0<\/span><\/strong><\/td>\n<td style=\"border: 1px solid #707070; width: 553.337px;\"><span style=\"font-size: 14px;\">Tout au long du processus de production, du choix des mat\u00e9riaux \u00e0 l'emballage en passant par la fabrication, notre service de contr\u00f4le de la qualit\u00e9 contr\u00f4le rigoureusement chaque pi\u00e8ce et chaque processus afin de garantir le respect des normes de qualit\u00e9 et le respect des d\u00e9lais de livraison.<\/span><\/td>\n<\/tr>\n<\/tbody>\n<\/table>\n<p><img loading=\"lazy\" decoding=\"async\" class=\"alignnone size-full wp-image-27055\" src=\"http:\/\/stone-phoenix.com\/wp-content\/uploads\/2023\/12\/Granite-pool-coping-stone-G654-natural-stone-12.jpg\" alt=\"\" width=\"1440\" height=\"1080\" srcset=\"https:\/\/stone-phoenix.com\/wp-content\/uploads\/2023\/12\/Granite-pool-coping-stone-G654-natural-stone-12.jpg 1440w, https:\/\/stone-phoenix.com\/wp-content\/uploads\/2023\/12\/Granite-pool-coping-stone-G654-natural-stone-12-300x225.jpg 300w, https:\/\/stone-phoenix.com\/wp-content\/uploads\/2023\/12\/Granite-pool-coping-stone-G654-natural-stone-12-1024x768.jpg 1024w, https:\/\/stone-phoenix.com\/wp-content\/uploads\/2023\/12\/Granite-pool-coping-stone-G654-natural-stone-12-768x576.jpg 768w, https:\/\/stone-phoenix.com\/wp-content\/uploads\/2023\/12\/Granite-pool-coping-stone-G654-natural-stone-12-16x12.jpg 16w, https:\/\/stone-phoenix.com\/wp-content\/uploads\/2023\/12\/Granite-pool-coping-stone-G654-natural-stone-12-600x450.jpg 600w, https:\/\/stone-phoenix.com\/wp-content\/uploads\/2023\/12\/Granite-pool-coping-stone-G654-natural-stone-12-150x113.jpg 150w\" sizes=\"(max-width: 1440px) 100vw, 1440px\" \/> <img loading=\"lazy\" decoding=\"async\" class=\"alignnone size-full wp-image-27056\" src=\"http:\/\/stone-phoenix.com\/wp-content\/uploads\/2023\/12\/Granite-pool-coping-stone-G654-natural-stone-11.jpg\" alt=\"\" width=\"1080\" height=\"1440\" srcset=\"https:\/\/stone-phoenix.com\/wp-content\/uploads\/2023\/12\/Granite-pool-coping-stone-G654-natural-stone-11.jpg 1080w, https:\/\/stone-phoenix.com\/wp-content\/uploads\/2023\/12\/Granite-pool-coping-stone-G654-natural-stone-11-225x300.jpg 225w, https:\/\/stone-phoenix.com\/wp-content\/uploads\/2023\/12\/Granite-pool-coping-stone-G654-natural-stone-11-768x1024.jpg 768w, https:\/\/stone-phoenix.com\/wp-content\/uploads\/2023\/12\/Granite-pool-coping-stone-G654-natural-stone-11-9x12.jpg 9w, https:\/\/stone-phoenix.com\/wp-content\/uploads\/2023\/12\/Granite-pool-coping-stone-G654-natural-stone-11-600x800.jpg 600w, https:\/\/stone-phoenix.com\/wp-content\/uploads\/2023\/12\/Granite-pool-coping-stone-G654-natural-stone-11-150x200.jpg 150w\" sizes=\"(max-width: 1080px) 100vw, 1080px\" \/> <img loading=\"lazy\" decoding=\"async\" class=\"alignnone size-full wp-image-27058\" src=\"http:\/\/stone-phoenix.com\/wp-content\/uploads\/2023\/12\/Granite-pool-coping-stone-G654-natural-stone-14.jpg\" alt=\"\" width=\"1702\" height=\"1276\" srcset=\"https:\/\/stone-phoenix.com\/wp-content\/uploads\/2023\/12\/Granite-pool-coping-stone-G654-natural-stone-14.jpg 1702w, https:\/\/stone-phoenix.com\/wp-content\/uploads\/2023\/12\/Granite-pool-coping-stone-G654-natural-stone-14-300x225.jpg 300w, https:\/\/stone-phoenix.com\/wp-content\/uploads\/2023\/12\/Granite-pool-coping-stone-G654-natural-stone-14-1024x768.jpg 1024w, https:\/\/stone-phoenix.com\/wp-content\/uploads\/2023\/12\/Granite-pool-coping-stone-G654-natural-stone-14-768x576.jpg 768w, https:\/\/stone-phoenix.com\/wp-content\/uploads\/2023\/12\/Granite-pool-coping-stone-G654-natural-stone-14-1536x1152.jpg 1536w, https:\/\/stone-phoenix.com\/wp-content\/uploads\/2023\/12\/Granite-pool-coping-stone-G654-natural-stone-14-16x12.jpg 16w, https:\/\/stone-phoenix.com\/wp-content\/uploads\/2023\/12\/Granite-pool-coping-stone-G654-natural-stone-14-600x450.jpg 600w, https:\/\/stone-phoenix.com\/wp-content\/uploads\/2023\/12\/Granite-pool-coping-stone-G654-natural-stone-14-150x112.jpg 150w\" sizes=\"(max-width: 1702px) 100vw, 1702px\" \/><img loading=\"lazy\" decoding=\"async\" class=\"alignnone size-full wp-image-27059\" src=\"http:\/\/stone-phoenix.com\/wp-content\/uploads\/2023\/12\/Granite-pool-coping-stone-G654-natural-stone-8.jpg\" alt=\"\" width=\"1386\" height=\"988\" srcset=\"https:\/\/stone-phoenix.com\/wp-content\/uploads\/2023\/12\/Granite-pool-coping-stone-G654-natural-stone-8.jpg 1386w, https:\/\/stone-phoenix.com\/wp-content\/uploads\/2023\/12\/Granite-pool-coping-stone-G654-natural-stone-8-300x214.jpg 300w, https:\/\/stone-phoenix.com\/wp-content\/uploads\/2023\/12\/Granite-pool-coping-stone-G654-natural-stone-8-1024x730.jpg 1024w, https:\/\/stone-phoenix.com\/wp-content\/uploads\/2023\/12\/Granite-pool-coping-stone-G654-natural-stone-8-768x547.jpg 768w, https:\/\/stone-phoenix.com\/wp-content\/uploads\/2023\/12\/Granite-pool-coping-stone-G654-natural-stone-8-18x12.jpg 18w, https:\/\/stone-phoenix.com\/wp-content\/uploads\/2023\/12\/Granite-pool-coping-stone-G654-natural-stone-8-600x428.jpg 600w, https:\/\/stone-phoenix.com\/wp-content\/uploads\/2023\/12\/Granite-pool-coping-stone-G654-natural-stone-8-150x107.jpg 150w\" sizes=\"(max-width: 1386px) 100vw, 1386px\" \/><\/p>\n<p><a href=\"https:\/\/longtopstone.com\/product-category\/chinese-granite\/\">VOIR PLUS&gt;&gt;&gt;<\/a><\/p>\n<\/div>\n<\/div>\n<\/div>","protected":false},"excerpt":{"rendered":"<p>Granite pool coping stone G654 natural stone swimming paver driveway paving slab stone Granite pool coping stone is the best<\/p>","protected":false},"featured_media":27050,"template":"","meta":[],"product_cat":[112],"product_tag":[],"_links":{"self":[{"href":"https:\/\/stone-phoenix.com\/fr\/wp-json\/wp\/v2\/product\/20732"}],"collection":[{"href":"https:\/\/stone-phoenix.com\/fr\/wp-json\/wp\/v2\/product"}],"about":[{"href":"https:\/\/stone-phoenix.com\/fr\/wp-json\/wp\/v2\/types\/product"}],"wp:featuredmedia":[{"embeddable":true,"href":"https:\/\/stone-phoenix.com\/fr\/wp-json\/wp\/v2\/media\/27050"}],"wp:attachment":[{"href":"https:\/\/stone-phoenix.com\/fr\/wp-json\/wp\/v2\/media?parent=20732"}],"wp:term":[{"taxonomy":"product_cat","embeddable":true,"href":"https:\/\/stone-phoenix.com\/fr\/wp-json\/wp\/v2\/product_cat?post=20732"},{"taxonomy":"product_tag","embeddable":true,"href":"https:\/\/stone-phoenix.com\/fr\/wp-json\/wp\/v2\/product_tag?post=20732"}],"curies":[{"name":"wp","href":"https:\/\/api.w.org\/{rel}","templated":true}]}}