{"id":20740,"date":"2023-12-29T20:20:58","date_gmt":"2023-12-29T12:20:58","guid":{"rendered":"http:\/\/stone-phoenix.com\/product\/granite-slabs-for-sale-granite-tile-granite-countertop"},"modified":"2024-03-31T15:12:37","modified_gmt":"2024-03-31T07:12:37","slug":"granite-slabs-for-sale-granite-tile-granite-countertop","status":"publish","type":"product","link":"https:\/\/stone-phoenix.com\/fr\/produit\/granite-slabs-for-sale-granite-tile-granite-countertop","title":{"rendered":"dalles de granit \u00e0 vendre carreaux de granit comptoir de granit"},"content":{"rendered":"<div id=\"tab-description\" class=\"woocommerce-Tabs-panel woocommerce-Tabs-panel--description panel entry-content wc-tab\" role=\"tabpanel\" aria-labelledby=\"tab-title-description\">\n<h2>dalles de granit \u00e0 vendre carreaux de granit comptoir de granit<\/h2>\n<p>Le granit en vente est le mat\u00e9riau principal pour la fabrication de meubles fabriqu\u00e9s \u00e0 partir de mat\u00e9riaux \u00e0 haute densit\u00e9 tels que le fer et d'autres m\u00e9taux. il est \u00e9galement utilis\u00e9 pour la fabrication de pi\u00e8ces de machines et de navires. l'utilisation d'anciens mat\u00e9riaux de construction de fermes en bois a \u00e9t\u00e9 en plein essor r\u00e9cemment en raison des politiques de protection de l'environnement.Nous avons les meilleures dalles de granit en vente aux meilleurs prix. Nous avons les meilleures dalles de granit \u00e0 vendre aux meilleurs prix.<\/p>\n<p>Avec ses magnifiques motifs naturels et ses teintes riches et color\u00e9es, le granit est consid\u00e9r\u00e9 comme l'un des mat\u00e9riaux de comptoir les plus \u00e9l\u00e9gants et les plus polyvalents du march\u00e9. Le granit est un mat\u00e9riau extr\u00eamement durable, r\u00e9sistant aux rayures et \u00e0 la chaleur, ce qui le rend id\u00e9al pour les cuisines fr\u00e9quemment utilis\u00e9es. Notre dalle de granit peut \u00eatre utilis\u00e9e pour des projets d'int\u00e9rieur tels que des comptoirs de cuisine, des tables de salle \u00e0 manger et des tables d'entr\u00e9e.<\/p>\n<p>Nous fournissons des dalles de granit de diff\u00e9rentes tailles, couleurs et finitions. Nous disposons d'une vaste s\u00e9lection de dalles de granit pour les plans de travail de cuisine et les plans de toilette de salle de bains. Sa grande surface la rend facile \u00e0 nettoyer et \u00e0 utiliser, tandis que la pierre naturelle donne \u00e0 votre espace une touche de charme organique.Nos dalles de granit sont d'une qualit\u00e9 et d'un rapport qualit\u00e9-prix exceptionnels.<\/p>\n<p>Nous travaillons avec un certain nombre de fabricants sp\u00e9cialis\u00e9s dans la fabrication de granit, ce qui nous permet de proposer un large choix de tailles et de couleurs pour r\u00e9pondre \u00e0 vos besoins.Cette dalle de granit est un excellent compl\u00e9ment \u00e0 toute cuisine ou salle de bains. Nos dalles de granit sont coup\u00e9es sur mesure et pr\u00eates \u00e0 \u00eatre install\u00e9es. Nous proposons une grande vari\u00e9t\u00e9 de couleurs, d'\u00e9paisseurs et de finitions.<\/p>\n<div id=\"ali-anchor-AliPostDhMb-vf0qg\" class=\"mceSectionContainer\" style=\"padding-top: 8px;\" data-section=\"AliPostDhMb-vf0qg\" data-section-title=\"Product Description\">\n<div id=\"ali-title-AliPostDhMb-vf0qg\" style=\"padding: 8px 0; border-bottom: 1px solid #ddd;\"><span style=\"background-color: #ddd; color: #333; font-weight: bold; padding: 8px 10px; line-height: 12px;\">Description du produit<\/span><\/div>\n<div><img loading=\"lazy\" decoding=\"async\" class=\"alignnone  wp-image-27047\" src=\"http:\/\/stone-phoenix.com\/wp-content\/uploads\/2023\/12\/granite-slabs-for-sale-granite-tile-granite-countertop-6.jpg\" alt=\"\" width=\"953\" height=\"714\" srcset=\"https:\/\/stone-phoenix.com\/wp-content\/uploads\/2023\/12\/granite-slabs-for-sale-granite-tile-granite-countertop-6.jpg 697w, https:\/\/stone-phoenix.com\/wp-content\/uploads\/2023\/12\/granite-slabs-for-sale-granite-tile-granite-countertop-6-300x225.jpg 300w, https:\/\/stone-phoenix.com\/wp-content\/uploads\/2023\/12\/granite-slabs-for-sale-granite-tile-granite-countertop-6-16x12.jpg 16w, https:\/\/stone-phoenix.com\/wp-content\/uploads\/2023\/12\/granite-slabs-for-sale-granite-tile-granite-countertop-6-600x449.jpg 600w, https:\/\/stone-phoenix.com\/wp-content\/uploads\/2023\/12\/granite-slabs-for-sale-granite-tile-granite-countertop-6-150x112.jpg 150w\" sizes=\"(max-width: 953px) 100vw, 953px\" \/><img loading=\"lazy\" decoding=\"async\" class=\"alignnone size-full wp-image-27048\" src=\"http:\/\/stone-phoenix.com\/wp-content\/uploads\/2023\/12\/granite-slabs-for-sale-granite-tile-granite-countertop-7.jpg\" alt=\"\" width=\"1093\" height=\"1098\" srcset=\"https:\/\/stone-phoenix.com\/wp-content\/uploads\/2023\/12\/granite-slabs-for-sale-granite-tile-granite-countertop-7.jpg 1093w, https:\/\/stone-phoenix.com\/wp-content\/uploads\/2023\/12\/granite-slabs-for-sale-granite-tile-granite-countertop-7-300x300.jpg 300w, https:\/\/stone-phoenix.com\/wp-content\/uploads\/2023\/12\/granite-slabs-for-sale-granite-tile-granite-countertop-7-1019x1024.jpg 1019w, https:\/\/stone-phoenix.com\/wp-content\/uploads\/2023\/12\/granite-slabs-for-sale-granite-tile-granite-countertop-7-150x151.jpg 150w, https:\/\/stone-phoenix.com\/wp-content\/uploads\/2023\/12\/granite-slabs-for-sale-granite-tile-granite-countertop-7-768x772.jpg 768w, https:\/\/stone-phoenix.com\/wp-content\/uploads\/2023\/12\/granite-slabs-for-sale-granite-tile-granite-countertop-7-12x12.jpg 12w, https:\/\/stone-phoenix.com\/wp-content\/uploads\/2023\/12\/granite-slabs-for-sale-granite-tile-granite-countertop-7-600x603.jpg 600w\" sizes=\"(max-width: 1093px) 100vw, 1093px\" \/><\/div>\n<div><\/div>\n<div style=\"padding: 10px 0;\">\n<table class=\"aliDataTable\" style=\"color: #000000; font-family: Arial; font-size: 12px; font-style: normal; font-weight: 400; background-color: #ffffff; width: 700px; height: 226px; border: 1px solid #b3b3b3;\">\n<tbody>\n<tr>\n<td style=\"border: 1px solid #707070; width: 156px;\"><strong><span style=\"font-family: arial, helvetica, sans-serif; font-size: 14px;\">Nom du produit :<\/span><\/strong><\/td>\n<td style=\"border: 1px solid #707070; width: 557px;\"><span style=\"font-family: arial, helvetica, sans-serif; font-size: 14px;\">Granit divers<\/span><\/td>\n<\/tr>\n<tr>\n<td style=\"border: 1px solid #707070; width: 156px;\"><strong><span style=\"font-family: arial, helvetica, sans-serif; font-size: 14px;\">Mat\u00e9riau :<\/span><\/strong><\/td>\n<td style=\"border: 1px solid #707070; width: 557px;\"><span style=\"font-size: 14px;\">Granit<\/span><\/td>\n<\/tr>\n<tr>\n<td style=\"border: 1px solid #707070; width: 156px;\"><strong><span style=\"font-family: arial, helvetica, sans-serif; font-size: 14px;\">Couleur :<\/span><\/strong><\/td>\n<td style=\"border: 1px solid #707070; width: 557px;\"><span style=\"font-family: arial, helvetica, sans-serif; font-size: 14px;\">Blanc, noir, jaune, rouge, rose, gris, brun, bleu, vert, etc.<\/span><\/td>\n<\/tr>\n<tr>\n<td style=\"border: 1px solid #707070; width: 156px;\" rowspan=\"3\"><strong><span style=\"font-family: arial, helvetica, sans-serif; font-size: 14px;\">Taille :<\/span><\/strong><\/td>\n<td style=\"border: 1px solid #707070; width: 557px;\"><span style=\"text-decoration: underline;\"><span style=\"font-size: 14px;\">Carreaux disponibles <\/span><\/span><br \/>\n<span style=\"font-size: 14px;\">12\u2019x12\u2033,24\u2019x24\u2033,12\u2019x24\u2033,etc <\/span><span style=\"font-size: 14px;\">300x300mm,300x600mm,400x400mm,600x600mm,etc<\/span><\/td>\n<\/tr>\n<tr>\n<td style=\"border: 1px solid #707070; width: 557px;\"><span style=\"text-decoration: underline;\"><span style=\"font-size: 14px;\">Dalles disponibles <\/span><\/span><\/p>\n<p><span style=\"font-size: 14px;\">180cmUpx60UP,180cmUpx65cmUP,180cmUpx70cmUP,etc<\/span><br \/>\n<span style=\"font-size: 14px;\">240cmUpx120cmUP,etc<\/span><\/td>\n<\/tr>\n<tr>\n<td style=\"border: 1px solid #707070; width: 557px;\"><span style=\"font-family: arial, helvetica, sans-serif; font-size: 14px;\">Des sp\u00e9cifications personnalis\u00e9es sont disponibles<\/span><\/td>\n<\/tr>\n<tr>\n<td style=\"border: 1px solid #707070; width: 156px;\"><strong><span style=\"font-family: arial, helvetica, sans-serif; font-size: 14px;\">Tol\u00e9rance d'\u00e9paisseur :<\/span><\/strong><\/td>\n<td style=\"border: 1px solid #707070; width: 557px;\"><span style=\"font-family: arial, helvetica, sans-serif; font-size: 14px;\">\u00b10,05mm, \u00b11mm, \u00b11,5mm, \u00b12mm, selon les exigences de qualit\u00e9 du client<\/span><\/td>\n<\/tr>\n<tr>\n<td style=\"border: 1px solid #707070; width: 156px;\"><strong><span style=\"font-family: arial, helvetica, sans-serif; font-size: 14px;\">Surface :<\/span><\/strong><\/td>\n<td style=\"border: 1px solid #707070; width: 557px;\"><span style=\"font-family: arial, helvetica, sans-serif; font-size: 14px;\">Poli, adouci, flamm\u00e9, sabl\u00e9, bouchard\u00e9<span style=\"font-size: 14px;\">ed, antique,<\/span>fendu naturel, flamm\u00e9 et bross\u00e9,<\/span><span style=\"font-size: 14px;\">etc.<\/span><\/td>\n<\/tr>\n<tr>\n<td style=\"border: 1px solid #707070; width: 156px;\"><strong><span style=\"font-family: arial, helvetica, sans-serif; font-size: 14px;\">Emballage :<\/span><\/strong><\/td>\n<td style=\"border: 1px solid #707070; width: 557px;\"><span style=\"font-size: 14px;\">Palettes en bois en \u00e9tat de navigabilit\u00e9, fardeaux en bois et caisses en bois<\/span><\/td>\n<\/tr>\n<tr>\n<td style=\"border: 1px solid #707070; width: 156px;\"><strong><span style=\"font-family: arial, helvetica, sans-serif; font-size: 14px;\">Application :<\/span><\/strong><\/td>\n<td style=\"border: 1px solid #707070; width: 557px;\"><span style=\"font-family: arial, helvetica, sans-serif; font-size: 14px;\">Sol, mur, motif, comptoir, d\u00e9coration int\u00e9rieure et ext\u00e9rieure<\/span><\/td>\n<\/tr>\n<tr>\n<td style=\"border: 1px solid #707070; width: 156px;\"><strong><span style=\"font-family: arial, helvetica, sans-serif; font-size: 14px;\">D\u00e9lai de livraison :<\/span><\/strong><\/td>\n<td style=\"border: 1px solid #707070; width: 557px;\"><span style=\"font-size: 14px;\">15-20 jours pour l'enregistrement<\/span><span style=\"font-family: arial, helvetica, sans-serif; font-size: 14px;\">tailles lar<\/span><\/td>\n<\/tr>\n<tr>\n<td style=\"border: 1px solid #707070; width: 156px;\"><strong><span style=\"font-family: arial, helvetica, sans-serif; font-size: 14px;\">Certificat :<\/span><\/strong><\/td>\n<td style=\"border: 1px solid #707070; width: 557px;\"><span style=\"font-family: arial, helvetica, sans-serif; font-size: 14px;\">CE, SGS<\/span><\/td>\n<\/tr>\n<tr>\n<td style=\"border: 1px solid #707070; width: 156px;\"><strong><span style=\"font-family: arial, helvetica, sans-serif; font-size: 14px;\">Conditions de paiement :<\/span><\/strong><\/td>\n<td style=\"border: 1px solid #707070; width: 557px;\"><span style=\"font-size: 14px;\">T\/T, L\/C, D<span style=\"color: #000000; font-family: Verdana, Arial, Helvetica, sans-serif; font-size: 14px; font-style: normal; font-weight: 400; background-color: #ffffff; float: none;\">\/<\/span>P<\/span><\/td>\n<\/tr>\n<tr>\n<td style=\"border: 1px solid #707070; width: 156px;\"><strong><span style=\"font-family: arial, helvetica, sans-serif; font-size: 14px;\">Avantage :<\/span><\/strong><\/td>\n<td style=\"border: 1px solid #707070; width: 557px;\"><span style=\"font-family: arial, helvetica, sans-serif; font-size: 14px;\">1) Service unique pour la pierre ;<\/span><\/p>\n<p><span style=\"font-family: arial, helvetica, sans-serif; font-size: 14px;\">2) poss\u00e8dent 3 carri\u00e8res et 9 usines ;<\/span><\/p>\n<p><span style=\"font-family: arial, helvetica, sans-serif; font-size: 14px;\">3) Des supports technologiques de pointe.<\/span><\/td>\n<\/tr>\n<tr>\n<td style=\"border: 1px solid #707070; width: 156px;\"><strong><span style=\"font-family: arial, helvetica, sans-serif; font-size: 14px;\">Assurance de la qualit\u00e9 et de la livraison :\u00a0<\/span><\/strong><\/td>\n<td style=\"border: 1px solid #707070; width: 557px;\"><span style=\"font-size: 14px;\">Tout au long du processus de production, du choix des mat\u00e9riaux \u00e0 l'emballage en passant par la fabrication, notre service de contr\u00f4le de la qualit\u00e9 contr\u00f4le rigoureusement chaque pi\u00e8ce et chaque processus afin de garantir le respect des normes de qualit\u00e9 et le respect des d\u00e9lais de livraison.<\/span><\/td>\n<\/tr>\n<\/tbody>\n<\/table>\n<\/div>\n<\/div>\n<\/div>","protected":false},"excerpt":{"rendered":"<p>granite slabs for sale granite tile granite countertop granite slabs for sale is the main material for making furniture crafted<\/p>","protected":false},"featured_media":27041,"template":"","meta":[],"product_cat":[112],"product_tag":[],"_links":{"self":[{"href":"https:\/\/stone-phoenix.com\/fr\/wp-json\/wp\/v2\/product\/20740"}],"collection":[{"href":"https:\/\/stone-phoenix.com\/fr\/wp-json\/wp\/v2\/product"}],"about":[{"href":"https:\/\/stone-phoenix.com\/fr\/wp-json\/wp\/v2\/types\/product"}],"wp:featuredmedia":[{"embeddable":true,"href":"https:\/\/stone-phoenix.com\/fr\/wp-json\/wp\/v2\/media\/27041"}],"wp:attachment":[{"href":"https:\/\/stone-phoenix.com\/fr\/wp-json\/wp\/v2\/media?parent=20740"}],"wp:term":[{"taxonomy":"product_cat","embeddable":true,"href":"https:\/\/stone-phoenix.com\/fr\/wp-json\/wp\/v2\/product_cat?post=20740"},{"taxonomy":"product_tag","embeddable":true,"href":"https:\/\/stone-phoenix.com\/fr\/wp-json\/wp\/v2\/product_tag?post=20740"}],"curies":[{"name":"wp","href":"https:\/\/api.w.org\/{rel}","templated":true}]}}