{"id":20743,"date":"2023-12-29T20:21:05","date_gmt":"2023-12-29T12:21:05","guid":{"rendered":"http:\/\/stone-phoenix.com\/product\/granite-stair-china-anti-slip"},"modified":"2024-03-31T15:01:30","modified_gmt":"2024-03-31T07:01:30","slug":"granite-stair-china-anti-slip","status":"publish","type":"product","link":"https:\/\/stone-phoenix.com\/fr\/produit\/granite-stair-china-anti-slip","title":{"rendered":"Escalier en granit Chine antid\u00e9rapant"},"content":{"rendered":"<div id=\"tab-description\" class=\"woocommerce-Tabs-panel woocommerce-Tabs-panel--description panel entry-content wc-tab\" role=\"tabpanel\" aria-labelledby=\"tab-title-description\">\n<div id=\"ali-anchor-AliPostDhMb-hpqrn\" style=\"padding-top: 8px;\" data-section=\"AliPostDhMb-hpqrn\" data-section-title=\"Product Description\">\n<div>\n<h2>Escalier en granit Chine antid\u00e9rapant<\/h2>\n<p>Les escaliers en granit sont une option populaire et durable pour ajouter une touche d'\u00e9l\u00e9gance et de style aux maisons et aux b\u00e2timents commerciaux. Le granit est une pierre naturelle connue pour sa beaut\u00e9 et sa r\u00e9sistance, ce qui en fait le choix id\u00e9al pour des escaliers qui supporteront un trafic pi\u00e9tonnier important et r\u00e9sisteront aux \u00e9l\u00e9ments.<\/p>\n<p>Les escaliers en granit sont g\u00e9n\u00e9ralement fabriqu\u00e9s \u00e0 partir de plaques de granit coup\u00e9es et polies \u00e0 la taille et \u00e0 la forme souhait\u00e9es. La pierre est ensuite pos\u00e9e sur les marches et les contremarches, cr\u00e9ant ainsi une surface solide et stable, antid\u00e9rapante. Le r\u00e9sultat final est un escalier magnifique et durable qui durera de nombreuses ann\u00e9es.<\/p>\n<p>L'un des avantages des escaliers en granit est leur polyvalence en termes d'options de conception. La pierre est disponible dans une large gamme de couleurs et de motifs, ce qui permet de trouver facilement l'accord parfait avec votre style d'am\u00e9nagement int\u00e9rieur ou ext\u00e9rieur. Que vous pr\u00e9f\u00e9riez un aspect classique ou une touche moderne, les escaliers en granit sont s\u00fbrs de compl\u00e9ter votre d\u00e9cor et d'ajouter une touche d'\u00e9l\u00e9gance \u00e0 votre maison ou \u00e0 votre b\u00e2timent.<\/p>\n<p>Outre leur attrait esth\u00e9tique, les escaliers en granit sont \u00e9galement r\u00e9put\u00e9s pour leur durabilit\u00e9 et le peu d'entretien qu'ils n\u00e9cessitent. La pierre r\u00e9siste aux rayures, aux taches et aux intemp\u00e9ries, ce qui en fait un mat\u00e9riau id\u00e9al pour les environnements int\u00e9rieurs et ext\u00e9rieurs. Un nettoyage et un scellement r\u00e9guliers permettent de pr\u00e9server la beaut\u00e9 et la durabilit\u00e9 des escaliers en granit pendant de nombreuses ann\u00e9es.<\/p>\n<p>Un autre avantage des escaliers en granit est leur valeur. Bien que leur co\u00fbt initial soit plus \u00e9lev\u00e9 que celui d'autres mat\u00e9riaux tels que la moquette ou le bois, les escaliers en granit constituent un investissement \u00e0 long terme qui s'amortit sur la dur\u00e9e. Ils sont durables, n\u00e9cessitent peu d'entretien et ajoutent de la valeur \u00e0 votre maison ou \u00e0 votre b\u00e2timent, ce qui en fait un choix judicieux pour tout projet de r\u00e9novation ou de construction.<\/p>\n<p>En conclusion, les escaliers en granit sont une option magnifique et durable pour ajouter une touche d'\u00e9l\u00e9gance et de style \u00e0 votre maison ou \u00e0 votre b\u00e2timent. Gr\u00e2ce \u00e0 leur polyvalence en mati\u00e8re d'options de conception, \u00e0 leur durabilit\u00e9 et \u00e0 leur faible besoin d'entretien, les escaliers en granit constituent un choix judicieux pour tout projet de r\u00e9novation ou de construction. Que vous souhaitiez moderniser votre int\u00e9rieur ou votre ext\u00e9rieur, les escaliers en granit apporteront \u00e0 coup s\u00fbr une touche de sophistication et de beaut\u00e9 \u00e0 votre espace.<\/p>\n<\/div>\n<div id=\"ali-title-AliPostDhMb-hpqrn\" style=\"padding: 8px 0; border-bottom: 1px solid #ddd;\"><span style=\"background-color: #ddd; color: #333; font-weight: bold; padding: 8px 10px; line-height: 12px;\">Description du produit<\/span><\/div>\n<div style=\"padding: 10px 0;\">\n<table class=\"aliDataTable\" style=\"color: #000000; font-family: Arial; font-size: 12px; font-style: normal; font-weight: 400; background-color: #ffffff; width: 746.066px; height: 226px; border: 1px solid #b3b3b3;\">\n<tbody>\n<tr style=\"height: 21px;\">\n<td style=\"border: 1px solid #b3b3b3; width: 162px;\"><strong><span style=\"font-family: arial, helvetica, sans-serif; font-size: 14px;\">Nom du produit :<\/span><\/strong><\/td>\n<td style=\"border: 1px solid #b3b3b3; width: 595.066px;\"><span style=\"font-family: arial, helvetica, sans-serif; font-size: 14px;\">G687 granit<\/span><\/td>\n<\/tr>\n<tr style=\"height: 21px;\">\n<td style=\"border: 1px solid #b3b3b3; width: 162px;\"><strong><span style=\"font-family: arial, helvetica, sans-serif; font-size: 14px;\">Mat\u00e9riau :<\/span><\/strong><\/td>\n<td style=\"border: 1px solid #b3b3b3; width: 595.066px;\"><span style=\"font-family: arial, helvetica, sans-serif; font-size: 14px;\">Granit et marbre\u00a0<\/span><\/td>\n<\/tr>\n<tr style=\"height: 21px;\">\n<td style=\"border: 1px solid #b3b3b3; width: 162px;\"><strong><span style=\"font-family: arial, helvetica, sans-serif; font-size: 14px;\">Couleur :<\/span><\/strong><\/td>\n<td style=\"border: 1px solid #b3b3b3; width: 595.066px;\"><span style=\"font-family: arial, helvetica, sans-serif; font-size: 14px;\">blanc, noir, jaune, rouge, rose, gris, brun, bleu, vert, etc.<\/span><\/td>\n<\/tr>\n<tr style=\"height: 21px;\">\n<td style=\"border: 1px solid #b3b3b3; width: 162px;\" rowspan=\"3\">\n<p style=\"margin: 0px; padding: 0px;\"><strong><span style=\"font-family: arial, helvetica, sans-serif; font-size: 14px;\">Taille :<\/span><\/strong><\/p>\n<\/td>\n<td style=\"border: 1px solid #b3b3b3; width: 595.066px;\">100-160\u00d730\/33\u00d72\/3cm<\/td>\n<\/tr>\n<tr style=\"height: 21px;\">\n<td style=\"border: 1px solid #b3b3b3; width: 595.066px;\">100-160\u00d715\/17x2cm<\/td>\n<\/tr>\n<tr style=\"height: 21px;\">\n<td style=\"border: 1px solid #b3b3b3; width: 595.066px;\"><span style=\"font-family: arial, helvetica, sans-serif; font-size: 14px;\">Des sp\u00e9cifications personnalis\u00e9es sont disponibles<\/span><\/td>\n<\/tr>\n<tr style=\"height: 21px;\">\n<td style=\"border: 1px solid #b3b3b3; width: 162px;\"><strong><span style=\"font-family: arial, helvetica, sans-serif; font-size: 14px;\">Tol\u00e9rance d'\u00e9paisseur :<\/span><\/strong><\/td>\n<td style=\"border: 1px solid #b3b3b3; width: 595.066px;\"><span style=\"font-size: 14px; font-family: arial, helvetica, sans-serif;\">\u00b10,05mm, \u00b11mm, \u00b11,5mm, \u00b12mm, selon les exigences de qualit\u00e9 du client<\/span><\/td>\n<\/tr>\n<tr style=\"height: 21px;\">\n<td style=\"border: 1px solid #b3b3b3; width: 162px;\">\n<p style=\"margin: 0px; padding: 0px;\"><strong><span style=\"font-family: arial, helvetica, sans-serif; font-size: 14px;\">Surface :<\/span><\/strong><\/p>\n<\/td>\n<td style=\"border: 1px solid #b3b3b3; width: 595.066px;\"><span style=\"font-size: 14px; font-family: arial, helvetica, sans-serif;\">Poli, adouci, assorti au livre, antique, rainur\u00e9, bross\u00e9, d\u00e9cap\u00e9, sabl\u00e9, jet d'eau, etc.<\/span><\/td>\n<\/tr>\n<tr style=\"height: 21px;\">\n<td style=\"border: 1px solid #b3b3b3; width: 162px;\">\n<p style=\"margin: 0px; padding: 0px;\"><strong><span style=\"font-family: arial, helvetica, sans-serif; font-size: 14px;\">traitement des bords :<\/span><\/strong><\/p>\n<\/td>\n<td style=\"border: 1px solid #b3b3b3; width: 595.066px;\"><span style=\"font-size: 14px; font-family: arial, helvetica, sans-serif;\">plat, biseaut\u00e9, rond, demi-nez de b\u0153uf, nez de b\u0153uf complet, etc.<\/span><\/td>\n<\/tr>\n<tr style=\"height: auto;\">\n<td style=\"border: 1px solid #b3b3b3; width: 162px;\"><strong><span style=\"font-family: arial, helvetica, sans-serif; font-size: 14px;\">Emballage :<\/span><\/strong><\/td>\n<td style=\"border: 1px solid #b3b3b3; width: 595.066px;\"><span style=\"font-family: arial, helvetica, sans-serif; font-size: 14px;\">Fardeaux et caisses en bois en \u00e9tat de navigabilit\u00e9<\/span><\/td>\n<\/tr>\n<tr style=\"height: 21px;\">\n<td style=\"border: 1px solid #b3b3b3; width: 162px;\"><strong><span style=\"font-family: arial, helvetica, sans-serif; font-size: 14px;\">Application :<\/span><\/strong><\/td>\n<td style=\"border: 1px solid #b3b3b3; width: 595.066px;\"><span style=\"font-family: arial, helvetica, sans-serif; font-size: 14px;\">escaliers int\u00e9rieurs et ext\u00e9rieurs\u00a0<\/span><\/td>\n<\/tr>\n<tr style=\"height: 21px;\">\n<td style=\"border: 1px solid #b3b3b3; width: 162px;\"><strong><span style=\"font-family: arial, helvetica, sans-serif; font-size: 14px;\">D\u00e9lai de livraison :<\/span><\/strong><\/td>\n<td style=\"border: 1px solid #b3b3b3; width: 595.066px;\"><span style=\"font-family: arial, helvetica, sans-serif; font-size: 14px;\">15-20 jours pour les tailles normales<\/span><\/td>\n<\/tr>\n<tr style=\"height: 21px;\">\n<td style=\"border: 1px solid #b3b3b3; width: 162px;\">\n<p style=\"margin: 0px; padding: 0px;\"><strong><span style=\"font-family: arial, helvetica, sans-serif; font-size: 14px;\">Certificat :<\/span><\/strong><\/p>\n<\/td>\n<td style=\"border: 1px solid #b3b3b3; width: 595.066px;\"><span style=\"font-family: arial, helvetica, sans-serif; font-size: 14px;\">CE, SGS<\/span><\/td>\n<\/tr>\n<tr style=\"height: 21px;\">\n<td style=\"border: 1px solid #b3b3b3; width: 162px;\">\n<p style=\"margin: 0px; padding: 0px;\"><strong><span style=\"font-family: arial, helvetica, sans-serif; font-size: 14px;\">Conditions de paiement :<\/span><\/strong><\/p>\n<\/td>\n<td style=\"border: 1px solid #b3b3b3; width: 595.066px;\"><span style=\"font-family: arial, helvetica, sans-serif; font-size: 14px;\">T\/T, L\/C, D\/P<\/span><\/td>\n<\/tr>\n<tr style=\"height: 42px;\">\n<td style=\"border: 1px solid #b3b3b3; width: 162px;\"><strong><span style=\"font-family: arial, helvetica, sans-serif; font-size: 14px;\">Avantage :<\/span><\/strong><\/td>\n<td style=\"border: 1px solid #b3b3b3; width: 595.066px;\">\n<p style=\"margin: 0px; padding: 0px;\"><span style=\"font-family: arial, helvetica, sans-serif; font-size: 14px;\">1) Service unique pour la pierre ;<\/span><\/p>\n<p style=\"margin: 0px; padding: 0px;\"><span style=\"font-family: arial, helvetica, sans-serif; font-size: 14px;\">2) Poss\u00e9der 3 carri\u00e8res et 9 usines ;<\/span><\/p>\n<p style=\"margin: 0px; padding: 0px;\"><span style=\"font-family: arial, helvetica, sans-serif; font-size: 14px;\">3) Soutien \u00e0 la conception et \u00e0 la technologie.<\/span><\/p>\n<\/td>\n<\/tr>\n<tr style=\"height: 42px;\">\n<td style=\"border: 1px solid #b3b3b3; width: 162px;\"><strong><span style=\"font-family: arial, helvetica, sans-serif; font-size: 14px;\">Assurance de la qualit\u00e9 et de la livraison :\u00a0<\/span><\/strong><\/td>\n<td style=\"border: 1px solid #b3b3b3; width: 595.066px;\">\n<p style=\"margin: 0px; padding: 0px;\"><span style=\"font-family: arial, helvetica, sans-serif; font-size: 14px;\">Tout au long du processus de production, du choix des mat\u00e9riaux \u00e0 l'emballage en passant par la fabrication, notre service de contr\u00f4le de la qualit\u00e9 contr\u00f4le rigoureusement chaque pi\u00e8ce et chaque processus afin de garantir le respect des normes de qualit\u00e9 et le respect des d\u00e9lais de livraison.<\/span><\/p>\n<\/td>\n<\/tr>\n<\/tbody>\n<\/table>\n<p>&nbsp;<\/p>\n<p style=\"text-align: center;\"><img loading=\"lazy\" decoding=\"async\" class=\"alignnone size-full wp-image-27037\" src=\"http:\/\/stone-phoenix.com\/wp-content\/uploads\/2023\/12\/Granite-Stair-China-Anti-Slip-7.jpg\" alt=\"\" width=\"1113\" height=\"831\" srcset=\"https:\/\/stone-phoenix.com\/wp-content\/uploads\/2023\/12\/Granite-Stair-China-Anti-Slip-7.jpg 1113w, https:\/\/stone-phoenix.com\/wp-content\/uploads\/2023\/12\/Granite-Stair-China-Anti-Slip-7-300x224.jpg 300w, https:\/\/stone-phoenix.com\/wp-content\/uploads\/2023\/12\/Granite-Stair-China-Anti-Slip-7-1024x765.jpg 1024w, https:\/\/stone-phoenix.com\/wp-content\/uploads\/2023\/12\/Granite-Stair-China-Anti-Slip-7-768x573.jpg 768w, https:\/\/stone-phoenix.com\/wp-content\/uploads\/2023\/12\/Granite-Stair-China-Anti-Slip-7-16x12.jpg 16w, https:\/\/stone-phoenix.com\/wp-content\/uploads\/2023\/12\/Granite-Stair-China-Anti-Slip-7-600x448.jpg 600w, https:\/\/stone-phoenix.com\/wp-content\/uploads\/2023\/12\/Granite-Stair-China-Anti-Slip-7-150x112.jpg 150w\" sizes=\"(max-width: 1113px) 100vw, 1113px\" \/><img loading=\"lazy\" decoding=\"async\" class=\"alignnone  wp-image-27038\" src=\"http:\/\/stone-phoenix.com\/wp-content\/uploads\/2023\/12\/Granite-Stair-China-Anti-Slip-8.jpg\" alt=\"\" width=\"947\" height=\"1272\" srcset=\"https:\/\/stone-phoenix.com\/wp-content\/uploads\/2023\/12\/Granite-Stair-China-Anti-Slip-8.jpg 829w, https:\/\/stone-phoenix.com\/wp-content\/uploads\/2023\/12\/Granite-Stair-China-Anti-Slip-8-223x300.jpg 223w, https:\/\/stone-phoenix.com\/wp-content\/uploads\/2023\/12\/Granite-Stair-China-Anti-Slip-8-762x1024.jpg 762w, https:\/\/stone-phoenix.com\/wp-content\/uploads\/2023\/12\/Granite-Stair-China-Anti-Slip-8-768x1032.jpg 768w, https:\/\/stone-phoenix.com\/wp-content\/uploads\/2023\/12\/Granite-Stair-China-Anti-Slip-8-9x12.jpg 9w, https:\/\/stone-phoenix.com\/wp-content\/uploads\/2023\/12\/Granite-Stair-China-Anti-Slip-8-600x806.jpg 600w, https:\/\/stone-phoenix.com\/wp-content\/uploads\/2023\/12\/Granite-Stair-China-Anti-Slip-8-150x202.jpg 150w\" sizes=\"(max-width: 947px) 100vw, 947px\" \/><img loading=\"lazy\" decoding=\"async\" class=\"alignnone size-full wp-image-27039\" src=\"http:\/\/stone-phoenix.com\/wp-content\/uploads\/2023\/12\/Granite-Stair-China-Anti-Slip-9.jpg\" alt=\"\" width=\"1087\" height=\"823\" srcset=\"https:\/\/stone-phoenix.com\/wp-content\/uploads\/2023\/12\/Granite-Stair-China-Anti-Slip-9.jpg 1087w, https:\/\/stone-phoenix.com\/wp-content\/uploads\/2023\/12\/Granite-Stair-China-Anti-Slip-9-300x227.jpg 300w, https:\/\/stone-phoenix.com\/wp-content\/uploads\/2023\/12\/Granite-Stair-China-Anti-Slip-9-1024x775.jpg 1024w, https:\/\/stone-phoenix.com\/wp-content\/uploads\/2023\/12\/Granite-Stair-China-Anti-Slip-9-768x581.jpg 768w, https:\/\/stone-phoenix.com\/wp-content\/uploads\/2023\/12\/Granite-Stair-China-Anti-Slip-9-16x12.jpg 16w, https:\/\/stone-phoenix.com\/wp-content\/uploads\/2023\/12\/Granite-Stair-China-Anti-Slip-9-600x454.jpg 600w, https:\/\/stone-phoenix.com\/wp-content\/uploads\/2023\/12\/Granite-Stair-China-Anti-Slip-9-150x114.jpg 150w\" sizes=\"(max-width: 1087px) 100vw, 1087px\" \/><img loading=\"lazy\" decoding=\"async\" class=\"alignnone  wp-image-27040\" src=\"http:\/\/stone-phoenix.com\/wp-content\/uploads\/2023\/12\/Granite-Stair-China-Anti-Slip-10.jpg\" alt=\"\" width=\"953\" height=\"1270\" srcset=\"https:\/\/stone-phoenix.com\/wp-content\/uploads\/2023\/12\/Granite-Stair-China-Anti-Slip-10.jpg 807w, https:\/\/stone-phoenix.com\/wp-content\/uploads\/2023\/12\/Granite-Stair-China-Anti-Slip-10-225x300.jpg 225w, https:\/\/stone-phoenix.com\/wp-content\/uploads\/2023\/12\/Granite-Stair-China-Anti-Slip-10-769x1024.jpg 769w, https:\/\/stone-phoenix.com\/wp-content\/uploads\/2023\/12\/Granite-Stair-China-Anti-Slip-10-768x1023.jpg 768w, https:\/\/stone-phoenix.com\/wp-content\/uploads\/2023\/12\/Granite-Stair-China-Anti-Slip-10-9x12.jpg 9w, https:\/\/stone-phoenix.com\/wp-content\/uploads\/2023\/12\/Granite-Stair-China-Anti-Slip-10-600x799.jpg 600w, https:\/\/stone-phoenix.com\/wp-content\/uploads\/2023\/12\/Granite-Stair-China-Anti-Slip-10-150x200.jpg 150w\" sizes=\"(max-width: 953px) 100vw, 953px\" \/><\/p>\n<\/div>\n<\/div>\n<div id=\"ali-anchor-AliPostDhMb-he9v9\" style=\"padding-top: 8px;\" data-section=\"AliPostDhMb-he9v9\" data-section-title=\"Related Products\">\n<div id=\"ali-title-AliPostDhMb-he9v9\" style=\"padding: 8px 0; border-bottom: 1px solid #ddd;\"><span style=\"background-color: #ddd; color: #333; font-weight: bold; padding: 8px 10px; line-height: 12px;\">Produits apparent\u00e9s<\/span><\/div>\n<div style=\"padding: 10px 0;\">\n<p><img loading=\"lazy\" decoding=\"async\" class=\"alignnone size-full wp-image-20749\" src=\"http:\/\/stone-phoenix.com\/wp-content\/uploads\/2023\/12\/1703881270.jpg\" width=\"750\" height=\"740\" srcset=\"https:\/\/stone-phoenix.com\/wp-content\/uploads\/2023\/12\/1703881270.jpg 750w, https:\/\/stone-phoenix.com\/wp-content\/uploads\/2023\/12\/1703881270-300x296.jpg 300w, https:\/\/stone-phoenix.com\/wp-content\/uploads\/2023\/12\/1703881270-12x12.jpg 12w, https:\/\/stone-phoenix.com\/wp-content\/uploads\/2023\/12\/1703881270-600x592.jpg 600w, https:\/\/stone-phoenix.com\/wp-content\/uploads\/2023\/12\/1703881270-150x148.jpg 150w\" sizes=\"(max-width: 750px) 100vw, 750px\" \/><\/p>\n<map name=\"jop2h1l5\">\n<area coords=\"18,102,243,366\" shape=\"rect\" href=\"https:\/\/longtops.en.alibaba.com\/productgrouplist-807675097\/Black_Granite.html?spm=a2700.icbuShop.prup15aafb.11.a4a272f40etI8h\" target=\"_blank\" \/>\n<area coords=\"292,670,451,709\" shape=\"rect\" href=\"https:\/\/longtops.en.alibaba.com\/productgrouplist-805261574\/Exterior_Material.html?spm=a2700.icbuShop.prup15aafb.10.12fd68a3ZyZLkI\" target=\"_blank\" \/>\n<area coords=\"262,102,484,364\" shape=\"rect\" href=\"https:\/\/longtops.en.alibaba.com\/productgrouplist-807563941\/Gray_Granite.html?spm=a2700.icbuShop.prup15aafb.12.26317e8dbAEuPx\" target=\"_blank\" \/>\n<area coords=\"501,102,722,364\" shape=\"rect\" href=\"https:\/\/longtops.en.alibaba.com\/productgrouplist-807662909\/Red_Granite.html?spm=a2700.icbuShop.prup15aafb.13.289b7fe9NtK0mJ\" target=\"_blank\" \/>\n<area coords=\"18,380,244,645\" shape=\"rect\" href=\"https:\/\/longtops.en.alibaba.com\/productgrouplist-807764019\/White_Granite.html?spm=a2700.icbuShop.prup15aafb.14.55a25be7gyXDX9\" target=\"_blank\" \/>\n<area coords=\"262,378,487,644\" shape=\"rect\" href=\"https:\/\/longtops.en.alibaba.com\/productgrouplist-807686129\/Yellow_Granite.html?spm=a2700.icbuShop.prup15aafb.15.18f9685bZz6eQG\" target=\"_blank\" \/>\n<area coords=\"499,379,724,643\" shape=\"rect\" href=\"https:\/\/longtops.en.alibaba.com\/productgrouplist-807563940\/Basalt.html?spm=a2700.icbuShop.prup15aafb.18.1bf65307SNOSim\" target=\"_blank\" \/> <\/map>\n<p><img loading=\"lazy\" decoding=\"async\" class=\"alignnone size-full wp-image-20750\" src=\"http:\/\/stone-phoenix.com\/wp-content\/uploads\/2023\/12\/1703881271.jpg\" width=\"750\" height=\"451\" srcset=\"https:\/\/stone-phoenix.com\/wp-content\/uploads\/2023\/12\/1703881271.jpg 750w, https:\/\/stone-phoenix.com\/wp-content\/uploads\/2023\/12\/1703881271-300x180.jpg 300w, https:\/\/stone-phoenix.com\/wp-content\/uploads\/2023\/12\/1703881271-18x12.jpg 18w, https:\/\/stone-phoenix.com\/wp-content\/uploads\/2023\/12\/1703881271-600x361.jpg 600w, https:\/\/stone-phoenix.com\/wp-content\/uploads\/2023\/12\/1703881271-150x90.jpg 150w\" sizes=\"(max-width: 750px) 100vw, 750px\" \/><\/p>\n<map name=\"jop1vy1l\">\n<area coords=\"11,143,187,403\" shape=\"rect\" href=\"https:\/\/longtops.en.alibaba.com\/productgrouplist-805281181\/Interior_Material.html?spm=a2700.icbuShop.prup15aafb.1.102c72f4r9xS94\" target=\"_blank\" \/>\n<area coords=\"194,142,373,405\" shape=\"rect\" href=\"https:\/\/longtops.en.alibaba.com\/productgrouplist-805261574\/Exterior_Material.html?spm=a2700.icbuShop.prup15aafb.10.1bd566f5fx5hr8\" target=\"_blank\" \/>\n<area coords=\"378,142,557,404\" shape=\"rect\" href=\"https:\/\/longtops.en.alibaba.com\/productgrouplist-805343849\/Customized_Material.html?spm=a2700.icbuShop.prup15aafb.21.424e71fe2JWtea\" target=\"_blank\" \/>\n<area coords=\"562,140,739,403\" shape=\"rect\" href=\"https:\/\/longtops.en.alibaba.com\/productgrouplist-807693332\/Design_and_Technology.html?spm=a2700.icbuShop.prup15aafb.29.5bf342c4ATPm7j\" target=\"_blank\" \/> <\/map>\n<\/div>\n<\/div>\n<div id=\"ali-anchor-AliPostDhMb-vit2c\" style=\"padding-top: 8px;\" data-section=\"AliPostDhMb-vit2c\" data-section-title=\"Project Display\">\n<div id=\"ali-title-AliPostDhMb-vit2c\" style=\"padding: 8px 0; border-bottom: 1px solid #ddd;\"><span style=\"background-color: #ddd; color: #333; font-weight: bold; padding: 8px 10px; line-height: 12px;\">Affichage du projet<\/span><\/div>\n<div style=\"padding: 10px 0;\">\n<p><img loading=\"lazy\" decoding=\"async\" class=\"alignnone size-full wp-image-20751\" src=\"http:\/\/stone-phoenix.com\/wp-content\/uploads\/2023\/12\/1703881272.jpg\" width=\"750\" height=\"772\" srcset=\"https:\/\/stone-phoenix.com\/wp-content\/uploads\/2023\/12\/1703881272.jpg 750w, https:\/\/stone-phoenix.com\/wp-content\/uploads\/2023\/12\/1703881272-291x300.jpg 291w, https:\/\/stone-phoenix.com\/wp-content\/uploads\/2023\/12\/1703881272-12x12.jpg 12w, https:\/\/stone-phoenix.com\/wp-content\/uploads\/2023\/12\/1703881272-600x618.jpg 600w, https:\/\/stone-phoenix.com\/wp-content\/uploads\/2023\/12\/1703881272-150x154.jpg 150w\" sizes=\"(max-width: 750px) 100vw, 750px\" \/><\/p>\n<\/div>\n<\/div>\n<div id=\"ali-anchor-AliPostDhMb-um9c2\" style=\"padding-top: 8px;\" data-section=\"AliPostDhMb-um9c2\" data-section-title=\"Company Information\">\n<div id=\"ali-title-AliPostDhMb-um9c2\" style=\"padding: 8px 0; border-bottom: 1px solid #ddd;\"><span style=\"background-color: #ddd; color: #333; font-weight: bold; padding: 8px 10px; line-height: 12px;\">Informations sur l'entreprise<\/span><\/div>\n<div style=\"padding: 10px 0;\">\n<p>&nbsp;<\/p>\n<\/div>\n<\/div>\n<div id=\"ali-anchor-AliPostDhMb-9ve8n\" style=\"padding-top: 8px;\" data-section=\"AliPostDhMb-9ve8n\" data-section-title=\"Advantages\">\n<div id=\"ali-title-AliPostDhMb-9ve8n\" style=\"padding: 8px 0; border-bottom: 1px solid #ddd;\"><span style=\"background-color: #ddd; color: #333; font-weight: bold; padding: 8px 10px; line-height: 12px;\">Avantages<\/span><\/div>\n<div style=\"padding: 10px 0;\">\n<p><img loading=\"lazy\" decoding=\"async\" class=\"alignnone size-full wp-image-20753\" src=\"http:\/\/stone-phoenix.com\/wp-content\/uploads\/2023\/12\/1703881273.jpg\" width=\"750\" height=\"1242\" srcset=\"https:\/\/stone-phoenix.com\/wp-content\/uploads\/2023\/12\/1703881273.jpg 750w, https:\/\/stone-phoenix.com\/wp-content\/uploads\/2023\/12\/1703881273-181x300.jpg 181w, https:\/\/stone-phoenix.com\/wp-content\/uploads\/2023\/12\/1703881273-618x1024.jpg 618w, https:\/\/stone-phoenix.com\/wp-content\/uploads\/2023\/12\/1703881273-7x12.jpg 7w, https:\/\/stone-phoenix.com\/wp-content\/uploads\/2023\/12\/1703881273-600x994.jpg 600w, https:\/\/stone-phoenix.com\/wp-content\/uploads\/2023\/12\/1703881273-150x248.jpg 150w\" sizes=\"(max-width: 750px) 100vw, 750px\" \/><\/p>\n<map name=\"jorwd5m6\"><img loading=\"lazy\" decoding=\"async\" class=\"alignnone size-full wp-image-20755\" src=\"http:\/\/stone-phoenix.com\/wp-content\/uploads\/2023\/12\/1703881274.jpg\" width=\"750\" height=\"1090\" srcset=\"https:\/\/stone-phoenix.com\/wp-content\/uploads\/2023\/12\/1703881274.jpg 750w, https:\/\/stone-phoenix.com\/wp-content\/uploads\/2023\/12\/1703881274-206x300.jpg 206w, https:\/\/stone-phoenix.com\/wp-content\/uploads\/2023\/12\/1703881274-705x1024.jpg 705w, https:\/\/stone-phoenix.com\/wp-content\/uploads\/2023\/12\/1703881274-8x12.jpg 8w, https:\/\/stone-phoenix.com\/wp-content\/uploads\/2023\/12\/1703881274-600x872.jpg 600w, https:\/\/stone-phoenix.com\/wp-content\/uploads\/2023\/12\/1703881274-150x218.jpg 150w\" sizes=\"(max-width: 750px) 100vw, 750px\" \/><img loading=\"lazy\" decoding=\"async\" class=\"alignnone size-full wp-image-20756\" src=\"http:\/\/stone-phoenix.com\/wp-content\/uploads\/2023\/12\/1703881275.jpg\" width=\"750\" height=\"978\" srcset=\"https:\/\/stone-phoenix.com\/wp-content\/uploads\/2023\/12\/1703881275.jpg 750w, https:\/\/stone-phoenix.com\/wp-content\/uploads\/2023\/12\/1703881275-230x300.jpg 230w, https:\/\/stone-phoenix.com\/wp-content\/uploads\/2023\/12\/1703881275-9x12.jpg 9w, https:\/\/stone-phoenix.com\/wp-content\/uploads\/2023\/12\/1703881275-600x782.jpg 600w, https:\/\/stone-phoenix.com\/wp-content\/uploads\/2023\/12\/1703881275-150x196.jpg 150w\" sizes=\"(max-width: 750px) 100vw, 750px\" \/> <\/map>\n<\/div>\n<\/div>\n<div id=\"ali-anchor-AliPostDhMb-0fjti\" style=\"padding-top: 8px;\" data-section=\"AliPostDhMb-0fjti\" data-section-title=\"FAQ\">\n<div id=\"ali-title-AliPostDhMb-0fjti\" style=\"padding: 8px 0; border-bottom: 1px solid #ddd;\"><span style=\"background-color: #ddd; color: #333; font-weight: bold; padding: 8px 10px; line-height: 12px;\">FAQ<\/span><\/div>\n<div style=\"padding: 10px 0;\">\n<p><img loading=\"lazy\" decoding=\"async\" class=\"alignnone size-full wp-image-20758\" src=\"http:\/\/stone-phoenix.com\/wp-content\/uploads\/2023\/12\/1703881276-1.jpg\" width=\"750\" height=\"932\" srcset=\"https:\/\/stone-phoenix.com\/wp-content\/uploads\/2023\/12\/1703881276-1.jpg 750w, https:\/\/stone-phoenix.com\/wp-content\/uploads\/2023\/12\/1703881276-1-241x300.jpg 241w, https:\/\/stone-phoenix.com\/wp-content\/uploads\/2023\/12\/1703881276-1-10x12.jpg 10w, https:\/\/stone-phoenix.com\/wp-content\/uploads\/2023\/12\/1703881276-1-600x746.jpg 600w, https:\/\/stone-phoenix.com\/wp-content\/uploads\/2023\/12\/1703881276-1-150x186.jpg 150w\" sizes=\"(max-width: 750px) 100vw, 750px\" \/><\/p>\n<p><a target=\"_blank\" rel=\"noopener noreferrer\"><span style=\"font-size: 16px;\"><img loading=\"lazy\" decoding=\"async\" class=\"alignnone size-full wp-image-20759\" src=\"http:\/\/stone-phoenix.com\/wp-content\/uploads\/2023\/12\/1703881277.jpg\" width=\"750\" height=\"153\" srcset=\"https:\/\/stone-phoenix.com\/wp-content\/uploads\/2023\/12\/1703881277.jpg 750w, https:\/\/stone-phoenix.com\/wp-content\/uploads\/2023\/12\/1703881277-300x61.jpg 300w, https:\/\/stone-phoenix.com\/wp-content\/uploads\/2023\/12\/1703881277-18x4.jpg 18w, https:\/\/stone-phoenix.com\/wp-content\/uploads\/2023\/12\/1703881277-600x122.jpg 600w, https:\/\/stone-phoenix.com\/wp-content\/uploads\/2023\/12\/1703881277-150x31.jpg 150w\" sizes=\"(max-width: 750px) 100vw, 750px\" \/>\u00a0<\/span><\/a><\/p>\n<\/div>\n<\/div>\n<\/div>","protected":false},"excerpt":{"rendered":"<p>Granite Stair China Anti Slip Granite stairways are a popular and durable option for adding a touch of elegance and<\/p>","protected":false},"featured_media":27030,"template":"","meta":[],"product_cat":[112],"product_tag":[],"_links":{"self":[{"href":"https:\/\/stone-phoenix.com\/fr\/wp-json\/wp\/v2\/product\/20743"}],"collection":[{"href":"https:\/\/stone-phoenix.com\/fr\/wp-json\/wp\/v2\/product"}],"about":[{"href":"https:\/\/stone-phoenix.com\/fr\/wp-json\/wp\/v2\/types\/product"}],"wp:featuredmedia":[{"embeddable":true,"href":"https:\/\/stone-phoenix.com\/fr\/wp-json\/wp\/v2\/media\/27030"}],"wp:attachment":[{"href":"https:\/\/stone-phoenix.com\/fr\/wp-json\/wp\/v2\/media?parent=20743"}],"wp:term":[{"taxonomy":"product_cat","embeddable":true,"href":"https:\/\/stone-phoenix.com\/fr\/wp-json\/wp\/v2\/product_cat?post=20743"},{"taxonomy":"product_tag","embeddable":true,"href":"https:\/\/stone-phoenix.com\/fr\/wp-json\/wp\/v2\/product_tag?post=20743"}],"curies":[{"name":"wp","href":"https:\/\/api.w.org\/{rel}","templated":true}]}}