{"id":20760,"date":"2023-12-29T20:21:22","date_gmt":"2023-12-29T12:21:22","guid":{"rendered":"http:\/\/stone-phoenix.com\/product\/grey-fantasy-granite-grey-granite-tiles-for-flooring"},"modified":"2024-03-31T14:51:06","modified_gmt":"2024-03-31T06:51:06","slug":"grey-fantasy-granite-grey-granite-tiles-for-flooring","status":"publish","type":"product","link":"https:\/\/stone-phoenix.com\/fr\/produit\/grey-fantasy-granite-grey-granite-tiles-for-flooring","title":{"rendered":"granit gris fantaisie carreaux de granit gris pour le sol"},"content":{"rendered":"<div id=\"tab-description\" class=\"woocommerce-Tabs-panel woocommerce-Tabs-panel--description panel entry-content wc-tab\" role=\"tabpanel\" aria-labelledby=\"tab-title-description\">\n<h2>granit gris fantaisie pas cher spray granit gris carreaux pour le sol<\/h2>\n<p>Le granit Grey Fantasy est une couleur de luxe qui combine la beaut\u00e9 du gris et du blanc. Le granit Grey Fantasy est une pierre naturelle qui a l'aspect du granit, mais sans l'entretien \u00e9lev\u00e9 requis par les pierres naturelles.<\/p>\n<p>C'est un granit de haute qualit\u00e9, avec son motif unique gris et blanc, c'est une pierre polyvalente et tr\u00e8s durable qui donnera un aspect \u00e9l\u00e9gant \u00e0 n'importe quelle cuisine ou salle de bain. Le veinage complet ajoute un int\u00e9r\u00eat visuel \u00e0 la pierre.<\/p>\n<p>Il permet d'\u00e9tendre la palette de couleurs et la texture des sols en b\u00e9ton \u00e0 d'autres pi\u00e8ces de la maison. Le Grey Fantasy Granite a une finition mate et est lisse au toucher, ce qui le rend facile \u00e0 entretenir. Les dalles de granit Grey Fantasy sont parfaites pour les sols et les rev\u00eatements muraux, cr\u00e9ant un look minimaliste et \u00e9l\u00e9gant dans la maison.<\/p>\n<p>Beaucoup de gens appr\u00e9cient l'\u00e9clat de ce granit gris et sa grande vari\u00e9t\u00e9 d'applications. Il pr\u00e9sente une belle couleur argent\u00e9e\/grise, qu'il s'agisse d'une finition polie \u00e0 l'aspect mouill\u00e9 ou d'une brillance \u00e9lev\u00e9e. Ce produit est disponible sous forme de dalles, de carreaux et d'autres mat\u00e9riaux, y compris des finitions polies et adoucies. Chaque dalle que nous vendons est unique, de sorte que chaque client peut choisir d'en voir une ou de les avoir toutes en m\u00eame temps !<\/p>\n<div id=\"ali-anchor-AliPostDhMb-6q8vw\" class=\"mceSectionContainer\" style=\"padding-top: 8px;\" data-section=\"AliPostDhMb-6q8vw\" data-section-title=\"Product Description\">\n<div id=\"ali-title-AliPostDhMb-6q8vw\" style=\"padding: 8px 0; border-bottom: 1px solid #ddd;\"><span style=\"background-color: #ddd; color: #333; font-weight: bold; padding: 8px 10px; line-height: 12px;\">Description du produit<\/span><\/div>\n<div style=\"padding: 10px 0;\">\n<table class=\"aliDataTable\" style=\"color: #000000; font-family: Arial; font-size: 12px; font-style: normal; font-weight: 400; background-color: #ffffff; width: 698px; height: 226px; border: 1px solid #b3b3b3;\">\n<tbody>\n<tr>\n<td style=\"border: 1px solid #707070; width: 159.663px;\"><strong><span style=\"font-family: arial, helvetica, sans-serif; font-size: 14px;\">Nom du produit :<\/span><\/strong><\/td>\n<td style=\"border: 1px solid #707070; width: 553.337px;\">Granit fantaisie pas cher gris spray granit gris carreaux pour le sol<\/td>\n<\/tr>\n<tr>\n<td style=\"border: 1px solid #707070; width: 159.663px;\"><strong><span style=\"font-family: arial, helvetica, sans-serif; font-size: 14px;\">Mat\u00e9riau :<\/span><\/strong><\/td>\n<td style=\"border: 1px solid #707070; width: 553.337px;\"><span style=\"font-size: 14px;\">Granit<\/span><\/td>\n<\/tr>\n<tr>\n<td style=\"border: 1px solid #707070; width: 159.663px;\"><strong><span style=\"font-family: arial, helvetica, sans-serif; font-size: 14px;\">Couleur :<\/span><\/strong><\/td>\n<td style=\"border: 1px solid #707070; width: 553.337px;\"><span style=\"font-family: arial, helvetica, sans-serif; font-size: 14px;\">Blanc, noir, jaune, rouge, rose, gris, brun, bleu, vert, etc.<\/span><\/td>\n<\/tr>\n<tr>\n<td style=\"border: 1px solid #707070; width: 159.663px;\" rowspan=\"3\"><strong><span style=\"font-family: arial, helvetica, sans-serif; font-size: 14px;\">Taille :<\/span><\/strong><\/td>\n<td style=\"border: 1px solid #707070; width: 553.337px;\"><span style=\"text-decoration: underline;\"><span style=\"font-size: 14px;\">Carreaux disponibles <\/span><\/span><br \/>\n<span style=\"font-size: 14px;\">12\u2019x12\u2033,24\u2019x24\u2033,12\u2019x24\u2033,etc <\/span><span style=\"font-size: 14px;\">300x300mm,300x600mm,400x400mm,600x600mm,etc<\/span><\/td>\n<\/tr>\n<tr>\n<td style=\"border: 1px solid #707070; width: 553.337px;\"><span style=\"text-decoration: underline;\"><span style=\"font-size: 14px;\">Dalles disponibles <\/span><\/span><\/p>\n<p><span style=\"font-size: 14px;\">180cmUpx60UP,180cmUpx65cmUP,180cmUpx70cmUP,etc<\/span><br \/>\n<span style=\"font-size: 14px;\">240cmUpx120cmUP,etc<\/span><\/td>\n<\/tr>\n<tr>\n<td style=\"border: 1px solid #707070; width: 553.337px;\"><span style=\"font-family: arial, helvetica, sans-serif; font-size: 14px;\">Des sp\u00e9cifications personnalis\u00e9es sont disponibles<\/span><\/td>\n<\/tr>\n<tr>\n<td style=\"border: 1px solid #707070; width: 159.663px;\"><strong><span style=\"font-family: arial, helvetica, sans-serif; font-size: 14px;\">Tol\u00e9rance d'\u00e9paisseur :<\/span><\/strong><\/td>\n<td style=\"border: 1px solid #707070; width: 553.337px;\"><span style=\"font-family: arial, helvetica, sans-serif; font-size: 14px;\">\u00b10,05mm, \u00b11mm, \u00b11,5mm, \u00b12mm, selon les exigences de qualit\u00e9 du client<\/span><\/td>\n<\/tr>\n<tr>\n<td style=\"border: 1px solid #707070; width: 159.663px;\"><strong><span style=\"font-family: arial, helvetica, sans-serif; font-size: 14px;\">Surface :<\/span><\/strong><\/td>\n<td style=\"border: 1px solid #707070; width: 553.337px;\"><span style=\"font-family: arial, helvetica, sans-serif; font-size: 14px;\">P<\/span><span style=\"font-size: 14px;\">ol\u00e9, adouci, flamm\u00e9, sabl\u00e9, bouchard\u00e9, fendu naturel, flamm\u00e9 et bross\u00e9, etc.<\/span><\/td>\n<\/tr>\n<tr>\n<td style=\"border: 1px solid #707070; width: 159.663px;\"><strong><span style=\"font-family: arial, helvetica, sans-serif; font-size: 14px;\">Emballage :<\/span><\/strong><\/td>\n<td style=\"border: 1px solid #707070; width: 553.337px;\"><span style=\"font-size: 14px;\">Palettes en bois en \u00e9tat de navigabilit\u00e9, fardeaux en bois et caisses en bois<\/span><\/td>\n<\/tr>\n<tr>\n<td style=\"border: 1px solid #707070; width: 159.663px;\"><strong><span style=\"font-family: arial, helvetica, sans-serif; font-size: 14px;\">Application :<\/span><\/strong><\/td>\n<td style=\"border: 1px solid #707070; width: 553.337px;\"><span style=\"font-family: arial, helvetica, sans-serif; font-size: 14px;\">Sol, mur, motif, comptoir, d\u00e9coration int\u00e9rieure et ext\u00e9rieure<\/span><\/td>\n<\/tr>\n<tr>\n<td style=\"border: 1px solid #707070; width: 159.663px;\"><strong><span style=\"font-family: arial, helvetica, sans-serif; font-size: 14px;\">D\u00e9lai de livraison :<\/span><\/strong><\/td>\n<td style=\"border: 1px solid #707070; width: 553.337px;\"><span style=\"font-size: 14px;\">15-20 jours pour l'enregistrement<\/span><span style=\"font-family: arial, helvetica, sans-serif; font-size: 14px;\">tailles lar<\/span><\/td>\n<\/tr>\n<tr>\n<td style=\"border: 1px solid #707070; width: 159.663px;\"><strong><span style=\"font-family: arial, helvetica, sans-serif; font-size: 14px;\">Certificat :<\/span><\/strong><\/td>\n<td style=\"border: 1px solid #707070; width: 553.337px;\"><\/td>\n<\/tr>\n<tr>\n<td style=\"border: 1px solid #707070; width: 159.663px;\"><strong><span style=\"font-family: arial, helvetica, sans-serif; font-size: 14px;\">Conditions de paiement :<\/span><\/strong><\/td>\n<td style=\"border: 1px solid #707070; width: 553.337px;\"><span style=\"font-size: 14px;\">T\/T, L\/C, D<span style=\"color: #000000; font-family: Verdana, Arial, Helvetica, sans-serif; font-size: 14px; font-style: normal; font-weight: 400; background-color: #ffffff; float: none;\">\/<\/span>P<\/span><\/td>\n<\/tr>\n<tr>\n<td style=\"border: 1px solid #707070; width: 159.663px;\"><strong><span style=\"font-family: arial, helvetica, sans-serif; font-size: 14px;\">Avantage :<\/span><\/strong><\/td>\n<td style=\"border: 1px solid #707070; width: 553.337px;\"><span style=\"font-family: arial, helvetica, sans-serif; font-size: 14px;\">1) Service unique pour la pierre ;<\/span><\/p>\n<p><span style=\"font-family: arial, helvetica, sans-serif; font-size: 14px;\">2) poss\u00e8dent 3 carri\u00e8res et 9 usines ;<\/span><\/p>\n<p><span style=\"font-family: arial, helvetica, sans-serif; font-size: 14px;\">3) Des supports technologiques de pointe.<\/span><\/td>\n<\/tr>\n<tr>\n<td style=\"border: 1px solid #707070; width: 159.663px;\"><strong><span style=\"font-family: arial, helvetica, sans-serif; font-size: 14px;\">Assurance de la qualit\u00e9 et de la livraison :\u00a0<\/span><\/strong><\/td>\n<td style=\"border: 1px solid #707070; width: 553.337px;\"><span style=\"font-size: 14px;\">Tout au long du processus de production, du choix des mat\u00e9riaux \u00e0 l'emballage en passant par la fabrication, notre service de contr\u00f4le de la qualit\u00e9 contr\u00f4le rigoureusement chaque pi\u00e8ce et chaque processus afin de garantir le respect des normes de qualit\u00e9 et le respect des d\u00e9lais de livraison.<\/span><\/td>\n<\/tr>\n<\/tbody>\n<\/table>\n<p><img loading=\"lazy\" decoding=\"async\" class=\"alignnone size-full wp-image-27028\" src=\"http:\/\/stone-phoenix.com\/wp-content\/uploads\/2023\/12\/grey-fantasy-granite-grey-granite-tiles-for-flooring-6.jpg\" alt=\"\" width=\"1114\" height=\"1113\" srcset=\"https:\/\/stone-phoenix.com\/wp-content\/uploads\/2023\/12\/grey-fantasy-granite-grey-granite-tiles-for-flooring-6.jpg 1114w, https:\/\/stone-phoenix.com\/wp-content\/uploads\/2023\/12\/grey-fantasy-granite-grey-granite-tiles-for-flooring-6-300x300.jpg 300w, https:\/\/stone-phoenix.com\/wp-content\/uploads\/2023\/12\/grey-fantasy-granite-grey-granite-tiles-for-flooring-6-1024x1024.jpg 1024w, https:\/\/stone-phoenix.com\/wp-content\/uploads\/2023\/12\/grey-fantasy-granite-grey-granite-tiles-for-flooring-6-150x150.jpg 150w, https:\/\/stone-phoenix.com\/wp-content\/uploads\/2023\/12\/grey-fantasy-granite-grey-granite-tiles-for-flooring-6-768x767.jpg 768w, https:\/\/stone-phoenix.com\/wp-content\/uploads\/2023\/12\/grey-fantasy-granite-grey-granite-tiles-for-flooring-6-12x12.jpg 12w, https:\/\/stone-phoenix.com\/wp-content\/uploads\/2023\/12\/grey-fantasy-granite-grey-granite-tiles-for-flooring-6-600x599.jpg 600w\" sizes=\"(max-width: 1114px) 100vw, 1114px\" \/><img loading=\"lazy\" decoding=\"async\" class=\"alignnone size-full wp-image-27029\" src=\"http:\/\/stone-phoenix.com\/wp-content\/uploads\/2023\/12\/grey-fantasy-granite-grey-granite-tiles-for-flooring-7.jpg\" alt=\"\" width=\"1120\" height=\"1122\" srcset=\"https:\/\/stone-phoenix.com\/wp-content\/uploads\/2023\/12\/grey-fantasy-granite-grey-granite-tiles-for-flooring-7.jpg 1120w, https:\/\/stone-phoenix.com\/wp-content\/uploads\/2023\/12\/grey-fantasy-granite-grey-granite-tiles-for-flooring-7-300x300.jpg 300w, https:\/\/stone-phoenix.com\/wp-content\/uploads\/2023\/12\/grey-fantasy-granite-grey-granite-tiles-for-flooring-7-1022x1024.jpg 1022w, https:\/\/stone-phoenix.com\/wp-content\/uploads\/2023\/12\/grey-fantasy-granite-grey-granite-tiles-for-flooring-7-150x150.jpg 150w, https:\/\/stone-phoenix.com\/wp-content\/uploads\/2023\/12\/grey-fantasy-granite-grey-granite-tiles-for-flooring-7-768x769.jpg 768w, https:\/\/stone-phoenix.com\/wp-content\/uploads\/2023\/12\/grey-fantasy-granite-grey-granite-tiles-for-flooring-7-12x12.jpg 12w, https:\/\/stone-phoenix.com\/wp-content\/uploads\/2023\/12\/grey-fantasy-granite-grey-granite-tiles-for-flooring-7-600x601.jpg 600w\" sizes=\"(max-width: 1120px) 100vw, 1120px\" \/><br \/>\n<img loading=\"lazy\" decoding=\"async\" class=\"alignnone size-full wp-image-20765\" src=\"http:\/\/stone-phoenix.com\/wp-content\/uploads\/2023\/12\/1703881287.jpg\" width=\"750\" height=\"153\" srcset=\"https:\/\/stone-phoenix.com\/wp-content\/uploads\/2023\/12\/1703881287.jpg 750w, https:\/\/stone-phoenix.com\/wp-content\/uploads\/2023\/12\/1703881287-300x61.jpg 300w, https:\/\/stone-phoenix.com\/wp-content\/uploads\/2023\/12\/1703881287-18x4.jpg 18w, https:\/\/stone-phoenix.com\/wp-content\/uploads\/2023\/12\/1703881287-600x122.jpg 600w, https:\/\/stone-phoenix.com\/wp-content\/uploads\/2023\/12\/1703881287-150x31.jpg 150w\" sizes=\"(max-width: 750px) 100vw, 750px\" \/><\/p>\n<\/div>\n<\/div>\n<\/div>","protected":false},"excerpt":{"rendered":"<p>grey fantasy granite cheap spray grey granite tiles for flooring Grey fantasy granite is a luxury color that combine the<\/p>","protected":false},"featured_media":27022,"template":"","meta":[],"product_cat":[112],"product_tag":[],"_links":{"self":[{"href":"https:\/\/stone-phoenix.com\/fr\/wp-json\/wp\/v2\/product\/20760"}],"collection":[{"href":"https:\/\/stone-phoenix.com\/fr\/wp-json\/wp\/v2\/product"}],"about":[{"href":"https:\/\/stone-phoenix.com\/fr\/wp-json\/wp\/v2\/types\/product"}],"wp:featuredmedia":[{"embeddable":true,"href":"https:\/\/stone-phoenix.com\/fr\/wp-json\/wp\/v2\/media\/27022"}],"wp:attachment":[{"href":"https:\/\/stone-phoenix.com\/fr\/wp-json\/wp\/v2\/media?parent=20760"}],"wp:term":[{"taxonomy":"product_cat","embeddable":true,"href":"https:\/\/stone-phoenix.com\/fr\/wp-json\/wp\/v2\/product_cat?post=20760"},{"taxonomy":"product_tag","embeddable":true,"href":"https:\/\/stone-phoenix.com\/fr\/wp-json\/wp\/v2\/product_tag?post=20760"}],"curies":[{"name":"wp","href":"https:\/\/api.w.org\/{rel}","templated":true}]}}