{"id":20777,"date":"2023-12-29T20:21:52","date_gmt":"2023-12-29T12:21:52","guid":{"rendered":"http:\/\/stone-phoenix.com\/product\/green-granite-tile-china-24-x"},"modified":"2024-03-31T14:22:26","modified_gmt":"2024-03-31T06:22:26","slug":"green-granite-tile-china-24-x","status":"publish","type":"product","link":"https:\/\/stone-phoenix.com\/fr\/produit\/green-granite-tile-china-24-x","title":{"rendered":"Carreau de granit vert Chine 24 X"},"content":{"rendered":"<div id=\"tab-description\" class=\"woocommerce-Tabs-panel woocommerce-Tabs-panel--description panel entry-content wc-tab\" role=\"tabpanel\" aria-labelledby=\"tab-title-description\">\n<div id=\"ali-anchor-AliPostDhMb-6q8vw\" style=\"padding-top: 8px;\" data-section=\"AliPostDhMb-6q8vw\" data-section-title=\"Product Description\">\n<div>\n<p>Carreaux de granit vert en Chine<\/p>\n<p>Les carreaux de granit vert sont un choix populaire pour les rev\u00eatements de sol, les comptoirs et les dosserets en raison de leur durabilit\u00e9, de leur polyvalence et de leur aspect unique. Le granit vert est une pierre naturelle form\u00e9e \u00e0 partir de magma en fusion et disponible dans une gamme de nuances allant du clair au fonc\u00e9. Les carreaux de granit vert sont un choix populaire parce qu'ils peuvent ajouter une touche de couleur et d'int\u00e9r\u00eat \u00e0 un espace.<\/p>\n<p>L'utilisation de carreaux de granit vert dans votre maison ou votre entreprise pr\u00e9sente de nombreux avantages. L'un des principaux avantages est leur durabilit\u00e9. Le granit vert est une pierre tr\u00e8s dure et dense qui r\u00e9siste aux rayures, aux \u00e9clats et aux taches. Il r\u00e9siste \u00e9galement \u00e0 la chaleur et \u00e0 l'eau, ce qui en fait un excellent choix pour les comptoirs de cuisine et les dosserets. Les carreaux de granit vert sont \u00e9galement faciles \u00e0 entretenir et peuvent \u00eatre nettoy\u00e9s \u00e0 l'aide d'un chiffon humide et d'un d\u00e9tergent doux.<\/p>\n<p>Outre leur durabilit\u00e9, les carreaux de granit vert sont \u00e9galement un mat\u00e9riau de construction polyvalent. Ils peuvent \u00eatre utilis\u00e9s dans une vari\u00e9t\u00e9 d'applications, y compris les rev\u00eatements de sol, les comptoirs, les dosserets et les rev\u00eatements muraux. Les carreaux de granit vert sont disponibles dans une gamme de finitions, notamment polies, adoucies et bross\u00e9es, qui peuvent affecter l'apparence de la pierre. Vous pouvez ainsi choisir la finition qui correspond le mieux \u00e0 vos pr\u00e9f\u00e9rences en mati\u00e8re de design.<\/p>\n<p>Un autre avantage des dalles en granit vert est leur aspect unique. Le granit vert a un aspect distinctif qui peut ajouter de l'int\u00e9r\u00eat et du caract\u00e8re \u00e0 un espace. Les carreaux de granit vert sont un choix populaire pour les styles de conception traditionnels et modernes et peuvent \u00eatre utilis\u00e9s pour cr\u00e9er une vari\u00e9t\u00e9 de styles, du classique au contemporain.<\/p>\n<p>Si vous envisagez d'utiliser des carreaux de granit vert chez vous ou dans votre entreprise, vous devez tenir compte de quelques \u00e9l\u00e9ments. Tout d'abord, il est important de choisir un fournisseur r\u00e9put\u00e9 qui peut fournir des carreaux de haute qualit\u00e9 r\u00e9pondant \u00e0 vos besoins. Renseignez-vous sur la qualit\u00e9 du granit, les types de finitions disponibles et les politiques de livraison et d'installation. Il peut \u00e9galement \u00eatre utile de visiter une salle d'exposition ou de demander des r\u00e9f\u00e9rences pour constater de visu la qualit\u00e9 des carreaux.<\/p>\n<p>Un autre facteur \u00e0 prendre en compte est le co\u00fbt des carreaux de granit vert. Les carreaux de granit peuvent \u00eatre plus chers que d'autres types de rev\u00eatements de sol ou de comptoirs, mais ils peuvent \u00e9galement constituer un bon investissement en raison de leur durabilit\u00e9 et de leur long\u00e9vit\u00e9. Veillez \u00e0 comparer les prix de diff\u00e9rents fournisseurs pour trouver le meilleur rapport qualit\u00e9-prix.<\/p>\n<p>En conclusion, les carreaux de granit vert sont un choix populaire pour les rev\u00eatements de sol, les comptoirs et les dosserets en raison de leur durabilit\u00e9, de leur polyvalence et de leur aspect unique. Veillez \u00e0 choisir un fournisseur r\u00e9put\u00e9 et tenez compte du co\u00fbt et des exigences en mati\u00e8re d'entretien lorsque vous d\u00e9cidez si les carreaux de granit sont le bon choix pour votre maison ou votre entreprise.<\/p>\n<\/div>\n<div id=\"ali-title-AliPostDhMb-6q8vw\" style=\"padding: 8px 0; border-bottom: 1px solid #ddd;\"><span style=\"background-color: #ddd; color: #333; font-weight: bold; padding: 8px 10px; line-height: 12px;\">Description du produit<\/span><\/div>\n<div style=\"padding: 10px 0;\">\n<table class=\"aliDataTable\" style=\"color: #000000; font-family: Arial; font-size: 12px; font-style: normal; font-weight: 400; background-color: #ffffff; width: 698px; height: 226px; border: 1px solid #b3b3b3;\">\n<tbody>\n<tr>\n<td style=\"border: 1px solid #707070; width: 159.663px;\"><strong><span style=\"font-family: arial, helvetica, sans-serif; font-size: 14px;\">Nom du produit :<\/span><\/strong><\/td>\n<td style=\"border: 1px solid #707070; width: 553.337px;\"><span style=\"font-family: arial, helvetica, sans-serif; font-size: 14px;\">Granit divers<\/span><\/td>\n<\/tr>\n<tr>\n<td style=\"border: 1px solid #707070; width: 159.663px;\"><strong><span style=\"font-family: arial, helvetica, sans-serif; font-size: 14px;\">Mat\u00e9riau :<\/span><\/strong><\/td>\n<td style=\"border: 1px solid #707070; width: 553.337px;\"><span style=\"font-size: 14px;\">Granit<\/span><\/td>\n<\/tr>\n<tr>\n<td style=\"border: 1px solid #707070; width: 159.663px;\"><strong><span style=\"font-family: arial, helvetica, sans-serif; font-size: 14px;\">Couleur :<\/span><\/strong><\/td>\n<td style=\"border: 1px solid #707070; width: 553.337px;\"><span style=\"font-family: arial, helvetica, sans-serif; font-size: 14px;\">Blanc, noir, jaune, rouge, rose, gris, brun, bleu, vert, etc.<\/span><\/td>\n<\/tr>\n<tr>\n<td style=\"border: 1px solid #707070; width: 159.663px;\" rowspan=\"3\"><strong><span style=\"font-family: arial, helvetica, sans-serif; font-size: 14px;\">Taille :<\/span><\/strong><\/td>\n<td style=\"border: 1px solid #707070; width: 553.337px;\"><span style=\"text-decoration: underline;\"><span style=\"font-size: 14px;\">Carreaux disponibles <\/span><\/span><br \/>\n<span style=\"font-size: 14px;\">12\u2019x12\u2033,24\u2019x24\u2033,12\u2019x24\u2033,etc <\/span><\/p>\n<p><span style=\"font-size: 14px;\">300x300mm,300x600mm,400x400mm,600x600mm,etc<\/span><\/td>\n<\/tr>\n<tr>\n<td style=\"border: 1px solid #707070; width: 553.337px;\"><span style=\"text-decoration: underline;\"><span style=\"font-size: 14px;\">Dalles disponibles <\/span><\/span><\/p>\n<p><span style=\"font-size: 14px;\">180cmUpx60UP,180cmUpx65cmUP,180cmUpx70cmUP,etc<\/span><br \/>\n<span style=\"font-size: 14px;\">240cmUpx120cmUP,etc<\/span><\/td>\n<\/tr>\n<tr>\n<td style=\"border: 1px solid #707070; width: 553.337px;\"><span style=\"font-family: arial, helvetica, sans-serif; font-size: 14px;\">Des sp\u00e9cifications personnalis\u00e9es sont disponibles<\/span><\/td>\n<\/tr>\n<tr>\n<td style=\"border: 1px solid #707070; width: 159.663px;\"><strong><span style=\"font-family: arial, helvetica, sans-serif; font-size: 14px;\">Tol\u00e9rance d'\u00e9paisseur :<\/span><\/strong><\/td>\n<td style=\"border: 1px solid #707070; width: 553.337px;\"><span style=\"font-family: arial, helvetica, sans-serif; font-size: 14px;\">\u00b10,05mm, \u00b11mm, \u00b11,5mm, \u00b12mm, selon les exigences de qualit\u00e9 du client<\/span><\/td>\n<\/tr>\n<tr>\n<td style=\"border: 1px solid #707070; width: 159.663px;\"><strong><span style=\"font-family: arial, helvetica, sans-serif; font-size: 14px;\">Surface :<\/span><\/strong><\/td>\n<td style=\"border: 1px solid #707070; width: 553.337px;\"><span style=\"font-family: arial, helvetica, sans-serif; font-size: 14px;\">P<\/span><span style=\"font-size: 14px;\">ol\u00e9, adouci, flamm\u00e9, sabl\u00e9, bouchard\u00e9, fendu naturel, flamm\u00e9 et bross\u00e9, etc.<\/span><\/td>\n<\/tr>\n<tr>\n<td style=\"border: 1px solid #707070; width: 159.663px;\"><strong><span style=\"font-family: arial, helvetica, sans-serif; font-size: 14px;\">Emballage :<\/span><\/strong><\/td>\n<td style=\"border: 1px solid #707070; width: 553.337px;\"><span style=\"font-size: 14px;\">Palettes en bois en \u00e9tat de navigabilit\u00e9, fardeaux en bois et caisses en bois<\/span><\/td>\n<\/tr>\n<tr>\n<td style=\"border: 1px solid #707070; width: 159.663px;\"><strong><span style=\"font-family: arial, helvetica, sans-serif; font-size: 14px;\">Application :<\/span><\/strong><\/td>\n<td style=\"border: 1px solid #707070; width: 553.337px;\"><span style=\"font-family: arial, helvetica, sans-serif; font-size: 14px;\">Sol, mur, motif, comptoir, d\u00e9coration int\u00e9rieure et ext\u00e9rieure<\/span><\/td>\n<\/tr>\n<tr>\n<td style=\"border: 1px solid #707070; width: 159.663px;\"><strong><span style=\"font-family: arial, helvetica, sans-serif; font-size: 14px;\">D\u00e9lai de livraison :<\/span><\/strong><\/td>\n<td style=\"border: 1px solid #707070; width: 553.337px;\"><span style=\"font-size: 14px;\">15-20 jours pour l'enregistrement<\/span><span style=\"font-family: arial, helvetica, sans-serif; font-size: 14px;\">tailles lar<\/span><\/td>\n<\/tr>\n<tr>\n<td style=\"border: 1px solid #707070; width: 159.663px;\"><strong><span style=\"font-family: arial, helvetica, sans-serif; font-size: 14px;\">Certificat :<\/span><\/strong><\/td>\n<td style=\"border: 1px solid #707070; width: 553.337px;\"><span style=\"font-family: arial, helvetica, sans-serif; font-size: 14px;\">CE, SGS<\/span><\/td>\n<\/tr>\n<tr>\n<td style=\"border: 1px solid #707070; width: 159.663px;\"><strong><span style=\"font-family: arial, helvetica, sans-serif; font-size: 14px;\">Conditions de paiement :<\/span><\/strong><\/td>\n<td style=\"border: 1px solid #707070; width: 553.337px;\"><span style=\"font-size: 14px;\">T\/T, L\/C, D<span style=\"color: #000000; font-family: Verdana, Arial, Helvetica, sans-serif; font-size: 14px; font-style: normal; font-weight: 400; background-color: #ffffff; float: none;\">\/<\/span>P<\/span><\/td>\n<\/tr>\n<tr>\n<td style=\"border: 1px solid #707070; width: 159.663px;\"><strong><span style=\"font-family: arial, helvetica, sans-serif; font-size: 14px;\">Avantage :<\/span><\/strong><\/td>\n<td style=\"border: 1px solid #707070; width: 553.337px;\"><span style=\"font-family: arial, helvetica, sans-serif; font-size: 14px;\">1) Service unique pour la pierre ;<\/span><\/p>\n<p><span style=\"font-family: arial, helvetica, sans-serif; font-size: 14px;\">2) poss\u00e8dent 3 carri\u00e8res et 9 usines ;<\/span><\/p>\n<p><span style=\"font-family: arial, helvetica, sans-serif; font-size: 14px;\">3) Des supports technologiques de pointe.<\/span><\/td>\n<\/tr>\n<tr>\n<td style=\"border: 1px solid #707070; width: 159.663px;\"><strong><span style=\"font-family: arial, helvetica, sans-serif; font-size: 14px;\">Assurance de la qualit\u00e9 et de la livraison :\u00a0<\/span><\/strong><\/td>\n<td style=\"border: 1px solid #707070; width: 553.337px;\"><span style=\"font-size: 14px;\">Tout au long du processus de production, du choix des mat\u00e9riaux \u00e0 l'emballage en passant par la fabrication, notre service de contr\u00f4le de la qualit\u00e9 contr\u00f4le rigoureusement chaque pi\u00e8ce et chaque processus afin de garantir le respect des normes de qualit\u00e9 et le respect des d\u00e9lais de livraison.<\/span><\/td>\n<\/tr>\n<\/tbody>\n<\/table>\n<p>&nbsp;<\/p>\n<p><img loading=\"lazy\" decoding=\"async\" class=\"alignnone size-full wp-image-27005\" src=\"http:\/\/stone-phoenix.com\/wp-content\/uploads\/2023\/12\/Green-Granite-Tile-China-24-X-3.jpg\" alt=\"\" width=\"1119\" height=\"939\" srcset=\"https:\/\/stone-phoenix.com\/wp-content\/uploads\/2023\/12\/Green-Granite-Tile-China-24-X-3.jpg 1119w, https:\/\/stone-phoenix.com\/wp-content\/uploads\/2023\/12\/Green-Granite-Tile-China-24-X-3-300x252.jpg 300w, https:\/\/stone-phoenix.com\/wp-content\/uploads\/2023\/12\/Green-Granite-Tile-China-24-X-3-1024x859.jpg 1024w, https:\/\/stone-phoenix.com\/wp-content\/uploads\/2023\/12\/Green-Granite-Tile-China-24-X-3-768x644.jpg 768w, https:\/\/stone-phoenix.com\/wp-content\/uploads\/2023\/12\/Green-Granite-Tile-China-24-X-3-14x12.jpg 14w, https:\/\/stone-phoenix.com\/wp-content\/uploads\/2023\/12\/Green-Granite-Tile-China-24-X-3-600x503.jpg 600w, https:\/\/stone-phoenix.com\/wp-content\/uploads\/2023\/12\/Green-Granite-Tile-China-24-X-3-150x126.jpg 150w\" sizes=\"(max-width: 1119px) 100vw, 1119px\" \/><img loading=\"lazy\" decoding=\"async\" class=\"alignnone size-full wp-image-27007\" src=\"http:\/\/stone-phoenix.com\/wp-content\/uploads\/2023\/12\/Green-Granite-Tile-China-24-X-4.jpg\" alt=\"\" width=\"1119\" height=\"811\" srcset=\"https:\/\/stone-phoenix.com\/wp-content\/uploads\/2023\/12\/Green-Granite-Tile-China-24-X-4.jpg 1119w, https:\/\/stone-phoenix.com\/wp-content\/uploads\/2023\/12\/Green-Granite-Tile-China-24-X-4-300x217.jpg 300w, https:\/\/stone-phoenix.com\/wp-content\/uploads\/2023\/12\/Green-Granite-Tile-China-24-X-4-1024x742.jpg 1024w, https:\/\/stone-phoenix.com\/wp-content\/uploads\/2023\/12\/Green-Granite-Tile-China-24-X-4-768x557.jpg 768w, https:\/\/stone-phoenix.com\/wp-content\/uploads\/2023\/12\/Green-Granite-Tile-China-24-X-4-18x12.jpg 18w, https:\/\/stone-phoenix.com\/wp-content\/uploads\/2023\/12\/Green-Granite-Tile-China-24-X-4-600x435.jpg 600w, https:\/\/stone-phoenix.com\/wp-content\/uploads\/2023\/12\/Green-Granite-Tile-China-24-X-4-150x109.jpg 150w\" sizes=\"(max-width: 1119px) 100vw, 1119px\" \/><\/p>\n<\/div>\n<\/div>\n<\/div>","protected":false},"excerpt":{"rendered":"<p>Green Granite Tile China Green granite tile is a popular choice for flooring, countertops, and backsplashes because of their durability,<\/p>","protected":false},"featured_media":27003,"template":"","meta":[],"product_cat":[112],"product_tag":[],"_links":{"self":[{"href":"https:\/\/stone-phoenix.com\/fr\/wp-json\/wp\/v2\/product\/20777"}],"collection":[{"href":"https:\/\/stone-phoenix.com\/fr\/wp-json\/wp\/v2\/product"}],"about":[{"href":"https:\/\/stone-phoenix.com\/fr\/wp-json\/wp\/v2\/types\/product"}],"wp:featuredmedia":[{"embeddable":true,"href":"https:\/\/stone-phoenix.com\/fr\/wp-json\/wp\/v2\/media\/27003"}],"wp:attachment":[{"href":"https:\/\/stone-phoenix.com\/fr\/wp-json\/wp\/v2\/media?parent=20777"}],"wp:term":[{"taxonomy":"product_cat","embeddable":true,"href":"https:\/\/stone-phoenix.com\/fr\/wp-json\/wp\/v2\/product_cat?post=20777"},{"taxonomy":"product_tag","embeddable":true,"href":"https:\/\/stone-phoenix.com\/fr\/wp-json\/wp\/v2\/product_tag?post=20777"}],"curies":[{"name":"wp","href":"https:\/\/api.w.org\/{rel}","templated":true}]}}