{"id":20781,"date":"2023-12-29T20:22:01","date_gmt":"2023-12-29T12:22:01","guid":{"rendered":"http:\/\/stone-phoenix.com\/product\/cheap-landscaping-stone-granite-polished-tile"},"modified":"2024-03-31T14:18:04","modified_gmt":"2024-03-31T06:18:04","slug":"cheap-landscaping-stone-granite-polished-tile","status":"publish","type":"product","link":"https:\/\/stone-phoenix.com\/fr\/produit\/cheap-landscaping-stone-granite-polished-tile","title":{"rendered":"pierre d'am\u00e9nagement paysager bon march\u00e9 granit carreaux polis"},"content":{"rendered":"<div id=\"tab-description\" class=\"woocommerce-Tabs-panel woocommerce-Tabs-panel--description panel entry-content wc-tab\" role=\"tabpanel\" aria-labelledby=\"tab-title-description\">\n<div id=\"ali-anchor-AliPostDhMb-at2lh\" style=\"padding-top: 8px;\" data-section=\"AliPostDhMb-at2lh\" data-section-title=\"Product Description\">\n<h1>pierre d'am\u00e9nagement paysager bon march\u00e9 granit gris carrelage poli<\/h1>\n<p>La pierre d'am\u00e9nagement paysager bon march\u00e9 est faite de pierre concass\u00e9e de qualit\u00e9 pour vos besoins d'am\u00e9nagement paysager. Nous proposons des commandes en gros \u00e0 des prix r\u00e9duits. Nos pierres sont garanties contre la lixiviation de produits chimiques, \u00e9vitent l'\u00e9rosion du sol et absorbent rapidement l'eau.<br \/>\nC'est le meilleur choix pour un am\u00e9nagement paysager bon march\u00e9 pour votre maison et votre jardin. pierre bon march\u00e9, fournisseur et fabricant de pierre bon march\u00e9.<\/p>\n<p>Vous \u00eates \u00e0 la recherche d'une pierre d'am\u00e9nagement paysager bon march\u00e9 ? Vous trouverez ici toute la collection de pierres d'am\u00e9nagement paysager,les produits sont propos\u00e9s dans diff\u00e9rents styles, tailles et formes.Ils peuvent \u00eatre utilis\u00e9s pour tout type de projet d'am\u00e9nagement paysager.Notre produit est id\u00e9al pour tout projet d'am\u00e9nagement paysager, vous pouvez donc \u00eatre cr\u00e9atif avec votre conception de jardin et personnaliser votre espace avec facilit\u00e9.<\/p>\n<p>Qu'il s'agisse d'une all\u00e9e ou d'une bordure \u00e9labor\u00e9e, cette pierre vous aidera \u00e0 cr\u00e9er des motifs incroyables en un rien de temps.Nos pierres d'am\u00e9nagement paysager sont id\u00e9ales pour am\u00e9nager un jardin de rocaille. De plus, elles sont bon march\u00e9 et faciles \u00e0 installer - m\u00eame si vous n'\u00eates pas le plus habile avec une pelle.C'est un produit polyvalent. C'est un produit polyvalent. Il peut \u00eatre utilis\u00e9 \u00e0 de multiples fins, comme les foyers, les murs de jardin et m\u00eame les bordures de pelouse.<\/p>\n<p>Nos produits d'am\u00e9nagement paysager sont parfaits pour les murs de sout\u00e8nement, les sentiers ou autres espaces ext\u00e9rieurs. Les produits peuvent \u00e9galement \u00eatre utilis\u00e9s comme accents d\u00e9coratifs pour donner \u00e0 votre maison un aspect unique.C'est un produit pour ceux qui veulent acheter des pierres d'am\u00e9nagement paysager bon march\u00e9. Ce produit est moins cher que d'autres sur le march\u00e9, mais la qualit\u00e9 reste tr\u00e8s bonne.<\/p>\n<div id=\"ali-title-AliPostDhMb-at2lh\" style=\"padding: 8px 0; border-bottom: 1px solid #ddd;\"><span style=\"background-color: #ddd; color: #333; font-weight: bold; padding: 8px 10px; line-height: 12px;\">Description du produit<\/span><\/div>\n<div style=\"padding: 10px 0;\">\n<table class=\"aliDataTable\" style=\"color: #000000; font-family: Arial; font-size: 12px; font-style: normal; font-weight: 400; background-color: #ffffff; width: 700px; height: 226px; border: 1px solid #b3b3b3;\">\n<tbody>\n<tr>\n<td style=\"border: 1px solid #707070; width: 156px;\"><strong><span style=\"font-family: arial, helvetica, sans-serif; font-size: 14px;\">Nom du produit :<\/span><\/strong><\/td>\n<td style=\"border: 1px solid #707070; width: 557px;\">veines vertes granit gris carreaux polis pierre paysage<\/td>\n<\/tr>\n<tr>\n<td style=\"border: 1px solid #707070; width: 156px;\"><strong><span style=\"font-family: arial, helvetica, sans-serif; font-size: 14px;\">Mat\u00e9riau :<\/span><\/strong><\/td>\n<td style=\"border: 1px solid #707070; width: 557px;\"><span style=\"font-size: 14px;\">Granit<\/span><\/td>\n<\/tr>\n<tr>\n<td style=\"border: 1px solid #707070; width: 156px;\"><strong><span style=\"font-family: arial, helvetica, sans-serif; font-size: 14px;\">Couleur :<\/span><\/strong><\/td>\n<td style=\"border: 1px solid #707070; width: 557px;\"><span style=\"font-family: arial, helvetica, sans-serif; font-size: 14px;\">Blanc, noir, jaune, rouge, rose, gris, brun, bleu, vert, etc.<\/span><\/td>\n<\/tr>\n<tr>\n<td style=\"border: 1px solid #707070; width: 156px;\" rowspan=\"3\"><strong><span style=\"font-family: arial, helvetica, sans-serif; font-size: 14px;\">Taille :<\/span><\/strong><\/td>\n<td style=\"border: 1px solid #707070; width: 557px;\"><span style=\"text-decoration: underline;\"><span style=\"font-size: 14px;\">Carreaux disponibles <\/span><\/span><br \/>\n<span style=\"font-size: 14px;\">12\u2019x12\u2033,24\u2019x24\u2033,12\u2019x24\u2033,etc <\/span><span style=\"font-size: 14px;\">300x300mm,300x600mm,400x400mm,600x600mm,etc<\/span><\/td>\n<\/tr>\n<tr>\n<td style=\"border: 1px solid #707070; width: 557px;\"><span style=\"text-decoration: underline;\"><span style=\"font-size: 14px;\">Dalles disponibles <\/span><\/span><\/p>\n<p><span style=\"font-size: 14px;\">180cmUpx60UP,180cmUpx65cmUP,180cmUpx70cmUP,etc<\/span><br \/>\n<span style=\"font-size: 14px;\">240cmUpx120cmUP,etc<\/span><\/td>\n<\/tr>\n<tr>\n<td style=\"border: 1px solid #707070; width: 557px;\"><span style=\"font-family: arial, helvetica, sans-serif; font-size: 14px;\">Des sp\u00e9cifications personnalis\u00e9es sont disponibles<\/span><\/td>\n<\/tr>\n<tr>\n<td style=\"border: 1px solid #707070; width: 156px;\"><strong><span style=\"font-family: arial, helvetica, sans-serif; font-size: 14px;\">Tol\u00e9rance d'\u00e9paisseur :<\/span><\/strong><\/td>\n<td style=\"border: 1px solid #707070; width: 557px;\"><span style=\"font-family: arial, helvetica, sans-serif; font-size: 14px;\">\u00b10,05mm, \u00b11mm, \u00b11,5mm, \u00b12mm, selon les exigences de qualit\u00e9 du client<\/span><\/td>\n<\/tr>\n<tr>\n<td style=\"border: 1px solid #707070; width: 156px;\"><strong><span style=\"font-family: arial, helvetica, sans-serif; font-size: 14px;\">Surface :<\/span><\/strong><\/td>\n<td style=\"border: 1px solid #707070; width: 557px;\"><span style=\"font-family: arial, helvetica, sans-serif; font-size: 14px;\">Poli, adouci, flamm\u00e9, sabl\u00e9, bouchard\u00e9<span style=\"font-size: 14px;\">ed, antique,<\/span>fendu naturel, flamm\u00e9 et bross\u00e9,<\/span><span style=\"font-size: 14px;\">etc.<\/span><\/td>\n<\/tr>\n<tr>\n<td style=\"border: 1px solid #707070; width: 156px;\"><strong><span style=\"font-family: arial, helvetica, sans-serif; font-size: 14px;\">Emballage :<\/span><\/strong><\/td>\n<td style=\"border: 1px solid #707070; width: 557px;\"><span style=\"font-size: 14px;\">Palettes en bois en \u00e9tat de navigabilit\u00e9, fardeaux en bois et caisses en bois<\/span><\/td>\n<\/tr>\n<tr>\n<td style=\"border: 1px solid #707070; width: 156px;\"><strong><span style=\"font-family: arial, helvetica, sans-serif; font-size: 14px;\">Application :<\/span><\/strong><\/td>\n<td style=\"border: 1px solid #707070; width: 557px;\"><span style=\"font-family: arial, helvetica, sans-serif; font-size: 14px;\">Sol, mur, motif, comptoir, d\u00e9coration int\u00e9rieure et ext\u00e9rieure<\/span><\/td>\n<\/tr>\n<tr>\n<td style=\"border: 1px solid #707070; width: 156px;\"><strong><span style=\"font-family: arial, helvetica, sans-serif; font-size: 14px;\">D\u00e9lai de livraison :<\/span><\/strong><\/td>\n<td style=\"border: 1px solid #707070; width: 557px;\"><span style=\"font-size: 14px;\">15-20 jours pour l'enregistrement<\/span><span style=\"font-family: arial, helvetica, sans-serif; font-size: 14px;\">tailles lar<\/span><\/td>\n<\/tr>\n<tr>\n<td style=\"border: 1px solid #707070; width: 156px;\"><strong><span style=\"font-family: arial, helvetica, sans-serif; font-size: 14px;\">Certificat :<\/span><\/strong><\/td>\n<td style=\"border: 1px solid #707070; width: 557px;\"><span style=\"font-family: arial, helvetica, sans-serif; font-size: 14px;\">CE, SGS<\/span><\/td>\n<\/tr>\n<tr>\n<td style=\"border: 1px solid #707070; width: 156px;\"><strong><span style=\"font-family: arial, helvetica, sans-serif; font-size: 14px;\">Conditions de paiement :<\/span><\/strong><\/td>\n<td style=\"border: 1px solid #707070; width: 557px;\"><span style=\"font-size: 14px;\">T\/T, L\/C, D<span style=\"color: #000000; font-family: Verdana, Arial, Helvetica, sans-serif; font-size: 14px; font-style: normal; font-weight: 400; background-color: #ffffff; float: none;\">\/<\/span>P<\/span><\/td>\n<\/tr>\n<tr>\n<td style=\"border: 1px solid #707070; width: 156px;\"><strong><span style=\"font-family: arial, helvetica, sans-serif; font-size: 14px;\">Avantage :<\/span><\/strong><\/td>\n<td style=\"border: 1px solid #707070; width: 557px;\"><span style=\"font-family: arial, helvetica, sans-serif; font-size: 14px;\">1) Service unique pour la pierre ;<\/span><\/p>\n<p><span style=\"font-family: arial, helvetica, sans-serif; font-size: 14px;\">2) poss\u00e8dent 3 carri\u00e8res et 9 usines ;<\/span><\/p>\n<p><span style=\"font-family: arial, helvetica, sans-serif; font-size: 14px;\">3) Des supports technologiques de pointe.<\/span><\/td>\n<\/tr>\n<tr>\n<td style=\"border: 1px solid #707070; width: 156px;\"><strong><span style=\"font-family: arial, helvetica, sans-serif; font-size: 14px;\">Assurance de la qualit\u00e9 et de la livraison :\u00a0<\/span><\/strong><\/td>\n<td style=\"border: 1px solid #707070; width: 557px;\"><span style=\"font-size: 14px;\">Tout au long du processus de production, du choix des mat\u00e9riaux \u00e0 l'emballage en passant par la fabrication, notre service de contr\u00f4le de la qualit\u00e9 contr\u00f4le rigoureusement chaque pi\u00e8ce et chaque processus afin de garantir le respect des normes de qualit\u00e9 et le respect des d\u00e9lais de livraison.<\/span><\/td>\n<\/tr>\n<\/tbody>\n<\/table>\n<p><img loading=\"lazy\" decoding=\"async\" class=\"alignnone  wp-image-27000\" src=\"http:\/\/stone-phoenix.com\/wp-content\/uploads\/2023\/12\/cheap-landscaping-stone-granite-polished-tile-6.jpg\" alt=\"\" width=\"953\" height=\"684\" srcset=\"https:\/\/stone-phoenix.com\/wp-content\/uploads\/2023\/12\/cheap-landscaping-stone-granite-polished-tile-6.jpg 690w, https:\/\/stone-phoenix.com\/wp-content\/uploads\/2023\/12\/cheap-landscaping-stone-granite-polished-tile-6-300x215.jpg 300w, https:\/\/stone-phoenix.com\/wp-content\/uploads\/2023\/12\/cheap-landscaping-stone-granite-polished-tile-6-18x12.jpg 18w, https:\/\/stone-phoenix.com\/wp-content\/uploads\/2023\/12\/cheap-landscaping-stone-granite-polished-tile-6-600x430.jpg 600w, https:\/\/stone-phoenix.com\/wp-content\/uploads\/2023\/12\/cheap-landscaping-stone-granite-polished-tile-6-150x108.jpg 150w\" sizes=\"(max-width: 953px) 100vw, 953px\" \/><img loading=\"lazy\" decoding=\"async\" class=\"alignnone size-full wp-image-27001\" src=\"http:\/\/stone-phoenix.com\/wp-content\/uploads\/2023\/12\/cheap-landscaping-stone-granite-polished-tile-7.jpg\" alt=\"\" width=\"1018\" height=\"1108\" srcset=\"https:\/\/stone-phoenix.com\/wp-content\/uploads\/2023\/12\/cheap-landscaping-stone-granite-polished-tile-7.jpg 1018w, https:\/\/stone-phoenix.com\/wp-content\/uploads\/2023\/12\/cheap-landscaping-stone-granite-polished-tile-7-276x300.jpg 276w, https:\/\/stone-phoenix.com\/wp-content\/uploads\/2023\/12\/cheap-landscaping-stone-granite-polished-tile-7-941x1024.jpg 941w, https:\/\/stone-phoenix.com\/wp-content\/uploads\/2023\/12\/cheap-landscaping-stone-granite-polished-tile-7-768x836.jpg 768w, https:\/\/stone-phoenix.com\/wp-content\/uploads\/2023\/12\/cheap-landscaping-stone-granite-polished-tile-7-11x12.jpg 11w, https:\/\/stone-phoenix.com\/wp-content\/uploads\/2023\/12\/cheap-landscaping-stone-granite-polished-tile-7-600x653.jpg 600w, https:\/\/stone-phoenix.com\/wp-content\/uploads\/2023\/12\/cheap-landscaping-stone-granite-polished-tile-7-150x163.jpg 150w\" sizes=\"(max-width: 1018px) 100vw, 1018px\" \/><img loading=\"lazy\" decoding=\"async\" class=\"alignnone size-full wp-image-27002\" src=\"http:\/\/stone-phoenix.com\/wp-content\/uploads\/2023\/12\/cheap-landscaping-stone-granite-polished-tile-8.jpg\" alt=\"\" width=\"1119\" height=\"778\" srcset=\"https:\/\/stone-phoenix.com\/wp-content\/uploads\/2023\/12\/cheap-landscaping-stone-granite-polished-tile-8.jpg 1119w, https:\/\/stone-phoenix.com\/wp-content\/uploads\/2023\/12\/cheap-landscaping-stone-granite-polished-tile-8-300x209.jpg 300w, https:\/\/stone-phoenix.com\/wp-content\/uploads\/2023\/12\/cheap-landscaping-stone-granite-polished-tile-8-1024x712.jpg 1024w, https:\/\/stone-phoenix.com\/wp-content\/uploads\/2023\/12\/cheap-landscaping-stone-granite-polished-tile-8-768x534.jpg 768w, https:\/\/stone-phoenix.com\/wp-content\/uploads\/2023\/12\/cheap-landscaping-stone-granite-polished-tile-8-18x12.jpg 18w, https:\/\/stone-phoenix.com\/wp-content\/uploads\/2023\/12\/cheap-landscaping-stone-granite-polished-tile-8-600x417.jpg 600w, https:\/\/stone-phoenix.com\/wp-content\/uploads\/2023\/12\/cheap-landscaping-stone-granite-polished-tile-8-150x104.jpg 150w\" sizes=\"(max-width: 1119px) 100vw, 1119px\" \/><\/p>\n<\/div>\n<\/div>\n<\/div>","protected":false},"excerpt":{"rendered":"<p>cheap landscaping stone grey granite polished tile cheap landscaping stone is made of quality crushed stone for your landscaping needs.<\/p>","protected":false},"featured_media":26994,"template":"","meta":[],"product_cat":[112],"product_tag":[],"_links":{"self":[{"href":"https:\/\/stone-phoenix.com\/fr\/wp-json\/wp\/v2\/product\/20781"}],"collection":[{"href":"https:\/\/stone-phoenix.com\/fr\/wp-json\/wp\/v2\/product"}],"about":[{"href":"https:\/\/stone-phoenix.com\/fr\/wp-json\/wp\/v2\/types\/product"}],"wp:featuredmedia":[{"embeddable":true,"href":"https:\/\/stone-phoenix.com\/fr\/wp-json\/wp\/v2\/media\/26994"}],"wp:attachment":[{"href":"https:\/\/stone-phoenix.com\/fr\/wp-json\/wp\/v2\/media?parent=20781"}],"wp:term":[{"taxonomy":"product_cat","embeddable":true,"href":"https:\/\/stone-phoenix.com\/fr\/wp-json\/wp\/v2\/product_cat?post=20781"},{"taxonomy":"product_tag","embeddable":true,"href":"https:\/\/stone-phoenix.com\/fr\/wp-json\/wp\/v2\/product_tag?post=20781"}],"curies":[{"name":"wp","href":"https:\/\/api.w.org\/{rel}","templated":true}]}}