{"id":20798,"date":"2023-12-29T20:22:29","date_gmt":"2023-12-29T12:22:29","guid":{"rendered":"http:\/\/stone-phoenix.com\/product\/grey-granite-tile-supplier-60x30-120x60-outdoor"},"modified":"2024-03-31T13:48:18","modified_gmt":"2024-03-31T05:48:18","slug":"grey-granite-tile-supplier-60x30-120x60-outdoor","status":"publish","type":"product","link":"https:\/\/stone-phoenix.com\/fr\/produit\/grey-granite-tile-supplier-60x30-120x60-outdoor","title":{"rendered":"Fournisseur de carreaux de granit gris 60\u00d730 120\u00d760 pour l'ext\u00e9rieur"},"content":{"rendered":"<div id=\"tab-description\" class=\"woocommerce-Tabs-panel woocommerce-Tabs-panel--description panel entry-content wc-tab\" role=\"tabpanel\" aria-labelledby=\"tab-title-description\">\n<div id=\"ali-anchor-AliPostDhMb-6q8vw\" style=\"padding-top: 8px;\" data-section=\"AliPostDhMb-6q8vw\" data-section-title=\"Product Description\">\n<div>\n<p>Lorsqu'il s'agit de choisir des mat\u00e9riaux pour construire ou r\u00e9nover un espace, le granit est un choix populaire. Il s'agit d'une pierre naturelle durable et attrayante qui se d\u00e9cline dans une grande vari\u00e9t\u00e9 de couleurs et de motifs. L'un des types de granit les plus recherch\u00e9s est le granit gris, dont l'aspect classique et intemporel convient \u00e0 un large \u00e9ventail d'environnements. Si vous \u00eates \u00e0 la recherche de carreaux de granit gris, vous devez trouver un fournisseur r\u00e9put\u00e9 qui vous fournira des produits de haute qualit\u00e9 \u00e0 un prix raisonnable.<\/p>\n<p>Un bon fournisseur de carreaux de granit gris doit proposer un large choix de carreaux, y compris diff\u00e9rentes nuances de gris et diff\u00e9rentes tailles et formes. Il doit \u00e9galement \u00eatre en mesure de vous fournir des \u00e9chantillons afin que vous puissiez voir les carreaux en personne avant de les acheter. En outre, il doit conna\u00eetre les propri\u00e9t\u00e9s du granit gris et \u00eatre en mesure de vous conseiller sur le type de carreaux qui conviendrait le mieux \u00e0 votre projet.<\/p>\n<p>Lorsque vous \u00e9valuez les fournisseurs potentiels de carreaux de granit gris, il est important de tenir compte de leur r\u00e9putation dans l'industrie. Recherchez un fournisseur qui a fait ses preuves en offrant un excellent service \u00e0 la client\u00e8le et des produits de haute qualit\u00e9. Pour ce faire, lisez les commentaires en ligne, consultez les t\u00e9moignages sur le site Web et demandez des r\u00e9f\u00e9rences \u00e0 d'anciens clients.<\/p>\n<p>Un autre facteur important \u00e0 prendre en compte lors du choix d'un fournisseur de carreaux de granit gris est le prix. Si vous ne voulez pas sacrifier la qualit\u00e9 pour un prix inf\u00e9rieur, vous ne voulez pas non plus surpayer vos carreaux. Recherchez un fournisseur qui propose des prix justes et comp\u00e9titifs sans faire de compromis sur la qualit\u00e9.<\/p>\n<p>Enfin, il est important de prendre en compte les aspects logistiques de la collaboration avec un fournisseur de carreaux de granit gris. Sera-t-il en mesure de livrer les carreaux \u00e0 votre emplacement de mani\u00e8re rapide et efficace ? Offre-t-il des services d'installation ou peut-il recommander un installateur r\u00e9put\u00e9 ? Il s'agit l\u00e0 de questions importantes \u00e0 poser lors de l'\u00e9valuation des fournisseurs potentiels.<\/p>\n<p>En conclusion, trouver le bon fournisseur de carreaux de granit gris est un \u00e9l\u00e9ment important de tout projet de construction ou de r\u00e9novation. Recherchez un fournisseur qui offre un large choix de carreaux de haute qualit\u00e9, qui jouit d'une bonne r\u00e9putation dans l'industrie, qui propose des prix \u00e9quitables et qui offre un excellent service \u00e0 la client\u00e8le. En faisant vos recherches et en choisissant le bon fournisseur, vous pouvez vous assurer que votre projet de carreaux de granit gris sera une r\u00e9ussite.<\/p>\n<\/div>\n<div id=\"ali-title-AliPostDhMb-6q8vw\" style=\"padding: 8px 0; border-bottom: 1px solid #ddd;\"><span style=\"background-color: #ddd; color: #333; font-weight: bold; padding: 8px 10px; line-height: 12px;\">Description du produit<\/span><\/div>\n<div style=\"padding: 10px 0;\"><\/div>\n<div style=\"padding: 10px 0;\">\n<table class=\"aliDataTable\" style=\"color: #000000; font-family: Arial; font-size: 12px; font-style: normal; font-weight: 400; background-color: #ffffff; width: 698px; height: 226px; border: 1px solid #b3b3b3;\">\n<tbody>\n<tr>\n<td style=\"border: 1px solid #707070; width: 159.663px;\"><strong><span style=\"font-family: arial, helvetica, sans-serif; font-size: 14px;\">Nom du produit :<\/span><\/strong><\/td>\n<td style=\"border: 1px solid #707070; width: 553.337px;\">Gris fantaisie Carrelage en granit pas cher de haute qualit\u00e9 multiplecolor gris pour Carrelage en granit pour l'ext\u00e9rieur<\/td>\n<\/tr>\n<tr>\n<td style=\"border: 1px solid #707070; width: 159.663px;\"><strong><span style=\"font-family: arial, helvetica, sans-serif; font-size: 14px;\">Mat\u00e9riau :<\/span><\/strong><\/td>\n<td style=\"border: 1px solid #707070; width: 553.337px;\"><span style=\"font-size: 14px;\">Granit<\/span><\/td>\n<\/tr>\n<tr>\n<td style=\"border: 1px solid #707070; width: 159.663px;\"><strong><span style=\"font-family: arial, helvetica, sans-serif; font-size: 14px;\">Couleur :<\/span><\/strong><\/td>\n<td style=\"border: 1px solid #707070; width: 553.337px;\"><span style=\"font-family: arial, helvetica, sans-serif; font-size: 14px;\">Blanc, noir, jaune, rouge, rose, gris, brun, bleu, vert, etc.<\/span><\/td>\n<\/tr>\n<tr>\n<td style=\"border: 1px solid #707070; width: 159.663px;\" rowspan=\"3\"><strong><span style=\"font-family: arial, helvetica, sans-serif; font-size: 14px;\">Taille :<\/span><\/strong><\/td>\n<td style=\"border: 1px solid #707070; width: 553.337px;\"><span style=\"text-decoration: underline;\"><span style=\"font-size: 14px;\">Carreaux disponibles <\/span><\/span><br \/>\n<span style=\"font-size: 14px;\">12\u2019x12\u2033,24\u2019x24\u2033,12\u2019x24\u2033,etc <\/span><\/p>\n<p><span style=\"font-size: 14px;\">300x300mm,300x600mm,400x400mm,600x600mm,etc<\/span><\/td>\n<\/tr>\n<tr>\n<td style=\"border: 1px solid #707070; width: 553.337px;\"><span style=\"text-decoration: underline;\"><span style=\"font-size: 14px;\">Dalles disponibles <\/span><\/span><\/p>\n<p><span style=\"font-size: 14px;\">180cmUpx60UP,180cmUpx65cmUP,180cmUpx70cmUP,etc<\/span><br \/>\n<span style=\"font-size: 14px;\">240cmUpx120cmUP,etc<\/span><\/td>\n<\/tr>\n<tr>\n<td style=\"border: 1px solid #707070; width: 553.337px;\"><span style=\"font-family: arial, helvetica, sans-serif; font-size: 14px;\">Des sp\u00e9cifications personnalis\u00e9es sont disponibles<\/span><\/td>\n<\/tr>\n<tr>\n<td style=\"border: 1px solid #707070; width: 159.663px;\"><strong><span style=\"font-family: arial, helvetica, sans-serif; font-size: 14px;\">Tol\u00e9rance d'\u00e9paisseur :<\/span><\/strong><\/td>\n<td style=\"border: 1px solid #707070; width: 553.337px;\"><span style=\"font-family: arial, helvetica, sans-serif; font-size: 14px;\">\u00b10,05mm, \u00b11mm, \u00b11,5mm, \u00b12mm, selon les exigences de qualit\u00e9 du client<\/span><\/td>\n<\/tr>\n<tr>\n<td style=\"border: 1px solid #707070; width: 159.663px;\"><strong><span style=\"font-family: arial, helvetica, sans-serif; font-size: 14px;\">Surface :<\/span><\/strong><\/td>\n<td style=\"border: 1px solid #707070; width: 553.337px;\"><span style=\"font-family: arial, helvetica, sans-serif; font-size: 14px;\">P<\/span><span style=\"font-size: 14px;\">ol\u00e9, adouci, flamm\u00e9, sabl\u00e9, bouchard\u00e9, fendu naturel, flamm\u00e9 et bross\u00e9, etc.<\/span><\/td>\n<\/tr>\n<tr>\n<td style=\"border: 1px solid #707070; width: 159.663px;\"><strong><span style=\"font-family: arial, helvetica, sans-serif; font-size: 14px;\">Emballage :<\/span><\/strong><\/td>\n<td style=\"border: 1px solid #707070; width: 553.337px;\"><span style=\"font-size: 14px;\">Palettes en bois en \u00e9tat de navigabilit\u00e9, fardeaux en bois et caisses en bois<\/span><\/td>\n<\/tr>\n<tr>\n<td style=\"border: 1px solid #707070; width: 159.663px;\"><strong><span style=\"font-family: arial, helvetica, sans-serif; font-size: 14px;\">Application :<\/span><\/strong><\/td>\n<td style=\"border: 1px solid #707070; width: 553.337px;\"><span style=\"font-family: arial, helvetica, sans-serif; font-size: 14px;\">Sol, mur, motif, comptoir, d\u00e9coration int\u00e9rieure et ext\u00e9rieure<\/span><\/td>\n<\/tr>\n<tr>\n<td style=\"border: 1px solid #707070; width: 159.663px;\"><strong><span style=\"font-family: arial, helvetica, sans-serif; font-size: 14px;\">D\u00e9lai de livraison :<\/span><\/strong><\/td>\n<td style=\"border: 1px solid #707070; width: 553.337px;\"><span style=\"font-size: 14px;\">15-20 jours pour l'enregistrement<\/span><span style=\"font-family: arial, helvetica, sans-serif; font-size: 14px;\">tailles lar<\/span><\/td>\n<\/tr>\n<tr>\n<td style=\"border: 1px solid #707070; width: 159.663px;\"><strong><span style=\"font-family: arial, helvetica, sans-serif; font-size: 14px;\">Certificat :<\/span><\/strong><\/td>\n<td style=\"border: 1px solid #707070; width: 553.337px;\"><span style=\"font-family: arial, helvetica, sans-serif; font-size: 14px;\">CE, SGS<\/span><\/td>\n<\/tr>\n<tr>\n<td style=\"border: 1px solid #707070; width: 159.663px;\"><strong><span style=\"font-family: arial, helvetica, sans-serif; font-size: 14px;\">Conditions de paiement :<\/span><\/strong><\/td>\n<td style=\"border: 1px solid #707070; width: 553.337px;\"><span style=\"font-size: 14px;\">T\/T, L\/C, D<span style=\"color: #000000; font-family: Verdana, Arial, Helvetica, sans-serif; font-size: 14px; font-style: normal; font-weight: 400; background-color: #ffffff; float: none;\">\/<\/span>P<\/span><\/td>\n<\/tr>\n<tr>\n<td style=\"border: 1px solid #707070; width: 159.663px;\"><strong><span style=\"font-family: arial, helvetica, sans-serif; font-size: 14px;\">Avantage :<\/span><\/strong><\/td>\n<td style=\"border: 1px solid #707070; width: 553.337px;\"><span style=\"font-family: arial, helvetica, sans-serif; font-size: 14px;\">1) Service unique pour la pierre ;<\/span><\/p>\n<p><span style=\"font-family: arial, helvetica, sans-serif; font-size: 14px;\">2) poss\u00e8dent 3 carri\u00e8res et 9 usines ;<\/span><\/p>\n<p><span style=\"font-family: arial, helvetica, sans-serif; font-size: 14px;\">3) Des supports technologiques de pointe.<\/span><\/td>\n<\/tr>\n<tr>\n<td style=\"border: 1px solid #707070; width: 159.663px;\"><strong><span style=\"font-family: arial, helvetica, sans-serif; font-size: 14px;\">Assurance de la qualit\u00e9 et de la livraison :\u00a0<\/span><\/strong><\/td>\n<td style=\"border: 1px solid #707070; width: 553.337px;\"><span style=\"font-size: 14px;\">Tout au long du processus de production, du choix des mat\u00e9riaux \u00e0 l'emballage en passant par la fabrication, notre service de contr\u00f4le de la qualit\u00e9 contr\u00f4le rigoureusement chaque pi\u00e8ce et chaque processus afin de garantir le respect des normes de qualit\u00e9 et le respect des d\u00e9lais de livraison.<\/span><\/td>\n<\/tr>\n<\/tbody>\n<\/table>\n<p><img loading=\"lazy\" decoding=\"async\" class=\"alignnone size-full wp-image-26983\" src=\"http:\/\/stone-phoenix.com\/wp-content\/uploads\/2023\/12\/Grey-Granite-Tile-supplier-60\u00d730-120\u00d760-Outdoor-1.jpg\" alt=\"\" width=\"1440\" height=\"1080\" srcset=\"https:\/\/stone-phoenix.com\/wp-content\/uploads\/2023\/12\/Grey-Granite-Tile-supplier-60\u00d730-120\u00d760-Outdoor-1.jpg 1440w, https:\/\/stone-phoenix.com\/wp-content\/uploads\/2023\/12\/Grey-Granite-Tile-supplier-60\u00d730-120\u00d760-Outdoor-1-300x225.jpg 300w, https:\/\/stone-phoenix.com\/wp-content\/uploads\/2023\/12\/Grey-Granite-Tile-supplier-60\u00d730-120\u00d760-Outdoor-1-1024x768.jpg 1024w, https:\/\/stone-phoenix.com\/wp-content\/uploads\/2023\/12\/Grey-Granite-Tile-supplier-60\u00d730-120\u00d760-Outdoor-1-768x576.jpg 768w, https:\/\/stone-phoenix.com\/wp-content\/uploads\/2023\/12\/Grey-Granite-Tile-supplier-60\u00d730-120\u00d760-Outdoor-1-16x12.jpg 16w, https:\/\/stone-phoenix.com\/wp-content\/uploads\/2023\/12\/Grey-Granite-Tile-supplier-60\u00d730-120\u00d760-Outdoor-1-600x450.jpg 600w, https:\/\/stone-phoenix.com\/wp-content\/uploads\/2023\/12\/Grey-Granite-Tile-supplier-60\u00d730-120\u00d760-Outdoor-1-150x113.jpg 150w\" sizes=\"(max-width: 1440px) 100vw, 1440px\" \/><img loading=\"lazy\" decoding=\"async\" class=\"alignnone size-full wp-image-26984\" src=\"http:\/\/stone-phoenix.com\/wp-content\/uploads\/2023\/12\/Grey-Granite-Tile-supplier-60\u00d730-120\u00d760-Outdoor-10.jpg\" alt=\"\" width=\"1919\" height=\"1080\" srcset=\"https:\/\/stone-phoenix.com\/wp-content\/uploads\/2023\/12\/Grey-Granite-Tile-supplier-60\u00d730-120\u00d760-Outdoor-10.jpg 1919w, https:\/\/stone-phoenix.com\/wp-content\/uploads\/2023\/12\/Grey-Granite-Tile-supplier-60\u00d730-120\u00d760-Outdoor-10-300x169.jpg 300w, https:\/\/stone-phoenix.com\/wp-content\/uploads\/2023\/12\/Grey-Granite-Tile-supplier-60\u00d730-120\u00d760-Outdoor-10-1024x576.jpg 1024w, https:\/\/stone-phoenix.com\/wp-content\/uploads\/2023\/12\/Grey-Granite-Tile-supplier-60\u00d730-120\u00d760-Outdoor-10-768x432.jpg 768w, https:\/\/stone-phoenix.com\/wp-content\/uploads\/2023\/12\/Grey-Granite-Tile-supplier-60\u00d730-120\u00d760-Outdoor-10-1536x864.jpg 1536w, https:\/\/stone-phoenix.com\/wp-content\/uploads\/2023\/12\/Grey-Granite-Tile-supplier-60\u00d730-120\u00d760-Outdoor-10-18x10.jpg 18w, https:\/\/stone-phoenix.com\/wp-content\/uploads\/2023\/12\/Grey-Granite-Tile-supplier-60\u00d730-120\u00d760-Outdoor-10-600x338.jpg 600w, https:\/\/stone-phoenix.com\/wp-content\/uploads\/2023\/12\/Grey-Granite-Tile-supplier-60\u00d730-120\u00d760-Outdoor-10-150x84.jpg 150w\" sizes=\"(max-width: 1919px) 100vw, 1919px\" \/><img loading=\"lazy\" decoding=\"async\" class=\"alignnone size-full wp-image-26985\" src=\"http:\/\/stone-phoenix.com\/wp-content\/uploads\/2023\/12\/Grey-Granite-Tile-supplier-60\u00d730-120\u00d760-Outdoor-7-1.jpg\" alt=\"\" width=\"1080\" height=\"1440\" srcset=\"https:\/\/stone-phoenix.com\/wp-content\/uploads\/2023\/12\/Grey-Granite-Tile-supplier-60\u00d730-120\u00d760-Outdoor-7-1.jpg 1080w, https:\/\/stone-phoenix.com\/wp-content\/uploads\/2023\/12\/Grey-Granite-Tile-supplier-60\u00d730-120\u00d760-Outdoor-7-1-225x300.jpg 225w, https:\/\/stone-phoenix.com\/wp-content\/uploads\/2023\/12\/Grey-Granite-Tile-supplier-60\u00d730-120\u00d760-Outdoor-7-1-768x1024.jpg 768w, https:\/\/stone-phoenix.com\/wp-content\/uploads\/2023\/12\/Grey-Granite-Tile-supplier-60\u00d730-120\u00d760-Outdoor-7-1-9x12.jpg 9w, https:\/\/stone-phoenix.com\/wp-content\/uploads\/2023\/12\/Grey-Granite-Tile-supplier-60\u00d730-120\u00d760-Outdoor-7-1-600x800.jpg 600w, https:\/\/stone-phoenix.com\/wp-content\/uploads\/2023\/12\/Grey-Granite-Tile-supplier-60\u00d730-120\u00d760-Outdoor-7-1-150x200.jpg 150w\" sizes=\"(max-width: 1080px) 100vw, 1080px\" \/><img loading=\"lazy\" decoding=\"async\" class=\"alignnone size-full wp-image-26979\" src=\"http:\/\/stone-phoenix.com\/wp-content\/uploads\/2023\/12\/Grey-Granite-Tile-supplier-60\u00d730-120\u00d760-Outdoor-4.jpg\" alt=\"\" width=\"1440\" height=\"1080\" srcset=\"https:\/\/stone-phoenix.com\/wp-content\/uploads\/2023\/12\/Grey-Granite-Tile-supplier-60\u00d730-120\u00d760-Outdoor-4.jpg 1440w, https:\/\/stone-phoenix.com\/wp-content\/uploads\/2023\/12\/Grey-Granite-Tile-supplier-60\u00d730-120\u00d760-Outdoor-4-300x225.jpg 300w, https:\/\/stone-phoenix.com\/wp-content\/uploads\/2023\/12\/Grey-Granite-Tile-supplier-60\u00d730-120\u00d760-Outdoor-4-1024x768.jpg 1024w, https:\/\/stone-phoenix.com\/wp-content\/uploads\/2023\/12\/Grey-Granite-Tile-supplier-60\u00d730-120\u00d760-Outdoor-4-768x576.jpg 768w, https:\/\/stone-phoenix.com\/wp-content\/uploads\/2023\/12\/Grey-Granite-Tile-supplier-60\u00d730-120\u00d760-Outdoor-4-16x12.jpg 16w, https:\/\/stone-phoenix.com\/wp-content\/uploads\/2023\/12\/Grey-Granite-Tile-supplier-60\u00d730-120\u00d760-Outdoor-4-600x450.jpg 600w, https:\/\/stone-phoenix.com\/wp-content\/uploads\/2023\/12\/Grey-Granite-Tile-supplier-60\u00d730-120\u00d760-Outdoor-4-150x113.jpg 150w\" sizes=\"(max-width: 1440px) 100vw, 1440px\" \/><img loading=\"lazy\" decoding=\"async\" class=\"alignnone size-full wp-image-26986\" src=\"http:\/\/stone-phoenix.com\/wp-content\/uploads\/2023\/12\/Grey-Granite-Tile-supplier-60\u00d730-120\u00d760-Outdoor-10-1.jpg\" alt=\"\" width=\"1919\" height=\"1080\" srcset=\"https:\/\/stone-phoenix.com\/wp-content\/uploads\/2023\/12\/Grey-Granite-Tile-supplier-60\u00d730-120\u00d760-Outdoor-10-1.jpg 1919w, https:\/\/stone-phoenix.com\/wp-content\/uploads\/2023\/12\/Grey-Granite-Tile-supplier-60\u00d730-120\u00d760-Outdoor-10-1-300x169.jpg 300w, https:\/\/stone-phoenix.com\/wp-content\/uploads\/2023\/12\/Grey-Granite-Tile-supplier-60\u00d730-120\u00d760-Outdoor-10-1-1024x576.jpg 1024w, https:\/\/stone-phoenix.com\/wp-content\/uploads\/2023\/12\/Grey-Granite-Tile-supplier-60\u00d730-120\u00d760-Outdoor-10-1-768x432.jpg 768w, https:\/\/stone-phoenix.com\/wp-content\/uploads\/2023\/12\/Grey-Granite-Tile-supplier-60\u00d730-120\u00d760-Outdoor-10-1-1536x864.jpg 1536w, https:\/\/stone-phoenix.com\/wp-content\/uploads\/2023\/12\/Grey-Granite-Tile-supplier-60\u00d730-120\u00d760-Outdoor-10-1-18x10.jpg 18w, https:\/\/stone-phoenix.com\/wp-content\/uploads\/2023\/12\/Grey-Granite-Tile-supplier-60\u00d730-120\u00d760-Outdoor-10-1-600x338.jpg 600w, https:\/\/stone-phoenix.com\/wp-content\/uploads\/2023\/12\/Grey-Granite-Tile-supplier-60\u00d730-120\u00d760-Outdoor-10-1-150x84.jpg 150w\" sizes=\"(max-width: 1919px) 100vw, 1919px\" \/> <img loading=\"lazy\" decoding=\"async\" class=\"alignnone size-full wp-image-26987\" src=\"http:\/\/stone-phoenix.com\/wp-content\/uploads\/2023\/12\/Grey-Granite-Tile-supplier-60\u00d730-120\u00d760-Outdoor-9.jpg\" alt=\"\" width=\"1440\" height=\"1080\" srcset=\"https:\/\/stone-phoenix.com\/wp-content\/uploads\/2023\/12\/Grey-Granite-Tile-supplier-60\u00d730-120\u00d760-Outdoor-9.jpg 1440w, https:\/\/stone-phoenix.com\/wp-content\/uploads\/2023\/12\/Grey-Granite-Tile-supplier-60\u00d730-120\u00d760-Outdoor-9-300x225.jpg 300w, https:\/\/stone-phoenix.com\/wp-content\/uploads\/2023\/12\/Grey-Granite-Tile-supplier-60\u00d730-120\u00d760-Outdoor-9-1024x768.jpg 1024w, https:\/\/stone-phoenix.com\/wp-content\/uploads\/2023\/12\/Grey-Granite-Tile-supplier-60\u00d730-120\u00d760-Outdoor-9-768x576.jpg 768w, https:\/\/stone-phoenix.com\/wp-content\/uploads\/2023\/12\/Grey-Granite-Tile-supplier-60\u00d730-120\u00d760-Outdoor-9-16x12.jpg 16w, https:\/\/stone-phoenix.com\/wp-content\/uploads\/2023\/12\/Grey-Granite-Tile-supplier-60\u00d730-120\u00d760-Outdoor-9-600x450.jpg 600w, https:\/\/stone-phoenix.com\/wp-content\/uploads\/2023\/12\/Grey-Granite-Tile-supplier-60\u00d730-120\u00d760-Outdoor-9-150x113.jpg 150w\" sizes=\"(max-width: 1440px) 100vw, 1440px\" \/><\/p>\n<\/div>\n<\/div>\n<\/div>","protected":false},"excerpt":{"rendered":"<p>Lorsqu'il s'agit de choisir des mat\u00e9riaux pour construire ou r\u00e9nover un espace, le granit est un choix populaire. C'est un mat\u00e9riau durable<\/p>","protected":false},"featured_media":26977,"template":"","meta":[],"product_cat":[112],"product_tag":[],"_links":{"self":[{"href":"https:\/\/stone-phoenix.com\/fr\/wp-json\/wp\/v2\/product\/20798"}],"collection":[{"href":"https:\/\/stone-phoenix.com\/fr\/wp-json\/wp\/v2\/product"}],"about":[{"href":"https:\/\/stone-phoenix.com\/fr\/wp-json\/wp\/v2\/types\/product"}],"wp:featuredmedia":[{"embeddable":true,"href":"https:\/\/stone-phoenix.com\/fr\/wp-json\/wp\/v2\/media\/26977"}],"wp:attachment":[{"href":"https:\/\/stone-phoenix.com\/fr\/wp-json\/wp\/v2\/media?parent=20798"}],"wp:term":[{"taxonomy":"product_cat","embeddable":true,"href":"https:\/\/stone-phoenix.com\/fr\/wp-json\/wp\/v2\/product_cat?post=20798"},{"taxonomy":"product_tag","embeddable":true,"href":"https:\/\/stone-phoenix.com\/fr\/wp-json\/wp\/v2\/product_tag?post=20798"}],"curies":[{"name":"wp","href":"https:\/\/api.w.org\/{rel}","templated":true}]}}