{"id":20816,"date":"2023-12-29T20:23:01","date_gmt":"2023-12-29T12:23:01","guid":{"rendered":"http:\/\/stone-phoenix.com\/product\/grey-mist-granite-slab-hot-sale-pearl"},"modified":"2024-03-31T13:00:58","modified_gmt":"2024-03-31T05:00:58","slug":"grey-mist-granite-slab-hot-sale-pearl","status":"publish","type":"product","link":"https:\/\/stone-phoenix.com\/fr\/produit\/grey-mist-granite-slab-hot-sale-pearl","title":{"rendered":"Grey Mist Granite Slab Hot Sale Pearl"},"content":{"rendered":"<div id=\"tab-description\" class=\"woocommerce-Tabs-panel woocommerce-Tabs-panel--description panel entry-content wc-tab\" role=\"tabpanel\" aria-labelledby=\"tab-title-description\">\n<div id=\"ali-anchor-AliPostDhMb-6q8vw\" style=\"padding-top: 8px;\" data-section=\"AliPostDhMb-6q8vw\" data-section-title=\"Product Description\">\n<div>\n<p>La dalle de granit Grey Mist est une belle pierre naturelle tr\u00e8s recherch\u00e9e pour sa combinaison unique d'\u00e9l\u00e9gance et de durabilit\u00e9. Il s'agit d'un type de granit qui se caract\u00e9rise par un fond gris doux avec des veines plus claires de gris et de blanc qui parcourent la dalle, cr\u00e9ant ainsi une apparence \u00e9tonnante et sophistiqu\u00e9e.<\/p>\n<p>Les dalles de granit Grey Mist sont polyvalentes et peuvent \u00eatre utilis\u00e9es dans de nombreux projets d'am\u00e9nagement int\u00e9rieur et ext\u00e9rieur. Elles sont couramment utilis\u00e9es pour les comptoirs de cuisine et de salle de bains, les dosserets, les rev\u00eatements de sol et les rev\u00eatements muraux. La couleur grise douce du granit en fait un choix populaire pour les styles de design modernes et contemporains, tandis que les veines naturelles ajoutent de la profondeur et de la texture \u00e0 n'importe quel espace.<\/p>\n<p>L'un des principaux avantages du granit Grey Mist est sa durabilit\u00e9. Il s'agit d'une pierre dense et dure qui r\u00e9siste aux rayures, \u00e0 la chaleur et aux taches, ce qui en fait un choix id\u00e9al pour les zones tr\u00e8s fr\u00e9quent\u00e9es telles que les comptoirs de cuisine. La durabilit\u00e9 naturelle du granit le rend \u00e9galement facile \u00e0 entretenir, ne n\u00e9cessitant qu'un nettoyage r\u00e9gulier \u00e0 l'eau et au savon doux.<\/p>\n<p>Les dalles de granit Grey Mist sont disponibles en diff\u00e9rentes finitions, notamment polies, adoucies et corrig\u00e9es. Une finition polie donne \u00e0 la dalle un aspect brillant et r\u00e9fl\u00e9chissant, tandis qu'une finition adoucie cr\u00e9e un aspect doux et mat. La finition cuir donne un aspect textur\u00e9, presque rustique.<\/p>\n<p>Pour choisir une dalle de granit Grey Mist, il est essentiel de travailler avec un fournisseur r\u00e9put\u00e9 et exp\u00e9riment\u00e9. Un fournisseur fiable sera en mesure de vous fournir une pierre de haute qualit\u00e9, exempte de d\u00e9fauts et de variations de couleur et de motif. Il sera \u00e9galement en mesure de vous conseiller sur la meilleure finition et le meilleur profil de bord pour les besoins sp\u00e9cifiques de votre projet.<\/p>\n<p>En conclusion, la dalle de granit Grey Mist est une pierre naturelle \u00e9tonnante et durable, id\u00e9ale pour un large \u00e9ventail de projets d'am\u00e9nagement int\u00e9rieur et ext\u00e9rieur. Son fond gris doux et ses veines naturelles en font un choix populaire pour les styles de design modernes et contemporains, tandis que sa durabilit\u00e9 et sa facilit\u00e9 d'entretien en font un excellent choix pour les zones \u00e0 fort trafic. Que vous r\u00e9noviez votre cuisine ou votre salle de bains, ou que vous apportiez une touche d'\u00e9l\u00e9gance \u00e0 votre espace de vie ext\u00e9rieur, la dalle de granit Grey Mist est un choix \u00e0 la fois beau et pratique.<\/p>\n<\/div>\n<div id=\"ali-title-AliPostDhMb-6q8vw\" style=\"padding: 8px 0; border-bottom: 1px solid #ddd;\"><span style=\"background-color: #ddd; color: #333; font-weight: bold; padding: 8px 10px; line-height: 12px;\">Description du produit<\/span><\/div>\n<div style=\"padding: 10px 0;\">\n<table class=\"aliDataTable\" style=\"color: #000000; font-family: Arial; font-size: 12px; font-style: normal; font-weight: 400; background-color: #ffffff; width: 698px; height: 226px; border: 1px solid #b3b3b3;\">\n<tbody>\n<tr>\n<td style=\"border: 1px solid #707070; width: 159.663px;\"><strong><span style=\"font-family: arial, helvetica, sans-serif; font-size: 14px;\">Nom du produit :<\/span><\/strong><\/td>\n<td style=\"border: 1px solid #707070; width: 553.337px;\"><span style=\"font-family: arial, helvetica, sans-serif; font-size: 14px;\">Granit divers<\/span><\/td>\n<\/tr>\n<tr>\n<td style=\"border: 1px solid #707070; width: 159.663px;\"><strong><span style=\"font-family: arial, helvetica, sans-serif; font-size: 14px;\">Mat\u00e9riau :<\/span><\/strong><\/td>\n<td style=\"border: 1px solid #707070; width: 553.337px;\"><span style=\"font-size: 14px;\">Granit<\/span><\/td>\n<\/tr>\n<tr>\n<td style=\"border: 1px solid #707070; width: 159.663px;\"><strong><span style=\"font-family: arial, helvetica, sans-serif; font-size: 14px;\">Couleur :<\/span><\/strong><\/td>\n<td style=\"border: 1px solid #707070; width: 553.337px;\"><span style=\"font-family: arial, helvetica, sans-serif; font-size: 14px;\">Blanc, noir, jaune, rouge, rose, gris, brun, bleu, vert, etc.<\/span><\/td>\n<\/tr>\n<tr>\n<td style=\"border: 1px solid #707070; width: 159.663px;\" rowspan=\"3\"><strong><span style=\"font-family: arial, helvetica, sans-serif; font-size: 14px;\">Taille :<\/span><\/strong><\/td>\n<td style=\"border: 1px solid #707070; width: 553.337px;\"><span style=\"text-decoration: underline;\"><span style=\"font-size: 14px;\">Carreaux disponibles <\/span><\/span><br \/>\n<span style=\"font-size: 14px;\">12\u2019x12\u2033,24\u2019x24\u2033,12\u2019x24\u2033,etc <\/span><\/p>\n<p><span style=\"font-size: 14px;\">300x300mm,300x600mm,400x400mm,600x600mm,etc<\/span><\/td>\n<\/tr>\n<tr>\n<td style=\"border: 1px solid #707070; width: 553.337px;\"><span style=\"text-decoration: underline;\"><span style=\"font-size: 14px;\">Dalles disponibles <\/span><\/span><\/p>\n<p><span style=\"font-size: 14px;\">180cmUpx60UP,180cmUpx65cmUP,180cmUpx70cmUP,etc<\/span><br \/>\n<span style=\"font-size: 14px;\">240cmUpx120cmUP,etc<\/span><\/td>\n<\/tr>\n<tr>\n<td style=\"border: 1px solid #707070; width: 553.337px;\"><span style=\"font-family: arial, helvetica, sans-serif; font-size: 14px;\">Des sp\u00e9cifications personnalis\u00e9es sont disponibles<\/span><\/td>\n<\/tr>\n<tr>\n<td style=\"border: 1px solid #707070; width: 159.663px;\"><strong><span style=\"font-family: arial, helvetica, sans-serif; font-size: 14px;\">Tol\u00e9rance d'\u00e9paisseur :<\/span><\/strong><\/td>\n<td style=\"border: 1px solid #707070; width: 553.337px;\"><span style=\"font-family: arial, helvetica, sans-serif; font-size: 14px;\">\u00b10,05mm, \u00b11mm, \u00b11,5mm, \u00b12mm, selon les exigences de qualit\u00e9 du client<\/span><\/td>\n<\/tr>\n<tr>\n<td style=\"border: 1px solid #707070; width: 159.663px;\"><strong><span style=\"font-family: arial, helvetica, sans-serif; font-size: 14px;\">Surface :<\/span><\/strong><\/td>\n<td style=\"border: 1px solid #707070; width: 553.337px;\"><span style=\"font-family: arial, helvetica, sans-serif; font-size: 14px;\">P<\/span><span style=\"font-size: 14px;\">ol\u00e9, adouci, flamm\u00e9, sabl\u00e9, bouchard\u00e9, fendu naturel, flamm\u00e9 et bross\u00e9, etc.<\/span><\/td>\n<\/tr>\n<tr>\n<td style=\"border: 1px solid #707070; width: 159.663px;\"><strong><span style=\"font-family: arial, helvetica, sans-serif; font-size: 14px;\">Emballage :<\/span><\/strong><\/td>\n<td style=\"border: 1px solid #707070; width: 553.337px;\"><span style=\"font-size: 14px;\">Palettes en bois en \u00e9tat de navigabilit\u00e9, fardeaux en bois et caisses en bois<\/span><\/td>\n<\/tr>\n<tr>\n<td style=\"border: 1px solid #707070; width: 159.663px;\"><strong><span style=\"font-family: arial, helvetica, sans-serif; font-size: 14px;\">Application :<\/span><\/strong><\/td>\n<td style=\"border: 1px solid #707070; width: 553.337px;\"><span style=\"font-family: arial, helvetica, sans-serif; font-size: 14px;\">Sol, mur, motif, comptoir, d\u00e9coration int\u00e9rieure et ext\u00e9rieure<\/span><\/td>\n<\/tr>\n<tr>\n<td style=\"border: 1px solid #707070; width: 159.663px;\"><strong><span style=\"font-family: arial, helvetica, sans-serif; font-size: 14px;\">D\u00e9lai de livraison :<\/span><\/strong><\/td>\n<td style=\"border: 1px solid #707070; width: 553.337px;\"><span style=\"font-size: 14px;\">15-20 jours pour l'enregistrement<\/span><span style=\"font-family: arial, helvetica, sans-serif; font-size: 14px;\">tailles lar<\/span><\/td>\n<\/tr>\n<tr>\n<td style=\"border: 1px solid #707070; width: 159.663px;\"><strong><span style=\"font-family: arial, helvetica, sans-serif; font-size: 14px;\">Certificat :<\/span><\/strong><\/td>\n<td style=\"border: 1px solid #707070; width: 553.337px;\"><span style=\"font-family: arial, helvetica, sans-serif; font-size: 14px;\">CE, SGS<\/span><\/td>\n<\/tr>\n<tr>\n<td style=\"border: 1px solid #707070; width: 159.663px;\"><strong><span style=\"font-family: arial, helvetica, sans-serif; font-size: 14px;\">Conditions de paiement :<\/span><\/strong><\/td>\n<td style=\"border: 1px solid #707070; width: 553.337px;\"><span style=\"font-size: 14px;\">T\/T, L\/C, D<span style=\"color: #000000; font-family: Verdana, Arial, Helvetica, sans-serif; font-size: 14px; font-style: normal; font-weight: 400; background-color: #ffffff; float: none;\">\/<\/span>P<\/span><\/td>\n<\/tr>\n<tr>\n<td style=\"border: 1px solid #707070; width: 159.663px;\"><strong><span style=\"font-family: arial, helvetica, sans-serif; font-size: 14px;\">Avantage :<\/span><\/strong><\/td>\n<td style=\"border: 1px solid #707070; width: 553.337px;\"><span style=\"font-family: arial, helvetica, sans-serif; font-size: 14px;\">1) Service unique pour la pierre ;<\/span><\/p>\n<p><span style=\"font-family: arial, helvetica, sans-serif; font-size: 14px;\">2) poss\u00e8dent 3 carri\u00e8res et 9 usines ;<\/span><\/p>\n<p><span style=\"font-family: arial, helvetica, sans-serif; font-size: 14px;\">3) Des supports technologiques de pointe.<\/span><\/td>\n<\/tr>\n<tr>\n<td style=\"border: 1px solid #707070; width: 159.663px;\"><strong><span style=\"font-family: arial, helvetica, sans-serif; font-size: 14px;\">Assurance de la qualit\u00e9 et de la livraison :\u00a0<\/span><\/strong><\/td>\n<td style=\"border: 1px solid #707070; width: 553.337px;\"><span style=\"font-size: 14px;\">Tout au long du processus de production, du choix des mat\u00e9riaux \u00e0 l'emballage en passant par la fabrication, notre service de contr\u00f4le de la qualit\u00e9 contr\u00f4le rigoureusement chaque pi\u00e8ce et chaque processus afin de garantir le respect des normes de qualit\u00e9 et le respect des d\u00e9lais de livraison.<\/span><\/td>\n<\/tr>\n<\/tbody>\n<\/table>\n<p><img loading=\"lazy\" decoding=\"async\" class=\"alignnone size-full wp-image-26964\" src=\"http:\/\/stone-phoenix.com\/wp-content\/uploads\/2023\/12\/Grey-Mist-Granite-Slab-Hot-Sale-Pearl-3.jpg\" alt=\"\" width=\"892\" height=\"1048\" srcset=\"https:\/\/stone-phoenix.com\/wp-content\/uploads\/2023\/12\/Grey-Mist-Granite-Slab-Hot-Sale-Pearl-3.jpg 892w, https:\/\/stone-phoenix.com\/wp-content\/uploads\/2023\/12\/Grey-Mist-Granite-Slab-Hot-Sale-Pearl-3-255x300.jpg 255w, https:\/\/stone-phoenix.com\/wp-content\/uploads\/2023\/12\/Grey-Mist-Granite-Slab-Hot-Sale-Pearl-3-872x1024.jpg 872w, https:\/\/stone-phoenix.com\/wp-content\/uploads\/2023\/12\/Grey-Mist-Granite-Slab-Hot-Sale-Pearl-3-768x902.jpg 768w, https:\/\/stone-phoenix.com\/wp-content\/uploads\/2023\/12\/Grey-Mist-Granite-Slab-Hot-Sale-Pearl-3-10x12.jpg 10w, https:\/\/stone-phoenix.com\/wp-content\/uploads\/2023\/12\/Grey-Mist-Granite-Slab-Hot-Sale-Pearl-3-600x705.jpg 600w, https:\/\/stone-phoenix.com\/wp-content\/uploads\/2023\/12\/Grey-Mist-Granite-Slab-Hot-Sale-Pearl-3-150x176.jpg 150w\" sizes=\"(max-width: 892px) 100vw, 892px\" \/><\/p>\n<\/div>\n<\/div>\n<\/div>","protected":false},"excerpt":{"rendered":"<p>Grey Mist granite slab is a beautiful natural stone that is highly sought after for its unique combination of elegance<\/p>","protected":false},"featured_media":26961,"template":"","meta":[],"product_cat":[112],"product_tag":[],"_links":{"self":[{"href":"https:\/\/stone-phoenix.com\/fr\/wp-json\/wp\/v2\/product\/20816"}],"collection":[{"href":"https:\/\/stone-phoenix.com\/fr\/wp-json\/wp\/v2\/product"}],"about":[{"href":"https:\/\/stone-phoenix.com\/fr\/wp-json\/wp\/v2\/types\/product"}],"wp:featuredmedia":[{"embeddable":true,"href":"https:\/\/stone-phoenix.com\/fr\/wp-json\/wp\/v2\/media\/26961"}],"wp:attachment":[{"href":"https:\/\/stone-phoenix.com\/fr\/wp-json\/wp\/v2\/media?parent=20816"}],"wp:term":[{"taxonomy":"product_cat","embeddable":true,"href":"https:\/\/stone-phoenix.com\/fr\/wp-json\/wp\/v2\/product_cat?post=20816"},{"taxonomy":"product_tag","embeddable":true,"href":"https:\/\/stone-phoenix.com\/fr\/wp-json\/wp\/v2\/product_tag?post=20816"}],"curies":[{"name":"wp","href":"https:\/\/api.w.org\/{rel}","templated":true}]}}