{"id":20825,"date":"2023-12-29T20:23:22","date_gmt":"2023-12-29T12:23:22","guid":{"rendered":"http:\/\/stone-phoenix.com\/product\/marble-3d-tiles-high-quality-marble"},"modified":"2024-03-30T08:32:58","modified_gmt":"2024-03-30T00:32:58","slug":"marble-3d-tiles-high-quality-marble","status":"publish","type":"product","link":"https:\/\/stone-phoenix.com\/fr\/produit\/marble-3d-tiles-high-quality-marble","title":{"rendered":"carreaux de marbre 3D marbre de haute qualit\u00e9"},"content":{"rendered":"<div id=\"tab-description\" class=\"woocommerce-Tabs-panel woocommerce-Tabs-panel--description panel entry-content wc-tab\" role=\"tabpanel\" aria-labelledby=\"tab-title-description\">\n<h2><img loading=\"lazy\" decoding=\"async\" class=\"alignnone size-full wp-image-26941\" src=\"http:\/\/stone-phoenix.com\/wp-content\/uploads\/2023\/12\/marble-3d-tiles-high-quality-marble-3.jpg\" alt=\"\" width=\"702\" height=\"516\" srcset=\"https:\/\/stone-phoenix.com\/wp-content\/uploads\/2023\/12\/marble-3d-tiles-high-quality-marble-3.jpg 702w, https:\/\/stone-phoenix.com\/wp-content\/uploads\/2023\/12\/marble-3d-tiles-high-quality-marble-3-300x221.jpg 300w, https:\/\/stone-phoenix.com\/wp-content\/uploads\/2023\/12\/marble-3d-tiles-high-quality-marble-3-16x12.jpg 16w, https:\/\/stone-phoenix.com\/wp-content\/uploads\/2023\/12\/marble-3d-tiles-high-quality-marble-3-600x441.jpg 600w, https:\/\/stone-phoenix.com\/wp-content\/uploads\/2023\/12\/marble-3d-tiles-high-quality-marble-3-150x110.jpg 150w\" sizes=\"(max-width: 702px) 100vw, 702px\" \/>Carreaux de mosa\u00efque murale en marbre 3d de haute qualit\u00e9<\/h2>\n<p>Vous voulez faire une d\u00e9claration audacieuse dans votre maison ? Cette section de notre collection de carreaux de marbre est parfaite si vous cherchez \u00e0 faire une r\u00e9elle impression. Avec les carreaux en pierre naturelle 3d, vous pouvez cr\u00e9er des agencements uniques avec un motif et une sensation \u00e9l\u00e9gants. N'h\u00e9sitez pas \u00e0 nous demander si vous souhaitez ajouter d'autres effets \u00e0 ces motifs muraux ou \u00e0 ces mosa\u00efques fabriqu\u00e9s \u00e0 partir du meilleur marbre italien, tels que des bords cisel\u00e9s ou des finitions sp\u00e9ciales \u00e0 la truelle !<\/p>\n<p>Nous fournissons des carreaux de haute qualit\u00e9 \u00e0 des prix comp\u00e9titifs, nous vous invitons \u00e0 acheter nos produits.Ils sont disponibles en diff\u00e9rents motifs et styles, tous peuvent \u00eatre s\u00e9lectionn\u00e9s en fonction de vos go\u00fbts.Ils sont utilis\u00e9s comme carreaux de rev\u00eatement mural en raison de leur look \u00e9l\u00e9gant, de leur beaut\u00e9 rustique et de leur \u00e9l\u00e9gance in\u00e9gal\u00e9e. Ces carreaux de marbre 3D ont un aspect contemporain qui rend votre salle de bain \u00e9l\u00e9gante et styl\u00e9e.<\/p>\n<p>Nos carreaux de marbre italien naturel sont disponibles dans une grande vari\u00e9t\u00e9 de nuances, de couleurs et de textures et peuvent \u00eatre utilis\u00e9s de diff\u00e9rentes mani\u00e8res, notamment pour les dosserets de cuisine et les sols de salle de bains. Ils peuvent \u00eatre utilis\u00e9s seuls ou avec d'autres carreaux pour cr\u00e9er un bel accent ou un point central dans votre maison. Les marbres sont utilis\u00e9s comme \u00e9l\u00e9ments architecturaux depuis des milliers d'ann\u00e9es ; il suffit de penser au Panth\u00e9on \u00e0 Rome.<\/p>\n<p>Les produits sont fabriqu\u00e9s \u00e0 partir de mat\u00e9riaux naturels tri\u00e9s sur le volet, dont beaucoup ont \u00e9t\u00e9 s\u00e9lectionn\u00e9s pour leur couleur et leur texture uniques. Les mat\u00e9riaux sont soigneusement et individuellement consid\u00e9r\u00e9s pour cr\u00e9er un design artistique qui offre aux consommateurs une exp\u00e9rience esth\u00e9tique aussi \u00e9tonnante et polie que durable.<\/p>\n<div id=\"ali-anchor-AliPostDhMb-6ydlg\" style=\"padding-top: 8px;\" data-section=\"AliPostDhMb-6ydlg\" data-section-title=\"Product Description\">\n<div id=\"ali-title-AliPostDhMb-6ydlg\" style=\"padding: 8px 0; border-bottom: 1px solid #ddd;\"><span style=\"background-color: #ddd; color: #333; font-weight: bold; padding: 8px 10px; line-height: 12px;\">Description du produit<\/span><\/div>\n<div style=\"padding: 10px 0;\">\n<table class=\"aliDataTable\" style=\"color: #000000; font-family: Arial; font-size: 12px; font-style: normal; font-weight: 400; background-color: #ffffff; width: 698px; height: 226px; border: 1px solid #b3b3b3;\">\n<tbody>\n<tr style=\"height: 21px;\">\n<td style=\"border: 1px solid #b3b3b3; width: 162px;\"><strong><span style=\"font-family: arial, helvetica, sans-serif; font-size: 14px;\">Mat\u00e9riau :<\/span><\/strong><\/td>\n<td style=\"border: 1px solid #b3b3b3; width: 545px;\">Carreaux 3d en marbre de haute qualit\u00e9 Carreaux muraux 3d en marbre Carreaux mosa\u00efques 3d en marbre<\/td>\n<\/tr>\n<tr style=\"height: 21px;\">\n<td style=\"border: 1px solid #b3b3b3; width: 162px;\"><strong><span style=\"font-family: arial, helvetica, sans-serif; font-size: 14px;\">Couleur :<\/span><\/strong><\/td>\n<td style=\"border: 1px solid #b3b3b3; width: 545px;\"><span style=\"font-family: arial, helvetica, sans-serif; font-size: 14px;\">Blanc, beige, noir, marron, gris, rouge, vert, bleu, etc.<\/span><\/td>\n<\/tr>\n<tr style=\"height: 21px;\">\n<td style=\"border: 1px solid #b3b3b3; width: 162px;\" rowspan=\"3\"><strong><span style=\"font-family: arial, helvetica, sans-serif; font-size: 14px;\">Taille :<\/span><\/strong><\/td>\n<td style=\"border: 1px solid #b3b3b3; width: 545px;\"><span style=\"font-family: arial, helvetica, sans-serif; font-size: 14px;\"><span style=\"text-decoration: underline;\">Carreaux disponibles<\/span> <\/span><br \/>\n<span style=\"font-family: arial, helvetica, sans-serif; font-size: 14px;\">12\u2032 X 12\u2033,24\u2032 X 24\u2033,12\u2032 X 24\u2033,etc 300x300mm,300x600mm,400x400mm,600x600mm,600\u00d71200,800\u00d7800,etc<\/span><\/td>\n<\/tr>\n<tr style=\"height: 21px;\">\n<td style=\"border: 1px solid #b3b3b3; width: 545px;\"><span style=\"font-family: arial, helvetica, sans-serif; font-size: 14px;\"><span style=\"text-decoration: underline;\">Grandes dalles disponibles<\/span>\u00a0 \u00a0 \u00a0 \u00a0 \u00a0 \u00a0 \u00a0 \u00a0 \u00a0 \u00a0 \u00a0 \u00a0 \u00a0 \u00a0 \u00a0 \u00a0 \u00a0 \u00a0 \u00a0 \u00a0 \u00a0 \u00a0 \u00a0 \u00a0 \u00a0 \u00a0 \u00a0 \u00a0 \u00a0 \u00a0 \u00a0 \u00a0 \u00a0 \u00a0 \u00a0 \u00a0 \u00a0 \u00a0 \u00a0 \u00a0 \u00a0 \u00a0 \u00a0 \u00a0 \u00a0 \u00a0 \u00a0 \u00a0 \u00a0 \u00a0 \u00a0 \u00a0 \u00a0 240cmUpx120UP<\/span><\/td>\n<\/tr>\n<tr style=\"height: 21px;\">\n<td style=\"border: 1px solid #b3b3b3; width: 545px;\"><span style=\"font-family: arial, helvetica, sans-serif; font-size: 14px;\">Des sp\u00e9cifications personnalis\u00e9es sont disponibles<\/span><\/td>\n<\/tr>\n<tr style=\"height: 21px;\">\n<td style=\"border: 1px solid #b3b3b3; width: 162px;\"><strong><span style=\"font-family: arial, helvetica, sans-serif; font-size: 14px;\">Tol\u00e9rance d'\u00e9paisseur :<\/span><\/strong><\/td>\n<td style=\"border: 1px solid #b3b3b3; width: 545px;\"><span style=\"font-size: 14px; font-family: arial, helvetica, sans-serif;\">\u00b10,05mm, \u00b11mm, \u00b11,5mm, \u00b12mm, selon les exigences de qualit\u00e9 du client<\/span><\/td>\n<\/tr>\n<tr style=\"height: 21px;\">\n<td style=\"border: 1px solid #b3b3b3; width: 162px;\"><strong><span style=\"font-family: arial, helvetica, sans-serif; font-size: 14px;\">Surface :<\/span><\/strong><\/td>\n<td style=\"border: 1px solid #b3b3b3; width: 545px;\"><span style=\"font-size: 14px; font-family: arial, helvetica, sans-serif;\">Poli, adouci, assorti au livre, antique, rainur\u00e9, bross\u00e9, d\u00e9cap\u00e9, sabl\u00e9, jet d'eau, etc.<\/span><\/td>\n<\/tr>\n<tr style=\"height: auto;\">\n<td style=\"border: 1px solid #b3b3b3; width: 162px;\"><strong><span style=\"font-family: arial, helvetica, sans-serif; font-size: 14px;\">Emballage :<\/span><\/strong><\/td>\n<td style=\"border: 1px solid #b3b3b3; width: 545px;\"><span style=\"font-family: arial, helvetica, sans-serif; font-size: 14px;\"> Fardeaux et caisses en bois en \u00e9tat de navigabilit\u00e9<\/span><\/td>\n<\/tr>\n<tr style=\"height: 21px;\">\n<td style=\"border: 1px solid #b3b3b3; width: 162px;\"><strong><span style=\"font-family: arial, helvetica, sans-serif; font-size: 14px;\">Application :<\/span><\/strong><\/td>\n<td style=\"border: 1px solid #b3b3b3; width: 545px;\"><span style=\"font-family: arial, helvetica, sans-serif; font-size: 14px;\">Mur int\u00e9rieur, sol, plinthe, mur de fond, comptoir, escalier, etc.<\/span><\/td>\n<\/tr>\n<tr style=\"height: 21px;\">\n<td style=\"border: 1px solid #b3b3b3; width: 162px;\"><strong><span style=\"font-family: arial, helvetica, sans-serif; font-size: 14px;\">D\u00e9lai de livraison :<\/span><\/strong><\/td>\n<td style=\"border: 1px solid #b3b3b3; width: 545px;\"><span style=\"font-family: arial, helvetica, sans-serif; font-size: 14px;\"> 15-20 jours pour les tailles normales<\/span><\/td>\n<\/tr>\n<tr style=\"height: 21px;\">\n<td style=\"border: 1px solid #b3b3b3; width: 162px;\"><strong><span style=\"font-family: arial, helvetica, sans-serif; font-size: 14px;\">Certificat :<\/span><\/strong><\/td>\n<td style=\"border: 1px solid #b3b3b3; width: 545px;\"><span style=\"font-family: arial, helvetica, sans-serif; font-size: 14px;\">CE, SGS<\/span><\/td>\n<\/tr>\n<tr style=\"height: 21px;\">\n<td style=\"border: 1px solid #b3b3b3; width: 162px;\"><strong><span style=\"font-family: arial, helvetica, sans-serif; font-size: 14px;\">Conditions de paiement :<\/span><\/strong><\/td>\n<td style=\"border: 1px solid #b3b3b3; width: 545px;\"><span style=\"font-family: arial, helvetica, sans-serif; font-size: 14px;\">T\/T, L\/C, D\/P<\/span><\/td>\n<\/tr>\n<tr style=\"height: 42px;\">\n<td style=\"border: 1px solid #b3b3b3; width: 162px;\"><strong><span style=\"font-family: arial, helvetica, sans-serif; font-size: 14px;\">Avantage :<\/span><\/strong><\/td>\n<td style=\"border: 1px solid #b3b3b3; width: 545px;\"><span style=\"font-family: arial, helvetica, sans-serif; font-size: 14px;\">1) Service unique pour la pierre ;<\/span><\/p>\n<p><span style=\"font-family: arial, helvetica, sans-serif; font-size: 14px;\">2) Poss\u00e9der 3 carri\u00e8res et 9 usines ;<\/span><\/p>\n<p><span style=\"font-family: arial, helvetica, sans-serif; font-size: 14px;\">3) Des supports technologiques de pointe.<\/span><\/td>\n<\/tr>\n<tr style=\"height: 42px;\">\n<td style=\"border: 1px solid #b3b3b3; width: 162px;\"><strong><span style=\"font-family: arial, helvetica, sans-serif; font-size: 14px;\">Assurance de la qualit\u00e9 et de la livraison :\u00a0<\/span><\/strong><\/td>\n<td style=\"border: 1px solid #b3b3b3; width: 545px;\"><span style=\"font-family: arial, helvetica, sans-serif; font-size: 14px;\">Tout au long du processus de production, du choix des mat\u00e9riaux \u00e0 l'emballage en passant par la fabrication, notre service de contr\u00f4le de la qualit\u00e9 contr\u00f4le rigoureusement chaque pi\u00e8ce et chaque processus afin de garantir le respect des normes de qualit\u00e9 et le respect des d\u00e9lais de livraison.<\/span><\/td>\n<\/tr>\n<\/tbody>\n<\/table>\n<\/div>\n<div style=\"padding: 10px 0;\"><img loading=\"lazy\" decoding=\"async\" class=\"alignnone size-full wp-image-26947\" src=\"http:\/\/stone-phoenix.com\/wp-content\/uploads\/2023\/12\/marble-3d-tiles-high-quality-marble-7.jpg\" alt=\"\" width=\"1120\" height=\"759\" srcset=\"https:\/\/stone-phoenix.com\/wp-content\/uploads\/2023\/12\/marble-3d-tiles-high-quality-marble-7.jpg 1120w, https:\/\/stone-phoenix.com\/wp-content\/uploads\/2023\/12\/marble-3d-tiles-high-quality-marble-7-300x203.jpg 300w, https:\/\/stone-phoenix.com\/wp-content\/uploads\/2023\/12\/marble-3d-tiles-high-quality-marble-7-1024x694.jpg 1024w, https:\/\/stone-phoenix.com\/wp-content\/uploads\/2023\/12\/marble-3d-tiles-high-quality-marble-7-768x520.jpg 768w, https:\/\/stone-phoenix.com\/wp-content\/uploads\/2023\/12\/marble-3d-tiles-high-quality-marble-7-18x12.jpg 18w, https:\/\/stone-phoenix.com\/wp-content\/uploads\/2023\/12\/marble-3d-tiles-high-quality-marble-7-600x407.jpg 600w, https:\/\/stone-phoenix.com\/wp-content\/uploads\/2023\/12\/marble-3d-tiles-high-quality-marble-7-150x102.jpg 150w\" sizes=\"(max-width: 1120px) 100vw, 1120px\" \/><img loading=\"lazy\" decoding=\"async\" class=\"alignnone size-full wp-image-26948\" src=\"http:\/\/stone-phoenix.com\/wp-content\/uploads\/2023\/12\/marble-3d-tiles-high-quality-marble-10.jpg\" alt=\"\" width=\"1114\" height=\"817\" srcset=\"https:\/\/stone-phoenix.com\/wp-content\/uploads\/2023\/12\/marble-3d-tiles-high-quality-marble-10.jpg 1114w, https:\/\/stone-phoenix.com\/wp-content\/uploads\/2023\/12\/marble-3d-tiles-high-quality-marble-10-300x220.jpg 300w, https:\/\/stone-phoenix.com\/wp-content\/uploads\/2023\/12\/marble-3d-tiles-high-quality-marble-10-1024x751.jpg 1024w, https:\/\/stone-phoenix.com\/wp-content\/uploads\/2023\/12\/marble-3d-tiles-high-quality-marble-10-768x563.jpg 768w, https:\/\/stone-phoenix.com\/wp-content\/uploads\/2023\/12\/marble-3d-tiles-high-quality-marble-10-16x12.jpg 16w, https:\/\/stone-phoenix.com\/wp-content\/uploads\/2023\/12\/marble-3d-tiles-high-quality-marble-10-600x440.jpg 600w, https:\/\/stone-phoenix.com\/wp-content\/uploads\/2023\/12\/marble-3d-tiles-high-quality-marble-10-150x110.jpg 150w\" sizes=\"(max-width: 1114px) 100vw, 1114px\" \/><img loading=\"lazy\" decoding=\"async\" class=\"alignnone size-full wp-image-26949\" src=\"http:\/\/stone-phoenix.com\/wp-content\/uploads\/2023\/12\/marble-3d-tiles-high-quality-marble-9.jpg\" alt=\"\" width=\"1080\" height=\"820\" srcset=\"https:\/\/stone-phoenix.com\/wp-content\/uploads\/2023\/12\/marble-3d-tiles-high-quality-marble-9.jpg 1080w, https:\/\/stone-phoenix.com\/wp-content\/uploads\/2023\/12\/marble-3d-tiles-high-quality-marble-9-300x228.jpg 300w, https:\/\/stone-phoenix.com\/wp-content\/uploads\/2023\/12\/marble-3d-tiles-high-quality-marble-9-1024x777.jpg 1024w, https:\/\/stone-phoenix.com\/wp-content\/uploads\/2023\/12\/marble-3d-tiles-high-quality-marble-9-768x583.jpg 768w, https:\/\/stone-phoenix.com\/wp-content\/uploads\/2023\/12\/marble-3d-tiles-high-quality-marble-9-16x12.jpg 16w, https:\/\/stone-phoenix.com\/wp-content\/uploads\/2023\/12\/marble-3d-tiles-high-quality-marble-9-600x456.jpg 600w, https:\/\/stone-phoenix.com\/wp-content\/uploads\/2023\/12\/marble-3d-tiles-high-quality-marble-9-150x114.jpg 150w\" sizes=\"(max-width: 1080px) 100vw, 1080px\" \/><img loading=\"lazy\" decoding=\"async\" class=\"alignnone size-full wp-image-26950\" src=\"http:\/\/stone-phoenix.com\/wp-content\/uploads\/2023\/12\/marble-3d-tiles-high-quality-marble-8.jpg\" alt=\"\" width=\"1116\" height=\"826\" srcset=\"https:\/\/stone-phoenix.com\/wp-content\/uploads\/2023\/12\/marble-3d-tiles-high-quality-marble-8.jpg 1116w, https:\/\/stone-phoenix.com\/wp-content\/uploads\/2023\/12\/marble-3d-tiles-high-quality-marble-8-300x222.jpg 300w, https:\/\/stone-phoenix.com\/wp-content\/uploads\/2023\/12\/marble-3d-tiles-high-quality-marble-8-1024x758.jpg 1024w, https:\/\/stone-phoenix.com\/wp-content\/uploads\/2023\/12\/marble-3d-tiles-high-quality-marble-8-768x568.jpg 768w, https:\/\/stone-phoenix.com\/wp-content\/uploads\/2023\/12\/marble-3d-tiles-high-quality-marble-8-16x12.jpg 16w, https:\/\/stone-phoenix.com\/wp-content\/uploads\/2023\/12\/marble-3d-tiles-high-quality-marble-8-600x444.jpg 600w, https:\/\/stone-phoenix.com\/wp-content\/uploads\/2023\/12\/marble-3d-tiles-high-quality-marble-8-150x111.jpg 150w\" sizes=\"(max-width: 1116px) 100vw, 1116px\" \/><\/div>\n<div style=\"padding: 10px 0;\">\n<\/div>\n<\/div>\n<\/div>","protected":false},"excerpt":{"rendered":"<p>High quality marble 3d tiles wall mosaic tiles Want to make a bold statement in your home? This section of<\/p>","protected":false},"featured_media":26939,"template":"","meta":[],"product_cat":[112],"product_tag":[],"_links":{"self":[{"href":"https:\/\/stone-phoenix.com\/fr\/wp-json\/wp\/v2\/product\/20825"}],"collection":[{"href":"https:\/\/stone-phoenix.com\/fr\/wp-json\/wp\/v2\/product"}],"about":[{"href":"https:\/\/stone-phoenix.com\/fr\/wp-json\/wp\/v2\/types\/product"}],"wp:featuredmedia":[{"embeddable":true,"href":"https:\/\/stone-phoenix.com\/fr\/wp-json\/wp\/v2\/media\/26939"}],"wp:attachment":[{"href":"https:\/\/stone-phoenix.com\/fr\/wp-json\/wp\/v2\/media?parent=20825"}],"wp:term":[{"taxonomy":"product_cat","embeddable":true,"href":"https:\/\/stone-phoenix.com\/fr\/wp-json\/wp\/v2\/product_cat?post=20825"},{"taxonomy":"product_tag","embeddable":true,"href":"https:\/\/stone-phoenix.com\/fr\/wp-json\/wp\/v2\/product_tag?post=20825"}],"curies":[{"name":"wp","href":"https:\/\/api.w.org\/{rel}","templated":true}]}}