{"id":20841,"date":"2023-12-29T20:23:48","date_gmt":"2023-12-29T12:23:48","guid":{"rendered":"http:\/\/stone-phoenix.com\/product\/light-grey-granite-g603"},"modified":"2024-03-30T08:01:40","modified_gmt":"2024-03-30T00:01:40","slug":"light-grey-granite-g603","status":"publish","type":"product","link":"https:\/\/stone-phoenix.com\/fr\/produit\/light-grey-granite-g603","title":{"rendered":"Granit gris clair G603"},"content":{"rendered":"<div id=\"tab-description\" class=\"woocommerce-Tabs-panel woocommerce-Tabs-panel--description panel entry-content wc-tab\" role=\"tabpanel\" aria-labelledby=\"tab-title-description\">\n<h2><span style=\"font-size: 18pt;\">Fabricants chinois de granit | Granit gris clair G603<\/span><\/h2>\n<p>En tant que fabricant de granit chinois de premier plan, nous sommes fiers de proposer le granit G603, \u00e9galement connu sous le nom de granit gris clair, de premi\u00e8re qualit\u00e9. Gr\u00e2ce \u00e0 ses nombreux avantages, le G603 est un choix de premier ordre pour un large \u00e9ventail d'applications.<\/p>\n<p>L'un des principaux avantages du G603 est sa durabilit\u00e9 exceptionnelle. Cette pierre dure et dense est tr\u00e8s r\u00e9sistante \u00e0 l'usure, aux rayures, aux taches et \u00e0 la chaleur, ce qui la rend id\u00e9ale pour les zones tr\u00e8s fr\u00e9quent\u00e9es, tant \u00e0 l'int\u00e9rieur qu'\u00e0 l'ext\u00e9rieur. Sa capacit\u00e9 \u00e0 r\u00e9sister aux \u00e9l\u00e9ments la rend \u00e9galement id\u00e9ale pour les applications ext\u00e9rieures, telles que les all\u00e9es de jardin, les voies d'acc\u00e8s et les terrasses, o\u00f9 elle conservera son aspect impeccable pendant des ann\u00e9es.<\/p>\n<p>Un autre avantage du G603 est son aspect polyvalent et contemporain. La couleur gris clair avec des mouchetures subtiles lui conf\u00e8re une esth\u00e9tique moderne qui s'accorde avec diff\u00e9rents styles d'am\u00e9nagement. Qu'il soit utilis\u00e9 comme comptoir, rev\u00eatement de sol ou rev\u00eatement mural, le G603 conf\u00e8re un aspect propre et sophistiqu\u00e9 \u00e0 n'importe quel espace.<\/p>\n<p>En outre, le G603 n\u00e9cessite un minimum d'entretien, ce qui en fait un choix pratique pour les zones tr\u00e8s fr\u00e9quent\u00e9es. Avec un scellement et un nettoyage r\u00e9guliers, il conservera sa beaut\u00e9 et ses performances pendant longtemps, ce qui constitue une solution rentable pour votre projet.<\/p>\n<p>En tant que fabricants de granit chinois fiables, nous nous assurons que notre granit G603 est soigneusement sourc\u00e9, trait\u00e9 et inspect\u00e9 pour r\u00e9pondre \u00e0 des normes de qualit\u00e9 strictes. Nous sommes fiers de fournir un produit de qualit\u00e9 sup\u00e9rieure qui d\u00e9passe les attentes de nos clients.<\/p>\n<p>En conclusion, le G603, ou granit gris clair, se distingue par sa durabilit\u00e9 exceptionnelle, son aspect polyvalent et ses faibles besoins d'entretien. Choisissez notre granit G603 de haute qualit\u00e9 pour votre projet et d\u00e9couvrez les performances et l'esth\u00e9tique exceptionnelles qu'il apporte \u00e0 votre espace.<\/p>\n<table style=\"height: 383px;\" width=\"1361\">\n<tbody>\n<tr>\n<td width=\"121\">Mat\u00e9riau<\/td>\n<td width=\"125\">Couleur primaire<\/td>\n<td width=\"193\">Produit<\/td>\n<td width=\"231\">Taille (cm)<\/td>\n<td width=\"156\">Finition<\/td>\n<td width=\"72\">Densit\u00e9<br \/>\n(g\/cm3)<\/td>\n<td width=\"116\">Absorption de l'eau<br \/>\n(%)<\/td>\n<\/tr>\n<tr>\n<td>G603 Granit<\/td>\n<td>Gris clair<\/td>\n<td width=\"193\">Dalle<br \/>\nCarrelage<br \/>\nEscalier<br \/>\nPav\u00e9s<br \/>\nKerbstone<br \/>\nAppui de fen\u00eatre<br \/>\nComptoir<br \/>\nEtc<\/td>\n<td width=\"231\">240up x120up x2\/3\/5\/6<br \/>\n240up x70up x2\/3\/5\/6<br \/>\n60\u00d730\/60\u00d71\/1.5\/2\/3<br \/>\n100-160x34x3<br \/>\n100-160x15x2<br \/>\nLongueurx20x8<br \/>\nLongueurx25x10<br \/>\n10x10x5<br \/>\n10x20x5<br \/>\nEtc<\/td>\n<td width=\"156\">Poli<br \/>\nHonor\u00e9<br \/>\nFlamm\u00e9<br \/>\nFlamm\u00e9 et bross\u00e9<br \/>\nBushhamerred<br \/>\nSablage<br \/>\nEtc<\/td>\n<td>2.65<\/td>\n<td>0.33<\/td>\n<\/tr>\n<\/tbody>\n<\/table>\n<p><img loading=\"lazy\" decoding=\"async\" class=\"alignnone size-full wp-image-20843\" src=\"http:\/\/stone-phoenix.com\/wp-content\/uploads\/2023\/12\/1703881429.jpg\" width=\"927\" height=\"600\" srcset=\"https:\/\/stone-phoenix.com\/wp-content\/uploads\/2023\/12\/1703881429.jpg 927w, https:\/\/stone-phoenix.com\/wp-content\/uploads\/2023\/12\/1703881429-300x194.jpg 300w, https:\/\/stone-phoenix.com\/wp-content\/uploads\/2023\/12\/1703881429-768x497.jpg 768w, https:\/\/stone-phoenix.com\/wp-content\/uploads\/2023\/12\/1703881429-18x12.jpg 18w, https:\/\/stone-phoenix.com\/wp-content\/uploads\/2023\/12\/1703881429-600x388.jpg 600w, https:\/\/stone-phoenix.com\/wp-content\/uploads\/2023\/12\/1703881429-150x97.jpg 150w\" sizes=\"(max-width: 927px) 100vw, 927px\" \/><\/p>\n<h2>Couleurs de pierre similaires<\/h2>\n<table>\n<tbody>\n<tr>\n<td>\n<figure id=\"attachment_5306\" class=\"wp-caption aligncenter\" style=\"width: 300px;\" aria-describedby=\"caption-attachment-5306\"><img loading=\"lazy\" decoding=\"async\" class=\"alignnone size-full wp-image-20844\" src=\"http:\/\/stone-phoenix.com\/wp-content\/uploads\/2023\/12\/1703881429-1.jpg\" width=\"300\" height=\"300\" srcset=\"https:\/\/stone-phoenix.com\/wp-content\/uploads\/2023\/12\/1703881429-1.jpg 300w, https:\/\/stone-phoenix.com\/wp-content\/uploads\/2023\/12\/1703881429-1-150x150.jpg 150w, https:\/\/stone-phoenix.com\/wp-content\/uploads\/2023\/12\/1703881429-1-12x12.jpg 12w\" sizes=\"(max-width: 300px) 100vw, 300px\" \/><\/figure>\n<p>G602 Granit<\/td>\n<td style=\"text-align: center;\">\n<figure id=\"attachment_5311\" class=\"wp-caption aligncenter\" style=\"width: 300px;\" aria-describedby=\"caption-attachment-5311\"><img loading=\"lazy\" decoding=\"async\" class=\"alignnone size-full wp-image-20845\" src=\"http:\/\/stone-phoenix.com\/wp-content\/uploads\/2023\/12\/1703881430.jpg\" width=\"300\" height=\"300\" srcset=\"https:\/\/stone-phoenix.com\/wp-content\/uploads\/2023\/12\/1703881430.jpg 300w, https:\/\/stone-phoenix.com\/wp-content\/uploads\/2023\/12\/1703881430-150x150.jpg 150w, https:\/\/stone-phoenix.com\/wp-content\/uploads\/2023\/12\/1703881430-12x12.jpg 12w\" sizes=\"(max-width: 300px) 100vw, 300px\" \/><\/figure>\n<p>Nouveau granit G439<\/td>\n<td style=\"text-align: center;\">\n<figure id=\"attachment_5310\" class=\"wp-caption aligncenter\" style=\"width: 300px;\" aria-describedby=\"caption-attachment-5310\"><img loading=\"lazy\" decoding=\"async\" class=\"alignnone size-full wp-image-20846\" src=\"http:\/\/stone-phoenix.com\/wp-content\/uploads\/2023\/12\/1703881431.jpg\" width=\"300\" height=\"300\" srcset=\"https:\/\/stone-phoenix.com\/wp-content\/uploads\/2023\/12\/1703881431.jpg 300w, https:\/\/stone-phoenix.com\/wp-content\/uploads\/2023\/12\/1703881431-150x150.jpg 150w, https:\/\/stone-phoenix.com\/wp-content\/uploads\/2023\/12\/1703881431-12x12.jpg 12w\" sizes=\"(max-width: 300px) 100vw, 300px\" \/><\/figure>\n<p>G633 Granit<\/td>\n<\/tr>\n<tr>\n<td style=\"text-align: center;\">\n<figure id=\"attachment_5309\" class=\"wp-caption aligncenter\" style=\"width: 300px;\" aria-describedby=\"caption-attachment-5309\"><img loading=\"lazy\" decoding=\"async\" class=\"alignnone size-full wp-image-20847\" src=\"http:\/\/stone-phoenix.com\/wp-content\/uploads\/2023\/12\/1703881432.png\" width=\"300\" height=\"300\" srcset=\"https:\/\/stone-phoenix.com\/wp-content\/uploads\/2023\/12\/1703881432.png 300w, https:\/\/stone-phoenix.com\/wp-content\/uploads\/2023\/12\/1703881432-150x150.png 150w, https:\/\/stone-phoenix.com\/wp-content\/uploads\/2023\/12\/1703881432-12x12.png 12w\" sizes=\"(max-width: 300px) 100vw, 300px\" \/><\/figure>\n<p>G631 Granit<\/td>\n<td style=\"text-align: center;\">\n<figure id=\"attachment_5308\" class=\"wp-caption aligncenter\" style=\"width: 300px;\" aria-describedby=\"caption-attachment-5308\"><img loading=\"lazy\" decoding=\"async\" class=\"alignnone size-full wp-image-20848\" src=\"http:\/\/stone-phoenix.com\/wp-content\/uploads\/2023\/12\/1703881433.jpg\" width=\"300\" height=\"300\" srcset=\"https:\/\/stone-phoenix.com\/wp-content\/uploads\/2023\/12\/1703881433.jpg 300w, https:\/\/stone-phoenix.com\/wp-content\/uploads\/2023\/12\/1703881433-150x150.jpg 150w, https:\/\/stone-phoenix.com\/wp-content\/uploads\/2023\/12\/1703881433-12x12.jpg 12w\" sizes=\"(max-width: 300px) 100vw, 300px\" \/><\/figure>\n<p>G623 Granit (ZP)<\/td>\n<td>\n<figure id=\"attachment_5307\" class=\"wp-caption aligncenter\" style=\"width: 300px;\" aria-describedby=\"caption-attachment-5307\"><img loading=\"lazy\" decoding=\"async\" class=\"alignnone size-full wp-image-20849\" src=\"http:\/\/stone-phoenix.com\/wp-content\/uploads\/2023\/12\/1703881434.jpg\" width=\"300\" height=\"300\" srcset=\"https:\/\/stone-phoenix.com\/wp-content\/uploads\/2023\/12\/1703881434.jpg 300w, https:\/\/stone-phoenix.com\/wp-content\/uploads\/2023\/12\/1703881434-150x150.jpg 150w, https:\/\/stone-phoenix.com\/wp-content\/uploads\/2023\/12\/1703881434-12x12.jpg 12w\" sizes=\"(max-width: 300px) 100vw, 300px\" \/><\/figure>\n<p>G623 Granit (HN)<\/td>\n<\/tr>\n<\/tbody>\n<\/table>\n<div class=\"mceTemp\"><\/div>\n<div class=\"mceTemp\"><\/div>\n<div class=\"mceTemp\"><\/div>\n<div class=\"mceTemp\"><\/div>\n<div class=\"mceTemp\"><\/div>\n<div class=\"mceTemp\"><\/div>\n<\/div>","protected":false},"excerpt":{"rendered":"<p>Chinese Granite Manufacturers | Light Grey Granite G603 As leading Chinese granite manufacturers, we are proud to offer the premium<\/p>","protected":false},"featured_media":26919,"template":"","meta":[],"product_cat":[112],"product_tag":[],"_links":{"self":[{"href":"https:\/\/stone-phoenix.com\/fr\/wp-json\/wp\/v2\/product\/20841"}],"collection":[{"href":"https:\/\/stone-phoenix.com\/fr\/wp-json\/wp\/v2\/product"}],"about":[{"href":"https:\/\/stone-phoenix.com\/fr\/wp-json\/wp\/v2\/types\/product"}],"wp:featuredmedia":[{"embeddable":true,"href":"https:\/\/stone-phoenix.com\/fr\/wp-json\/wp\/v2\/media\/26919"}],"wp:attachment":[{"href":"https:\/\/stone-phoenix.com\/fr\/wp-json\/wp\/v2\/media?parent=20841"}],"wp:term":[{"taxonomy":"product_cat","embeddable":true,"href":"https:\/\/stone-phoenix.com\/fr\/wp-json\/wp\/v2\/product_cat?post=20841"},{"taxonomy":"product_tag","embeddable":true,"href":"https:\/\/stone-phoenix.com\/fr\/wp-json\/wp\/v2\/product_tag?post=20841"}],"curies":[{"name":"wp","href":"https:\/\/api.w.org\/{rel}","templated":true}]}}