{"id":20850,"date":"2023-12-29T20:23:59","date_gmt":"2023-12-29T12:23:59","guid":{"rendered":"http:\/\/stone-phoenix.com\/product\/gray-granite-luxury-decoration-gray-bianco-sardo"},"modified":"2024-03-30T07:51:38","modified_gmt":"2024-03-29T23:51:38","slug":"gray-granite-luxury-decoration-gray-bianco-sardo","status":"publish","type":"product","link":"https:\/\/stone-phoenix.com\/fr\/produit\/gray-granite-luxury-decoration-gray-bianco-sardo","title":{"rendered":"granit gris d\u00e9coration de luxe gris bianco sardo"},"content":{"rendered":"<div id=\"tab-description\" class=\"woocommerce-Tabs-panel woocommerce-Tabs-panel--description panel entry-content wc-tab\" role=\"tabpanel\" aria-labelledby=\"tab-title-description\">\n<div id=\"ali-anchor-AliPostDhMb-6q8vw\" style=\"padding-top: 8px;\" data-section=\"AliPostDhMb-6q8vw\" data-section-title=\"Product Description\">\n<h2 style=\"text-align: center;\">granit gris d\u00e9coration de luxe gris bianco sardo<\/h2>\n<p>Le granit gris est un mat\u00e9riau magnifique qui offre un aspect intemporel. Cette pierre peut \u00eatre polie pour obtenir un \u00e9clat brillant qui illumine n'importe quelle pi\u00e8ce.Ce produit est un produit en pierre naturelle. Il a un ton gris et sa couleur peut varier en fonction de l'origine et des conditions d'extraction. Il est reconnu comme l'un des types de granit les plus populaires et son aspect est tr\u00e8s polyvalent lorsqu'il est utilis\u00e9 \u00e0 l'int\u00e9rieur et \u00e0 l'ext\u00e9rieur.<\/p>\n<p>Il s'agit d'une excellente option pour un comptoir de cuisine ou un meuble de salle de bain. Il se nettoie facilement et pr\u00e9sente une finition lisse. C'est une vari\u00e9t\u00e9 \u00e9l\u00e9gante de granit qui se marie bien avec de nombreuses couleurs et textures diff\u00e9rentes. C'est un type de granit dont la couleur se situe entre le gris clair et le gris fonc\u00e9.<\/p>\n<p>Il est \u00e9galement utilis\u00e9 comme structure architecturale par la plupart des gens pour augmenter la valeur de leurs propri\u00e9t\u00e9s. Il est s\u00e9lectionn\u00e9 \u00e0 la main pour son aspect unique et ses variations de couleurs naturelles. Ce mat\u00e9riau est id\u00e9al pour donner du caract\u00e8re \u00e0 votre cour, votre jardin ou votre patio. Il ajoutera une touche contemporaine et \u00e9l\u00e9gante \u00e0 votre cuisine, votre salle de bain ou votre entr\u00e9e.<\/p>\n<p>Quelle que soit la beaut\u00e9 que vous recherchez, l'industrie de la pierre peut vous aider \u00e0 la r\u00e9aliser. Du magnifique granit au calcaire et au marbre, nous avons une s\u00e9lection de dalles en pierre naturelle qui conviennent aux cuisines ext\u00e9rieures, aux comptoirs et \u00e0 d'autres utilisations r\u00e9sidentielles et commerciales. Trouvez le mat\u00e9riau id\u00e9al pour votre projet d\u00e8s aujourd'hui !<\/p>\n<div id=\"ali-title-AliPostDhMb-6q8vw\" style=\"padding: 8px 0; border-bottom: 1px solid #ddd;\"><span style=\"background-color: #ddd; color: #333; font-weight: bold; padding: 8px 10px; line-height: 12px;\">Description du produit<\/span><\/div>\n<div style=\"padding: 10px 0;\">\n<table class=\"aliDataTable\" style=\"color: #000000; font-family: Arial; font-size: 12px; font-style: normal; font-weight: 400; background-color: #ffffff; width: 698px; height: 226px; border: 1px solid #b3b3b3;\">\n<tbody>\n<tr>\n<td style=\"border: 1px solid #707070; width: 159.663px;\"><strong><span style=\"font-family: arial, helvetica, sans-serif; font-size: 14px;\">Nom du produit :<\/span><\/strong><\/td>\n<td style=\"border: 1px solid #707070; width: 553.337px;\"><span style=\"font-family: arial, helvetica, sans-serif; font-size: 14px;\">Granit divers<\/span><\/td>\n<\/tr>\n<tr>\n<td style=\"border: 1px solid #707070; width: 159.663px;\"><strong><span style=\"font-family: arial, helvetica, sans-serif; font-size: 14px;\">Mat\u00e9riau :<\/span><\/strong><\/td>\n<td style=\"border: 1px solid #707070; width: 553.337px;\"><span style=\"font-size: 14px;\">Granit<\/span><\/td>\n<\/tr>\n<tr>\n<td style=\"border: 1px solid #707070; width: 159.663px;\"><strong><span style=\"font-family: arial, helvetica, sans-serif; font-size: 14px;\">Couleur :<\/span><\/strong><\/td>\n<td style=\"border: 1px solid #707070; width: 553.337px;\"><span style=\"font-family: arial, helvetica, sans-serif; font-size: 14px;\">Blanc, noir, jaune, rouge, rose, gris, brun, bleu, vert, etc.<\/span><\/td>\n<\/tr>\n<tr>\n<td style=\"border: 1px solid #707070; width: 159.663px;\" rowspan=\"3\"><strong><span style=\"font-family: arial, helvetica, sans-serif; font-size: 14px;\">Taille :<\/span><\/strong><\/td>\n<td style=\"border: 1px solid #707070; width: 553.337px;\"><span style=\"text-decoration: underline;\"><span style=\"font-size: 14px;\">Carreaux disponibles <\/span><\/span><br \/>\n<span style=\"font-size: 14px;\">12\u2019x12\u2033,24\u2019x24\u2033,12\u2019x24\u2033,etc <\/span><span style=\"font-size: 14px;\">300x300mm,300x600mm,400x400mm,600x600mm,etc<\/span><\/td>\n<\/tr>\n<tr>\n<td style=\"border: 1px solid #707070; width: 553.337px;\"><span style=\"text-decoration: underline;\"><span style=\"font-size: 14px;\">Dalles disponibles <\/span><\/span><\/p>\n<p><span style=\"font-size: 14px;\">180cmUpx60UP,180cmUpx65cmUP,180cmUpx70cmUP,etc<\/span><br \/>\n<span style=\"font-size: 14px;\">240cmUpx120cmUP,etc<\/span><\/td>\n<\/tr>\n<tr>\n<td style=\"border: 1px solid #707070; width: 553.337px;\"><span style=\"font-family: arial, helvetica, sans-serif; font-size: 14px;\">Des sp\u00e9cifications personnalis\u00e9es sont disponibles<\/span><\/td>\n<\/tr>\n<tr>\n<td style=\"border: 1px solid #707070; width: 159.663px;\"><strong><span style=\"font-family: arial, helvetica, sans-serif; font-size: 14px;\">Tol\u00e9rance d'\u00e9paisseur :<\/span><\/strong><\/td>\n<td style=\"border: 1px solid #707070; width: 553.337px;\"><span style=\"font-family: arial, helvetica, sans-serif; font-size: 14px;\">\u00b10,05mm, \u00b11mm, \u00b11,5mm, \u00b12mm, selon les exigences de qualit\u00e9 du client<\/span><\/td>\n<\/tr>\n<tr>\n<td style=\"border: 1px solid #707070; width: 159.663px;\"><strong><span style=\"font-family: arial, helvetica, sans-serif; font-size: 14px;\">Surface :<\/span><\/strong><\/td>\n<td style=\"border: 1px solid #707070; width: 553.337px;\"><span style=\"font-family: arial, helvetica, sans-serif; font-size: 14px;\">P<\/span><span style=\"font-size: 14px;\">ol\u00e9, adouci, flamm\u00e9, sabl\u00e9, bouchard\u00e9, fendu naturel, flamm\u00e9 et bross\u00e9, etc.<\/span><\/td>\n<\/tr>\n<tr>\n<td style=\"border: 1px solid #707070; width: 159.663px;\"><strong><span style=\"font-family: arial, helvetica, sans-serif; font-size: 14px;\">Emballage :<\/span><\/strong><\/td>\n<td style=\"border: 1px solid #707070; width: 553.337px;\"><span style=\"font-size: 14px;\">Palettes en bois en \u00e9tat de navigabilit\u00e9, fardeaux en bois et caisses en bois<\/span><\/td>\n<\/tr>\n<tr>\n<td style=\"border: 1px solid #707070; width: 159.663px;\"><strong><span style=\"font-family: arial, helvetica, sans-serif; font-size: 14px;\">Application :<\/span><\/strong><\/td>\n<td style=\"border: 1px solid #707070; width: 553.337px;\"><span style=\"font-family: arial, helvetica, sans-serif; font-size: 14px;\">Sol, mur, motif, comptoir, d\u00e9coration int\u00e9rieure et ext\u00e9rieure<\/span><\/td>\n<\/tr>\n<tr>\n<td style=\"border: 1px solid #707070; width: 159.663px;\"><strong><span style=\"font-family: arial, helvetica, sans-serif; font-size: 14px;\">D\u00e9lai de livraison :<\/span><\/strong><\/td>\n<td style=\"border: 1px solid #707070; width: 553.337px;\"><span style=\"font-size: 14px;\">15-20 jours pour l'enregistrement<\/span><span style=\"font-family: arial, helvetica, sans-serif; font-size: 14px;\">tailles lar<\/span><\/td>\n<\/tr>\n<tr>\n<td style=\"border: 1px solid #707070; width: 159.663px;\"><strong><span style=\"font-family: arial, helvetica, sans-serif; font-size: 14px;\">Certificat :<\/span><\/strong><\/td>\n<td style=\"border: 1px solid #707070; width: 553.337px;\"><span style=\"font-family: arial, helvetica, sans-serif; font-size: 14px;\">CE, SGS<\/span><\/td>\n<\/tr>\n<tr>\n<td style=\"border: 1px solid #707070; width: 159.663px;\"><strong><span style=\"font-family: arial, helvetica, sans-serif; font-size: 14px;\">Conditions de paiement :<\/span><\/strong><\/td>\n<td style=\"border: 1px solid #707070; width: 553.337px;\"><span style=\"font-size: 14px;\">T\/T, L\/C, D<span style=\"color: #000000; font-family: Verdana, Arial, Helvetica, sans-serif; font-size: 14px; font-style: normal; font-weight: 400; background-color: #ffffff; float: none;\">\/<\/span>P<\/span><\/td>\n<\/tr>\n<tr>\n<td style=\"border: 1px solid #707070; width: 159.663px;\"><strong><span style=\"font-family: arial, helvetica, sans-serif; font-size: 14px;\">Avantage :<\/span><\/strong><\/td>\n<td style=\"border: 1px solid #707070; width: 553.337px;\"><span style=\"font-family: arial, helvetica, sans-serif; font-size: 14px;\">1) Service unique pour la pierre ;<\/span><\/p>\n<p><span style=\"font-family: arial, helvetica, sans-serif; font-size: 14px;\">2) poss\u00e8dent 3 carri\u00e8res et 9 usines ;<\/span><\/p>\n<p><span style=\"font-family: arial, helvetica, sans-serif; font-size: 14px;\">3) Des supports technologiques de pointe.<\/span><\/td>\n<\/tr>\n<tr>\n<td style=\"border: 1px solid #707070; width: 159.663px;\"><strong><span style=\"font-family: arial, helvetica, sans-serif; font-size: 14px;\">Assurance de la qualit\u00e9 et de la livraison :\u00a0<\/span><\/strong><\/td>\n<td style=\"border: 1px solid #707070; width: 553.337px;\"><span style=\"font-size: 14px;\">Tout au long du processus de production, du choix des mat\u00e9riaux \u00e0 l'emballage en passant par la fabrication, notre service de contr\u00f4le de la qualit\u00e9 contr\u00f4le rigoureusement chaque pi\u00e8ce et chaque processus afin de garantir le respect des normes de qualit\u00e9 et le respect des d\u00e9lais de livraison.<\/span><\/td>\n<\/tr>\n<\/tbody>\n<\/table>\n<p>&nbsp;<\/p>\n<p><img loading=\"lazy\" decoding=\"async\" class=\"alignnone size-full wp-image-26917\" src=\"http:\/\/stone-phoenix.com\/wp-content\/uploads\/2023\/12\/gray-granite-luxury-decoration-gray-bianco-sardo-5.jpg\" alt=\"\" width=\"1093\" height=\"766\" srcset=\"https:\/\/stone-phoenix.com\/wp-content\/uploads\/2023\/12\/gray-granite-luxury-decoration-gray-bianco-sardo-5.jpg 1093w, https:\/\/stone-phoenix.com\/wp-content\/uploads\/2023\/12\/gray-granite-luxury-decoration-gray-bianco-sardo-5-300x210.jpg 300w, https:\/\/stone-phoenix.com\/wp-content\/uploads\/2023\/12\/gray-granite-luxury-decoration-gray-bianco-sardo-5-1024x718.jpg 1024w, https:\/\/stone-phoenix.com\/wp-content\/uploads\/2023\/12\/gray-granite-luxury-decoration-gray-bianco-sardo-5-768x538.jpg 768w, https:\/\/stone-phoenix.com\/wp-content\/uploads\/2023\/12\/gray-granite-luxury-decoration-gray-bianco-sardo-5-18x12.jpg 18w, https:\/\/stone-phoenix.com\/wp-content\/uploads\/2023\/12\/gray-granite-luxury-decoration-gray-bianco-sardo-5-600x420.jpg 600w, https:\/\/stone-phoenix.com\/wp-content\/uploads\/2023\/12\/gray-granite-luxury-decoration-gray-bianco-sardo-5-150x105.jpg 150w\" sizes=\"(max-width: 1093px) 100vw, 1093px\" \/><img loading=\"lazy\" decoding=\"async\" class=\"alignnone  wp-image-26918\" src=\"http:\/\/stone-phoenix.com\/wp-content\/uploads\/2023\/12\/gray-granite-luxury-decoration-gray-bianco-sardo-3-1.jpg\" alt=\"\" width=\"953\" height=\"953\" srcset=\"https:\/\/stone-phoenix.com\/wp-content\/uploads\/2023\/12\/gray-granite-luxury-decoration-gray-bianco-sardo-3-1.jpg 693w, https:\/\/stone-phoenix.com\/wp-content\/uploads\/2023\/12\/gray-granite-luxury-decoration-gray-bianco-sardo-3-1-300x300.jpg 300w, https:\/\/stone-phoenix.com\/wp-content\/uploads\/2023\/12\/gray-granite-luxury-decoration-gray-bianco-sardo-3-1-150x150.jpg 150w, https:\/\/stone-phoenix.com\/wp-content\/uploads\/2023\/12\/gray-granite-luxury-decoration-gray-bianco-sardo-3-1-12x12.jpg 12w, https:\/\/stone-phoenix.com\/wp-content\/uploads\/2023\/12\/gray-granite-luxury-decoration-gray-bianco-sardo-3-1-600x600.jpg 600w\" sizes=\"(max-width: 953px) 100vw, 953px\" \/><\/p>\n<\/div>\n<\/div>\n<\/div>","protected":false},"excerpt":{"rendered":"<p>gray granite luxury decoration gray bianco sardo Gray granite is a beautiful material that offers a timeless look. This stone<\/p>","protected":false},"featured_media":26912,"template":"","meta":[],"product_cat":[112],"product_tag":[],"_links":{"self":[{"href":"https:\/\/stone-phoenix.com\/fr\/wp-json\/wp\/v2\/product\/20850"}],"collection":[{"href":"https:\/\/stone-phoenix.com\/fr\/wp-json\/wp\/v2\/product"}],"about":[{"href":"https:\/\/stone-phoenix.com\/fr\/wp-json\/wp\/v2\/types\/product"}],"wp:featuredmedia":[{"embeddable":true,"href":"https:\/\/stone-phoenix.com\/fr\/wp-json\/wp\/v2\/media\/26912"}],"wp:attachment":[{"href":"https:\/\/stone-phoenix.com\/fr\/wp-json\/wp\/v2\/media?parent=20850"}],"wp:term":[{"taxonomy":"product_cat","embeddable":true,"href":"https:\/\/stone-phoenix.com\/fr\/wp-json\/wp\/v2\/product_cat?post=20850"},{"taxonomy":"product_tag","embeddable":true,"href":"https:\/\/stone-phoenix.com\/fr\/wp-json\/wp\/v2\/product_tag?post=20850"}],"curies":[{"name":"wp","href":"https:\/\/api.w.org\/{rel}","templated":true}]}}