{"id":20854,"date":"2023-12-29T20:24:07","date_gmt":"2023-12-29T12:24:07","guid":{"rendered":"http:\/\/stone-phoenix.com\/product\/maple-red-granite-g652-china-driveway"},"modified":"2024-03-29T14:04:29","modified_gmt":"2024-03-29T06:04:29","slug":"maple-red-granite-g652-china-driveway","status":"publish","type":"product","link":"https:\/\/stone-phoenix.com\/fr\/produit\/maple-red-granite-g652-china-driveway","title":{"rendered":"Granit rouge \u00e9rable G652 China Driveway"},"content":{"rendered":"<div id=\"tab-description\" class=\"woocommerce-Tabs-panel woocommerce-Tabs-panel--description panel entry-content wc-tab\" role=\"tabpanel\" aria-labelledby=\"tab-title-description\">\n<div id=\"ali-anchor-AliPostDhMb-9waok\" style=\"padding-top: 8px;\" data-section=\"AliPostDhMb-9waok\" data-section-title=\"Product Description\">\n<div id=\"ali-title-AliPostDhMb-9waok\" style=\"padding: 8px 0; border-bottom: 1px solid #ddd;\">\n<h2>Granit rouge \u00e9rable G652 China Driveway<\/h2>\n<p>Le granit Maple Red est une pierre naturelle couramment utilis\u00e9e dans l'industrie de la construction pour les rev\u00eatements de sol, les comptoirs et les rev\u00eatements muraux. Il s'agit d'un choix populaire en raison de sa couleur unique, de sa durabilit\u00e9 et de sa polyvalence.<\/p>\n<p>Le granit Maple Red se caract\u00e9rise par sa couleur rouge profond qui rappelle la teinte d'un \u00e9rable \u00e0 l'automne. Le granit pr\u00e9sente un motif uniforme de mouchetures et de veines, ce qui ajoute \u00e0 son attrait visuel. Cette pierre est extraite en Inde et sa popularit\u00e9 s'est accrue ces derni\u00e8res ann\u00e9es en raison de sa disponibilit\u00e9 et de son prix abordable.<\/p>\n<p>L'un de ses principaux avantages est sa durabilit\u00e9. Cette pierre est connue pour sa solidit\u00e9 et sa r\u00e9sistance \u00e0 la chaleur, aux rayures et aux taches. C'est une excellente option pour les zones tr\u00e8s fr\u00e9quent\u00e9es et elle peut \u00eatre utilis\u00e9e aussi bien dans un cadre r\u00e9sidentiel que commercial. En outre, elle est facile \u00e0 entretenir et peut \u00eatre nettoy\u00e9e \u00e0 l'aide d'un simple chiffon humide ou d'un nettoyant pour pierres.<\/p>\n<p>Un autre avantage de cette pierre est sa polyvalence. Cette pierre peut \u00eatre utilis\u00e9e dans une grande vari\u00e9t\u00e9 de styles de conception, du moderne et contemporain au traditionnel et classique. Elle peut \u00eatre associ\u00e9e \u00e0 d'autres mat\u00e9riaux tels que l'acier inoxydable ou le bois, et peut \u00eatre adoucie, polie ou bross\u00e9e pour cr\u00e9er diff\u00e9rentes finitions.<\/p>\n<p>Le granit Maple Red est \u00e9galement un excellent choix pour les comptoirs. Il est r\u00e9sistant \u00e0 la chaleur et non poreux, ce qui le rend id\u00e9al pour les cuisines et les salles de bains. Cette pierre est \u00e9galement r\u00e9sistante aux taches, ce qui la rend facile \u00e0 nettoyer et \u00e0 entretenir. En outre, il peut \u00eatre fabriqu\u00e9 dans une vari\u00e9t\u00e9 de formes et de tailles pour s'adapter aux exigences uniques d'un espace.<\/p>\n<p>En conclusion, le granit rouge d'\u00e9rable est une pierre magnifique et polyvalente qui est largement utilis\u00e9e dans l'industrie de la construction. Sa durabilit\u00e9, sa r\u00e9sistance \u00e0 la chaleur et aux taches et sa polyvalence en font un choix populaire pour les planchers, les comptoirs et les rev\u00eatements muraux.<\/p>\n<\/div>\n<div style=\"padding: 10px 0;\">\n<p><img loading=\"lazy\" decoding=\"async\" class=\"alignnone size-full wp-image-26901\" src=\"http:\/\/stone-phoenix.com\/wp-content\/uploads\/2023\/12\/Maple-Red-Granite-G652-China-Driveway-6-1.jpg\" alt=\"\" width=\"1171\" height=\"841\" srcset=\"https:\/\/stone-phoenix.com\/wp-content\/uploads\/2023\/12\/Maple-Red-Granite-G652-China-Driveway-6-1.jpg 1171w, https:\/\/stone-phoenix.com\/wp-content\/uploads\/2023\/12\/Maple-Red-Granite-G652-China-Driveway-6-1-300x215.jpg 300w, https:\/\/stone-phoenix.com\/wp-content\/uploads\/2023\/12\/Maple-Red-Granite-G652-China-Driveway-6-1-1024x735.jpg 1024w, https:\/\/stone-phoenix.com\/wp-content\/uploads\/2023\/12\/Maple-Red-Granite-G652-China-Driveway-6-1-768x552.jpg 768w, https:\/\/stone-phoenix.com\/wp-content\/uploads\/2023\/12\/Maple-Red-Granite-G652-China-Driveway-6-1-18x12.jpg 18w, https:\/\/stone-phoenix.com\/wp-content\/uploads\/2023\/12\/Maple-Red-Granite-G652-China-Driveway-6-1-600x431.jpg 600w, https:\/\/stone-phoenix.com\/wp-content\/uploads\/2023\/12\/Maple-Red-Granite-G652-China-Driveway-6-1-150x108.jpg 150w\" sizes=\"(max-width: 1171px) 100vw, 1171px\" \/><img loading=\"lazy\" decoding=\"async\" class=\"alignnone size-full wp-image-26902\" src=\"http:\/\/stone-phoenix.com\/wp-content\/uploads\/2023\/12\/Maple-Red-Granite-G652-China-Driveway-13.jpg\" alt=\"\" width=\"1282\" height=\"1054\" srcset=\"https:\/\/stone-phoenix.com\/wp-content\/uploads\/2023\/12\/Maple-Red-Granite-G652-China-Driveway-13.jpg 1282w, https:\/\/stone-phoenix.com\/wp-content\/uploads\/2023\/12\/Maple-Red-Granite-G652-China-Driveway-13-300x247.jpg 300w, https:\/\/stone-phoenix.com\/wp-content\/uploads\/2023\/12\/Maple-Red-Granite-G652-China-Driveway-13-1024x842.jpg 1024w, https:\/\/stone-phoenix.com\/wp-content\/uploads\/2023\/12\/Maple-Red-Granite-G652-China-Driveway-13-768x631.jpg 768w, https:\/\/stone-phoenix.com\/wp-content\/uploads\/2023\/12\/Maple-Red-Granite-G652-China-Driveway-13-15x12.jpg 15w, https:\/\/stone-phoenix.com\/wp-content\/uploads\/2023\/12\/Maple-Red-Granite-G652-China-Driveway-13-600x493.jpg 600w, https:\/\/stone-phoenix.com\/wp-content\/uploads\/2023\/12\/Maple-Red-Granite-G652-China-Driveway-13-150x123.jpg 150w\" sizes=\"(max-width: 1282px) 100vw, 1282px\" \/><img loading=\"lazy\" decoding=\"async\" class=\"alignnone size-full wp-image-26903\" src=\"http:\/\/stone-phoenix.com\/wp-content\/uploads\/2023\/12\/Maple-Red-Granite-G652-China-Driveway-12.jpg\" alt=\"\" width=\"1012\" height=\"846\" srcset=\"https:\/\/stone-phoenix.com\/wp-content\/uploads\/2023\/12\/Maple-Red-Granite-G652-China-Driveway-12.jpg 1012w, https:\/\/stone-phoenix.com\/wp-content\/uploads\/2023\/12\/Maple-Red-Granite-G652-China-Driveway-12-300x251.jpg 300w, https:\/\/stone-phoenix.com\/wp-content\/uploads\/2023\/12\/Maple-Red-Granite-G652-China-Driveway-12-768x642.jpg 768w, https:\/\/stone-phoenix.com\/wp-content\/uploads\/2023\/12\/Maple-Red-Granite-G652-China-Driveway-12-14x12.jpg 14w, https:\/\/stone-phoenix.com\/wp-content\/uploads\/2023\/12\/Maple-Red-Granite-G652-China-Driveway-12-600x502.jpg 600w, https:\/\/stone-phoenix.com\/wp-content\/uploads\/2023\/12\/Maple-Red-Granite-G652-China-Driveway-12-150x125.jpg 150w\" sizes=\"(max-width: 1012px) 100vw, 1012px\" \/><img loading=\"lazy\" decoding=\"async\" class=\"alignnone size-full wp-image-26904\" src=\"http:\/\/stone-phoenix.com\/wp-content\/uploads\/2023\/12\/Maple-Red-Granite-G652-China-Driveway-7.jpg\" alt=\"\" width=\"895\" height=\"708\" srcset=\"https:\/\/stone-phoenix.com\/wp-content\/uploads\/2023\/12\/Maple-Red-Granite-G652-China-Driveway-7.jpg 895w, https:\/\/stone-phoenix.com\/wp-content\/uploads\/2023\/12\/Maple-Red-Granite-G652-China-Driveway-7-300x237.jpg 300w, https:\/\/stone-phoenix.com\/wp-content\/uploads\/2023\/12\/Maple-Red-Granite-G652-China-Driveway-7-768x608.jpg 768w, https:\/\/stone-phoenix.com\/wp-content\/uploads\/2023\/12\/Maple-Red-Granite-G652-China-Driveway-7-15x12.jpg 15w, https:\/\/stone-phoenix.com\/wp-content\/uploads\/2023\/12\/Maple-Red-Granite-G652-China-Driveway-7-600x475.jpg 600w, https:\/\/stone-phoenix.com\/wp-content\/uploads\/2023\/12\/Maple-Red-Granite-G652-China-Driveway-7-150x119.jpg 150w\" sizes=\"(max-width: 895px) 100vw, 895px\" \/><img loading=\"lazy\" decoding=\"async\" class=\"alignnone wp-image-26905\" src=\"http:\/\/stone-phoenix.com\/wp-content\/uploads\/2023\/12\/Maple-Red-Granite-G652-China-Driveway-8.jpg\" alt=\"\" width=\"893\" height=\"898\" srcset=\"https:\/\/stone-phoenix.com\/wp-content\/uploads\/2023\/12\/Maple-Red-Granite-G652-China-Driveway-8.jpg 868w, https:\/\/stone-phoenix.com\/wp-content\/uploads\/2023\/12\/Maple-Red-Granite-G652-China-Driveway-8-298x300.jpg 298w, https:\/\/stone-phoenix.com\/wp-content\/uploads\/2023\/12\/Maple-Red-Granite-G652-China-Driveway-8-150x151.jpg 150w, https:\/\/stone-phoenix.com\/wp-content\/uploads\/2023\/12\/Maple-Red-Granite-G652-China-Driveway-8-768x772.jpg 768w, https:\/\/stone-phoenix.com\/wp-content\/uploads\/2023\/12\/Maple-Red-Granite-G652-China-Driveway-8-12x12.jpg 12w, https:\/\/stone-phoenix.com\/wp-content\/uploads\/2023\/12\/Maple-Red-Granite-G652-China-Driveway-8-600x603.jpg 600w\" sizes=\"(max-width: 893px) 100vw, 893px\" \/><img loading=\"lazy\" decoding=\"async\" class=\"alignnone wp-image-26906\" src=\"http:\/\/stone-phoenix.com\/wp-content\/uploads\/2023\/12\/Maple-Red-Granite-G652-China-Driveway-9.jpg\" alt=\"\" width=\"891\" height=\"575\" srcset=\"https:\/\/stone-phoenix.com\/wp-content\/uploads\/2023\/12\/Maple-Red-Granite-G652-China-Driveway-9.jpg 1164w, https:\/\/stone-phoenix.com\/wp-content\/uploads\/2023\/12\/Maple-Red-Granite-G652-China-Driveway-9-300x193.jpg 300w, https:\/\/stone-phoenix.com\/wp-content\/uploads\/2023\/12\/Maple-Red-Granite-G652-China-Driveway-9-1024x660.jpg 1024w, https:\/\/stone-phoenix.com\/wp-content\/uploads\/2023\/12\/Maple-Red-Granite-G652-China-Driveway-9-768x495.jpg 768w, https:\/\/stone-phoenix.com\/wp-content\/uploads\/2023\/12\/Maple-Red-Granite-G652-China-Driveway-9-18x12.jpg 18w, https:\/\/stone-phoenix.com\/wp-content\/uploads\/2023\/12\/Maple-Red-Granite-G652-China-Driveway-9-600x387.jpg 600w, https:\/\/stone-phoenix.com\/wp-content\/uploads\/2023\/12\/Maple-Red-Granite-G652-China-Driveway-9-150x97.jpg 150w\" sizes=\"(max-width: 891px) 100vw, 891px\" \/><img loading=\"lazy\" decoding=\"async\" class=\"alignnone wp-image-26907\" src=\"http:\/\/stone-phoenix.com\/wp-content\/uploads\/2023\/12\/Maple-Red-Granite-G652-China-Driveway-10.jpg\" alt=\"\" width=\"893\" height=\"516\" srcset=\"https:\/\/stone-phoenix.com\/wp-content\/uploads\/2023\/12\/Maple-Red-Granite-G652-China-Driveway-10.jpg 1381w, https:\/\/stone-phoenix.com\/wp-content\/uploads\/2023\/12\/Maple-Red-Granite-G652-China-Driveway-10-300x173.jpg 300w, https:\/\/stone-phoenix.com\/wp-content\/uploads\/2023\/12\/Maple-Red-Granite-G652-China-Driveway-10-1024x592.jpg 1024w, https:\/\/stone-phoenix.com\/wp-content\/uploads\/2023\/12\/Maple-Red-Granite-G652-China-Driveway-10-768x444.jpg 768w, https:\/\/stone-phoenix.com\/wp-content\/uploads\/2023\/12\/Maple-Red-Granite-G652-China-Driveway-10-18x10.jpg 18w, https:\/\/stone-phoenix.com\/wp-content\/uploads\/2023\/12\/Maple-Red-Granite-G652-China-Driveway-10-600x347.jpg 600w, https:\/\/stone-phoenix.com\/wp-content\/uploads\/2023\/12\/Maple-Red-Granite-G652-China-Driveway-10-150x87.jpg 150w\" sizes=\"(max-width: 893px) 100vw, 893px\" \/><img loading=\"lazy\" decoding=\"async\" class=\"alignnone wp-image-26908\" src=\"http:\/\/stone-phoenix.com\/wp-content\/uploads\/2023\/12\/Maple-Red-Granite-G652-China-Driveway-11.jpg\" alt=\"\" width=\"892\" height=\"716\" srcset=\"https:\/\/stone-phoenix.com\/wp-content\/uploads\/2023\/12\/Maple-Red-Granite-G652-China-Driveway-11.jpg 1098w, https:\/\/stone-phoenix.com\/wp-content\/uploads\/2023\/12\/Maple-Red-Granite-G652-China-Driveway-11-300x241.jpg 300w, https:\/\/stone-phoenix.com\/wp-content\/uploads\/2023\/12\/Maple-Red-Granite-G652-China-Driveway-11-1024x823.jpg 1024w, https:\/\/stone-phoenix.com\/wp-content\/uploads\/2023\/12\/Maple-Red-Granite-G652-China-Driveway-11-768x617.jpg 768w, https:\/\/stone-phoenix.com\/wp-content\/uploads\/2023\/12\/Maple-Red-Granite-G652-China-Driveway-11-15x12.jpg 15w, https:\/\/stone-phoenix.com\/wp-content\/uploads\/2023\/12\/Maple-Red-Granite-G652-China-Driveway-11-600x482.jpg 600w, https:\/\/stone-phoenix.com\/wp-content\/uploads\/2023\/12\/Maple-Red-Granite-G652-China-Driveway-11-150x120.jpg 150w\" sizes=\"(max-width: 892px) 100vw, 892px\" \/><img loading=\"lazy\" decoding=\"async\" class=\"alignnone wp-image-26909\" src=\"http:\/\/stone-phoenix.com\/wp-content\/uploads\/2023\/12\/Maple-Red-Granite-G652-China-Driveway-14.jpg\" alt=\"\" width=\"891\" height=\"704\" srcset=\"https:\/\/stone-phoenix.com\/wp-content\/uploads\/2023\/12\/Maple-Red-Granite-G652-China-Driveway-14.jpg 951w, https:\/\/stone-phoenix.com\/wp-content\/uploads\/2023\/12\/Maple-Red-Granite-G652-China-Driveway-14-300x237.jpg 300w, https:\/\/stone-phoenix.com\/wp-content\/uploads\/2023\/12\/Maple-Red-Granite-G652-China-Driveway-14-768x606.jpg 768w, https:\/\/stone-phoenix.com\/wp-content\/uploads\/2023\/12\/Maple-Red-Granite-G652-China-Driveway-14-15x12.jpg 15w, https:\/\/stone-phoenix.com\/wp-content\/uploads\/2023\/12\/Maple-Red-Granite-G652-China-Driveway-14-600x474.jpg 600w, https:\/\/stone-phoenix.com\/wp-content\/uploads\/2023\/12\/Maple-Red-Granite-G652-China-Driveway-14-150x118.jpg 150w\" sizes=\"(max-width: 891px) 100vw, 891px\" \/><img loading=\"lazy\" decoding=\"async\" class=\"alignnone wp-image-26910\" src=\"http:\/\/stone-phoenix.com\/wp-content\/uploads\/2023\/12\/Maple-Red-Granite-G652-China-Driveway-15.jpg\" alt=\"\" width=\"896\" height=\"475\" srcset=\"https:\/\/stone-phoenix.com\/wp-content\/uploads\/2023\/12\/Maple-Red-Granite-G652-China-Driveway-15.jpg 1098w, https:\/\/stone-phoenix.com\/wp-content\/uploads\/2023\/12\/Maple-Red-Granite-G652-China-Driveway-15-300x159.jpg 300w, https:\/\/stone-phoenix.com\/wp-content\/uploads\/2023\/12\/Maple-Red-Granite-G652-China-Driveway-15-1024x543.jpg 1024w, https:\/\/stone-phoenix.com\/wp-content\/uploads\/2023\/12\/Maple-Red-Granite-G652-China-Driveway-15-768x407.jpg 768w, https:\/\/stone-phoenix.com\/wp-content\/uploads\/2023\/12\/Maple-Red-Granite-G652-China-Driveway-15-18x10.jpg 18w, https:\/\/stone-phoenix.com\/wp-content\/uploads\/2023\/12\/Maple-Red-Granite-G652-China-Driveway-15-600x318.jpg 600w, https:\/\/stone-phoenix.com\/wp-content\/uploads\/2023\/12\/Maple-Red-Granite-G652-China-Driveway-15-150x80.jpg 150w\" sizes=\"(max-width: 896px) 100vw, 896px\" \/><img loading=\"lazy\" decoding=\"async\" class=\"alignnone wp-image-26911\" src=\"http:\/\/stone-phoenix.com\/wp-content\/uploads\/2023\/12\/Maple-Red-Granite-G652-China-Driveway-16.jpg\" alt=\"\" width=\"898\" height=\"473\" srcset=\"https:\/\/stone-phoenix.com\/wp-content\/uploads\/2023\/12\/Maple-Red-Granite-G652-China-Driveway-16.jpg 1105w, https:\/\/stone-phoenix.com\/wp-content\/uploads\/2023\/12\/Maple-Red-Granite-G652-China-Driveway-16-300x158.jpg 300w, https:\/\/stone-phoenix.com\/wp-content\/uploads\/2023\/12\/Maple-Red-Granite-G652-China-Driveway-16-1024x539.jpg 1024w, https:\/\/stone-phoenix.com\/wp-content\/uploads\/2023\/12\/Maple-Red-Granite-G652-China-Driveway-16-768x405.jpg 768w, https:\/\/stone-phoenix.com\/wp-content\/uploads\/2023\/12\/Maple-Red-Granite-G652-China-Driveway-16-18x9.jpg 18w, https:\/\/stone-phoenix.com\/wp-content\/uploads\/2023\/12\/Maple-Red-Granite-G652-China-Driveway-16-600x316.jpg 600w, https:\/\/stone-phoenix.com\/wp-content\/uploads\/2023\/12\/Maple-Red-Granite-G652-China-Driveway-16-150x79.jpg 150w\" sizes=\"(max-width: 898px) 100vw, 898px\" \/><\/p>\n<\/div>\n<\/div>\n<\/div>","protected":false},"excerpt":{"rendered":"<p>Maple Red Granite G652 China Driveway Maple Red granite is a natural stone that is commonly used in the construction<\/p>","protected":false},"featured_media":26895,"template":"","meta":[],"product_cat":[112],"product_tag":[],"_links":{"self":[{"href":"https:\/\/stone-phoenix.com\/fr\/wp-json\/wp\/v2\/product\/20854"}],"collection":[{"href":"https:\/\/stone-phoenix.com\/fr\/wp-json\/wp\/v2\/product"}],"about":[{"href":"https:\/\/stone-phoenix.com\/fr\/wp-json\/wp\/v2\/types\/product"}],"wp:featuredmedia":[{"embeddable":true,"href":"https:\/\/stone-phoenix.com\/fr\/wp-json\/wp\/v2\/media\/26895"}],"wp:attachment":[{"href":"https:\/\/stone-phoenix.com\/fr\/wp-json\/wp\/v2\/media?parent=20854"}],"wp:term":[{"taxonomy":"product_cat","embeddable":true,"href":"https:\/\/stone-phoenix.com\/fr\/wp-json\/wp\/v2\/product_cat?post=20854"},{"taxonomy":"product_tag","embeddable":true,"href":"https:\/\/stone-phoenix.com\/fr\/wp-json\/wp\/v2\/product_tag?post=20854"}],"curies":[{"name":"wp","href":"https:\/\/api.w.org\/{rel}","templated":true}]}}