{"id":20872,"date":"2023-12-29T20:24:31","date_gmt":"2023-12-29T12:24:31","guid":{"rendered":"http:\/\/stone-phoenix.com\/product\/cheap-chinese-granite-factory-mable-red-granite"},"modified":"2024-03-29T13:27:58","modified_gmt":"2024-03-29T05:27:58","slug":"cheap-chinese-granite-factory-mable-red-granite","status":"publish","type":"product","link":"https:\/\/stone-phoenix.com\/fr\/produit\/cheap-chinese-granite-factory-mable-red-granite","title":{"rendered":"Granit chinois bon march\u00e9 Fabrique de granit Mable Red Granite"},"content":{"rendered":"<div id=\"tab-description\" class=\"woocommerce-Tabs-panel woocommerce-Tabs-panel--description panel entry-content wc-tab\" role=\"tabpanel\" aria-labelledby=\"tab-title-description\">\n<h2><span style=\"font-size: 18pt;\">Granit chinois bon march\u00e9 Fabrique de granit Mable Red Granite<\/span><\/h2>\n<p>Cheap Chinese Granite Factory.Vous cherchez \u00e0 ajouter une touche de chaleur et de luxe \u00e0 vos espaces int\u00e9rieurs ou ext\u00e9rieurs ? Ne cherchez pas plus loin que le granit rouge d'\u00e9rable de notre usine de granit chinois bon march\u00e9. Cette pierre naturelle exquise est parfaite pour diverses applications et peut \u00e9lever l'esth\u00e9tique de n'importe quel projet.<\/p>\n<p>Pour l'int\u00e9rieur, notre granit Maple Red est un choix id\u00e9al pour les comptoirs, les sols et les rev\u00eatements muraux. Sa riche couleur rouge et ses motifs de veinage frappants conf\u00e8rent un aspect audacieux et sophistiqu\u00e9 aux cuisines, aux salles de bains et aux autres espaces de vie. La durabilit\u00e9 du granit le rend \u00e9galement r\u00e9sistant \u00e0 l'usure, ce qui en fait un choix pratique pour les zones tr\u00e8s fr\u00e9quent\u00e9es.<\/p>\n<p>Dans les espaces ext\u00e9rieurs, notre granit rouge Maple peut \u00eatre utilis\u00e9 pour les pav\u00e9s de patio, les all\u00e9es et d'autres applications d'am\u00e9nagement paysager. Sa beaut\u00e9 naturelle et sa r\u00e9sistance aux intemp\u00e9ries en font un choix parfait pour cr\u00e9er des espaces ext\u00e9rieurs accueillants qui sont non seulement fonctionnels mais aussi visuellement \u00e9tonnants.<\/p>\n<p>L'un des principaux avantages de notre granit rouge d'\u00e9rable est son prix abordable. En tant qu'usine de granit chinois bon march\u00e9, nous offrons des prix comp\u00e9titifs sans compromettre la qualit\u00e9. Il s'agit donc d'une excellente option pour les projets dont le budget est limit\u00e9 mais qui exigent l'\u00e9l\u00e9gance et la durabilit\u00e9 de la pierre naturelle.<\/p>\n<p>Notre granit Maple Red provient directement de carri\u00e8res de confiance en Chine et est trait\u00e9 par des artisans qualifi\u00e9s pour garantir une qualit\u00e9 sup\u00e9rieure. Il r\u00e9siste aux taches, aux rayures et \u00e0 la chaleur, ce qui en fait un choix qui n\u00e9cessite peu d'entretien et qui peut r\u00e9sister \u00e0 l'\u00e9preuve du temps.<\/p>\n<table style=\"height: 383px;\" width=\"1361\">\n<tbody>\n<tr>\n<td width=\"121\">Mat\u00e9riau<\/td>\n<td width=\"125\">Couleur primaire<\/td>\n<td width=\"193\">Produit<\/td>\n<td width=\"231\">Taille (cm)<\/td>\n<td width=\"156\">Finition<\/td>\n<td width=\"72\">Densit\u00e9<br \/>\n(g\/cm3)<\/td>\n<td width=\"116\">Absorption de l'eau<br \/>\n(%)<\/td>\n<\/tr>\n<tr>\n<td>Granit rouge \u00e9rable<\/td>\n<td>Rouge<\/td>\n<td width=\"193\">Dalle<br \/>\nCarrelage<br \/>\nEscalier<br \/>\nPav\u00e9s<br \/>\nKerbstone<br \/>\nAppui de fen\u00eatre<br \/>\nComptoir<br \/>\nEtc<\/td>\n<td width=\"231\">240up x120up x2\/3\/5\/6<br \/>\n240up x70up x2\/3\/5\/6<br \/>\n60\u00d730\/60\u00d71\/1.5\/2\/3<br \/>\n100-160x34x3<br \/>\n100-160x15x2<br \/>\nLongueurx20x8<br \/>\nLongueurx25x10<br \/>\n10x10x5<br \/>\n10x20x5<br \/>\nEtc<\/td>\n<td width=\"156\">Poli<br \/>\nHonor\u00e9<br \/>\nFlamm\u00e9<br \/>\nFlamm\u00e9 et bross\u00e9<br \/>\nBushhamerred<br \/>\nSablage<br \/>\nEtc<\/td>\n<td>2.62<\/td>\n<td>0.24<\/td>\n<\/tr>\n<\/tbody>\n<\/table>\n<p><img loading=\"lazy\" decoding=\"async\" class=\"alignnone size-full wp-image-20874\" src=\"http:\/\/stone-phoenix.com\/wp-content\/uploads\/2023\/12\/1703881471.jpg\" width=\"927\" height=\"600\" srcset=\"https:\/\/stone-phoenix.com\/wp-content\/uploads\/2023\/12\/1703881471.jpg 927w, https:\/\/stone-phoenix.com\/wp-content\/uploads\/2023\/12\/1703881471-300x194.jpg 300w, https:\/\/stone-phoenix.com\/wp-content\/uploads\/2023\/12\/1703881471-768x497.jpg 768w, https:\/\/stone-phoenix.com\/wp-content\/uploads\/2023\/12\/1703881471-18x12.jpg 18w, https:\/\/stone-phoenix.com\/wp-content\/uploads\/2023\/12\/1703881471-600x388.jpg 600w, https:\/\/stone-phoenix.com\/wp-content\/uploads\/2023\/12\/1703881471-150x97.jpg 150w\" sizes=\"(max-width: 927px) 100vw, 927px\" \/><\/p>\n<h2>Couleurs de pierre similaires<\/h2>\n<table style=\"border-collapse: collapse; width: 567.02pt;\" border=\"0\" width=\"756\" cellspacing=\"0\" cellpadding=\"0\">\n<tbody>\n<tr style=\"height: 13.50pt;\">\n<td style=\"height: 13.50pt; width: 155.25pt;\" width=\"207\" height=\"18\">\n<figure id=\"attachment_5462\" class=\"wp-caption aligncenter\" style=\"width: 300px;\" aria-describedby=\"caption-attachment-5462\"><img loading=\"lazy\" decoding=\"async\" class=\"alignnone size-full wp-image-20875\" src=\"http:\/\/stone-phoenix.com\/wp-content\/uploads\/2023\/12\/1703881472.jpg\" width=\"300\" height=\"300\" srcset=\"https:\/\/stone-phoenix.com\/wp-content\/uploads\/2023\/12\/1703881472.jpg 300w, https:\/\/stone-phoenix.com\/wp-content\/uploads\/2023\/12\/1703881472-150x150.jpg 150w, https:\/\/stone-phoenix.com\/wp-content\/uploads\/2023\/12\/1703881472-12x12.jpg 12w\" sizes=\"(max-width: 300px) 100vw, 300px\" \/><\/figure>\n<p>Granit rose Porrino<\/td>\n<td style=\"width: 93.75pt;\" width=\"125\">\n<figure id=\"attachment_5463\" class=\"wp-caption aligncenter\" style=\"width: 300px;\" aria-describedby=\"caption-attachment-5463\"><img loading=\"lazy\" decoding=\"async\" class=\"alignnone size-full wp-image-20876\" src=\"http:\/\/stone-phoenix.com\/wp-content\/uploads\/2023\/12\/1703881473.jpg\" width=\"300\" height=\"300\" srcset=\"https:\/\/stone-phoenix.com\/wp-content\/uploads\/2023\/12\/1703881473.jpg 300w, https:\/\/stone-phoenix.com\/wp-content\/uploads\/2023\/12\/1703881473-150x150.jpg 150w, https:\/\/stone-phoenix.com\/wp-content\/uploads\/2023\/12\/1703881473-12x12.jpg 12w\" sizes=\"(max-width: 300px) 100vw, 300px\" \/><\/figure>\n<p>Porphyre rouge<\/td>\n<td style=\"width: 144.75pt;\" width=\"193\">\n<figure id=\"attachment_5464\" class=\"wp-caption aligncenter\" style=\"width: 300px;\" aria-describedby=\"caption-attachment-5464\"><img loading=\"lazy\" decoding=\"async\" class=\"alignnone size-full wp-image-20877\" src=\"http:\/\/stone-phoenix.com\/wp-content\/uploads\/2023\/12\/1703881474.jpg\" width=\"300\" height=\"300\" srcset=\"https:\/\/stone-phoenix.com\/wp-content\/uploads\/2023\/12\/1703881474.jpg 300w, https:\/\/stone-phoenix.com\/wp-content\/uploads\/2023\/12\/1703881474-150x150.jpg 150w, https:\/\/stone-phoenix.com\/wp-content\/uploads\/2023\/12\/1703881474-12x12.jpg 12w\" sizes=\"(max-width: 300px) 100vw, 300px\" \/><\/figure>\n<p>Granit rouge de Shidao<\/td>\n<td style=\"width: 173.25pt;\" width=\"231\">\n<figure id=\"attachment_5465\" class=\"wp-caption aligncenter\" style=\"width: 300px;\" aria-describedby=\"caption-attachment-5465\"><img loading=\"lazy\" decoding=\"async\" class=\"alignnone size-full wp-image-20878\" src=\"http:\/\/stone-phoenix.com\/wp-content\/uploads\/2023\/12\/1703881475.jpg\" width=\"300\" height=\"300\" srcset=\"https:\/\/stone-phoenix.com\/wp-content\/uploads\/2023\/12\/1703881475.jpg 300w, https:\/\/stone-phoenix.com\/wp-content\/uploads\/2023\/12\/1703881475-150x150.jpg 150w, https:\/\/stone-phoenix.com\/wp-content\/uploads\/2023\/12\/1703881475-12x12.jpg 12w\" sizes=\"(max-width: 300px) 100vw, 300px\" \/><\/figure>\n<p>Granit rouge de TianShan<\/td>\n<\/tr>\n<\/tbody>\n<\/table>\n<h2><\/h2>\n<\/div>","protected":false},"excerpt":{"rendered":"<p>Cheap Chinese Granite Factory Mable Red Granite Cheap Chinese Granite Factory.Looking to add a touch of warmth and luxury to<\/p>","protected":false},"featured_media":20873,"template":"","meta":[],"product_cat":[112],"product_tag":[],"_links":{"self":[{"href":"https:\/\/stone-phoenix.com\/fr\/wp-json\/wp\/v2\/product\/20872"}],"collection":[{"href":"https:\/\/stone-phoenix.com\/fr\/wp-json\/wp\/v2\/product"}],"about":[{"href":"https:\/\/stone-phoenix.com\/fr\/wp-json\/wp\/v2\/types\/product"}],"wp:featuredmedia":[{"embeddable":true,"href":"https:\/\/stone-phoenix.com\/fr\/wp-json\/wp\/v2\/media\/20873"}],"wp:attachment":[{"href":"https:\/\/stone-phoenix.com\/fr\/wp-json\/wp\/v2\/media?parent=20872"}],"wp:term":[{"taxonomy":"product_cat","embeddable":true,"href":"https:\/\/stone-phoenix.com\/fr\/wp-json\/wp\/v2\/product_cat?post=20872"},{"taxonomy":"product_tag","embeddable":true,"href":"https:\/\/stone-phoenix.com\/fr\/wp-json\/wp\/v2\/product_tag?post=20872"}],"curies":[{"name":"wp","href":"https:\/\/api.w.org\/{rel}","templated":true}]}}