{"id":20885,"date":"2023-12-29T20:24:47","date_gmt":"2023-12-29T12:24:47","guid":{"rendered":"http:\/\/stone-phoenix.com\/product\/mongolia-black-granite-supplier"},"modified":"2024-03-29T12:54:36","modified_gmt":"2024-03-29T04:54:36","slug":"mongolia-black-granite-supplier","status":"publish","type":"product","link":"https:\/\/stone-phoenix.com\/fr\/produit\/mongolia-black-granite-supplier","title":{"rendered":"Fournisseur de granit noir de Mongolie"},"content":{"rendered":"<div id=\"tab-description\" class=\"woocommerce-Tabs-panel woocommerce-Tabs-panel--description panel entry-content wc-tab\" role=\"tabpanel\" aria-labelledby=\"tab-title-description\">\n<h2><span style=\"font-size: 18pt;\">Mongolie Granit Noir Fournisseur Granit En Chinois\u00a0<\/span><\/h2>\n<p>En tant que fournisseur de confiance de Mongolia Black Granite, nous sommes fiers d'offrir cette pierre naturelle de premi\u00e8re qualit\u00e9 qui incarne l'\u00e9l\u00e9gance, la durabilit\u00e9 et la polyvalence. Avec sa couleur noire profonde et son motif cristallin frappant, le granit noir de Mongolie est un choix populaire pour diverses applications dans les environnements r\u00e9sidentiels et commerciaux.<\/p>\n<p>Le granit noir de Mongolie est r\u00e9put\u00e9 pour sa durabilit\u00e9 exceptionnelle, ce qui en fait un mat\u00e9riau id\u00e9al pour les zones tr\u00e8s fr\u00e9quent\u00e9es telles que les plans de travail de cuisine, les vanit\u00e9s de salle de bains et les sols. Sa duret\u00e9 et sa r\u00e9sistance \u00e0 l'usure, \u00e0 la chaleur et \u00e0 l'humidit\u00e9 en font un choix pratique et durable pour un large \u00e9ventail d'applications. Qu'il soit utilis\u00e9 \u00e0 l'int\u00e9rieur ou \u00e0 l'ext\u00e9rieur, le granit noir de Mongolie peut r\u00e9sister \u00e0 l'\u00e9preuve du temps et conserver son aspect impeccable pendant des ann\u00e9es.<\/p>\n<p>Outre sa durabilit\u00e9, le granit noir de Mongolie se distingue par son esth\u00e9tique luxueuse et intemporelle. Sa couleur noire profonde avec des taches d'argent, de gris et de blanc cr\u00e9e un contraste \u00e9tonnant qui ajoute de l'\u00e9motion et de la sophistication \u00e0 n'importe quel espace. Le motif cristallin unique de ce granit lui donne de la profondeur et du caract\u00e8re, ce qui en fait un point de mire dans n'importe quel am\u00e9nagement.<\/p>\n<p>En tant que fournisseur de granit fiable, nous veillons \u00e0 ce que notre granit noir de Mongolie soit soigneusement s\u00e9lectionn\u00e9 et trait\u00e9 pour r\u00e9pondre aux normes de qualit\u00e9 les plus \u00e9lev\u00e9es. Notre engagement en faveur de la qualit\u00e9 se traduit par la constance de la couleur, du motif et de la finition de notre granit, ce qui vous garantit un produit de la plus haute qualit\u00e9.<\/p>\n<p>Avec son aspect luxueux, sa durabilit\u00e9 exceptionnelle et ses applications polyvalentes, le granit noir de Mongolie est un choix de premier ordre pour les designers, les architectes et les propri\u00e9taires. Mettez en valeur la beaut\u00e9 et la fonctionnalit\u00e9 de votre espace avec notre granit noir de Mongolie de premi\u00e8re qualit\u00e9, provenant de carri\u00e8res r\u00e9put\u00e9es en Chine. Choisissez-nous comme fournisseur de confiance pour le granit noir de Mongolie et d\u00e9couvrez la beaut\u00e9 et la durabilit\u00e9 in\u00e9gal\u00e9es de cette pierre naturelle exquise.<\/p>\n<table style=\"height: 383px;\" width=\"1361\">\n<tbody>\n<tr>\n<td width=\"121\">Mat\u00e9riau<\/td>\n<td width=\"125\">Couleur primaire<\/td>\n<td width=\"193\">Produit<\/td>\n<td width=\"231\">Taille (cm)<\/td>\n<td width=\"156\">Finition<\/td>\n<td width=\"72\">Densit\u00e9<br \/>\n(g\/cm3)<\/td>\n<td width=\"116\">Absorption de l'eau<br \/>\n(%)<\/td>\n<\/tr>\n<tr>\n<td>Granit noir de Mongolie<\/td>\n<td>Noir<\/td>\n<td width=\"193\">Dalle<br \/>\nCarrelage<br \/>\nEscalier<br \/>\nPav\u00e9s<br \/>\nKerbstone<br \/>\nAppui de fen\u00eatre<br \/>\nComptoir<br \/>\nEtc<\/td>\n<td width=\"231\">240up x120up x2\/3\/5\/6<br \/>\n240up x70up x2\/3\/5\/6<br \/>\n60\u00d730\/60\u00d71\/1.5\/2\/3<br \/>\n100-160x34x3<br \/>\n100-160x15x2<br \/>\nLongueurx20x8<br \/>\nLongueurx25x10<br \/>\n10x10x5<br \/>\n10x20x5<br \/>\nEtc<\/td>\n<td width=\"156\">Poli<br \/>\nHonor\u00e9<br \/>\nFlamm\u00e9<br \/>\nFlamm\u00e9 et bross\u00e9<br \/>\nBushhamerred<br \/>\nSablage<br \/>\nEtc<\/td>\n<td>2.68<\/td>\n<td>0.19<\/td>\n<\/tr>\n<\/tbody>\n<\/table>\n<p><img loading=\"lazy\" decoding=\"async\" class=\"alignnone size-full wp-image-20887\" src=\"http:\/\/stone-phoenix.com\/wp-content\/uploads\/2023\/12\/1703881488.jpg\" width=\"927\" height=\"600\" srcset=\"https:\/\/stone-phoenix.com\/wp-content\/uploads\/2023\/12\/1703881488.jpg 927w, https:\/\/stone-phoenix.com\/wp-content\/uploads\/2023\/12\/1703881488-300x194.jpg 300w, https:\/\/stone-phoenix.com\/wp-content\/uploads\/2023\/12\/1703881488-768x497.jpg 768w, https:\/\/stone-phoenix.com\/wp-content\/uploads\/2023\/12\/1703881488-18x12.jpg 18w, https:\/\/stone-phoenix.com\/wp-content\/uploads\/2023\/12\/1703881488-600x388.jpg 600w, https:\/\/stone-phoenix.com\/wp-content\/uploads\/2023\/12\/1703881488-150x97.jpg 150w\" sizes=\"(max-width: 927px) 100vw, 927px\" \/><\/p>\n<h2>Couleurs de pierre similaires<\/h2>\n<table style=\"border-collapse: collapse; width: 1234px; height: 350px;\" border=\"0\" width=\"756\" cellspacing=\"0\" cellpadding=\"0\">\n<tbody>\n<tr style=\"height: 13.50pt;\">\n<td style=\"height: 13.50pt; width: 155.25pt;\" width=\"207\" height=\"18\">\n<figure id=\"attachment_5411\" class=\"wp-caption aligncenter\" style=\"width: 300px;\" aria-describedby=\"caption-attachment-5411\"><img loading=\"lazy\" decoding=\"async\" class=\"alignnone size-full wp-image-20888\" src=\"http:\/\/stone-phoenix.com\/wp-content\/uploads\/2023\/12\/1703881488-1.jpg\" width=\"300\" height=\"300\" srcset=\"https:\/\/stone-phoenix.com\/wp-content\/uploads\/2023\/12\/1703881488-1.jpg 300w, https:\/\/stone-phoenix.com\/wp-content\/uploads\/2023\/12\/1703881488-1-150x150.jpg 150w, https:\/\/stone-phoenix.com\/wp-content\/uploads\/2023\/12\/1703881488-1-12x12.jpg 12w\" sizes=\"(max-width: 300px) 100vw, 300px\" \/><\/figure>\n<p>Granit galaxie noir<\/td>\n<td style=\"width: 93.75pt;\" width=\"125\">\n<figure id=\"attachment_5412\" class=\"wp-caption aligncenter\" style=\"width: 300px;\" aria-describedby=\"caption-attachment-5412\"><img loading=\"lazy\" decoding=\"async\" class=\"alignnone size-full wp-image-20889\" src=\"http:\/\/stone-phoenix.com\/wp-content\/uploads\/2023\/12\/1703881489.jpg\" width=\"300\" height=\"300\" srcset=\"https:\/\/stone-phoenix.com\/wp-content\/uploads\/2023\/12\/1703881489.jpg 300w, https:\/\/stone-phoenix.com\/wp-content\/uploads\/2023\/12\/1703881489-150x150.jpg 150w, https:\/\/stone-phoenix.com\/wp-content\/uploads\/2023\/12\/1703881489-12x12.jpg 12w\" sizes=\"(max-width: 300px) 100vw, 300px\" \/><\/figure>\n<p>Granit noir du Hebei<\/td>\n<td style=\"width: 144.75pt;\" width=\"193\">\n<figure id=\"attachment_5413\" class=\"wp-caption aligncenter\" style=\"width: 300px;\" aria-describedby=\"caption-attachment-5413\"><img loading=\"lazy\" decoding=\"async\" class=\"alignnone size-full wp-image-20890\" src=\"http:\/\/stone-phoenix.com\/wp-content\/uploads\/2023\/12\/1703881490.jpg\" width=\"300\" height=\"300\" srcset=\"https:\/\/stone-phoenix.com\/wp-content\/uploads\/2023\/12\/1703881490.jpg 300w, https:\/\/stone-phoenix.com\/wp-content\/uploads\/2023\/12\/1703881490-150x150.jpg 150w, https:\/\/stone-phoenix.com\/wp-content\/uploads\/2023\/12\/1703881490-12x12.jpg 12w\" sizes=\"(max-width: 300px) 100vw, 300px\" \/><\/figure>\n<p>Granit noir de l'Inde<\/td>\n<td style=\"width: 173.25pt;\" width=\"231\">\n<figure id=\"attachment_5414\" class=\"wp-caption aligncenter\" style=\"width: 300px;\" aria-describedby=\"caption-attachment-5414\"><img loading=\"lazy\" decoding=\"async\" class=\"alignnone size-full wp-image-20891\" src=\"http:\/\/stone-phoenix.com\/wp-content\/uploads\/2023\/12\/1703881490-1.jpg\" width=\"300\" height=\"300\" srcset=\"https:\/\/stone-phoenix.com\/wp-content\/uploads\/2023\/12\/1703881490-1.jpg 300w, https:\/\/stone-phoenix.com\/wp-content\/uploads\/2023\/12\/1703881490-1-150x150.jpg 150w, https:\/\/stone-phoenix.com\/wp-content\/uploads\/2023\/12\/1703881490-1-12x12.jpg 12w\" sizes=\"(max-width: 300px) 100vw, 300px\" \/><\/figure>\n<p>Granit noir de Shanxi<\/td>\n<\/tr>\n<\/tbody>\n<\/table>\n<\/div>","protected":false},"excerpt":{"rendered":"<p>Mongolia Black Granite Supplier Granite In Chinese\u00a0 As a trusted Mongolia Black Granite supplier, we are proud to offer this<\/p>","protected":false},"featured_media":20886,"template":"","meta":[],"product_cat":[112],"product_tag":[],"_links":{"self":[{"href":"https:\/\/stone-phoenix.com\/fr\/wp-json\/wp\/v2\/product\/20885"}],"collection":[{"href":"https:\/\/stone-phoenix.com\/fr\/wp-json\/wp\/v2\/product"}],"about":[{"href":"https:\/\/stone-phoenix.com\/fr\/wp-json\/wp\/v2\/types\/product"}],"wp:featuredmedia":[{"embeddable":true,"href":"https:\/\/stone-phoenix.com\/fr\/wp-json\/wp\/v2\/media\/20886"}],"wp:attachment":[{"href":"https:\/\/stone-phoenix.com\/fr\/wp-json\/wp\/v2\/media?parent=20885"}],"wp:term":[{"taxonomy":"product_cat","embeddable":true,"href":"https:\/\/stone-phoenix.com\/fr\/wp-json\/wp\/v2\/product_cat?post=20885"},{"taxonomy":"product_tag","embeddable":true,"href":"https:\/\/stone-phoenix.com\/fr\/wp-json\/wp\/v2\/product_tag?post=20885"}],"curies":[{"name":"wp","href":"https:\/\/api.w.org\/{rel}","templated":true}]}}