{"id":20892,"date":"2023-12-29T20:24:55","date_gmt":"2023-12-29T12:24:55","guid":{"rendered":"http:\/\/stone-phoenix.com\/product\/mongolian-black-granite-fair-price-absolute"},"modified":"2024-03-29T12:26:05","modified_gmt":"2024-03-29T04:26:05","slug":"mongolian-black-granite-fair-price-absolute","status":"publish","type":"product","link":"https:\/\/stone-phoenix.com\/fr\/produit\/mongolian-black-granite-fair-price-absolute","title":{"rendered":"Granit noir de Mongolie Fair Price Absolute"},"content":{"rendered":"<div id=\"tab-description\" class=\"woocommerce-Tabs-panel woocommerce-Tabs-panel--description panel entry-content wc-tab\" role=\"tabpanel\" aria-labelledby=\"tab-title-description\">\n<div id=\"ali-anchor-AliPostDhMb-6q8vw\" style=\"padding-top: 8px;\" data-section=\"AliPostDhMb-6q8vw\" data-section-title=\"Product Description\">\n<div>\n<p>Le granit noir de Mongolie est un type de pierre naturelle extrait en Mongolie, un pays enclav\u00e9 d'Asie de l'Est. Il s'agit d'un choix populaire pour les applications de design int\u00e9rieur et ext\u00e9rieur en raison de sa couleur unique, de sa texture et de sa durabilit\u00e9. La pierre a une couleur noire riche et profonde, avec de petites taches blanches irr\u00e9guli\u00e8res et une l\u00e9g\u00e8re brillance, ce qui lui conf\u00e8re un aspect luxueux et \u00e9l\u00e9gant.<\/p>\n<p>Le granit noir de Mongolie est principalement compos\u00e9 de quartz, de feldspath et de mica, ce qui lui conf\u00e8re ses caract\u00e9ristiques uniques. Cette pierre est connue pour sa grande durabilit\u00e9 et sa r\u00e9sistance \u00e0 l'usure, ce qui en fait un excellent choix pour les zones tr\u00e8s fr\u00e9quent\u00e9es telles que les sols et les plans de travail. Elle est \u00e9galement r\u00e9sistante \u00e0 la chaleur et aux rayures, ce qui en fait un choix populaire pour les comptoirs de cuisine et de salle de bains.<\/p>\n<p>Le granit noir de Mongolie peut \u00eatre utilis\u00e9 dans de nombreuses applications, qu'il s'agisse de rev\u00eatements de sol, de plans de travail, d'habillages de chemin\u00e9es ou de rev\u00eatements muraux. Il est \u00e9galement couramment utilis\u00e9 dans les espaces ext\u00e9rieurs, tels que les sols de patio et les abords de piscine, en raison de sa r\u00e9sistance aux intemp\u00e9ries et \u00e0 la d\u00e9coloration.<\/p>\n<p>Les caract\u00e9ristiques uniques du granit noir de Mongolie en font un choix populaire pour les styles de conception modernes et contemporains, ainsi que pour les styles traditionnels et classiques. Sa couleur noire profonde et ses mouchetures blanches peuvent ajouter du contraste et de la profondeur \u00e0 un espace, tandis que son chatoiement subtil peut cr\u00e9er un aspect \u00e9l\u00e9gant et sophistiqu\u00e9.<\/p>\n<p>Lors de la s\u00e9lection du granit noir de Mongolie, il est important de travailler avec un fournisseur r\u00e9put\u00e9 qui peut fournir une pierre de haute qualit\u00e9 et coh\u00e9rente. Il est \u00e9galement important de prendre en compte des facteurs tels que l'\u00e9paisseur, la finition et le motif lors de la s\u00e9lection de la pierre, car ils peuvent avoir un impact sur l'aspect g\u00e9n\u00e9ral et la sensation de la conception.<\/p>\n<\/div>\n<div id=\"ali-title-AliPostDhMb-6q8vw\" style=\"padding: 8px 0px; border-bottom: 1px solid #dddddd; text-align: left;\"><span style=\"background-color: #ddd; color: #333; font-weight: bold; padding: 8px 10px; line-height: 12px;\">Description du produit<\/span><\/div>\n<div style=\"padding: 10px 0px; text-align: left;\"><\/div>\n<div style=\"padding: 10px 0px; text-align: left;\">\n<table class=\"aliDataTable\" style=\"color: #000000; font-family: Arial; font-size: 12px; font-style: normal; font-weight: 400; background-color: #ffffff; width: 698px; height: 226px; border: 1px solid #b3b3b3;\">\n<tbody>\n<tr>\n<td style=\"border: 1px solid #707070; width: 159.663px;\"><strong><span style=\"font-family: arial, helvetica, sans-serif; font-size: 14px;\">Nom du produit :<\/span><\/strong><\/td>\n<td style=\"border: 1px solid #707070; width: 553.337px;\">Monggolian Black<\/td>\n<\/tr>\n<tr>\n<td style=\"border: 1px solid #707070; width: 159.663px;\"><strong><span style=\"font-family: arial, helvetica, sans-serif; font-size: 14px;\">Mat\u00e9riau :<\/span><\/strong><\/td>\n<td style=\"border: 1px solid #707070; width: 553.337px;\"><span style=\"font-size: 14px;\">Granit<\/span><\/td>\n<\/tr>\n<tr>\n<td style=\"border: 1px solid #707070; width: 159.663px;\"><strong><span style=\"font-family: arial, helvetica, sans-serif; font-size: 14px;\">Couleur :<\/span><\/strong><\/td>\n<td style=\"border: 1px solid #707070; width: 553.337px;\"><span style=\"font-family: arial, helvetica, sans-serif; font-size: 14px;\">Blanc, noir, jaune, rouge, rose, gris, brun, bleu, vert, etc.<\/span><\/td>\n<\/tr>\n<tr>\n<td style=\"border: 1px solid #707070; width: 159.663px;\" rowspan=\"3\"><strong><span style=\"font-family: arial, helvetica, sans-serif; font-size: 14px;\">Taille :<\/span><\/strong><\/td>\n<td style=\"border: 1px solid #707070; width: 553.337px;\"><span style=\"text-decoration: underline;\"><span style=\"font-size: 14px;\">Carreaux disponibles <\/span><\/span><br \/>\n<span style=\"font-size: 14px;\">12\u2019x12\u2033,24\u2019x24\u2033,12\u2019x24\u2033,etc <\/span><span style=\"font-size: 14px;\">300x300mm,300x600mm,400x400mm,600x600mm,etc<\/span><\/td>\n<\/tr>\n<tr>\n<td style=\"border: 1px solid #707070; width: 553.337px;\"><span style=\"text-decoration: underline;\"><span style=\"font-size: 14px;\">Dalles disponibles <\/span><\/span><\/p>\n<p><span style=\"font-size: 14px;\">180cmUpx60UP,180cmUpx65cmUP,180cmUpx70cmUP,etc<\/span><br \/>\n<span style=\"font-size: 14px;\">240cmUpx120cmUP,etc<\/span><\/td>\n<\/tr>\n<tr>\n<td style=\"border: 1px solid #707070; width: 553.337px;\"><span style=\"font-family: arial, helvetica, sans-serif; font-size: 14px;\">Des sp\u00e9cifications personnalis\u00e9es sont disponibles<\/span><\/td>\n<\/tr>\n<tr>\n<td style=\"border: 1px solid #707070; width: 159.663px;\"><strong><span style=\"font-family: arial, helvetica, sans-serif; font-size: 14px;\">Tol\u00e9rance d'\u00e9paisseur :<\/span><\/strong><\/td>\n<td style=\"border: 1px solid #707070; width: 553.337px;\"><span style=\"font-family: arial, helvetica, sans-serif; font-size: 14px;\">\u00b10,05mm, \u00b11mm, \u00b11,5mm, \u00b12mm, selon les exigences de qualit\u00e9 du client<\/span><\/td>\n<\/tr>\n<tr>\n<td style=\"border: 1px solid #707070; width: 159.663px;\"><strong><span style=\"font-family: arial, helvetica, sans-serif; font-size: 14px;\">Surface :<\/span><\/strong><\/td>\n<td style=\"border: 1px solid #707070; width: 553.337px;\"><span style=\"font-family: arial, helvetica, sans-serif; font-size: 14px;\">P<\/span><span style=\"font-size: 14px;\">ol\u00e9, adouci, flamm\u00e9, sabl\u00e9, bouchard\u00e9, fendu naturel, flamm\u00e9 et bross\u00e9, etc.<\/span><\/td>\n<\/tr>\n<tr>\n<td style=\"border: 1px solid #707070; width: 159.663px;\"><strong><span style=\"font-family: arial, helvetica, sans-serif; font-size: 14px;\">Emballage :<\/span><\/strong><\/td>\n<td style=\"border: 1px solid #707070; width: 553.337px;\"><span style=\"font-size: 14px;\">Palettes en bois en \u00e9tat de navigabilit\u00e9, fardeaux en bois et caisses en bois<\/span><\/td>\n<\/tr>\n<tr>\n<td style=\"border: 1px solid #707070; width: 159.663px;\"><strong><span style=\"font-family: arial, helvetica, sans-serif; font-size: 14px;\">Application :<\/span><\/strong><\/td>\n<td style=\"border: 1px solid #707070; width: 553.337px;\"><span style=\"font-family: arial, helvetica, sans-serif; font-size: 14px;\">Sol, mur, motif, comptoir, d\u00e9coration int\u00e9rieure et ext\u00e9rieure<\/span><\/td>\n<\/tr>\n<tr>\n<td style=\"border: 1px solid #707070; width: 159.663px;\"><strong><span style=\"font-family: arial, helvetica, sans-serif; font-size: 14px;\">D\u00e9lai de livraison :<\/span><\/strong><\/td>\n<td style=\"border: 1px solid #707070; width: 553.337px;\"><span style=\"font-size: 14px;\">15-20 jours pour l'enregistrement<\/span><span style=\"font-family: arial, helvetica, sans-serif; font-size: 14px;\">tailles lar<\/span><\/td>\n<\/tr>\n<tr>\n<td style=\"border: 1px solid #707070; width: 159.663px;\"><strong><span style=\"font-family: arial, helvetica, sans-serif; font-size: 14px;\">Certificat :<\/span><\/strong><\/td>\n<td style=\"border: 1px solid #707070; width: 553.337px;\"><span style=\"font-family: arial, helvetica, sans-serif; font-size: 14px;\">CE, SGS<\/span><\/td>\n<\/tr>\n<tr>\n<td style=\"border: 1px solid #707070; width: 159.663px;\"><strong><span style=\"font-family: arial, helvetica, sans-serif; font-size: 14px;\">Conditions de paiement :<\/span><\/strong><\/td>\n<td style=\"border: 1px solid #707070; width: 553.337px;\"><span style=\"font-size: 14px;\">T\/T, L\/C, D<span style=\"color: #000000; font-family: Verdana, Arial, Helvetica, sans-serif; font-size: 14px; font-style: normal; font-weight: 400; background-color: #ffffff; float: none;\">\/<\/span>P<\/span><\/td>\n<\/tr>\n<tr>\n<td style=\"border: 1px solid #707070; width: 159.663px;\"><strong><span style=\"font-family: arial, helvetica, sans-serif; font-size: 14px;\">Avantage :<\/span><\/strong><\/td>\n<td style=\"border: 1px solid #707070; width: 553.337px;\"><span style=\"font-family: arial, helvetica, sans-serif; font-size: 14px;\">1) Service unique pour la pierre ;<\/span><\/p>\n<p><span style=\"font-family: arial, helvetica, sans-serif; font-size: 14px;\">2) poss\u00e8dent 3 carri\u00e8res et 9 usines ;<\/span><\/p>\n<p><span style=\"font-family: arial, helvetica, sans-serif; font-size: 14px;\">3) Des supports technologiques de pointe.<\/span><\/td>\n<\/tr>\n<tr>\n<td style=\"border: 1px solid #707070; width: 159.663px;\"><strong><span style=\"font-family: arial, helvetica, sans-serif; font-size: 14px;\">Assurance de la qualit\u00e9 et de la livraison :\u00a0<\/span><\/strong><\/td>\n<td style=\"border: 1px solid #707070; width: 553.337px;\"><span style=\"font-size: 14px;\">Tout au long du processus de production, du choix des mat\u00e9riaux \u00e0 l'emballage en passant par la fabrication, notre service de contr\u00f4le de la qualit\u00e9 contr\u00f4le rigoureusement chaque pi\u00e8ce et chaque processus afin de garantir le respect des normes de qualit\u00e9 et le respect des d\u00e9lais de livraison.<\/span><\/td>\n<\/tr>\n<\/tbody>\n<\/table>\n<\/div>\n<div style=\"padding: 10px 0px; text-align: left;\">\n<p><strong><span style=\"font-size: 18px;\">Prix absolu du granit noir mongolien de Chine<\/span><\/strong><\/p>\n<p><img loading=\"lazy\" decoding=\"async\" class=\"alignnone size-full wp-image-26871\" src=\"http:\/\/stone-phoenix.com\/wp-content\/uploads\/2023\/12\/Mongolian-Black-Granite-Fair-Price-Absolute-7.jpg\" alt=\"\" width=\"1120\" height=\"841\" srcset=\"https:\/\/stone-phoenix.com\/wp-content\/uploads\/2023\/12\/Mongolian-Black-Granite-Fair-Price-Absolute-7.jpg 1120w, https:\/\/stone-phoenix.com\/wp-content\/uploads\/2023\/12\/Mongolian-Black-Granite-Fair-Price-Absolute-7-300x225.jpg 300w, https:\/\/stone-phoenix.com\/wp-content\/uploads\/2023\/12\/Mongolian-Black-Granite-Fair-Price-Absolute-7-1024x769.jpg 1024w, https:\/\/stone-phoenix.com\/wp-content\/uploads\/2023\/12\/Mongolian-Black-Granite-Fair-Price-Absolute-7-768x577.jpg 768w, https:\/\/stone-phoenix.com\/wp-content\/uploads\/2023\/12\/Mongolian-Black-Granite-Fair-Price-Absolute-7-16x12.jpg 16w, https:\/\/stone-phoenix.com\/wp-content\/uploads\/2023\/12\/Mongolian-Black-Granite-Fair-Price-Absolute-7-600x451.jpg 600w, https:\/\/stone-phoenix.com\/wp-content\/uploads\/2023\/12\/Mongolian-Black-Granite-Fair-Price-Absolute-7-150x113.jpg 150w\" sizes=\"(max-width: 1120px) 100vw, 1120px\" \/><img loading=\"lazy\" decoding=\"async\" class=\"alignnone wp-image-26872\" src=\"http:\/\/stone-phoenix.com\/wp-content\/uploads\/2023\/12\/Mongolian-Black-Granite-Fair-Price-Absolute-6-1.jpg\" alt=\"\" width=\"956\" height=\"719\" srcset=\"https:\/\/stone-phoenix.com\/wp-content\/uploads\/2023\/12\/Mongolian-Black-Granite-Fair-Price-Absolute-6-1.jpg 690w, https:\/\/stone-phoenix.com\/wp-content\/uploads\/2023\/12\/Mongolian-Black-Granite-Fair-Price-Absolute-6-1-300x226.jpg 300w, https:\/\/stone-phoenix.com\/wp-content\/uploads\/2023\/12\/Mongolian-Black-Granite-Fair-Price-Absolute-6-1-16x12.jpg 16w, https:\/\/stone-phoenix.com\/wp-content\/uploads\/2023\/12\/Mongolian-Black-Granite-Fair-Price-Absolute-6-1-600x451.jpg 600w, https:\/\/stone-phoenix.com\/wp-content\/uploads\/2023\/12\/Mongolian-Black-Granite-Fair-Price-Absolute-6-1-150x113.jpg 150w\" sizes=\"(max-width: 956px) 100vw, 956px\" \/><img loading=\"lazy\" decoding=\"async\" class=\"alignnone size-full wp-image-26873\" src=\"http:\/\/stone-phoenix.com\/wp-content\/uploads\/2023\/12\/Mongolian-Black-Granite-Fair-Price-Absolute-8.jpg\" alt=\"\" width=\"1113\" height=\"831\" srcset=\"https:\/\/stone-phoenix.com\/wp-content\/uploads\/2023\/12\/Mongolian-Black-Granite-Fair-Price-Absolute-8.jpg 1113w, https:\/\/stone-phoenix.com\/wp-content\/uploads\/2023\/12\/Mongolian-Black-Granite-Fair-Price-Absolute-8-300x224.jpg 300w, https:\/\/stone-phoenix.com\/wp-content\/uploads\/2023\/12\/Mongolian-Black-Granite-Fair-Price-Absolute-8-1024x765.jpg 1024w, https:\/\/stone-phoenix.com\/wp-content\/uploads\/2023\/12\/Mongolian-Black-Granite-Fair-Price-Absolute-8-768x573.jpg 768w, https:\/\/stone-phoenix.com\/wp-content\/uploads\/2023\/12\/Mongolian-Black-Granite-Fair-Price-Absolute-8-16x12.jpg 16w, https:\/\/stone-phoenix.com\/wp-content\/uploads\/2023\/12\/Mongolian-Black-Granite-Fair-Price-Absolute-8-600x448.jpg 600w, https:\/\/stone-phoenix.com\/wp-content\/uploads\/2023\/12\/Mongolian-Black-Granite-Fair-Price-Absolute-8-150x112.jpg 150w\" sizes=\"(max-width: 1113px) 100vw, 1113px\" \/><\/p>\n<\/div>\n<\/div>\n<\/div>","protected":false},"excerpt":{"rendered":"<p>Mongolian Black Granite is a type of natural stone that is quarried in Mongolia, a landlocked country in East Asia.<\/p>","protected":false},"featured_media":26865,"template":"","meta":[],"product_cat":[112],"product_tag":[],"_links":{"self":[{"href":"https:\/\/stone-phoenix.com\/fr\/wp-json\/wp\/v2\/product\/20892"}],"collection":[{"href":"https:\/\/stone-phoenix.com\/fr\/wp-json\/wp\/v2\/product"}],"about":[{"href":"https:\/\/stone-phoenix.com\/fr\/wp-json\/wp\/v2\/types\/product"}],"wp:featuredmedia":[{"embeddable":true,"href":"https:\/\/stone-phoenix.com\/fr\/wp-json\/wp\/v2\/media\/26865"}],"wp:attachment":[{"href":"https:\/\/stone-phoenix.com\/fr\/wp-json\/wp\/v2\/media?parent=20892"}],"wp:term":[{"taxonomy":"product_cat","embeddable":true,"href":"https:\/\/stone-phoenix.com\/fr\/wp-json\/wp\/v2\/product_cat?post=20892"},{"taxonomy":"product_tag","embeddable":true,"href":"https:\/\/stone-phoenix.com\/fr\/wp-json\/wp\/v2\/product_tag?post=20892"}],"curies":[{"name":"wp","href":"https:\/\/api.w.org\/{rel}","templated":true}]}}