{"id":20912,"date":"2023-12-29T20:25:31","date_gmt":"2023-12-29T12:25:31","guid":{"rendered":"http:\/\/stone-phoenix.com\/product\/natural-paving-stone-driveway-cheap"},"modified":"2024-03-29T10:36:47","modified_gmt":"2024-03-29T02:36:47","slug":"natural-paving-stone-driveway-cheap","status":"publish","type":"product","link":"https:\/\/stone-phoenix.com\/fr\/produit\/natural-paving-stone-driveway-cheap","title":{"rendered":"Pav\u00e9 naturel All\u00e9e bon march\u00e9"},"content":{"rendered":"<div id=\"tab-description\" class=\"woocommerce-Tabs-panel woocommerce-Tabs-panel--description panel entry-content wc-tab\" role=\"tabpanel\" aria-labelledby=\"tab-title-description\">\n<div id=\"ali-anchor-AliPostDhMb-10ic2\" style=\"padding-top: 8px;\" data-section=\"AliPostDhMb-10ic2\" data-section-title=\"Product Description\">\n<div>\n<h2>Pav\u00e9 naturel All\u00e9e bon march\u00e9<\/h2>\n<p>Le pavage naturel est un type de produit de pavage fabriqu\u00e9 \u00e0 partir de pierres naturelles provenant de carri\u00e8res du monde entier. Ces pierres sont ensuite trait\u00e9es et taill\u00e9es \u00e0 la taille et \u00e0 la forme souhait\u00e9es pour \u00eatre utilis\u00e9es comme pav\u00e9s. Le pavage naturel est un choix populaire pour les projets d'am\u00e9nagement paysager r\u00e9sidentiels et commerciaux en raison de sa durabilit\u00e9, de sa polyvalence et de son attrait esth\u00e9tique.<\/p>\n<p>L'un des principaux avantages de la pierre naturelle est sa durabilit\u00e9. La pierre naturelle est incroyablement solide et peut r\u00e9sister \u00e0 un trafic pi\u00e9tonnier intense, \u00e0 des conditions climatiques difficiles et \u00e0 d'autres formes d'usure. C'est donc un choix id\u00e9al pour les zones tr\u00e8s fr\u00e9quent\u00e9es telles que les all\u00e9es, les voies d'acc\u00e8s et les terrasses.<\/p>\n<p>Outre sa durabilit\u00e9, le pavage naturel est \u00e9galement tr\u00e8s polyvalent. Il existe dans une large gamme de couleurs, de textures et de formes, ce qui permet de le personnaliser pour r\u00e9pondre aux besoins uniques de tout projet d'am\u00e9nagement paysager. Cette polyvalence permet \u00e9galement d'utiliser le pavage naturel dans une grande vari\u00e9t\u00e9 de styles de conception, du traditionnel au moderne.<\/p>\n<p>Du point de vue de la conception, le pavage naturel est tr\u00e8s recherch\u00e9 pour son attrait esth\u00e9tique. Sa beaut\u00e9 naturelle ajoute un \u00e9l\u00e9ment de sophistication et d'\u00e9l\u00e9gance \u00e0 tout projet d'am\u00e9nagement paysager. Qu'il soit utilis\u00e9 pour cr\u00e9er une all\u00e9e rustique dans un jardin ou pour cr\u00e9er un patio moderne et \u00e9l\u00e9gant, il ne manquera pas d'impressionner.<\/p>\n<p>Dans l'ensemble, le pavage naturel est un choix tr\u00e8s durable, polyvalent et esth\u00e9tique pour tout projet d'am\u00e9nagement paysager. Gr\u00e2ce \u00e0 sa beaut\u00e9 naturelle et \u00e0 sa durabilit\u00e9, il ne manquera pas de rehausser l'aspect et la convivialit\u00e9 de tout espace ext\u00e9rieur.<\/p>\n<\/div>\n<div id=\"ali-title-AliPostDhMb-10ic2\" style=\"padding: 8px 0; border-bottom: 1px solid #ddd;\"><span style=\"background-color: #ddd; color: #333; font-weight: bold; padding: 8px 10px; line-height: 12px;\">Description du produit<\/span><\/div>\n<div style=\"padding: 10px 0;\">\n<table class=\"aliDataTable\" style=\"color: #000000; font-family: Arial; font-size: 12px; font-style: normal; font-weight: 400; background-color: #ffffff; width: 750px; height: 226px; border: 1px solid #b3b3b3;\">\n<tbody>\n<tr style=\"height: 42px;\">\n<td style=\"border: 1px solid #b3b3b3; width: 162px; height: 42px;\"><strong><span style=\"font-family: arial, helvetica, sans-serif; font-size: 14px;\">Nom du produit :<\/span><\/strong><\/td>\n<td style=\"border: 1px solid #b3b3b3; width: 595.066px; height: 42px;\"><span style=\"font-family: arial, helvetica, sans-serif; font-size: 14px;\">Divers pav\u00e9s en granit<\/span><\/td>\n<\/tr>\n<tr style=\"height: 21px;\">\n<td style=\"border: 1px solid #b3b3b3; width: 162px; height: 21px;\"><strong><span style=\"font-family: arial, helvetica, sans-serif; font-size: 14px;\">Mat\u00e9riau :<\/span><\/strong><\/td>\n<td style=\"border: 1px solid #b3b3b3; width: 595.066px; height: 21px;\"><span style=\"font-family: arial, helvetica, sans-serif; font-size: 14px;\">Granit G562, granit G603, granit G654, granit G682, etc.<\/span><\/td>\n<\/tr>\n<tr style=\"height: 44px;\">\n<td style=\"border: 1px solid #b3b3b3; width: 162px; height: 65px;\" rowspan=\"2\">\n<p style=\"margin: 0px; padding: 0px;\"><strong><span style=\"font-family: arial, helvetica, sans-serif; font-size: 14px;\">Taille :<\/span><\/strong><\/p>\n<\/td>\n<td style=\"border: 1px solid #b3b3b3; width: 595.066px; height: 44px;\"><span style=\"font-size: 14px;\">Tailles<\/span><br \/>\n<span style=\"font-size: 14px;\">5X5X5CM,8X8X8CM,9X9X9CM,10X10X10CM,10x10x5cm,<\/span><\/p>\n<p><span style=\"font-size: 14px;\">10x20x5cm,9.5\u00d79.5x4CM,19.5\u00d719.5x4CM,22X11X5CM,<\/span><\/p>\n<p><span style=\"font-size: 14px;\">16.5X11.5X5CM,19.7X19.7X8CM,14.5X14.5X8CM,16X16X16CM,<\/span><\/p>\n<p><span style=\"font-size: 14px;\">22X16X16CM,27x18x9cm,18x18x9cm,18x18x18CM <\/span><\/p>\n<p><span style=\"font-size: 14px;\">ou sur mesure<\/span><\/td>\n<\/tr>\n<tr style=\"height: 21px;\">\n<td style=\"border: 1px solid #b3b3b3; width: 595.066px; height: 21px;\"><span style=\"font-family: arial, helvetica, sans-serif; font-size: 14px;\">Des sp\u00e9cifications personnalis\u00e9es sont disponibles<\/span><\/td>\n<\/tr>\n<tr style=\"height: 42px;\">\n<td style=\"border: 1px solid #b3b3b3; width: 162px; height: 42px;\"><strong><span style=\"font-family: arial, helvetica, sans-serif; font-size: 14px;\">Tol\u00e9rance d'\u00e9paisseur :<\/span><\/strong><\/td>\n<td style=\"border: 1px solid #b3b3b3; width: 595.066px; height: 42px;\"><span style=\"font-size: 14px; font-family: arial, helvetica, sans-serif;\">\u00b11mm, \u00b11,5mm, \u00b12mm, selon les exigences de qualit\u00e9 du client<\/span><\/td>\n<\/tr>\n<tr style=\"height: 126px;\">\n<td style=\"border: 1px solid #b3b3b3; width: 162px; height: 126px;\">\n<p style=\"margin: 0px; padding: 0px;\"><strong><span style=\"font-family: arial, helvetica, sans-serif; font-size: 14px;\">Surface :<\/span><\/strong><\/p>\n<\/td>\n<td style=\"border: 1px solid #b3b3b3; width: 595.066px; height: 126px;\"><span style=\"font-size: 14px;\">Finition<\/span><br \/>\n<span style=\"font-size: 14px;\">a. Fente naturelle sur tous les c\u00f4t\u00e9s<\/span><br \/>\n<span style=\"font-size: 14px;\">b. Toutes les faces sont sci\u00e9es<\/span><br \/>\n<span style=\"font-size: 14px;\">c. 5 c\u00f4t\u00e9s coup\u00e9s \u00e0 la scie, surface fendue naturellement<\/span><br \/>\n<span style=\"font-size: 14px;\">d. 5 faces coup\u00e9es \u00e0 la scie, surface flamm\u00e9e<\/span><br \/>\n<span style=\"font-size: 14px;\">e. 4 c\u00f4t\u00e9s coup\u00e9s \u00e0 la scie, fendu naturel en haut, tambourin\u00e9, dos en maille\u00a0<\/span><\/td>\n<\/tr>\n<tr style=\"height: 21px;\">\n<td style=\"border: 1px solid #b3b3b3; width: 162px; height: 21px;\"><strong><span style=\"font-family: arial, helvetica, sans-serif; font-size: 14px;\">Emballage :<\/span><\/strong><\/td>\n<td style=\"border: 1px solid #b3b3b3; width: 595.066px; height: 21px;\"><span style=\"font-family: arial, helvetica, sans-serif; font-size: 14px;\">Fardeaux et caisses en bois en \u00e9tat de navigabilit\u00e9<\/span><\/td>\n<\/tr>\n<tr style=\"height: 21px;\">\n<td style=\"border: 1px solid #b3b3b3; width: 162px; height: 21px;\"><strong><span style=\"font-family: arial, helvetica, sans-serif; font-size: 14px;\">Application :<\/span><\/strong><\/td>\n<td style=\"border: 1px solid #b3b3b3; width: 595.066px; height: 21px;\"><span style=\"font-family: arial, helvetica, sans-serif; font-size: 14px;\">Largement utilis\u00e9 pour la d\u00e9coration int\u00e9rieure et ext\u00e9rieure<\/span><\/td>\n<\/tr>\n<tr style=\"height: 42px;\">\n<td style=\"border: 1px solid #b3b3b3; width: 162px; height: 42px;\"><strong><span style=\"font-family: arial, helvetica, sans-serif; font-size: 14px;\">D\u00e9lai de livraison :<\/span><\/strong><\/td>\n<td style=\"border: 1px solid #b3b3b3; width: 595.066px; height: 42px;\"><span style=\"font-family: arial, helvetica, sans-serif; font-size: 14px;\">15-20 jours pour les tailles normales<\/span><\/td>\n<\/tr>\n<tr style=\"height: 21px;\">\n<td style=\"border: 1px solid #b3b3b3; width: 162px; height: 21px;\">\n<p style=\"margin: 0px; padding: 0px;\"><strong><span style=\"font-family: arial, helvetica, sans-serif; font-size: 14px;\">Certificat :<\/span><\/strong><\/p>\n<\/td>\n<td style=\"border: 1px solid #b3b3b3; width: 595.066px; height: 21px;\"><span style=\"font-family: arial, helvetica, sans-serif; font-size: 14px;\">CE, SGS<\/span><\/td>\n<\/tr>\n<tr style=\"height: 42px;\">\n<td style=\"border: 1px solid #b3b3b3; width: 162px; height: 42px;\">\n<p style=\"margin: 0px; padding: 0px;\"><strong><span style=\"font-family: arial, helvetica, sans-serif; font-size: 14px;\">Conditions de paiement :<\/span><\/strong><\/p>\n<\/td>\n<td style=\"border: 1px solid #b3b3b3; width: 595.066px; height: 42px;\"><span style=\"font-family: arial, helvetica, sans-serif; font-size: 14px;\">T\/T, L\/C, D\/P<\/span><\/td>\n<\/tr>\n<tr style=\"height: 63px;\">\n<td style=\"border: 1px solid #b3b3b3; width: 162px; height: 63px;\"><strong><span style=\"font-family: arial, helvetica, sans-serif; font-size: 14px;\">Avantage :<\/span><\/strong><\/td>\n<td style=\"border: 1px solid #b3b3b3; width: 595.066px; height: 63px;\">\n<p style=\"margin: 0px; padding: 0px;\"><span style=\"font-family: arial, helvetica, sans-serif; font-size: 14px;\">1) Service unique pour la pierre ;<\/span><\/p>\n<p style=\"margin: 0px; padding: 0px;\"><span style=\"font-family: arial, helvetica, sans-serif; font-size: 14px;\">2) Poss\u00e9der 3 carri\u00e8res et 9 usines ;<\/span><\/p>\n<p style=\"margin: 0px; padding: 0px;\"><span style=\"font-family: arial, helvetica, sans-serif; font-size: 14px;\">3) Soutien \u00e0 la conception et \u00e0 la technologie.<\/span><\/p>\n<\/td>\n<\/tr>\n<tr style=\"height: 84px;\">\n<td style=\"border: 1px solid #b3b3b3; width: 162px; height: 84px;\"><strong><span style=\"font-family: arial, helvetica, sans-serif; font-size: 14px;\">Assurance de la qualit\u00e9 et de la livraison :\u00a0<\/span><\/strong><\/td>\n<td style=\"border: 1px solid #b3b3b3; width: 595.066px; height: 84px;\">\n<p style=\"margin: 0px; padding: 0px;\"><span style=\"font-family: arial, helvetica, sans-serif; font-size: 14px;\">Tout au long du processus de production, du choix des mat\u00e9riaux \u00e0 l'emballage en passant par la fabrication, notre service de contr\u00f4le de la qualit\u00e9 contr\u00f4le rigoureusement chaque pi\u00e8ce et chaque processus afin de garantir le respect des normes de qualit\u00e9 et le respect des d\u00e9lais de livraison.<\/span><\/p>\n<\/td>\n<\/tr>\n<\/tbody>\n<\/table>\n<p><img loading=\"lazy\" decoding=\"async\" class=\"alignnone size-full wp-image-26846\" src=\"http:\/\/stone-phoenix.com\/wp-content\/uploads\/2023\/12\/Natural-Paving-Stone-Driveway-Cheap-10.jpg\" alt=\"\" width=\"832\" height=\"1029\" srcset=\"https:\/\/stone-phoenix.com\/wp-content\/uploads\/2023\/12\/Natural-Paving-Stone-Driveway-Cheap-10.jpg 832w, https:\/\/stone-phoenix.com\/wp-content\/uploads\/2023\/12\/Natural-Paving-Stone-Driveway-Cheap-10-243x300.jpg 243w, https:\/\/stone-phoenix.com\/wp-content\/uploads\/2023\/12\/Natural-Paving-Stone-Driveway-Cheap-10-828x1024.jpg 828w, https:\/\/stone-phoenix.com\/wp-content\/uploads\/2023\/12\/Natural-Paving-Stone-Driveway-Cheap-10-768x950.jpg 768w, https:\/\/stone-phoenix.com\/wp-content\/uploads\/2023\/12\/Natural-Paving-Stone-Driveway-Cheap-10-10x12.jpg 10w, https:\/\/stone-phoenix.com\/wp-content\/uploads\/2023\/12\/Natural-Paving-Stone-Driveway-Cheap-10-600x742.jpg 600w, https:\/\/stone-phoenix.com\/wp-content\/uploads\/2023\/12\/Natural-Paving-Stone-Driveway-Cheap-10-150x186.jpg 150w\" sizes=\"(max-width: 832px) 100vw, 832px\" \/><img loading=\"lazy\" decoding=\"async\" class=\"alignnone  wp-image-26847\" src=\"http:\/\/stone-phoenix.com\/wp-content\/uploads\/2023\/12\/Natural-Paving-Stone-Driveway-Cheap-7.jpg\" alt=\"\" width=\"832\" height=\"865\" srcset=\"https:\/\/stone-phoenix.com\/wp-content\/uploads\/2023\/12\/Natural-Paving-Stone-Driveway-Cheap-7.jpg 825w, https:\/\/stone-phoenix.com\/wp-content\/uploads\/2023\/12\/Natural-Paving-Stone-Driveway-Cheap-7-288x300.jpg 288w, https:\/\/stone-phoenix.com\/wp-content\/uploads\/2023\/12\/Natural-Paving-Stone-Driveway-Cheap-7-768x799.jpg 768w, https:\/\/stone-phoenix.com\/wp-content\/uploads\/2023\/12\/Natural-Paving-Stone-Driveway-Cheap-7-12x12.jpg 12w, https:\/\/stone-phoenix.com\/wp-content\/uploads\/2023\/12\/Natural-Paving-Stone-Driveway-Cheap-7-600x624.jpg 600w, https:\/\/stone-phoenix.com\/wp-content\/uploads\/2023\/12\/Natural-Paving-Stone-Driveway-Cheap-7-150x156.jpg 150w\" sizes=\"(max-width: 832px) 100vw, 832px\" \/><img loading=\"lazy\" decoding=\"async\" class=\"alignnone  wp-image-26848\" src=\"http:\/\/stone-phoenix.com\/wp-content\/uploads\/2023\/12\/Natural-Paving-Stone-Driveway-Cheap-9.jpg\" alt=\"\" width=\"832\" height=\"625\" srcset=\"https:\/\/stone-phoenix.com\/wp-content\/uploads\/2023\/12\/Natural-Paving-Stone-Driveway-Cheap-9.jpg 1110w, https:\/\/stone-phoenix.com\/wp-content\/uploads\/2023\/12\/Natural-Paving-Stone-Driveway-Cheap-9-300x225.jpg 300w, https:\/\/stone-phoenix.com\/wp-content\/uploads\/2023\/12\/Natural-Paving-Stone-Driveway-Cheap-9-1024x769.jpg 1024w, https:\/\/stone-phoenix.com\/wp-content\/uploads\/2023\/12\/Natural-Paving-Stone-Driveway-Cheap-9-768x577.jpg 768w, https:\/\/stone-phoenix.com\/wp-content\/uploads\/2023\/12\/Natural-Paving-Stone-Driveway-Cheap-9-16x12.jpg 16w, https:\/\/stone-phoenix.com\/wp-content\/uploads\/2023\/12\/Natural-Paving-Stone-Driveway-Cheap-9-600x451.jpg 600w, https:\/\/stone-phoenix.com\/wp-content\/uploads\/2023\/12\/Natural-Paving-Stone-Driveway-Cheap-9-150x113.jpg 150w\" sizes=\"(max-width: 832px) 100vw, 832px\" \/><img loading=\"lazy\" decoding=\"async\" class=\"alignnone size-full wp-image-26849\" src=\"http:\/\/stone-phoenix.com\/wp-content\/uploads\/2023\/12\/Natural-Paving-Stone-Driveway-Cheap-8.jpg\" alt=\"\" width=\"837\" height=\"979\" srcset=\"https:\/\/stone-phoenix.com\/wp-content\/uploads\/2023\/12\/Natural-Paving-Stone-Driveway-Cheap-8.jpg 837w, https:\/\/stone-phoenix.com\/wp-content\/uploads\/2023\/12\/Natural-Paving-Stone-Driveway-Cheap-8-256x300.jpg 256w, https:\/\/stone-phoenix.com\/wp-content\/uploads\/2023\/12\/Natural-Paving-Stone-Driveway-Cheap-8-768x898.jpg 768w, https:\/\/stone-phoenix.com\/wp-content\/uploads\/2023\/12\/Natural-Paving-Stone-Driveway-Cheap-8-10x12.jpg 10w, https:\/\/stone-phoenix.com\/wp-content\/uploads\/2023\/12\/Natural-Paving-Stone-Driveway-Cheap-8-600x702.jpg 600w, https:\/\/stone-phoenix.com\/wp-content\/uploads\/2023\/12\/Natural-Paving-Stone-Driveway-Cheap-8-150x175.jpg 150w\" sizes=\"(max-width: 837px) 100vw, 837px\" \/><\/p>\n<\/div>\n<\/div>\n<\/div>","protected":false},"excerpt":{"rendered":"<p>Natural Paving Stone Driveway Cheap Natural paving is a type of paving product made from natural stone that is sourced<\/p>","protected":false},"featured_media":26840,"template":"","meta":[],"product_cat":[112],"product_tag":[],"_links":{"self":[{"href":"https:\/\/stone-phoenix.com\/fr\/wp-json\/wp\/v2\/product\/20912"}],"collection":[{"href":"https:\/\/stone-phoenix.com\/fr\/wp-json\/wp\/v2\/product"}],"about":[{"href":"https:\/\/stone-phoenix.com\/fr\/wp-json\/wp\/v2\/types\/product"}],"wp:featuredmedia":[{"embeddable":true,"href":"https:\/\/stone-phoenix.com\/fr\/wp-json\/wp\/v2\/media\/26840"}],"wp:attachment":[{"href":"https:\/\/stone-phoenix.com\/fr\/wp-json\/wp\/v2\/media?parent=20912"}],"wp:term":[{"taxonomy":"product_cat","embeddable":true,"href":"https:\/\/stone-phoenix.com\/fr\/wp-json\/wp\/v2\/product_cat?post=20912"},{"taxonomy":"product_tag","embeddable":true,"href":"https:\/\/stone-phoenix.com\/fr\/wp-json\/wp\/v2\/product_tag?post=20912"}],"curies":[{"name":"wp","href":"https:\/\/api.w.org\/{rel}","templated":true}]}}