{"id":20937,"date":"2023-12-29T20:26:15","date_gmt":"2023-12-29T12:26:15","guid":{"rendered":"http:\/\/stone-phoenix.com\/product\/premium-black-granite-outdoor-natural-stone"},"modified":"2024-03-29T09:17:28","modified_gmt":"2024-03-29T01:17:28","slug":"premium-black-granite-outdoor-natural-stone","status":"publish","type":"product","link":"https:\/\/stone-phoenix.com\/fr\/produit\/premium-black-granite-outdoor-natural-stone","title":{"rendered":"Premium Black Granite Outdoor Natural Stone"},"content":{"rendered":"<div id=\"tab-description\" class=\"woocommerce-Tabs-panel woocommerce-Tabs-panel--description panel entry-content wc-tab\" role=\"tabpanel\" aria-labelledby=\"tab-title-description\">\n<div id=\"ali-anchor-AliPostDhMb-6q8vw\" style=\"padding-top: 8px;\" data-section=\"AliPostDhMb-6q8vw\" data-section-title=\"Product Description\">\n<h2>Premium Black Granite Outdoor Natural Stone<\/h2>\n<p>Le granit noir de qualit\u00e9 sup\u00e9rieure est compos\u00e9 de quartz, de feldspath et de mica. Il s'agit d'un composite de grains min\u00e9raux qui sont broy\u00e9s en une fine poudre, puis m\u00e9lang\u00e9s \u00e0 un liant \u00e0 embo\u00eetement pour former le produit final. Ce proc\u00e9d\u00e9 le rend plus cher mais lui conf\u00e8re une plus grande r\u00e9sistance que le granit traditionnel.<\/p>\n<p>Premium Black Granite - un luxueux granit sombre et brillant, tr\u00e8s r\u00e9sistant aux rayures et aux UV. Avec un large \u00e9ventail de finitions adoucies, polies et tambourin\u00e9es, ce marbre intemporel est id\u00e9al pour les plans de travail de cuisine, les vanit\u00e9s de salle de bains ainsi que les abords de piscines et de spas.<\/p>\n<p>Il ne s'agit pas de noirs ordinaires, mais de noirs de qualit\u00e9 sup\u00e9rieure sp\u00e9cialement m\u00e9lang\u00e9s par certains des professionnels les plus exp\u00e9riment\u00e9s du monde entier. Son pendant plus clair, le granit gris fonc\u00e9, ajoute une touche dramatique \u00e0 n'importe quel espace, tout en \u00e9tant suffisamment subtil pour se fondre dans presque tous les d\u00e9cors.<\/p>\n<p>Ce granit noir est id\u00e9al pour un usage ext\u00e9rieur, car il est dense et dur, et donc moins susceptible de subir des rayures et des bosses. D'un aspect saisissant, notre granit noir de qualit\u00e9 sup\u00e9rieure s'int\u00e8gre parfaitement \u00e0 l'am\u00e9nagement de toute cuisine ou salle de bains.<\/p>\n<p>Pour plus de polyvalence, sa surface peut \u00e9galement \u00eatre adoucie ou polie pour cr\u00e9er l'aspect que vous souhaitez, ce qui est excellent pour les zones pr\u00e9sentant des niveaux \u00e9lev\u00e9s d'humidit\u00e9.<\/p>\n<div id=\"ali-title-AliPostDhMb-6q8vw\" style=\"padding: 8px 0; border-bottom: 1px solid #ddd;\"><span style=\"background-color: #ddd; color: #333; font-weight: bold; padding: 8px 10px; line-height: 12px;\">Description du produit<\/span><\/div>\n<div style=\"padding: 10px 0;\">\n<table class=\"aliDataTable\" style=\"color: #000000; font-family: Arial; font-size: 12px; font-style: normal; font-weight: 400; background-color: #ffffff; width: 698px; height: 226px; border: 1px solid #b3b3b3;\">\n<tbody>\n<tr>\n<td style=\"border: 1px solid #707070; width: 159.663px;\"><strong><span style=\"font-family: arial, helvetica, sans-serif; font-size: 14px;\">Nom du produit :<\/span><\/strong><\/td>\n<td style=\"border: 1px solid #707070; width: 553.337px;\">Outdoor Natural Stone Jet Premium Black Granite<\/td>\n<\/tr>\n<tr>\n<td style=\"border: 1px solid #707070; width: 159.663px;\"><strong><span style=\"font-family: arial, helvetica, sans-serif; font-size: 14px;\">Mat\u00e9riau :<\/span><\/strong><\/td>\n<td style=\"border: 1px solid #707070; width: 553.337px;\"><span style=\"font-size: 14px;\">Granit<\/span><\/td>\n<\/tr>\n<tr>\n<td style=\"border: 1px solid #707070; width: 159.663px;\"><strong><span style=\"font-family: arial, helvetica, sans-serif; font-size: 14px;\">Couleur :<\/span><\/strong><\/td>\n<td style=\"border: 1px solid #707070; width: 553.337px;\"><span style=\"font-family: arial, helvetica, sans-serif; font-size: 14px;\">Blanc, noir, jaune, rouge, rose, gris, brun, bleu, vert, etc.<\/span><\/td>\n<\/tr>\n<tr>\n<td style=\"border: 1px solid #707070; width: 159.663px;\" rowspan=\"3\"><strong><span style=\"font-family: arial, helvetica, sans-serif; font-size: 14px;\">Taille :<\/span><\/strong><\/td>\n<td style=\"border: 1px solid #707070; width: 553.337px;\"><span style=\"text-decoration: underline;\"><span style=\"font-size: 14px;\">Carreaux disponibles <\/span><\/span><br \/>\n<span style=\"font-size: 14px;\">12\u2019x12\u2033,24\u2019x24\u2033,12\u2019x24\u2033,etc <\/span><span style=\"font-size: 14px;\">300x300mm,300x600mm,400x400mm,600x600mm,etc<\/span><\/td>\n<\/tr>\n<tr>\n<td style=\"border: 1px solid #707070; width: 553.337px;\"><span style=\"text-decoration: underline;\"><span style=\"font-size: 14px;\">Dalles disponibles <\/span><\/span><\/p>\n<p><span style=\"font-size: 14px;\">180cmUpx60UP,180cmUpx65cmUP,180cmUpx70cmUP,etc<\/span><br \/>\n<span style=\"font-size: 14px;\">240cmUpx120cmUP,etc<\/span><\/td>\n<\/tr>\n<tr>\n<td style=\"border: 1px solid #707070; width: 553.337px;\"><span style=\"font-family: arial, helvetica, sans-serif; font-size: 14px;\">Des sp\u00e9cifications personnalis\u00e9es sont disponibles<\/span><\/td>\n<\/tr>\n<tr>\n<td style=\"border: 1px solid #707070; width: 159.663px;\"><strong><span style=\"font-family: arial, helvetica, sans-serif; font-size: 14px;\">Tol\u00e9rance d'\u00e9paisseur :<\/span><\/strong><\/td>\n<td style=\"border: 1px solid #707070; width: 553.337px;\"><span style=\"font-family: arial, helvetica, sans-serif; font-size: 14px;\">\u00b10,05mm, \u00b11mm, \u00b11,5mm, \u00b12mm, selon les exigences de qualit\u00e9 du client<\/span><\/td>\n<\/tr>\n<tr>\n<td style=\"border: 1px solid #707070; width: 159.663px;\"><strong><span style=\"font-family: arial, helvetica, sans-serif; font-size: 14px;\">Surface :<\/span><\/strong><\/td>\n<td style=\"border: 1px solid #707070; width: 553.337px;\"><span style=\"font-family: arial, helvetica, sans-serif; font-size: 14px;\">P<\/span><span style=\"font-size: 14px;\">ol\u00e9, adouci, flamm\u00e9, sabl\u00e9, bouchard\u00e9, fendu naturel, flamm\u00e9 et bross\u00e9, etc.<\/span><\/td>\n<\/tr>\n<tr>\n<td style=\"border: 1px solid #707070; width: 159.663px;\"><strong><span style=\"font-family: arial, helvetica, sans-serif; font-size: 14px;\">Emballage :<\/span><\/strong><\/td>\n<td style=\"border: 1px solid #707070; width: 553.337px;\"><span style=\"font-size: 14px;\">Palettes en bois en \u00e9tat de navigabilit\u00e9, fardeaux en bois et caisses en bois<\/span><\/td>\n<\/tr>\n<tr>\n<td style=\"border: 1px solid #707070; width: 159.663px;\"><strong><span style=\"font-family: arial, helvetica, sans-serif; font-size: 14px;\">Application :<\/span><\/strong><\/td>\n<td style=\"border: 1px solid #707070; width: 553.337px;\"><span style=\"font-family: arial, helvetica, sans-serif; font-size: 14px;\">Sol, mur, motif, comptoir, d\u00e9coration int\u00e9rieure et ext\u00e9rieure<\/span><\/td>\n<\/tr>\n<tr>\n<td style=\"border: 1px solid #707070; width: 159.663px;\"><strong><span style=\"font-family: arial, helvetica, sans-serif; font-size: 14px;\">D\u00e9lai de livraison :<\/span><\/strong><\/td>\n<td style=\"border: 1px solid #707070; width: 553.337px;\"><span style=\"font-size: 14px;\">15-20 jours pour l'enregistrement<\/span><span style=\"font-family: arial, helvetica, sans-serif; font-size: 14px;\">tailles lar<\/span><\/td>\n<\/tr>\n<tr>\n<td style=\"border: 1px solid #707070; width: 159.663px;\"><strong><span style=\"font-family: arial, helvetica, sans-serif; font-size: 14px;\">Certificat :<\/span><\/strong><\/td>\n<td style=\"border: 1px solid #707070; width: 553.337px;\"><span style=\"font-family: arial, helvetica, sans-serif; font-size: 14px;\">CE, SGS<\/span><\/td>\n<\/tr>\n<tr>\n<td style=\"border: 1px solid #707070; width: 159.663px;\"><strong><span style=\"font-family: arial, helvetica, sans-serif; font-size: 14px;\">Conditions de paiement :<\/span><\/strong><\/td>\n<td style=\"border: 1px solid #707070; width: 553.337px;\"><span style=\"font-size: 14px;\">T\/T, L\/C, D<span style=\"color: #000000; font-family: Verdana, Arial, Helvetica, sans-serif; font-size: 14px; font-style: normal; font-weight: 400; background-color: #ffffff; float: none;\">\/<\/span>P<\/span><\/td>\n<\/tr>\n<tr>\n<td style=\"border: 1px solid #707070; width: 159.663px;\"><strong><span style=\"font-family: arial, helvetica, sans-serif; font-size: 14px;\">Avantage :<\/span><\/strong><\/td>\n<td style=\"border: 1px solid #707070; width: 553.337px;\"><span style=\"font-family: arial, helvetica, sans-serif; font-size: 14px;\">1) Service unique pour la pierre ;<\/span><\/p>\n<p><span style=\"font-family: arial, helvetica, sans-serif; font-size: 14px;\">2) poss\u00e8dent 3 carri\u00e8res et 9 usines ;<\/span><\/p>\n<p><span style=\"font-family: arial, helvetica, sans-serif; font-size: 14px;\">3) Des supports technologiques de pointe.<\/span><\/td>\n<\/tr>\n<tr>\n<td style=\"border: 1px solid #707070; width: 159.663px;\"><strong><span style=\"font-family: arial, helvetica, sans-serif; font-size: 14px;\">Assurance de la qualit\u00e9 et de la livraison :\u00a0<\/span><\/strong><\/td>\n<td style=\"border: 1px solid #707070; width: 553.337px;\"><span style=\"font-size: 14px;\">Tout au long du processus de production, du choix des mat\u00e9riaux \u00e0 l'emballage en passant par la fabrication, notre service de contr\u00f4le de la qualit\u00e9 contr\u00f4le rigoureusement chaque pi\u00e8ce et chaque processus afin de garantir le respect des normes de qualit\u00e9 et le respect des d\u00e9lais de livraison.<\/span><\/td>\n<\/tr>\n<\/tbody>\n<\/table>\n<p>&nbsp;<\/p>\n<p>&nbsp;<\/p>\n<p><img loading=\"lazy\" decoding=\"async\" class=\"alignnone size-full wp-image-26815\" src=\"http:\/\/stone-phoenix.com\/wp-content\/uploads\/2023\/12\/Premium-Black-Granite-Outdoor-Natural-Stone-7.jpg\" alt=\"\" width=\"1116\" height=\"831\" srcset=\"https:\/\/stone-phoenix.com\/wp-content\/uploads\/2023\/12\/Premium-Black-Granite-Outdoor-Natural-Stone-7.jpg 1116w, https:\/\/stone-phoenix.com\/wp-content\/uploads\/2023\/12\/Premium-Black-Granite-Outdoor-Natural-Stone-7-300x223.jpg 300w, https:\/\/stone-phoenix.com\/wp-content\/uploads\/2023\/12\/Premium-Black-Granite-Outdoor-Natural-Stone-7-1024x762.jpg 1024w, https:\/\/stone-phoenix.com\/wp-content\/uploads\/2023\/12\/Premium-Black-Granite-Outdoor-Natural-Stone-7-768x572.jpg 768w, https:\/\/stone-phoenix.com\/wp-content\/uploads\/2023\/12\/Premium-Black-Granite-Outdoor-Natural-Stone-7-16x12.jpg 16w, https:\/\/stone-phoenix.com\/wp-content\/uploads\/2023\/12\/Premium-Black-Granite-Outdoor-Natural-Stone-7-600x447.jpg 600w, https:\/\/stone-phoenix.com\/wp-content\/uploads\/2023\/12\/Premium-Black-Granite-Outdoor-Natural-Stone-7-150x112.jpg 150w\" sizes=\"(max-width: 1116px) 100vw, 1116px\" \/><img loading=\"lazy\" decoding=\"async\" class=\"alignnone  wp-image-26816\" src=\"http:\/\/stone-phoenix.com\/wp-content\/uploads\/2023\/12\/Premium-Black-Granite-Outdoor-Natural-Stone-6-1.jpg\" alt=\"\" width=\"955\" height=\"705\" srcset=\"https:\/\/stone-phoenix.com\/wp-content\/uploads\/2023\/12\/Premium-Black-Granite-Outdoor-Natural-Stone-6-1.jpg 672w, https:\/\/stone-phoenix.com\/wp-content\/uploads\/2023\/12\/Premium-Black-Granite-Outdoor-Natural-Stone-6-1-300x221.jpg 300w, https:\/\/stone-phoenix.com\/wp-content\/uploads\/2023\/12\/Premium-Black-Granite-Outdoor-Natural-Stone-6-1-16x12.jpg 16w, https:\/\/stone-phoenix.com\/wp-content\/uploads\/2023\/12\/Premium-Black-Granite-Outdoor-Natural-Stone-6-1-600x443.jpg 600w, https:\/\/stone-phoenix.com\/wp-content\/uploads\/2023\/12\/Premium-Black-Granite-Outdoor-Natural-Stone-6-1-150x111.jpg 150w\" sizes=\"(max-width: 955px) 100vw, 955px\" \/><img loading=\"lazy\" decoding=\"async\" class=\"alignnone size-full wp-image-26817\" src=\"http:\/\/stone-phoenix.com\/wp-content\/uploads\/2023\/12\/Premium-Black-Granite-Outdoor-Natural-Stone-8.jpg\" alt=\"\" width=\"1117\" height=\"1009\" srcset=\"https:\/\/stone-phoenix.com\/wp-content\/uploads\/2023\/12\/Premium-Black-Granite-Outdoor-Natural-Stone-8.jpg 1117w, https:\/\/stone-phoenix.com\/wp-content\/uploads\/2023\/12\/Premium-Black-Granite-Outdoor-Natural-Stone-8-300x271.jpg 300w, https:\/\/stone-phoenix.com\/wp-content\/uploads\/2023\/12\/Premium-Black-Granite-Outdoor-Natural-Stone-8-1024x925.jpg 1024w, https:\/\/stone-phoenix.com\/wp-content\/uploads\/2023\/12\/Premium-Black-Granite-Outdoor-Natural-Stone-8-768x694.jpg 768w, https:\/\/stone-phoenix.com\/wp-content\/uploads\/2023\/12\/Premium-Black-Granite-Outdoor-Natural-Stone-8-13x12.jpg 13w, https:\/\/stone-phoenix.com\/wp-content\/uploads\/2023\/12\/Premium-Black-Granite-Outdoor-Natural-Stone-8-600x542.jpg 600w, https:\/\/stone-phoenix.com\/wp-content\/uploads\/2023\/12\/Premium-Black-Granite-Outdoor-Natural-Stone-8-150x135.jpg 150w\" sizes=\"(max-width: 1117px) 100vw, 1117px\" \/><img loading=\"lazy\" decoding=\"async\" class=\"alignnone size-full wp-image-26818\" src=\"http:\/\/stone-phoenix.com\/wp-content\/uploads\/2023\/12\/Premium-Black-Granite-Outdoor-Natural-Stone-9.jpg\" alt=\"\" width=\"970\" height=\"877\" srcset=\"https:\/\/stone-phoenix.com\/wp-content\/uploads\/2023\/12\/Premium-Black-Granite-Outdoor-Natural-Stone-9.jpg 970w, https:\/\/stone-phoenix.com\/wp-content\/uploads\/2023\/12\/Premium-Black-Granite-Outdoor-Natural-Stone-9-300x271.jpg 300w, https:\/\/stone-phoenix.com\/wp-content\/uploads\/2023\/12\/Premium-Black-Granite-Outdoor-Natural-Stone-9-768x694.jpg 768w, https:\/\/stone-phoenix.com\/wp-content\/uploads\/2023\/12\/Premium-Black-Granite-Outdoor-Natural-Stone-9-13x12.jpg 13w, https:\/\/stone-phoenix.com\/wp-content\/uploads\/2023\/12\/Premium-Black-Granite-Outdoor-Natural-Stone-9-600x542.jpg 600w, https:\/\/stone-phoenix.com\/wp-content\/uploads\/2023\/12\/Premium-Black-Granite-Outdoor-Natural-Stone-9-150x136.jpg 150w\" sizes=\"(max-width: 970px) 100vw, 970px\" \/><\/p>\n<\/div>\n<\/div>\n<div id=\"ali-anchor-AliPostDhMb-dzch4\" style=\"padding-top: 8px;\" data-section=\"AliPostDhMb-dzch4\" data-section-title=\"FAQ\">\n<div style=\"padding: 10px 0;\"><a href=\"https:\/\/longtopstone.com\/product-category\/chinese-granite\/\">VOIR PLUS&gt;&gt;&gt;<\/a><\/div>\n<\/div>\n<\/div>","protected":false},"excerpt":{"rendered":"<p>Premium Black Granite Outdoor Natural Stone Premium Black Granite is composed of quartz, feldspar and mica. It is a composite<\/p>","protected":false},"featured_media":26809,"template":"","meta":[],"product_cat":[112],"product_tag":[],"_links":{"self":[{"href":"https:\/\/stone-phoenix.com\/fr\/wp-json\/wp\/v2\/product\/20937"}],"collection":[{"href":"https:\/\/stone-phoenix.com\/fr\/wp-json\/wp\/v2\/product"}],"about":[{"href":"https:\/\/stone-phoenix.com\/fr\/wp-json\/wp\/v2\/types\/product"}],"wp:featuredmedia":[{"embeddable":true,"href":"https:\/\/stone-phoenix.com\/fr\/wp-json\/wp\/v2\/media\/26809"}],"wp:attachment":[{"href":"https:\/\/stone-phoenix.com\/fr\/wp-json\/wp\/v2\/media?parent=20937"}],"wp:term":[{"taxonomy":"product_cat","embeddable":true,"href":"https:\/\/stone-phoenix.com\/fr\/wp-json\/wp\/v2\/product_cat?post=20937"},{"taxonomy":"product_tag","embeddable":true,"href":"https:\/\/stone-phoenix.com\/fr\/wp-json\/wp\/v2\/product_tag?post=20937"}],"curies":[{"name":"wp","href":"https:\/\/api.w.org\/{rel}","templated":true}]}}