{"id":20953,"date":"2023-12-29T20:26:42","date_gmt":"2023-12-29T12:26:42","guid":{"rendered":"http:\/\/stone-phoenix.com\/product\/paving-stone-wholesale-pavers-driveway"},"modified":"2024-03-28T13:44:28","modified_gmt":"2024-03-28T05:44:28","slug":"paving-stone-wholesale-pavers-driveway","status":"publish","type":"product","link":"https:\/\/stone-phoenix.com\/fr\/produit\/paving-stone-wholesale-pavers-driveway","title":{"rendered":"pav\u00e9s en gros pav\u00e9s d'all\u00e9e"},"content":{"rendered":"<div id=\"tab-description\" class=\"woocommerce-Tabs-panel woocommerce-Tabs-panel--description panel entry-content wc-tab\" role=\"tabpanel\" aria-labelledby=\"tab-title-description\">\n<h2>pav\u00e9s en gros pav\u00e9s d'all\u00e9e<\/h2>\n<p>Les pav\u00e9s sont des pierres plates ou des briques utilis\u00e9es pour cr\u00e9er des all\u00e9es, des voies d'acc\u00e8s et des patios. Ils constituent un choix populaire pour les projets d'am\u00e9nagement paysager et de hardscaping parce qu'ils sont durables et se d\u00e9clinent dans une grande vari\u00e9t\u00e9 de formes, de tailles et de couleurs.<\/p>\n<p>Si vous envisagez de r\u00e9aliser un projet de pavage, vous pourriez \u00eatre int\u00e9ress\u00e9 par l'achat de pav\u00e9s en gros. Les pav\u00e9s en gros sont vendus en vrac \u00e0 un prix r\u00e9duit, ce qui en fait une option abordable pour les grands projets ou pour ceux qui veulent \u00e9conomiser de l'argent.<\/p>\n<p>L'achat de pav\u00e9s en gros pr\u00e9sente plusieurs avantages. L'un des principaux est la r\u00e9duction des co\u00fbts. Les pav\u00e9s \u00e9tant vendus en gros, ils sont g\u00e9n\u00e9ralement moins chers que les pav\u00e9s individuels. Cela peut \u00eatre particuli\u00e8rement avantageux si vous planifiez un projet de grande envergure ou si vous avez besoin d'un grand nombre de pav\u00e9s.<\/p>\n<p>Un autre avantage de l'achat de pav\u00e9s en gros est la commodit\u00e9. Lorsque vous achetez des pav\u00e9s en gros, vous pouvez faire livrer tous les mat\u00e9riaux sur votre chantier en une seule fois, ce qui peut vous faire gagner du temps et vous \u00e9pargner des efforts. Cela peut \u00eatre particuli\u00e8rement utile si vous travaillez dans un d\u00e9lai serr\u00e9 ou si vous travaillez sur un projet de grande envergure.<\/p>\n<p>Plusieurs facteurs doivent \u00eatre pris en compte lors de l'achat de pav\u00e9s en gros. L'un des plus importants est la qualit\u00e9 des pav\u00e9s. Il est important de choisir des pav\u00e9s fabriqu\u00e9s \u00e0 partir de mat\u00e9riaux de haute qualit\u00e9 et selon des normes strictes. Cela garantit que les pav\u00e9s sont durables et r\u00e9sistants.<\/p>\n<p>Un autre facteur \u00e0 prendre en consid\u00e9ration est la taille et la forme des pav\u00e9s. Il existe de nombreuses tailles et formes diff\u00e9rentes de pav\u00e9s, et il est donc important de choisir celles qui r\u00e9pondent le mieux \u00e0 vos besoins. Par exemple, si vous posez une all\u00e9e, vous pouvez choisir des pav\u00e9s plus grands pour r\u00e9duire le nombre de joints et rendre la surface plus lisse.<\/p>\n<p>Enfin, tenez compte de la couleur et du style des pav\u00e9s. Il existe un grand nombre de couleurs et de styles de pav\u00e9s diff\u00e9rents, et vous devez donc choisir ceux qui s'harmonisent le mieux avec le style de votre maison et de votre am\u00e9nagement paysager.<\/p>\n<p>En conclusion, la vente en gros de pav\u00e9s peut \u00eatre une option rentable et pratique pour ceux qui planifient un projet de pavage. En tenant compte de facteurs tels que la qualit\u00e9, la taille, la forme, la couleur et le style, vous pouvez choisir les pav\u00e9s parfaits pour votre projet.<\/p>\n<div id=\"ali-anchor-AliPostDhMb-10ic2\" style=\"padding-top: 8px;\" data-section=\"AliPostDhMb-10ic2\" data-section-title=\"Product Description\">\n<div id=\"ali-title-AliPostDhMb-10ic2\" style=\"padding: 8px 0; border-bottom: 1px solid #ddd;\"><span style=\"background-color: #ddd; color: #333; font-weight: bold; padding: 8px 10px; line-height: 12px;\">Description du produit<\/span><\/div>\n<div style=\"padding: 10px 0;\">\n<table class=\"aliDataTable\" style=\"color: #000000; font-family: Arial; font-size: 12px; font-style: normal; font-weight: 400; background-color: #ffffff; width: 750px; height: 226px; border: 1px solid #b3b3b3;\">\n<tbody>\n<tr style=\"height: 42px;\">\n<td style=\"border: 1px solid #b3b3b3; width: 162px; height: 42px;\"><strong><span style=\"font-family: arial, helvetica, sans-serif; font-size: 14px;\">Nom du produit :<\/span><\/strong><\/td>\n<td style=\"border: 1px solid #b3b3b3; width: 595.066px; height: 42px;\"><span style=\"font-family: arial, helvetica, sans-serif; font-size: 14px;\">Divers pav\u00e9s en granit<\/span><\/td>\n<\/tr>\n<tr style=\"height: 21px;\">\n<td style=\"border: 1px solid #b3b3b3; width: 162px; height: 21px;\"><strong><span style=\"font-family: arial, helvetica, sans-serif; font-size: 14px;\">Mat\u00e9riau :<\/span><\/strong><\/td>\n<td style=\"border: 1px solid #b3b3b3; width: 595.066px; height: 21px;\"><span style=\"font-family: arial, helvetica, sans-serif; font-size: 14px;\">Granit G562, granit G603, granit G654, granit G682, etc.<\/span><\/td>\n<\/tr>\n<tr style=\"height: 44px;\">\n<td style=\"border: 1px solid #b3b3b3; width: 162px; height: 65px;\" rowspan=\"2\">\n<p style=\"margin: 0px; padding: 0px;\"><strong><span style=\"font-family: arial, helvetica, sans-serif; font-size: 14px;\">Taille :<\/span><\/strong><\/p>\n<\/td>\n<td style=\"border: 1px solid #b3b3b3; width: 595.066px; height: 44px;\"><span style=\"font-size: 14px;\">Tailles<\/span><br \/>\n<span style=\"font-size: 14px;\">5X5X5CM,8X8X8CM,9X9X9CM,10X10X10CM,10x10x5cm,<\/span><span style=\"font-size: 14px;\">10x20x5cm,9.5\u00d79.5x4CM,19.5\u00d719.5x4CM,22X11X5CM,<\/span><span style=\"font-size: 14px;\">16.5X11.5X5CM,19.7X19.7X8CM,14.5X14.5X8CM,16X16X16CM,<\/span><\/p>\n<p><span style=\"font-size: 14px;\">22X16X16CM,27x18x9cm,18x18x9cm,18x18x18CM <\/span><\/p>\n<p><span style=\"font-size: 14px;\">ou sur mesure<\/span><\/td>\n<\/tr>\n<tr style=\"height: 21px;\">\n<td style=\"border: 1px solid #b3b3b3; width: 595.066px; height: 21px;\"><span style=\"font-family: arial, helvetica, sans-serif; font-size: 14px;\">Des sp\u00e9cifications personnalis\u00e9es sont disponibles<\/span><\/td>\n<\/tr>\n<tr style=\"height: 42px;\">\n<td style=\"border: 1px solid #b3b3b3; width: 162px; height: 42px;\"><strong><span style=\"font-family: arial, helvetica, sans-serif; font-size: 14px;\">Tol\u00e9rance d'\u00e9paisseur :<\/span><\/strong><\/td>\n<td style=\"border: 1px solid #b3b3b3; width: 595.066px; height: 42px;\"><span style=\"font-size: 14px; font-family: arial, helvetica, sans-serif;\">\u00b11mm, \u00b11,5mm, \u00b12mm, selon les exigences de qualit\u00e9 du client<\/span><\/td>\n<\/tr>\n<tr style=\"height: 126px;\">\n<td style=\"border: 1px solid #b3b3b3; width: 162px; height: 126px;\">\n<p style=\"margin: 0px; padding: 0px;\"><strong><span style=\"font-family: arial, helvetica, sans-serif; font-size: 14px;\">Surface :<\/span><\/strong><\/p>\n<\/td>\n<td style=\"border: 1px solid #b3b3b3; width: 595.066px; height: 126px;\"><span style=\"font-size: 14px;\">Finition<\/span><br \/>\n<span style=\"font-size: 14px;\">a. Fente naturelle sur tous les c\u00f4t\u00e9s<\/span><br \/>\n<span style=\"font-size: 14px;\">b. Toutes les faces sont sci\u00e9es<\/span><br \/>\n<span style=\"font-size: 14px;\">c. 5 c\u00f4t\u00e9s coup\u00e9s \u00e0 la scie, surface fendue naturellement<\/span><br \/>\n<span style=\"font-size: 14px;\">d. 5 faces coup\u00e9es \u00e0 la scie, surface flamm\u00e9e<\/span><br \/>\n<span style=\"font-size: 14px;\">e. 4 c\u00f4t\u00e9s coup\u00e9s \u00e0 la scie, fendu naturel en haut, tambourin\u00e9, dos en maille\u00a0<\/span><\/td>\n<\/tr>\n<tr style=\"height: 21px;\">\n<td style=\"border: 1px solid #b3b3b3; width: 162px; height: 21px;\"><strong><span style=\"font-family: arial, helvetica, sans-serif; font-size: 14px;\">Emballage :<\/span><\/strong><\/td>\n<td style=\"border: 1px solid #b3b3b3; width: 595.066px; height: 21px;\"><span style=\"font-family: arial, helvetica, sans-serif; font-size: 14px;\">Fardeaux et caisses en bois en \u00e9tat de navigabilit\u00e9<\/span><\/td>\n<\/tr>\n<tr style=\"height: 21px;\">\n<td style=\"border: 1px solid #b3b3b3; width: 162px; height: 21px;\"><strong><span style=\"font-family: arial, helvetica, sans-serif; font-size: 14px;\">Application :<\/span><\/strong><\/td>\n<td style=\"border: 1px solid #b3b3b3; width: 595.066px; height: 21px;\"><span style=\"font-family: arial, helvetica, sans-serif; font-size: 14px;\">Largement utilis\u00e9 pour la d\u00e9coration int\u00e9rieure et ext\u00e9rieure<\/span><\/td>\n<\/tr>\n<tr style=\"height: 42px;\">\n<td style=\"border: 1px solid #b3b3b3; width: 162px; height: 42px;\"><strong><span style=\"font-family: arial, helvetica, sans-serif; font-size: 14px;\">D\u00e9lai de livraison :<\/span><\/strong><\/td>\n<td style=\"border: 1px solid #b3b3b3; width: 595.066px; height: 42px;\"><span style=\"font-family: arial, helvetica, sans-serif; font-size: 14px;\">15-20 jours pour les tailles normales<\/span><\/td>\n<\/tr>\n<tr style=\"height: 21px;\">\n<td style=\"border: 1px solid #b3b3b3; width: 162px; height: 21px;\">\n<p style=\"margin: 0px; padding: 0px;\"><strong><span style=\"font-family: arial, helvetica, sans-serif; font-size: 14px;\">Certificat :<\/span><\/strong><\/p>\n<\/td>\n<td style=\"border: 1px solid #b3b3b3; width: 595.066px; height: 21px;\"><span style=\"font-family: arial, helvetica, sans-serif; font-size: 14px;\">CE, SGS<\/span><\/td>\n<\/tr>\n<tr style=\"height: 42px;\">\n<td style=\"border: 1px solid #b3b3b3; width: 162px; height: 42px;\">\n<p style=\"margin: 0px; padding: 0px;\"><strong><span style=\"font-family: arial, helvetica, sans-serif; font-size: 14px;\">Conditions de paiement :<\/span><\/strong><\/p>\n<\/td>\n<td style=\"border: 1px solid #b3b3b3; width: 595.066px; height: 42px;\"><span style=\"font-family: arial, helvetica, sans-serif; font-size: 14px;\">T\/T, L\/C, D\/P<\/span><\/td>\n<\/tr>\n<tr style=\"height: 63px;\">\n<td style=\"border: 1px solid #b3b3b3; width: 162px; height: 63px;\"><strong><span style=\"font-family: arial, helvetica, sans-serif; font-size: 14px;\">Avantage :<\/span><\/strong><\/td>\n<td style=\"border: 1px solid #b3b3b3; width: 595.066px; height: 63px;\">\n<p style=\"margin: 0px; padding: 0px;\"><span style=\"font-family: arial, helvetica, sans-serif; font-size: 14px;\">1) Service unique pour la pierre ;<\/span><\/p>\n<p style=\"margin: 0px; padding: 0px;\"><span style=\"font-family: arial, helvetica, sans-serif; font-size: 14px;\">2) Poss\u00e9der 3 carri\u00e8res et 9 usines ;<\/span><\/p>\n<p style=\"margin: 0px; padding: 0px;\"><span style=\"font-family: arial, helvetica, sans-serif; font-size: 14px;\">3) Soutien \u00e0 la conception et \u00e0 la technologie.<\/span><\/p>\n<\/td>\n<\/tr>\n<tr style=\"height: 84px;\">\n<td style=\"border: 1px solid #b3b3b3; width: 162px; height: 84px;\"><strong><span style=\"font-family: arial, helvetica, sans-serif; font-size: 14px;\">Assurance de la qualit\u00e9 et de la livraison :\u00a0<\/span><\/strong><\/td>\n<td style=\"border: 1px solid #b3b3b3; width: 595.066px; height: 84px;\">\n<p style=\"margin: 0px; padding: 0px;\"><span style=\"font-family: arial, helvetica, sans-serif; font-size: 14px;\">Tout au long du processus de production, du choix des mat\u00e9riaux \u00e0 l'emballage en passant par la fabrication, notre service de contr\u00f4le de la qualit\u00e9 contr\u00f4le rigoureusement chaque pi\u00e8ce et chaque processus afin de garantir le respect des normes de qualit\u00e9 et le respect des d\u00e9lais de livraison.<\/span><\/p>\n<\/td>\n<\/tr>\n<\/tbody>\n<\/table>\n<p><img loading=\"lazy\" decoding=\"async\" class=\"alignnone size-full wp-image-26782\" src=\"http:\/\/stone-phoenix.com\/wp-content\/uploads\/2023\/12\/paving-stone-wholesale-pavers-driveway-5.jpg\" alt=\"\" width=\"1098\" height=\"913\" srcset=\"https:\/\/stone-phoenix.com\/wp-content\/uploads\/2023\/12\/paving-stone-wholesale-pavers-driveway-5.jpg 1098w, https:\/\/stone-phoenix.com\/wp-content\/uploads\/2023\/12\/paving-stone-wholesale-pavers-driveway-5-300x249.jpg 300w, https:\/\/stone-phoenix.com\/wp-content\/uploads\/2023\/12\/paving-stone-wholesale-pavers-driveway-5-1024x851.jpg 1024w, https:\/\/stone-phoenix.com\/wp-content\/uploads\/2023\/12\/paving-stone-wholesale-pavers-driveway-5-768x639.jpg 768w, https:\/\/stone-phoenix.com\/wp-content\/uploads\/2023\/12\/paving-stone-wholesale-pavers-driveway-5-14x12.jpg 14w, https:\/\/stone-phoenix.com\/wp-content\/uploads\/2023\/12\/paving-stone-wholesale-pavers-driveway-5-600x499.jpg 600w, https:\/\/stone-phoenix.com\/wp-content\/uploads\/2023\/12\/paving-stone-wholesale-pavers-driveway-5-150x125.jpg 150w\" sizes=\"(max-width: 1098px) 100vw, 1098px\" \/><img loading=\"lazy\" decoding=\"async\" class=\"alignnone  wp-image-26783\" src=\"http:\/\/stone-phoenix.com\/wp-content\/uploads\/2023\/12\/paving-stone-wholesale-pavers-driveway-26.jpg\" alt=\"\" width=\"998\" height=\"819\" srcset=\"https:\/\/stone-phoenix.com\/wp-content\/uploads\/2023\/12\/paving-stone-wholesale-pavers-driveway-26.jpg 668w, https:\/\/stone-phoenix.com\/wp-content\/uploads\/2023\/12\/paving-stone-wholesale-pavers-driveway-26-300x246.jpg 300w, https:\/\/stone-phoenix.com\/wp-content\/uploads\/2023\/12\/paving-stone-wholesale-pavers-driveway-26-15x12.jpg 15w, https:\/\/stone-phoenix.com\/wp-content\/uploads\/2023\/12\/paving-stone-wholesale-pavers-driveway-26-600x492.jpg 600w, https:\/\/stone-phoenix.com\/wp-content\/uploads\/2023\/12\/paving-stone-wholesale-pavers-driveway-26-150x123.jpg 150w\" sizes=\"(max-width: 998px) 100vw, 998px\" \/> <img loading=\"lazy\" decoding=\"async\" class=\"alignnone size-full wp-image-26787\" src=\"http:\/\/stone-phoenix.com\/wp-content\/uploads\/2023\/12\/paving-stone-wholesale-pavers-driveway-10.jpg\" alt=\"\" width=\"1440\" height=\"1080\" srcset=\"https:\/\/stone-phoenix.com\/wp-content\/uploads\/2023\/12\/paving-stone-wholesale-pavers-driveway-10.jpg 1440w, https:\/\/stone-phoenix.com\/wp-content\/uploads\/2023\/12\/paving-stone-wholesale-pavers-driveway-10-300x225.jpg 300w, https:\/\/stone-phoenix.com\/wp-content\/uploads\/2023\/12\/paving-stone-wholesale-pavers-driveway-10-1024x768.jpg 1024w, https:\/\/stone-phoenix.com\/wp-content\/uploads\/2023\/12\/paving-stone-wholesale-pavers-driveway-10-768x576.jpg 768w, https:\/\/stone-phoenix.com\/wp-content\/uploads\/2023\/12\/paving-stone-wholesale-pavers-driveway-10-16x12.jpg 16w, https:\/\/stone-phoenix.com\/wp-content\/uploads\/2023\/12\/paving-stone-wholesale-pavers-driveway-10-600x450.jpg 600w, https:\/\/stone-phoenix.com\/wp-content\/uploads\/2023\/12\/paving-stone-wholesale-pavers-driveway-10-150x113.jpg 150w\" sizes=\"(max-width: 1440px) 100vw, 1440px\" \/><img loading=\"lazy\" decoding=\"async\" class=\"alignnone size-full wp-image-26789\" src=\"http:\/\/stone-phoenix.com\/wp-content\/uploads\/2023\/12\/paving-stone-wholesale-pavers-driveway-14.jpg\" alt=\"\" width=\"1080\" height=\"1440\" srcset=\"https:\/\/stone-phoenix.com\/wp-content\/uploads\/2023\/12\/paving-stone-wholesale-pavers-driveway-14.jpg 1080w, https:\/\/stone-phoenix.com\/wp-content\/uploads\/2023\/12\/paving-stone-wholesale-pavers-driveway-14-225x300.jpg 225w, https:\/\/stone-phoenix.com\/wp-content\/uploads\/2023\/12\/paving-stone-wholesale-pavers-driveway-14-768x1024.jpg 768w, https:\/\/stone-phoenix.com\/wp-content\/uploads\/2023\/12\/paving-stone-wholesale-pavers-driveway-14-9x12.jpg 9w, https:\/\/stone-phoenix.com\/wp-content\/uploads\/2023\/12\/paving-stone-wholesale-pavers-driveway-14-600x800.jpg 600w, https:\/\/stone-phoenix.com\/wp-content\/uploads\/2023\/12\/paving-stone-wholesale-pavers-driveway-14-150x200.jpg 150w\" sizes=\"(max-width: 1080px) 100vw, 1080px\" \/> <img loading=\"lazy\" decoding=\"async\" class=\"alignnone size-full wp-image-26790\" src=\"http:\/\/stone-phoenix.com\/wp-content\/uploads\/2023\/12\/paving-stone-wholesale-pavers-driveway-16.jpg\" alt=\"\" width=\"1440\" height=\"1080\" srcset=\"https:\/\/stone-phoenix.com\/wp-content\/uploads\/2023\/12\/paving-stone-wholesale-pavers-driveway-16.jpg 1440w, https:\/\/stone-phoenix.com\/wp-content\/uploads\/2023\/12\/paving-stone-wholesale-pavers-driveway-16-300x225.jpg 300w, https:\/\/stone-phoenix.com\/wp-content\/uploads\/2023\/12\/paving-stone-wholesale-pavers-driveway-16-1024x768.jpg 1024w, https:\/\/stone-phoenix.com\/wp-content\/uploads\/2023\/12\/paving-stone-wholesale-pavers-driveway-16-768x576.jpg 768w, https:\/\/stone-phoenix.com\/wp-content\/uploads\/2023\/12\/paving-stone-wholesale-pavers-driveway-16-16x12.jpg 16w, https:\/\/stone-phoenix.com\/wp-content\/uploads\/2023\/12\/paving-stone-wholesale-pavers-driveway-16-600x450.jpg 600w, https:\/\/stone-phoenix.com\/wp-content\/uploads\/2023\/12\/paving-stone-wholesale-pavers-driveway-16-150x113.jpg 150w\" sizes=\"(max-width: 1440px) 100vw, 1440px\" \/> <img loading=\"lazy\" decoding=\"async\" class=\"alignnone size-full wp-image-26791\" src=\"http:\/\/stone-phoenix.com\/wp-content\/uploads\/2023\/12\/paving-stone-wholesale-pavers-driveway-17.jpg\" alt=\"\" width=\"1440\" height=\"1080\" srcset=\"https:\/\/stone-phoenix.com\/wp-content\/uploads\/2023\/12\/paving-stone-wholesale-pavers-driveway-17.jpg 1440w, https:\/\/stone-phoenix.com\/wp-content\/uploads\/2023\/12\/paving-stone-wholesale-pavers-driveway-17-300x225.jpg 300w, https:\/\/stone-phoenix.com\/wp-content\/uploads\/2023\/12\/paving-stone-wholesale-pavers-driveway-17-1024x768.jpg 1024w, https:\/\/stone-phoenix.com\/wp-content\/uploads\/2023\/12\/paving-stone-wholesale-pavers-driveway-17-768x576.jpg 768w, https:\/\/stone-phoenix.com\/wp-content\/uploads\/2023\/12\/paving-stone-wholesale-pavers-driveway-17-16x12.jpg 16w, https:\/\/stone-phoenix.com\/wp-content\/uploads\/2023\/12\/paving-stone-wholesale-pavers-driveway-17-600x450.jpg 600w, https:\/\/stone-phoenix.com\/wp-content\/uploads\/2023\/12\/paving-stone-wholesale-pavers-driveway-17-150x113.jpg 150w\" sizes=\"(max-width: 1440px) 100vw, 1440px\" \/> <img loading=\"lazy\" decoding=\"async\" class=\"alignnone size-full wp-image-26792\" src=\"http:\/\/stone-phoenix.com\/wp-content\/uploads\/2023\/12\/paving-stone-wholesale-pavers-driveway-19.jpg\" alt=\"\" width=\"1440\" height=\"1080\" srcset=\"https:\/\/stone-phoenix.com\/wp-content\/uploads\/2023\/12\/paving-stone-wholesale-pavers-driveway-19.jpg 1440w, https:\/\/stone-phoenix.com\/wp-content\/uploads\/2023\/12\/paving-stone-wholesale-pavers-driveway-19-300x225.jpg 300w, https:\/\/stone-phoenix.com\/wp-content\/uploads\/2023\/12\/paving-stone-wholesale-pavers-driveway-19-1024x768.jpg 1024w, https:\/\/stone-phoenix.com\/wp-content\/uploads\/2023\/12\/paving-stone-wholesale-pavers-driveway-19-768x576.jpg 768w, https:\/\/stone-phoenix.com\/wp-content\/uploads\/2023\/12\/paving-stone-wholesale-pavers-driveway-19-16x12.jpg 16w, https:\/\/stone-phoenix.com\/wp-content\/uploads\/2023\/12\/paving-stone-wholesale-pavers-driveway-19-600x450.jpg 600w, https:\/\/stone-phoenix.com\/wp-content\/uploads\/2023\/12\/paving-stone-wholesale-pavers-driveway-19-150x113.jpg 150w\" sizes=\"(max-width: 1440px) 100vw, 1440px\" \/> <img loading=\"lazy\" decoding=\"async\" class=\"alignnone size-full wp-image-26793\" src=\"http:\/\/stone-phoenix.com\/wp-content\/uploads\/2023\/12\/paving-stone-wholesale-pavers-driveway-20.jpg\" alt=\"\" width=\"1440\" height=\"1080\" srcset=\"https:\/\/stone-phoenix.com\/wp-content\/uploads\/2023\/12\/paving-stone-wholesale-pavers-driveway-20.jpg 1440w, https:\/\/stone-phoenix.com\/wp-content\/uploads\/2023\/12\/paving-stone-wholesale-pavers-driveway-20-300x225.jpg 300w, https:\/\/stone-phoenix.com\/wp-content\/uploads\/2023\/12\/paving-stone-wholesale-pavers-driveway-20-1024x768.jpg 1024w, https:\/\/stone-phoenix.com\/wp-content\/uploads\/2023\/12\/paving-stone-wholesale-pavers-driveway-20-768x576.jpg 768w, https:\/\/stone-phoenix.com\/wp-content\/uploads\/2023\/12\/paving-stone-wholesale-pavers-driveway-20-16x12.jpg 16w, https:\/\/stone-phoenix.com\/wp-content\/uploads\/2023\/12\/paving-stone-wholesale-pavers-driveway-20-600x450.jpg 600w, https:\/\/stone-phoenix.com\/wp-content\/uploads\/2023\/12\/paving-stone-wholesale-pavers-driveway-20-150x113.jpg 150w\" sizes=\"(max-width: 1440px) 100vw, 1440px\" \/> <img loading=\"lazy\" decoding=\"async\" class=\"alignnone size-full wp-image-26794\" src=\"http:\/\/stone-phoenix.com\/wp-content\/uploads\/2023\/12\/paving-stone-wholesale-pavers-driveway-21.jpg\" alt=\"\" width=\"1440\" height=\"1080\" srcset=\"https:\/\/stone-phoenix.com\/wp-content\/uploads\/2023\/12\/paving-stone-wholesale-pavers-driveway-21.jpg 1440w, https:\/\/stone-phoenix.com\/wp-content\/uploads\/2023\/12\/paving-stone-wholesale-pavers-driveway-21-300x225.jpg 300w, https:\/\/stone-phoenix.com\/wp-content\/uploads\/2023\/12\/paving-stone-wholesale-pavers-driveway-21-1024x768.jpg 1024w, https:\/\/stone-phoenix.com\/wp-content\/uploads\/2023\/12\/paving-stone-wholesale-pavers-driveway-21-768x576.jpg 768w, https:\/\/stone-phoenix.com\/wp-content\/uploads\/2023\/12\/paving-stone-wholesale-pavers-driveway-21-16x12.jpg 16w, https:\/\/stone-phoenix.com\/wp-content\/uploads\/2023\/12\/paving-stone-wholesale-pavers-driveway-21-600x450.jpg 600w, https:\/\/stone-phoenix.com\/wp-content\/uploads\/2023\/12\/paving-stone-wholesale-pavers-driveway-21-150x113.jpg 150w\" sizes=\"(max-width: 1440px) 100vw, 1440px\" \/> <img loading=\"lazy\" decoding=\"async\" class=\"alignnone size-full wp-image-26795\" src=\"http:\/\/stone-phoenix.com\/wp-content\/uploads\/2023\/12\/paving-stone-wholesale-pavers-driveway-25.jpg\" alt=\"\" width=\"1080\" height=\"1440\" srcset=\"https:\/\/stone-phoenix.com\/wp-content\/uploads\/2023\/12\/paving-stone-wholesale-pavers-driveway-25.jpg 1080w, https:\/\/stone-phoenix.com\/wp-content\/uploads\/2023\/12\/paving-stone-wholesale-pavers-driveway-25-225x300.jpg 225w, https:\/\/stone-phoenix.com\/wp-content\/uploads\/2023\/12\/paving-stone-wholesale-pavers-driveway-25-768x1024.jpg 768w, https:\/\/stone-phoenix.com\/wp-content\/uploads\/2023\/12\/paving-stone-wholesale-pavers-driveway-25-9x12.jpg 9w, https:\/\/stone-phoenix.com\/wp-content\/uploads\/2023\/12\/paving-stone-wholesale-pavers-driveway-25-600x800.jpg 600w, https:\/\/stone-phoenix.com\/wp-content\/uploads\/2023\/12\/paving-stone-wholesale-pavers-driveway-25-150x200.jpg 150w\" sizes=\"(max-width: 1080px) 100vw, 1080px\" \/> <img loading=\"lazy\" decoding=\"async\" class=\"alignnone  wp-image-26796\" src=\"http:\/\/stone-phoenix.com\/wp-content\/uploads\/2023\/12\/paving-stone-wholesale-pavers-driveway-27.jpg\" alt=\"\" width=\"955\" height=\"775\" srcset=\"https:\/\/stone-phoenix.com\/wp-content\/uploads\/2023\/12\/paving-stone-wholesale-pavers-driveway-27.jpg 691w, https:\/\/stone-phoenix.com\/wp-content\/uploads\/2023\/12\/paving-stone-wholesale-pavers-driveway-27-300x244.jpg 300w, https:\/\/stone-phoenix.com\/wp-content\/uploads\/2023\/12\/paving-stone-wholesale-pavers-driveway-27-15x12.jpg 15w, https:\/\/stone-phoenix.com\/wp-content\/uploads\/2023\/12\/paving-stone-wholesale-pavers-driveway-27-600x487.jpg 600w, https:\/\/stone-phoenix.com\/wp-content\/uploads\/2023\/12\/paving-stone-wholesale-pavers-driveway-27-150x122.jpg 150w\" sizes=\"(max-width: 955px) 100vw, 955px\" \/><\/p>\n<\/div>\n<\/div>\n<\/div>","protected":false},"excerpt":{"rendered":"<p>paving stone wholesale pavers driveway paving stone wholesale also known as pavers, are flat stones or bricks that are used<\/p>","protected":false},"featured_media":26776,"template":"","meta":[],"product_cat":[112],"product_tag":[],"_links":{"self":[{"href":"https:\/\/stone-phoenix.com\/fr\/wp-json\/wp\/v2\/product\/20953"}],"collection":[{"href":"https:\/\/stone-phoenix.com\/fr\/wp-json\/wp\/v2\/product"}],"about":[{"href":"https:\/\/stone-phoenix.com\/fr\/wp-json\/wp\/v2\/types\/product"}],"wp:featuredmedia":[{"embeddable":true,"href":"https:\/\/stone-phoenix.com\/fr\/wp-json\/wp\/v2\/media\/26776"}],"wp:attachment":[{"href":"https:\/\/stone-phoenix.com\/fr\/wp-json\/wp\/v2\/media?parent=20953"}],"wp:term":[{"taxonomy":"product_cat","embeddable":true,"href":"https:\/\/stone-phoenix.com\/fr\/wp-json\/wp\/v2\/product_cat?post=20953"},{"taxonomy":"product_tag","embeddable":true,"href":"https:\/\/stone-phoenix.com\/fr\/wp-json\/wp\/v2\/product_tag?post=20953"}],"curies":[{"name":"wp","href":"https:\/\/api.w.org\/{rel}","templated":true}]}}