{"id":20971,"date":"2023-12-29T20:27:17","date_gmt":"2023-12-29T12:27:17","guid":{"rendered":"http:\/\/stone-phoenix.com\/product\/paving-stone-garden-natural-granite"},"modified":"2024-03-28T11:23:32","modified_gmt":"2024-03-28T03:23:32","slug":"paving-stone-garden-natural-granite","status":"publish","type":"product","link":"https:\/\/stone-phoenix.com\/fr\/produit\/paving-stone-garden-natural-granite","title":{"rendered":"Pav\u00e9s de jardin Granit naturel"},"content":{"rendered":"<div id=\"tab-description\" class=\"woocommerce-Tabs-panel woocommerce-Tabs-panel--description panel entry-content wc-tab\" role=\"tabpanel\" aria-labelledby=\"tab-title-description\">\n<h2>Pavage de jardin Pavage en pierre Granit naturel G603 dalles<\/h2>\n<p><img loading=\"lazy\" decoding=\"async\" class=\"alignnone  wp-image-26754\" src=\"http:\/\/stone-phoenix.com\/wp-content\/uploads\/2023\/12\/Paving-Stone-Garden-Natural-Granite-7.jpg\" alt=\"\" width=\"953\" height=\"1195\" srcset=\"https:\/\/stone-phoenix.com\/wp-content\/uploads\/2023\/12\/Paving-Stone-Garden-Natural-Granite-7.jpg 835w, https:\/\/stone-phoenix.com\/wp-content\/uploads\/2023\/12\/Paving-Stone-Garden-Natural-Granite-7-239x300.jpg 239w, https:\/\/stone-phoenix.com\/wp-content\/uploads\/2023\/12\/Paving-Stone-Garden-Natural-Granite-7-817x1024.jpg 817w, https:\/\/stone-phoenix.com\/wp-content\/uploads\/2023\/12\/Paving-Stone-Garden-Natural-Granite-7-768x963.jpg 768w, https:\/\/stone-phoenix.com\/wp-content\/uploads\/2023\/12\/Paving-Stone-Garden-Natural-Granite-7-10x12.jpg 10w, https:\/\/stone-phoenix.com\/wp-content\/uploads\/2023\/12\/Paving-Stone-Garden-Natural-Granite-7-600x752.jpg 600w, https:\/\/stone-phoenix.com\/wp-content\/uploads\/2023\/12\/Paving-Stone-Garden-Natural-Granite-7-150x188.jpg 150w\" sizes=\"(max-width: 953px) 100vw, 953px\" \/><img loading=\"lazy\" decoding=\"async\" class=\"alignnone size-full wp-image-26756\" src=\"http:\/\/stone-phoenix.com\/wp-content\/uploads\/2023\/12\/Paving-Stone-Garden-Natural-Granite-6.jpg\" alt=\"\" width=\"1119\" height=\"832\" srcset=\"https:\/\/stone-phoenix.com\/wp-content\/uploads\/2023\/12\/Paving-Stone-Garden-Natural-Granite-6.jpg 1119w, https:\/\/stone-phoenix.com\/wp-content\/uploads\/2023\/12\/Paving-Stone-Garden-Natural-Granite-6-300x223.jpg 300w, https:\/\/stone-phoenix.com\/wp-content\/uploads\/2023\/12\/Paving-Stone-Garden-Natural-Granite-6-1024x761.jpg 1024w, https:\/\/stone-phoenix.com\/wp-content\/uploads\/2023\/12\/Paving-Stone-Garden-Natural-Granite-6-768x571.jpg 768w, https:\/\/stone-phoenix.com\/wp-content\/uploads\/2023\/12\/Paving-Stone-Garden-Natural-Granite-6-16x12.jpg 16w, https:\/\/stone-phoenix.com\/wp-content\/uploads\/2023\/12\/Paving-Stone-Garden-Natural-Granite-6-600x446.jpg 600w, https:\/\/stone-phoenix.com\/wp-content\/uploads\/2023\/12\/Paving-Stone-Garden-Natural-Granite-6-150x112.jpg 150w\" sizes=\"(max-width: 1119px) 100vw, 1119px\" \/><img loading=\"lazy\" decoding=\"async\" class=\"alignnone size-full wp-image-26755\" src=\"http:\/\/stone-phoenix.com\/wp-content\/uploads\/2023\/12\/Paving-Stone-Garden-Natural-Granite-8.jpg\" alt=\"\" width=\"1111\" height=\"835\" srcset=\"https:\/\/stone-phoenix.com\/wp-content\/uploads\/2023\/12\/Paving-Stone-Garden-Natural-Granite-8.jpg 1111w, https:\/\/stone-phoenix.com\/wp-content\/uploads\/2023\/12\/Paving-Stone-Garden-Natural-Granite-8-300x225.jpg 300w, https:\/\/stone-phoenix.com\/wp-content\/uploads\/2023\/12\/Paving-Stone-Garden-Natural-Granite-8-1024x770.jpg 1024w, https:\/\/stone-phoenix.com\/wp-content\/uploads\/2023\/12\/Paving-Stone-Garden-Natural-Granite-8-768x577.jpg 768w, https:\/\/stone-phoenix.com\/wp-content\/uploads\/2023\/12\/Paving-Stone-Garden-Natural-Granite-8-16x12.jpg 16w, https:\/\/stone-phoenix.com\/wp-content\/uploads\/2023\/12\/Paving-Stone-Garden-Natural-Granite-8-600x451.jpg 600w, https:\/\/stone-phoenix.com\/wp-content\/uploads\/2023\/12\/Paving-Stone-Garden-Natural-Granite-8-150x113.jpg 150w\" sizes=\"(max-width: 1111px) 100vw, 1111px\" \/><img loading=\"lazy\" decoding=\"async\" class=\"alignnone size-full wp-image-20976\" src=\"http:\/\/stone-phoenix.com\/wp-content\/uploads\/2023\/12\/1703881641.jpg\" width=\"1000\" height=\"1000\" srcset=\"https:\/\/stone-phoenix.com\/wp-content\/uploads\/2023\/12\/1703881641.jpg 1000w, https:\/\/stone-phoenix.com\/wp-content\/uploads\/2023\/12\/1703881641-300x300.jpg 300w, https:\/\/stone-phoenix.com\/wp-content\/uploads\/2023\/12\/1703881641-150x150.jpg 150w, https:\/\/stone-phoenix.com\/wp-content\/uploads\/2023\/12\/1703881641-768x768.jpg 768w, https:\/\/stone-phoenix.com\/wp-content\/uploads\/2023\/12\/1703881641-12x12.jpg 12w, https:\/\/stone-phoenix.com\/wp-content\/uploads\/2023\/12\/1703881641-600x600.jpg 600w\" sizes=\"(max-width: 1000px) 100vw, 1000px\" \/><img loading=\"lazy\" decoding=\"async\" class=\"alignnone size-full wp-image-20977\" src=\"http:\/\/stone-phoenix.com\/wp-content\/uploads\/2023\/12\/1703881642.jpg\" width=\"1280\" height=\"960\" srcset=\"https:\/\/stone-phoenix.com\/wp-content\/uploads\/2023\/12\/1703881642.jpg 1280w, https:\/\/stone-phoenix.com\/wp-content\/uploads\/2023\/12\/1703881642-300x225.jpg 300w, https:\/\/stone-phoenix.com\/wp-content\/uploads\/2023\/12\/1703881642-1024x768.jpg 1024w, https:\/\/stone-phoenix.com\/wp-content\/uploads\/2023\/12\/1703881642-768x576.jpg 768w, https:\/\/stone-phoenix.com\/wp-content\/uploads\/2023\/12\/1703881642-16x12.jpg 16w, https:\/\/stone-phoenix.com\/wp-content\/uploads\/2023\/12\/1703881642-600x450.jpg 600w, https:\/\/stone-phoenix.com\/wp-content\/uploads\/2023\/12\/1703881642-150x113.jpg 150w\" sizes=\"(max-width: 1280px) 100vw, 1280px\" \/><img loading=\"lazy\" decoding=\"async\" class=\"alignnone size-full wp-image-20978\" src=\"http:\/\/stone-phoenix.com\/wp-content\/uploads\/2023\/12\/1703881644.jpg\" width=\"1024\" height=\"768\" srcset=\"https:\/\/stone-phoenix.com\/wp-content\/uploads\/2023\/12\/1703881644.jpg 1024w, https:\/\/stone-phoenix.com\/wp-content\/uploads\/2023\/12\/1703881644-300x225.jpg 300w, https:\/\/stone-phoenix.com\/wp-content\/uploads\/2023\/12\/1703881644-768x576.jpg 768w, https:\/\/stone-phoenix.com\/wp-content\/uploads\/2023\/12\/1703881644-16x12.jpg 16w, https:\/\/stone-phoenix.com\/wp-content\/uploads\/2023\/12\/1703881644-600x450.jpg 600w, https:\/\/stone-phoenix.com\/wp-content\/uploads\/2023\/12\/1703881644-150x113.jpg 150w\" sizes=\"(max-width: 1024px) 100vw, 1024px\" \/><img loading=\"lazy\" decoding=\"async\" class=\"alignnone size-full wp-image-20979\" src=\"http:\/\/stone-phoenix.com\/wp-content\/uploads\/2023\/12\/1703881644-1.jpg\" width=\"1280\" height=\"960\" srcset=\"https:\/\/stone-phoenix.com\/wp-content\/uploads\/2023\/12\/1703881644-1.jpg 1280w, https:\/\/stone-phoenix.com\/wp-content\/uploads\/2023\/12\/1703881644-1-300x225.jpg 300w, https:\/\/stone-phoenix.com\/wp-content\/uploads\/2023\/12\/1703881644-1-1024x768.jpg 1024w, https:\/\/stone-phoenix.com\/wp-content\/uploads\/2023\/12\/1703881644-1-768x576.jpg 768w, https:\/\/stone-phoenix.com\/wp-content\/uploads\/2023\/12\/1703881644-1-16x12.jpg 16w, https:\/\/stone-phoenix.com\/wp-content\/uploads\/2023\/12\/1703881644-1-600x450.jpg 600w, https:\/\/stone-phoenix.com\/wp-content\/uploads\/2023\/12\/1703881644-1-150x113.jpg 150w\" sizes=\"(max-width: 1280px) 100vw, 1280px\" \/><img loading=\"lazy\" decoding=\"async\" class=\"alignnone size-full wp-image-20980\" src=\"http:\/\/stone-phoenix.com\/wp-content\/uploads\/2023\/12\/1703881645.jpg\" width=\"1024\" height=\"768\" srcset=\"https:\/\/stone-phoenix.com\/wp-content\/uploads\/2023\/12\/1703881645.jpg 1024w, https:\/\/stone-phoenix.com\/wp-content\/uploads\/2023\/12\/1703881645-300x225.jpg 300w, https:\/\/stone-phoenix.com\/wp-content\/uploads\/2023\/12\/1703881645-768x576.jpg 768w, https:\/\/stone-phoenix.com\/wp-content\/uploads\/2023\/12\/1703881645-16x12.jpg 16w, https:\/\/stone-phoenix.com\/wp-content\/uploads\/2023\/12\/1703881645-600x450.jpg 600w, https:\/\/stone-phoenix.com\/wp-content\/uploads\/2023\/12\/1703881645-150x113.jpg 150w\" sizes=\"(max-width: 1024px) 100vw, 1024px\" \/><\/p>\n<div id=\"ali-anchor-AliPostDhMb-10ic2\" class=\"mceSectionContainer\" style=\"padding-top: 8px;\" data-section=\"AliPostDhMb-10ic2\" data-section-title=\"Product Description\">\n<div id=\"ali-title-AliPostDhMb-10ic2\" style=\"padding: 8px 0; border-bottom: 1px solid #ddd;\"><span style=\"background-color: #ddd; color: #333; font-weight: bold; padding: 8px 10px; line-height: 12px;\">Description du produit<\/span><\/div>\n<div style=\"padding: 10px 0;\">\n<table class=\"aliDataTable\" style=\"color: #000000; font-family: Arial; font-size: 12px; font-style: normal; font-weight: 400; background-color: #ffffff; width: 750px; height: 226px; border: 1px solid #b3b3b3;\">\n<tbody>\n<tr style=\"height: 42px;\">\n<td style=\"border: 1px solid #b3b3b3; width: 162px; height: 42px;\"><strong><span style=\"font-family: arial, helvetica, sans-serif; font-size: 14px;\">Nom du produit :<\/span><\/strong><\/td>\n<td style=\"border: 1px solid #b3b3b3; width: 595.066px; height: 42px;\">Pavage de jardin Pavage en pierre Granit naturel G603 dalles<\/td>\n<\/tr>\n<tr style=\"height: 21px;\">\n<td style=\"border: 1px solid #b3b3b3; width: 162px; height: 21px;\"><strong><span style=\"font-family: arial, helvetica, sans-serif; font-size: 14px;\">Mat\u00e9riau :<\/span><\/strong><\/td>\n<td style=\"border: 1px solid #b3b3b3; width: 595.066px; height: 21px;\"><span style=\"font-family: arial, helvetica, sans-serif; font-size: 14px;\">Granit G562, granit G603, granit G654, granit G682, etc.<\/span><\/td>\n<\/tr>\n<tr style=\"height: 44px;\">\n<td style=\"border: 1px solid #b3b3b3; width: 162px; height: 65px;\" rowspan=\"2\">\n<p style=\"margin: 0px; padding: 0px;\"><strong><span style=\"font-family: arial, helvetica, sans-serif; font-size: 14px;\">Taille :<\/span><\/strong><\/p>\n<\/td>\n<td style=\"border: 1px solid #b3b3b3; width: 595.066px; height: 44px;\"><span style=\"font-size: 14px;\">Tailles<\/span><br \/>\n<span style=\"font-size: 14px;\">5X5X5CM,8X8X8CM,9X9X9CM,10X10X10CM,10x10x5cm,<\/span><span style=\"font-size: 14px;\">10x20x5cm,9.5\u00d79.5x4CM,19.5\u00d719.5x4CM,22X11X5CM,<\/span><span style=\"font-size: 14px;\">16.5X11.5X5CM,19.7X19.7X8CM,14.5X14.5X8CM,16X16X16CM,<\/span><\/p>\n<p><span style=\"font-size: 14px;\">22X16X16CM,27x18x9cm,18x18x9cm,18x18x18CM <\/span><\/p>\n<p><span style=\"font-size: 14px;\">ou sur mesure<\/span><\/td>\n<\/tr>\n<tr style=\"height: 21px;\">\n<td style=\"border: 1px solid #b3b3b3; width: 595.066px; height: 21px;\"><span style=\"font-family: arial, helvetica, sans-serif; font-size: 14px;\">Des sp\u00e9cifications personnalis\u00e9es sont disponibles<\/span><\/td>\n<\/tr>\n<tr style=\"height: 42px;\">\n<td style=\"border: 1px solid #b3b3b3; width: 162px; height: 42px;\"><strong><span style=\"font-family: arial, helvetica, sans-serif; font-size: 14px;\">Tol\u00e9rance d'\u00e9paisseur :<\/span><\/strong><\/td>\n<td style=\"border: 1px solid #b3b3b3; width: 595.066px; height: 42px;\"><span style=\"font-size: 14px; font-family: arial, helvetica, sans-serif;\">\u00b11mm, \u00b11,5mm, \u00b12mm, selon les exigences de qualit\u00e9 du client<\/span><\/td>\n<\/tr>\n<tr style=\"height: 126px;\">\n<td style=\"border: 1px solid #b3b3b3; width: 162px; height: 126px;\">\n<p style=\"margin: 0px; padding: 0px;\"><strong><span style=\"font-family: arial, helvetica, sans-serif; font-size: 14px;\">Surface :<\/span><\/strong><\/p>\n<\/td>\n<td style=\"border: 1px solid #b3b3b3; width: 595.066px; height: 126px;\"><span style=\"font-size: 14px;\">Finition<\/span><br \/>\n<span style=\"font-size: 14px;\">a. Fente naturelle sur tous les c\u00f4t\u00e9s<\/span><br \/>\n<span style=\"font-size: 14px;\">b. Toutes les faces sont sci\u00e9es<\/span><br \/>\n<span style=\"font-size: 14px;\">c. 5 c\u00f4t\u00e9s coup\u00e9s \u00e0 la scie, surface fendue naturellement<\/span><br \/>\n<span style=\"font-size: 14px;\">d. 5 faces coup\u00e9es \u00e0 la scie, surface flamm\u00e9e<\/span><br \/>\n<span style=\"font-size: 14px;\">e. 4 c\u00f4t\u00e9s coup\u00e9s \u00e0 la scie, fendu naturel en haut, tambourin\u00e9, dos en maille\u00a0<\/span><\/td>\n<\/tr>\n<tr style=\"height: 21px;\">\n<td style=\"border: 1px solid #b3b3b3; width: 162px; height: 21px;\"><strong><span style=\"font-family: arial, helvetica, sans-serif; font-size: 14px;\">Emballage :<\/span><\/strong><\/td>\n<td style=\"border: 1px solid #b3b3b3; width: 595.066px; height: 21px;\"><span style=\"font-family: arial, helvetica, sans-serif; font-size: 14px;\">Fardeaux et caisses en bois en \u00e9tat de navigabilit\u00e9<\/span><\/td>\n<\/tr>\n<tr style=\"height: 21px;\">\n<td style=\"border: 1px solid #b3b3b3; width: 162px; height: 21px;\"><strong><span style=\"font-family: arial, helvetica, sans-serif; font-size: 14px;\">Application :<\/span><\/strong><\/td>\n<td style=\"border: 1px solid #b3b3b3; width: 595.066px; height: 21px;\"><span style=\"font-family: arial, helvetica, sans-serif; font-size: 14px;\">Largement utilis\u00e9 pour la d\u00e9coration int\u00e9rieure et ext\u00e9rieure<\/span><\/td>\n<\/tr>\n<tr style=\"height: 42px;\">\n<td style=\"border: 1px solid #b3b3b3; width: 162px; height: 42px;\"><strong><span style=\"font-family: arial, helvetica, sans-serif; font-size: 14px;\">D\u00e9lai de livraison :<\/span><\/strong><\/td>\n<td style=\"border: 1px solid #b3b3b3; width: 595.066px; height: 42px;\"><span style=\"font-family: arial, helvetica, sans-serif; font-size: 14px;\">15-20 jours pour les tailles normales<\/span><\/td>\n<\/tr>\n<tr style=\"height: 19px;\">\n<td style=\"border: 1px solid #b3b3b3; width: 162px; height: 19px;\">\n<p style=\"margin: 0px; padding: 0px;\"><strong><span style=\"font-family: arial, helvetica, sans-serif; font-size: 14px;\">Certificat :<\/span><\/strong><\/p>\n<\/td>\n<td style=\"border: 1px solid #b3b3b3; width: 595.066px; height: 19px;\"><span style=\"font-family: arial, helvetica, sans-serif; font-size: 14px;\">CE, SGS<\/span><\/td>\n<\/tr>\n<tr style=\"height: 42px;\">\n<td style=\"border: 1px solid #b3b3b3; width: 162px; height: 42px;\">\n<p style=\"margin: 0px; padding: 0px;\"><strong><span style=\"font-family: arial, helvetica, sans-serif; font-size: 14px;\">Conditions de paiement :<\/span><\/strong><\/p>\n<\/td>\n<td style=\"border: 1px solid #b3b3b3; width: 595.066px; height: 42px;\"><span style=\"font-family: arial, helvetica, sans-serif; font-size: 14px;\">T\/T, L\/C, D\/P<\/span><\/td>\n<\/tr>\n<tr style=\"height: 63px;\">\n<td style=\"border: 1px solid #b3b3b3; width: 162px; height: 63px;\"><strong><span style=\"font-family: arial, helvetica, sans-serif; font-size: 14px;\">Avantage :<\/span><\/strong><\/td>\n<td style=\"border: 1px solid #b3b3b3; width: 595.066px; height: 63px;\">\n<p style=\"margin: 0px; padding: 0px;\"><span style=\"font-family: arial, helvetica, sans-serif; font-size: 14px;\">1) Service unique pour la pierre ;<\/span><\/p>\n<p style=\"margin: 0px; padding: 0px;\"><span style=\"font-family: arial, helvetica, sans-serif; font-size: 14px;\">2) Poss\u00e9der 3 carri\u00e8res et 9 usines ;<\/span><\/p>\n<p style=\"margin: 0px; padding: 0px;\"><span style=\"font-family: arial, helvetica, sans-serif; font-size: 14px;\">3) Soutien \u00e0 la conception et \u00e0 la technologie.<\/span><\/p>\n<\/td>\n<\/tr>\n<tr style=\"height: 84px;\">\n<td style=\"border: 1px solid #b3b3b3; width: 162px; height: 84px;\"><strong><span style=\"font-family: arial, helvetica, sans-serif; font-size: 14px;\">Assurance de la qualit\u00e9 et de la livraison :\u00a0<\/span><\/strong><\/td>\n<td style=\"border: 1px solid #b3b3b3; width: 595.066px; height: 84px;\">\n<p style=\"margin: 0px; padding: 0px;\"><span style=\"font-family: arial, helvetica, sans-serif; font-size: 14px;\">Tout au long du processus de production, du choix des mat\u00e9riaux \u00e0 l'emballage en passant par la fabrication, notre service de contr\u00f4le de la qualit\u00e9 contr\u00f4le rigoureusement chaque pi\u00e8ce et chaque processus afin de garantir le respect des normes de qualit\u00e9 et le respect des d\u00e9lais de livraison.<\/span><\/p>\n<\/td>\n<\/tr>\n<\/tbody>\n<\/table>\n<p>Les pav\u00e9s de jardin constituent une option durable et attrayante pour la cr\u00e9ation d'all\u00e9es, de patios et d'autres espaces ext\u00e9rieurs. Ces pierres sont g\u00e9n\u00e9ralement fabriqu\u00e9es \u00e0 partir de mat\u00e9riaux tels que le b\u00e9ton, la brique ou la pierre naturelle, et sont disponibles dans une vari\u00e9t\u00e9 de couleurs, de tailles et de textures pour r\u00e9pondre \u00e0 toutes les pr\u00e9f\u00e9rences en mati\u00e8re d'am\u00e9nagement.<\/p>\n<p>L'un des principaux avantages des pav\u00e9s de jardin est leur durabilit\u00e9. Ils peuvent r\u00e9sister \u00e0 un trafic pi\u00e9tonnier intense, \u00e0 des temp\u00e9ratures extr\u00eames et \u00e0 d'autres conditions ext\u00e9rieures, ce qui en fait un excellent investissement \u00e0 long terme pour une maison ou une entreprise. En outre, de nombreux pav\u00e9s sont con\u00e7us pour r\u00e9sister aux taches, aux d\u00e9versements d'huile et \u00e0 d'autres risques courants, ce qui facilite leur entretien et leur permet de conserver un bel aspect pendant de nombreuses ann\u00e9es.<\/p>\n<p>Un autre avantage des pav\u00e9s de jardin est leur polyvalence. Ils peuvent \u00eatre utilis\u00e9s pour cr\u00e9er un large \u00e9ventail de motifs, des chemins pav\u00e9s traditionnels aux motifs g\u00e9om\u00e9triques modernes. Que vous souhaitiez cr\u00e9er un aspect rustique et naturel ou une esth\u00e9tique \u00e9l\u00e9gante et moderne, il existe un pav\u00e9 qui peut vous aider \u00e0 r\u00e9aliser votre projet.<\/p>\n<p>Outre leurs avantages pratiques, les pav\u00e9s de jardin peuvent \u00e9galement ajouter de la valeur \u00e0 votre propri\u00e9t\u00e9. Un espace ext\u00e9rieur bien con\u00e7u peut accro\u00eetre l'attrait de votre maison et la rendre plus attrayante pour les acheteurs potentiels. Si vous envisagez de vendre votre maison \u00e0 l'avenir, investir dans des pav\u00e9s de haute qualit\u00e9 peut \u00eatre un moyen judicieux d'augmenter sa valeur et de la distinguer des autres propri\u00e9t\u00e9s du quartier.<\/p>\n<p>Dans l'ensemble, les pav\u00e9s de jardin constituent un excellent choix pour tous ceux qui souhaitent cr\u00e9er un espace ext\u00e9rieur \u00e0 la fois beau et fonctionnel. Ils offrent durabilit\u00e9, polyvalence et valeur, ce qui en fait un investissement judicieux pour tout propri\u00e9taire. Qu'il s'agisse de cr\u00e9er une petite all\u00e9e de jardin ou un grand patio, les pav\u00e9s ne manqueront pas d'ajouter du style et de la fonctionnalit\u00e9 \u00e0 votre espace ext\u00e9rieur pour les ann\u00e9es \u00e0 venir.<\/p>\n<p><a href=\"https:\/\/longtopstone.com\/paving-stones-wholesale-paving-stone\/\">voir plus&gt;&gt;&gt;<\/a><\/p>\n<\/div>\n<\/div>\n<\/div>","protected":false},"excerpt":{"rendered":"<p>Garden Paving Stone Paving Natural Granite G603 tiles Product Description Product name: Garden Paving Stone Paving Natural Granite G603 tiles<\/p>","protected":false},"featured_media":26748,"template":"","meta":[],"product_cat":[112],"product_tag":[],"_links":{"self":[{"href":"https:\/\/stone-phoenix.com\/fr\/wp-json\/wp\/v2\/product\/20971"}],"collection":[{"href":"https:\/\/stone-phoenix.com\/fr\/wp-json\/wp\/v2\/product"}],"about":[{"href":"https:\/\/stone-phoenix.com\/fr\/wp-json\/wp\/v2\/types\/product"}],"wp:featuredmedia":[{"embeddable":true,"href":"https:\/\/stone-phoenix.com\/fr\/wp-json\/wp\/v2\/media\/26748"}],"wp:attachment":[{"href":"https:\/\/stone-phoenix.com\/fr\/wp-json\/wp\/v2\/media?parent=20971"}],"wp:term":[{"taxonomy":"product_cat","embeddable":true,"href":"https:\/\/stone-phoenix.com\/fr\/wp-json\/wp\/v2\/product_cat?post=20971"},{"taxonomy":"product_tag","embeddable":true,"href":"https:\/\/stone-phoenix.com\/fr\/wp-json\/wp\/v2\/product_tag?post=20971"}],"curies":[{"name":"wp","href":"https:\/\/api.w.org\/{rel}","templated":true}]}}