{"id":20981,"date":"2023-12-29T20:27:33","date_gmt":"2023-12-29T12:27:33","guid":{"rendered":"http:\/\/stone-phoenix.com\/product\/the-paving-stone-company-new-chinese-cheap"},"modified":"2024-03-28T11:13:25","modified_gmt":"2024-03-28T03:13:25","slug":"the-paving-stone-company-new-chinese-cheap","status":"publish","type":"product","link":"https:\/\/stone-phoenix.com\/fr\/produit\/the-paving-stone-company-new-chinese-cheap","title":{"rendered":"The Paving Stone Company New Chinese Cheap"},"content":{"rendered":"<div id=\"tab-description\" class=\"woocommerce-Tabs-panel woocommerce-Tabs-panel--description panel entry-content wc-tab\" role=\"tabpanel\" aria-labelledby=\"tab-title-description\">\n<div id=\"ali-anchor-AliPostDhMb-10ic2\" style=\"padding-top: 8px;\" data-section=\"AliPostDhMb-10ic2\" data-section-title=\"Product Description\">\n<div>\n<p><span class=\"\">le pav\u00e9 <\/span><mark class=\"css-shbrzj-yellowMarker\">entreprise <\/mark>est une installation o\u00f9 l'on fabrique des pav\u00e9s. Il s'agit de mat\u00e9riaux plats, semblables \u00e0 des pierres, utilis\u00e9s pour cr\u00e9er des surfaces dures et durables pour les espaces ext\u00e9rieurs tels que les all\u00e9es, les trottoirs, les patios et les cours. Les pav\u00e9s se pr\u00e9sentent sous diff\u00e9rentes formes, tailles, couleurs et motifs, et peuvent \u00eatre fabriqu\u00e9s \u00e0 partir de divers mat\u00e9riaux tels que le b\u00e9ton, la brique, la pierre naturelle ou les mat\u00e9riaux recycl\u00e9s.<\/p>\n<p>Le processus de fabrication des pav\u00e9s comporte plusieurs \u00e9tapes. Tout d'abord, les mati\u00e8res premi\u00e8res sont m\u00e9lang\u00e9es dans une grande machine. Le m\u00e9lange est ensuite vers\u00e9 dans des moules pour cr\u00e9er la forme et la taille souhait\u00e9es du pav\u00e9. Les moules peuvent \u00eatre con\u00e7us sur mesure pour cr\u00e9er un large \u00e9ventail de formes et de tailles diff\u00e9rentes, des petits pav\u00e9s carr\u00e9s aux grands pav\u00e9s rectangulaires.<\/p>\n<p>Apr\u00e8s le d\u00e9moulage, les pav\u00e9s sont plac\u00e9s sur un tapis roulant et transport\u00e9s dans une salle de s\u00e9chage. Ils y sont mis \u00e0 s\u00e9cher et \u00e0 durcir pendant un certain temps, qui peut durer plusieurs jours, voire plusieurs semaines, en fonction de la taille et du type de pav\u00e9.<\/p>\n<p>Une fois les pav\u00e9s enti\u00e8rement durcis, leur qualit\u00e9 est contr\u00f4l\u00e9e et les imperfections \u00e9ventuelles sont \u00e9limin\u00e9es. Les pav\u00e9s finis sont ensuite emball\u00e9s et exp\u00e9di\u00e9s aux clients ou stock\u00e9s dans un entrep\u00f4t en vue d'une utilisation ult\u00e9rieure.<\/p>\n<p>Les usines de pav\u00e9s peuvent varier en taille et en capacit\u00e9, certaines produisant quelques centaines de pav\u00e9s par jour et d'autres des milliers. L'\u00e9quipement et les machines utilis\u00e9s dans ces usines peuvent \u00e9galement varier, certaines utilisant des technologies plus avanc\u00e9es telles que les robots et l'automatisation pour rationaliser le processus de production.<\/p>\n<p>Outre la production de pav\u00e9s, l'entreprise de pav\u00e9s propose \u00e9galement des services de conception et d'installation. Cela peut s'av\u00e9rer utile pour les clients qui ne savent pas comment poser leurs pav\u00e9s ou qui ont besoin d'aide pour am\u00e9nager leur espace ext\u00e9rieur. L'entreprise de pav\u00e9s peut \u00e9galement proposer des services d'entretien et de r\u00e9paration pour aider les clients \u00e0 conserver leurs pav\u00e9s en bon \u00e9tat au fil du temps.<\/p>\n<p>Dans l'ensemble, les usines de pav\u00e9s jouent un r\u00f4le essentiel dans l'industrie de la construction et de l'am\u00e9nagement paysager, en fournissant une large gamme de pav\u00e9s de haute qualit\u00e9 pour une vari\u00e9t\u00e9 de projets d'ext\u00e9rieur.<\/p>\n<\/div>\n<div id=\"ali-title-AliPostDhMb-10ic2\" style=\"padding: 8px 0; border-bottom: 1px solid #ddd;\"><span style=\"background-color: #ddd; color: #333; font-weight: bold; padding: 8px 10px; line-height: 12px;\">Description du produit<\/span><\/div>\n<div style=\"padding: 10px 0;\">\n<table class=\"aliDataTable\" style=\"color: #000000; font-family: Arial; font-size: 12px; font-style: normal; font-weight: 400; background-color: #ffffff; width: 750px; height: 226px; border: 1px solid #b3b3b3;\">\n<tbody>\n<tr style=\"height: 42px;\">\n<td style=\"border: 1px solid #b3b3b3; width: 162px; height: 42px;\"><span style=\"font-size: 14px;\"><strong><span style=\"font-family: arial, helvetica, sans-serif;\">Nom du produit :<\/span><\/strong><\/span><\/td>\n<td style=\"border: 1px solid #b3b3b3; width: 595.066px; height: 42px;\"><span style=\"font-size: 14px;\">New Chinese Cheap Stone G623 White Granite Outdoor Paving Cube Stone<\/span><\/td>\n<\/tr>\n<tr style=\"height: 21px;\">\n<td style=\"border: 1px solid #b3b3b3; width: 162px; height: 21px;\"><strong><span style=\"font-family: arial, helvetica, sans-serif; font-size: 14px;\">Mat\u00e9riau :<\/span><\/strong><\/td>\n<td style=\"border: 1px solid #b3b3b3; width: 595.066px; height: 21px;\"><span style=\"font-family: arial, helvetica, sans-serif; font-size: 14px;\">Granit G562, granit G603, granit G654, granit G682, etc.<\/span><\/td>\n<\/tr>\n<tr style=\"height: 44px;\">\n<td style=\"border: 1px solid #b3b3b3; width: 162px; height: 65px;\" rowspan=\"2\">\n<p style=\"margin: 0px; padding: 0px;\"><strong><span style=\"font-family: arial, helvetica, sans-serif; font-size: 14px;\">Taille :<\/span><\/strong><\/p>\n<\/td>\n<td style=\"border: 1px solid #b3b3b3; width: 595.066px; height: 44px;\"><span style=\"font-size: 14px;\">Tailles<\/span><br \/>\n<span style=\"font-size: 14px;\">5X5X5CM,8X8X8CM,9X9X9CM,10X10X10CM,10x10x5cm,<\/span><\/p>\n<p><span style=\"font-size: 14px;\">10x20x5cm,9.5\u00d79.5x4CM,19.5\u00d719.5x4CM,22X11X5CM,<\/span><\/p>\n<p><span style=\"font-size: 14px;\">16.5X11.5X5CM,19.7X19.7X8CM,14.5X14.5X8CM,16X16X16CM,<\/span><\/p>\n<p><span style=\"font-size: 14px;\">22X16X16CM,27x18x9cm,18x18x9cm,18x18x18CM <\/span><\/p>\n<p><span style=\"font-size: 14px;\">ou sur mesure<\/span><\/td>\n<\/tr>\n<tr style=\"height: 21px;\">\n<td style=\"border: 1px solid #b3b3b3; width: 595.066px; height: 21px;\"><span style=\"font-family: arial, helvetica, sans-serif; font-size: 14px;\">Des sp\u00e9cifications personnalis\u00e9es sont disponibles<\/span><\/td>\n<\/tr>\n<tr style=\"height: 42px;\">\n<td style=\"border: 1px solid #b3b3b3; width: 162px; height: 42px;\"><strong><span style=\"font-family: arial, helvetica, sans-serif; font-size: 14px;\">Tol\u00e9rance d'\u00e9paisseur :<\/span><\/strong><\/td>\n<td style=\"border: 1px solid #b3b3b3; width: 595.066px; height: 42px;\"><span style=\"font-size: 14px; font-family: arial, helvetica, sans-serif;\">\u00b11mm, \u00b11,5mm, \u00b12mm, selon les exigences de qualit\u00e9 du client<\/span><\/td>\n<\/tr>\n<tr style=\"height: 126px;\">\n<td style=\"border: 1px solid #b3b3b3; width: 162px; height: 126px;\">\n<p style=\"margin: 0px; padding: 0px;\"><strong><span style=\"font-family: arial, helvetica, sans-serif; font-size: 14px;\">Surface :<\/span><\/strong><\/p>\n<\/td>\n<td style=\"border: 1px solid #b3b3b3; width: 595.066px; height: 126px;\"><span style=\"font-size: 14px;\">Finition<\/span><br \/>\n<span style=\"font-size: 14px;\">a. Fente naturelle sur tous les c\u00f4t\u00e9s<\/span><br \/>\n<span style=\"font-size: 14px;\">b. Toutes les faces sont sci\u00e9es<\/span><br \/>\n<span style=\"font-size: 14px;\">c. 5 c\u00f4t\u00e9s coup\u00e9s \u00e0 la scie, surface fendue naturellement<\/span><br \/>\n<span style=\"font-size: 14px;\">d. 5 faces coup\u00e9es \u00e0 la scie, surface flamm\u00e9e<\/span><br \/>\n<span style=\"font-size: 14px;\">e. 4 c\u00f4t\u00e9s coup\u00e9s \u00e0 la scie, fendu naturel en haut, tambourin\u00e9, dos en maille\u00a0<\/span><\/td>\n<\/tr>\n<tr style=\"height: 21px;\">\n<td style=\"border: 1px solid #b3b3b3; width: 162px; height: 21px;\"><strong><span style=\"font-family: arial, helvetica, sans-serif; font-size: 14px;\">Emballage :<\/span><\/strong><\/td>\n<td style=\"border: 1px solid #b3b3b3; width: 595.066px; height: 21px;\"><span style=\"font-family: arial, helvetica, sans-serif; font-size: 14px;\">Fardeaux et caisses en bois en \u00e9tat de navigabilit\u00e9<\/span><\/td>\n<\/tr>\n<tr style=\"height: 21px;\">\n<td style=\"border: 1px solid #b3b3b3; width: 162px; height: 21px;\"><strong><span style=\"font-family: arial, helvetica, sans-serif; font-size: 14px;\">Application :<\/span><\/strong><\/td>\n<td style=\"border: 1px solid #b3b3b3; width: 595.066px; height: 21px;\"><span style=\"font-family: arial, helvetica, sans-serif; font-size: 14px;\">Largement utilis\u00e9 pour la d\u00e9coration int\u00e9rieure et ext\u00e9rieure<\/span><\/td>\n<\/tr>\n<tr style=\"height: 42px;\">\n<td style=\"border: 1px solid #b3b3b3; width: 162px; height: 42px;\"><strong><span style=\"font-family: arial, helvetica, sans-serif; font-size: 14px;\">D\u00e9lai de livraison :<\/span><\/strong><\/td>\n<td style=\"border: 1px solid #b3b3b3; width: 595.066px; height: 42px;\"><span style=\"font-family: arial, helvetica, sans-serif; font-size: 14px;\">15-20 jours pour les tailles normales<\/span><\/td>\n<\/tr>\n<tr style=\"height: 21px;\">\n<td style=\"border: 1px solid #b3b3b3; width: 162px; height: 21px;\">\n<p style=\"margin: 0px; padding: 0px;\"><strong><span style=\"font-family: arial, helvetica, sans-serif; font-size: 14px;\">Certificat :<\/span><\/strong><\/p>\n<\/td>\n<td style=\"border: 1px solid #b3b3b3; width: 595.066px; height: 21px;\"><span style=\"font-family: arial, helvetica, sans-serif; font-size: 14px;\">CE, SGS<\/span><\/td>\n<\/tr>\n<tr style=\"height: 42px;\">\n<td style=\"border: 1px solid #b3b3b3; width: 162px; height: 42px;\">\n<p style=\"margin: 0px; padding: 0px;\"><strong><span style=\"font-family: arial, helvetica, sans-serif; font-size: 14px;\">Conditions de paiement :<\/span><\/strong><\/p>\n<\/td>\n<td style=\"border: 1px solid #b3b3b3; width: 595.066px; height: 42px;\"><span style=\"font-family: arial, helvetica, sans-serif; font-size: 14px;\">T\/T, L\/C, D\/P<\/span><\/td>\n<\/tr>\n<tr style=\"height: 63px;\">\n<td style=\"border: 1px solid #b3b3b3; width: 162px; height: 63px;\"><strong><span style=\"font-family: arial, helvetica, sans-serif; font-size: 14px;\">Avantage :<\/span><\/strong><\/td>\n<td style=\"border: 1px solid #b3b3b3; width: 595.066px; height: 63px;\">\n<p style=\"margin: 0px; padding: 0px;\"><span style=\"font-family: arial, helvetica, sans-serif; font-size: 14px;\">1) Service unique pour la pierre ;<\/span><\/p>\n<p style=\"margin: 0px; padding: 0px;\"><span style=\"font-family: arial, helvetica, sans-serif; font-size: 14px;\">2) Poss\u00e9der 3 carri\u00e8res et 9 usines ;<\/span><\/p>\n<p style=\"margin: 0px; padding: 0px;\"><span style=\"font-family: arial, helvetica, sans-serif; font-size: 14px;\">3) Soutien \u00e0 la conception et \u00e0 la technologie.<\/span><\/p>\n<\/td>\n<\/tr>\n<tr style=\"height: 84px;\">\n<td style=\"border: 1px solid #b3b3b3; width: 162px; height: 84px;\"><strong><span style=\"font-family: arial, helvetica, sans-serif; font-size: 14px;\">Assurance de la qualit\u00e9 et de la livraison :\u00a0<\/span><\/strong><\/td>\n<td style=\"border: 1px solid #b3b3b3; width: 595.066px; height: 84px;\">\n<p style=\"margin: 0px; padding: 0px;\"><span style=\"font-family: arial, helvetica, sans-serif; font-size: 14px;\">Tout au long du processus de production, du choix des mat\u00e9riaux \u00e0 l'emballage en passant par la fabrication, notre service de contr\u00f4le de la qualit\u00e9 contr\u00f4le rigoureusement chaque pi\u00e8ce et chaque processus afin de garantir le respect des normes de qualit\u00e9 et le respect des d\u00e9lais de livraison.<\/span><\/p>\n<\/td>\n<\/tr>\n<\/tbody>\n<\/table>\n<p>&nbsp;<\/p>\n<p>&nbsp;<\/p>\n<p><img loading=\"lazy\" decoding=\"async\" class=\"alignnone size-full wp-image-26745\" src=\"http:\/\/stone-phoenix.com\/wp-content\/uploads\/2023\/12\/The-Paving-Stone-Company-New-Chinese-Cheap-5.jpg\" alt=\"\" width=\"840\" height=\"1123\" srcset=\"https:\/\/stone-phoenix.com\/wp-content\/uploads\/2023\/12\/The-Paving-Stone-Company-New-Chinese-Cheap-5.jpg 840w, https:\/\/stone-phoenix.com\/wp-content\/uploads\/2023\/12\/The-Paving-Stone-Company-New-Chinese-Cheap-5-224x300.jpg 224w, https:\/\/stone-phoenix.com\/wp-content\/uploads\/2023\/12\/The-Paving-Stone-Company-New-Chinese-Cheap-5-766x1024.jpg 766w, https:\/\/stone-phoenix.com\/wp-content\/uploads\/2023\/12\/The-Paving-Stone-Company-New-Chinese-Cheap-5-768x1027.jpg 768w, https:\/\/stone-phoenix.com\/wp-content\/uploads\/2023\/12\/The-Paving-Stone-Company-New-Chinese-Cheap-5-9x12.jpg 9w, https:\/\/stone-phoenix.com\/wp-content\/uploads\/2023\/12\/The-Paving-Stone-Company-New-Chinese-Cheap-5-600x802.jpg 600w, https:\/\/stone-phoenix.com\/wp-content\/uploads\/2023\/12\/The-Paving-Stone-Company-New-Chinese-Cheap-5-150x201.jpg 150w\" sizes=\"(max-width: 840px) 100vw, 840px\" \/><img loading=\"lazy\" decoding=\"async\" class=\"alignnone size-full wp-image-26746\" src=\"http:\/\/stone-phoenix.com\/wp-content\/uploads\/2023\/12\/The-Paving-Stone-Company-New-Chinese-Cheap-6.jpg\" alt=\"\" width=\"841\" height=\"1123\" srcset=\"https:\/\/stone-phoenix.com\/wp-content\/uploads\/2023\/12\/The-Paving-Stone-Company-New-Chinese-Cheap-6.jpg 841w, https:\/\/stone-phoenix.com\/wp-content\/uploads\/2023\/12\/The-Paving-Stone-Company-New-Chinese-Cheap-6-225x300.jpg 225w, https:\/\/stone-phoenix.com\/wp-content\/uploads\/2023\/12\/The-Paving-Stone-Company-New-Chinese-Cheap-6-767x1024.jpg 767w, https:\/\/stone-phoenix.com\/wp-content\/uploads\/2023\/12\/The-Paving-Stone-Company-New-Chinese-Cheap-6-768x1026.jpg 768w, https:\/\/stone-phoenix.com\/wp-content\/uploads\/2023\/12\/The-Paving-Stone-Company-New-Chinese-Cheap-6-9x12.jpg 9w, https:\/\/stone-phoenix.com\/wp-content\/uploads\/2023\/12\/The-Paving-Stone-Company-New-Chinese-Cheap-6-600x801.jpg 600w, https:\/\/stone-phoenix.com\/wp-content\/uploads\/2023\/12\/The-Paving-Stone-Company-New-Chinese-Cheap-6-150x200.jpg 150w\" sizes=\"(max-width: 841px) 100vw, 841px\" \/><img loading=\"lazy\" decoding=\"async\" class=\"alignnone size-full wp-image-26747\" src=\"http:\/\/stone-phoenix.com\/wp-content\/uploads\/2023\/12\/The-Paving-Stone-Company-New-Chinese-Cheap-7.jpg\" alt=\"\" width=\"841\" height=\"1122\" srcset=\"https:\/\/stone-phoenix.com\/wp-content\/uploads\/2023\/12\/The-Paving-Stone-Company-New-Chinese-Cheap-7.jpg 841w, https:\/\/stone-phoenix.com\/wp-content\/uploads\/2023\/12\/The-Paving-Stone-Company-New-Chinese-Cheap-7-225x300.jpg 225w, https:\/\/stone-phoenix.com\/wp-content\/uploads\/2023\/12\/The-Paving-Stone-Company-New-Chinese-Cheap-7-768x1025.jpg 768w, https:\/\/stone-phoenix.com\/wp-content\/uploads\/2023\/12\/The-Paving-Stone-Company-New-Chinese-Cheap-7-9x12.jpg 9w, https:\/\/stone-phoenix.com\/wp-content\/uploads\/2023\/12\/The-Paving-Stone-Company-New-Chinese-Cheap-7-600x800.jpg 600w, https:\/\/stone-phoenix.com\/wp-content\/uploads\/2023\/12\/The-Paving-Stone-Company-New-Chinese-Cheap-7-150x200.jpg 150w\" sizes=\"(max-width: 841px) 100vw, 841px\" \/><\/p>\n<p><img loading=\"lazy\" decoding=\"async\" class=\"alignnone size-full wp-image-20986\" src=\"http:\/\/stone-phoenix.com\/wp-content\/uploads\/2023\/12\/1703881657.jpg\" width=\"1000\" height=\"308\" srcset=\"https:\/\/stone-phoenix.com\/wp-content\/uploads\/2023\/12\/1703881657.jpg 1000w, https:\/\/stone-phoenix.com\/wp-content\/uploads\/2023\/12\/1703881657-300x92.jpg 300w, https:\/\/stone-phoenix.com\/wp-content\/uploads\/2023\/12\/1703881657-768x237.jpg 768w, https:\/\/stone-phoenix.com\/wp-content\/uploads\/2023\/12\/1703881657-18x6.jpg 18w, https:\/\/stone-phoenix.com\/wp-content\/uploads\/2023\/12\/1703881657-600x185.jpg 600w, https:\/\/stone-phoenix.com\/wp-content\/uploads\/2023\/12\/1703881657-150x46.jpg 150w\" sizes=\"(max-width: 1000px) 100vw, 1000px\" \/><\/p>\n<\/div>\n<\/div>\n<\/div>","protected":false},"excerpt":{"rendered":"<p>the paving stone company is a facility where paving stones, also known as pavers, are manufactured. These are flat, stone-like<\/p>","protected":false},"featured_media":26740,"template":"","meta":[],"product_cat":[112],"product_tag":[],"_links":{"self":[{"href":"https:\/\/stone-phoenix.com\/fr\/wp-json\/wp\/v2\/product\/20981"}],"collection":[{"href":"https:\/\/stone-phoenix.com\/fr\/wp-json\/wp\/v2\/product"}],"about":[{"href":"https:\/\/stone-phoenix.com\/fr\/wp-json\/wp\/v2\/types\/product"}],"wp:featuredmedia":[{"embeddable":true,"href":"https:\/\/stone-phoenix.com\/fr\/wp-json\/wp\/v2\/media\/26740"}],"wp:attachment":[{"href":"https:\/\/stone-phoenix.com\/fr\/wp-json\/wp\/v2\/media?parent=20981"}],"wp:term":[{"taxonomy":"product_cat","embeddable":true,"href":"https:\/\/stone-phoenix.com\/fr\/wp-json\/wp\/v2\/product_cat?post=20981"},{"taxonomy":"product_tag","embeddable":true,"href":"https:\/\/stone-phoenix.com\/fr\/wp-json\/wp\/v2\/product_tag?post=20981"}],"curies":[{"name":"wp","href":"https:\/\/api.w.org\/{rel}","templated":true}]}}