{"id":20987,"date":"2023-12-29T20:27:43","date_gmt":"2023-12-29T12:27:43","guid":{"rendered":"http:\/\/stone-phoenix.com\/product\/paving-stone-on-net-g684-black-cobble"},"modified":"2024-03-28T11:04:57","modified_gmt":"2024-03-28T03:04:57","slug":"paving-stone-on-net-g684-black-cobble","status":"publish","type":"product","link":"https:\/\/stone-phoenix.com\/fr\/produit\/paving-stone-on-net-g684-black-cobble","title":{"rendered":"Pav\u00e9 sur filet G684 Black Cobble"},"content":{"rendered":"<div id=\"tab-description\" class=\"woocommerce-Tabs-panel woocommerce-Tabs-panel--description panel entry-content wc-tab\" role=\"tabpanel\" aria-labelledby=\"tab-title-description\">\n<h2>Pav\u00e9 sur filet G684 Black Cobble<\/h2>\n<p>Le pav\u00e9 sur filet est une solution de rev\u00eatement de sol polyvalente et durable qui offre un excellent attrait esth\u00e9tique et des avantages pratiques. Ce produit est compos\u00e9 de pav\u00e9s de haute qualit\u00e9 pos\u00e9s sur un filet ou un treillis, ce qui le rend facile \u00e0 installer et adapt\u00e9 \u00e0 un large \u00e9ventail d'applications int\u00e9rieures et ext\u00e9rieures.<\/p>\n<p>Les pav\u00e9s propos\u00e9s sur le site sont disponibles en diff\u00e9rentes tailles, couleurs et motifs, ce qui permet de les personnaliser \u00e0 l'infini pour r\u00e9pondre aux besoins sp\u00e9cifiques de n'importe quel projet. Que vous recherchiez un aspect traditionnel et rustique ou une finition moderne et \u00e9l\u00e9gante, ce produit peut r\u00e9pondre \u00e0 tous les styles et \u00e0 toutes les pr\u00e9f\u00e9rences.<\/p>\n<p>L'un des principaux avantages des pav\u00e9s sur filet est leur facilit\u00e9 d'installation. Les pierres sont pr\u00e9d\u00e9finies sur le support en filet, ce qui permet de les poser et de les fixer rapidement et simplement. Cela permet de gagner du temps, d'\u00e9conomiser des frais de main-d'\u0153uvre et de r\u00e9duire le risque d'une installation in\u00e9gale ou incorrecte, garantissant ainsi une finition professionnelle \u00e0 chaque fois.<\/p>\n<p>Un autre avantage de l'utilisation de pav\u00e9s sur le r\u00e9seau est sa durabilit\u00e9 et sa r\u00e9sistance. Les pierres sont fabriqu\u00e9es \u00e0 partir de mat\u00e9riaux robustes et r\u00e9sistants aux intemp\u00e9ries, ce qui leur permet de supporter les \u00e9l\u00e9ments ext\u00e9rieurs difficiles tels que la pluie, la neige et les temp\u00e9ratures extr\u00eames. Ils constituent donc un choix id\u00e9al pour les terrasses, les all\u00e9es, les voies d'acc\u00e8s et les autres zones tr\u00e8s fr\u00e9quent\u00e9es.<\/p>\n<p>Les pav\u00e9s sur filet offrent \u00e9galement une excellente r\u00e9sistance au glissement, ce qui permet de marcher en toute s\u00e9curit\u00e9, m\u00eame lorsqu'ils sont mouill\u00e9s. Cette caract\u00e9ristique les rend id\u00e9aux pour les terrasses de piscine, les escaliers ext\u00e9rieurs et d'autres zones o\u00f9 les accidents par glissade sont \u00e0 craindre.<\/p>\n<p>Dans l'ensemble, les pav\u00e9s sur filet constituent une excellente solution de rev\u00eatement de sol pour les projets r\u00e9sidentiels et commerciaux. Avec ses innombrables possibilit\u00e9s de personnalisation, sa facilit\u00e9 d'installation, sa durabilit\u00e9 et sa r\u00e9sistance au glissement, il n'est pas \u00e9tonnant que ce produit devienne de plus en plus populaire aupr\u00e8s des propri\u00e9taires, des architectes et des paysagistes.<\/p>\n<div id=\"ali-anchor-AliPostDhMb-10ic2\" style=\"padding-top: 8px;\" data-section=\"AliPostDhMb-10ic2\" data-section-title=\"Product Description\">\n<div id=\"ali-title-AliPostDhMb-10ic2\" style=\"padding: 8px 0; border-bottom: 1px solid #ddd;\"><span style=\"background-color: #ddd; color: #333; font-weight: bold; padding: 8px 10px; line-height: 12px;\">Description du produit<\/span><\/div>\n<div style=\"padding: 10px 0;\">\n<table class=\"aliDataTable\" style=\"color: #000000; font-family: Arial; font-size: 12px; font-style: normal; font-weight: 400; background-color: #ffffff; width: 750px; height: 226px; border: 1px solid #b3b3b3;\">\n<tbody>\n<tr style=\"height: 42px;\">\n<td style=\"border: 1px solid #b3b3b3; width: 162px; height: 42px;\"><strong><span style=\"font-family: arial, helvetica, sans-serif; font-size: 14px;\">Nom du produit :<\/span><\/strong><\/td>\n<td style=\"border: 1px solid #b3b3b3; width: 595.066px; height: 42px;\"><span style=\"font-family: arial, helvetica, sans-serif; font-size: 14px;\">Divers pav\u00e9s en granit<\/span><\/td>\n<\/tr>\n<tr style=\"height: 21px;\">\n<td style=\"border: 1px solid #b3b3b3; width: 162px; height: 21px;\"><strong><span style=\"font-family: arial, helvetica, sans-serif; font-size: 14px;\">Mat\u00e9riau :<\/span><\/strong><\/td>\n<td style=\"border: 1px solid #b3b3b3; width: 595.066px; height: 21px;\"><span style=\"font-family: arial, helvetica, sans-serif; font-size: 14px;\">Granit G562, granit G603, granit G654, granit G682, granit G684, etc.<\/span><\/td>\n<\/tr>\n<tr style=\"height: 44px;\">\n<td style=\"border: 1px solid #b3b3b3; width: 162px; height: 65px;\" rowspan=\"2\">\n<p style=\"margin: 0px; padding: 0px;\"><strong><span style=\"font-family: arial, helvetica, sans-serif; font-size: 14px;\">Taille :<\/span><\/strong><\/p>\n<\/td>\n<td style=\"border: 1px solid #b3b3b3; width: 595.066px; height: 44px;\"><span style=\"font-size: 14px;\">Tailles<\/span><br \/>\n<span style=\"font-size: 14px;\">5X5X5CM,8X8X8CM,9X9X9CM,10X10X10CM,10x10x5cm,<\/span><\/p>\n<p><span style=\"font-size: 14px;\">10x20x5cm,9.5\u00d79.5x4CM,19.5\u00d719.5x4CM,22X11X5CM,<\/span><\/p>\n<p><span style=\"font-size: 14px;\">16.5X11.5X5CM,19.7X19.7X8CM,14.5X14.5X8CM,16X16X16CM,<\/span><\/p>\n<p><span style=\"font-size: 14px;\">22X16X16CM,27x18x9cm,18x18x9cm,18x18x18CM <\/span><\/p>\n<p><span style=\"font-size: 14px;\">ou sur mesure<\/span><\/td>\n<\/tr>\n<tr style=\"height: 21px;\">\n<td style=\"border: 1px solid #b3b3b3; width: 595.066px; height: 21px;\"><span style=\"font-family: arial, helvetica, sans-serif; font-size: 14px;\">Des sp\u00e9cifications personnalis\u00e9es sont disponibles<\/span><\/td>\n<\/tr>\n<tr style=\"height: 42px;\">\n<td style=\"border: 1px solid #b3b3b3; width: 162px; height: 42px;\"><strong><span style=\"font-family: arial, helvetica, sans-serif; font-size: 14px;\">Tol\u00e9rance d'\u00e9paisseur :<\/span><\/strong><\/td>\n<td style=\"border: 1px solid #b3b3b3; width: 595.066px; height: 42px;\"><span style=\"font-size: 14px; font-family: arial, helvetica, sans-serif;\">\u00b11mm, \u00b11,5mm, \u00b12mm, selon les exigences de qualit\u00e9 du client<\/span><\/td>\n<\/tr>\n<tr style=\"height: 126px;\">\n<td style=\"border: 1px solid #b3b3b3; width: 162px; height: 126px;\">\n<p style=\"margin: 0px; padding: 0px;\"><strong><span style=\"font-family: arial, helvetica, sans-serif; font-size: 14px;\">Surface :<\/span><\/strong><\/p>\n<\/td>\n<td style=\"border: 1px solid #b3b3b3; width: 595.066px; height: 126px;\"><span style=\"font-size: 14px;\">Finition<\/span><br \/>\n<span style=\"font-size: 14px;\">a. Fente naturelle sur tous les c\u00f4t\u00e9s<\/span><br \/>\n<span style=\"font-size: 14px;\">b. Toutes les faces sont sci\u00e9es<\/span><br \/>\n<span style=\"font-size: 14px;\">c. 5 c\u00f4t\u00e9s coup\u00e9s \u00e0 la scie, surface fendue naturellement<\/span><br \/>\n<span style=\"font-size: 14px;\">d. 5 faces coup\u00e9es \u00e0 la scie, surface flamm\u00e9e<\/span><br \/>\n<span style=\"font-size: 14px;\">e. 4 c\u00f4t\u00e9s coup\u00e9s \u00e0 la scie, fendu naturel en haut, tambourin\u00e9, dos en maille\u00a0<\/span><\/td>\n<\/tr>\n<tr style=\"height: 21px;\">\n<td style=\"border: 1px solid #b3b3b3; width: 162px; height: 21px;\"><strong><span style=\"font-family: arial, helvetica, sans-serif; font-size: 14px;\">Emballage :<\/span><\/strong><\/td>\n<td style=\"border: 1px solid #b3b3b3; width: 595.066px; height: 21px;\"><span style=\"font-family: arial, helvetica, sans-serif; font-size: 14px;\">Fardeaux et caisses en bois en \u00e9tat de navigabilit\u00e9<\/span><\/td>\n<\/tr>\n<tr style=\"height: 21px;\">\n<td style=\"border: 1px solid #b3b3b3; width: 162px; height: 21px;\"><strong><span style=\"font-family: arial, helvetica, sans-serif; font-size: 14px;\">Application :<\/span><\/strong><\/td>\n<td style=\"border: 1px solid #b3b3b3; width: 595.066px; height: 21px;\"><span style=\"font-family: arial, helvetica, sans-serif; font-size: 14px;\">Largement utilis\u00e9 pour la d\u00e9coration int\u00e9rieure et ext\u00e9rieure<\/span><\/td>\n<\/tr>\n<tr style=\"height: 42px;\">\n<td style=\"border: 1px solid #b3b3b3; width: 162px; height: 42px;\"><strong><span style=\"font-family: arial, helvetica, sans-serif; font-size: 14px;\">D\u00e9lai de livraison :<\/span><\/strong><\/td>\n<td style=\"border: 1px solid #b3b3b3; width: 595.066px; height: 42px;\"><span style=\"font-family: arial, helvetica, sans-serif; font-size: 14px;\">15-20 jours pour les tailles normales<\/span><\/td>\n<\/tr>\n<tr style=\"height: 21px;\">\n<td style=\"border: 1px solid #b3b3b3; width: 162px; height: 21px;\">\n<p style=\"margin: 0px; padding: 0px;\"><strong><span style=\"font-family: arial, helvetica, sans-serif; font-size: 14px;\">Certificat :<\/span><\/strong><\/p>\n<\/td>\n<td style=\"border: 1px solid #b3b3b3; width: 595.066px; height: 21px;\"><span style=\"font-family: arial, helvetica, sans-serif; font-size: 14px;\">CE, SGS<\/span><\/td>\n<\/tr>\n<tr style=\"height: 42px;\">\n<td style=\"border: 1px solid #b3b3b3; width: 162px; height: 42px;\">\n<p style=\"margin: 0px; padding: 0px;\"><strong><span style=\"font-family: arial, helvetica, sans-serif; font-size: 14px;\">Conditions de paiement :<\/span><\/strong><\/p>\n<\/td>\n<td style=\"border: 1px solid #b3b3b3; width: 595.066px; height: 42px;\"><span style=\"font-family: arial, helvetica, sans-serif; font-size: 14px;\">T\/T, L\/C, D\/P<\/span><\/td>\n<\/tr>\n<tr style=\"height: 63px;\">\n<td style=\"border: 1px solid #b3b3b3; width: 162px; height: 63px;\"><strong><span style=\"font-family: arial, helvetica, sans-serif; font-size: 14px;\">Avantage :<\/span><\/strong><\/td>\n<td style=\"border: 1px solid #b3b3b3; width: 595.066px; height: 63px;\">\n<p style=\"margin: 0px; padding: 0px;\"><span style=\"font-family: arial, helvetica, sans-serif; font-size: 14px;\">1) Service unique pour la pierre ;<\/span><\/p>\n<p style=\"margin: 0px; padding: 0px;\"><span style=\"font-family: arial, helvetica, sans-serif; font-size: 14px;\">2) Poss\u00e9der 3 carri\u00e8res et 9 usines ;<\/span><\/p>\n<p style=\"margin: 0px; padding: 0px;\"><span style=\"font-family: arial, helvetica, sans-serif; font-size: 14px;\">3) Soutien \u00e0 la conception et \u00e0 la technologie.<\/span><\/p>\n<\/td>\n<\/tr>\n<tr style=\"height: 84px;\">\n<td style=\"border: 1px solid #b3b3b3; width: 162px; height: 84px;\"><strong><span style=\"font-family: arial, helvetica, sans-serif; font-size: 14px;\">Assurance de la qualit\u00e9 et de la livraison :\u00a0<\/span><\/strong><\/td>\n<td style=\"border: 1px solid #b3b3b3; width: 595.066px; height: 84px;\">\n<p style=\"margin: 0px; padding: 0px;\"><span style=\"font-family: arial, helvetica, sans-serif; font-size: 14px;\">Tout au long du processus de production, du choix des mat\u00e9riaux \u00e0 l'emballage en passant par la fabrication, notre service de contr\u00f4le de la qualit\u00e9 contr\u00f4le rigoureusement chaque pi\u00e8ce et chaque processus afin de garantir le respect des normes de qualit\u00e9 et le respect des d\u00e9lais de livraison.<\/span><\/p>\n<\/td>\n<\/tr>\n<\/tbody>\n<\/table>\n<p><img loading=\"lazy\" decoding=\"async\" class=\"alignnone size-full wp-image-26736\" src=\"http:\/\/stone-phoenix.com\/wp-content\/uploads\/2023\/12\/Paving-Stone-On-Net-G684-Black-Cobble-7.jpg\" alt=\"\" width=\"1006\" height=\"949\" srcset=\"https:\/\/stone-phoenix.com\/wp-content\/uploads\/2023\/12\/Paving-Stone-On-Net-G684-Black-Cobble-7.jpg 1006w, https:\/\/stone-phoenix.com\/wp-content\/uploads\/2023\/12\/Paving-Stone-On-Net-G684-Black-Cobble-7-300x283.jpg 300w, https:\/\/stone-phoenix.com\/wp-content\/uploads\/2023\/12\/Paving-Stone-On-Net-G684-Black-Cobble-7-768x724.jpg 768w, https:\/\/stone-phoenix.com\/wp-content\/uploads\/2023\/12\/Paving-Stone-On-Net-G684-Black-Cobble-7-13x12.jpg 13w, https:\/\/stone-phoenix.com\/wp-content\/uploads\/2023\/12\/Paving-Stone-On-Net-G684-Black-Cobble-7-600x566.jpg 600w, https:\/\/stone-phoenix.com\/wp-content\/uploads\/2023\/12\/Paving-Stone-On-Net-G684-Black-Cobble-7-150x142.jpg 150w\" sizes=\"(max-width: 1006px) 100vw, 1006px\" \/><img loading=\"lazy\" decoding=\"async\" class=\"alignnone size-full wp-image-26737\" src=\"http:\/\/stone-phoenix.com\/wp-content\/uploads\/2023\/12\/Paving-Stone-On-Net-G684-Black-Cobble-8.jpg\" alt=\"\" width=\"1102\" height=\"801\" srcset=\"https:\/\/stone-phoenix.com\/wp-content\/uploads\/2023\/12\/Paving-Stone-On-Net-G684-Black-Cobble-8.jpg 1102w, https:\/\/stone-phoenix.com\/wp-content\/uploads\/2023\/12\/Paving-Stone-On-Net-G684-Black-Cobble-8-300x218.jpg 300w, https:\/\/stone-phoenix.com\/wp-content\/uploads\/2023\/12\/Paving-Stone-On-Net-G684-Black-Cobble-8-1024x744.jpg 1024w, https:\/\/stone-phoenix.com\/wp-content\/uploads\/2023\/12\/Paving-Stone-On-Net-G684-Black-Cobble-8-768x558.jpg 768w, https:\/\/stone-phoenix.com\/wp-content\/uploads\/2023\/12\/Paving-Stone-On-Net-G684-Black-Cobble-8-18x12.jpg 18w, https:\/\/stone-phoenix.com\/wp-content\/uploads\/2023\/12\/Paving-Stone-On-Net-G684-Black-Cobble-8-600x436.jpg 600w, https:\/\/stone-phoenix.com\/wp-content\/uploads\/2023\/12\/Paving-Stone-On-Net-G684-Black-Cobble-8-150x109.jpg 150w\" sizes=\"(max-width: 1102px) 100vw, 1102px\" \/><img loading=\"lazy\" decoding=\"async\" class=\"alignnone size-full wp-image-26738\" src=\"http:\/\/stone-phoenix.com\/wp-content\/uploads\/2023\/12\/Paving-Stone-On-Net-G684-Black-Cobble-9.jpg\" alt=\"\" width=\"1125\" height=\"832\" srcset=\"https:\/\/stone-phoenix.com\/wp-content\/uploads\/2023\/12\/Paving-Stone-On-Net-G684-Black-Cobble-9.jpg 1125w, https:\/\/stone-phoenix.com\/wp-content\/uploads\/2023\/12\/Paving-Stone-On-Net-G684-Black-Cobble-9-300x222.jpg 300w, https:\/\/stone-phoenix.com\/wp-content\/uploads\/2023\/12\/Paving-Stone-On-Net-G684-Black-Cobble-9-1024x757.jpg 1024w, https:\/\/stone-phoenix.com\/wp-content\/uploads\/2023\/12\/Paving-Stone-On-Net-G684-Black-Cobble-9-768x568.jpg 768w, https:\/\/stone-phoenix.com\/wp-content\/uploads\/2023\/12\/Paving-Stone-On-Net-G684-Black-Cobble-9-16x12.jpg 16w, https:\/\/stone-phoenix.com\/wp-content\/uploads\/2023\/12\/Paving-Stone-On-Net-G684-Black-Cobble-9-600x444.jpg 600w, https:\/\/stone-phoenix.com\/wp-content\/uploads\/2023\/12\/Paving-Stone-On-Net-G684-Black-Cobble-9-150x111.jpg 150w\" sizes=\"(max-width: 1125px) 100vw, 1125px\" \/><img loading=\"lazy\" decoding=\"async\" class=\"alignnone  wp-image-26739\" src=\"http:\/\/stone-phoenix.com\/wp-content\/uploads\/2023\/12\/Paving-Stone-On-Net-G684-Black-Cobble-10.jpg\" alt=\"\" width=\"951\" height=\"1248\" srcset=\"https:\/\/stone-phoenix.com\/wp-content\/uploads\/2023\/12\/Paving-Stone-On-Net-G684-Black-Cobble-10.jpg 816w, https:\/\/stone-phoenix.com\/wp-content\/uploads\/2023\/12\/Paving-Stone-On-Net-G684-Black-Cobble-10-229x300.jpg 229w, https:\/\/stone-phoenix.com\/wp-content\/uploads\/2023\/12\/Paving-Stone-On-Net-G684-Black-Cobble-10-780x1024.jpg 780w, https:\/\/stone-phoenix.com\/wp-content\/uploads\/2023\/12\/Paving-Stone-On-Net-G684-Black-Cobble-10-768x1008.jpg 768w, https:\/\/stone-phoenix.com\/wp-content\/uploads\/2023\/12\/Paving-Stone-On-Net-G684-Black-Cobble-10-9x12.jpg 9w, https:\/\/stone-phoenix.com\/wp-content\/uploads\/2023\/12\/Paving-Stone-On-Net-G684-Black-Cobble-10-600x788.jpg 600w, https:\/\/stone-phoenix.com\/wp-content\/uploads\/2023\/12\/Paving-Stone-On-Net-G684-Black-Cobble-10-150x197.jpg 150w\" sizes=\"(max-width: 951px) 100vw, 951px\" \/><\/p>\n<\/div>\n<\/div>\n<\/div>","protected":false},"excerpt":{"rendered":"<p>Paving Stone On Net G684 Black Cobble Paving stone on net is a versatile and durable flooring solution that offers<\/p>","protected":false},"featured_media":26731,"template":"","meta":[],"product_cat":[112],"product_tag":[],"_links":{"self":[{"href":"https:\/\/stone-phoenix.com\/fr\/wp-json\/wp\/v2\/product\/20987"}],"collection":[{"href":"https:\/\/stone-phoenix.com\/fr\/wp-json\/wp\/v2\/product"}],"about":[{"href":"https:\/\/stone-phoenix.com\/fr\/wp-json\/wp\/v2\/types\/product"}],"wp:featuredmedia":[{"embeddable":true,"href":"https:\/\/stone-phoenix.com\/fr\/wp-json\/wp\/v2\/media\/26731"}],"wp:attachment":[{"href":"https:\/\/stone-phoenix.com\/fr\/wp-json\/wp\/v2\/media?parent=20987"}],"wp:term":[{"taxonomy":"product_cat","embeddable":true,"href":"https:\/\/stone-phoenix.com\/fr\/wp-json\/wp\/v2\/product_cat?post=20987"},{"taxonomy":"product_tag","embeddable":true,"href":"https:\/\/stone-phoenix.com\/fr\/wp-json\/wp\/v2\/product_tag?post=20987"}],"curies":[{"name":"wp","href":"https:\/\/api.w.org\/{rel}","templated":true}]}}