{"id":20993,"date":"2023-12-29T20:27:50","date_gmt":"2023-12-29T12:27:50","guid":{"rendered":"http:\/\/stone-phoenix.com\/product\/chinese-granite-stone-manufacturer-pearl-white-granite"},"modified":"2024-03-28T10:55:24","modified_gmt":"2024-03-28T02:55:24","slug":"chinese-granite-stone-manufacturer-pearl-white-granite","status":"publish","type":"product","link":"https:\/\/stone-phoenix.com\/fr\/produit\/chinese-granite-stone-manufacturer-pearl-white-granite","title":{"rendered":"Fabricant chinois de pierres de granit Granit blanc perle"},"content":{"rendered":"<div id=\"tab-description\" class=\"woocommerce-Tabs-panel woocommerce-Tabs-panel--description panel entry-content wc-tab\" role=\"tabpanel\" aria-labelledby=\"tab-title-description\">\n<h2><span style=\"font-size: 18pt;\">Fabricant chinois de pierres de granit Granit blanc perle<\/span><\/h2>\n<div class=\"group w-full text-gray-800 dark:text-gray-100 border-b border-black\/10 dark:border-gray-900\/50 bg-gray-50 dark:bg-[#444654]\">\n<div class=\"text-base gap-4 md:gap-6 md:max-w-2xl lg:max-w-xl xl:max-w-3xl p-4 md:py-6 flex lg:px-0 m-auto\">\n<div class=\"relative flex w-[calc(100%-50px)] flex-col gap-1 md:gap-3 lg:w-[calc(100%-115px)]\">\n<div class=\"flex flex-grow flex-col gap-3\">\n<div class=\"min-h-[20px] flex flex-col items-start gap-4 whitespace-pre-wrap\">\n<div class=\"markdown prose w-full break-words dark:prose-invert light\">\n<p>Fabricant chinois de pierres de granit, nous sommes fiers de vous proposer notre granit blanc perl\u00e9. Cette pierre naturelle \u00e9tonnante est connue pour sa beaut\u00e9 exceptionnelle, sa durabilit\u00e9 et sa polyvalence, ce qui en fait un choix populaire pour diverses applications dans les environnements r\u00e9sidentiels et commerciaux.<\/p>\n<p>Notre granit blanc nacr\u00e9 pr\u00e9sente une combinaison unique de couleurs, dont le blanc, le gris et le noir, avec des mouchetures et des veines complexes qui ajoutent de la profondeur et du caract\u00e8re \u00e0 son apparence. La finition polie de ce granit fait ressortir son \u00e9clat naturel, cr\u00e9ant un aspect luxueux et sophistiqu\u00e9.<\/p>\n<p>Gr\u00e2ce \u00e0 son excellente duret\u00e9 et \u00e0 sa r\u00e9sistance \u00e0 l'usure, \u00e0 la chaleur et \u00e0 l'humidit\u00e9, le granit blanc nacr\u00e9 est id\u00e9al pour un large \u00e9ventail d'applications, notamment les plans de travail, les meubles-lavabos, les sols, les rev\u00eatements muraux et les am\u00e9nagements ext\u00e9rieurs. Sa durabilit\u00e9 en fait un mat\u00e9riau adapt\u00e9 aux zones tr\u00e8s fr\u00e9quent\u00e9es, telles que les cuisines et les salles de bains, o\u00f9 il peut r\u00e9sister aux rigueurs d'une utilisation quotidienne.<\/p>\n<p>Outre sa durabilit\u00e9, le granit blanc nacr\u00e9 est \u00e9galement tr\u00e8s polyvalent en termes de design. Sa palette de couleurs neutres s'accorde avec un large \u00e9ventail de styles d'int\u00e9rieur, du traditionnel au moderne, et il peut \u00eatre facilement associ\u00e9 \u00e0 d'autres mat\u00e9riaux et couleurs pour cr\u00e9er des designs uniques et personnalis\u00e9s. Qu'il soit utilis\u00e9 comme point focal ou comme toile de fond subtile, notre granit blanc nacr\u00e9 ajoute une touche d'\u00e9l\u00e9gance et de sophistication \u00e0 n'importe quel espace.<\/p>\n<p>En tant que fabricant chinois r\u00e9put\u00e9 de pierres de granit, nous sommes fiers de notre engagement en faveur de la qualit\u00e9 et de la satisfaction de nos clients. Notre granit blanc nacr\u00e9 est soigneusement s\u00e9lectionn\u00e9 et trait\u00e9 pour garantir une couleur, un motif et une qualit\u00e9 homog\u00e8nes. Nous proposons \u00e9galement une large gamme de tailles, de finitions et de profils d'ar\u00eates pour r\u00e9pondre aux divers besoins de nos clients.<\/p>\n<p>D'une beaut\u00e9, d'une durabilit\u00e9 et d'une polyvalence exceptionnelles, notre granit blanc nacr\u00e9 est le choix id\u00e9al pour ajouter une touche de luxe et de sophistication \u00e0 vos espaces int\u00e9rieurs et ext\u00e9rieurs. Choisissez notre granit blanc nacr\u00e9 pour votre prochain projet et d\u00e9couvrez l'\u00e9l\u00e9gance intemporelle et la durabilit\u00e9 de cette pierre naturelle exquise.<\/p>\n<\/div>\n<\/div>\n<\/div>\n<div class=\"flex justify-between lg:block\">\n<div class=\"text-gray-400 flex self-end lg:self-center justify-center mt-2 gap-2 md:gap-3 lg:gap-1 lg:absolute lg:top-0 lg:translate-x-full lg:right-0 lg:mt-0 lg:pl-2 visible\"><\/div>\n<\/div>\n<\/div>\n<\/div>\n<\/div>\n<table style=\"height: 383px;\" width=\"1361\">\n<tbody>\n<tr>\n<td width=\"121\">Mat\u00e9riau<\/td>\n<td width=\"125\">Couleur primaire<\/td>\n<td width=\"193\">Produit<\/td>\n<td width=\"231\">Taille (cm)<\/td>\n<td width=\"156\">Finition<\/td>\n<td width=\"72\">Densit\u00e9<br \/>\n(g\/cm3)<\/td>\n<td width=\"116\">Absorption de l'eau<br \/>\n(%)<\/td>\n<\/tr>\n<tr>\n<td>Granit blanc nacr\u00e9<\/td>\n<td>Blanc<\/td>\n<td width=\"193\">Dalle<br \/>\nCarrelage<br \/>\nEscalier<br \/>\nPav\u00e9s<br \/>\nKerbstone<br \/>\nAppui de fen\u00eatre<br \/>\nComptoir<br \/>\nEtc<\/td>\n<td width=\"231\">240up x120up x2\/3\/5\/6<br \/>\n240up x70up x2\/3\/5\/6<br \/>\n60\u00d730\/60\u00d71\/1.5\/2\/3<br \/>\n100-160x34x3<br \/>\n100-160x15x2<br \/>\nLongueurx20x8<br \/>\nLongueurx25x10<br \/>\n10x10x5<br \/>\n10x20x5<br \/>\nEtc<\/td>\n<td width=\"156\">Poli<br \/>\nHonor\u00e9<br \/>\nFlamm\u00e9<br \/>\nFlamm\u00e9 et bross\u00e9<br \/>\nBushhamerred<br \/>\nSablage<br \/>\nEtc<\/td>\n<td>2.61<\/td>\n<td>0.27<\/td>\n<\/tr>\n<\/tbody>\n<\/table>\n<p><img loading=\"lazy\" decoding=\"async\" class=\"alignnone size-full wp-image-20995\" src=\"http:\/\/stone-phoenix.com\/wp-content\/uploads\/2023\/12\/1703881670.jpg\" width=\"927\" height=\"600\" srcset=\"https:\/\/stone-phoenix.com\/wp-content\/uploads\/2023\/12\/1703881670.jpg 927w, https:\/\/stone-phoenix.com\/wp-content\/uploads\/2023\/12\/1703881670-300x194.jpg 300w, https:\/\/stone-phoenix.com\/wp-content\/uploads\/2023\/12\/1703881670-768x497.jpg 768w, https:\/\/stone-phoenix.com\/wp-content\/uploads\/2023\/12\/1703881670-18x12.jpg 18w, https:\/\/stone-phoenix.com\/wp-content\/uploads\/2023\/12\/1703881670-600x388.jpg 600w, https:\/\/stone-phoenix.com\/wp-content\/uploads\/2023\/12\/1703881670-150x97.jpg 150w\" sizes=\"(max-width: 927px) 100vw, 927px\" \/><\/p>\n<h2>Couleurs de pierre similaires<\/h2>\n<table style=\"border-collapse: collapse; width: 342px; height: 318px;\" border=\"0\" width=\"290\" cellspacing=\"0\" cellpadding=\"0\">\n<tbody>\n<tr style=\"height: 13.50pt;\">\n<td style=\"height: 13.50pt; width: 123.75pt;\" width=\"165\" height=\"18\">\n<figure id=\"attachment_5423\" class=\"wp-caption aligncenter\" style=\"width: 300px;\" aria-describedby=\"caption-attachment-5423\"><img loading=\"lazy\" decoding=\"async\" class=\"alignnone size-full wp-image-20996\" src=\"http:\/\/stone-phoenix.com\/wp-content\/uploads\/2023\/12\/1703881671.jpg\" width=\"300\" height=\"300\" srcset=\"https:\/\/stone-phoenix.com\/wp-content\/uploads\/2023\/12\/1703881671.jpg 300w, https:\/\/stone-phoenix.com\/wp-content\/uploads\/2023\/12\/1703881671-150x150.jpg 150w, https:\/\/stone-phoenix.com\/wp-content\/uploads\/2023\/12\/1703881671-12x12.jpg 12w\" sizes=\"(max-width: 300px) 100vw, 300px\" \/><\/figure>\n<p>G655 Granit<\/td>\n<td style=\"width: 93.75pt;\" width=\"125\">\n<figure id=\"attachment_5424\" class=\"wp-caption aligncenter\" style=\"width: 300px;\" aria-describedby=\"caption-attachment-5424\"><img loading=\"lazy\" decoding=\"async\" class=\"alignnone size-full wp-image-20997\" src=\"http:\/\/stone-phoenix.com\/wp-content\/uploads\/2023\/12\/1703881672.jpg\" width=\"300\" height=\"300\" srcset=\"https:\/\/stone-phoenix.com\/wp-content\/uploads\/2023\/12\/1703881672.jpg 300w, https:\/\/stone-phoenix.com\/wp-content\/uploads\/2023\/12\/1703881672-150x150.jpg 150w, https:\/\/stone-phoenix.com\/wp-content\/uploads\/2023\/12\/1703881672-12x12.jpg 12w\" sizes=\"(max-width: 300px) 100vw, 300px\" \/><\/figure>\n<p>Granit Galaxy blanc<\/td>\n<\/tr>\n<\/tbody>\n<\/table>\n<h2><\/h2>\n<\/div>","protected":false},"excerpt":{"rendered":"<p>Chinese Granite Stone Manufacturer Pearl White Granite Chinese granite stone manufacturer, we are proud to offer our exquisite Pearl White<\/p>","protected":false},"featured_media":20994,"template":"","meta":[],"product_cat":[112],"product_tag":[],"_links":{"self":[{"href":"https:\/\/stone-phoenix.com\/fr\/wp-json\/wp\/v2\/product\/20993"}],"collection":[{"href":"https:\/\/stone-phoenix.com\/fr\/wp-json\/wp\/v2\/product"}],"about":[{"href":"https:\/\/stone-phoenix.com\/fr\/wp-json\/wp\/v2\/types\/product"}],"wp:featuredmedia":[{"embeddable":true,"href":"https:\/\/stone-phoenix.com\/fr\/wp-json\/wp\/v2\/media\/20994"}],"wp:attachment":[{"href":"https:\/\/stone-phoenix.com\/fr\/wp-json\/wp\/v2\/media?parent=20993"}],"wp:term":[{"taxonomy":"product_cat","embeddable":true,"href":"https:\/\/stone-phoenix.com\/fr\/wp-json\/wp\/v2\/product_cat?post=20993"},{"taxonomy":"product_tag","embeddable":true,"href":"https:\/\/stone-phoenix.com\/fr\/wp-json\/wp\/v2\/product_tag?post=20993"}],"curies":[{"name":"wp","href":"https:\/\/api.w.org\/{rel}","templated":true}]}}