{"id":21004,"date":"2023-12-29T20:28:11","date_gmt":"2023-12-29T12:28:11","guid":{"rendered":"http:\/\/stone-phoenix.com\/product\/pink-granite-tile-pink-porrno-granite-g644-granite"},"modified":"2024-03-28T10:11:53","modified_gmt":"2024-03-28T02:11:53","slug":"pink-granite-tile-pink-porrno-granite-g644-granite","status":"publish","type":"product","link":"https:\/\/stone-phoenix.com\/fr\/produit\/pink-granite-tile-pink-porrno-granite-g644-granite","title":{"rendered":"carrelage en granit rose Granit rose porrno granit g644 granit"},"content":{"rendered":"<div id=\"tab-description\" class=\"woocommerce-Tabs-panel woocommerce-Tabs-panel--description panel entry-content wc-tab\" role=\"tabpanel\" aria-labelledby=\"tab-title-description\">\n<div id=\"ali-anchor-AliPostDhMb-6q8vw\" style=\"padding-top: 8px;\" data-section=\"AliPostDhMb-6q8vw\" data-section-title=\"Product Description\">\n<h2 style=\"text-align: left;\">carrelage en granit rose Granit rose porrno granit g644 granit<\/h2>\n<p>Le carrelage en granit rose est un produit en pierre naturelle fabriqu\u00e9 \u00e0 partir de granit, une roche m\u00e9tamorphique. Les carreaux de granit rose ont un design \u00e9l\u00e9gant et une l\u00e9g\u00e8re brillance, ce qui en fait une excellente option pour votre cuisine ou votre salle de bain. Les carreaux de granit rose ont une grande surface avec une vari\u00e9t\u00e9 de styles et de tailles de sortie, ce qui vous donne plus de cr\u00e9ativit\u00e9 avec votre travail de carrelage. Il est \u00e9galement pratique de l'utiliser comme bureau ou table en plus de l'utiliser comme \u00e9l\u00e9ment d\u00e9coratif.<\/p>\n<p>Le rose n'est pas seulement la couleur standard de la mode aujourd'hui, mais aussi la couleur la plus populaire pour d\u00e9corer les int\u00e9rieurs avec des tons clairs, soulignant la perspective de la beaut\u00e9 naturelle. Ce produit est parfait pour les sols ext\u00e9rieurs ou int\u00e9rieurs, ainsi que pour les dosserets et les plans de travail, car il pr\u00e9sente l'un des meilleurs aspects et la plus grande durabilit\u00e9 de tous les carreaux de granit disponibles sur le march\u00e9.<\/p>\n<p>Agr\u00e9ables et confortables, ces produits apporteront une touche de chaleur, de simplicit\u00e9 et de beaut\u00e9 \u00e0 votre int\u00e9rieur. Le carrelage en granit rose et blanc rend l'espace de vie plus beau que jamais. Le carrelage en granit rose est un produit de haute qualit\u00e9 issu de la cha\u00eene de production du granit. Fabriqu\u00e9s \u00e0 partir de mat\u00e9riaux naturels, ils sont tr\u00e8s r\u00e9sistants et durables.<\/p>\n<div id=\"ali-title-AliPostDhMb-6q8vw\" style=\"padding: 8px 0; border-bottom: 1px solid #ddd;\"><span style=\"background-color: #ddd; color: #333; font-weight: bold; padding: 8px 10px; line-height: 12px;\">Description du produit<\/span><\/div>\n<div style=\"padding: 10px 0;\">\n<table class=\"aliDataTable\" style=\"color: #000000; font-family: Arial; font-size: 12px; font-style: normal; font-weight: 400; background-color: #ffffff; width: 698px; height: 226px; border: 1px solid #b3b3b3;\">\n<tbody>\n<tr>\n<td style=\"border: 1px solid #707070; width: 159.663px;\"><strong><span style=\"font-family: arial, helvetica, sans-serif; font-size: 14px;\">Nom du produit :<\/span><\/strong><\/td>\n<td style=\"border: 1px solid #707070; width: 553.337px;\">Granit rose porrno g644 granit<\/td>\n<\/tr>\n<tr>\n<td style=\"border: 1px solid #707070; width: 159.663px;\"><strong><span style=\"font-family: arial, helvetica, sans-serif; font-size: 14px;\">Mat\u00e9riau :<\/span><\/strong><\/td>\n<td style=\"border: 1px solid #707070; width: 553.337px;\">Nouveau G664 Granit<\/td>\n<\/tr>\n<tr>\n<td style=\"border: 1px solid #707070; width: 159.663px;\"><strong><span style=\"font-family: arial, helvetica, sans-serif; font-size: 14px;\">Couleur :<\/span><\/strong><\/td>\n<td style=\"border: 1px solid #707070; width: 553.337px;\"><span style=\"font-family: arial, helvetica, sans-serif;\"><span style=\"font-size: 14px;\">Rouge<\/span><\/span><\/td>\n<\/tr>\n<tr>\n<td style=\"border: 1px solid #707070; width: 159.663px;\" rowspan=\"3\"><strong><span style=\"font-family: arial, helvetica, sans-serif; font-size: 14px;\">Taille :<\/span><\/strong><\/td>\n<td style=\"border: 1px solid #707070; width: 553.337px;\"><span style=\"text-decoration: underline;\"><span style=\"font-size: 14px;\">Carreaux disponibles <\/span><\/span><br \/>\n<span style=\"font-size: 14px;\">12\u2019x12\u2033,24\u2019x24\u2033,12\u2019x24\u2033,etc <\/span><span style=\"font-size: 14px;\">300x300mm,300x600mm,400x400mm,600x600mm,etc<\/span><\/td>\n<\/tr>\n<tr>\n<td style=\"border: 1px solid #707070; width: 553.337px;\"><span style=\"text-decoration: underline;\"><span style=\"font-size: 14px;\">Dalles disponibles <\/span><\/span><\/p>\n<p><span style=\"font-size: 14px;\">180cmUpx60UP,180cmUpx65cmUP,180cmUpx70cmUP,etc<\/span><br \/>\n<span style=\"font-size: 14px;\">240cmUpx120cmUP,etc<\/span><\/td>\n<\/tr>\n<tr>\n<td style=\"border: 1px solid #707070; width: 553.337px;\"><span style=\"font-family: arial, helvetica, sans-serif; font-size: 14px;\">Des sp\u00e9cifications personnalis\u00e9es sont disponibles<\/span><\/td>\n<\/tr>\n<tr>\n<td style=\"border: 1px solid #707070; width: 159.663px;\"><strong><span style=\"font-family: arial, helvetica, sans-serif; font-size: 14px;\">Tol\u00e9rance d'\u00e9paisseur :<\/span><\/strong><\/td>\n<td style=\"border: 1px solid #707070; width: 553.337px;\"><span style=\"font-family: arial, helvetica, sans-serif; font-size: 14px;\">\u00b10,05mm, \u00b11mm, \u00b11,5mm, \u00b12mm, selon les exigences de qualit\u00e9 du client<\/span><\/td>\n<\/tr>\n<tr>\n<td style=\"border: 1px solid #707070; width: 159.663px;\"><strong><span style=\"font-family: arial, helvetica, sans-serif; font-size: 14px;\">Surface :<\/span><\/strong><\/td>\n<td style=\"border: 1px solid #707070; width: 553.337px;\"><span style=\"font-family: arial, helvetica, sans-serif; font-size: 14px;\">P<\/span><span style=\"font-size: 14px;\">ol\u00e9, adouci, flamm\u00e9, sabl\u00e9, bouchard\u00e9, fendu naturel, flamm\u00e9 et bross\u00e9, etc.<\/span><\/td>\n<\/tr>\n<tr>\n<td style=\"border: 1px solid #707070; width: 159.663px;\"><strong><span style=\"font-family: arial, helvetica, sans-serif; font-size: 14px;\">Emballage :<\/span><\/strong><\/td>\n<td style=\"border: 1px solid #707070; width: 553.337px;\"><span style=\"font-size: 14px;\">Palettes en bois en \u00e9tat de navigabilit\u00e9, fardeaux en bois et caisses en bois<\/span><\/td>\n<\/tr>\n<tr>\n<td style=\"border: 1px solid #707070; width: 159.663px;\"><strong><span style=\"font-family: arial, helvetica, sans-serif; font-size: 14px;\">Application :<\/span><\/strong><\/td>\n<td style=\"border: 1px solid #707070; width: 553.337px;\"><span style=\"font-family: arial, helvetica, sans-serif; font-size: 14px;\">Sol, mur, motif, comptoir, d\u00e9coration int\u00e9rieure et ext\u00e9rieure<\/span><\/td>\n<\/tr>\n<tr>\n<td style=\"border: 1px solid #707070; width: 159.663px;\"><strong><span style=\"font-family: arial, helvetica, sans-serif; font-size: 14px;\">D\u00e9lai de livraison :<\/span><\/strong><\/td>\n<td style=\"border: 1px solid #707070; width: 553.337px;\"><span style=\"font-size: 14px;\">15-20 jours pour l'enregistrement<\/span><span style=\"font-family: arial, helvetica, sans-serif; font-size: 14px;\">tailles lar<\/span><\/td>\n<\/tr>\n<tr>\n<td style=\"border: 1px solid #707070; width: 159.663px;\"><strong><span style=\"font-family: arial, helvetica, sans-serif; font-size: 14px;\">Certificat :<\/span><\/strong><\/td>\n<td style=\"border: 1px solid #707070; width: 553.337px;\"><span style=\"font-family: arial, helvetica, sans-serif; font-size: 14px;\">CE, SGS<\/span><\/td>\n<\/tr>\n<tr>\n<td style=\"border: 1px solid #707070; width: 159.663px;\"><strong><span style=\"font-family: arial, helvetica, sans-serif; font-size: 14px;\">Conditions de paiement :<\/span><\/strong><\/td>\n<td style=\"border: 1px solid #707070; width: 553.337px;\"><span style=\"font-size: 14px;\">T\/T, L\/C, D<span style=\"color: #000000; font-family: Verdana, Arial, Helvetica, sans-serif; font-size: 14px; font-style: normal; font-weight: 400; background-color: #ffffff; float: none;\">\/<\/span>P<\/span><\/td>\n<\/tr>\n<tr>\n<td style=\"border: 1px solid #707070; width: 159.663px;\"><strong><span style=\"font-family: arial, helvetica, sans-serif; font-size: 14px;\">Avantage :<\/span><\/strong><\/td>\n<td style=\"border: 1px solid #707070; width: 553.337px;\"><span style=\"font-family: arial, helvetica, sans-serif; font-size: 14px;\">1) Service unique pour la pierre ;<\/span><\/p>\n<p><span style=\"font-family: arial, helvetica, sans-serif; font-size: 14px;\">2) poss\u00e8dent 3 carri\u00e8res et 9 usines ;<\/span><\/p>\n<p><span style=\"font-family: arial, helvetica, sans-serif; font-size: 14px;\">3) Des supports technologiques de pointe.<\/span><\/td>\n<\/tr>\n<tr>\n<td style=\"border: 1px solid #707070; width: 159.663px;\"><strong><span style=\"font-family: arial, helvetica, sans-serif; font-size: 14px;\">Assurance de la qualit\u00e9 et de la livraison :\u00a0<\/span><\/strong><\/td>\n<td style=\"border: 1px solid #707070; width: 553.337px;\"><span style=\"font-size: 14px;\">Tout au long du processus de production, du choix des mat\u00e9riaux \u00e0 l'emballage en passant par la fabrication, notre service de contr\u00f4le de la qualit\u00e9 contr\u00f4le rigoureusement chaque pi\u00e8ce et chaque processus afin de garantir le respect des normes de qualit\u00e9 et le respect des d\u00e9lais de livraison.<\/span><\/td>\n<\/tr>\n<\/tbody>\n<\/table>\n<p style=\"text-align: left;\"><img loading=\"lazy\" decoding=\"async\" class=\"alignnone wp-image-26715\" src=\"http:\/\/stone-phoenix.com\/wp-content\/uploads\/2023\/12\/pink-granite-tile-Pink-porrno-granite-g644-granite-5-1.jpg\" alt=\"\" width=\"954\" height=\"1321\" srcset=\"https:\/\/stone-phoenix.com\/wp-content\/uploads\/2023\/12\/pink-granite-tile-Pink-porrno-granite-g644-granite-5-1.jpg 811w, https:\/\/stone-phoenix.com\/wp-content\/uploads\/2023\/12\/pink-granite-tile-Pink-porrno-granite-g644-granite-5-1-217x300.jpg 217w, https:\/\/stone-phoenix.com\/wp-content\/uploads\/2023\/12\/pink-granite-tile-Pink-porrno-granite-g644-granite-5-1-740x1024.jpg 740w, https:\/\/stone-phoenix.com\/wp-content\/uploads\/2023\/12\/pink-granite-tile-Pink-porrno-granite-g644-granite-5-1-768x1063.jpg 768w, https:\/\/stone-phoenix.com\/wp-content\/uploads\/2023\/12\/pink-granite-tile-Pink-porrno-granite-g644-granite-5-1-9x12.jpg 9w, https:\/\/stone-phoenix.com\/wp-content\/uploads\/2023\/12\/pink-granite-tile-Pink-porrno-granite-g644-granite-5-1-600x831.jpg 600w, https:\/\/stone-phoenix.com\/wp-content\/uploads\/2023\/12\/pink-granite-tile-Pink-porrno-granite-g644-granite-5-1-150x208.jpg 150w\" sizes=\"(max-width: 954px) 100vw, 954px\" \/> <img loading=\"lazy\" decoding=\"async\" class=\"alignnone size-full wp-image-26716\" src=\"http:\/\/stone-phoenix.com\/wp-content\/uploads\/2023\/12\/pink-granite-tile-Pink-porrno-granite-g644-granite-6.jpg\" alt=\"\" width=\"1113\" height=\"1114\" srcset=\"https:\/\/stone-phoenix.com\/wp-content\/uploads\/2023\/12\/pink-granite-tile-Pink-porrno-granite-g644-granite-6.jpg 1113w, https:\/\/stone-phoenix.com\/wp-content\/uploads\/2023\/12\/pink-granite-tile-Pink-porrno-granite-g644-granite-6-300x300.jpg 300w, https:\/\/stone-phoenix.com\/wp-content\/uploads\/2023\/12\/pink-granite-tile-Pink-porrno-granite-g644-granite-6-1024x1024.jpg 1024w, https:\/\/stone-phoenix.com\/wp-content\/uploads\/2023\/12\/pink-granite-tile-Pink-porrno-granite-g644-granite-6-150x150.jpg 150w, https:\/\/stone-phoenix.com\/wp-content\/uploads\/2023\/12\/pink-granite-tile-Pink-porrno-granite-g644-granite-6-768x769.jpg 768w, https:\/\/stone-phoenix.com\/wp-content\/uploads\/2023\/12\/pink-granite-tile-Pink-porrno-granite-g644-granite-6-12x12.jpg 12w, https:\/\/stone-phoenix.com\/wp-content\/uploads\/2023\/12\/pink-granite-tile-Pink-porrno-granite-g644-granite-6-600x601.jpg 600w\" sizes=\"(max-width: 1113px) 100vw, 1113px\" \/><img loading=\"lazy\" decoding=\"async\" class=\"alignnone wp-image-26717\" src=\"http:\/\/stone-phoenix.com\/wp-content\/uploads\/2023\/12\/pink-granite-tile-Pink-porrno-granite-g644-granite-1-1.jpg\" alt=\"\" width=\"957\" height=\"1327\" srcset=\"https:\/\/stone-phoenix.com\/wp-content\/uploads\/2023\/12\/pink-granite-tile-Pink-porrno-granite-g644-granite-1-1.jpg 504w, https:\/\/stone-phoenix.com\/wp-content\/uploads\/2023\/12\/pink-granite-tile-Pink-porrno-granite-g644-granite-1-1-216x300.jpg 216w, https:\/\/stone-phoenix.com\/wp-content\/uploads\/2023\/12\/pink-granite-tile-Pink-porrno-granite-g644-granite-1-1-9x12.jpg 9w, https:\/\/stone-phoenix.com\/wp-content\/uploads\/2023\/12\/pink-granite-tile-Pink-porrno-granite-g644-granite-1-1-150x208.jpg 150w\" sizes=\"(max-width: 957px) 100vw, 957px\" \/><\/p>\n<\/div>\n<div style=\"padding: 10px 0px; text-align: center;\"><\/div>\n<div><\/div>\n<div><\/div>\n<div><\/div>\n<div><\/div>\n<div><\/div>\n<div><\/div>\n<div><\/div>\n<div><\/div>\n<div><\/div>\n<div><\/div>\n<div><\/div>\n<div><\/div>\n<div><\/div>\n<div><\/div>\n<div><\/div>\n<div><\/div>\n<div><\/div>\n<div><\/div>\n<div><\/div>\n<div><\/div>\n<div><\/div>\n<div><\/div>\n<div><\/div>\n<div><\/div>\n<div><\/div>\n<div><\/div>\n<div><\/div>\n<div><\/div>\n<div><\/div>\n<div><\/div>\n<div><\/div>\n<div><\/div>\n<div><\/div>\n<div><\/div>\n<div style=\"padding: 10px 0px; text-align: center;\"><\/div>\n<div style=\"padding: 10px 0px; text-align: center;\"><\/div>\n<div style=\"padding: 10px 0px; text-align: center;\"><\/div>\n<div style=\"padding: 10px 0px; text-align: center;\"><\/div>\n<\/div>\n<div style=\"padding: 10px 0px; text-align: center;\"><\/div>\n<div><\/div>\n<div><\/div>\n<div><\/div>\n<div><\/div>\n<div><\/div>\n<div><\/div>\n<div><\/div>\n<div><\/div>\n<div><\/div>\n<div><\/div>\n<div><\/div>\n<div><\/div>\n<div><\/div>\n<div><\/div>\n<div><\/div>\n<div><\/div>\n<div><\/div>\n<div><\/div>\n<div><\/div>\n<div><\/div>\n<div><\/div>\n<div><\/div>\n<div><\/div>\n<div><\/div>\n<div><\/div>\n<div><\/div>\n<div><\/div>\n<div><\/div>\n<div><\/div>\n<div><\/div>\n<div><\/div>\n<div><\/div>\n<div><\/div>\n<div><\/div>\n<div><\/div>\n<div><\/div>\n<div><\/div>\n<div><\/div>\n<div><\/div>\n<div><\/div>\n<div><\/div>\n<div id=\"ali-anchor-AliPostDhMb-6q8vw\" style=\"padding-top: 8px;\" data-section=\"AliPostDhMb-6q8vw\" data-section-title=\"Product Description\">\n<div style=\"padding: 10px 0px; text-align: center;\"><\/div>\n<div style=\"padding: 10px 0px; text-align: center;\"><\/div>\n<\/div>\n<div><\/div>\n<div><\/div>\n<div><\/div>\n<div><\/div>\n<div><\/div>\n<div><\/div>\n<div><\/div>\n<div><\/div>\n<div><\/div>\n<div><\/div>\n<div><\/div>\n<div><\/div>\n<div><\/div>\n<\/div>","protected":false},"excerpt":{"rendered":"<p>pink granite tile Pink porrno granite g644 granite pink granite tile is a natural stone product that is made from<\/p>","protected":false},"featured_media":26710,"template":"","meta":[],"product_cat":[112],"product_tag":[],"_links":{"self":[{"href":"https:\/\/stone-phoenix.com\/fr\/wp-json\/wp\/v2\/product\/21004"}],"collection":[{"href":"https:\/\/stone-phoenix.com\/fr\/wp-json\/wp\/v2\/product"}],"about":[{"href":"https:\/\/stone-phoenix.com\/fr\/wp-json\/wp\/v2\/types\/product"}],"wp:featuredmedia":[{"embeddable":true,"href":"https:\/\/stone-phoenix.com\/fr\/wp-json\/wp\/v2\/media\/26710"}],"wp:attachment":[{"href":"https:\/\/stone-phoenix.com\/fr\/wp-json\/wp\/v2\/media?parent=21004"}],"wp:term":[{"taxonomy":"product_cat","embeddable":true,"href":"https:\/\/stone-phoenix.com\/fr\/wp-json\/wp\/v2\/product_cat?post=21004"},{"taxonomy":"product_tag","embeddable":true,"href":"https:\/\/stone-phoenix.com\/fr\/wp-json\/wp\/v2\/product_tag?post=21004"}],"curies":[{"name":"wp","href":"https:\/\/api.w.org\/{rel}","templated":true}]}}