{"id":21010,"date":"2023-12-29T20:28:20","date_gmt":"2023-12-29T12:28:20","guid":{"rendered":"http:\/\/stone-phoenix.com\/product\/polish-granite-tile-black-pearl-g684"},"modified":"2024-03-28T09:48:23","modified_gmt":"2024-03-28T01:48:23","slug":"polish-granite-tile-black-pearl-g684","status":"publish","type":"product","link":"https:\/\/stone-phoenix.com\/fr\/produit\/polish-granite-tile-black-pearl-g684","title":{"rendered":"Carreau de granit polonais Black Pearl G684"},"content":{"rendered":"<div id=\"tab-description\" class=\"woocommerce-Tabs-panel woocommerce-Tabs-panel--description panel entry-content wc-tab\" role=\"tabpanel\" aria-labelledby=\"tab-title-description\">\n<div id=\"ali-anchor-AliPostDhMb-6q8vw\" style=\"padding-top: 8px;\" data-section=\"AliPostDhMb-6q8vw\" data-section-title=\"Product Description\">\n<div>\n<h2>Carreau de granit polonais Black Pearl G684<\/h2>\n<p>Les carreaux de granit polonais sont un choix populaire pour les rev\u00eatements de sol, les comptoirs et d'autres surfaces en raison de leur durabilit\u00e9, de leur polyvalence et de leur aspect attrayant. Le granit est une pierre naturelle form\u00e9e pendant des millions d'ann\u00e9es \u00e0 partir de magma en fusion et refroidie sous terre. Compos\u00e9 de quartz, de feldspath et de mica, il est connu pour sa surface dure et non poreuse et pour sa r\u00e9sistance aux taches et aux rayures.<\/p>\n<p>Les carreaux de granit polis sont obtenus en pon\u00e7ant et en polissant la surface des carreaux jusqu'\u00e0 ce qu'ils soient lisses et brillants. Ce processus permet d'\u00e9liminer les asp\u00e9rit\u00e9s et les irr\u00e9gularit\u00e9s et de mettre en valeur la beaut\u00e9 naturelle de la pierre. Les carreaux sont ensuite scell\u00e9s pour les prot\u00e9ger des taches et les rendre plus faciles \u00e0 nettoyer.<\/p>\n<p>L'un des avantages de l'utilisation de carreaux de granit poli est leur durabilit\u00e9. Le granit est un mat\u00e9riau tr\u00e8s dur et dense, ce qui le rend r\u00e9sistant aux rayures, aux \u00e9clats et aux taches. Il r\u00e9siste \u00e9galement \u00e0 la chaleur et aux rayons UV, ce qui en fait un choix appropri\u00e9 pour les surfaces ext\u00e9rieures. En outre, les dalles en granit poli sont faciles \u00e0 nettoyer et \u00e0 entretenir. Ils peuvent \u00eatre nettoy\u00e9s avec un chiffon humide ou un d\u00e9tergent doux, et ne n\u00e9cessitent pas de produits de nettoyage sp\u00e9ciaux ou de scellement fr\u00e9quent.<\/p>\n<p>Les carreaux de granit poli sont \u00e9galement polyvalents en termes de design. Ils sont disponibles dans une large gamme de couleurs et de motifs, et peuvent \u00eatre utilis\u00e9s dans une grande vari\u00e9t\u00e9 de contextes. Du traditionnel au moderne, il existe un carreau de granit adapt\u00e9 \u00e0 chaque d\u00e9cor. Ils sont \u00e9galement disponibles en diff\u00e9rentes tailles et formes, ce qui vous permet de cr\u00e9er un aspect unique et personnalis\u00e9 pour votre espace.<\/p>\n<p>Il y a quelques \u00e9l\u00e9ments \u00e0 prendre en compte lors de l'utilisation de carreaux de granit poli. Tout d'abord, ils peuvent \u00eatre co\u00fbteux par rapport \u00e0 d'autres types de rev\u00eatements de sol ou de comptoirs. Deuxi\u00e8mement, ils sont lourds et peuvent \u00eatre difficiles \u00e0 installer, de sorte que vous devrez peut-\u00eatre faire appel \u00e0 un professionnel pour les poser. Enfin, les carreaux de granit sont susceptibles de s'\u00e9br\u00e9cher s'ils sont heurt\u00e9s par des objets lourds, et vous devrez donc faire attention lorsque vous les manipulerez et les poserez.<\/p>\n<p>Dans l'ensemble, les carreaux de granit poli constituent un choix de haute qualit\u00e9 et durable pour les rev\u00eatements de sol et autres surfaces. Ils sont attrayants, faciles \u00e0 entretenir et conviennent \u00e0 une grande vari\u00e9t\u00e9 d'environnements. Bien qu'ils soient plus chers que d'autres mat\u00e9riaux, ils peuvent ajouter de la valeur \u00e0 votre maison et durer de nombreuses ann\u00e9es s'ils sont bien entretenus.<\/p>\n<\/div>\n<div><\/div>\n<div id=\"ali-title-AliPostDhMb-6q8vw\" style=\"padding: 8px 0; border-bottom: 1px solid #ddd;\"><span style=\"background-color: #ddd; color: #333; font-weight: bold; padding: 8px 10px; line-height: 12px;\">Description du produit<\/span><\/div>\n<div style=\"padding: 10px 0px;\">\n<table class=\"aliDataTable\" style=\"color: #000000; font-family: Arial; font-size: 12px; font-style: normal; font-weight: 400; background-color: #ffffff; width: 698px; height: 226px; border: 1px solid #b3b3b3;\">\n<tbody>\n<tr>\n<td style=\"border: 1px solid #707070; width: 159.663px;\"><strong><span style=\"font-family: arial, helvetica, sans-serif; font-size: 14px;\">Nom du produit :<\/span><\/strong><\/td>\n<td style=\"border: 1px solid #707070; width: 553.337px;\">Finition flamm\u00e9e et polie Granit Black Pearl G684<\/td>\n<\/tr>\n<tr>\n<td style=\"border: 1px solid #707070; width: 159.663px;\"><strong><span style=\"font-family: arial, helvetica, sans-serif; font-size: 14px;\">Mat\u00e9riau :<\/span><\/strong><\/td>\n<td style=\"border: 1px solid #707070; width: 553.337px;\"><span style=\"font-size: 14px;\">Granit<\/span><\/td>\n<\/tr>\n<tr>\n<td style=\"border: 1px solid #707070; width: 159.663px;\"><strong><span style=\"font-family: arial, helvetica, sans-serif; font-size: 14px;\">Couleur :<\/span><\/strong><\/td>\n<td style=\"border: 1px solid #707070; width: 553.337px;\"><span style=\"font-family: arial, helvetica, sans-serif; font-size: 14px;\">Blanc, noir, jaune, rouge, rose, gris, brun, bleu, vert, etc.<\/span><\/td>\n<\/tr>\n<tr>\n<td style=\"border: 1px solid #707070; width: 159.663px;\" rowspan=\"3\"><strong><span style=\"font-family: arial, helvetica, sans-serif; font-size: 14px;\">Taille :<\/span><\/strong><\/td>\n<td style=\"border: 1px solid #707070; width: 553.337px;\"><span style=\"text-decoration: underline;\"><span style=\"font-size: 14px;\">Carreaux disponibles <\/span><\/span><br \/>\n<span style=\"font-size: 14px;\">12\u2019x12\u2033,24\u2019x24\u2033,12\u2019x24\u2033,etc <\/span><span style=\"font-size: 14px;\">300x300mm,300x600mm,400x400mm,600x600mm,etc<\/span><\/td>\n<\/tr>\n<tr>\n<td style=\"border: 1px solid #707070; width: 553.337px;\"><span style=\"text-decoration: underline;\"><span style=\"font-size: 14px;\">Dalles disponibles <\/span><\/span><\/p>\n<p><span style=\"font-size: 14px;\">180cmUpx60UP,180cmUpx65cmUP,180cmUpx70cmUP,etc<\/span><br \/>\n<span style=\"font-size: 14px;\">240cmUpx120cmUP,etc<\/span><\/td>\n<\/tr>\n<tr>\n<td style=\"border: 1px solid #707070; width: 553.337px;\"><span style=\"font-family: arial, helvetica, sans-serif; font-size: 14px;\">Des sp\u00e9cifications personnalis\u00e9es sont disponibles<\/span><\/td>\n<\/tr>\n<tr>\n<td style=\"border: 1px solid #707070; width: 159.663px;\"><strong><span style=\"font-family: arial, helvetica, sans-serif; font-size: 14px;\">Tol\u00e9rance d'\u00e9paisseur :<\/span><\/strong><\/td>\n<td style=\"border: 1px solid #707070; width: 553.337px;\"><span style=\"font-family: arial, helvetica, sans-serif; font-size: 14px;\">\u00b10,05mm, \u00b11mm, \u00b11,5mm, \u00b12mm, selon les exigences de qualit\u00e9 du client<\/span><\/td>\n<\/tr>\n<tr>\n<td style=\"border: 1px solid #707070; width: 159.663px;\"><strong><span style=\"font-family: arial, helvetica, sans-serif; font-size: 14px;\">Surface :<\/span><\/strong><\/td>\n<td style=\"border: 1px solid #707070; width: 553.337px;\"><span style=\"font-family: arial, helvetica, sans-serif; font-size: 14px;\">P<\/span><span style=\"font-size: 14px;\">ol\u00e9, adouci, flamm\u00e9, sabl\u00e9, bouchard\u00e9, fendu naturel, flamm\u00e9 et bross\u00e9, etc.<\/span><\/td>\n<\/tr>\n<tr>\n<td style=\"border: 1px solid #707070; width: 159.663px;\"><strong><span style=\"font-family: arial, helvetica, sans-serif; font-size: 14px;\">Emballage :<\/span><\/strong><\/td>\n<td style=\"border: 1px solid #707070; width: 553.337px;\"><span style=\"font-size: 14px;\">Palettes en bois en \u00e9tat de navigabilit\u00e9, fardeaux en bois et caisses en bois<\/span><\/td>\n<\/tr>\n<tr>\n<td style=\"border: 1px solid #707070; width: 159.663px;\"><strong><span style=\"font-family: arial, helvetica, sans-serif; font-size: 14px;\">Application :<\/span><\/strong><\/td>\n<td style=\"border: 1px solid #707070; width: 553.337px;\"><span style=\"font-family: arial, helvetica, sans-serif; font-size: 14px;\">Sol, mur, motif, comptoir, d\u00e9coration int\u00e9rieure et ext\u00e9rieure<\/span><\/td>\n<\/tr>\n<tr>\n<td style=\"border: 1px solid #707070; width: 159.663px;\"><strong><span style=\"font-family: arial, helvetica, sans-serif; font-size: 14px;\">D\u00e9lai de livraison :<\/span><\/strong><\/td>\n<td style=\"border: 1px solid #707070; width: 553.337px;\"><span style=\"font-size: 14px;\">15-20 jours pour l'enregistrement<\/span><span style=\"font-family: arial, helvetica, sans-serif; font-size: 14px;\">tailles lar<\/span><\/td>\n<\/tr>\n<tr>\n<td style=\"border: 1px solid #707070; width: 159.663px;\"><strong><span style=\"font-family: arial, helvetica, sans-serif; font-size: 14px;\">Certificat :<\/span><\/strong><\/td>\n<td style=\"border: 1px solid #707070; width: 553.337px;\"><span style=\"font-family: arial, helvetica, sans-serif; font-size: 14px;\">CE, SGS<\/span><\/td>\n<\/tr>\n<tr>\n<td style=\"border: 1px solid #707070; width: 159.663px;\"><strong><span style=\"font-family: arial, helvetica, sans-serif; font-size: 14px;\">Conditions de paiement :<\/span><\/strong><\/td>\n<td style=\"border: 1px solid #707070; width: 553.337px;\"><span style=\"font-size: 14px;\">T\/T, L\/C, D<span style=\"color: #000000; font-family: Verdana, Arial, Helvetica, sans-serif; font-size: 14px; font-style: normal; font-weight: 400; background-color: #ffffff; float: none;\">\/<\/span>P<\/span><\/td>\n<\/tr>\n<tr>\n<td style=\"border: 1px solid #707070; width: 159.663px;\"><strong><span style=\"font-family: arial, helvetica, sans-serif; font-size: 14px;\">Avantage :<\/span><\/strong><\/td>\n<td style=\"border: 1px solid #707070; width: 553.337px;\"><span style=\"font-family: arial, helvetica, sans-serif; font-size: 14px;\">1) Service unique pour la pierre ;<\/span><\/p>\n<p><span style=\"font-family: arial, helvetica, sans-serif; font-size: 14px;\">2) poss\u00e8dent 3 carri\u00e8res et 9 usines ;<\/span><\/p>\n<p><span style=\"font-family: arial, helvetica, sans-serif; font-size: 14px;\">3) Des supports technologiques de pointe.<\/span><\/td>\n<\/tr>\n<tr>\n<td style=\"border: 1px solid #707070; width: 159.663px;\"><strong><span style=\"font-family: arial, helvetica, sans-serif; font-size: 14px;\">Assurance de la qualit\u00e9 et de la livraison :\u00a0<\/span><\/strong><\/td>\n<td style=\"border: 1px solid #707070; width: 553.337px;\"><span style=\"font-size: 14px;\">Tout au long du processus de production, du choix des mat\u00e9riaux \u00e0 l'emballage en passant par la fabrication, notre service de contr\u00f4le de la qualit\u00e9 contr\u00f4le rigoureusement chaque pi\u00e8ce et chaque processus afin de garantir le respect des normes de qualit\u00e9 et le respect des d\u00e9lais de livraison.<\/span><\/td>\n<\/tr>\n<\/tbody>\n<\/table>\n<\/div>\n<div style=\"padding: 10px 0px; text-align: center;\">\n<p>&nbsp;<\/p>\n<p><img loading=\"lazy\" decoding=\"async\" class=\"alignnone size-full wp-image-26705\" src=\"http:\/\/stone-phoenix.com\/wp-content\/uploads\/2023\/12\/Polish-Granite-Tile-Black-Pearl-G684-5-1.jpg\" alt=\"\" width=\"661\" height=\"592\" srcset=\"https:\/\/stone-phoenix.com\/wp-content\/uploads\/2023\/12\/Polish-Granite-Tile-Black-Pearl-G684-5-1.jpg 661w, https:\/\/stone-phoenix.com\/wp-content\/uploads\/2023\/12\/Polish-Granite-Tile-Black-Pearl-G684-5-1-300x269.jpg 300w, https:\/\/stone-phoenix.com\/wp-content\/uploads\/2023\/12\/Polish-Granite-Tile-Black-Pearl-G684-5-1-13x12.jpg 13w, https:\/\/stone-phoenix.com\/wp-content\/uploads\/2023\/12\/Polish-Granite-Tile-Black-Pearl-G684-5-1-600x537.jpg 600w, https:\/\/stone-phoenix.com\/wp-content\/uploads\/2023\/12\/Polish-Granite-Tile-Black-Pearl-G684-5-1-150x134.jpg 150w\" sizes=\"(max-width: 661px) 100vw, 661px\" \/><img loading=\"lazy\" decoding=\"async\" class=\"alignnone size-full wp-image-26707\" src=\"http:\/\/stone-phoenix.com\/wp-content\/uploads\/2023\/12\/Polish-Granite-Tile-Black-Pearl-G684-1-1.jpg\" alt=\"\" width=\"705\" height=\"544\" srcset=\"https:\/\/stone-phoenix.com\/wp-content\/uploads\/2023\/12\/Polish-Granite-Tile-Black-Pearl-G684-1-1.jpg 705w, https:\/\/stone-phoenix.com\/wp-content\/uploads\/2023\/12\/Polish-Granite-Tile-Black-Pearl-G684-1-1-300x231.jpg 300w, https:\/\/stone-phoenix.com\/wp-content\/uploads\/2023\/12\/Polish-Granite-Tile-Black-Pearl-G684-1-1-16x12.jpg 16w, https:\/\/stone-phoenix.com\/wp-content\/uploads\/2023\/12\/Polish-Granite-Tile-Black-Pearl-G684-1-1-600x463.jpg 600w, https:\/\/stone-phoenix.com\/wp-content\/uploads\/2023\/12\/Polish-Granite-Tile-Black-Pearl-G684-1-1-150x116.jpg 150w\" sizes=\"(max-width: 705px) 100vw, 705px\" \/><img loading=\"lazy\" decoding=\"async\" class=\"alignnone size-full wp-image-26706\" src=\"http:\/\/stone-phoenix.com\/wp-content\/uploads\/2023\/12\/Polish-Granite-Tile-Black-Pearl-G684-9-1.jpg\" alt=\"\" width=\"717\" height=\"715\" srcset=\"https:\/\/stone-phoenix.com\/wp-content\/uploads\/2023\/12\/Polish-Granite-Tile-Black-Pearl-G684-9-1.jpg 717w, https:\/\/stone-phoenix.com\/wp-content\/uploads\/2023\/12\/Polish-Granite-Tile-Black-Pearl-G684-9-1-300x300.jpg 300w, https:\/\/stone-phoenix.com\/wp-content\/uploads\/2023\/12\/Polish-Granite-Tile-Black-Pearl-G684-9-1-150x150.jpg 150w, https:\/\/stone-phoenix.com\/wp-content\/uploads\/2023\/12\/Polish-Granite-Tile-Black-Pearl-G684-9-1-12x12.jpg 12w, https:\/\/stone-phoenix.com\/wp-content\/uploads\/2023\/12\/Polish-Granite-Tile-Black-Pearl-G684-9-1-600x598.jpg 600w\" sizes=\"(max-width: 717px) 100vw, 717px\" \/><\/p>\n<\/div>\n<\/div>\n<\/div>","protected":false},"excerpt":{"rendered":"<p>Polish Granite Tile Black Pearl G684 Polish granite tile, a popular choice for flooring, countertops, and other surfaces due to<\/p>","protected":false},"featured_media":26709,"template":"","meta":[],"product_cat":[112],"product_tag":[],"_links":{"self":[{"href":"https:\/\/stone-phoenix.com\/fr\/wp-json\/wp\/v2\/product\/21010"}],"collection":[{"href":"https:\/\/stone-phoenix.com\/fr\/wp-json\/wp\/v2\/product"}],"about":[{"href":"https:\/\/stone-phoenix.com\/fr\/wp-json\/wp\/v2\/types\/product"}],"wp:featuredmedia":[{"embeddable":true,"href":"https:\/\/stone-phoenix.com\/fr\/wp-json\/wp\/v2\/media\/26709"}],"wp:attachment":[{"href":"https:\/\/stone-phoenix.com\/fr\/wp-json\/wp\/v2\/media?parent=21010"}],"wp:term":[{"taxonomy":"product_cat","embeddable":true,"href":"https:\/\/stone-phoenix.com\/fr\/wp-json\/wp\/v2\/product_cat?post=21010"},{"taxonomy":"product_tag","embeddable":true,"href":"https:\/\/stone-phoenix.com\/fr\/wp-json\/wp\/v2\/product_tag?post=21010"}],"curies":[{"name":"wp","href":"https:\/\/api.w.org\/{rel}","templated":true}]}}