{"id":21014,"date":"2023-12-29T20:28:28","date_gmt":"2023-12-29T12:28:28","guid":{"rendered":"http:\/\/stone-phoenix.com\/product\/black-galaxy-granite-fabricator-polished-india"},"modified":"2024-03-28T09:18:33","modified_gmt":"2024-03-28T01:18:33","slug":"black-galaxy-granite-fabricator-polished-india","status":"publish","type":"product","link":"https:\/\/stone-phoenix.com\/fr\/produit\/black-galaxy-granite-fabricator-polished-india","title":{"rendered":"granit galaxy noir fabricant de granit Polished India"},"content":{"rendered":"<div id=\"tab-description\" class=\"woocommerce-Tabs-panel woocommerce-Tabs-panel--description panel entry-content wc-tab\" role=\"tabpanel\" aria-labelledby=\"tab-title-description\">\n<div id=\"ali-anchor-AliPostDhMb-x3f13\" style=\"padding-top: 8px;\" data-section=\"AliPostDhMb-x3f13\" data-section-title=\"Product Description\">\n<div style=\"padding: 10px 0;\">\n<div class=\"w-full border-b border-black\/10 dark:border-gray-900\/50 text-gray-800 dark:text-gray-100 group bg-gray-50 dark:bg-[#444654]\">\n<div class=\"text-base gap-4 md:gap-6 m-auto md:max-w-2xl lg:max-w-2xl xl:max-w-3xl p-4 md:py-6 flex lg:px-0\">\n<div class=\"relative flex w-[calc(100%-50px)] flex-col gap-1 md:gap-3 lg:w-[calc(100%-115px)]\">\n<div class=\"flex flex-grow flex-col gap-3\">\n<div class=\"min-h-[20px] flex flex-col items-start gap-4 whitespace-pre-wrap\">\n<div class=\"markdown prose w-full break-words dark:prose-invert light\">\n<p>Un fabricant de granit black galaxy est un professionnel sp\u00e9cialis\u00e9 dans la d\u00e9coupe et le fa\u00e7onnage de dalles de granit black galaxy pour cr\u00e9er des comptoirs, des dosserets et d'autres \u00e9l\u00e9ments int\u00e9rieurs ou ext\u00e9rieurs personnalis\u00e9s. Le granit Black Galaxy est un type de pierre naturelle tr\u00e8s recherch\u00e9 pour son aspect unique, qui se caract\u00e9rise par de petites taches de cuivre et d'argent sur un fond noir. Il s'agit d'un choix populaire pour les applications r\u00e9sidentielles et commerciales haut de gamme en raison de sa durabilit\u00e9, de sa beaut\u00e9 et de sa polyvalence.<\/p>\n<p>Les fabricants de black galaxy granite travaillent en \u00e9troite collaboration avec les designers, les architectes, les constructeurs et les propri\u00e9taires pour cr\u00e9er des pi\u00e8ces personnalis\u00e9es qui r\u00e9pondent \u00e0 leurs exigences sp\u00e9cifiques en mati\u00e8re de design. Ils commencent g\u00e9n\u00e9ralement par examiner les plans et d\u00e9terminer la quantit\u00e9 appropri\u00e9e de black galaxy granite n\u00e9cessaire pour mener \u00e0 bien le projet. Ils mesurent et coupent ensuite soigneusement les dalles de granit pour les adapter \u00e0 l'espace, en utilisant des \u00e9quipements et des outils sp\u00e9cialis\u00e9s pour garantir la pr\u00e9cision des coupes et des ar\u00eates.<\/p>\n<p>Une fois les pi\u00e8ces de granit coup\u00e9es et fa\u00e7onn\u00e9es, les fabricants de granit black galaxy les polissent et les finissent pour leur donner l'aspect et le toucher souhait\u00e9s. Cela peut impliquer l'utilisation de diverses techniques pour faire ressortir les caract\u00e9ristiques uniques du granit, telles que l'am\u00e9lioration de la couleur ou de la brillance des mouchetures de cuivre et d'argent. Les fabricants peuvent \u00e9galement ajouter des bordures ou d'autres \u00e9l\u00e9ments de design pour personnaliser davantage la pi\u00e8ce.<\/p>\n<p>Outre la fabrication, les fabricants de granit black galaxy peuvent \u00e9galement proposer des services d'installation. Il s'agit de placer et de fixer soigneusement les pi\u00e8ces de granit dans l'espace d\u00e9sign\u00e9, en veillant \u00e0 ce qu'elles soient de niveau et correctement align\u00e9es. Les fabricants peuvent \u00e9galement appliquer un produit d'\u00e9tanch\u00e9it\u00e9 sur le granit pour le prot\u00e9ger des taches et autres dommages.<\/p>\n<p>Il est important de choisir un fabricant de granit black galaxy r\u00e9put\u00e9 et exp\u00e9riment\u00e9 pour s'assurer que le produit final r\u00e9pond \u00e0 vos attentes en mati\u00e8re de conception et qu'il est de haute qualit\u00e9. Lors de la s\u00e9lection d'un fabricant, il est important d'examiner son portefeuille de projets ant\u00e9rieurs, de lire les commentaires des clients et de demander des r\u00e9f\u00e9rences. Il est \u00e9galement important de tenir compte de son niveau d'exp\u00e9rience, de son \u00e9quipement et de ses outils, ainsi que de sa r\u00e9putation g\u00e9n\u00e9rale dans l'industrie.<\/p>\n<p>Dans l'ensemble, un fabricant de granit black galaxy est un partenaire important dans le processus de conception et de construction, qui vous aide \u00e0 donner vie \u00e0 votre vision gr\u00e2ce \u00e0 des pi\u00e8ces personnalis\u00e9es de haute qualit\u00e9 qui ajoutent de la beaut\u00e9 et de la valeur \u00e0 votre espace.<\/p>\n<\/div>\n<\/div>\n<\/div>\n<div class=\"flex justify-between\">\n<div class=\"text-gray-400 flex self-end lg:self-center justify-center mt-2 gap-3 md:gap-4 lg:gap-1 lg:absolute lg:top-0 lg:translate-x-full lg:right-0 lg:mt-0 lg:pl-2 visible\"><\/div>\n<\/div>\n<\/div>\n<\/div>\n<\/div>\n<\/div>\n<div style=\"padding: 10px 0;\">\n<table class=\"aliDataTable\" style=\"color: #000000; font-family: Arial; font-size: 12px; font-style: normal; font-weight: 400; background-color: #ffffff; width: 700px; height: 226px; border: 1px solid #b3b3b3;\">\n<tbody>\n<tr>\n<td style=\"border: 1px solid #707070; width: 156px;\"><strong><span style=\"font-family: arial, helvetica, sans-serif; font-size: 14px;\">Nom du produit :<\/span><\/strong><\/td>\n<td style=\"border: 1px solid #707070; width: 557px;\"><span style=\"font-family: arial, helvetica, sans-serif;\"><span style=\"font-size: 14px;\">Granit noir galaxy de l'Inde<\/span><\/span><\/td>\n<\/tr>\n<tr>\n<td style=\"border: 1px solid #707070; width: 156px;\"><strong><span style=\"font-family: arial, helvetica, sans-serif; font-size: 14px;\">Mat\u00e9riau :<\/span><\/strong><\/td>\n<td style=\"border: 1px solid #707070; width: 557px;\"><span style=\"font-size: 14px;\">Granit noir galaxy de l'Inde<\/span><\/td>\n<\/tr>\n<tr>\n<td style=\"border: 1px solid #707070; width: 156px;\"><strong><span style=\"font-family: arial, helvetica, sans-serif; font-size: 14px;\">Couleur :<\/span><\/strong><\/td>\n<td style=\"border: 1px solid #707070; width: 557px;\"><span style=\"font-family: arial, helvetica, sans-serif;\"><span style=\"font-size: 14px;\">Noir\u00a0<\/span><\/span><\/td>\n<\/tr>\n<tr>\n<td style=\"border: 1px solid #707070; width: 156px;\" rowspan=\"3\"><strong><span style=\"font-family: arial, helvetica, sans-serif; font-size: 14px;\">Taille :<\/span><\/strong><\/td>\n<td style=\"border: 1px solid #707070; width: 557px;\"><span style=\"text-decoration: underline;\"><span style=\"font-size: 14px;\">Carreaux disponibles <\/span><\/span><br \/>\n<span style=\"font-size: 14px;\">12\u2019x12\u2033,24\u2019x24\u2033,12\u2019x24\u2033,etc <\/span><span style=\"font-size: 14px;\">300x300mm,300x600mm,400x400mm,600x600mm,etc<\/span><\/td>\n<\/tr>\n<tr>\n<td style=\"border: 1px solid #707070; width: 557px;\"><span style=\"text-decoration: underline;\"><span style=\"font-size: 14px;\">Dalles disponibles <\/span><\/span><\/p>\n<p><span style=\"font-size: 14px;\">180cmUpx60UP,180cmUpx65cmUP,180cmUpx70cmUP,etc<\/span><br \/>\n<span style=\"font-size: 14px;\">240cmUpx120cmUP,etc<\/span><\/td>\n<\/tr>\n<tr>\n<td style=\"border: 1px solid #707070; width: 557px;\"><span style=\"font-family: arial, helvetica, sans-serif; font-size: 14px;\">Des sp\u00e9cifications personnalis\u00e9es sont disponibles<\/span><\/td>\n<\/tr>\n<tr>\n<td style=\"border: 1px solid #707070; width: 156px;\"><strong><span style=\"font-family: arial, helvetica, sans-serif; font-size: 14px;\">Tol\u00e9rance d'\u00e9paisseur :<\/span><\/strong><\/td>\n<td style=\"border: 1px solid #707070; width: 557px;\"><span style=\"font-family: arial, helvetica, sans-serif; font-size: 14px;\">\u00b10,05mm, \u00b11mm, \u00b11,5mm, \u00b12mm, selon les exigences de qualit\u00e9 du client<\/span><\/td>\n<\/tr>\n<tr>\n<td style=\"border: 1px solid #707070; width: 156px;\"><strong><span style=\"font-family: arial, helvetica, sans-serif; font-size: 14px;\">Surface :<\/span><\/strong><\/td>\n<td style=\"border: 1px solid #707070; width: 557px;\"><span style=\"font-family: arial, helvetica, sans-serif; font-size: 14px;\">Poli, adouci, flamm\u00e9, sabl\u00e9, bouchard\u00e9<span style=\"font-size: 14px;\">ed, antique,<\/span>fendu naturel, flamm\u00e9 et bross\u00e9,<\/span><span style=\"font-size: 14px;\">etc.<\/span><\/td>\n<\/tr>\n<tr>\n<td style=\"border: 1px solid #707070; width: 156px;\"><strong><span style=\"font-family: arial, helvetica, sans-serif; font-size: 14px;\">Emballage :<\/span><\/strong><\/td>\n<td style=\"border: 1px solid #707070; width: 557px;\"><span style=\"font-size: 14px;\">Palettes en bois en \u00e9tat de navigabilit\u00e9, fardeaux en bois et caisses en bois<\/span><\/td>\n<\/tr>\n<tr>\n<td style=\"border: 1px solid #707070; width: 156px;\"><strong><span style=\"font-family: arial, helvetica, sans-serif; font-size: 14px;\">Application :<\/span><\/strong><\/td>\n<td style=\"border: 1px solid #707070; width: 557px;\"><span style=\"font-family: arial, helvetica, sans-serif; font-size: 14px;\">Sol, mur, motif, comptoir, d\u00e9coration int\u00e9rieure et ext\u00e9rieure<\/span><\/td>\n<\/tr>\n<tr>\n<td style=\"border: 1px solid #707070; width: 156px;\"><strong><span style=\"font-family: arial, helvetica, sans-serif; font-size: 14px;\">D\u00e9lai de livraison :<\/span><\/strong><\/td>\n<td style=\"border: 1px solid #707070; width: 557px;\"><span style=\"font-size: 14px;\">15-20 jours pour l'enregistrement<\/span><span style=\"font-family: arial, helvetica, sans-serif; font-size: 14px;\">tailles lar<\/span><\/td>\n<\/tr>\n<tr>\n<td style=\"border: 1px solid #707070; width: 156px;\"><strong><span style=\"font-family: arial, helvetica, sans-serif; font-size: 14px;\">Certificat :<\/span><\/strong><\/td>\n<td style=\"border: 1px solid #707070; width: 557px;\"><span style=\"font-family: arial, helvetica, sans-serif; font-size: 14px;\">CE, SGS<\/span><\/td>\n<\/tr>\n<tr>\n<td style=\"border: 1px solid #707070; width: 156px;\"><strong><span style=\"font-family: arial, helvetica, sans-serif; font-size: 14px;\">Conditions de paiement :<\/span><\/strong><\/td>\n<td style=\"border: 1px solid #707070; width: 557px;\"><span style=\"font-size: 14px;\">T\/T, L\/C, D<span style=\"color: #000000; font-family: Verdana, Arial, Helvetica, sans-serif; font-size: 14px; font-style: normal; font-weight: 400; background-color: #ffffff; float: none;\">\/<\/span>P<\/span><\/td>\n<\/tr>\n<tr>\n<td style=\"border: 1px solid #707070; width: 156px;\"><strong><span style=\"font-family: arial, helvetica, sans-serif; font-size: 14px;\">Avantage :<\/span><\/strong><\/td>\n<td style=\"border: 1px solid #707070; width: 557px;\"><span style=\"font-family: arial, helvetica, sans-serif; font-size: 14px;\">1) Service unique pour la pierre ;<\/span><\/p>\n<p><span style=\"font-family: arial, helvetica, sans-serif; font-size: 14px;\">2) poss\u00e8dent 3 carri\u00e8res et 9 usines ;<\/span><\/p>\n<p><span style=\"font-family: arial, helvetica, sans-serif; font-size: 14px;\">3) Des supports technologiques de pointe.<\/span><\/td>\n<\/tr>\n<tr>\n<td style=\"border: 1px solid #707070; width: 156px;\"><strong><span style=\"font-family: arial, helvetica, sans-serif; font-size: 14px;\">Assurance de la qualit\u00e9 et de la livraison :\u00a0<\/span><\/strong><\/td>\n<td style=\"border: 1px solid #707070; width: 557px;\"><span style=\"font-size: 14px;\">Tout au long du processus de production, du choix des mat\u00e9riaux \u00e0 l'emballage en passant par la fabrication, notre service de contr\u00f4le de la qualit\u00e9 contr\u00f4le rigoureusement chaque pi\u00e8ce et chaque processus afin de garantir le respect des normes de qualit\u00e9 et le respect des d\u00e9lais de livraison.<\/span><\/td>\n<\/tr>\n<\/tbody>\n<\/table>\n<p><img loading=\"lazy\" decoding=\"async\" class=\"alignnone size-full wp-image-26693\" src=\"http:\/\/stone-phoenix.com\/wp-content\/uploads\/2023\/12\/black-galaxy-granite-fabricator-Polished-India-5.jpg\" alt=\"\" width=\"1120\" height=\"822\" srcset=\"https:\/\/stone-phoenix.com\/wp-content\/uploads\/2023\/12\/black-galaxy-granite-fabricator-Polished-India-5.jpg 1120w, https:\/\/stone-phoenix.com\/wp-content\/uploads\/2023\/12\/black-galaxy-granite-fabricator-Polished-India-5-300x220.jpg 300w, https:\/\/stone-phoenix.com\/wp-content\/uploads\/2023\/12\/black-galaxy-granite-fabricator-Polished-India-5-1024x752.jpg 1024w, https:\/\/stone-phoenix.com\/wp-content\/uploads\/2023\/12\/black-galaxy-granite-fabricator-Polished-India-5-768x564.jpg 768w, https:\/\/stone-phoenix.com\/wp-content\/uploads\/2023\/12\/black-galaxy-granite-fabricator-Polished-India-5-16x12.jpg 16w, https:\/\/stone-phoenix.com\/wp-content\/uploads\/2023\/12\/black-galaxy-granite-fabricator-Polished-India-5-600x440.jpg 600w, https:\/\/stone-phoenix.com\/wp-content\/uploads\/2023\/12\/black-galaxy-granite-fabricator-Polished-India-5-150x110.jpg 150w\" sizes=\"(max-width: 1120px) 100vw, 1120px\" \/><img loading=\"lazy\" decoding=\"async\" class=\"alignnone  wp-image-26694\" src=\"http:\/\/stone-phoenix.com\/wp-content\/uploads\/2023\/12\/black-galaxy-granite-fabricator-Polished-India-6.jpg\" alt=\"\" width=\"954\" height=\"1353\" srcset=\"https:\/\/stone-phoenix.com\/wp-content\/uploads\/2023\/12\/black-galaxy-granite-fabricator-Polished-India-6.jpg 768w, https:\/\/stone-phoenix.com\/wp-content\/uploads\/2023\/12\/black-galaxy-granite-fabricator-Polished-India-6-212x300.jpg 212w, https:\/\/stone-phoenix.com\/wp-content\/uploads\/2023\/12\/black-galaxy-granite-fabricator-Polished-India-6-722x1024.jpg 722w, https:\/\/stone-phoenix.com\/wp-content\/uploads\/2023\/12\/black-galaxy-granite-fabricator-Polished-India-6-8x12.jpg 8w, https:\/\/stone-phoenix.com\/wp-content\/uploads\/2023\/12\/black-galaxy-granite-fabricator-Polished-India-6-600x851.jpg 600w, https:\/\/stone-phoenix.com\/wp-content\/uploads\/2023\/12\/black-galaxy-granite-fabricator-Polished-India-6-150x213.jpg 150w\" sizes=\"(max-width: 954px) 100vw, 954px\" \/><img loading=\"lazy\" decoding=\"async\" class=\"alignnone size-full wp-image-26695\" src=\"http:\/\/stone-phoenix.com\/wp-content\/uploads\/2023\/12\/black-galaxy-granite-fabricator-Polished-India-7.jpg\" alt=\"\" width=\"1117\" height=\"819\" srcset=\"https:\/\/stone-phoenix.com\/wp-content\/uploads\/2023\/12\/black-galaxy-granite-fabricator-Polished-India-7.jpg 1117w, https:\/\/stone-phoenix.com\/wp-content\/uploads\/2023\/12\/black-galaxy-granite-fabricator-Polished-India-7-300x220.jpg 300w, https:\/\/stone-phoenix.com\/wp-content\/uploads\/2023\/12\/black-galaxy-granite-fabricator-Polished-India-7-1024x751.jpg 1024w, https:\/\/stone-phoenix.com\/wp-content\/uploads\/2023\/12\/black-galaxy-granite-fabricator-Polished-India-7-768x563.jpg 768w, https:\/\/stone-phoenix.com\/wp-content\/uploads\/2023\/12\/black-galaxy-granite-fabricator-Polished-India-7-16x12.jpg 16w, https:\/\/stone-phoenix.com\/wp-content\/uploads\/2023\/12\/black-galaxy-granite-fabricator-Polished-India-7-600x440.jpg 600w, https:\/\/stone-phoenix.com\/wp-content\/uploads\/2023\/12\/black-galaxy-granite-fabricator-Polished-India-7-150x110.jpg 150w\" sizes=\"(max-width: 1117px) 100vw, 1117px\" \/><img loading=\"lazy\" decoding=\"async\" class=\"alignnone  wp-image-26696\" src=\"http:\/\/stone-phoenix.com\/wp-content\/uploads\/2023\/12\/black-galaxy-granite-fabricator-Polished-India-8.jpg\" alt=\"\" width=\"954\" height=\"1270\" srcset=\"https:\/\/stone-phoenix.com\/wp-content\/uploads\/2023\/12\/black-galaxy-granite-fabricator-Polished-India-8.jpg 841w, https:\/\/stone-phoenix.com\/wp-content\/uploads\/2023\/12\/black-galaxy-granite-fabricator-Polished-India-8-225x300.jpg 225w, https:\/\/stone-phoenix.com\/wp-content\/uploads\/2023\/12\/black-galaxy-granite-fabricator-Polished-India-8-769x1024.jpg 769w, https:\/\/stone-phoenix.com\/wp-content\/uploads\/2023\/12\/black-galaxy-granite-fabricator-Polished-India-8-768x1023.jpg 768w, https:\/\/stone-phoenix.com\/wp-content\/uploads\/2023\/12\/black-galaxy-granite-fabricator-Polished-India-8-9x12.jpg 9w, https:\/\/stone-phoenix.com\/wp-content\/uploads\/2023\/12\/black-galaxy-granite-fabricator-Polished-India-8-600x799.jpg 600w, https:\/\/stone-phoenix.com\/wp-content\/uploads\/2023\/12\/black-galaxy-granite-fabricator-Polished-India-8-150x200.jpg 150w\" sizes=\"(max-width: 954px) 100vw, 954px\" \/><\/p>\n<\/div>\n<\/div>\n<\/div>","protected":false},"excerpt":{"rendered":"<p>A black galaxy granite fabricator is a professional who specializes in cutting and shaping black galaxy granite slabs to create<\/p>","protected":false},"featured_media":26689,"template":"","meta":[],"product_cat":[112],"product_tag":[],"_links":{"self":[{"href":"https:\/\/stone-phoenix.com\/fr\/wp-json\/wp\/v2\/product\/21014"}],"collection":[{"href":"https:\/\/stone-phoenix.com\/fr\/wp-json\/wp\/v2\/product"}],"about":[{"href":"https:\/\/stone-phoenix.com\/fr\/wp-json\/wp\/v2\/types\/product"}],"wp:featuredmedia":[{"embeddable":true,"href":"https:\/\/stone-phoenix.com\/fr\/wp-json\/wp\/v2\/media\/26689"}],"wp:attachment":[{"href":"https:\/\/stone-phoenix.com\/fr\/wp-json\/wp\/v2\/media?parent=21014"}],"wp:term":[{"taxonomy":"product_cat","embeddable":true,"href":"https:\/\/stone-phoenix.com\/fr\/wp-json\/wp\/v2\/product_cat?post=21014"},{"taxonomy":"product_tag","embeddable":true,"href":"https:\/\/stone-phoenix.com\/fr\/wp-json\/wp\/v2\/product_tag?post=21014"}],"curies":[{"name":"wp","href":"https:\/\/api.w.org\/{rel}","templated":true}]}}